{"id":26094,"date":"2026-05-08T18:07:12","date_gmt":"2026-05-08T18:07:12","guid":{"rendered":"https:\/\/www.ghostysky.com\/?post_type=product&#038;p=26094"},"modified":"2026-05-08T18:11:55","modified_gmt":"2026-05-08T18:11:55","slug":"brainco-revo-3-touch-robot-hand","status":"publish","type":"product","link":"https:\/\/www.ghostysky.com\/fr\/product\/brainco-revo-3-touch-robot-hand\/","title":{"rendered":"Main robotique tactile BrainCo Revo 3"},"content":{"rendered":"<h3 data-path-to-node=\"3\">Principales caract\u00e9ristiques et innovations<\/h3>\n<ul data-path-to-node=\"4\">\n<li>\n<p id=\"p-rc_cd3263de480c67f7-81\" data-path-to-node=\"4,0,0\"><b data-path-to-node=\"4,0,0\" data-index-in-node=\"0\"><span class=\"citation-105\">Int\u00e9gration multimodale \u201c\u00a0Voir et ressentir\u00a0\u201d\u00a0:<\/span><\/b><span class=\"citation-105\"> Le Revo 3 Touch est un pionnier en mati\u00e8re de combinaison <\/span><b data-path-to-node=\"4,0,0\" data-index-in-node=\"78\"><span class=\"citation-105\">capteurs visuels au bout des doigts<\/span><\/b><span class=\"citation-105\"> avec <\/span><b data-path-to-node=\"4,0,0\" data-index-in-node=\"108\"><span class=\"citation-105\">retour tactile pleine paume<\/span><\/b><span class=\"citation-105 citation-end-105\">.<\/span> <span class=\"citation-104 citation-end-104\">Cela permet \u00e0 la main d&#039;identifier visuellement les objets avant le contact et d&#039;ajuster dynamiquement sa force de pr\u00e9hension en fonction de la texture et du frottement une fois touch\u00e9e.<\/span><\/p>\n<\/li>\n<li>\n<p id=\"p-rc_cd3263de480c67f7-82\" data-path-to-node=\"4,1,0\"><b data-path-to-node=\"4,1,0\" data-index-in-node=\"0\">Hyper-dext\u00e9rit\u00e9 :<\/b><span class=\"citation-103\"> Elle offre une amplitude de mouvement qui est en r\u00e9alit\u00e9 <\/span><i data-path-to-node=\"4,1,0\" data-index-in-node=\"59\"><span class=\"citation-103\">surpasse<\/span><\/i><span class=\"citation-103 citation-end-103\"> la main humaine dans certains vecteurs.<\/span> <span class=\"citation-102 citation-end-102\">Il est capable d&#039;accomplir des t\u00e2ches tr\u00e8s complexes telles que r\u00e9soudre des Rubik&#039;s Cubes, r\u00e9aliser des tours de corde complexes et enfiler des aiguilles.<\/span><\/p>\n<\/li>\n<li>\n<p data-path-to-node=\"4,2,0\"><b data-path-to-node=\"4,2,0\" data-index-in-node=\"0\">Contr\u00f4le avanc\u00e9 de la force\u00a0:<\/b> Dot\u00e9e de micro-actionneurs de haute pr\u00e9cision et d&#039;articulations sensibles \u00e0 la force, la main peut manipuler des objets d\u00e9licats (comme une fraise ou une ampoule) sans les \u00e9craser, tout en conservant une capacit\u00e9 de charge statique \u00e9lev\u00e9e pour le levage de charges lourdes.<\/p>\n<\/li>\n<li>\n<p id=\"p-rc_cd3263de480c67f7-83\" data-path-to-node=\"4,3,0\"><b data-path-to-node=\"4,3,0\" data-index-in-node=\"0\">Conception modulaire l\u00e9g\u00e8re :<\/b> Fabriqu\u00e9 en aluminium de qualit\u00e9 a\u00e9rospatiale et en polym\u00e8res haute r\u00e9sistance, il conserve un faible rapport poids\/r\u00e9sistance. <span class=\"citation-101 citation-end-101\">Son architecture modulaire permet diff\u00e9rentes configurations de doigts pour r\u00e9pondre \u00e0 des besoins sp\u00e9cifiques de recherche ou industriels.<\/span><\/p>\n<div class=\"source-inline-chip-container ng-star-inserted\"><\/div>\n<p>&nbsp;<\/li>\n<\/ul>\n<h3 data-path-to-node=\"6\">Sp\u00e9cifications techniques (Comparaison)<\/h3>\n<table data-path-to-node=\"7\">\n<thead>\n<tr>\n<td><strong>Fonctionnalit\u00e9<\/strong><\/td>\n<td><strong>Revo 2 Touch (Pr\u00e9d\u00e9cesseur)<\/strong><\/td>\n<td><strong>Revo 3 Touch<\/strong><\/td>\n<\/tr>\n<\/thead>\n<tbody>\n<tr>\n<td><span data-path-to-node=\"7,1,0,0\"><b data-path-to-node=\"7,1,0,0\" data-index-in-node=\"0\">Poids<\/b><\/span><\/td>\n<td><span data-path-to-node=\"7,1,1,0\">~383 g<\/span><\/td>\n<td><span data-path-to-node=\"7,1,2,0\">Profil l\u00e9ger optimis\u00e9<\/span><\/td>\n<\/tr>\n<tr>\n<td><span data-path-to-node=\"7,2,0,0\"><b data-path-to-node=\"7,2,0,0\" data-index-in-node=\"0\">D\u00e9tection<\/b><\/span><\/td>\n<td><span data-path-to-node=\"7,2,1,0\">Tactile \/ Pression<\/span><\/td>\n<td><span data-path-to-node=\"7,2,2,0\"><b data-path-to-node=\"7,2,2,0\" data-index-in-node=\"0\">Visuel + Tactile + Proximit\u00e9<\/b><\/span><\/td>\n<\/tr>\n<tr>\n<td><span data-path-to-node=\"7,3,0,0\"><b data-path-to-node=\"7,3,0,0\" data-index-in-node=\"0\">Interface de contr\u00f4le<\/b><\/span><\/td>\n<td><span data-path-to-node=\"7,3,1,0\">485, CANfd, EtherCAT<\/span><\/td>\n<td><span data-path-to-node=\"7,3,2,0\">Liaison EtherCAT haut d\u00e9bit \/ IA \u00e0 faible latence<\/span><\/td>\n<\/tr>\n<tr>\n<td><span data-path-to-node=\"7,4,0,0\"><b data-path-to-node=\"7,4,0,0\" data-index-in-node=\"0\">Pr\u00e9cision<\/b><\/span><\/td>\n<td><span data-path-to-node=\"7,4,1,0\">R\u00e9p\u00e9tabilit\u00e9 de 0,1\u00b0<\/span><\/td>\n<td><span data-path-to-node=\"7,4,2,0\">Pr\u00e9cision submillim\u00e9trique am\u00e9lior\u00e9e<\/span><\/td>\n<\/tr>\n<tr>\n<td><span data-path-to-node=\"7,5,0,0\"><b data-path-to-node=\"7,5,0,0\" data-index-in-node=\"0\">Capacit\u00e9s<\/b><\/span><\/td>\n<td><span data-path-to-node=\"7,5,1,0\">T\u00e2ches de dext\u00e9rit\u00e9 de base<\/span><\/td>\n<td><span data-path-to-node=\"7,5,2,0\">Manipulation complexe (tours de corde, \u00e9nigmes)<\/span><\/td>\n<\/tr>\n<\/tbody>\n<\/table>\n<p>&nbsp;<\/p>\n<p>&nbsp;<\/p>\n<h3 data-path-to-node=\"9\">Applications cibl\u00e9es<\/h3>\n<ol start=\"1\" data-path-to-node=\"10\">\n<li>\n<p data-path-to-node=\"10,0,0\"><b data-path-to-node=\"10,0,0\" data-index-in-node=\"0\">Robotique humano\u00efde :<\/b> L&#039;effecteur terminal principal des robots humano\u00efdes haut de gamme n\u00e9cessitant une interaction de type humain.<\/p>\n<\/li>\n<li>\n<p data-path-to-node=\"10,1,0\"><b data-path-to-node=\"10,1,0\" data-index-in-node=\"0\">Recherche sur l&#039;IA incarn\u00e9e\u00a0:<\/b> Une plateforme pour les laboratoires d&#039;entra\u00eenement des r\u00e9seaux neuronaux dans le domaine de la motricit\u00e9 fine et de la perception tactile.<\/p>\n<\/li>\n<li>\n<p id=\"p-rc_cd3263de480c67f7-84\" data-path-to-node=\"10,2,0\"><b data-path-to-node=\"10,2,0\" data-index-in-node=\"0\"><span class=\"citation-100\">Automatisation industrielle :<\/span><\/b><span class=\"citation-100 citation-end-100\"> Manipulation d&#039;articles non standard, fragiles ou complexes dans l&#039;assemblage de composants \u00e9lectroniques l\u00e9gers.<\/span><\/p>\n<\/li>\n<li>\n<p data-path-to-node=\"10,3,0\"><b data-path-to-node=\"10,3,0\" data-index-in-node=\"0\">Proth\u00e8ses avanc\u00e9es :<\/b> Bien que le Revo 3 soit principalement commercialis\u00e9 aupr\u00e8s des robots\/humano\u00efdes, sa technologie de base sert de base aux membres bioniques neurocontr\u00f4l\u00e9s conformes aux normes de la FDA de BrainCo.<\/p>\n<\/li>\n<\/ol>\n<p>&nbsp;<\/p>\n<h3 data-path-to-node=\"12\"><\/h3>\n<h3 data-path-to-node=\"12\">Pourquoi c&#039;est important<\/h3>\n<p id=\"p-rc_cd3263de480c67f7-85\" data-path-to-node=\"13\">Le Revo 3 Touch repr\u00e9sente un passage des mains robotiques \u201c aveugles \u201d aux mains robotiques \u00ab aveugles \u00bb. <b data-path-to-node=\"13\" data-index-in-node=\"66\">effecteurs terminaux perceptifs<\/b>. <span class=\"citation-99 citation-end-99\">En int\u00e9grant la vision directement au bout des doigts et des capteurs tactiles dans toute la paume, BrainCo a r\u00e9solu l&#039;un des probl\u00e8mes les plus difficiles de la robotique\u00a0: le \u201c\u00a0dernier centim\u00e8tre\u00a0\u201d d&#039;interaction, l\u00e0 o\u00f9 la plupart des robots \u00e9chouent faute de donn\u00e9es sensorielles.<\/span><\/p>","protected":false},"excerpt":{"rendered":"<p data-path-to-node=\"0\"><span class=\"citation-107\">Le <\/span><b data-path-to-node=\"0\" data-index-in-node=\"4\"><span class=\"citation-107\">BrainCo Revo 3 Touch<\/span><\/b><span class=\"citation-107 citation-end-107\"> est une main intelligente et dextre de nouvelle g\u00e9n\u00e9ration con\u00e7ue pour la robotique humano\u00efde, la recherche et l&#039;automatisation avanc\u00e9e.<\/span> <span class=\"citation-106 citation-end-106\">Lanc\u00e9e comme une \u00e9volution significative de la s\u00e9rie Revo, elle va au-del\u00e0 de la simple pr\u00e9hension m\u00e9canique pour atteindre un niveau de \u201c conscience \u201d sensorielle qui refl\u00e8te fid\u00e8lement les capacit\u00e9s humaines.<\/span><\/p>\n<p data-path-to-node=\"1\">Contrairement \u00e0 ses pr\u00e9d\u00e9cesseurs, le Revo 3 Touch est con\u00e7u non seulement pour se d\u00e9placer, mais aussi pour\u2026 <b data-path-to-node=\"1\" data-index-in-node=\"79\">percevoir<\/b>, ce qui en fait un choix de premier ordre pour la robotique incarn\u00e9e pilot\u00e9e par l&#039;IA.<\/p>","protected":false},"featured_media":26092,"comment_status":"open","ping_status":"closed","template":"","meta":[],"product_brand":[1383],"product_cat":[1041,1382,1381,1037],"product_tag":[],"class_list":{"0":"post-26094","1":"product","2":"type-product","3":"status-publish","4":"has-post-thumbnail","6":"product_brand-brainco","7":"product_cat-arms-grippers","8":"product_cat-bionic-dexterous-hands","9":"product_cat-brainco","10":"product_cat-robotics","12":"first","13":"onbackorder","14":"taxable","15":"shipping-taxable","16":"product-type-simple"},"yoast_head":"<!-- This site is optimized with the Yoast SEO plugin v27.4 - https:\/\/yoast.com\/product\/yoast-seo-wordpress\/ -->\n<title>BrainCo Revo 3 Touch Robot Hand - Ghostysky<\/title>\n<meta name=\"description\" content=\"The BrainCo Revo 3 Touch is a next-generation intelligent dexterous hand designed for humanoid robotics, research, and advanced automation. Launched as a significant evolution of the Revo series, it moves beyond simple mechanical grasping to achieve a level of sensory &quot;awareness&quot; that closely mirrors human capability. Unlike its predecessors, the Revo 3 Touch is designed not just to move, but to perceive, making it a top-tier choice for AI-driven embodied robotics.\" \/>\n<meta name=\"robots\" content=\"index, follow, max-snippet:-1, max-image-preview:large, max-video-preview:-1\" \/>\n<link rel=\"canonical\" href=\"https:\/\/www.ghostysky.com\/fr\/product\/brainco-revo-3-touch-robot-hand\/\" \/>\n<meta property=\"og:locale\" content=\"fr_FR\" \/>\n<meta property=\"og:type\" content=\"article\" \/>\n<meta property=\"og:title\" content=\"BrainCo Revo 3 Touch Robot Hand - Ghostysky\" \/>\n<meta property=\"og:description\" content=\"The BrainCo Revo 3 Touch is a next-generation intelligent dexterous hand designed for humanoid robotics, research, and advanced automation. Launched as a significant evolution of the Revo series, it moves beyond simple mechanical grasping to achieve a level of sensory &quot;awareness&quot; that closely mirrors human capability. Unlike its predecessors, the Revo 3 Touch is designed not just to move, but to perceive, making it a top-tier choice for AI-driven embodied robotics.\" \/>\n<meta property=\"og:url\" content=\"https:\/\/www.ghostysky.com\/fr\/product\/brainco-revo-3-touch-robot-hand\/\" \/>\n<meta property=\"og:site_name\" content=\"Ghostysky\" \/>\n<meta property=\"article:publisher\" content=\"https:\/\/www.facebook.com\/people\/Ghostysky\/100057676170234\/\" \/>\n<meta property=\"article:modified_time\" content=\"2026-05-08T18:11:55+00:00\" \/>\n<meta property=\"og:image\" content=\"https:\/\/www.ghostysky.com\/wp-content\/uploads\/2026\/05\/GH_brainco-revo-3-21-basic-robot-hand-right.jpg\" \/>\n\t<meta property=\"og:image:width\" content=\"700\" \/>\n\t<meta property=\"og:image:height\" content=\"700\" \/>\n\t<meta property=\"og:image:type\" content=\"image\/jpeg\" \/>\n<meta name=\"twitter:card\" content=\"summary_large_image\" \/>\n<meta name=\"twitter:site\" content=\"@Gh0stysky\" \/>\n<meta name=\"twitter:label1\" content=\"Dur\u00e9e de lecture estim\u00e9e\" \/>\n\t<meta name=\"twitter:data1\" content=\"2 minutes\" \/>\n<script type=\"application\/ld+json\" class=\"yoast-schema-graph\">{\"@context\":\"https:\\\/\\\/schema.org\",\"@graph\":[{\"@type\":\"WebPage\",\"@id\":\"https:\\\/\\\/www.ghostysky.com\\\/product\\\/brainco-revo-3-touch-robot-hand\\\/\",\"url\":\"https:\\\/\\\/www.ghostysky.com\\\/product\\\/brainco-revo-3-touch-robot-hand\\\/\",\"name\":\"BrainCo Revo 3 Touch Robot Hand - Ghostysky\",\"isPartOf\":{\"@id\":\"https:\\\/\\\/www.ghostysky.com\\\/#website\"},\"primaryImageOfPage\":{\"@id\":\"https:\\\/\\\/www.ghostysky.com\\\/product\\\/brainco-revo-3-touch-robot-hand\\\/#primaryimage\"},\"image\":{\"@id\":\"https:\\\/\\\/www.ghostysky.com\\\/product\\\/brainco-revo-3-touch-robot-hand\\\/#primaryimage\"},\"thumbnailUrl\":\"https:\\\/\\\/www.ghostysky.com\\\/wp-content\\\/uploads\\\/2026\\\/05\\\/GH_brainco-revo-3-21-basic-robot-hand-right.jpg\",\"datePublished\":\"2026-05-08T18:07:12+00:00\",\"dateModified\":\"2026-05-08T18:11:55+00:00\",\"description\":\"The BrainCo Revo 3 Touch is a next-generation intelligent dexterous hand designed for humanoid robotics, research, and advanced automation. Launched as a significant evolution of the Revo series, it moves beyond simple mechanical grasping to achieve a level of sensory \\\"awareness\\\" that closely mirrors human capability. Unlike its predecessors, the Revo 3 Touch is designed not just to move, but to perceive, making it a top-tier choice for AI-driven embodied robotics.\",\"breadcrumb\":{\"@id\":\"https:\\\/\\\/www.ghostysky.com\\\/product\\\/brainco-revo-3-touch-robot-hand\\\/#breadcrumb\"},\"inLanguage\":\"fr-FR\",\"potentialAction\":[{\"@type\":\"ReadAction\",\"target\":[\"https:\\\/\\\/www.ghostysky.com\\\/product\\\/brainco-revo-3-touch-robot-hand\\\/\"]}]},{\"@type\":\"ImageObject\",\"inLanguage\":\"fr-FR\",\"@id\":\"https:\\\/\\\/www.ghostysky.com\\\/product\\\/brainco-revo-3-touch-robot-hand\\\/#primaryimage\",\"url\":\"https:\\\/\\\/www.ghostysky.com\\\/wp-content\\\/uploads\\\/2026\\\/05\\\/GH_brainco-revo-3-21-basic-robot-hand-right.jpg\",\"contentUrl\":\"https:\\\/\\\/www.ghostysky.com\\\/wp-content\\\/uploads\\\/2026\\\/05\\\/GH_brainco-revo-3-21-basic-robot-hand-right.jpg\",\"width\":700,\"height\":700},{\"@type\":\"BreadcrumbList\",\"@id\":\"https:\\\/\\\/www.ghostysky.com\\\/product\\\/brainco-revo-3-touch-robot-hand\\\/#breadcrumb\",\"itemListElement\":[{\"@type\":\"ListItem\",\"position\":1,\"name\":\"Home\",\"item\":\"https:\\\/\\\/www.ghostysky.com\\\/\"},{\"@type\":\"ListItem\",\"position\":2,\"name\":\"Shop\",\"item\":\"https:\\\/\\\/www.ghostysky.com\\\/shop\\\/\"},{\"@type\":\"ListItem\",\"position\":3,\"name\":\"BrainCo Revo 3 Touch Robot Hand\"}]},{\"@type\":\"WebSite\",\"@id\":\"https:\\\/\\\/www.ghostysky.com\\\/#website\",\"url\":\"https:\\\/\\\/www.ghostysky.com\\\/\",\"name\":\"Ghostysky\",\"description\":\"Delivering professional drones and robotics solutions\",\"publisher\":{\"@id\":\"https:\\\/\\\/www.ghostysky.com\\\/#organization\"},\"potentialAction\":[{\"@type\":\"SearchAction\",\"target\":{\"@type\":\"EntryPoint\",\"urlTemplate\":\"https:\\\/\\\/www.ghostysky.com\\\/?s={search_term_string}\"},\"query-input\":{\"@type\":\"PropertyValueSpecification\",\"valueRequired\":true,\"valueName\":\"search_term_string\"}}],\"inLanguage\":\"fr-FR\"},{\"@type\":\"Organization\",\"@id\":\"https:\\\/\\\/www.ghostysky.com\\\/#organization\",\"name\":\"Ghostysky\",\"url\":\"https:\\\/\\\/www.ghostysky.com\\\/\",\"logo\":{\"@type\":\"ImageObject\",\"inLanguage\":\"fr-FR\",\"@id\":\"https:\\\/\\\/www.ghostysky.com\\\/#\\\/schema\\\/logo\\\/image\\\/\",\"url\":\"https:\\\/\\\/www.ghostysky.com\\\/wp-content\\\/uploads\\\/2020\\\/06\\\/cropped-ghostyskylogo_text_white2.png\",\"contentUrl\":\"https:\\\/\\\/www.ghostysky.com\\\/wp-content\\\/uploads\\\/2020\\\/06\\\/cropped-ghostyskylogo_text_white2.png\",\"width\":169,\"height\":56,\"caption\":\"Ghostysky\"},\"image\":{\"@id\":\"https:\\\/\\\/www.ghostysky.com\\\/#\\\/schema\\\/logo\\\/image\\\/\"},\"sameAs\":[\"https:\\\/\\\/www.facebook.com\\\/people\\\/Ghostysky\\\/100057676170234\\\/\",\"https:\\\/\\\/x.com\\\/Gh0stysky\",\"https:\\\/\\\/www.linkedin.com\\\/company\\\/34739653\",\"https:\\\/\\\/www.instagram.com\\\/gh0stysky\"]}]}<\/script>\n<!-- \/ Yoast SEO plugin. -->","yoast_head_json":{"title":"Main robotique tactile BrainCo Revo 3 - Ghostysky","description":"La BrainCo Revo 3 Touch est une main intelligente de nouvelle g\u00e9n\u00e9ration, con\u00e7ue pour la robotique humano\u00efde, la recherche et l&#039;automatisation avanc\u00e9e. Repr\u00e9sentant une \u00e9volution majeure de la s\u00e9rie Revo, elle d\u00e9passe la simple pr\u00e9hension m\u00e9canique pour atteindre un niveau de \"\u00a0conscience\u00a0\" sensorielle proche de celui de l&#039;\u00eatre humain. Contrairement \u00e0 ses pr\u00e9d\u00e9cesseurs, la Revo 3 Touch est con\u00e7ue non seulement pour bouger, mais aussi pour percevoir, ce qui en fait un choix de premier ordre pour la robotique incarn\u00e9e pilot\u00e9e par l&#039;IA.","robots":{"index":"index","follow":"follow","max-snippet":"max-snippet:-1","max-image-preview":"max-image-preview:large","max-video-preview":"max-video-preview:-1"},"canonical":"https:\/\/www.ghostysky.com\/fr\/product\/brainco-revo-3-touch-robot-hand\/","og_locale":"fr_FR","og_type":"article","og_title":"BrainCo Revo 3 Touch Robot Hand - Ghostysky","og_description":"The BrainCo Revo 3 Touch is a next-generation intelligent dexterous hand designed for humanoid robotics, research, and advanced automation. Launched as a significant evolution of the Revo series, it moves beyond simple mechanical grasping to achieve a level of sensory \"awareness\" that closely mirrors human capability. Unlike its predecessors, the Revo 3 Touch is designed not just to move, but to perceive, making it a top-tier choice for AI-driven embodied robotics.","og_url":"https:\/\/www.ghostysky.com\/fr\/product\/brainco-revo-3-touch-robot-hand\/","og_site_name":"Ghostysky","article_publisher":"https:\/\/www.facebook.com\/people\/Ghostysky\/100057676170234\/","article_modified_time":"2026-05-08T18:11:55+00:00","og_image":[{"width":700,"height":700,"url":"https:\/\/www.ghostysky.com\/wp-content\/uploads\/2026\/05\/GH_brainco-revo-3-21-basic-robot-hand-right.jpg","type":"image\/jpeg"}],"twitter_card":"summary_large_image","twitter_site":"@Gh0stysky","twitter_misc":{"Dur\u00e9e de lecture estim\u00e9e":"2 minutes"},"schema":{"@context":"https:\/\/schema.org","@graph":[{"@type":"WebPage","@id":"https:\/\/www.ghostysky.com\/product\/brainco-revo-3-touch-robot-hand\/","url":"https:\/\/www.ghostysky.com\/product\/brainco-revo-3-touch-robot-hand\/","name":"Main robotique tactile BrainCo Revo 3 - Ghostysky","isPartOf":{"@id":"https:\/\/www.ghostysky.com\/#website"},"primaryImageOfPage":{"@id":"https:\/\/www.ghostysky.com\/product\/brainco-revo-3-touch-robot-hand\/#primaryimage"},"image":{"@id":"https:\/\/www.ghostysky.com\/product\/brainco-revo-3-touch-robot-hand\/#primaryimage"},"thumbnailUrl":"https:\/\/www.ghostysky.com\/wp-content\/uploads\/2026\/05\/GH_brainco-revo-3-21-basic-robot-hand-right.jpg","datePublished":"2026-05-08T18:07:12+00:00","dateModified":"2026-05-08T18:11:55+00:00","description":"La BrainCo Revo 3 Touch est une main intelligente de nouvelle g\u00e9n\u00e9ration, con\u00e7ue pour la robotique humano\u00efde, la recherche et l&#039;automatisation avanc\u00e9e. Repr\u00e9sentant une \u00e9volution majeure de la s\u00e9rie Revo, elle d\u00e9passe la simple pr\u00e9hension m\u00e9canique pour atteindre un niveau de \"\u00a0conscience\u00a0\" sensorielle proche de celui de l&#039;\u00eatre humain. Contrairement \u00e0 ses pr\u00e9d\u00e9cesseurs, la Revo 3 Touch est con\u00e7ue non seulement pour bouger, mais aussi pour percevoir, ce qui en fait un choix de premier ordre pour la robotique incarn\u00e9e pilot\u00e9e par l&#039;IA.","breadcrumb":{"@id":"https:\/\/www.ghostysky.com\/product\/brainco-revo-3-touch-robot-hand\/#breadcrumb"},"inLanguage":"fr-FR","potentialAction":[{"@type":"ReadAction","target":["https:\/\/www.ghostysky.com\/product\/brainco-revo-3-touch-robot-hand\/"]}]},{"@type":"ImageObject","inLanguage":"fr-FR","@id":"https:\/\/www.ghostysky.com\/product\/brainco-revo-3-touch-robot-hand\/#primaryimage","url":"https:\/\/www.ghostysky.com\/wp-content\/uploads\/2026\/05\/GH_brainco-revo-3-21-basic-robot-hand-right.jpg","contentUrl":"https:\/\/www.ghostysky.com\/wp-content\/uploads\/2026\/05\/GH_brainco-revo-3-21-basic-robot-hand-right.jpg","width":700,"height":700},{"@type":"BreadcrumbList","@id":"https:\/\/www.ghostysky.com\/product\/brainco-revo-3-touch-robot-hand\/#breadcrumb","itemListElement":[{"@type":"ListItem","position":1,"name":"Home","item":"https:\/\/www.ghostysky.com\/"},{"@type":"ListItem","position":2,"name":"Shop","item":"https:\/\/www.ghostysky.com\/shop\/"},{"@type":"ListItem","position":3,"name":"BrainCo Revo 3 Touch Robot Hand"}]},{"@type":"WebSite","@id":"https:\/\/www.ghostysky.com\/#website","url":"https:\/\/www.ghostysky.com\/","name":"Ghostysky","description":"Fourniture de solutions professionnelles en mati\u00e8re de drones et de robotique","publisher":{"@id":"https:\/\/www.ghostysky.com\/#organization"},"potentialAction":[{"@type":"SearchAction","target":{"@type":"EntryPoint","urlTemplate":"https:\/\/www.ghostysky.com\/?s={search_term_string}"},"query-input":{"@type":"PropertyValueSpecification","valueRequired":true,"valueName":"search_term_string"}}],"inLanguage":"fr-FR"},{"@type":"Organization","@id":"https:\/\/www.ghostysky.com\/#organization","name":"Ghostysky","url":"https:\/\/www.ghostysky.com\/","logo":{"@type":"ImageObject","inLanguage":"fr-FR","@id":"https:\/\/www.ghostysky.com\/#\/schema\/logo\/image\/","url":"https:\/\/www.ghostysky.com\/wp-content\/uploads\/2020\/06\/cropped-ghostyskylogo_text_white2.png","contentUrl":"https:\/\/www.ghostysky.com\/wp-content\/uploads\/2020\/06\/cropped-ghostyskylogo_text_white2.png","width":169,"height":56,"caption":"Ghostysky"},"image":{"@id":"https:\/\/www.ghostysky.com\/#\/schema\/logo\/image\/"},"sameAs":["https:\/\/www.facebook.com\/people\/Ghostysky\/100057676170234\/","https:\/\/x.com\/Gh0stysky","https:\/\/www.linkedin.com\/company\/34739653","https:\/\/www.instagram.com\/gh0stysky"]}]}},"_links":{"self":[{"href":"https:\/\/www.ghostysky.com\/fr\/wp-json\/wp\/v2\/product\/26094","targetHints":{"allow":["GET"]}}],"collection":[{"href":"https:\/\/www.ghostysky.com\/fr\/wp-json\/wp\/v2\/product"}],"about":[{"href":"https:\/\/www.ghostysky.com\/fr\/wp-json\/wp\/v2\/types\/product"}],"replies":[{"embeddable":true,"href":"https:\/\/www.ghostysky.com\/fr\/wp-json\/wp\/v2\/comments?post=26094"}],"version-history":[{"count":1,"href":"https:\/\/www.ghostysky.com\/fr\/wp-json\/wp\/v2\/product\/26094\/revisions"}],"predecessor-version":[{"id":26096,"href":"https:\/\/www.ghostysky.com\/fr\/wp-json\/wp\/v2\/product\/26094\/revisions\/26096"}],"wp:featuredmedia":[{"embeddable":true,"href":"https:\/\/www.ghostysky.com\/fr\/wp-json\/wp\/v2\/media\/26092"}],"wp:attachment":[{"href":"https:\/\/www.ghostysky.com\/fr\/wp-json\/wp\/v2\/media?parent=26094"}],"wp:term":[{"taxonomy":"product_brand","embeddable":true,"href":"https:\/\/www.ghostysky.com\/fr\/wp-json\/wp\/v2\/product_brand?post=26094"},{"taxonomy":"product_cat","embeddable":true,"href":"https:\/\/www.ghostysky.com\/fr\/wp-json\/wp\/v2\/product_cat?post=26094"},{"taxonomy":"product_tag","embeddable":true,"href":"https:\/\/www.ghostysky.com\/fr\/wp-json\/wp\/v2\/product_tag?post=26094"}],"curies":[{"name":"wp","href":"https:\/\/api.w.org\/{rel}","templated":true}]}}