{"id":26095,"date":"2026-05-08T18:11:44","date_gmt":"2026-05-08T18:11:44","guid":{"rendered":"https:\/\/www.ghostysky.com\/?post_type=product&#038;p=26095"},"modified":"2026-05-08T18:15:08","modified_gmt":"2026-05-08T18:15:08","slug":"brainco-revo-3-v-touch-robot-hand","status":"publish","type":"product","link":"https:\/\/www.ghostysky.com\/fr\/product\/brainco-revo-3-v-touch-robot-hand\/","title":{"rendered":"Main robotique BrainCo Revo 3 V-Touch"},"content":{"rendered":"<h3 data-path-to-node=\"2\">Pr\u00e9sentation du produit<\/h3>\n<p id=\"p-rc_6da3d4d5b9bee08d-94\" data-path-to-node=\"3\">Le Revo 3 repr\u00e9sente un bond en avant significatif dans le domaine de \u201c l&#039;intelligence incarn\u00e9e \u201d.\u201d <span class=\"citation-131 citation-end-131\">Il est con\u00e7u pour imiter l&#039;amplitude de mouvement et la sensibilit\u00e9 de la main humaine, ce qui le rend capable de r\u00e9aliser des t\u00e2ches auparavant consid\u00e9r\u00e9es comme impossibles pour du mat\u00e9riel non humano\u00efde, telles que r\u00e9soudre un Rubik&#039;s Cube, effectuer des figures de corde ou r\u00e9aliser des coupes d\u00e9licates aux ciseaux.<\/span><\/p>\n<h3 data-path-to-node=\"4\">Caract\u00e9ristiques et sp\u00e9cifications principales<\/h3>\n<ul data-path-to-node=\"5\">\n<li>\n<p id=\"p-rc_6da3d4d5b9bee08d-95\" data-path-to-node=\"5,0,0\"><b data-path-to-node=\"5,0,0\" data-index-in-node=\"0\"><span class=\"citation-130\">Syst\u00e8me sensoriel V-Touch\u00a0:<\/span><\/b><span class=\"citation-130\"> L\u2019appellation \u201c\u00a0V-Touch\u00a0\u201d fait r\u00e9f\u00e9rence au syst\u00e8me int\u00e9gr\u00e9 <\/span><b data-path-to-node=\"5,0,0\" data-index-in-node=\"75\"><span class=\"citation-130\">retour tactile et visuel<\/span><\/b><span class=\"citation-130 citation-end-130\"> syst\u00e8me.<\/span> <span class=\"citation-129 citation-end-129\">Il utilise des capteurs sur toute la paume et au bout des doigts qui per\u00e7oivent la duret\u00e9, la texture et la direction de la force.<\/span><\/p>\n<\/li>\n<li>\n<p id=\"p-rc_6da3d4d5b9bee08d-96\" data-path-to-node=\"5,1,0\"><b data-path-to-node=\"5,1,0\" data-index-in-node=\"0\"><span class=\"citation-128\">Dext\u00e9rit\u00e9 \u00e0 grande vitesse\u00a0:<\/span><\/b><span class=\"citation-128\"> Il pr\u00e9sente une r\u00e9ponse en haute fr\u00e9quence (jusqu&#039;\u00e0 <\/span><b data-path-to-node=\"5,1,0\" data-index-in-node=\"64\"><span class=\"citation-128\">Vitesse de 3 Hz<\/span><\/b><span class=\"citation-128 citation-end-128\"> pour les gestes complexes), permettant des mouvements fluides et r\u00e9alistes.<\/span><\/p>\n<\/li>\n<li>\n<p data-path-to-node=\"5,2,0\"><b data-path-to-node=\"5,2,0\" data-index-in-node=\"0\">Construction ultra-l\u00e9g\u00e8re :<\/b> Conservant la conception l\u00e9g\u00e8re embl\u00e9matique de BrainCo, il minimise la \u201c r\u00e9sistance au mouvement du bras \u201d pour les utilisateurs de proth\u00e8ses tout en maximisant le rapport charge utile\/poids pour les roboticiens.<\/p>\n<\/li>\n<li>\n<p id=\"p-rc_6da3d4d5b9bee08d-97\" data-path-to-node=\"5,3,0\"><b data-path-to-node=\"5,3,0\" data-index-in-node=\"0\"><span class=\"citation-127\">Contr\u00f4le multimodal\u00a0:<\/span><\/b><span class=\"citation-127\"> Compatible avec le syst\u00e8me non invasif de BrainCo <\/span><b data-path-to-node=\"5,3,0\" data-index-in-node=\"60\"><span class=\"citation-127\">Interface cerveau-ordinateur (ICO)<\/span><\/b><span class=\"citation-127 citation-end-127\">, qui lit les signaux neuronaux \u00e0 travers la peau pour permettre une ind\u00e9pendance des doigts \u201ccontr\u00f4l\u00e9e par la pens\u00e9e\u201d.<\/span><\/p>\n<p>&nbsp;<\/li>\n<\/ul>\n<h3 data-path-to-node=\"7\">Capacit\u00e9s techniques<\/h3>\n<table data-path-to-node=\"8\">\n<thead>\n<tr>\n<td><strong>Fonctionnalit\u00e9<\/strong><\/td>\n<td><strong>Description<\/strong><\/td>\n<\/tr>\n<\/thead>\n<tbody>\n<tr>\n<td><span data-path-to-node=\"8,1,0,0\"><b data-path-to-node=\"8,1,0,0\" data-index-in-node=\"0\">Degr\u00e9s de libert\u00e9 (DoF)<\/b><\/span><\/td>\n<td><span data-path-to-node=\"8,1,1,0\">Jusqu&#039;\u00e0 11 degr\u00e9s de libert\u00e9 actifs pour une pr\u00e9hension \u00e9quivalente \u00e0 celle de l&#039;humain.<\/span><\/td>\n<\/tr>\n<tr>\n<td><span data-path-to-node=\"8,2,0,0\"><b data-path-to-node=\"8,2,0,0\" data-index-in-node=\"0\">Pr\u00e9cision tactile<\/b><\/span><\/td>\n<td><span data-path-to-node=\"8,2,1,0\">Capteur tactile 3D capable de d\u00e9tecter la friction et la proximit\u00e9.<\/span><\/td>\n<\/tr>\n<tr>\n<td><span data-path-to-node=\"8,3,0,0\"><b data-path-to-node=\"8,3,0,0\" data-index-in-node=\"0\">Durabilit\u00e9<\/b><\/span><\/td>\n<td><span data-path-to-node=\"8,3,1,0\">Fabriqu\u00e9 en aluminium de qualit\u00e9 a\u00e9rospatiale et en polym\u00e8res renforc\u00e9s.<\/span><\/td>\n<\/tr>\n<tr>\n<td><span data-path-to-node=\"8,4,0,0\"><b data-path-to-node=\"8,4,0,0\" data-index-in-node=\"0\">Fonctionnement silencieux<\/b><\/span><\/td>\n<td><span data-path-to-node=\"8,4,1,0\">Le bruit de fonctionnement est maintenu en dessous de ce niveau. <b data-path-to-node=\"8,4,1,0\" data-index-in-node=\"30\">50 dB<\/b>, ce qui le rend adapt\u00e9 aux environnements de bureau ou domestiques.<\/span><\/td>\n<\/tr>\n<tr>\n<td><span data-path-to-node=\"8,5,0,0\"><b data-path-to-node=\"8,5,0,0\" data-index-in-node=\"0\">Connectivit\u00e9<\/b><\/span><\/td>\n<td><span data-path-to-node=\"8,5,1,0\">Prend en charge EtherCAT et les fonctionnalit\u00e9s \u00e0 large plage de tension via un SDK d\u00e9di\u00e9 aux d\u00e9veloppeurs.<\/span><\/td>\n<\/tr>\n<\/tbody>\n<\/table>\n<p>&nbsp;<\/p>\n<h3 data-path-to-node=\"10\">Cas d&#039;utilisation<\/h3>\n<ol start=\"1\" data-path-to-node=\"11\">\n<li>\n<p id=\"p-rc_6da3d4d5b9bee08d-98\" data-path-to-node=\"11,0,0\"><b data-path-to-node=\"11,0,0\" data-index-in-node=\"0\"><span class=\"citation-126\">Proth\u00e8ses de nouvelle g\u00e9n\u00e9ration\u00a0:<\/span><\/b><span class=\"citation-126 citation-end-126\"> Permet aux personnes amput\u00e9es de recouvrer leur motricit\u00e9 fine, notamment en jouant d&#039;instruments de musique ou en pratiquant la calligraphie, sans chirurgie invasive.<\/span><\/p>\n<\/li>\n<li>\n<p data-path-to-node=\"11,1,0\"><b data-path-to-node=\"11,1,0\" data-index-in-node=\"0\">Recherche sur les humano\u00efdes :<\/b> Il sert de \u201c mains \u201d aux mod\u00e8les d&#039;IA avanc\u00e9s, en fournissant le mat\u00e9riel n\u00e9cessaire aux robots pour apprendre une manipulation semblable \u00e0 celle des humains.<\/p>\n<\/li>\n<li>\n<p id=\"p-rc_6da3d4d5b9bee08d-99\" data-path-to-node=\"11,2,0\"><b data-path-to-node=\"11,2,0\" data-index-in-node=\"0\"><span class=\"citation-125\">Automatisation industrielle :<\/span><\/b><span class=\"citation-125 citation-end-125\"> Id\u00e9al pour les cha\u00eenes de montage d\u00e9licates o\u00f9 les pinces traditionnelles sont trop encombrantes pour les petits composants \u00e9lectroniques.<\/span><\/p>\n<\/li>\n<\/ol>","protected":false},"excerpt":{"rendered":"<p><span class=\"citation-132\">Le <\/span><b data-path-to-node=\"0\" data-index-in-node=\"4\"><span class=\"citation-132\">BrainCo Revo 3 V-Touch<\/span><\/b><span class=\"citation-132 citation-end-132\"> Il s&#039;agit de la derni\u00e8re \u00e9volution en mati\u00e8re de mat\u00e9riel robotique de pr\u00e9cision, fusionnant la robotique haute performance avec un retour sensoriel avanc\u00e9.<\/span> S&#039;appuyant sur le succ\u00e8s du Revo 2, le Revo 3 est con\u00e7u \u00e0 la fois pour les proth\u00e8ses avanc\u00e9es et la manipulation de robots humano\u00efdes de haute fid\u00e9lit\u00e9.<\/p>","protected":false},"featured_media":26092,"comment_status":"open","ping_status":"closed","template":"","meta":[],"product_brand":[1383],"product_cat":[1041,1382,1381,1037],"product_tag":[],"class_list":{"0":"post-26095","1":"product","2":"type-product","3":"status-publish","4":"has-post-thumbnail","6":"product_brand-brainco","7":"product_cat-arms-grippers","8":"product_cat-bionic-dexterous-hands","9":"product_cat-brainco","10":"product_cat-robotics","12":"first","13":"onbackorder","14":"taxable","15":"shipping-taxable","16":"product-type-simple"},"yoast_head":"<!-- This site is optimized with the Yoast SEO plugin v27.4 - https:\/\/yoast.com\/product\/yoast-seo-wordpress\/ -->\n<title>BrainCo Revo 3 V-Touch Robot Hand - Ghostysky<\/title>\n<meta name=\"description\" content=\"The BrainCo Revo 3 V-Touch is the latest evolution in dexterous robotic hardware, merging high-performance robotics with advanced sensory feedback. Building on the success of the Revo 2, the Revo 3 is designed for both advanced prosthetics and high-fidelity humanoid robot manipulation.\" \/>\n<meta name=\"robots\" content=\"index, follow, max-snippet:-1, max-image-preview:large, max-video-preview:-1\" \/>\n<link rel=\"canonical\" href=\"https:\/\/www.ghostysky.com\/fr\/product\/brainco-revo-3-v-touch-robot-hand\/\" \/>\n<meta property=\"og:locale\" content=\"fr_FR\" \/>\n<meta property=\"og:type\" content=\"article\" \/>\n<meta property=\"og:title\" content=\"BrainCo Revo 3 V-Touch Robot Hand - Ghostysky\" \/>\n<meta property=\"og:description\" content=\"The BrainCo Revo 3 V-Touch is the latest evolution in dexterous robotic hardware, merging high-performance robotics with advanced sensory feedback. Building on the success of the Revo 2, the Revo 3 is designed for both advanced prosthetics and high-fidelity humanoid robot manipulation.\" \/>\n<meta property=\"og:url\" content=\"https:\/\/www.ghostysky.com\/fr\/product\/brainco-revo-3-v-touch-robot-hand\/\" \/>\n<meta property=\"og:site_name\" content=\"Ghostysky\" \/>\n<meta property=\"article:publisher\" content=\"https:\/\/www.facebook.com\/people\/Ghostysky\/100057676170234\/\" \/>\n<meta property=\"article:modified_time\" content=\"2026-05-08T18:15:08+00:00\" \/>\n<meta property=\"og:image\" content=\"https:\/\/www.ghostysky.com\/wp-content\/uploads\/2026\/05\/GH_brainco-revo-3-21-basic-robot-hand-right.jpg\" \/>\n\t<meta property=\"og:image:width\" content=\"700\" \/>\n\t<meta property=\"og:image:height\" content=\"700\" \/>\n\t<meta property=\"og:image:type\" content=\"image\/jpeg\" \/>\n<meta name=\"twitter:card\" content=\"summary_large_image\" \/>\n<meta name=\"twitter:site\" content=\"@Gh0stysky\" \/>\n<meta name=\"twitter:label1\" content=\"Dur\u00e9e de lecture estim\u00e9e\" \/>\n\t<meta name=\"twitter:data1\" content=\"2 minutes\" \/>\n<script type=\"application\/ld+json\" class=\"yoast-schema-graph\">{\"@context\":\"https:\\\/\\\/schema.org\",\"@graph\":[{\"@type\":\"WebPage\",\"@id\":\"https:\\\/\\\/www.ghostysky.com\\\/product\\\/brainco-revo-3-v-touch-robot-hand\\\/\",\"url\":\"https:\\\/\\\/www.ghostysky.com\\\/product\\\/brainco-revo-3-v-touch-robot-hand\\\/\",\"name\":\"BrainCo Revo 3 V-Touch Robot Hand - Ghostysky\",\"isPartOf\":{\"@id\":\"https:\\\/\\\/www.ghostysky.com\\\/#website\"},\"primaryImageOfPage\":{\"@id\":\"https:\\\/\\\/www.ghostysky.com\\\/product\\\/brainco-revo-3-v-touch-robot-hand\\\/#primaryimage\"},\"image\":{\"@id\":\"https:\\\/\\\/www.ghostysky.com\\\/product\\\/brainco-revo-3-v-touch-robot-hand\\\/#primaryimage\"},\"thumbnailUrl\":\"https:\\\/\\\/www.ghostysky.com\\\/wp-content\\\/uploads\\\/2026\\\/05\\\/GH_brainco-revo-3-21-basic-robot-hand-right.jpg\",\"datePublished\":\"2026-05-08T18:11:44+00:00\",\"dateModified\":\"2026-05-08T18:15:08+00:00\",\"description\":\"The BrainCo Revo 3 V-Touch is the latest evolution in dexterous robotic hardware, merging high-performance robotics with advanced sensory feedback. Building on the success of the Revo 2, the Revo 3 is designed for both advanced prosthetics and high-fidelity humanoid robot manipulation.\",\"breadcrumb\":{\"@id\":\"https:\\\/\\\/www.ghostysky.com\\\/product\\\/brainco-revo-3-v-touch-robot-hand\\\/#breadcrumb\"},\"inLanguage\":\"fr-FR\",\"potentialAction\":[{\"@type\":\"ReadAction\",\"target\":[\"https:\\\/\\\/www.ghostysky.com\\\/product\\\/brainco-revo-3-v-touch-robot-hand\\\/\"]}]},{\"@type\":\"ImageObject\",\"inLanguage\":\"fr-FR\",\"@id\":\"https:\\\/\\\/www.ghostysky.com\\\/product\\\/brainco-revo-3-v-touch-robot-hand\\\/#primaryimage\",\"url\":\"https:\\\/\\\/www.ghostysky.com\\\/wp-content\\\/uploads\\\/2026\\\/05\\\/GH_brainco-revo-3-21-basic-robot-hand-right.jpg\",\"contentUrl\":\"https:\\\/\\\/www.ghostysky.com\\\/wp-content\\\/uploads\\\/2026\\\/05\\\/GH_brainco-revo-3-21-basic-robot-hand-right.jpg\",\"width\":700,\"height\":700},{\"@type\":\"BreadcrumbList\",\"@id\":\"https:\\\/\\\/www.ghostysky.com\\\/product\\\/brainco-revo-3-v-touch-robot-hand\\\/#breadcrumb\",\"itemListElement\":[{\"@type\":\"ListItem\",\"position\":1,\"name\":\"Home\",\"item\":\"https:\\\/\\\/www.ghostysky.com\\\/\"},{\"@type\":\"ListItem\",\"position\":2,\"name\":\"Shop\",\"item\":\"https:\\\/\\\/www.ghostysky.com\\\/shop\\\/\"},{\"@type\":\"ListItem\",\"position\":3,\"name\":\"BrainCo Revo 3 V-Touch Robot Hand\"}]},{\"@type\":\"WebSite\",\"@id\":\"https:\\\/\\\/www.ghostysky.com\\\/#website\",\"url\":\"https:\\\/\\\/www.ghostysky.com\\\/\",\"name\":\"Ghostysky\",\"description\":\"Delivering professional drones and robotics solutions\",\"publisher\":{\"@id\":\"https:\\\/\\\/www.ghostysky.com\\\/#organization\"},\"potentialAction\":[{\"@type\":\"SearchAction\",\"target\":{\"@type\":\"EntryPoint\",\"urlTemplate\":\"https:\\\/\\\/www.ghostysky.com\\\/?s={search_term_string}\"},\"query-input\":{\"@type\":\"PropertyValueSpecification\",\"valueRequired\":true,\"valueName\":\"search_term_string\"}}],\"inLanguage\":\"fr-FR\"},{\"@type\":\"Organization\",\"@id\":\"https:\\\/\\\/www.ghostysky.com\\\/#organization\",\"name\":\"Ghostysky\",\"url\":\"https:\\\/\\\/www.ghostysky.com\\\/\",\"logo\":{\"@type\":\"ImageObject\",\"inLanguage\":\"fr-FR\",\"@id\":\"https:\\\/\\\/www.ghostysky.com\\\/#\\\/schema\\\/logo\\\/image\\\/\",\"url\":\"https:\\\/\\\/www.ghostysky.com\\\/wp-content\\\/uploads\\\/2020\\\/06\\\/cropped-ghostyskylogo_text_white2.png\",\"contentUrl\":\"https:\\\/\\\/www.ghostysky.com\\\/wp-content\\\/uploads\\\/2020\\\/06\\\/cropped-ghostyskylogo_text_white2.png\",\"width\":169,\"height\":56,\"caption\":\"Ghostysky\"},\"image\":{\"@id\":\"https:\\\/\\\/www.ghostysky.com\\\/#\\\/schema\\\/logo\\\/image\\\/\"},\"sameAs\":[\"https:\\\/\\\/www.facebook.com\\\/people\\\/Ghostysky\\\/100057676170234\\\/\",\"https:\\\/\\\/x.com\\\/Gh0stysky\",\"https:\\\/\\\/www.linkedin.com\\\/company\\\/34739653\",\"https:\\\/\\\/www.instagram.com\\\/gh0stysky\"]}]}<\/script>\n<!-- \/ Yoast SEO plugin. -->","yoast_head_json":{"title":"Main robotique BrainCo Revo 3 V-Touch - Ghostysky","description":"Le BrainCo Revo 3 V-Touch repr\u00e9sente la toute derni\u00e8re \u00e9volution en mati\u00e8re de robotique de pr\u00e9cision, alliant robotique haute performance et retour sensoriel avanc\u00e9. S&#039;appuyant sur le succ\u00e8s du Revo 2, le Revo 3 est con\u00e7u pour les proth\u00e8ses de pointe et la manipulation de robots humano\u00efdes de haute fid\u00e9lit\u00e9.","robots":{"index":"index","follow":"follow","max-snippet":"max-snippet:-1","max-image-preview":"max-image-preview:large","max-video-preview":"max-video-preview:-1"},"canonical":"https:\/\/www.ghostysky.com\/fr\/product\/brainco-revo-3-v-touch-robot-hand\/","og_locale":"fr_FR","og_type":"article","og_title":"BrainCo Revo 3 V-Touch Robot Hand - Ghostysky","og_description":"The BrainCo Revo 3 V-Touch is the latest evolution in dexterous robotic hardware, merging high-performance robotics with advanced sensory feedback. Building on the success of the Revo 2, the Revo 3 is designed for both advanced prosthetics and high-fidelity humanoid robot manipulation.","og_url":"https:\/\/www.ghostysky.com\/fr\/product\/brainco-revo-3-v-touch-robot-hand\/","og_site_name":"Ghostysky","article_publisher":"https:\/\/www.facebook.com\/people\/Ghostysky\/100057676170234\/","article_modified_time":"2026-05-08T18:15:08+00:00","og_image":[{"width":700,"height":700,"url":"https:\/\/www.ghostysky.com\/wp-content\/uploads\/2026\/05\/GH_brainco-revo-3-21-basic-robot-hand-right.jpg","type":"image\/jpeg"}],"twitter_card":"summary_large_image","twitter_site":"@Gh0stysky","twitter_misc":{"Dur\u00e9e de lecture estim\u00e9e":"2 minutes"},"schema":{"@context":"https:\/\/schema.org","@graph":[{"@type":"WebPage","@id":"https:\/\/www.ghostysky.com\/product\/brainco-revo-3-v-touch-robot-hand\/","url":"https:\/\/www.ghostysky.com\/product\/brainco-revo-3-v-touch-robot-hand\/","name":"Main robotique BrainCo Revo 3 V-Touch - Ghostysky","isPartOf":{"@id":"https:\/\/www.ghostysky.com\/#website"},"primaryImageOfPage":{"@id":"https:\/\/www.ghostysky.com\/product\/brainco-revo-3-v-touch-robot-hand\/#primaryimage"},"image":{"@id":"https:\/\/www.ghostysky.com\/product\/brainco-revo-3-v-touch-robot-hand\/#primaryimage"},"thumbnailUrl":"https:\/\/www.ghostysky.com\/wp-content\/uploads\/2026\/05\/GH_brainco-revo-3-21-basic-robot-hand-right.jpg","datePublished":"2026-05-08T18:11:44+00:00","dateModified":"2026-05-08T18:15:08+00:00","description":"Le BrainCo Revo 3 V-Touch repr\u00e9sente la toute derni\u00e8re \u00e9volution en mati\u00e8re de robotique de pr\u00e9cision, alliant robotique haute performance et retour sensoriel avanc\u00e9. S&#039;appuyant sur le succ\u00e8s du Revo 2, le Revo 3 est con\u00e7u pour les proth\u00e8ses de pointe et la manipulation de robots humano\u00efdes de haute fid\u00e9lit\u00e9.","breadcrumb":{"@id":"https:\/\/www.ghostysky.com\/product\/brainco-revo-3-v-touch-robot-hand\/#breadcrumb"},"inLanguage":"fr-FR","potentialAction":[{"@type":"ReadAction","target":["https:\/\/www.ghostysky.com\/product\/brainco-revo-3-v-touch-robot-hand\/"]}]},{"@type":"ImageObject","inLanguage":"fr-FR","@id":"https:\/\/www.ghostysky.com\/product\/brainco-revo-3-v-touch-robot-hand\/#primaryimage","url":"https:\/\/www.ghostysky.com\/wp-content\/uploads\/2026\/05\/GH_brainco-revo-3-21-basic-robot-hand-right.jpg","contentUrl":"https:\/\/www.ghostysky.com\/wp-content\/uploads\/2026\/05\/GH_brainco-revo-3-21-basic-robot-hand-right.jpg","width":700,"height":700},{"@type":"BreadcrumbList","@id":"https:\/\/www.ghostysky.com\/product\/brainco-revo-3-v-touch-robot-hand\/#breadcrumb","itemListElement":[{"@type":"ListItem","position":1,"name":"Home","item":"https:\/\/www.ghostysky.com\/"},{"@type":"ListItem","position":2,"name":"Shop","item":"https:\/\/www.ghostysky.com\/shop\/"},{"@type":"ListItem","position":3,"name":"BrainCo Revo 3 V-Touch Robot Hand"}]},{"@type":"WebSite","@id":"https:\/\/www.ghostysky.com\/#website","url":"https:\/\/www.ghostysky.com\/","name":"Ghostysky","description":"Fourniture de solutions professionnelles en mati\u00e8re de drones et de robotique","publisher":{"@id":"https:\/\/www.ghostysky.com\/#organization"},"potentialAction":[{"@type":"SearchAction","target":{"@type":"EntryPoint","urlTemplate":"https:\/\/www.ghostysky.com\/?s={search_term_string}"},"query-input":{"@type":"PropertyValueSpecification","valueRequired":true,"valueName":"search_term_string"}}],"inLanguage":"fr-FR"},{"@type":"Organization","@id":"https:\/\/www.ghostysky.com\/#organization","name":"Ghostysky","url":"https:\/\/www.ghostysky.com\/","logo":{"@type":"ImageObject","inLanguage":"fr-FR","@id":"https:\/\/www.ghostysky.com\/#\/schema\/logo\/image\/","url":"https:\/\/www.ghostysky.com\/wp-content\/uploads\/2020\/06\/cropped-ghostyskylogo_text_white2.png","contentUrl":"https:\/\/www.ghostysky.com\/wp-content\/uploads\/2020\/06\/cropped-ghostyskylogo_text_white2.png","width":169,"height":56,"caption":"Ghostysky"},"image":{"@id":"https:\/\/www.ghostysky.com\/#\/schema\/logo\/image\/"},"sameAs":["https:\/\/www.facebook.com\/people\/Ghostysky\/100057676170234\/","https:\/\/x.com\/Gh0stysky","https:\/\/www.linkedin.com\/company\/34739653","https:\/\/www.instagram.com\/gh0stysky"]}]}},"_links":{"self":[{"href":"https:\/\/www.ghostysky.com\/fr\/wp-json\/wp\/v2\/product\/26095","targetHints":{"allow":["GET"]}}],"collection":[{"href":"https:\/\/www.ghostysky.com\/fr\/wp-json\/wp\/v2\/product"}],"about":[{"href":"https:\/\/www.ghostysky.com\/fr\/wp-json\/wp\/v2\/types\/product"}],"replies":[{"embeddable":true,"href":"https:\/\/www.ghostysky.com\/fr\/wp-json\/wp\/v2\/comments?post=26095"}],"version-history":[{"count":1,"href":"https:\/\/www.ghostysky.com\/fr\/wp-json\/wp\/v2\/product\/26095\/revisions"}],"predecessor-version":[{"id":26097,"href":"https:\/\/www.ghostysky.com\/fr\/wp-json\/wp\/v2\/product\/26095\/revisions\/26097"}],"wp:featuredmedia":[{"embeddable":true,"href":"https:\/\/www.ghostysky.com\/fr\/wp-json\/wp\/v2\/media\/26092"}],"wp:attachment":[{"href":"https:\/\/www.ghostysky.com\/fr\/wp-json\/wp\/v2\/media?parent=26095"}],"wp:term":[{"taxonomy":"product_brand","embeddable":true,"href":"https:\/\/www.ghostysky.com\/fr\/wp-json\/wp\/v2\/product_brand?post=26095"},{"taxonomy":"product_cat","embeddable":true,"href":"https:\/\/www.ghostysky.com\/fr\/wp-json\/wp\/v2\/product_cat?post=26095"},{"taxonomy":"product_tag","embeddable":true,"href":"https:\/\/www.ghostysky.com\/fr\/wp-json\/wp\/v2\/product_tag?post=26095"}],"curies":[{"name":"wp","href":"https:\/\/api.w.org\/{rel}","templated":true}]}}