{"id":26104,"date":"2026-05-08T18:30:27","date_gmt":"2026-05-08T18:30:27","guid":{"rendered":"https:\/\/www.ghostysky.com\/?post_type=product&#038;p=26104"},"modified":"2026-05-08T18:31:02","modified_gmt":"2026-05-08T18:31:02","slug":"dji-rs5","status":"publish","type":"product","link":"https:\/\/www.ghostysky.com\/fr\/product\/dji-rs5\/","title":{"rendered":"DJI RS5"},"content":{"rendered":"<h3 data-path-to-node=\"2\"><b data-path-to-node=\"2\" data-index-in-node=\"0\">Aper\u00e7u des principales caract\u00e9ristiques<\/b><\/h3>\n<ul data-path-to-node=\"3\">\n<li>\n<p id=\"p-rc_e0d7de5dd55127ca-110\" data-path-to-node=\"3,0,0\"><b data-path-to-node=\"3,0,0\" data-index-in-node=\"0\"><span class=\"citation-162\">Algorithme de stabilisation de 5e g\u00e9n\u00e9ration\u00a0:<\/span><\/b><span class=\"citation-162 citation-end-162\"> Il pr\u00e9sente une augmentation de 50% du couple moteur maximal par rapport au RS 4.<\/span> <span class=\"citation-161 citation-end-161\">Ce nouveau syst\u00e8me utilise une IA pr\u00e9dictive pour distinguer les mouvements intentionnels (comme la marche ou la course) des tremblements accidentels, offrant ainsi des images plus fluides dans les sc\u00e8nes d&#039;action intense.<\/span><\/p>\n<\/li>\n<li>\n<p id=\"p-rc_e0d7de5dd55127ca-111\" data-path-to-node=\"3,1,0\"><b data-path-to-node=\"3,1,0\" data-index-in-node=\"0\">Module de suivi intelligent am\u00e9lior\u00e9\u00a0:<\/b><span class=\"citation-160 citation-end-160\"> Ce nouvel accessoire magn\u00e9tique permet la s\u00e9lection du sujet via l&#039;\u00e9cran tactile.<\/span> <span class=\"citation-159 citation-end-159\">Il prend en charge ActiveTrack pour les personnes, les v\u00e9hicules et les animaux domestiques directement depuis l&#039;interface du stabilisateur, sans avoir besoin d&#039;un t\u00e9l\u00e9phone.<\/span><\/p>\n<\/li>\n<li>\n<p id=\"p-rc_e0d7de5dd55127ca-112\" data-path-to-node=\"3,2,0\"><b data-path-to-node=\"3,2,0\" data-index-in-node=\"0\">Prise de vue verticale native\u00a0:<\/b><span class=\"citation-158 citation-end-158\"> Optimis\u00e9 pour TikTok et Reels, le RS 5 permet un passage fluide au mode vertical sans avoir besoin d&#039;accessoires de montage suppl\u00e9mentaires.<\/span><\/p>\n<\/li>\n<li>\n<p id=\"p-rc_e0d7de5dd55127ca-113\" data-path-to-node=\"3,3,0\"><b data-path-to-node=\"3,3,0\" data-index-in-node=\"0\">\u00c9quilibrage de niveau professionnel\u00a0:<\/b><span class=\"citation-157\"> Comprend des molettes de r\u00e9glage fin sur chaque axe et un nouveau <\/span><b data-path-to-node=\"3,3,0\" data-index-in-node=\"72\"><span class=\"citation-157\">Indicateur d&#039;axe Z<\/span><\/b><span class=\"citation-157 citation-end-157\"> pour vous fournir un retour d&#039;information en temps r\u00e9el sur vos mouvements verticaux, vous aidant ainsi \u00e0 atteindre plus rapidement un \u00e9quilibre parfait.<\/span><\/p>\n<p>&nbsp;<\/li>\n<\/ul>\n<h3 data-path-to-node=\"5\"><b data-path-to-node=\"5\" data-index-in-node=\"0\">Sp\u00e9cifications techniques<\/b><\/h3>\n<table data-path-to-node=\"6\">\n<thead>\n<tr>\n<td><strong>Fonctionnalit\u00e9<\/strong><\/td>\n<td><strong>Sp\u00e9cification<\/strong><\/td>\n<\/tr>\n<\/thead>\n<tbody>\n<tr>\n<td><span data-path-to-node=\"6,1,0,0\"><b data-path-to-node=\"6,1,0,0\" data-index-in-node=\"0\">Charge utile test\u00e9e<\/b><\/span><\/td>\n<td><span data-path-to-node=\"6,1,1,0\">3,0 kg (6,6 lbs)<\/span><\/td>\n<\/tr>\n<tr>\n<td><span data-path-to-node=\"6,2,0,0\"><b data-path-to-node=\"6,2,0,0\" data-index-in-node=\"0\">Poids du cardan<\/b><\/span><\/td>\n<td><span data-path-to-node=\"6,2,1,0\">Environ 1,2 kg (stabilisateur uniquement)<\/span><\/td>\n<\/tr>\n<tr>\n<td><span data-path-to-node=\"6,3,0,0\"><b data-path-to-node=\"6,3,0,0\" data-index-in-node=\"0\">Autonomie de la batterie<\/b><\/span><\/td>\n<td><span data-path-to-node=\"6,3,1,0\">Jusqu&#039;\u00e0 14 heures (standard) \/ Jusqu&#039;\u00e0 30 heures (avec poign\u00e9e BG70)<\/span><\/td>\n<\/tr>\n<tr>\n<td><span data-path-to-node=\"6,4,0,0\"><b data-path-to-node=\"6,4,0,0\" data-index-in-node=\"0\">Temps de charge<\/b><\/span><\/td>\n<td><span data-path-to-node=\"6,4,1,0\">1 heure (0-100% via charge rapide PD 45 W)<\/span><\/td>\n<\/tr>\n<tr>\n<td><span data-path-to-node=\"6,5,0,0\"><b data-path-to-node=\"6,5,0,0\" data-index-in-node=\"0\">Connectivit\u00e9<\/b><\/span><\/td>\n<td><span data-path-to-node=\"6,5,1,0\">Bluetooth 5.0, USB-C (contr\u00f4le\/multifonction), ports NATO<\/span><\/td>\n<\/tr>\n<tr>\n<td><span data-path-to-node=\"6,6,0,0\"><b data-path-to-node=\"6,6,0,0\" data-index-in-node=\"0\">Temp\u00e9rature de fonctionnement<\/b><\/span><\/td>\n<td><span data-path-to-node=\"6,6,1,0\">-20\u00b0 \u00e0 45\u00b0C (-4\u00b0 \u00e0 113\u00b0F)<\/span><\/td>\n<\/tr>\n<\/tbody>\n<\/table>\n<p>&nbsp;<\/p>\n<h3 data-path-to-node=\"8\"><b data-path-to-node=\"8\" data-index-in-node=\"0\">Nouvelles am\u00e9liorations de la qualit\u00e9 de vie<\/b><\/h3>\n<ul data-path-to-node=\"9\">\n<li>\n<p id=\"p-rc_e0d7de5dd55127ca-114\" data-path-to-node=\"9,0,0\"><b data-path-to-node=\"9,0,0\" data-index-in-node=\"0\"><span class=\"citation-156\">Verrous d&#039;axe automatis\u00e9s de 2e g\u00e9n\u00e9ration\u00a0:<\/span><\/b><span class=\"citation-156 citation-end-156\"> Le stabilisateur se d\u00e9ploie et se verrouille\/d\u00e9verrouille automatiquement lors de la mise sous tension ou hors tension, r\u00e9duisant consid\u00e9rablement le temps d&#039;installation entre les diff\u00e9rents lieux de tournage.<\/span><\/p>\n<\/li>\n<li>\n<p id=\"p-rc_e0d7de5dd55127ca-115\" data-path-to-node=\"9,1,0\"><b data-path-to-node=\"9,1,0\" data-index-in-node=\"0\">Poign\u00e9e de porte-documents \u00e9lectronique :<\/b><span class=\"citation-155 citation-end-155\"> La poign\u00e9e mise \u00e0 jour comprend d\u00e9sormais un joystick int\u00e9gr\u00e9, des boutons et un petit \u00e9cran, vous offrant un contr\u00f4le total du stabilisateur lors de prises de vue en contre-plong\u00e9e.<\/span><\/p>\n<\/li>\n<li>\n<p id=\"p-rc_e0d7de5dd55127ca-116\" data-path-to-node=\"9,2,0\"><b data-path-to-node=\"9,2,0\" data-index-in-node=\"0\"><span class=\"citation-154\">Armes rev\u00eatues de Teflon\u2122 :<\/span><\/b><span class=\"citation-154 citation-end-154\"> Les bras sont dot\u00e9s d&#039;un rev\u00eatement \u00e0 faible friction qui rend le glissement des axes pour l&#039;\u00e9quilibrage beaucoup plus fluide et pr\u00e9cis.<\/span><\/p>\n<\/li>\n<\/ul>\n<h3 data-path-to-node=\"10\"><b data-path-to-node=\"10\" data-index-in-node=\"0\">Le verdict<\/b><\/h3>\n<p data-path-to-node=\"11\">Le DJI RS 5 est le choix id\u00e9al pour 2026. Il allie simplicit\u00e9 d&#039;utilisation pour le grand public et stabilit\u00e9 professionnelle. Si vous utilisez un appareil photo hybride (comme un Sony A7S III ou un Canon R6 II) et que vous privil\u00e9giez la mobilit\u00e9 et le suivi assist\u00e9 par IA, c&#039;est l&#039;outil le plus performant de la gamme Ronin.<\/p>\n<blockquote data-path-to-node=\"12\">\n<p id=\"p-rc_e0d7de5dd55127ca-117\" data-path-to-node=\"12,0\"><b data-path-to-node=\"12,0\" data-index-in-node=\"0\"><span class=\"citation-153\">Remarque \u00e0 l&#039;attention des utilisateurs Pro\u00a0:<\/span><\/b><span class=\"citation-153 citation-end-153\"> Bien que la RS 5 soit plus intelligente et plus rapide que l&#039;ancienne RS 4 Pro, sa limite de charge utile est inf\u00e9rieure (3 kg contre 4,5 kg).<\/span> Si vous utilisez des configurations cin\u00e9ma lourdes ou si vous avez besoin d&#039;un autofocus LiDAR, vous pr\u00e9f\u00e9rerez peut-\u00eatre attendre la <b data-path-to-node=\"12,0\" data-index-in-node=\"221\">RS 5 Pro<\/b> ou restez avec la RS 4 Pro.<\/p>\n<\/blockquote>","protected":false},"excerpt":{"rendered":"<p><span class=\"citation-164\">Le <\/span><b data-path-to-node=\"0\" data-index-in-node=\"4\"><span class=\"citation-164\">DJI RS 5<\/span><\/b><span class=\"citation-164 citation-end-164\">, dont la sortie est pr\u00e9vue en janvier 2026, est un stabilisateur l\u00e9ger de nouvelle g\u00e9n\u00e9ration con\u00e7u sp\u00e9cifiquement pour les cr\u00e9ateurs de contenu ind\u00e9pendants et les vid\u00e9astes des m\u00e9dias sociaux.<\/span> <span class=\"citation-163 citation-end-163\">Tout en conservant le format compact de ses pr\u00e9d\u00e9cesseurs, il introduit un bond en avant significatif en mati\u00e8re de puissance moteur et de stabilisation pilot\u00e9e par l&#039;IA.<\/span><\/p>","protected":false},"featured_media":26106,"comment_status":"open","ping_status":"closed","template":"","meta":[],"product_brand":[1031],"product_cat":[1301,1452],"product_tag":[42,1454],"class_list":{"0":"post-26104","1":"product","2":"type-product","3":"status-publish","4":"has-post-thumbnail","6":"product_brand-dji","7":"product_cat-dji-handled","8":"product_cat-rs5","9":"product_tag-dji","10":"product_tag-dji-rs5","12":"first","13":"outofstock","14":"taxable","15":"shipping-taxable","16":"purchasable","17":"product-type-simple"},"yoast_head":"<!-- This site is optimized with the Yoast SEO plugin v27.4 - https:\/\/yoast.com\/product\/yoast-seo-wordpress\/ -->\n<title>DJI RS5 - Ghostysky<\/title>\n<meta name=\"description\" content=\"The DJI RS 5, released in January 2026, is a next-generation lightweight gimbal designed specifically for solo content creators and social media videographers. While it retains the compact form factor of its predecessors, it introduces a significant leap in motor power and AI-driven stabilization.\" \/>\n<meta name=\"robots\" content=\"index, follow, max-snippet:-1, max-image-preview:large, max-video-preview:-1\" \/>\n<link rel=\"canonical\" href=\"https:\/\/www.ghostysky.com\/fr\/product\/dji-rs5\/\" \/>\n<meta property=\"og:locale\" content=\"fr_FR\" \/>\n<meta property=\"og:type\" content=\"article\" \/>\n<meta property=\"og:title\" content=\"DJI RS5 - Ghostysky\" \/>\n<meta property=\"og:description\" content=\"The DJI RS 5, released in January 2026, is a next-generation lightweight gimbal designed specifically for solo content creators and social media videographers. While it retains the compact form factor of its predecessors, it introduces a significant leap in motor power and AI-driven stabilization.\" \/>\n<meta property=\"og:url\" content=\"https:\/\/www.ghostysky.com\/fr\/product\/dji-rs5\/\" \/>\n<meta property=\"og:site_name\" content=\"Ghostysky\" \/>\n<meta property=\"article:publisher\" content=\"https:\/\/www.facebook.com\/people\/Ghostysky\/100057676170234\/\" \/>\n<meta property=\"article:modified_time\" content=\"2026-05-08T18:31:02+00:00\" \/>\n<meta property=\"og:image\" content=\"https:\/\/www.ghostysky.com\/wp-content\/uploads\/2026\/05\/GH_DJI_RS5_1.jpg\" \/>\n\t<meta property=\"og:image:width\" content=\"1308\" \/>\n\t<meta property=\"og:image:height\" content=\"1308\" \/>\n\t<meta property=\"og:image:type\" content=\"image\/jpeg\" \/>\n<meta name=\"twitter:card\" content=\"summary_large_image\" \/>\n<meta name=\"twitter:site\" content=\"@Gh0stysky\" \/>\n<meta name=\"twitter:label1\" content=\"Dur\u00e9e de lecture estim\u00e9e\" \/>\n\t<meta name=\"twitter:data1\" content=\"2 minutes\" \/>\n<script type=\"application\/ld+json\" class=\"yoast-schema-graph\">{\"@context\":\"https:\\\/\\\/schema.org\",\"@graph\":[{\"@type\":\"WebPage\",\"@id\":\"https:\\\/\\\/www.ghostysky.com\\\/product\\\/dji-rs5\\\/\",\"url\":\"https:\\\/\\\/www.ghostysky.com\\\/product\\\/dji-rs5\\\/\",\"name\":\"DJI RS5 - Ghostysky\",\"isPartOf\":{\"@id\":\"https:\\\/\\\/www.ghostysky.com\\\/#website\"},\"primaryImageOfPage\":{\"@id\":\"https:\\\/\\\/www.ghostysky.com\\\/product\\\/dji-rs5\\\/#primaryimage\"},\"image\":{\"@id\":\"https:\\\/\\\/www.ghostysky.com\\\/product\\\/dji-rs5\\\/#primaryimage\"},\"thumbnailUrl\":\"https:\\\/\\\/www.ghostysky.com\\\/wp-content\\\/uploads\\\/2026\\\/05\\\/GH_DJI_RS5_1.jpg\",\"datePublished\":\"2026-05-08T18:30:27+00:00\",\"dateModified\":\"2026-05-08T18:31:02+00:00\",\"description\":\"The DJI RS 5, released in January 2026, is a next-generation lightweight gimbal designed specifically for solo content creators and social media videographers. While it retains the compact form factor of its predecessors, it introduces a significant leap in motor power and AI-driven stabilization.\",\"breadcrumb\":{\"@id\":\"https:\\\/\\\/www.ghostysky.com\\\/product\\\/dji-rs5\\\/#breadcrumb\"},\"inLanguage\":\"fr-FR\",\"potentialAction\":[{\"@type\":\"ReadAction\",\"target\":[\"https:\\\/\\\/www.ghostysky.com\\\/product\\\/dji-rs5\\\/\"]}]},{\"@type\":\"ImageObject\",\"inLanguage\":\"fr-FR\",\"@id\":\"https:\\\/\\\/www.ghostysky.com\\\/product\\\/dji-rs5\\\/#primaryimage\",\"url\":\"https:\\\/\\\/www.ghostysky.com\\\/wp-content\\\/uploads\\\/2026\\\/05\\\/GH_DJI_RS5_1.jpg\",\"contentUrl\":\"https:\\\/\\\/www.ghostysky.com\\\/wp-content\\\/uploads\\\/2026\\\/05\\\/GH_DJI_RS5_1.jpg\",\"width\":1308,\"height\":1308},{\"@type\":\"BreadcrumbList\",\"@id\":\"https:\\\/\\\/www.ghostysky.com\\\/product\\\/dji-rs5\\\/#breadcrumb\",\"itemListElement\":[{\"@type\":\"ListItem\",\"position\":1,\"name\":\"Home\",\"item\":\"https:\\\/\\\/www.ghostysky.com\\\/\"},{\"@type\":\"ListItem\",\"position\":2,\"name\":\"Shop\",\"item\":\"https:\\\/\\\/www.ghostysky.com\\\/shop\\\/\"},{\"@type\":\"ListItem\",\"position\":3,\"name\":\"DJI RS5\"}]},{\"@type\":\"WebSite\",\"@id\":\"https:\\\/\\\/www.ghostysky.com\\\/#website\",\"url\":\"https:\\\/\\\/www.ghostysky.com\\\/\",\"name\":\"Ghostysky\",\"description\":\"Delivering professional drones and robotics solutions\",\"publisher\":{\"@id\":\"https:\\\/\\\/www.ghostysky.com\\\/#organization\"},\"potentialAction\":[{\"@type\":\"SearchAction\",\"target\":{\"@type\":\"EntryPoint\",\"urlTemplate\":\"https:\\\/\\\/www.ghostysky.com\\\/?s={search_term_string}\"},\"query-input\":{\"@type\":\"PropertyValueSpecification\",\"valueRequired\":true,\"valueName\":\"search_term_string\"}}],\"inLanguage\":\"fr-FR\"},{\"@type\":\"Organization\",\"@id\":\"https:\\\/\\\/www.ghostysky.com\\\/#organization\",\"name\":\"Ghostysky\",\"url\":\"https:\\\/\\\/www.ghostysky.com\\\/\",\"logo\":{\"@type\":\"ImageObject\",\"inLanguage\":\"fr-FR\",\"@id\":\"https:\\\/\\\/www.ghostysky.com\\\/#\\\/schema\\\/logo\\\/image\\\/\",\"url\":\"https:\\\/\\\/www.ghostysky.com\\\/wp-content\\\/uploads\\\/2020\\\/06\\\/cropped-ghostyskylogo_text_white2.png\",\"contentUrl\":\"https:\\\/\\\/www.ghostysky.com\\\/wp-content\\\/uploads\\\/2020\\\/06\\\/cropped-ghostyskylogo_text_white2.png\",\"width\":169,\"height\":56,\"caption\":\"Ghostysky\"},\"image\":{\"@id\":\"https:\\\/\\\/www.ghostysky.com\\\/#\\\/schema\\\/logo\\\/image\\\/\"},\"sameAs\":[\"https:\\\/\\\/www.facebook.com\\\/people\\\/Ghostysky\\\/100057676170234\\\/\",\"https:\\\/\\\/x.com\\\/Gh0stysky\",\"https:\\\/\\\/www.linkedin.com\\\/company\\\/34739653\",\"https:\\\/\\\/www.instagram.com\\\/gh0stysky\"]}]}<\/script>\n<!-- \/ Yoast SEO plugin. -->","yoast_head_json":{"title":"DJI RS5 - Ghostysky","description":"Le DJI RS 5, disponible en janvier 2026, est un stabilisateur l\u00e9ger de nouvelle g\u00e9n\u00e9ration con\u00e7u sp\u00e9cifiquement pour les cr\u00e9ateurs de contenu ind\u00e9pendants et les vid\u00e9astes des r\u00e9seaux sociaux. Tout en conservant le format compact de ses pr\u00e9d\u00e9cesseurs, il offre une puissance moteur et une stabilisation par intelligence artificielle nettement sup\u00e9rieures.","robots":{"index":"index","follow":"follow","max-snippet":"max-snippet:-1","max-image-preview":"max-image-preview:large","max-video-preview":"max-video-preview:-1"},"canonical":"https:\/\/www.ghostysky.com\/fr\/product\/dji-rs5\/","og_locale":"fr_FR","og_type":"article","og_title":"DJI RS5 - Ghostysky","og_description":"The DJI RS 5, released in January 2026, is a next-generation lightweight gimbal designed specifically for solo content creators and social media videographers. While it retains the compact form factor of its predecessors, it introduces a significant leap in motor power and AI-driven stabilization.","og_url":"https:\/\/www.ghostysky.com\/fr\/product\/dji-rs5\/","og_site_name":"Ghostysky","article_publisher":"https:\/\/www.facebook.com\/people\/Ghostysky\/100057676170234\/","article_modified_time":"2026-05-08T18:31:02+00:00","og_image":[{"width":1308,"height":1308,"url":"https:\/\/www.ghostysky.com\/wp-content\/uploads\/2026\/05\/GH_DJI_RS5_1.jpg","type":"image\/jpeg"}],"twitter_card":"summary_large_image","twitter_site":"@Gh0stysky","twitter_misc":{"Dur\u00e9e de lecture estim\u00e9e":"2 minutes"},"schema":{"@context":"https:\/\/schema.org","@graph":[{"@type":"WebPage","@id":"https:\/\/www.ghostysky.com\/product\/dji-rs5\/","url":"https:\/\/www.ghostysky.com\/product\/dji-rs5\/","name":"DJI RS5 - Ghostysky","isPartOf":{"@id":"https:\/\/www.ghostysky.com\/#website"},"primaryImageOfPage":{"@id":"https:\/\/www.ghostysky.com\/product\/dji-rs5\/#primaryimage"},"image":{"@id":"https:\/\/www.ghostysky.com\/product\/dji-rs5\/#primaryimage"},"thumbnailUrl":"https:\/\/www.ghostysky.com\/wp-content\/uploads\/2026\/05\/GH_DJI_RS5_1.jpg","datePublished":"2026-05-08T18:30:27+00:00","dateModified":"2026-05-08T18:31:02+00:00","description":"Le DJI RS 5, disponible en janvier 2026, est un stabilisateur l\u00e9ger de nouvelle g\u00e9n\u00e9ration con\u00e7u sp\u00e9cifiquement pour les cr\u00e9ateurs de contenu ind\u00e9pendants et les vid\u00e9astes des r\u00e9seaux sociaux. Tout en conservant le format compact de ses pr\u00e9d\u00e9cesseurs, il offre une puissance moteur et une stabilisation par intelligence artificielle nettement sup\u00e9rieures.","breadcrumb":{"@id":"https:\/\/www.ghostysky.com\/product\/dji-rs5\/#breadcrumb"},"inLanguage":"fr-FR","potentialAction":[{"@type":"ReadAction","target":["https:\/\/www.ghostysky.com\/product\/dji-rs5\/"]}]},{"@type":"ImageObject","inLanguage":"fr-FR","@id":"https:\/\/www.ghostysky.com\/product\/dji-rs5\/#primaryimage","url":"https:\/\/www.ghostysky.com\/wp-content\/uploads\/2026\/05\/GH_DJI_RS5_1.jpg","contentUrl":"https:\/\/www.ghostysky.com\/wp-content\/uploads\/2026\/05\/GH_DJI_RS5_1.jpg","width":1308,"height":1308},{"@type":"BreadcrumbList","@id":"https:\/\/www.ghostysky.com\/product\/dji-rs5\/#breadcrumb","itemListElement":[{"@type":"ListItem","position":1,"name":"Home","item":"https:\/\/www.ghostysky.com\/"},{"@type":"ListItem","position":2,"name":"Shop","item":"https:\/\/www.ghostysky.com\/shop\/"},{"@type":"ListItem","position":3,"name":"DJI RS5"}]},{"@type":"WebSite","@id":"https:\/\/www.ghostysky.com\/#website","url":"https:\/\/www.ghostysky.com\/","name":"Ghostysky","description":"Fourniture de solutions professionnelles en mati\u00e8re de drones et de robotique","publisher":{"@id":"https:\/\/www.ghostysky.com\/#organization"},"potentialAction":[{"@type":"SearchAction","target":{"@type":"EntryPoint","urlTemplate":"https:\/\/www.ghostysky.com\/?s={search_term_string}"},"query-input":{"@type":"PropertyValueSpecification","valueRequired":true,"valueName":"search_term_string"}}],"inLanguage":"fr-FR"},{"@type":"Organization","@id":"https:\/\/www.ghostysky.com\/#organization","name":"Ghostysky","url":"https:\/\/www.ghostysky.com\/","logo":{"@type":"ImageObject","inLanguage":"fr-FR","@id":"https:\/\/www.ghostysky.com\/#\/schema\/logo\/image\/","url":"https:\/\/www.ghostysky.com\/wp-content\/uploads\/2020\/06\/cropped-ghostyskylogo_text_white2.png","contentUrl":"https:\/\/www.ghostysky.com\/wp-content\/uploads\/2020\/06\/cropped-ghostyskylogo_text_white2.png","width":169,"height":56,"caption":"Ghostysky"},"image":{"@id":"https:\/\/www.ghostysky.com\/#\/schema\/logo\/image\/"},"sameAs":["https:\/\/www.facebook.com\/people\/Ghostysky\/100057676170234\/","https:\/\/x.com\/Gh0stysky","https:\/\/www.linkedin.com\/company\/34739653","https:\/\/www.instagram.com\/gh0stysky"]}]}},"_links":{"self":[{"href":"https:\/\/www.ghostysky.com\/fr\/wp-json\/wp\/v2\/product\/26104","targetHints":{"allow":["GET"]}}],"collection":[{"href":"https:\/\/www.ghostysky.com\/fr\/wp-json\/wp\/v2\/product"}],"about":[{"href":"https:\/\/www.ghostysky.com\/fr\/wp-json\/wp\/v2\/types\/product"}],"replies":[{"embeddable":true,"href":"https:\/\/www.ghostysky.com\/fr\/wp-json\/wp\/v2\/comments?post=26104"}],"version-history":[{"count":1,"href":"https:\/\/www.ghostysky.com\/fr\/wp-json\/wp\/v2\/product\/26104\/revisions"}],"predecessor-version":[{"id":26107,"href":"https:\/\/www.ghostysky.com\/fr\/wp-json\/wp\/v2\/product\/26104\/revisions\/26107"}],"wp:featuredmedia":[{"embeddable":true,"href":"https:\/\/www.ghostysky.com\/fr\/wp-json\/wp\/v2\/media\/26106"}],"wp:attachment":[{"href":"https:\/\/www.ghostysky.com\/fr\/wp-json\/wp\/v2\/media?parent=26104"}],"wp:term":[{"taxonomy":"product_brand","embeddable":true,"href":"https:\/\/www.ghostysky.com\/fr\/wp-json\/wp\/v2\/product_brand?post=26104"},{"taxonomy":"product_cat","embeddable":true,"href":"https:\/\/www.ghostysky.com\/fr\/wp-json\/wp\/v2\/product_cat?post=26104"},{"taxonomy":"product_tag","embeddable":true,"href":"https:\/\/www.ghostysky.com\/fr\/wp-json\/wp\/v2\/product_tag?post=26104"}],"curies":[{"name":"wp","href":"https:\/\/api.w.org\/{rel}","templated":true}]}}