{"id":26109,"date":"2026-05-08T18:33:30","date_gmt":"2026-05-08T18:33:30","guid":{"rendered":"https:\/\/www.ghostysky.com\/?post_type=product&#038;p=26109"},"modified":"2026-05-08T18:39:13","modified_gmt":"2026-05-08T18:39:13","slug":"dji-rs-5-combo","status":"publish","type":"product","link":"https:\/\/www.ghostysky.com\/fr\/product\/dji-rs-5-combo\/","title":{"rendered":"Combo DJI RS 5"},"content":{"rendered":"<h3 data-path-to-node=\"2\"><b data-path-to-node=\"2\" data-index-in-node=\"0\">Aper\u00e7u : L&#039;efficacit\u00e9 rencontre l&#039;intelligence<\/b><\/h3>\n<p id=\"p-rc_50e25a9004559d12-132\" data-path-to-node=\"3\"><span class=\"citation-208\">La RS 5 repr\u00e9sente un bond en avant significatif par rapport \u00e0 la RS 4, avec notamment : <\/span><b data-path-to-node=\"3\" data-index-in-node=\"61\"><span class=\"citation-208\">50% augmentation du couple moteur maximal<\/span><\/b><span class=\"citation-208\"> et les d\u00e9buts du <\/span><b data-path-to-node=\"3\" data-index-in-node=\"116\"><span class=\"citation-208\">Algorithme de stabilisation RS de 5e g\u00e9n\u00e9ration<\/span><\/b><span class=\"citation-208 citation-end-208\">.<\/span> <span class=\"citation-207\">Le Combo am\u00e9liore ce mat\u00e9riel gr\u00e2ce \u00e0 <\/span><b data-path-to-node=\"3\" data-index-in-node=\"194\"><span class=\"citation-207\">Module de suivi intelligent am\u00e9lior\u00e9<\/span><\/b><span class=\"citation-207 citation-end-207\">, vous permettant de s\u00e9lectionner et de suivre des sujets directement depuis l&#039;\u00e9cran tactile int\u00e9gr\u00e9 du stabilisateur, sans moniteur externe.<\/span><\/p>\n<h3 data-path-to-node=\"4\"><b data-path-to-node=\"4\" data-index-in-node=\"0\">Caract\u00e9ristiques principales<\/b><\/h3>\n<ul data-path-to-node=\"5\">\n<li>\n<p id=\"p-rc_50e25a9004559d12-133\" data-path-to-node=\"5,0,0\"><b data-path-to-node=\"5,0,0\" data-index-in-node=\"0\"><span class=\"citation-206 citation-end-206\">Charge utile de 3,0 kg (6,6 lbs) :<\/span><\/b><span class=\"citation-205\"> Il supporte facilement les configurations hybrides courantes (par exemple, Sony A7S III + 24-70 mm f\/2.8) malgr\u00e9 un poids de seulement <\/span><b data-path-to-node=\"5,0,0\" data-index-in-node=\"129\"><span class=\"citation-205\">1,46 kg<\/span><\/b><span class=\"citation-205 citation-end-205\">.<\/span><\/p>\n<\/li>\n<li>\n<p id=\"p-rc_50e25a9004559d12-134\" data-path-to-node=\"5,1,0\"><b data-path-to-node=\"5,1,0\" data-index-in-node=\"0\"><span class=\"citation-204\">Suivi intelligent am\u00e9lior\u00e9\u00a0:<\/span><\/b><span class=\"citation-204 citation-end-204\"> Module d&#039;intelligence artificielle magn\u00e9tique permettant de suivre les personnes, les v\u00e9hicules et les animaux domestiques \u00e0 des distances allant jusqu&#039;\u00e0 10 m\u00e8tres.<\/span><\/p>\n<\/li>\n<li>\n<p id=\"p-rc_50e25a9004559d12-135\" data-path-to-node=\"5,2,0\"><b data-path-to-node=\"5,2,0\" data-index-in-node=\"0\"><span class=\"citation-203\">Verrous d&#039;axe automatis\u00e9s de 2e g\u00e9n\u00e9ration\u00a0:<\/span><\/b><span class=\"citation-203 citation-end-203\"> Le stabilisateur se d\u00e9plie\/replie et se verrouille automatiquement lorsqu&#039;il est allum\u00e9 ou \u00e9teint, rendant les transitions quasi instantan\u00e9es.<\/span><\/p>\n<\/li>\n<li>\n<p id=\"p-rc_50e25a9004559d12-136\" data-path-to-node=\"5,3,0\"><b data-path-to-node=\"5,3,0\" data-index-in-node=\"0\">Prise de vue verticale native de 3e g\u00e9n\u00e9ration\u00a0:<\/b><span class=\"citation-202 citation-end-202\"> Passez en mode vertical pour TikTok ou Reels en quelques secondes en remontant simplement la plaque horizontale\u00a0; aucun accessoire suppl\u00e9mentaire n\u2019est requis.<\/span><\/p>\n<\/li>\n<li>\n<p id=\"p-rc_50e25a9004559d12-137\" data-path-to-node=\"5,4,0\"><b data-path-to-node=\"5,4,0\" data-index-in-node=\"0\"><span class=\"citation-201\">Indicateur de l&#039;axe Z\u00a0:<\/span><\/b><span class=\"citation-201 citation-end-201\"> Un nouveau syst\u00e8me de retour visuel \u00e0 l&#039;\u00e9cran vous aide \u00e0 ajuster votre d\u00e9marche pour \u00e9liminer les tremblements de votre enregistrement vid\u00e9o.<\/span><\/p>\n<p>&nbsp;<\/li>\n<\/ul>\n<h3 data-path-to-node=\"7\"><b data-path-to-node=\"7\" data-index-in-node=\"0\">Que contient le \u201c combo \u201d ?<\/b><\/h3>\n<p data-path-to-node=\"8\">Alors que la RS 5 standard inclut les fonctionnalit\u00e9s de base, la <b data-path-to-node=\"8\" data-index-in-node=\"49\">Combo<\/b> Il s&#039;agit de la version \u201c pr\u00eate pour la production \u201d. Elle comprend plusieurs accessoires essentiels\u00a0:<\/p>\n<table data-path-to-node=\"9\">\n<thead>\n<tr>\n<td><strong>Accessoire<\/strong><\/td>\n<td><strong>But<\/strong><\/td>\n<\/tr>\n<\/thead>\n<tbody>\n<tr>\n<td><span data-path-to-node=\"9,1,0,0\"><b data-path-to-node=\"9,1,0,0\" data-index-in-node=\"0\">Module de suivi intelligent am\u00e9lior\u00e9<\/b><\/span><\/td>\n<td><span data-path-to-node=\"9,1,1,0\">Permet la s\u00e9lection et le suivi du sujet par IA directement sur l&#039;\u00e9cran du stabilisateur.<\/span><\/td>\n<\/tr>\n<tr>\n<td><span data-path-to-node=\"9,2,0,0\"><b data-path-to-node=\"9,2,0,0\" data-index-in-node=\"0\">Poign\u00e9e de porte-documents \u00e9lectronique<\/b><\/span><\/td>\n<td><span data-path-to-node=\"9,2,1,0\">Offre une ergonomie en angle bas et une commande \u00e0 distance de la nacelle\/cam\u00e9ra via un joystick int\u00e9gr\u00e9.<\/span><\/td>\n<\/tr>\n<tr>\n<td><span data-path-to-node=\"9,3,0,0\"><b data-path-to-node=\"9,3,0,0\" data-index-in-node=\"0\">Moteur Focus Pro (Compatibilit\u00e9)<\/b><\/span><\/td>\n<td><span data-path-to-node=\"9,3,1,0\">Prend en charge les configurations \u00e0 double moteur pour un contr\u00f4le simultan\u00e9 du zoom et de la mise au point.<\/span><\/td>\n<\/tr>\n<tr>\n<td><span data-path-to-node=\"9,4,0,0\"><b data-path-to-node=\"9,4,0,0\" data-index-in-node=\"0\">\u00c9tui de transport<\/b><\/span><\/td>\n<td><span data-path-to-node=\"9,4,1,0\">Une housse rembourr\u00e9e d\u00e9di\u00e9e pour le stabilisateur et tous les accessoires inclus.<\/span><\/td>\n<\/tr>\n<tr>\n<td><span data-path-to-node=\"9,5,0,0\"><b data-path-to-node=\"9,5,0,0\" data-index-in-node=\"0\">C\u00e2ble de commande multicam\u00e9ra en forme de L<\/b><\/span><\/td>\n<td><span data-path-to-node=\"9,5,1,0\">Optimis\u00e9 pour une gestion des c\u00e2bles plus propre.<\/span><\/td>\n<\/tr>\n<\/tbody>\n<\/table>\n<p>&nbsp;<\/p>\n<h3 data-path-to-node=\"11\"><b data-path-to-node=\"11\" data-index-in-node=\"0\">Batterie et alimentation<\/b><\/h3>\n<p id=\"p-rc_50e25a9004559d12-138\" data-path-to-node=\"12\"><span class=\"citation-200 citation-end-200\">La RS 5 est dot\u00e9e d&#039;un syst\u00e8me d&#039;alimentation perfectionn\u00e9 qui privil\u00e9gie les d\u00e9lais de r\u00e9ponse rapides\u00a0:<\/span><\/p>\n<ul data-path-to-node=\"13\">\n<li>\n<p id=\"p-rc_50e25a9004559d12-139\" data-path-to-node=\"13,0,0\"><b data-path-to-node=\"13,0,0\" data-index-in-node=\"0\"><span class=\"citation-199\">Dur\u00e9e d&#039;utilisation : 14 heures<\/span><\/b><span class=\"citation-199 citation-end-199\"> Fourni par la poign\u00e9e d&#039;alimentation standard BG33.<\/span><\/p>\n<\/li>\n<li>\n<p id=\"p-rc_50e25a9004559d12-140\" data-path-to-node=\"13,1,0\"><b data-path-to-node=\"13,1,0\" data-index-in-node=\"0\">Charge rapide :<\/b><span class=\"citation-198\"> Atteint un <\/span><b data-path-to-node=\"13,1,0\" data-index-in-node=\"25\"><span class=\"citation-198\">Le 100% se recharge en seulement 1 heure<\/span><\/b><span class=\"citation-198 citation-end-198\"> (une am\u00e9lioration 60% par rapport \u00e0 la g\u00e9n\u00e9ration pr\u00e9c\u00e9dente).<\/span><\/p>\n<\/li>\n<li>\n<p id=\"p-rc_50e25a9004559d12-141\" data-path-to-node=\"13,2,0\"><b data-path-to-node=\"13,2,0\" data-index-in-node=\"0\"><span class=\"citation-197\">Option haute capacit\u00e9\u00a0:<\/span><\/b><span class=\"citation-197\"> Compatible avec la poign\u00e9e RS BG70, qui \u00e9tend l&#039;autonomie \u00e0 une dur\u00e9e consid\u00e9rable <\/span><b data-path-to-node=\"13,2,0\" data-index-in-node=\"91\"><span class=\"citation-197\">30 heures<\/span><\/b><span class=\"citation-197 citation-end-197\">.<\/span><\/p>\n<p>&nbsp;<\/li>\n<\/ul>\n<h3 data-path-to-node=\"15\"><b data-path-to-node=\"15\" data-index-in-node=\"0\">Soutien \u00e9largi \u00e0 l&#039;\u00e9cosyst\u00e8me<\/b><\/h3>\n<p id=\"p-rc_50e25a9004559d12-142\" data-path-to-node=\"16\">Le RS 5 Combo sert de plaque tournante pour l&#039;ensemble de votre installation. <span class=\"citation-196\">Il comprend d\u00e9sormais <\/span><b data-path-to-node=\"16\" data-index-in-node=\"66\"><span class=\"citation-196\">Prise en charge du d\u00e9clencheur Bluetooth<\/span><\/b><span class=\"citation-196\"> pour plus de marques, y compris <\/span><b data-path-to-node=\"16\" data-index-in-node=\"119\"><span class=\"citation-196\">Panasonic et Fujifilm<\/span><\/b><span class=\"citation-196 citation-end-196\">, aux c\u00f4t\u00e9s de Sony, Canon et Nikon.<\/span> <span class=\"citation-195\">Il s&#039;int\u00e8gre \u00e9galement nativement avec <\/span><b data-path-to-node=\"16\" data-index-in-node=\"214\"><span class=\"citation-195\">Transmission DJI SDR<\/span><\/b><span class=\"citation-195 citation-end-195\"> Syst\u00e8me de surveillance en direct haute d\u00e9finition et de contr\u00f4le \u00e0 distance de la nacelle.<\/span><\/p>","protected":false},"excerpt":{"rendered":"<p><span class=\"citation-210\">Le <\/span><b data-path-to-node=\"0\" data-index-in-node=\"4\"><span class=\"citation-210\">Combo DJI RS 5<\/span><\/b><span class=\"citation-210 citation-end-210\"> est la version professionnelle du stabilisateur commercial l\u00e9ger de DJI, sortie d\u00e9but 2026.<\/span> <span class=\"citation-209 citation-end-209\">Ce kit est sp\u00e9cialement con\u00e7u pour les cr\u00e9ateurs ind\u00e9pendants et les tireurs hybrides qui ont besoin de plus qu&#039;une simple stabilisation\u00a0: il ajoute un suivi IA avanc\u00e9 et des outils de contr\u00f4le ergonomiques qui ne sont pas inclus dans la version autonome.<\/span><\/p>","protected":false},"featured_media":26110,"comment_status":"open","ping_status":"closed","template":"","meta":[],"product_brand":[1031],"product_cat":[1301,1452],"product_tag":[42,1454],"class_list":{"0":"post-26109","1":"product","2":"type-product","3":"status-publish","4":"has-post-thumbnail","6":"product_brand-dji","7":"product_cat-dji-handled","8":"product_cat-rs5","9":"product_tag-dji","10":"product_tag-dji-rs5","12":"first","13":"outofstock","14":"taxable","15":"shipping-taxable","16":"purchasable","17":"product-type-simple"},"yoast_head":"<!-- This site is optimized with the Yoast SEO plugin v27.4 - https:\/\/yoast.com\/product\/yoast-seo-wordpress\/ -->\n<title>DJI RS 5 Combo - Ghostysky<\/title>\n<meta name=\"description\" content=\"The DJI RS 5 Combo is the professional expansion of DJI\u2019s lightweight commercial stabilizer, released in early 2026. This kit is specifically designed for solo creators and hybrid shooters who need more than just stabilization\u2014it adds advanced AI tracking and ergonomic control tools that aren&#039;t included in the standalone version.\" \/>\n<meta name=\"robots\" content=\"index, follow, max-snippet:-1, max-image-preview:large, max-video-preview:-1\" \/>\n<link rel=\"canonical\" href=\"https:\/\/www.ghostysky.com\/fr\/product\/dji-rs-5-combo\/\" \/>\n<meta property=\"og:locale\" content=\"fr_FR\" \/>\n<meta property=\"og:type\" content=\"article\" \/>\n<meta property=\"og:title\" content=\"DJI RS 5 Combo - Ghostysky\" \/>\n<meta property=\"og:description\" content=\"The DJI RS 5 Combo is the professional expansion of DJI\u2019s lightweight commercial stabilizer, released in early 2026. This kit is specifically designed for solo creators and hybrid shooters who need more than just stabilization\u2014it adds advanced AI tracking and ergonomic control tools that aren&#039;t included in the standalone version.\" \/>\n<meta property=\"og:url\" content=\"https:\/\/www.ghostysky.com\/fr\/product\/dji-rs-5-combo\/\" \/>\n<meta property=\"og:site_name\" content=\"Ghostysky\" \/>\n<meta property=\"article:publisher\" content=\"https:\/\/www.facebook.com\/people\/Ghostysky\/100057676170234\/\" \/>\n<meta property=\"article:modified_time\" content=\"2026-05-08T18:39:13+00:00\" \/>\n<meta property=\"og:image\" content=\"https:\/\/www.ghostysky.com\/wp-content\/uploads\/2026\/05\/GH_DJI_RS5_Combo_1.jpg\" \/>\n\t<meta property=\"og:image:width\" content=\"1308\" \/>\n\t<meta property=\"og:image:height\" content=\"1308\" \/>\n\t<meta property=\"og:image:type\" content=\"image\/jpeg\" \/>\n<meta name=\"twitter:card\" content=\"summary_large_image\" \/>\n<meta name=\"twitter:site\" content=\"@Gh0stysky\" \/>\n<meta name=\"twitter:label1\" content=\"Dur\u00e9e de lecture estim\u00e9e\" \/>\n\t<meta name=\"twitter:data1\" content=\"2 minutes\" \/>\n<script type=\"application\/ld+json\" class=\"yoast-schema-graph\">{\"@context\":\"https:\\\/\\\/schema.org\",\"@graph\":[{\"@type\":\"WebPage\",\"@id\":\"https:\\\/\\\/www.ghostysky.com\\\/product\\\/dji-rs-5-combo\\\/\",\"url\":\"https:\\\/\\\/www.ghostysky.com\\\/product\\\/dji-rs-5-combo\\\/\",\"name\":\"DJI RS 5 Combo - Ghostysky\",\"isPartOf\":{\"@id\":\"https:\\\/\\\/www.ghostysky.com\\\/#website\"},\"primaryImageOfPage\":{\"@id\":\"https:\\\/\\\/www.ghostysky.com\\\/product\\\/dji-rs-5-combo\\\/#primaryimage\"},\"image\":{\"@id\":\"https:\\\/\\\/www.ghostysky.com\\\/product\\\/dji-rs-5-combo\\\/#primaryimage\"},\"thumbnailUrl\":\"https:\\\/\\\/www.ghostysky.com\\\/wp-content\\\/uploads\\\/2026\\\/05\\\/GH_DJI_RS5_Combo_1.jpg\",\"datePublished\":\"2026-05-08T18:33:30+00:00\",\"dateModified\":\"2026-05-08T18:39:13+00:00\",\"description\":\"The DJI RS 5 Combo is the professional expansion of DJI\u2019s lightweight commercial stabilizer, released in early 2026. This kit is specifically designed for solo creators and hybrid shooters who need more than just stabilization\u2014it adds advanced AI tracking and ergonomic control tools that aren't included in the standalone version.\",\"breadcrumb\":{\"@id\":\"https:\\\/\\\/www.ghostysky.com\\\/product\\\/dji-rs-5-combo\\\/#breadcrumb\"},\"inLanguage\":\"fr-FR\",\"potentialAction\":[{\"@type\":\"ReadAction\",\"target\":[\"https:\\\/\\\/www.ghostysky.com\\\/product\\\/dji-rs-5-combo\\\/\"]}]},{\"@type\":\"ImageObject\",\"inLanguage\":\"fr-FR\",\"@id\":\"https:\\\/\\\/www.ghostysky.com\\\/product\\\/dji-rs-5-combo\\\/#primaryimage\",\"url\":\"https:\\\/\\\/www.ghostysky.com\\\/wp-content\\\/uploads\\\/2026\\\/05\\\/GH_DJI_RS5_Combo_1.jpg\",\"contentUrl\":\"https:\\\/\\\/www.ghostysky.com\\\/wp-content\\\/uploads\\\/2026\\\/05\\\/GH_DJI_RS5_Combo_1.jpg\",\"width\":1308,\"height\":1308},{\"@type\":\"BreadcrumbList\",\"@id\":\"https:\\\/\\\/www.ghostysky.com\\\/product\\\/dji-rs-5-combo\\\/#breadcrumb\",\"itemListElement\":[{\"@type\":\"ListItem\",\"position\":1,\"name\":\"Home\",\"item\":\"https:\\\/\\\/www.ghostysky.com\\\/\"},{\"@type\":\"ListItem\",\"position\":2,\"name\":\"Shop\",\"item\":\"https:\\\/\\\/www.ghostysky.com\\\/shop\\\/\"},{\"@type\":\"ListItem\",\"position\":3,\"name\":\"DJI RS 5 Combo\"}]},{\"@type\":\"WebSite\",\"@id\":\"https:\\\/\\\/www.ghostysky.com\\\/#website\",\"url\":\"https:\\\/\\\/www.ghostysky.com\\\/\",\"name\":\"Ghostysky\",\"description\":\"Delivering professional drones and robotics solutions\",\"publisher\":{\"@id\":\"https:\\\/\\\/www.ghostysky.com\\\/#organization\"},\"potentialAction\":[{\"@type\":\"SearchAction\",\"target\":{\"@type\":\"EntryPoint\",\"urlTemplate\":\"https:\\\/\\\/www.ghostysky.com\\\/?s={search_term_string}\"},\"query-input\":{\"@type\":\"PropertyValueSpecification\",\"valueRequired\":true,\"valueName\":\"search_term_string\"}}],\"inLanguage\":\"fr-FR\"},{\"@type\":\"Organization\",\"@id\":\"https:\\\/\\\/www.ghostysky.com\\\/#organization\",\"name\":\"Ghostysky\",\"url\":\"https:\\\/\\\/www.ghostysky.com\\\/\",\"logo\":{\"@type\":\"ImageObject\",\"inLanguage\":\"fr-FR\",\"@id\":\"https:\\\/\\\/www.ghostysky.com\\\/#\\\/schema\\\/logo\\\/image\\\/\",\"url\":\"https:\\\/\\\/www.ghostysky.com\\\/wp-content\\\/uploads\\\/2020\\\/06\\\/cropped-ghostyskylogo_text_white2.png\",\"contentUrl\":\"https:\\\/\\\/www.ghostysky.com\\\/wp-content\\\/uploads\\\/2020\\\/06\\\/cropped-ghostyskylogo_text_white2.png\",\"width\":169,\"height\":56,\"caption\":\"Ghostysky\"},\"image\":{\"@id\":\"https:\\\/\\\/www.ghostysky.com\\\/#\\\/schema\\\/logo\\\/image\\\/\"},\"sameAs\":[\"https:\\\/\\\/www.facebook.com\\\/people\\\/Ghostysky\\\/100057676170234\\\/\",\"https:\\\/\\\/x.com\\\/Gh0stysky\",\"https:\\\/\\\/www.linkedin.com\\\/company\\\/34739653\",\"https:\\\/\\\/www.instagram.com\\\/gh0stysky\"]}]}<\/script>\n<!-- \/ Yoast SEO plugin. -->","yoast_head_json":{"title":"DJI RS 5 Combo - Ghostysky","description":"Le DJI RS 5 Combo est la version professionnelle du stabilisateur commercial l\u00e9ger de DJI, sortie d\u00e9but 2026. Ce kit est sp\u00e9cialement con\u00e7u pour les cr\u00e9ateurs ind\u00e9pendants et les vid\u00e9astes hybrides qui ont besoin de plus qu&#039;une simple stabilisation\u00a0: il ajoute un suivi IA avanc\u00e9 et des outils de contr\u00f4le ergonomiques qui ne sont pas inclus dans la version autonome.","robots":{"index":"index","follow":"follow","max-snippet":"max-snippet:-1","max-image-preview":"max-image-preview:large","max-video-preview":"max-video-preview:-1"},"canonical":"https:\/\/www.ghostysky.com\/fr\/product\/dji-rs-5-combo\/","og_locale":"fr_FR","og_type":"article","og_title":"DJI RS 5 Combo - Ghostysky","og_description":"The DJI RS 5 Combo is the professional expansion of DJI\u2019s lightweight commercial stabilizer, released in early 2026. This kit is specifically designed for solo creators and hybrid shooters who need more than just stabilization\u2014it adds advanced AI tracking and ergonomic control tools that aren't included in the standalone version.","og_url":"https:\/\/www.ghostysky.com\/fr\/product\/dji-rs-5-combo\/","og_site_name":"Ghostysky","article_publisher":"https:\/\/www.facebook.com\/people\/Ghostysky\/100057676170234\/","article_modified_time":"2026-05-08T18:39:13+00:00","og_image":[{"width":1308,"height":1308,"url":"https:\/\/www.ghostysky.com\/wp-content\/uploads\/2026\/05\/GH_DJI_RS5_Combo_1.jpg","type":"image\/jpeg"}],"twitter_card":"summary_large_image","twitter_site":"@Gh0stysky","twitter_misc":{"Dur\u00e9e de lecture estim\u00e9e":"2 minutes"},"schema":{"@context":"https:\/\/schema.org","@graph":[{"@type":"WebPage","@id":"https:\/\/www.ghostysky.com\/product\/dji-rs-5-combo\/","url":"https:\/\/www.ghostysky.com\/product\/dji-rs-5-combo\/","name":"DJI RS 5 Combo - Ghostysky","isPartOf":{"@id":"https:\/\/www.ghostysky.com\/#website"},"primaryImageOfPage":{"@id":"https:\/\/www.ghostysky.com\/product\/dji-rs-5-combo\/#primaryimage"},"image":{"@id":"https:\/\/www.ghostysky.com\/product\/dji-rs-5-combo\/#primaryimage"},"thumbnailUrl":"https:\/\/www.ghostysky.com\/wp-content\/uploads\/2026\/05\/GH_DJI_RS5_Combo_1.jpg","datePublished":"2026-05-08T18:33:30+00:00","dateModified":"2026-05-08T18:39:13+00:00","description":"Le DJI RS 5 Combo est la version professionnelle du stabilisateur commercial l\u00e9ger de DJI, sortie d\u00e9but 2026. Ce kit est sp\u00e9cialement con\u00e7u pour les cr\u00e9ateurs ind\u00e9pendants et les vid\u00e9astes hybrides qui ont besoin de plus qu&#039;une simple stabilisation\u00a0: il ajoute un suivi IA avanc\u00e9 et des outils de contr\u00f4le ergonomiques qui ne sont pas inclus dans la version autonome.","breadcrumb":{"@id":"https:\/\/www.ghostysky.com\/product\/dji-rs-5-combo\/#breadcrumb"},"inLanguage":"fr-FR","potentialAction":[{"@type":"ReadAction","target":["https:\/\/www.ghostysky.com\/product\/dji-rs-5-combo\/"]}]},{"@type":"ImageObject","inLanguage":"fr-FR","@id":"https:\/\/www.ghostysky.com\/product\/dji-rs-5-combo\/#primaryimage","url":"https:\/\/www.ghostysky.com\/wp-content\/uploads\/2026\/05\/GH_DJI_RS5_Combo_1.jpg","contentUrl":"https:\/\/www.ghostysky.com\/wp-content\/uploads\/2026\/05\/GH_DJI_RS5_Combo_1.jpg","width":1308,"height":1308},{"@type":"BreadcrumbList","@id":"https:\/\/www.ghostysky.com\/product\/dji-rs-5-combo\/#breadcrumb","itemListElement":[{"@type":"ListItem","position":1,"name":"Home","item":"https:\/\/www.ghostysky.com\/"},{"@type":"ListItem","position":2,"name":"Shop","item":"https:\/\/www.ghostysky.com\/shop\/"},{"@type":"ListItem","position":3,"name":"DJI RS 5 Combo"}]},{"@type":"WebSite","@id":"https:\/\/www.ghostysky.com\/#website","url":"https:\/\/www.ghostysky.com\/","name":"Ghostysky","description":"Fourniture de solutions professionnelles en mati\u00e8re de drones et de robotique","publisher":{"@id":"https:\/\/www.ghostysky.com\/#organization"},"potentialAction":[{"@type":"SearchAction","target":{"@type":"EntryPoint","urlTemplate":"https:\/\/www.ghostysky.com\/?s={search_term_string}"},"query-input":{"@type":"PropertyValueSpecification","valueRequired":true,"valueName":"search_term_string"}}],"inLanguage":"fr-FR"},{"@type":"Organization","@id":"https:\/\/www.ghostysky.com\/#organization","name":"Ghostysky","url":"https:\/\/www.ghostysky.com\/","logo":{"@type":"ImageObject","inLanguage":"fr-FR","@id":"https:\/\/www.ghostysky.com\/#\/schema\/logo\/image\/","url":"https:\/\/www.ghostysky.com\/wp-content\/uploads\/2020\/06\/cropped-ghostyskylogo_text_white2.png","contentUrl":"https:\/\/www.ghostysky.com\/wp-content\/uploads\/2020\/06\/cropped-ghostyskylogo_text_white2.png","width":169,"height":56,"caption":"Ghostysky"},"image":{"@id":"https:\/\/www.ghostysky.com\/#\/schema\/logo\/image\/"},"sameAs":["https:\/\/www.facebook.com\/people\/Ghostysky\/100057676170234\/","https:\/\/x.com\/Gh0stysky","https:\/\/www.linkedin.com\/company\/34739653","https:\/\/www.instagram.com\/gh0stysky"]}]}},"_links":{"self":[{"href":"https:\/\/www.ghostysky.com\/fr\/wp-json\/wp\/v2\/product\/26109","targetHints":{"allow":["GET"]}}],"collection":[{"href":"https:\/\/www.ghostysky.com\/fr\/wp-json\/wp\/v2\/product"}],"about":[{"href":"https:\/\/www.ghostysky.com\/fr\/wp-json\/wp\/v2\/types\/product"}],"replies":[{"embeddable":true,"href":"https:\/\/www.ghostysky.com\/fr\/wp-json\/wp\/v2\/comments?post=26109"}],"version-history":[{"count":1,"href":"https:\/\/www.ghostysky.com\/fr\/wp-json\/wp\/v2\/product\/26109\/revisions"}],"predecessor-version":[{"id":26112,"href":"https:\/\/www.ghostysky.com\/fr\/wp-json\/wp\/v2\/product\/26109\/revisions\/26112"}],"wp:featuredmedia":[{"embeddable":true,"href":"https:\/\/www.ghostysky.com\/fr\/wp-json\/wp\/v2\/media\/26110"}],"wp:attachment":[{"href":"https:\/\/www.ghostysky.com\/fr\/wp-json\/wp\/v2\/media?parent=26109"}],"wp:term":[{"taxonomy":"product_brand","embeddable":true,"href":"https:\/\/www.ghostysky.com\/fr\/wp-json\/wp\/v2\/product_brand?post=26109"},{"taxonomy":"product_cat","embeddable":true,"href":"https:\/\/www.ghostysky.com\/fr\/wp-json\/wp\/v2\/product_cat?post=26109"},{"taxonomy":"product_tag","embeddable":true,"href":"https:\/\/www.ghostysky.com\/fr\/wp-json\/wp\/v2\/product_tag?post=26109"}],"curies":[{"name":"wp","href":"https:\/\/api.w.org\/{rel}","templated":true}]}}