{"id":26114,"date":"2026-05-08T18:43:43","date_gmt":"2026-05-08T18:43:43","guid":{"rendered":"https:\/\/www.ghostysky.com\/?post_type=product&#038;p=26114"},"modified":"2026-05-08T18:48:48","modified_gmt":"2026-05-08T18:48:48","slug":"dji-rs-bg33-battery-grip","status":"publish","type":"product","link":"https:\/\/www.ghostysky.com\/fr\/product\/dji-rs-bg33-battery-grip\/","title":{"rendered":"Poign\u00e9e d&#039;alimentation DJI RS BG33"},"content":{"rendered":"<h3 data-path-to-node=\"2\"><b data-path-to-node=\"2\" data-index-in-node=\"0\">Caract\u00e9ristiques principales<\/b><\/h3>\n<ul data-path-to-node=\"3\">\n<li>\n<p id=\"p-rc_e5731d622d420add-156\" data-path-to-node=\"3,0,0\"><b data-path-to-node=\"3,0,0\" data-index-in-node=\"0\"><span class=\"citation-251\">Autonomie \u00e9tendue \u00e0 14 heures\u00a0:<\/span><\/b><span class=\"citation-251\"> Livre jusqu&#039;\u00e0 <\/span><b data-path-to-node=\"3,0,0\" data-index-in-node=\"41\"><span class=\"citation-251\">14 heures<\/span><\/b><span class=\"citation-251 citation-end-251\"> de temps en veille (test\u00e9 avec un stabilisateur \u00e9quilibr\u00e9 et stationnaire), ce qui le rend id\u00e9al pour les mariages d&#039;une journ\u00e9e enti\u00e8re, les documentaires ou les tournages commerciaux.<\/span><\/p>\n<\/li>\n<li>\n<p id=\"p-rc_e5731d622d420add-157\" data-path-to-node=\"3,1,0\"><b data-path-to-node=\"3,1,0\" data-index-in-node=\"0\">Charge rapide PD :<\/b><span class=\"citation-250 citation-end-250\"> Prend en charge la distribution d&#039;\u00e9nergie \u00e0 haute vitesse.<\/span> <span class=\"citation-249\">Lors de l&#039;utilisation d&#039;un <\/span><b data-path-to-node=\"3,1,0\" data-index-in-node=\"73\"><span class=\"citation-249\">Chargeur PD 65 W<\/span><\/b><span class=\"citation-249\">, la poign\u00e9e peut \u00eatre enti\u00e8rement recharg\u00e9e en seulement <\/span><b data-path-to-node=\"3,1,0\" data-index-in-node=\"131\"><span class=\"citation-249\">1 heure<\/span><\/b><span class=\"citation-249 citation-end-249\">, vous permettant de reprendre le travail plus rapidement.<\/span><\/p>\n<\/li>\n<li>\n<p id=\"p-rc_e5731d622d420add-158\" data-path-to-node=\"3,2,0\"><b data-path-to-node=\"3,2,0\" data-index-in-node=\"0\"><span class=\"citation-248\">Conception int\u00e9gr\u00e9e :<\/span><\/b><span class=\"citation-248 citation-end-248\"> Elle combine les cellules de la batterie et la poign\u00e9e en une seule unit\u00e9 \u00e9l\u00e9gante qui se glisse facilement dans le port de montage du stabilisateur.<\/span><\/p>\n<\/li>\n<li>\n<p id=\"p-rc_e5731d622d420add-159\" data-path-to-node=\"3,3,0\"><b data-path-to-node=\"3,3,0\" data-index-in-node=\"0\">Recharge polyvalente\u00a0:<\/b><span class=\"citation-247 citation-end-247\"> Il est dot\u00e9 d&#039;un port USB-C d\u00e9di\u00e9, vous permettant de recharger la poign\u00e9e ind\u00e9pendamment du stabilisateur.<\/span><\/p>\n<p>&nbsp;<\/li>\n<\/ul>\n<h3 data-path-to-node=\"5\"><b data-path-to-node=\"5\" data-index-in-node=\"0\">Sp\u00e9cifications techniques<\/b><\/h3>\n<table data-path-to-node=\"6\">\n<thead>\n<tr>\n<td><strong>Fonctionnalit\u00e9<\/strong><\/td>\n<td><strong>Sp\u00e9cification<\/strong><\/td>\n<\/tr>\n<\/thead>\n<tbody>\n<tr>\n<td><span data-path-to-node=\"6,1,0,0\"><b data-path-to-node=\"6,1,0,0\" data-index-in-node=\"0\">Capacit\u00e9<\/b><\/span><\/td>\n<td><span data-path-to-node=\"6,1,1,0\">2150 mAh<\/span><\/td>\n<\/tr>\n<tr>\n<td><span data-path-to-node=\"6,2,0,0\"><b data-path-to-node=\"6,2,0,0\" data-index-in-node=\"0\">Secteur de l'\u00e9nergie<\/b><\/span><\/td>\n<td><span data-path-to-node=\"6,2,1,0\">33,29 Wh<\/span><\/td>\n<\/tr>\n<tr>\n<td><span data-path-to-node=\"6,3,0,0\"><b data-path-to-node=\"6,3,0,0\" data-index-in-node=\"0\">Plage de tension<\/b><\/span><\/td>\n<td><span data-path-to-node=\"6,3,1,0\">11,2 V \u00e0 17,8 V<\/span><\/td>\n<\/tr>\n<tr>\n<td><span data-path-to-node=\"6,4,0,0\"><b data-path-to-node=\"6,4,0,0\" data-index-in-node=\"0\">Entr\u00e9e de charge<\/b><\/span><\/td>\n<td><span data-path-to-node=\"6,4,1,0\">USB-C (5V\/3A, 9V\/3A, 12V\/3A, 15V\/3A, 20V\/3A)<\/span><\/td>\n<\/tr>\n<tr>\n<td><span data-path-to-node=\"6,5,0,0\"><b data-path-to-node=\"6,5,0,0\" data-index-in-node=\"0\">Temps de charge complet<\/b><\/span><\/td>\n<td><span data-path-to-node=\"6,5,1,0\">Environ 1 heure (avec un chargeur PD de 65 W)<\/span><\/td>\n<\/tr>\n<tr>\n<td><span data-path-to-node=\"6,6,0,0\"><b data-path-to-node=\"6,6,0,0\" data-index-in-node=\"0\">Poids<\/b><\/span><\/td>\n<td><span data-path-to-node=\"6,6,1,0\">Environ 310 g<\/span><\/td>\n<\/tr>\n<\/tbody>\n<\/table>\n<p>&nbsp;<\/p>\n<h3 data-path-to-node=\"8\"><b data-path-to-node=\"8\" data-index-in-node=\"0\">Compatibilit\u00e9<\/b><\/h3>\n<p id=\"p-rc_e5731d622d420add-160\" data-path-to-node=\"9\"><span class=\"citation-246\">Bien que principalement publi\u00e9 en m\u00eame temps que <\/span><b data-path-to-node=\"9\" data-index-in-node=\"39\"><span class=\"citation-246\">DJI RS 5<\/span><\/b><span class=\"citation-246 citation-end-246\">, le BG33 maintient un haut niveau de compatibilit\u00e9 crois\u00e9e au sein de l&#039;\u00e9cosyst\u00e8me Ronin.<\/span> Il est officiellement pris en charge pour\u00a0:<\/p>\n<ul data-path-to-node=\"10\">\n<li>\n<p data-path-to-node=\"10,0,0\"><b data-path-to-node=\"10,0,0\" data-index-in-node=\"0\">DJI RS 5<\/b><\/p>\n<\/li>\n<li>\n<p id=\"p-rc_e5731d622d420add-161\" data-path-to-node=\"10,1,0\"><b data-path-to-node=\"10,1,0\" data-index-in-node=\"0\"><span class=\"citation-245 citation-end-245\">DJI RS 4 Pro<\/span><\/b><\/p>\n<\/li>\n<li>\n<p id=\"p-rc_e5731d622d420add-162\" data-path-to-node=\"10,2,0\"><b data-path-to-node=\"10,2,0\" data-index-in-node=\"0\"><span class=\"citation-244 citation-end-244\">DJI RS 4<\/span><\/b><\/p>\n<\/li>\n<li>\n<p data-path-to-node=\"10,3,0\"><b data-path-to-node=\"10,3,0\" data-index-in-node=\"0\">DJI RS 3 Pro<\/b><\/p>\n<\/li>\n<li>\n<p id=\"p-rc_e5731d622d420add-163\" data-path-to-node=\"10,4,0\"><b data-path-to-node=\"10,4,0\" data-index-in-node=\"0\"><span class=\"citation-243 citation-end-243 interactive-span-hovered\">DJI RS 3<\/span><\/b><\/p>\n<\/li>\n<li>\n<p id=\"p-rc_e5731d622d420add-164\" data-path-to-node=\"10,5,0\"><b data-path-to-node=\"10,5,0\" data-index-in-node=\"0\"><span class=\"citation-242 citation-end-242 interactive-span-hovered\">DJI RS 2<\/span><\/b><\/p>\n<\/li>\n<\/ul>\n<blockquote data-path-to-node=\"11\">\n<p id=\"p-rc_e5731d622d420add-165\" data-path-to-node=\"11,0\"><b data-path-to-node=\"11,0\" data-index-in-node=\"0\">Note:<\/b><span class=\"citation-241 citation-end-241\"> L&#039;autonomie en veille varie en fonction du poids de votre \u00e9quipement cam\u00e9ra et de l&#039;\u00e9quilibre du stabilisateur.<\/span> Pour des performances optimales, assurez-vous toujours que vos verrous d&#039;axe sont correctement r\u00e9gl\u00e9s.<\/p>\n<\/blockquote>","protected":false},"excerpt":{"rendered":"<p><span class=\"citation-253\">Le <\/span><b data-path-to-node=\"0\" data-index-in-node=\"4\"><span class=\"citation-253\">Poign\u00e9e d&#039;alimentation DJI RS BG33<\/span><\/b><span class=\"citation-253 citation-end-253\"> est une solution d&#039;alimentation haute performance con\u00e7ue pour maintenir votre \u00e9lan cr\u00e9atif.<\/span> <span class=\"citation-252 citation-end-252\">Sp\u00e9cialement optimis\u00e9e pour la derni\u00e8re g\u00e9n\u00e9ration de stabilisateurs DJI, cette poign\u00e9e sert \u00e0 la fois de source d&#039;alimentation principale et de poign\u00e9e ergonomique, vous permettant de filmer toute la journ\u00e9e sans la crainte d&#039;une batterie faible.<\/span><\/p>","protected":false},"featured_media":26118,"comment_status":"open","ping_status":"closed","template":"","meta":[],"product_brand":[1031],"product_cat":[1301,1453],"product_tag":[1454,1455],"class_list":{"0":"post-26114","1":"product","2":"type-product","3":"status-publish","4":"has-post-thumbnail","6":"product_brand-dji","7":"product_cat-dji-handled","8":"product_cat-dji-rs5-accessories","9":"product_tag-dji-rs5","10":"product_tag-rs5-accessories","12":"first","13":"outofstock","14":"taxable","15":"shipping-taxable","16":"purchasable","17":"product-type-simple"},"yoast_head":"<!-- This site is optimized with the Yoast SEO plugin v27.4 - https:\/\/yoast.com\/product\/yoast-seo-wordpress\/ -->\n<title>DJI RS BG33 Battery Grip - Ghostysky<\/title>\n<meta name=\"description\" content=\"The DJI RS BG33 Battery Grip is a high-performance power solution designed to keep your creative momentum going. Specifically optimized for the latest generation of DJI stabilizers, this grip serves as both a primary power source and an ergonomic handle, ensuring you can shoot all day without the &quot;low battery&quot; anxiety.\" \/>\n<meta name=\"robots\" content=\"index, follow, max-snippet:-1, max-image-preview:large, max-video-preview:-1\" \/>\n<link rel=\"canonical\" href=\"https:\/\/www.ghostysky.com\/fr\/product\/dji-rs-bg33-battery-grip\/\" \/>\n<meta property=\"og:locale\" content=\"fr_FR\" \/>\n<meta property=\"og:type\" content=\"article\" \/>\n<meta property=\"og:title\" content=\"DJI RS BG33 Battery Grip - Ghostysky\" \/>\n<meta property=\"og:description\" content=\"The DJI RS BG33 Battery Grip is a high-performance power solution designed to keep your creative momentum going. Specifically optimized for the latest generation of DJI stabilizers, this grip serves as both a primary power source and an ergonomic handle, ensuring you can shoot all day without the &quot;low battery&quot; anxiety.\" \/>\n<meta property=\"og:url\" content=\"https:\/\/www.ghostysky.com\/fr\/product\/dji-rs-bg33-battery-grip\/\" \/>\n<meta property=\"og:site_name\" content=\"Ghostysky\" \/>\n<meta property=\"article:publisher\" content=\"https:\/\/www.facebook.com\/people\/Ghostysky\/100057676170234\/\" \/>\n<meta property=\"article:modified_time\" content=\"2026-05-08T18:48:48+00:00\" \/>\n<meta property=\"og:image\" content=\"https:\/\/www.ghostysky.com\/wp-content\/uploads\/2026\/05\/GH_DJI-RS-BG33-Battery-Grip_1.jpg\" \/>\n\t<meta property=\"og:image:width\" content=\"1308\" \/>\n\t<meta property=\"og:image:height\" content=\"1308\" \/>\n\t<meta property=\"og:image:type\" content=\"image\/jpeg\" \/>\n<meta name=\"twitter:card\" content=\"summary_large_image\" \/>\n<meta name=\"twitter:site\" content=\"@Gh0stysky\" \/>\n<meta name=\"twitter:label1\" content=\"Dur\u00e9e de lecture estim\u00e9e\" \/>\n\t<meta name=\"twitter:data1\" content=\"1 minute\" \/>\n<script type=\"application\/ld+json\" class=\"yoast-schema-graph\">{\"@context\":\"https:\\\/\\\/schema.org\",\"@graph\":[{\"@type\":\"WebPage\",\"@id\":\"https:\\\/\\\/www.ghostysky.com\\\/product\\\/dji-rs-bg33-battery-grip\\\/\",\"url\":\"https:\\\/\\\/www.ghostysky.com\\\/product\\\/dji-rs-bg33-battery-grip\\\/\",\"name\":\"DJI RS BG33 Battery Grip - Ghostysky\",\"isPartOf\":{\"@id\":\"https:\\\/\\\/www.ghostysky.com\\\/#website\"},\"primaryImageOfPage\":{\"@id\":\"https:\\\/\\\/www.ghostysky.com\\\/product\\\/dji-rs-bg33-battery-grip\\\/#primaryimage\"},\"image\":{\"@id\":\"https:\\\/\\\/www.ghostysky.com\\\/product\\\/dji-rs-bg33-battery-grip\\\/#primaryimage\"},\"thumbnailUrl\":\"https:\\\/\\\/www.ghostysky.com\\\/wp-content\\\/uploads\\\/2026\\\/05\\\/GH_DJI-RS-BG33-Battery-Grip_1.jpg\",\"datePublished\":\"2026-05-08T18:43:43+00:00\",\"dateModified\":\"2026-05-08T18:48:48+00:00\",\"description\":\"The DJI RS BG33 Battery Grip is a high-performance power solution designed to keep your creative momentum going. Specifically optimized for the latest generation of DJI stabilizers, this grip serves as both a primary power source and an ergonomic handle, ensuring you can shoot all day without the \\\"low battery\\\" anxiety.\",\"breadcrumb\":{\"@id\":\"https:\\\/\\\/www.ghostysky.com\\\/product\\\/dji-rs-bg33-battery-grip\\\/#breadcrumb\"},\"inLanguage\":\"fr-FR\",\"potentialAction\":[{\"@type\":\"ReadAction\",\"target\":[\"https:\\\/\\\/www.ghostysky.com\\\/product\\\/dji-rs-bg33-battery-grip\\\/\"]}]},{\"@type\":\"ImageObject\",\"inLanguage\":\"fr-FR\",\"@id\":\"https:\\\/\\\/www.ghostysky.com\\\/product\\\/dji-rs-bg33-battery-grip\\\/#primaryimage\",\"url\":\"https:\\\/\\\/www.ghostysky.com\\\/wp-content\\\/uploads\\\/2026\\\/05\\\/GH_DJI-RS-BG33-Battery-Grip_1.jpg\",\"contentUrl\":\"https:\\\/\\\/www.ghostysky.com\\\/wp-content\\\/uploads\\\/2026\\\/05\\\/GH_DJI-RS-BG33-Battery-Grip_1.jpg\",\"width\":1308,\"height\":1308},{\"@type\":\"BreadcrumbList\",\"@id\":\"https:\\\/\\\/www.ghostysky.com\\\/product\\\/dji-rs-bg33-battery-grip\\\/#breadcrumb\",\"itemListElement\":[{\"@type\":\"ListItem\",\"position\":1,\"name\":\"Home\",\"item\":\"https:\\\/\\\/www.ghostysky.com\\\/\"},{\"@type\":\"ListItem\",\"position\":2,\"name\":\"Shop\",\"item\":\"https:\\\/\\\/www.ghostysky.com\\\/shop\\\/\"},{\"@type\":\"ListItem\",\"position\":3,\"name\":\"DJI RS BG33 Battery Grip\"}]},{\"@type\":\"WebSite\",\"@id\":\"https:\\\/\\\/www.ghostysky.com\\\/#website\",\"url\":\"https:\\\/\\\/www.ghostysky.com\\\/\",\"name\":\"Ghostysky\",\"description\":\"Delivering professional drones and robotics solutions\",\"publisher\":{\"@id\":\"https:\\\/\\\/www.ghostysky.com\\\/#organization\"},\"potentialAction\":[{\"@type\":\"SearchAction\",\"target\":{\"@type\":\"EntryPoint\",\"urlTemplate\":\"https:\\\/\\\/www.ghostysky.com\\\/?s={search_term_string}\"},\"query-input\":{\"@type\":\"PropertyValueSpecification\",\"valueRequired\":true,\"valueName\":\"search_term_string\"}}],\"inLanguage\":\"fr-FR\"},{\"@type\":\"Organization\",\"@id\":\"https:\\\/\\\/www.ghostysky.com\\\/#organization\",\"name\":\"Ghostysky\",\"url\":\"https:\\\/\\\/www.ghostysky.com\\\/\",\"logo\":{\"@type\":\"ImageObject\",\"inLanguage\":\"fr-FR\",\"@id\":\"https:\\\/\\\/www.ghostysky.com\\\/#\\\/schema\\\/logo\\\/image\\\/\",\"url\":\"https:\\\/\\\/www.ghostysky.com\\\/wp-content\\\/uploads\\\/2020\\\/06\\\/cropped-ghostyskylogo_text_white2.png\",\"contentUrl\":\"https:\\\/\\\/www.ghostysky.com\\\/wp-content\\\/uploads\\\/2020\\\/06\\\/cropped-ghostyskylogo_text_white2.png\",\"width\":169,\"height\":56,\"caption\":\"Ghostysky\"},\"image\":{\"@id\":\"https:\\\/\\\/www.ghostysky.com\\\/#\\\/schema\\\/logo\\\/image\\\/\"},\"sameAs\":[\"https:\\\/\\\/www.facebook.com\\\/people\\\/Ghostysky\\\/100057676170234\\\/\",\"https:\\\/\\\/x.com\\\/Gh0stysky\",\"https:\\\/\\\/www.linkedin.com\\\/company\\\/34739653\",\"https:\\\/\\\/www.instagram.com\\\/gh0stysky\"]}]}<\/script>\n<!-- \/ Yoast SEO plugin. -->","yoast_head_json":{"title":"Poign\u00e9e d&#039;alimentation DJI RS BG33 - Ghostysky","description":"La poign\u00e9e d&#039;alimentation DJI RS BG33 est une solution d&#039;alimentation haute performance con\u00e7ue pour vous permettre de laisser libre cours \u00e0 votre cr\u00e9ativit\u00e9. Sp\u00e9cialement optimis\u00e9e pour la derni\u00e8re g\u00e9n\u00e9ration de stabilisateurs DJI, cette poign\u00e9e sert \u00e0 la fois de source d&#039;alimentation principale et de poign\u00e9e ergonomique, vous assurant ainsi de filmer toute la journ\u00e9e sans vous soucier de la batterie.","robots":{"index":"index","follow":"follow","max-snippet":"max-snippet:-1","max-image-preview":"max-image-preview:large","max-video-preview":"max-video-preview:-1"},"canonical":"https:\/\/www.ghostysky.com\/fr\/product\/dji-rs-bg33-battery-grip\/","og_locale":"fr_FR","og_type":"article","og_title":"DJI RS BG33 Battery Grip - Ghostysky","og_description":"The DJI RS BG33 Battery Grip is a high-performance power solution designed to keep your creative momentum going. Specifically optimized for the latest generation of DJI stabilizers, this grip serves as both a primary power source and an ergonomic handle, ensuring you can shoot all day without the \"low battery\" anxiety.","og_url":"https:\/\/www.ghostysky.com\/fr\/product\/dji-rs-bg33-battery-grip\/","og_site_name":"Ghostysky","article_publisher":"https:\/\/www.facebook.com\/people\/Ghostysky\/100057676170234\/","article_modified_time":"2026-05-08T18:48:48+00:00","og_image":[{"width":1308,"height":1308,"url":"https:\/\/www.ghostysky.com\/wp-content\/uploads\/2026\/05\/GH_DJI-RS-BG33-Battery-Grip_1.jpg","type":"image\/jpeg"}],"twitter_card":"summary_large_image","twitter_site":"@Gh0stysky","twitter_misc":{"Dur\u00e9e de lecture estim\u00e9e":"1 minute"},"schema":{"@context":"https:\/\/schema.org","@graph":[{"@type":"WebPage","@id":"https:\/\/www.ghostysky.com\/product\/dji-rs-bg33-battery-grip\/","url":"https:\/\/www.ghostysky.com\/product\/dji-rs-bg33-battery-grip\/","name":"Poign\u00e9e d&#039;alimentation DJI RS BG33 - Ghostysky","isPartOf":{"@id":"https:\/\/www.ghostysky.com\/#website"},"primaryImageOfPage":{"@id":"https:\/\/www.ghostysky.com\/product\/dji-rs-bg33-battery-grip\/#primaryimage"},"image":{"@id":"https:\/\/www.ghostysky.com\/product\/dji-rs-bg33-battery-grip\/#primaryimage"},"thumbnailUrl":"https:\/\/www.ghostysky.com\/wp-content\/uploads\/2026\/05\/GH_DJI-RS-BG33-Battery-Grip_1.jpg","datePublished":"2026-05-08T18:43:43+00:00","dateModified":"2026-05-08T18:48:48+00:00","description":"La poign\u00e9e d&#039;alimentation DJI RS BG33 est une solution d&#039;alimentation haute performance con\u00e7ue pour vous permettre de laisser libre cours \u00e0 votre cr\u00e9ativit\u00e9. Sp\u00e9cialement optimis\u00e9e pour la derni\u00e8re g\u00e9n\u00e9ration de stabilisateurs DJI, cette poign\u00e9e sert \u00e0 la fois de source d&#039;alimentation principale et de poign\u00e9e ergonomique, vous assurant ainsi de filmer toute la journ\u00e9e sans vous soucier de la batterie.","breadcrumb":{"@id":"https:\/\/www.ghostysky.com\/product\/dji-rs-bg33-battery-grip\/#breadcrumb"},"inLanguage":"fr-FR","potentialAction":[{"@type":"ReadAction","target":["https:\/\/www.ghostysky.com\/product\/dji-rs-bg33-battery-grip\/"]}]},{"@type":"ImageObject","inLanguage":"fr-FR","@id":"https:\/\/www.ghostysky.com\/product\/dji-rs-bg33-battery-grip\/#primaryimage","url":"https:\/\/www.ghostysky.com\/wp-content\/uploads\/2026\/05\/GH_DJI-RS-BG33-Battery-Grip_1.jpg","contentUrl":"https:\/\/www.ghostysky.com\/wp-content\/uploads\/2026\/05\/GH_DJI-RS-BG33-Battery-Grip_1.jpg","width":1308,"height":1308},{"@type":"BreadcrumbList","@id":"https:\/\/www.ghostysky.com\/product\/dji-rs-bg33-battery-grip\/#breadcrumb","itemListElement":[{"@type":"ListItem","position":1,"name":"Home","item":"https:\/\/www.ghostysky.com\/"},{"@type":"ListItem","position":2,"name":"Shop","item":"https:\/\/www.ghostysky.com\/shop\/"},{"@type":"ListItem","position":3,"name":"DJI RS BG33 Battery Grip"}]},{"@type":"WebSite","@id":"https:\/\/www.ghostysky.com\/#website","url":"https:\/\/www.ghostysky.com\/","name":"Ghostysky","description":"Fourniture de solutions professionnelles en mati\u00e8re de drones et de robotique","publisher":{"@id":"https:\/\/www.ghostysky.com\/#organization"},"potentialAction":[{"@type":"SearchAction","target":{"@type":"EntryPoint","urlTemplate":"https:\/\/www.ghostysky.com\/?s={search_term_string}"},"query-input":{"@type":"PropertyValueSpecification","valueRequired":true,"valueName":"search_term_string"}}],"inLanguage":"fr-FR"},{"@type":"Organization","@id":"https:\/\/www.ghostysky.com\/#organization","name":"Ghostysky","url":"https:\/\/www.ghostysky.com\/","logo":{"@type":"ImageObject","inLanguage":"fr-FR","@id":"https:\/\/www.ghostysky.com\/#\/schema\/logo\/image\/","url":"https:\/\/www.ghostysky.com\/wp-content\/uploads\/2020\/06\/cropped-ghostyskylogo_text_white2.png","contentUrl":"https:\/\/www.ghostysky.com\/wp-content\/uploads\/2020\/06\/cropped-ghostyskylogo_text_white2.png","width":169,"height":56,"caption":"Ghostysky"},"image":{"@id":"https:\/\/www.ghostysky.com\/#\/schema\/logo\/image\/"},"sameAs":["https:\/\/www.facebook.com\/people\/Ghostysky\/100057676170234\/","https:\/\/x.com\/Gh0stysky","https:\/\/www.linkedin.com\/company\/34739653","https:\/\/www.instagram.com\/gh0stysky"]}]}},"_links":{"self":[{"href":"https:\/\/www.ghostysky.com\/fr\/wp-json\/wp\/v2\/product\/26114","targetHints":{"allow":["GET"]}}],"collection":[{"href":"https:\/\/www.ghostysky.com\/fr\/wp-json\/wp\/v2\/product"}],"about":[{"href":"https:\/\/www.ghostysky.com\/fr\/wp-json\/wp\/v2\/types\/product"}],"replies":[{"embeddable":true,"href":"https:\/\/www.ghostysky.com\/fr\/wp-json\/wp\/v2\/comments?post=26114"}],"version-history":[{"count":2,"href":"https:\/\/www.ghostysky.com\/fr\/wp-json\/wp\/v2\/product\/26114\/revisions"}],"predecessor-version":[{"id":26130,"href":"https:\/\/www.ghostysky.com\/fr\/wp-json\/wp\/v2\/product\/26114\/revisions\/26130"}],"wp:featuredmedia":[{"embeddable":true,"href":"https:\/\/www.ghostysky.com\/fr\/wp-json\/wp\/v2\/media\/26118"}],"wp:attachment":[{"href":"https:\/\/www.ghostysky.com\/fr\/wp-json\/wp\/v2\/media?parent=26114"}],"wp:term":[{"taxonomy":"product_brand","embeddable":true,"href":"https:\/\/www.ghostysky.com\/fr\/wp-json\/wp\/v2\/product_brand?post=26114"},{"taxonomy":"product_cat","embeddable":true,"href":"https:\/\/www.ghostysky.com\/fr\/wp-json\/wp\/v2\/product_cat?post=26114"},{"taxonomy":"product_tag","embeddable":true,"href":"https:\/\/www.ghostysky.com\/fr\/wp-json\/wp\/v2\/product_tag?post=26114"}],"curies":[{"name":"wp","href":"https:\/\/api.w.org\/{rel}","templated":true}]}}