{"id":3068,"date":"2022-01-12T11:03:22","date_gmt":"2022-01-12T11:03:22","guid":{"rendered":"https:\/\/www.ghostysky.com\/?post_type=product&#038;p=3068"},"modified":"2024-02-22T13:10:09","modified_gmt":"2024-02-22T13:10:09","slug":"autel-evo-ii-pro-rugged-bundle-v2","status":"publish","type":"product","link":"https:\/\/www.ghostysky.com\/fr\/product\/autel-evo-ii-pro-rugged-bundle-v2\/","title":{"rendered":"Pack robuste Autel EVO II Pro V2"},"content":{"rendered":"<p>L&#039;\u00e9volution du vol est arriv\u00e9e. L&#039;EVO est un appareil compact et pliable con\u00e7u pour vous accompagner partout o\u00f9 vos aventures vous m\u00e8nent. \u00c9quip\u00e9 \u00e0 l&#039;avant, l&#039;EVO est \u00e9quip\u00e9 d&#039;une puissante cam\u00e9ra mont\u00e9e sur une nacelle stabilis\u00e9e 3 axes qui enregistre des vid\u00e9os en r\u00e9solution 6K et atteint une vitesse d&#039;enregistrement de 100 Mbit\/s en codec H.264 ou H.265. Gr\u00e2ce \u00e0 son optique en verre v\u00e9ritable, l&#039;EVO capture des photos \u00e9poustouflantes de 12 m\u00e9gapixels avec une large plage dynamique pour plus de d\u00e9tails et de couleurs. Des syst\u00e8mes de vision par ordinateur avanc\u00e9s int\u00e9gr\u00e9s assurent l&#039;\u00e9vitement des obstacles avant, la d\u00e9tection des obstacles arri\u00e8re et des capteurs de fond pour des atterrissages plus pr\u00e9cis et des vols int\u00e9rieurs stables. L&#039;EVO offre une autonomie de vol allant jusqu&#039;\u00e0 30 minutes et une port\u00e9e allant jusqu&#039;\u00e0 5 km. De plus, il est dot\u00e9 de fonctions de s\u00e9curit\u00e9 int\u00e9gr\u00e9es qui vous avertissent lorsque la batterie est faible et qu&#039;il est temps de rentrer.<\/p>\n<p>EVO comprend une t\u00e9l\u00e9commande qui abrite un \u00e9cran OLED de 3,3 pouces vous fournissant des informations de vol critiques ou un flux vid\u00e9o HD 720p en direct vous permettant de voir la vue de la cam\u00e9ra sans avoir besoin d&#039;un appareil mobile.<\/p>\n<p>T\u00e9l\u00e9chargez l&#039;application gratuite Autel Explorer disponible pour les appareils Apple iOS ou Android et connectez-vous \u00e0 la t\u00e9l\u00e9commande et acc\u00e9dez \u00e0 des param\u00e8tres plus avanc\u00e9s et \u00e0 des fonctionnalit\u00e9s de vol autonomes telles que Dynamic Track, Viewpoint, Orbit, VR first person view et Waypoint mission planning.<\/p>\n<p><strong>Le pack EVO Rugged comprend\u00a0:<\/strong><\/p>\n<ul>\n<li>EVO (Avion, Batterie, H\u00e9lices)<\/li>\n<li>T\u00e9l\u00e9commande<\/li>\n<li>3 paires d&#039;h\u00e9lices<\/li>\n<li>Chargeur<\/li>\n<li>C\u00e2bles OTG Micro USB et OTG USB-C<\/li>\n<li>C\u00e2ble micro USB (utilis\u00e9 pour charger le contr\u00f4leur)<\/li>\n<li>Deux batteries<\/li>\n<li>\u00c9tui rigide<\/li>\n<li>Documents de s\u00e9curit\u00e9 et de d\u00e9marrage rapide<\/li>\n<\/ul>","protected":false},"excerpt":{"rendered":"<p>Kit robuste EVO con\u00e7u pour les premiers intervenants, les forces de l&#039;ordre et les applications commerciales. Ce kit robuste comprend une mallette rigide SKB de qualit\u00e9 militaire, certifi\u00e9e MIL-C-4150J, qui prot\u00e8ge votre \u00e9quipement de l&#039;eau et de la poussi\u00e8re. L&#039;insert en mousse sur mesure GPC permet de transporter votre drone EVO, jusqu&#039;\u00e0 trois batteries suppl\u00e9mentaires, une radiocommande, un chargeur, des h\u00e9lices et une tablette jusqu&#039;\u00e0 10 pouces.<\/p>","protected":false},"featured_media":3069,"comment_status":"open","ping_status":"closed","template":"","meta":[],"product_brand":[],"product_cat":[220,364,29],"product_tag":[223,225,227],"class_list":{"0":"post-3068","1":"product","2":"type-product","3":"status-publish","4":"has-post-thumbnail","6":"product_cat-autel","7":"product_cat-bundles-autel","8":"product_cat-drones","9":"product_tag-autel","10":"product_tag-autel-bundle","11":"product_tag-autel-evo-ii-pro","13":"first","14":"onbackorder","15":"taxable","16":"shipping-taxable","17":"product-type-simple"},"yoast_head":"<!-- This site is optimized with the Yoast SEO plugin v27.1.1 - https:\/\/yoast.com\/product\/yoast-seo-wordpress\/ -->\n<title>Autel EVO II Pro Rugged Bundle V2 -<\/title>\n<meta name=\"description\" content=\"EVO Rugged Bundle kit designed with First-Responders, Law Enforcement, and Commercial application in mind. This Rugged Bundle offers an SKB military-grade hard case, rated MIL-C-4150J, that protects your gear from water and dust.\" \/>\n<meta name=\"robots\" content=\"index, follow, max-snippet:-1, max-image-preview:large, max-video-preview:-1\" \/>\n<link rel=\"canonical\" href=\"https:\/\/www.ghostysky.com\/fr\/product\/autel-evo-ii-pro-rugged-bundle-v2\/\" \/>\n<meta property=\"og:locale\" content=\"fr_FR\" \/>\n<meta property=\"og:type\" content=\"article\" \/>\n<meta property=\"og:title\" content=\"Autel EVO II Pro Rugged Bundle V2 -\" \/>\n<meta property=\"og:description\" content=\"EVO Rugged Bundle kit designed with First-Responders, Law Enforcement, and Commercial application in mind. This Rugged Bundle offers an SKB military-grade hard case, rated MIL-C-4150J, that protects your gear from water and dust.\" \/>\n<meta property=\"og:url\" content=\"https:\/\/www.ghostysky.com\/fr\/product\/autel-evo-ii-pro-rugged-bundle-v2\/\" \/>\n<meta property=\"og:site_name\" content=\"Ghostysky\" \/>\n<meta property=\"article:publisher\" content=\"https:\/\/www.facebook.com\/people\/Ghostysky\/100057676170234\/\" \/>\n<meta property=\"article:modified_time\" content=\"2024-02-22T13:10:09+00:00\" \/>\n<meta property=\"og:image\" content=\"https:\/\/www.ghostysky.com\/wp-content\/uploads\/2022\/01\/eng_pl_Autel-EVO-II-Pro-Rugged-Bundle-V2-12119_1.jpg\" \/>\n\t<meta property=\"og:image:width\" content=\"750\" \/>\n\t<meta property=\"og:image:height\" content=\"412\" \/>\n\t<meta property=\"og:image:type\" content=\"image\/jpeg\" \/>\n<meta name=\"twitter:card\" content=\"summary_large_image\" \/>\n<meta name=\"twitter:site\" content=\"@Gh0stysky\" \/>\n<meta name=\"twitter:label1\" content=\"Dur\u00e9e de lecture estim\u00e9e\" \/>\n\t<meta name=\"twitter:data1\" content=\"2 minutes\" \/>\n<script type=\"application\/ld+json\" class=\"yoast-schema-graph\">{\"@context\":\"https:\/\/schema.org\",\"@graph\":[{\"@type\":\"WebPage\",\"@id\":\"https:\/\/www.ghostysky.com\/product\/autel-evo-ii-pro-rugged-bundle-v2\/\",\"url\":\"https:\/\/www.ghostysky.com\/product\/autel-evo-ii-pro-rugged-bundle-v2\/\",\"name\":\"Autel EVO II Pro Rugged Bundle V2 -\",\"isPartOf\":{\"@id\":\"https:\/\/www.ghostysky.com\/#website\"},\"primaryImageOfPage\":{\"@id\":\"https:\/\/www.ghostysky.com\/product\/autel-evo-ii-pro-rugged-bundle-v2\/#primaryimage\"},\"image\":{\"@id\":\"https:\/\/www.ghostysky.com\/product\/autel-evo-ii-pro-rugged-bundle-v2\/#primaryimage\"},\"thumbnailUrl\":\"https:\/\/www.ghostysky.com\/wp-content\/uploads\/2022\/01\/eng_pl_Autel-EVO-II-Pro-Rugged-Bundle-V2-12119_1.jpg\",\"datePublished\":\"2022-01-12T11:03:22+00:00\",\"dateModified\":\"2024-02-22T13:10:09+00:00\",\"description\":\"EVO Rugged Bundle kit designed with First-Responders, Law Enforcement, and Commercial application in mind. This Rugged Bundle offers an SKB military-grade hard case, rated MIL-C-4150J, that protects your gear from water and dust.\",\"breadcrumb\":{\"@id\":\"https:\/\/www.ghostysky.com\/product\/autel-evo-ii-pro-rugged-bundle-v2\/#breadcrumb\"},\"inLanguage\":\"fr-FR\",\"potentialAction\":[{\"@type\":\"ReadAction\",\"target\":[\"https:\/\/www.ghostysky.com\/product\/autel-evo-ii-pro-rugged-bundle-v2\/\"]}]},{\"@type\":\"ImageObject\",\"inLanguage\":\"fr-FR\",\"@id\":\"https:\/\/www.ghostysky.com\/product\/autel-evo-ii-pro-rugged-bundle-v2\/#primaryimage\",\"url\":\"https:\/\/www.ghostysky.com\/wp-content\/uploads\/2022\/01\/eng_pl_Autel-EVO-II-Pro-Rugged-Bundle-V2-12119_1.jpg\",\"contentUrl\":\"https:\/\/www.ghostysky.com\/wp-content\/uploads\/2022\/01\/eng_pl_Autel-EVO-II-Pro-Rugged-Bundle-V2-12119_1.jpg\",\"width\":750,\"height\":412},{\"@type\":\"BreadcrumbList\",\"@id\":\"https:\/\/www.ghostysky.com\/product\/autel-evo-ii-pro-rugged-bundle-v2\/#breadcrumb\",\"itemListElement\":[{\"@type\":\"ListItem\",\"position\":1,\"name\":\"Home\",\"item\":\"https:\/\/www.ghostysky.com\/\"},{\"@type\":\"ListItem\",\"position\":2,\"name\":\"Shop\",\"item\":\"https:\/\/www.ghostysky.com\/shop\/\"},{\"@type\":\"ListItem\",\"position\":3,\"name\":\"Autel EVO II Pro Rugged Bundle V2\"}]},{\"@type\":\"WebSite\",\"@id\":\"https:\/\/www.ghostysky.com\/#website\",\"url\":\"https:\/\/www.ghostysky.com\/\",\"name\":\"Ghostysky\",\"description\":\"Delivering professional drones and services\",\"publisher\":{\"@id\":\"https:\/\/www.ghostysky.com\/#organization\"},\"potentialAction\":[{\"@type\":\"SearchAction\",\"target\":{\"@type\":\"EntryPoint\",\"urlTemplate\":\"https:\/\/www.ghostysky.com\/?s={search_term_string}\"},\"query-input\":{\"@type\":\"PropertyValueSpecification\",\"valueRequired\":true,\"valueName\":\"search_term_string\"}}],\"inLanguage\":\"fr-FR\"},{\"@type\":\"Organization\",\"@id\":\"https:\/\/www.ghostysky.com\/#organization\",\"name\":\"Ghostysky\",\"url\":\"https:\/\/www.ghostysky.com\/\",\"logo\":{\"@type\":\"ImageObject\",\"inLanguage\":\"fr-FR\",\"@id\":\"https:\/\/www.ghostysky.com\/#\/schema\/logo\/image\/\",\"url\":\"https:\/\/www.ghostysky.com\/wp-content\/uploads\/2020\/06\/cropped-ghostyskylogo_text_white2.png\",\"contentUrl\":\"https:\/\/www.ghostysky.com\/wp-content\/uploads\/2020\/06\/cropped-ghostyskylogo_text_white2.png\",\"width\":169,\"height\":56,\"caption\":\"Ghostysky\"},\"image\":{\"@id\":\"https:\/\/www.ghostysky.com\/#\/schema\/logo\/image\/\"},\"sameAs\":[\"https:\/\/www.facebook.com\/people\/Ghostysky\/100057676170234\/\",\"https:\/\/x.com\/Gh0stysky\",\"https:\/\/www.linkedin.com\/company\/34739653\",\"https:\/\/www.instagram.com\/gh0stysky\"]}]}<\/script>\n<!-- \/ Yoast SEO plugin. -->","yoast_head_json":{"title":"Pack robuste Autel EVO II Pro V2 -","description":"Kit robuste EVO con\u00e7u pour les premiers intervenants, les forces de l&#039;ordre et les applications commerciales. Ce kit robuste comprend une mallette rigide SKB de qualit\u00e9 militaire, certifi\u00e9e MIL-C-4150J, qui prot\u00e8ge votre \u00e9quipement de l&#039;eau et de la poussi\u00e8re.","robots":{"index":"index","follow":"follow","max-snippet":"max-snippet:-1","max-image-preview":"max-image-preview:large","max-video-preview":"max-video-preview:-1"},"canonical":"https:\/\/www.ghostysky.com\/fr\/product\/autel-evo-ii-pro-rugged-bundle-v2\/","og_locale":"fr_FR","og_type":"article","og_title":"Autel EVO II Pro Rugged Bundle V2 -","og_description":"EVO Rugged Bundle kit designed with First-Responders, Law Enforcement, and Commercial application in mind. This Rugged Bundle offers an SKB military-grade hard case, rated MIL-C-4150J, that protects your gear from water and dust.","og_url":"https:\/\/www.ghostysky.com\/fr\/product\/autel-evo-ii-pro-rugged-bundle-v2\/","og_site_name":"Ghostysky","article_publisher":"https:\/\/www.facebook.com\/people\/Ghostysky\/100057676170234\/","article_modified_time":"2024-02-22T13:10:09+00:00","og_image":[{"width":750,"height":412,"url":"https:\/\/www.ghostysky.com\/wp-content\/uploads\/2022\/01\/eng_pl_Autel-EVO-II-Pro-Rugged-Bundle-V2-12119_1.jpg","type":"image\/jpeg"}],"twitter_card":"summary_large_image","twitter_site":"@Gh0stysky","twitter_misc":{"Dur\u00e9e de lecture estim\u00e9e":"2 minutes"},"schema":{"@context":"https:\/\/schema.org","@graph":[{"@type":"WebPage","@id":"https:\/\/www.ghostysky.com\/product\/autel-evo-ii-pro-rugged-bundle-v2\/","url":"https:\/\/www.ghostysky.com\/product\/autel-evo-ii-pro-rugged-bundle-v2\/","name":"Pack robuste Autel EVO II Pro V2 -","isPartOf":{"@id":"https:\/\/www.ghostysky.com\/#website"},"primaryImageOfPage":{"@id":"https:\/\/www.ghostysky.com\/product\/autel-evo-ii-pro-rugged-bundle-v2\/#primaryimage"},"image":{"@id":"https:\/\/www.ghostysky.com\/product\/autel-evo-ii-pro-rugged-bundle-v2\/#primaryimage"},"thumbnailUrl":"https:\/\/www.ghostysky.com\/wp-content\/uploads\/2022\/01\/eng_pl_Autel-EVO-II-Pro-Rugged-Bundle-V2-12119_1.jpg","datePublished":"2022-01-12T11:03:22+00:00","dateModified":"2024-02-22T13:10:09+00:00","description":"Kit robuste EVO con\u00e7u pour les premiers intervenants, les forces de l&#039;ordre et les applications commerciales. Ce kit robuste comprend une mallette rigide SKB de qualit\u00e9 militaire, certifi\u00e9e MIL-C-4150J, qui prot\u00e8ge votre \u00e9quipement de l&#039;eau et de la poussi\u00e8re.","breadcrumb":{"@id":"https:\/\/www.ghostysky.com\/product\/autel-evo-ii-pro-rugged-bundle-v2\/#breadcrumb"},"inLanguage":"fr-FR","potentialAction":[{"@type":"ReadAction","target":["https:\/\/www.ghostysky.com\/product\/autel-evo-ii-pro-rugged-bundle-v2\/"]}]},{"@type":"ImageObject","inLanguage":"fr-FR","@id":"https:\/\/www.ghostysky.com\/product\/autel-evo-ii-pro-rugged-bundle-v2\/#primaryimage","url":"https:\/\/www.ghostysky.com\/wp-content\/uploads\/2022\/01\/eng_pl_Autel-EVO-II-Pro-Rugged-Bundle-V2-12119_1.jpg","contentUrl":"https:\/\/www.ghostysky.com\/wp-content\/uploads\/2022\/01\/eng_pl_Autel-EVO-II-Pro-Rugged-Bundle-V2-12119_1.jpg","width":750,"height":412},{"@type":"BreadcrumbList","@id":"https:\/\/www.ghostysky.com\/product\/autel-evo-ii-pro-rugged-bundle-v2\/#breadcrumb","itemListElement":[{"@type":"ListItem","position":1,"name":"Home","item":"https:\/\/www.ghostysky.com\/"},{"@type":"ListItem","position":2,"name":"Shop","item":"https:\/\/www.ghostysky.com\/shop\/"},{"@type":"ListItem","position":3,"name":"Autel EVO II Pro Rugged Bundle V2"}]},{"@type":"WebSite","@id":"https:\/\/www.ghostysky.com\/#website","url":"https:\/\/www.ghostysky.com\/","name":"Ghostysky","description":"Livraison de drones et de services professionnels","publisher":{"@id":"https:\/\/www.ghostysky.com\/#organization"},"potentialAction":[{"@type":"SearchAction","target":{"@type":"EntryPoint","urlTemplate":"https:\/\/www.ghostysky.com\/?s={search_term_string}"},"query-input":{"@type":"PropertyValueSpecification","valueRequired":true,"valueName":"search_term_string"}}],"inLanguage":"fr-FR"},{"@type":"Organization","@id":"https:\/\/www.ghostysky.com\/#organization","name":"Ghostysky","url":"https:\/\/www.ghostysky.com\/","logo":{"@type":"ImageObject","inLanguage":"fr-FR","@id":"https:\/\/www.ghostysky.com\/#\/schema\/logo\/image\/","url":"https:\/\/www.ghostysky.com\/wp-content\/uploads\/2020\/06\/cropped-ghostyskylogo_text_white2.png","contentUrl":"https:\/\/www.ghostysky.com\/wp-content\/uploads\/2020\/06\/cropped-ghostyskylogo_text_white2.png","width":169,"height":56,"caption":"Ghostysky"},"image":{"@id":"https:\/\/www.ghostysky.com\/#\/schema\/logo\/image\/"},"sameAs":["https:\/\/www.facebook.com\/people\/Ghostysky\/100057676170234\/","https:\/\/x.com\/Gh0stysky","https:\/\/www.linkedin.com\/company\/34739653","https:\/\/www.instagram.com\/gh0stysky"]}]}},"_links":{"self":[{"href":"https:\/\/www.ghostysky.com\/fr\/wp-json\/wp\/v2\/product\/3068","targetHints":{"allow":["GET"]}}],"collection":[{"href":"https:\/\/www.ghostysky.com\/fr\/wp-json\/wp\/v2\/product"}],"about":[{"href":"https:\/\/www.ghostysky.com\/fr\/wp-json\/wp\/v2\/types\/product"}],"replies":[{"embeddable":true,"href":"https:\/\/www.ghostysky.com\/fr\/wp-json\/wp\/v2\/comments?post=3068"}],"wp:featuredmedia":[{"embeddable":true,"href":"https:\/\/www.ghostysky.com\/fr\/wp-json\/wp\/v2\/media\/3069"}],"wp:attachment":[{"href":"https:\/\/www.ghostysky.com\/fr\/wp-json\/wp\/v2\/media?parent=3068"}],"wp:term":[{"taxonomy":"product_brand","embeddable":true,"href":"https:\/\/www.ghostysky.com\/fr\/wp-json\/wp\/v2\/product_brand?post=3068"},{"taxonomy":"product_cat","embeddable":true,"href":"https:\/\/www.ghostysky.com\/fr\/wp-json\/wp\/v2\/product_cat?post=3068"},{"taxonomy":"product_tag","embeddable":true,"href":"https:\/\/www.ghostysky.com\/fr\/wp-json\/wp\/v2\/product_tag?post=3068"}],"curies":[{"name":"wp","href":"https:\/\/api.w.org\/{rel}","templated":true}]}}