{"id":3107,"date":"2022-01-12T11:28:40","date_gmt":"2022-01-12T11:28:40","guid":{"rendered":"https:\/\/www.ghostysky.com\/?post_type=product&#038;p=3107"},"modified":"2023-08-29T10:27:07","modified_gmt":"2023-08-29T10:27:07","slug":"autel-evo-ii-v2-8k","status":"publish","type":"product","link":"https:\/\/www.ghostysky.com\/fr\/product\/autel-evo-ii-v2-8k\/","title":{"rendered":"Autel EVO II V2 8K"},"content":{"rendered":"<div class=\"text-and-image-box page-width\">\n<div class=\"text-and-image\">\n<div class=\"text-and-image-header\">\n<h2>La vie en 33 millions de pixels<\/h2>\n<p>L&#039;Autel EVO II 8K enregistre dans des r\u00e9solutions allant jusqu&#039;\u00e0 7680\u00d74320. Avec 16 fois plus de pixels que la HD et 4 fois plus que la 4K, la vid\u00e9o 8K red\u00e9finit les d\u00e9tails de l&#039;image. Cette haute r\u00e9solution permet de zoomer en profondeur sur une sc\u00e8ne, de recadrer une image ou une vid\u00e9o en 4K sans perte de qualit\u00e9 et de repousser les limites des couleurs.<\/p>\n<\/div>\n<p><img decoding=\"async\" id=\"vtpPicture\" src=\"data:image\/gif;base64,R0lGODlhAQABAAAAACH5BAEKAAEALAAAAAABAAEAAAICTAEAOw==\" border=\"0\" class=\"lazyload\" data-src=\"data:image\/gif;base64,R0lGODlhAQABAAAAACH5BAEKAAEALAAAAAABAAEAAAICTAEAOw==\"><\/p>\n<\/div>\n<\/div>\n<div class=\"evo2-single-banner-box\">\n<div class=\"evo2-banner-box evo2-detail-content2-box f1-bg\">\n<p><img decoding=\"async\" class=\"pc-img lazyload\" src=\"data:image\/gif;base64,R0lGODlhAQABAAAAACH5BAEKAAEALAAAAAABAAEAAAICTAEAOw==\" border=\"0\" data-src=\"data:image\/gif;base64,R0lGODlhAQABAAAAACH5BAEKAAEALAAAAAABAAEAAAICTAEAOw==\"><\/p>\n<div class=\"evo2-banner-content evo2-detail-content2\">\n<h1>Capturez chaque d\u00e9tail<\/h1>\n<div class=\"evo2-banner-p\">\n<p>En partenariat avec Sony, le capteur 48 m\u00e9gapixels de l&#039;Autel EVO II est sup\u00e9rieur \u00e0 n&#039;importe quelle cam\u00e9ra a\u00e9rienne en fournissant des images plus nettes, plus de d\u00e9tails et des couleurs plus riches.<\/p>\n<\/div>\n<\/div>\n<\/div>\n<\/div>\n<div class=\"text-and-image-box page-width mb8\">\n<div class=\"text-and-image\">\n<div class=\"text-and-image-header evo2-detail-header\">\n<h2 class=\"pc-img\">4K, HDR 10 BITS<\/h2>\n<p>La vid\u00e9o 4K HDR avec contr\u00f4le de 16 valeurs d&#039;exposition (EV) combine les expositions \u00e0 long, moyen et court terme dans une seule image, ajoutant une plage dynamique. La profondeur de couleur de 10 bits capture plus d&#039;un milliard de couleurs pour offrir une plus grande flexibilit\u00e9 en post-production tout en conservant des d\u00e9tails riches dans les ombres et les hautes lumi\u00e8res.<\/p>\n<\/div>\n<p><img decoding=\"async\" class=\"pc-img lazyload\" src=\"data:image\/gif;base64,R0lGODlhAQABAAAAACH5BAEKAAEALAAAAAABAAEAAAICTAEAOw==\" border=\"0\" data-src=\"data:image\/gif;base64,R0lGODlhAQABAAAAACH5BAEKAAEALAAAAAABAAEAAAICTAEAOw==\"><\/p>\n<\/div>\n<\/div>\n<div class=\"pc-img page-width-1020 grid-section-box\">\n<div class=\"grid-section-item\">\n<div class=\"grid-long-item\"><img fetchpriority=\"high\" decoding=\"async\" id=\"vtpPicture\" src=\"data:image\/gif;base64,R0lGODlhAQABAAAAACH5BAEKAAEALAAAAAABAAEAAAICTAEAOw==\" width=\"1287\" height=\"966\" border=\"0\" class=\"lazyload\" data-src=\"data:image\/gif;base64,R0lGODlhAQABAAAAACH5BAEKAAEALAAAAAABAAEAAAICTAEAOw==\"><\/div>\n<div class=\"grid-short-item gray-bg-box\">\n<h3>Seul Autel propose la photographie Hyperlapse en 8K<\/h3>\n<p>Avec le mode Hyperlapse, aucun post-traitement n&#039;est n\u00e9cessaire. Les images 8K peuvent \u00eatre prises directement depuis le drone et partag\u00e9es imm\u00e9diatement. Les fichiers JPEG et RAW sont enregistr\u00e9s simultan\u00e9ment. Cr\u00e9ez des trajectoires de vol parfaites et r\u00e9alisez des vid\u00e9os hyperlapse pr\u00e9cises et reproductibles en un seul clic.<\/p>\n<\/div>\n<\/div>\n<div class=\"grid-section-item\">\n<div class=\"grid-long-item\"><img decoding=\"async\" id=\"vtpPicture\" src=\"data:image\/gif;base64,R0lGODlhAQABAAAAACH5BAEKAAEALAAAAAABAAEAAAICTAEAOw==\" width=\"1287\" height=\"966\" border=\"0\" class=\"lazyload\" data-src=\"data:image\/gif;base64,R0lGODlhAQABAAAAACH5BAEKAAEALAAAAAABAAEAAAICTAEAOw==\"><\/div>\n<\/div>\n<div class=\"grid-section-item text-section-item\">\n<div class=\"grid-short-item\">\n<h2>LiveDeck\u00a0: diffusez n&#039;importe o\u00f9<\/h2>\n<\/div>\n<div class=\"grid-long-item\">\n<h2>Mise au point automatique \u00e0 d\u00e9tection de phase<\/h2>\n<\/div>\n<\/div>\n<div class=\"grid-section-item text-section-item\">\n<div class=\"grid-short-item\">\n<p>EVO II avec LiveDeck prend en charge la sortie HDMI multiport en temps r\u00e9el pour r\u00e9pondre aux exigences de surveillance de sc\u00e8ne et de diffusion en direct.<\/p>\n<\/div>\n<div class=\"grid-long-item\">\n<p>La d\u00e9tection de phase est une mise au point automatique de pr\u00e9cision qui permet de suivre avec pr\u00e9cision les sujets en mouvement rapide.<\/p>\n<\/div>\n<\/div>\n<\/div>\n<div class=\"full-banner-box\">\n<div class=\"full-banner-item autel-iframe-media-box\">\n<p><img decoding=\"async\" class=\"pc-img lazyload\" src=\"data:image\/gif;base64,R0lGODlhAQABAAAAACH5BAEKAAEALAAAAAABAAEAAAICTAEAOw==\" border=\"0\" data-src=\"data:image\/gif;base64,R0lGODlhAQABAAAAACH5BAEKAAEALAAAAAABAAEAAAICTAEAOw==\"><\/p>\n<div class=\"full-banner-content first-banner-content\">\n<div class=\"first-banner-content-up\">\n<h2>\u00c9vitement d&#039;obstacles \u00e0 360\u00b0<\/h2>\n<div class=\"autel-video-link-box\"><span class=\"autel-video-link open-media-button\">Regardez la vid\u00e9o<\/span><\/div>\n<\/div>\n<\/div>\n<\/div>\n<\/div>\n<div class=\"evo2-detail-page specification-toggle\">\n<div class=\"full-banner-box\">\n<div class=\"full-banner-item autel-iframe-media-box\">\n<div class=\"full-banner-content first-banner-content\">\n<div class=\"first-banner-content-up\">\n<div class=\"autel-video-link-box\"><\/div>\n<\/div>\n<div class=\"first-banner-content-down\">\n<p>Equip\u00e9 de 19 groupes de capteurs dont 12 capteurs visuels, la cam\u00e9ra principale, les ultrasons, les IMU et d&#039;autres capteurs permettent de construire des cartes tridimensionnelles et de planifier des trajets en temps r\u00e9el.<\/p>\n<\/div>\n<\/div>\n<\/div>\n<div class=\"full-banner-item\">\n<p><img decoding=\"async\" class=\"pc-img lazyload\" src=\"data:image\/gif;base64,R0lGODlhAQABAAAAACH5BAEKAAEALAAAAAABAAEAAAICTAEAOw==\" border=\"0\" data-src=\"data:image\/gif;base64,R0lGODlhAQABAAAAACH5BAEKAAEALAAAAAABAAEAAAICTAEAOw==\"><\/p>\n<div class=\"full-banner-content second-banner-content\">\n<h3>Piste dynamique 2.0<\/h3>\n<p>EVO II peut mod\u00e9liser simultan\u00e9ment l&#039;emplacement et la vitesse des cibles, pr\u00e9dire leur trajectoire avec pr\u00e9cision et les suivre en continu tout en identifiant jusqu&#039;\u00e0 64 objets en m\u00eame temps.<\/p>\n<\/div>\n<\/div>\n<div class=\"full-banner-item\">\n<p><img decoding=\"async\" id=\"vtpPicture\" class=\"pc-img lazyload\" src=\"data:image\/gif;base64,R0lGODlhAQABAAAAACH5BAEKAAEALAAAAAABAAEAAAICTAEAOw==\" border=\"0\" data-src=\"data:image\/gif;base64,R0lGODlhAQABAAAAACH5BAEKAAEALAAAAAABAAEAAAICTAEAOw==\"><\/p>\n<div class=\"full-banner-content thirdly-banner-content\">\n<h2>Performances maximales, possibilit\u00e9s infinies<\/h2>\n<ul class=\"thirdly-banner-content-down\">\n<li>Dur\u00e9e du vol \u2013 40 minutes\n<ul class=\"thirdly-banner-content-down\">\n<li>La s\u00e9rie EVO II vole jusqu&#039;\u00e0 40 minutes.<\/li>\n<\/ul>\n<\/li>\n<li>Port\u00e9e de transmission \u2013 8,8 km\n<ul class=\"thirdly-banner-content-down\">\n<li>Volez jusqu&#039;\u00e0 8,8 km de l&#039;emplacement du pilote en toute confiance gr\u00e2ce \u00e0 la transmission vid\u00e9o et t\u00e9l\u00e9m\u00e9trie.<\/li>\n<\/ul>\n<\/li>\n<li>R\u00e9sistance au vent \u2013 61 km\/h (17 m\/s)\n<ul class=\"thirdly-banner-content-down\">\n<li>Volez dans pratiquement toutes les conditions de vent (urbaines ou rurales) en toute confiance, garantissant une mission r\u00e9ussie.<\/li>\n<\/ul>\n<\/li>\n<li>Vitesse de vol \u2013 72 km\/h (20 m\/s)\n<ul class=\"thirdly-banner-content-down\">\n<li>Avec des vitesses allant jusqu&#039;\u00e0 72 km\/h (20 m\/s), l&#039;EVO II arrive rapidement et efficacement.<\/li>\n<\/ul>\n<\/li>\n<\/ul>\n<\/div>\n<\/div>\n<\/div>\n<div class=\"accessories-box\">\n<div>\n<h3>Accessoires<\/h3>\n<\/div>\n<p><img decoding=\"async\" class=\"pc-img lazyload\" src=\"data:image\/gif;base64,R0lGODlhAQABAAAAACH5BAEKAAEALAAAAAABAAEAAAICTAEAOw==\" border=\"0\" data-src=\"data:image\/gif;base64,R0lGODlhAQABAAAAACH5BAEKAAEALAAAAAABAAEAAAICTAEAOw==\"><\/p>\n<\/div>\n<\/div>","protected":false},"excerpt":{"rendered":"<p><strong>D\u00e9passez les limites de la photographie a\u00e9rienne<\/strong><\/p>\n<p>Le premier drone pliable 8k au monde<\/p>\n<p>&nbsp;<\/p>","protected":false},"featured_media":3108,"comment_status":"open","ping_status":"closed","template":"","meta":[],"product_brand":[],"product_cat":[220,29,294],"product_tag":[229,223,224],"class_list":{"0":"post-3107","1":"product","2":"type-product","3":"status-publish","4":"has-post-thumbnail","6":"product_cat-autel","7":"product_cat-drones","8":"product_cat-drone-autel","9":"product_tag-8k","10":"product_tag-autel","11":"product_tag-autel-evo-ii","13":"first","14":"onbackorder","15":"taxable","16":"shipping-taxable","17":"product-type-simple"},"yoast_head":"<!-- This site is optimized with the Yoast SEO plugin v27.4 - https:\/\/yoast.com\/product\/yoast-seo-wordpress\/ -->\n<title>Autel EVO II V2 8K -<\/title>\n<meta name=\"description\" content=\"Go beyond the boundaries of aerial photographyThe world\u2019s first foldable 8k drone\" \/>\n<meta name=\"robots\" content=\"index, follow, max-snippet:-1, max-image-preview:large, max-video-preview:-1\" \/>\n<link rel=\"canonical\" href=\"https:\/\/www.ghostysky.com\/fr\/product\/autel-evo-ii-v2-8k\/\" \/>\n<meta property=\"og:locale\" content=\"fr_FR\" \/>\n<meta property=\"og:type\" content=\"article\" \/>\n<meta property=\"og:title\" content=\"Autel EVO II V2 8K -\" \/>\n<meta property=\"og:description\" content=\"Go beyond the boundaries of aerial photographyThe world\u2019s first foldable 8k drone\" \/>\n<meta property=\"og:url\" content=\"https:\/\/www.ghostysky.com\/fr\/product\/autel-evo-ii-v2-8k\/\" \/>\n<meta property=\"og:site_name\" content=\"Ghostysky\" \/>\n<meta property=\"article:publisher\" content=\"https:\/\/www.facebook.com\/people\/Ghostysky\/100057676170234\/\" \/>\n<meta property=\"article:modified_time\" content=\"2023-08-29T10:27:07+00:00\" \/>\n<meta property=\"og:image\" content=\"https:\/\/www.ghostysky.com\/wp-content\/uploads\/2022\/01\/eng_pl_Autel-EVO-II-V2-8K-12734_7.jpg\" \/>\n\t<meta property=\"og:image:width\" content=\"600\" \/>\n\t<meta property=\"og:image:height\" content=\"600\" \/>\n\t<meta property=\"og:image:type\" content=\"image\/jpeg\" \/>\n<meta name=\"twitter:card\" content=\"summary_large_image\" \/>\n<meta name=\"twitter:site\" content=\"@Gh0stysky\" \/>\n<meta name=\"twitter:label1\" content=\"Dur\u00e9e de lecture estim\u00e9e\" \/>\n\t<meta name=\"twitter:data1\" content=\"4 minutes\" \/>\n<script type=\"application\/ld+json\" class=\"yoast-schema-graph\">{\"@context\":\"https:\\\/\\\/schema.org\",\"@graph\":[{\"@type\":\"WebPage\",\"@id\":\"https:\\\/\\\/www.ghostysky.com\\\/product\\\/autel-evo-ii-v2-8k\\\/\",\"url\":\"https:\\\/\\\/www.ghostysky.com\\\/product\\\/autel-evo-ii-v2-8k\\\/\",\"name\":\"Autel EVO II V2 8K -\",\"isPartOf\":{\"@id\":\"https:\\\/\\\/www.ghostysky.com\\\/#website\"},\"primaryImageOfPage\":{\"@id\":\"https:\\\/\\\/www.ghostysky.com\\\/product\\\/autel-evo-ii-v2-8k\\\/#primaryimage\"},\"image\":{\"@id\":\"https:\\\/\\\/www.ghostysky.com\\\/product\\\/autel-evo-ii-v2-8k\\\/#primaryimage\"},\"thumbnailUrl\":\"https:\\\/\\\/www.ghostysky.com\\\/wp-content\\\/uploads\\\/2022\\\/01\\\/eng_pl_Autel-EVO-II-V2-8K-12734_7.jpg\",\"datePublished\":\"2022-01-12T11:28:40+00:00\",\"dateModified\":\"2023-08-29T10:27:07+00:00\",\"description\":\"Go beyond the boundaries of aerial photographyThe world\u2019s first foldable 8k drone\",\"breadcrumb\":{\"@id\":\"https:\\\/\\\/www.ghostysky.com\\\/product\\\/autel-evo-ii-v2-8k\\\/#breadcrumb\"},\"inLanguage\":\"fr-FR\",\"potentialAction\":[{\"@type\":\"ReadAction\",\"target\":[\"https:\\\/\\\/www.ghostysky.com\\\/product\\\/autel-evo-ii-v2-8k\\\/\"]}]},{\"@type\":\"ImageObject\",\"inLanguage\":\"fr-FR\",\"@id\":\"https:\\\/\\\/www.ghostysky.com\\\/product\\\/autel-evo-ii-v2-8k\\\/#primaryimage\",\"url\":\"https:\\\/\\\/www.ghostysky.com\\\/wp-content\\\/uploads\\\/2022\\\/01\\\/eng_pl_Autel-EVO-II-V2-8K-12734_7.jpg\",\"contentUrl\":\"https:\\\/\\\/www.ghostysky.com\\\/wp-content\\\/uploads\\\/2022\\\/01\\\/eng_pl_Autel-EVO-II-V2-8K-12734_7.jpg\",\"width\":600,\"height\":600},{\"@type\":\"BreadcrumbList\",\"@id\":\"https:\\\/\\\/www.ghostysky.com\\\/product\\\/autel-evo-ii-v2-8k\\\/#breadcrumb\",\"itemListElement\":[{\"@type\":\"ListItem\",\"position\":1,\"name\":\"Home\",\"item\":\"https:\\\/\\\/www.ghostysky.com\\\/\"},{\"@type\":\"ListItem\",\"position\":2,\"name\":\"Shop\",\"item\":\"https:\\\/\\\/www.ghostysky.com\\\/shop\\\/\"},{\"@type\":\"ListItem\",\"position\":3,\"name\":\"Autel EVO II V2 8K\"}]},{\"@type\":\"WebSite\",\"@id\":\"https:\\\/\\\/www.ghostysky.com\\\/#website\",\"url\":\"https:\\\/\\\/www.ghostysky.com\\\/\",\"name\":\"Ghostysky\",\"description\":\"Delivering professional drones and services\",\"publisher\":{\"@id\":\"https:\\\/\\\/www.ghostysky.com\\\/#organization\"},\"potentialAction\":[{\"@type\":\"SearchAction\",\"target\":{\"@type\":\"EntryPoint\",\"urlTemplate\":\"https:\\\/\\\/www.ghostysky.com\\\/?s={search_term_string}\"},\"query-input\":{\"@type\":\"PropertyValueSpecification\",\"valueRequired\":true,\"valueName\":\"search_term_string\"}}],\"inLanguage\":\"fr-FR\"},{\"@type\":\"Organization\",\"@id\":\"https:\\\/\\\/www.ghostysky.com\\\/#organization\",\"name\":\"Ghostysky\",\"url\":\"https:\\\/\\\/www.ghostysky.com\\\/\",\"logo\":{\"@type\":\"ImageObject\",\"inLanguage\":\"fr-FR\",\"@id\":\"https:\\\/\\\/www.ghostysky.com\\\/#\\\/schema\\\/logo\\\/image\\\/\",\"url\":\"https:\\\/\\\/www.ghostysky.com\\\/wp-content\\\/uploads\\\/2020\\\/06\\\/cropped-ghostyskylogo_text_white2.png\",\"contentUrl\":\"https:\\\/\\\/www.ghostysky.com\\\/wp-content\\\/uploads\\\/2020\\\/06\\\/cropped-ghostyskylogo_text_white2.png\",\"width\":169,\"height\":56,\"caption\":\"Ghostysky\"},\"image\":{\"@id\":\"https:\\\/\\\/www.ghostysky.com\\\/#\\\/schema\\\/logo\\\/image\\\/\"},\"sameAs\":[\"https:\\\/\\\/www.facebook.com\\\/people\\\/Ghostysky\\\/100057676170234\\\/\",\"https:\\\/\\\/x.com\\\/Gh0stysky\",\"https:\\\/\\\/www.linkedin.com\\\/company\\\/34739653\",\"https:\\\/\\\/www.instagram.com\\\/gh0stysky\"]}]}<\/script>\n<!-- \/ Yoast SEO plugin. -->","yoast_head_json":{"title":"Autel EVO II V2 8K -","description":"D\u00e9passez les limites de la photographie a\u00e9rienneLe premier drone pliable 8k au monde","robots":{"index":"index","follow":"follow","max-snippet":"max-snippet:-1","max-image-preview":"max-image-preview:large","max-video-preview":"max-video-preview:-1"},"canonical":"https:\/\/www.ghostysky.com\/fr\/product\/autel-evo-ii-v2-8k\/","og_locale":"fr_FR","og_type":"article","og_title":"Autel EVO II V2 8K -","og_description":"Go beyond the boundaries of aerial photographyThe world\u2019s first foldable 8k drone","og_url":"https:\/\/www.ghostysky.com\/fr\/product\/autel-evo-ii-v2-8k\/","og_site_name":"Ghostysky","article_publisher":"https:\/\/www.facebook.com\/people\/Ghostysky\/100057676170234\/","article_modified_time":"2023-08-29T10:27:07+00:00","og_image":[{"width":600,"height":600,"url":"https:\/\/www.ghostysky.com\/wp-content\/uploads\/2022\/01\/eng_pl_Autel-EVO-II-V2-8K-12734_7.jpg","type":"image\/jpeg"}],"twitter_card":"summary_large_image","twitter_site":"@Gh0stysky","twitter_misc":{"Dur\u00e9e de lecture estim\u00e9e":"4 minutes"},"schema":{"@context":"https:\/\/schema.org","@graph":[{"@type":"WebPage","@id":"https:\/\/www.ghostysky.com\/product\/autel-evo-ii-v2-8k\/","url":"https:\/\/www.ghostysky.com\/product\/autel-evo-ii-v2-8k\/","name":"Autel EVO II V2 8K -","isPartOf":{"@id":"https:\/\/www.ghostysky.com\/#website"},"primaryImageOfPage":{"@id":"https:\/\/www.ghostysky.com\/product\/autel-evo-ii-v2-8k\/#primaryimage"},"image":{"@id":"https:\/\/www.ghostysky.com\/product\/autel-evo-ii-v2-8k\/#primaryimage"},"thumbnailUrl":"https:\/\/www.ghostysky.com\/wp-content\/uploads\/2022\/01\/eng_pl_Autel-EVO-II-V2-8K-12734_7.jpg","datePublished":"2022-01-12T11:28:40+00:00","dateModified":"2023-08-29T10:27:07+00:00","description":"D\u00e9passez les limites de la photographie a\u00e9rienneLe premier drone pliable 8k au monde","breadcrumb":{"@id":"https:\/\/www.ghostysky.com\/product\/autel-evo-ii-v2-8k\/#breadcrumb"},"inLanguage":"fr-FR","potentialAction":[{"@type":"ReadAction","target":["https:\/\/www.ghostysky.com\/product\/autel-evo-ii-v2-8k\/"]}]},{"@type":"ImageObject","inLanguage":"fr-FR","@id":"https:\/\/www.ghostysky.com\/product\/autel-evo-ii-v2-8k\/#primaryimage","url":"https:\/\/www.ghostysky.com\/wp-content\/uploads\/2022\/01\/eng_pl_Autel-EVO-II-V2-8K-12734_7.jpg","contentUrl":"https:\/\/www.ghostysky.com\/wp-content\/uploads\/2022\/01\/eng_pl_Autel-EVO-II-V2-8K-12734_7.jpg","width":600,"height":600},{"@type":"BreadcrumbList","@id":"https:\/\/www.ghostysky.com\/product\/autel-evo-ii-v2-8k\/#breadcrumb","itemListElement":[{"@type":"ListItem","position":1,"name":"Home","item":"https:\/\/www.ghostysky.com\/"},{"@type":"ListItem","position":2,"name":"Shop","item":"https:\/\/www.ghostysky.com\/shop\/"},{"@type":"ListItem","position":3,"name":"Autel EVO II V2 8K"}]},{"@type":"WebSite","@id":"https:\/\/www.ghostysky.com\/#website","url":"https:\/\/www.ghostysky.com\/","name":"Ghostysky","description":"Livraison de drones et de services professionnels","publisher":{"@id":"https:\/\/www.ghostysky.com\/#organization"},"potentialAction":[{"@type":"SearchAction","target":{"@type":"EntryPoint","urlTemplate":"https:\/\/www.ghostysky.com\/?s={search_term_string}"},"query-input":{"@type":"PropertyValueSpecification","valueRequired":true,"valueName":"search_term_string"}}],"inLanguage":"fr-FR"},{"@type":"Organization","@id":"https:\/\/www.ghostysky.com\/#organization","name":"Ghostysky","url":"https:\/\/www.ghostysky.com\/","logo":{"@type":"ImageObject","inLanguage":"fr-FR","@id":"https:\/\/www.ghostysky.com\/#\/schema\/logo\/image\/","url":"https:\/\/www.ghostysky.com\/wp-content\/uploads\/2020\/06\/cropped-ghostyskylogo_text_white2.png","contentUrl":"https:\/\/www.ghostysky.com\/wp-content\/uploads\/2020\/06\/cropped-ghostyskylogo_text_white2.png","width":169,"height":56,"caption":"Ghostysky"},"image":{"@id":"https:\/\/www.ghostysky.com\/#\/schema\/logo\/image\/"},"sameAs":["https:\/\/www.facebook.com\/people\/Ghostysky\/100057676170234\/","https:\/\/x.com\/Gh0stysky","https:\/\/www.linkedin.com\/company\/34739653","https:\/\/www.instagram.com\/gh0stysky"]}]}},"_links":{"self":[{"href":"https:\/\/www.ghostysky.com\/fr\/wp-json\/wp\/v2\/product\/3107","targetHints":{"allow":["GET"]}}],"collection":[{"href":"https:\/\/www.ghostysky.com\/fr\/wp-json\/wp\/v2\/product"}],"about":[{"href":"https:\/\/www.ghostysky.com\/fr\/wp-json\/wp\/v2\/types\/product"}],"replies":[{"embeddable":true,"href":"https:\/\/www.ghostysky.com\/fr\/wp-json\/wp\/v2\/comments?post=3107"}],"version-history":[{"count":0,"href":"https:\/\/www.ghostysky.com\/fr\/wp-json\/wp\/v2\/product\/3107\/revisions"}],"wp:featuredmedia":[{"embeddable":true,"href":"https:\/\/www.ghostysky.com\/fr\/wp-json\/wp\/v2\/media\/3108"}],"wp:attachment":[{"href":"https:\/\/www.ghostysky.com\/fr\/wp-json\/wp\/v2\/media?parent=3107"}],"wp:term":[{"taxonomy":"product_brand","embeddable":true,"href":"https:\/\/www.ghostysky.com\/fr\/wp-json\/wp\/v2\/product_brand?post=3107"},{"taxonomy":"product_cat","embeddable":true,"href":"https:\/\/www.ghostysky.com\/fr\/wp-json\/wp\/v2\/product_cat?post=3107"},{"taxonomy":"product_tag","embeddable":true,"href":"https:\/\/www.ghostysky.com\/fr\/wp-json\/wp\/v2\/product_tag?post=3107"}],"curies":[{"name":"wp","href":"https:\/\/api.w.org\/{rel}","templated":true}]}}