{"id":6008,"date":"2022-03-22T10:34:47","date_gmt":"2022-03-22T10:34:47","guid":{"rendered":"https:\/\/www.ghostysky.com\/?post_type=product&#038;p=6008"},"modified":"2024-11-02T06:10:27","modified_gmt":"2024-11-02T06:10:27","slug":"swellpro-splashdrone-4-and-gc2-s-night-vision-1080p-bundle","status":"publish","type":"product","link":"https:\/\/www.ghostysky.com\/fr\/product\/swellpro-splashdrone-4-and-gc2-s-night-vision-1080p-bundle\/","title":{"rendered":"Pack Swellpro SplashDrone 4 et GC2-S (vision nocturne\/1080P)"},"content":{"rendered":"<p>La 5e g\u00e9n\u00e9ration de drones \u00e9tanches Swellpro est arriv\u00e9e \u2013 et c&#039;est\u00a0<strong>meilleur que jamais<\/strong>.<\/p>\n<p>Le SD4 repr\u00e9sente plus de sept ann\u00e9es d&#039;am\u00e9liorations de conception et d&#039;exp\u00e9rience, aboutissant \u00e0 la plate-forme flottante et volante enti\u00e8rement num\u00e9rique la plus puissante de Swellpro \u00e0 ce jour.<\/p>\n<p>Sans aucun doute, une nouvelle r\u00e9f\u00e9rence pour les drones \u00e9tanches a de nouveau \u00e9t\u00e9 \u00e9tablie, tout simplement il n&#039;y a pas de drone au monde comme lui.<\/p>\n<ul>\n<li>Drone \u00e9tanche class\u00e9 IP67<\/li>\n<li>Contr\u00f4leur certifi\u00e9 IP66 \u2013 d\u00e9sormais compatible avec le montage d&#039;un smartphone ou d&#039;une tablette<\/li>\n<li>Port\u00e9e de transmission d&#039;images de 5 km sur les antennes standard<\/li>\n<li>Dur\u00e9e de vol am\u00e9lior\u00e9e de 30 minutes<\/li>\n<li>Capacit\u00e9 de charge utile de 2 kg<\/li>\n<li>Batterie intelligente coulissante<\/li>\n<\/ul>\n<p><img fetchpriority=\"high\" decoding=\"async\" class=\"\" src=\"https:\/\/cdn.shopify.com\/s\/files\/1\/2536\/9450\/files\/drone-intelligent-battery.jpg?v=1624103430\" alt=\"batterie de drone \u00e9tanche\" width=\"503\" height=\"234\" \/><\/p>\n<p>Le SD4 est livr\u00e9 avec de nombreuses autres fonctionnalit\u00e9s et une gamme encore plus large de charges utiles, y compris la cam\u00e9ra \u00e0 cardan \u00e0 trois axes \u00e9tablie, qui enregistre d\u00e9sormais des fichiers RAW.<\/p>\n<p>Plusieurs m\u00e9canismes de largage de charge utile sont toujours disponibles, ainsi qu&#039;une option r\u00e9volutionnaire de cam\u00e9ra thermique. Le Splashdrone 4 est \u00e9galement \u00e9quip\u00e9 d&#039;une nouvelle application mobile performante et am\u00e9lior\u00e9e.<\/p>\n<p><strong>Caract\u00e9ristiques<\/strong><br \/>\nCorps r\u00e9sistant \u00e0 l&#039;eau de mer avec protection IP67, t\u00e9l\u00e9commande \u00e9tanche avec protection IP66, transmission d&#039;image jusqu&#039;\u00e0 5 km, changement de puissance automatique, capacit\u00e9 de charge utile jusqu&#039;\u00e0 2 kg, autonomie de vol jusqu&#039;\u00e0 30 min, batterie intelligente amovible et fonctionnalit\u00e9s telles que le retour dynamique au pilote et plus encore.<\/p>\n<p>SplashDrone 4 est le drone \u00e9tanche de 5e g\u00e9n\u00e9ration qui repr\u00e9sente les 7 ann\u00e9es d&#039;exp\u00e9rience de SwellPro en mati\u00e8re de technologie d&#039;\u00e9tanch\u00e9it\u00e9 des drones.<\/p>\n<p><strong>SplashDrone 4 est con\u00e7u pour avoir la meilleure technologie d&#039;\u00e9tanch\u00e9it\u00e9 de l&#039;industrie.<\/strong><br \/>\nLe fuselage rigide et robuste est fabriqu\u00e9 en ABS de qualit\u00e9 industrielle. Chaque SplashDrone 4 est scell\u00e9 en usine dans les moindres d\u00e9tails et test\u00e9 sous pression d&#039;air pour garantir notre \u00e9tanch\u00e9it\u00e9 exclusive 100% avec protection IP67. Les moteurs \u00e9tanches et l&#039;\u00e9lectronique interne sont \u00e9galement recouverts d&#039;un rev\u00eatement anticorrosion pour une protection suppl\u00e9mentaire.<\/p>\n<p><strong>Nouvelle t\u00e9l\u00e9commande SplashDrone 4<\/strong><br \/>\nT\u00e9l\u00e9commande \u00e9tanche\u00a0: vous pouvez m\u00eame la jeter \u00e0 l&#039;eau ou la rincer pour \u00e9liminer le sable accumul\u00e9. La t\u00e9l\u00e9commande flotte et vous \u00eates en s\u00e9curit\u00e9 gr\u00e2ce \u00e0 sa protection IP66. Le GPS int\u00e9gr\u00e9 offre de nombreuses nouvelles fonctionnalit\u00e9s, comme le suivi en temps r\u00e9el, le retour dynamique au pilote, et bien plus encore. De plus, elle est d\u00e9sormais compatible avec plusieurs appareils.<br \/>\nLe contr\u00f4le de vol innovant et brevet\u00e9 Smooth+ permet au pilote d&#039;ajuster avec pr\u00e9cision le roulis et le lacet du SplashDrone 4.<\/p>\n<p><strong>Options de charge utile multifonctionnelles<\/strong><br \/>\nGr\u00e2ce \u00e0 son nouveau syst\u00e8me de charge utile modulaire multifonctionnel et \u00e0 sa conception d&#039;interface ouverte, le SplashDrone 4 peut \u00eatre rapidement adapt\u00e9 \u00e0 diff\u00e9rentes missions.<br \/>\nLe SD4 permet d&#039;ajouter un des modules de cam\u00e9ra (GC3-S ou GC3-T ou GC2-S ou GC1-S ou FAC) et en m\u00eame temps le module de largage de charge utile (PL1-S), qui permet de transporter et de larguer un flotteur, un app\u00e2t, un gilet, \u2026 avec une capacit\u00e9 de charge totale allant jusqu&#039;\u00e0 2 kg.<br \/>\nCela signifie que le module PL1-S (lib\u00e9ration de charge) peut \u00eatre coupl\u00e9 \u00e0 n&#039;importe lequel des modules de cam\u00e9ra (GC3-S ou GC3-T ou GC2-S ou GC1-S ou FAC) en m\u00eame temps.<\/p>\n<p><strong>Syst\u00e8me de transmission aux performances in\u00e9gal\u00e9es<\/strong><br \/>\nGr\u00e2ce \u00e0 des moteurs 740 kV plus puissants, un contr\u00f4leur \u00e9lectronique de vitesse 40 A et une conception a\u00e9rodynamique optimis\u00e9e, le SplashDrone 4 offre un contr\u00f4le pr\u00e9cis, r\u00e9actif et total, quelles que soient les conditions m\u00e9t\u00e9orologiques. Le SD4 r\u00e9siste \u00e0 des vents de force 7 Beaufort (33 n\u0153uds \u2013 60 km\/h \u2013 31 mph). Il peut supporter jusqu&#039;\u00e0 2 kg.<\/p>\n<p><strong>Batterie intelligente (IB4)<\/strong><br \/>\nLa nouvelle batterie IB4 est amovible, permettant un remplacement rapide. Elle est dot\u00e9e d&#039;un syst\u00e8me de gestion interne de l&#039;\u00e9nergie (charge et d\u00e9charge). Ses cellules lithium haute performance de 6\u00a0600 mAh offrent au SD4 jusqu&#039;\u00e0 30 minutes d&#039;autonomie de vol.<\/p>\n<h2 class=\"product_title entry-title\">Cam\u00e9ra de vision nocturne \u00e0 cardan 2 axes \u00e9tanche GC2-S<\/h2>\n<p>La nouvelle cam\u00e9ra de vision nocturne GC2-S est \u00e9quip\u00e9e d&#039;un projecteur \u00e0 intensit\u00e9 variable permettant une utilisation m\u00eame dans l&#039;obscurit\u00e9 la plus totale. Son capteur haute sensibilit\u00e9 fournit des images couleur, m\u00eame en faible luminosit\u00e9, l\u00e0 o\u00f9 les cam\u00e9ras classiques ne peuvent pas fournir d&#039;image.<\/p>\n<p><iframe title=\"Lecteur vid\u00e9o YouTube\" src=\"about:blank\" width=\"560\" height=\"315\" frameborder=\"0\" allowfullscreen=\"allowfullscreen\" class=\"lazyload\" data-src=\"https:\/\/www.youtube.com\/embed\/ImwMNW-1Z4o\"><\/iframe><\/p>\n<table id=\"product-attribute-specs-table\" class=\"data-table table\">\n<tbody>\n<tr class=\"first odd\">\n<th class=\"label\" style=\"text-align: left; width: 90.671875px;\">Aper\u00e7u<\/th>\n<td class=\"data last\" style=\"width: 444.328125px;\">GC2-S est la cam\u00e9ra \u00e0 cardan de vision nocturne \u00e0 2 axes sp\u00e9cialement con\u00e7ue pour toutes les op\u00e9rations en basse lumi\u00e8re.<\/td>\n<\/tr>\n<tr class=\"first odd\">\n<th class=\"label\" style=\"text-align: left; width: 90.671875px;\">Points forts<\/th>\n<td class=\"data last\" style=\"width: 444.328125px;\">\u00c9tanch\u00e9it\u00e9 IP67.<br \/>\nEnregistrement vid\u00e9o en basse lumi\u00e8re 1080P\/60fps.<br \/>\n2 spots orientables int\u00e9gr\u00e9s.<\/td>\n<\/tr>\n<tr class=\"first odd\">\n<th class=\"label\" style=\"text-align: left; width: 90.671875px;\">Sp\u00e9cification<\/th>\n<td class=\"data last\" style=\"width: 444.328125px;\">\u00c9tanch\u00e9it\u00e9 : IP67<br \/>\nPoids : environ 220 g<br \/>\nTaille: 113*92*80mm<br \/>\nCapteur d&#039;image : 1\/2\u2033 2M SONY Starlight CMOS<br \/>\nChamp de vision : 66\u00b0<br \/>\nVitesse d&#039;obturation : 16 \u2013 1\/16000 s<br \/>\n\u00c9clatement : Fermeture\/3\/5\/10 pi\u00e8ces<br \/>\nIntervalle : Fermeture\/1\/3\/5\/10 s<br \/>\nR\u00e9solution vid\u00e9o\u00a0: FHD\u00a0: 1920 x 1080 30\/60p | HD\u00a0: 1280 x 720 120\/60p<br \/>\nFlux vid\u00e9o maximal\u00a0: 64\u00a0Mbps<br \/>\nFormat d&#039;image : JPEG<br \/>\nFormat vid\u00e9o : MP4 \/ MOV<br \/>\nPrise en charge des cartes m\u00e9moire\u00a0: les cartes Micro SD d&#039;une capacit\u00e9 maximale de 128\u00a0Go, d&#039;une vitesse d&#039;\u00e9criture \u2265\u00a015\u00a0Mo\/s et d&#039;une vitesse de transmission de classe\u00a010 ou sup\u00e9rieure ou de classification UHS-1 sont prises en charge.<br \/>\nTemp\u00e9rature de fonctionnement : -10\u2103 \u00e0 40\u2103<\/td>\n<\/tr>\n<tr class=\"first odd\">\n<th class=\"label\" style=\"text-align: left; width: 90.671875px;\">Dans la bo\u00eete<\/th>\n<td class=\"data last\" style=\"width: 444.328125px;\">GC2-S \u00d7 1<\/td>\n<\/tr>\n<tr class=\"first odd\">\n<th class=\"label\" style=\"text-align: left; width: 90.671875px;\">Compatibilit\u00e9<\/th>\n<td class=\"data last\" style=\"width: 444.328125px;\">SplashDrone 4<\/td>\n<\/tr>\n<\/tbody>\n<\/table>\n<p>&nbsp;<\/p>\n<h3><span class=\"JLqJ4b ChMk0b\" data-language-for-alternatives=\"en\" data-language-to-translate-into=\"es\" data-phrase-index=\"2\" data-number-of-phrases=\"6\">Le Splash Drone 4 comprend les \u00e9l\u00e9ments suivants\u00a0:<\/span><\/h3>\n<ul>\n<li class=\"oBOnKe\"><span class=\"JLqJ4b ChMk0b\" data-language-for-alternatives=\"en\" data-language-to-translate-into=\"es\" data-phrase-index=\"4\" data-number-of-phrases=\"6\">\u00d71 Splash Drone 4 Drone<\/span><\/li>\n<li><span class=\"JLqJ4b ChMk0b\" data-language-for-alternatives=\"en\" data-language-to-translate-into=\"es\" data-phrase-index=\"4\" data-number-of-phrases=\"6\">\u00d71 GC2-S Cam\u00e9ra de vision nocturne \u00e0 cardan 2 axes \u00e9tanche<\/span><\/li>\n<li class=\"oBOnKe\"><span class=\"JLqJ4b ChMk0b\" data-language-for-alternatives=\"en\" data-language-to-translate-into=\"es\" data-phrase-index=\"4\" data-number-of-phrases=\"6\">\u00d71 T\u00e9l\u00e9commande SD4<\/span><\/li>\n<li class=\"oBOnKe\"><span class=\"JLqJ4b ChMk0b\" data-language-for-alternatives=\"en\" data-language-to-translate-into=\"es\" data-phrase-index=\"4\" data-number-of-phrases=\"6\">\u00d72 paires d&#039;h\u00e9lices<\/span><\/li>\n<li class=\"oBOnKe\"><span class=\"JLqJ4b ChMk0b\" data-language-for-alternatives=\"en\" data-language-to-translate-into=\"es\" data-phrase-index=\"4\" data-number-of-phrases=\"6\">\u00d71 Batterie intelligente (IB4)<\/span><\/li>\n<li class=\"oBOnKe\"><span class=\"JLqJ4b ChMk0b\" data-language-for-alternatives=\"en\" data-language-to-translate-into=\"es\" data-phrase-index=\"4\" data-number-of-phrases=\"6\">\u00d71 Chargeur pour IB4<\/span><\/li>\n<li class=\"oBOnKe\"><span class=\"JLqJ4b ChMk0b\" data-language-for-alternatives=\"en\" data-language-to-translate-into=\"es\" data-phrase-index=\"4\" data-number-of-phrases=\"6\">\u00d71 c\u00e2ble d&#039;alimentation CA<\/span><\/li>\n<li class=\"oBOnKe\"><span class=\"JLqJ4b ChMk0b\" data-language-for-alternatives=\"en\" data-language-to-translate-into=\"es\" data-phrase-index=\"4\" data-number-of-phrases=\"6\">\u00d71 C\u00e2ble d&#039;alimentation pour t\u00e9l\u00e9commande<\/span><\/li>\n<li class=\"oBOnKe\"><span class=\"JLqJ4b ChMk0b\" data-language-for-alternatives=\"en\" data-language-to-translate-into=\"es\" data-phrase-index=\"4\" data-number-of-phrases=\"6\">\u00d7<\/span>\u00a0<span class=\"JLqJ4b ChMk0b\" data-language-for-alternatives=\"en\" data-language-to-translate-into=\"es\" data-phrase-index=\"5\" data-number-of-phrases=\"6\">1 c\u00e2ble micro USB<\/span><\/li>\n<li class=\"oBOnKe\"><span class=\"JLqJ4b ChMk0b\" data-language-for-alternatives=\"en\" data-language-to-translate-into=\"es\" data-phrase-index=\"5\" data-number-of-phrases=\"6\">\u00d71 tournevis hexagonal<\/span><\/li>\n<li class=\"oBOnKe\"><span class=\"JLqJ4b ChMk0b\" data-language-for-alternatives=\"en\" data-language-to-translate-into=\"es\" data-phrase-index=\"5\" data-number-of-phrases=\"6\">\u00d72 vis hexagonales<\/span><\/li>\n<li class=\"oBOnKe\"><span class=\"JLqJ4b ChMk0b\" data-language-for-alternatives=\"en\" data-language-to-translate-into=\"es\" data-phrase-index=\"5\" data-number-of-phrases=\"6\">\u00d71 \u00c9vent barom\u00e9trique (suppl\u00e9mentaire)<\/span><\/li>\n<li class=\"oBOnKe\"><span class=\"JLqJ4b ChMk0b\" data-language-for-alternatives=\"en\" data-language-to-translate-into=\"es\" data-phrase-index=\"5\" data-number-of-phrases=\"6\">\u00d71 Manuel d&#039;utilisation<\/span><\/li>\n<li class=\"oBOnKe\"><span class=\"JLqJ4b ChMk0b\" data-language-for-alternatives=\"en\" data-language-to-translate-into=\"es\" data-phrase-index=\"5\" data-number-of-phrases=\"6\">\u00d71 Certificat<\/span><\/li>\n<li class=\"oBOnKe\"><span class=\"JLqJ4b ChMk0b\" data-language-for-alternatives=\"en\" data-language-to-translate-into=\"es\" data-phrase-index=\"5\" data-number-of-phrases=\"6\">\u00d71 Guide d&#039;entretien<\/span><\/li>\n<li class=\"oBOnKe\"><span class=\"JLqJ4b ChMk0b\" data-language-for-alternatives=\"en\" data-language-to-translate-into=\"es\" data-phrase-index=\"5\" data-number-of-phrases=\"6\">\u00d71 \u00e9tui de transport.<\/span><\/li>\n<\/ul>","protected":false},"excerpt":{"rendered":"<p><strong>SplashDrone 4 est la 5\u00e8me g\u00e9n\u00e9ration<\/strong> drone \u00e9tanche repr\u00e9sentant les 7 ann\u00e9es de connaissances et de compr\u00e9hension de SwellPro en mati\u00e8re de technologie d&#039;\u00e9tanch\u00e9it\u00e9 des drones.<\/p>\n<p>SplashDrone 4 est la toute nouvelle plate-forme de vol et de flottaison \u00e9tanche con\u00e7ue pour un fonctionnement polyvalent dans n&#039;importe quel environnement difficile.<\/p>\n<p>Le pack comprend Swellpro <strong>GC2-S \u00c9tanche 2 axes<\/strong> Cardan <strong>Vision nocturne<\/strong> Cam\u00e9ra.<\/p>","protected":false},"featured_media":6004,"comment_status":"open","ping_status":"closed","template":"","meta":[],"product_brand":[],"product_cat":[314,29,278],"product_tag":[316,315,310,279],"class_list":{"0":"post-6008","1":"product","2":"type-product","3":"status-publish","4":"has-post-thumbnail","6":"product_cat-bundle-swellpro","7":"product_cat-drones","8":"product_cat-swellpro","9":"product_tag-1080p","10":"product_tag-night-vision","11":"product_tag-sd4","12":"product_tag-swellpro","14":"first","15":"onbackorder","16":"taxable","17":"shipping-taxable","18":"product-type-simple"},"yoast_head":"<!-- This site is optimized with the Yoast SEO plugin v27.1.1 - https:\/\/yoast.com\/product\/yoast-seo-wordpress\/ -->\n<title>Swellpro SplashDrone 4 and GC2-S (Night Vision\/1080P) Bundle -<\/title>\n<meta name=\"description\" content=\"SplashDrone 4 is the 5th generation waterproof drone representing SwellPro&#039;s 7 years of knowledge and understanding of drone waterproofing technology.\" \/>\n<meta name=\"robots\" content=\"index, follow, max-snippet:-1, max-image-preview:large, max-video-preview:-1\" \/>\n<link rel=\"canonical\" href=\"https:\/\/www.ghostysky.com\/fr\/product\/swellpro-splashdrone-4-and-gc2-s-night-vision-1080p-bundle\/\" \/>\n<meta property=\"og:locale\" content=\"fr_FR\" \/>\n<meta property=\"og:type\" content=\"article\" \/>\n<meta property=\"og:title\" content=\"Swellpro SplashDrone 4 and GC2-S (Night Vision\/1080P) Bundle -\" \/>\n<meta property=\"og:description\" content=\"SplashDrone 4 is the 5th generation waterproof drone representing SwellPro&#039;s 7 years of knowledge and understanding of drone waterproofing technology.\" \/>\n<meta property=\"og:url\" content=\"https:\/\/www.ghostysky.com\/fr\/product\/swellpro-splashdrone-4-and-gc2-s-night-vision-1080p-bundle\/\" \/>\n<meta property=\"og:site_name\" content=\"Ghostysky\" \/>\n<meta property=\"article:publisher\" content=\"https:\/\/www.facebook.com\/people\/Ghostysky\/100057676170234\/\" \/>\n<meta property=\"article:modified_time\" content=\"2024-11-02T06:10:27+00:00\" \/>\n<meta property=\"og:image\" content=\"https:\/\/www.ghostysky.com\/wp-content\/uploads\/2022\/03\/SP-SD4-A100_11-GC2PL1.jpg\" \/>\n\t<meta property=\"og:image:width\" content=\"1200\" \/>\n\t<meta property=\"og:image:height\" content=\"1200\" \/>\n\t<meta property=\"og:image:type\" content=\"image\/jpeg\" \/>\n<meta name=\"twitter:card\" content=\"summary_large_image\" \/>\n<meta name=\"twitter:site\" content=\"@Gh0stysky\" \/>\n<meta name=\"twitter:label1\" content=\"Dur\u00e9e de lecture estim\u00e9e\" \/>\n\t<meta name=\"twitter:data1\" content=\"4 minutes\" \/>\n<script type=\"application\/ld+json\" class=\"yoast-schema-graph\">{\"@context\":\"https:\/\/schema.org\",\"@graph\":[{\"@type\":\"WebPage\",\"@id\":\"https:\/\/www.ghostysky.com\/product\/swellpro-splashdrone-4-and-gc2-s-night-vision-1080p-bundle\/\",\"url\":\"https:\/\/www.ghostysky.com\/product\/swellpro-splashdrone-4-and-gc2-s-night-vision-1080p-bundle\/\",\"name\":\"Swellpro SplashDrone 4 and GC2-S (Night Vision\/1080P) Bundle -\",\"isPartOf\":{\"@id\":\"https:\/\/www.ghostysky.com\/#website\"},\"primaryImageOfPage\":{\"@id\":\"https:\/\/www.ghostysky.com\/product\/swellpro-splashdrone-4-and-gc2-s-night-vision-1080p-bundle\/#primaryimage\"},\"image\":{\"@id\":\"https:\/\/www.ghostysky.com\/product\/swellpro-splashdrone-4-and-gc2-s-night-vision-1080p-bundle\/#primaryimage\"},\"thumbnailUrl\":\"https:\/\/www.ghostysky.com\/wp-content\/uploads\/2022\/03\/SP-SD4-A100_11-GC2PL1.jpg\",\"datePublished\":\"2022-03-22T10:34:47+00:00\",\"dateModified\":\"2024-11-02T06:10:27+00:00\",\"description\":\"SplashDrone 4 is the 5th generation waterproof drone representing SwellPro's 7 years of knowledge and understanding of drone waterproofing technology.\",\"breadcrumb\":{\"@id\":\"https:\/\/www.ghostysky.com\/product\/swellpro-splashdrone-4-and-gc2-s-night-vision-1080p-bundle\/#breadcrumb\"},\"inLanguage\":\"fr-FR\",\"potentialAction\":[{\"@type\":\"ReadAction\",\"target\":[\"https:\/\/www.ghostysky.com\/product\/swellpro-splashdrone-4-and-gc2-s-night-vision-1080p-bundle\/\"]}]},{\"@type\":\"ImageObject\",\"inLanguage\":\"fr-FR\",\"@id\":\"https:\/\/www.ghostysky.com\/product\/swellpro-splashdrone-4-and-gc2-s-night-vision-1080p-bundle\/#primaryimage\",\"url\":\"https:\/\/www.ghostysky.com\/wp-content\/uploads\/2022\/03\/SP-SD4-A100_11-GC2PL1.jpg\",\"contentUrl\":\"https:\/\/www.ghostysky.com\/wp-content\/uploads\/2022\/03\/SP-SD4-A100_11-GC2PL1.jpg\",\"width\":1200,\"height\":1200},{\"@type\":\"BreadcrumbList\",\"@id\":\"https:\/\/www.ghostysky.com\/product\/swellpro-splashdrone-4-and-gc2-s-night-vision-1080p-bundle\/#breadcrumb\",\"itemListElement\":[{\"@type\":\"ListItem\",\"position\":1,\"name\":\"Home\",\"item\":\"https:\/\/www.ghostysky.com\/\"},{\"@type\":\"ListItem\",\"position\":2,\"name\":\"Shop\",\"item\":\"https:\/\/www.ghostysky.com\/shop\/\"},{\"@type\":\"ListItem\",\"position\":3,\"name\":\"Swellpro SplashDrone 4 and GC2-S (Night Vision\/1080P) Bundle\"}]},{\"@type\":\"WebSite\",\"@id\":\"https:\/\/www.ghostysky.com\/#website\",\"url\":\"https:\/\/www.ghostysky.com\/\",\"name\":\"Ghostysky\",\"description\":\"Delivering professional drones and services\",\"publisher\":{\"@id\":\"https:\/\/www.ghostysky.com\/#organization\"},\"potentialAction\":[{\"@type\":\"SearchAction\",\"target\":{\"@type\":\"EntryPoint\",\"urlTemplate\":\"https:\/\/www.ghostysky.com\/?s={search_term_string}\"},\"query-input\":{\"@type\":\"PropertyValueSpecification\",\"valueRequired\":true,\"valueName\":\"search_term_string\"}}],\"inLanguage\":\"fr-FR\"},{\"@type\":\"Organization\",\"@id\":\"https:\/\/www.ghostysky.com\/#organization\",\"name\":\"Ghostysky\",\"url\":\"https:\/\/www.ghostysky.com\/\",\"logo\":{\"@type\":\"ImageObject\",\"inLanguage\":\"fr-FR\",\"@id\":\"https:\/\/www.ghostysky.com\/#\/schema\/logo\/image\/\",\"url\":\"https:\/\/www.ghostysky.com\/wp-content\/uploads\/2020\/06\/cropped-ghostyskylogo_text_white2.png\",\"contentUrl\":\"https:\/\/www.ghostysky.com\/wp-content\/uploads\/2020\/06\/cropped-ghostyskylogo_text_white2.png\",\"width\":169,\"height\":56,\"caption\":\"Ghostysky\"},\"image\":{\"@id\":\"https:\/\/www.ghostysky.com\/#\/schema\/logo\/image\/\"},\"sameAs\":[\"https:\/\/www.facebook.com\/people\/Ghostysky\/100057676170234\/\",\"https:\/\/x.com\/Gh0stysky\",\"https:\/\/www.linkedin.com\/company\/34739653\",\"https:\/\/www.instagram.com\/gh0stysky\"]}]}<\/script>\n<!-- \/ Yoast SEO plugin. -->","yoast_head_json":{"title":"Pack Swellpro SplashDrone 4 et GC2-S (vision nocturne\/1080P) -","description":"SplashDrone 4 est le drone \u00e9tanche de 5e g\u00e9n\u00e9ration repr\u00e9sentant les 7 ann\u00e9es de connaissances et de compr\u00e9hension de SwellPro en mati\u00e8re de technologie d&#039;\u00e9tanch\u00e9it\u00e9 des drones.","robots":{"index":"index","follow":"follow","max-snippet":"max-snippet:-1","max-image-preview":"max-image-preview:large","max-video-preview":"max-video-preview:-1"},"canonical":"https:\/\/www.ghostysky.com\/fr\/product\/swellpro-splashdrone-4-and-gc2-s-night-vision-1080p-bundle\/","og_locale":"fr_FR","og_type":"article","og_title":"Swellpro SplashDrone 4 and GC2-S (Night Vision\/1080P) Bundle -","og_description":"SplashDrone 4 is the 5th generation waterproof drone representing SwellPro's 7 years of knowledge and understanding of drone waterproofing technology.","og_url":"https:\/\/www.ghostysky.com\/fr\/product\/swellpro-splashdrone-4-and-gc2-s-night-vision-1080p-bundle\/","og_site_name":"Ghostysky","article_publisher":"https:\/\/www.facebook.com\/people\/Ghostysky\/100057676170234\/","article_modified_time":"2024-11-02T06:10:27+00:00","og_image":[{"width":1200,"height":1200,"url":"https:\/\/www.ghostysky.com\/wp-content\/uploads\/2022\/03\/SP-SD4-A100_11-GC2PL1.jpg","type":"image\/jpeg"}],"twitter_card":"summary_large_image","twitter_site":"@Gh0stysky","twitter_misc":{"Dur\u00e9e de lecture estim\u00e9e":"4 minutes"},"schema":{"@context":"https:\/\/schema.org","@graph":[{"@type":"WebPage","@id":"https:\/\/www.ghostysky.com\/product\/swellpro-splashdrone-4-and-gc2-s-night-vision-1080p-bundle\/","url":"https:\/\/www.ghostysky.com\/product\/swellpro-splashdrone-4-and-gc2-s-night-vision-1080p-bundle\/","name":"Pack Swellpro SplashDrone 4 et GC2-S (vision nocturne\/1080P) -","isPartOf":{"@id":"https:\/\/www.ghostysky.com\/#website"},"primaryImageOfPage":{"@id":"https:\/\/www.ghostysky.com\/product\/swellpro-splashdrone-4-and-gc2-s-night-vision-1080p-bundle\/#primaryimage"},"image":{"@id":"https:\/\/www.ghostysky.com\/product\/swellpro-splashdrone-4-and-gc2-s-night-vision-1080p-bundle\/#primaryimage"},"thumbnailUrl":"https:\/\/www.ghostysky.com\/wp-content\/uploads\/2022\/03\/SP-SD4-A100_11-GC2PL1.jpg","datePublished":"2022-03-22T10:34:47+00:00","dateModified":"2024-11-02T06:10:27+00:00","description":"SplashDrone 4 est le drone \u00e9tanche de 5e g\u00e9n\u00e9ration repr\u00e9sentant les 7 ann\u00e9es de connaissances et de compr\u00e9hension de SwellPro en mati\u00e8re de technologie d&#039;\u00e9tanch\u00e9it\u00e9 des drones.","breadcrumb":{"@id":"https:\/\/www.ghostysky.com\/product\/swellpro-splashdrone-4-and-gc2-s-night-vision-1080p-bundle\/#breadcrumb"},"inLanguage":"fr-FR","potentialAction":[{"@type":"ReadAction","target":["https:\/\/www.ghostysky.com\/product\/swellpro-splashdrone-4-and-gc2-s-night-vision-1080p-bundle\/"]}]},{"@type":"ImageObject","inLanguage":"fr-FR","@id":"https:\/\/www.ghostysky.com\/product\/swellpro-splashdrone-4-and-gc2-s-night-vision-1080p-bundle\/#primaryimage","url":"https:\/\/www.ghostysky.com\/wp-content\/uploads\/2022\/03\/SP-SD4-A100_11-GC2PL1.jpg","contentUrl":"https:\/\/www.ghostysky.com\/wp-content\/uploads\/2022\/03\/SP-SD4-A100_11-GC2PL1.jpg","width":1200,"height":1200},{"@type":"BreadcrumbList","@id":"https:\/\/www.ghostysky.com\/product\/swellpro-splashdrone-4-and-gc2-s-night-vision-1080p-bundle\/#breadcrumb","itemListElement":[{"@type":"ListItem","position":1,"name":"Home","item":"https:\/\/www.ghostysky.com\/"},{"@type":"ListItem","position":2,"name":"Shop","item":"https:\/\/www.ghostysky.com\/shop\/"},{"@type":"ListItem","position":3,"name":"Swellpro SplashDrone 4 and GC2-S (Night Vision\/1080P) Bundle"}]},{"@type":"WebSite","@id":"https:\/\/www.ghostysky.com\/#website","url":"https:\/\/www.ghostysky.com\/","name":"Ghostysky","description":"Livraison de drones et de services professionnels","publisher":{"@id":"https:\/\/www.ghostysky.com\/#organization"},"potentialAction":[{"@type":"SearchAction","target":{"@type":"EntryPoint","urlTemplate":"https:\/\/www.ghostysky.com\/?s={search_term_string}"},"query-input":{"@type":"PropertyValueSpecification","valueRequired":true,"valueName":"search_term_string"}}],"inLanguage":"fr-FR"},{"@type":"Organization","@id":"https:\/\/www.ghostysky.com\/#organization","name":"Ghostysky","url":"https:\/\/www.ghostysky.com\/","logo":{"@type":"ImageObject","inLanguage":"fr-FR","@id":"https:\/\/www.ghostysky.com\/#\/schema\/logo\/image\/","url":"https:\/\/www.ghostysky.com\/wp-content\/uploads\/2020\/06\/cropped-ghostyskylogo_text_white2.png","contentUrl":"https:\/\/www.ghostysky.com\/wp-content\/uploads\/2020\/06\/cropped-ghostyskylogo_text_white2.png","width":169,"height":56,"caption":"Ghostysky"},"image":{"@id":"https:\/\/www.ghostysky.com\/#\/schema\/logo\/image\/"},"sameAs":["https:\/\/www.facebook.com\/people\/Ghostysky\/100057676170234\/","https:\/\/x.com\/Gh0stysky","https:\/\/www.linkedin.com\/company\/34739653","https:\/\/www.instagram.com\/gh0stysky"]}]}},"_links":{"self":[{"href":"https:\/\/www.ghostysky.com\/fr\/wp-json\/wp\/v2\/product\/6008","targetHints":{"allow":["GET"]}}],"collection":[{"href":"https:\/\/www.ghostysky.com\/fr\/wp-json\/wp\/v2\/product"}],"about":[{"href":"https:\/\/www.ghostysky.com\/fr\/wp-json\/wp\/v2\/types\/product"}],"replies":[{"embeddable":true,"href":"https:\/\/www.ghostysky.com\/fr\/wp-json\/wp\/v2\/comments?post=6008"}],"wp:featuredmedia":[{"embeddable":true,"href":"https:\/\/www.ghostysky.com\/fr\/wp-json\/wp\/v2\/media\/6004"}],"wp:attachment":[{"href":"https:\/\/www.ghostysky.com\/fr\/wp-json\/wp\/v2\/media?parent=6008"}],"wp:term":[{"taxonomy":"product_brand","embeddable":true,"href":"https:\/\/www.ghostysky.com\/fr\/wp-json\/wp\/v2\/product_brand?post=6008"},{"taxonomy":"product_cat","embeddable":true,"href":"https:\/\/www.ghostysky.com\/fr\/wp-json\/wp\/v2\/product_cat?post=6008"},{"taxonomy":"product_tag","embeddable":true,"href":"https:\/\/www.ghostysky.com\/fr\/wp-json\/wp\/v2\/product_tag?post=6008"}],"curies":[{"name":"wp","href":"https:\/\/api.w.org\/{rel}","templated":true}]}}