{"id":6019,"date":"2022-03-22T11:31:37","date_gmt":"2022-03-22T11:31:37","guid":{"rendered":"https:\/\/www.ghostysky.com\/?post_type=product&#038;p=6019"},"modified":"2024-05-30T05:28:37","modified_gmt":"2024-05-30T05:28:37","slug":"swellpro-spry-waterproof-drone","status":"publish","type":"product","link":"https:\/\/www.ghostysky.com\/fr\/product\/swellpro-spry-waterproof-drone\/","title":{"rendered":"Drone \u00e9tanche Swellpro Spry+ (4K\/1080P)"},"content":{"rendered":"<h2>Avion \u00e9tanche<\/h2>\n<p><strong>100% \u00c9tanche IP67<\/strong><\/p>\n<p>Le drone Spry est con\u00e7u pour \u00eatre \u00e9tanche et flottant. Con\u00e7u pour l&#039;action dans un environnement marin difficile, il est \u00e9quip\u00e9 de moteurs \u00e0 rev\u00eatement sp\u00e9cial et de mat\u00e9riaux r\u00e9sistants \u00e0 la corrosion. Atterrissez et d\u00e9collez en toute s\u00e9r\u00e9nit\u00e9.<\/p>\n<p><strong>Compact et portable<\/strong><\/p>\n<p>Compact et robuste, le Spry est pr\u00eat \u00e0 vous accompagner sur l&#039;eau. Livr\u00e9 avec un \u00e9tui de transport l\u00e9ger et personnalis\u00e9, il est facile \u00e0 emporter lors de votre prochaine aventure.<\/p>\n<p><strong>Haute agilit\u00e9<\/strong><\/p>\n<p>Le Spry est con\u00e7u d\u00e8s le d\u00e9part pour obtenir une nouvelle forme compacte, profil\u00e9e pour r\u00e9duire la tra\u00een\u00e9e et les turbulences tout en \u00e9tant robuste.<\/p>\n<p>Les moteurs \u00e0 forte pouss\u00e9e et les ESC haute puissance repoussent la limite de vitesse du Spry \u00e0 plus de 65 km\/h en mode manuel, d\u00e9collent facilement de l&#039;eau, effectuent des sauts p\u00e9rilleux 3D et plongent m\u00eame bri\u00e8vement sous l&#039;eau.<\/p>\n<p>Le drone Spry + est un drone dynamique pour filmer le nautisme, le surf, le wakeboard, le jet-ski, le kayak et le ski nautique sous un tout nouvel angle.<\/p>\n<p><strong>Facile \u00e0 piloter<\/strong><\/p>\n<p>Rapide, \u00e9tanche, mais facile et agr\u00e9able \u00e0 piloter. Volez en mode GPS pour un vol stationnaire automatique et un maintien des commandes, ou passez en mode ATTI pour un pilotage plus direct. Le mode Cercle maintient automatiquement le drone en orbite autour d&#039;un point central.<\/p>\n<h2>La science du design<\/h2>\n<hr \/>\n<p><strong>Cadre a\u00e9rodynamique<\/strong><\/p>\n<p>Le Spry est con\u00e7u d\u00e8s le d\u00e9part pour obtenir une nouvelle forme compacte et profil\u00e9e pour r\u00e9duire la tra\u00een\u00e9e et les turbulences.<\/p>\n<p><img decoding=\"async\" src=\"data:image\/gif;base64,R0lGODlhAQABAAAAACH5BAEKAAEALAAAAAABAAEAAAICTAEAOw==\" alt=\"Drone a\u00e9rodynamique et \u00e9tanche Follow Me\" class=\"lazyload\" data-src=\"data:image\/gif;base64,R0lGODlhAQABAAAAACH5BAEKAAEALAAAAAABAAEAAAICTAEAOw==\"><\/p>\n<p><strong>Dissipation de la chaleur<\/strong><\/p>\n<p>Une s\u00e9rie de dissipateurs thermiques en aluminium maintient votre nouveau drone au frais en dissipant la chaleur vers l&#039;ext\u00e9rieur du cadre scell\u00e9.<\/p>\n<p><img decoding=\"async\" src=\"data:image\/gif;base64,R0lGODlhAQABAAAAACH5BAEKAAEALAAAAAABAAEAAAICTAEAOw==\" alt=\"Drone \u00e9tanche \u00e0 dissipation thermique\" class=\"lazyload\" data-src=\"data:image\/gif;base64,R0lGODlhAQABAAAAACH5BAEKAAEALAAAAAABAAEAAAICTAEAOw==\"><\/p>\n<p><strong>pare-chocs d&#039;atterrissage<\/strong><\/p>\n<p>Quatre pare-chocs en caoutchouc absorbent les vibrations lorsque le Spry atterrit au sol.<\/p>\n<p><img decoding=\"async\" src=\"data:image\/gif;base64,R0lGODlhAQABAAAAACH5BAEKAAEALAAAAAABAAEAAAICTAEAOw==\" alt=\"Drone \u00e9tanche avec pare-chocs d&#039;atterrissage\" class=\"lazyload\" data-src=\"data:image\/gif;base64,R0lGODlhAQABAAAAACH5BAEKAAEALAAAAAABAAEAAAICTAEAOw==\"><\/p>\n<p><strong>Couvercle de trappe<\/strong><\/p>\n<p>La trappe, con\u00e7ue exclusivement par Swellpro, ventile la cellule tout en emp\u00eachant l&#039;eau de p\u00e9n\u00e9trer. La conception du couvercle emp\u00eache \u00e9galement l&#039;eau pr\u00e9sente sur la coque du drone de p\u00e9n\u00e9trer dans le fuselage lors de son ouverture.<\/p>\n<p><img decoding=\"async\" src=\"data:image\/gif;base64,R0lGODlhAQABAAAAACH5BAEKAAEALAAAAAABAAEAAAICTAEAOw==\" alt=\"Couvercle de trappe \u00e9tanche pour drone\" class=\"lazyload\" data-src=\"data:image\/gif;base64,R0lGODlhAQABAAAAACH5BAEKAAEALAAAAAABAAEAAAICTAEAOw==\"><\/p>\n<p><strong>Interrupteur externe ON\/OFF<\/strong><\/p>\n<p>Un interrupteur externe \u00e9tanche vous permet d&#039;allumer ou d&#039;\u00e9teindre le spry sans ouvrir le couvercle de la trappe.<\/p>\n<p><img decoding=\"async\" src=\"data:image\/gif;base64,R0lGODlhAQABAAAAACH5BAEKAAEALAAAAAABAAEAAAICTAEAOw==\" alt=\"Interrupteur d&#039;alimentation externe pour drone \u00e9tanche\" class=\"lazyload\" data-src=\"data:image\/gif;base64,R0lGODlhAQABAAAAACH5BAEKAAEALAAAAAABAAEAAAICTAEAOw==\"><\/p>\n<p><strong><em>Volez petit, r\u00eavez grand<\/em><\/strong><\/p>\n<p><a title=\"T\u00e9l\u00e9charger le manuel d&#039;utilisation du Spry + Drone\" href=\"https:\/\/cdn.shopify.com\/s\/files\/1\/2536\/9450\/files\/Spry_User_Manual__EN_V1.1.pdf?232\" target=\"_blank\" rel=\"noopener noreferrer\">T\u00e9l\u00e9charger le manuel d&#039;utilisation<\/a><\/p>\n<p><strong>Veuillez noter qu&#039;il ne s&#039;agit pas d&#039;un jouet et que nous ne pouvons pas le vendre aux moins de 16 ans.<\/strong><\/p>\n<p>&nbsp;<\/p>\n<h3>Drone<\/h3>\n<ul>\n<li>Niveau d&#039;\u00e9tanch\u00e9it\u00e9 des avions : IP67<\/li>\n<li>Diam\u00e8tre (moteur \u00e0 moteur) : 270 mm<\/li>\n<li>Dimensions (L x l x H) : 233,5 x 249 x 90 mm<\/li>\n<li>Poids : 780 g (avec batterie)<\/li>\n<li>Moteurs de propulsion : Brushless 2206 1420KV<\/li>\n<li>Contr\u00f4le du moteur ESC : 30 A<\/li>\n<li>H\u00e9lices : #6045<\/li>\n<li>Batterie d&#039;avion : 3S 2800mAh HiLV<\/li>\n<li>Poids de la batterie : 222 g<\/li>\n<li>Temps de charge : 90 minutes<\/li>\n<li>Transmetteur vid\u00e9o : 5,8 G 8 canaux<\/li>\n<li>Puissance de transmission vid\u00e9o : 200 mW<\/li>\n<li>Dur\u00e9e du vol : 15 \u00e0 17 minutes<\/li>\n<li>Port\u00e9e de vol maximale : 800 m<\/li>\n<li>Altitude de vol maximale : 200 m<\/li>\n<li>Vitesse de vol maximale : 18 m\/s (65 km\/h)<\/li>\n<li>Vitesse d&#039;escalade maximale : 4 m\/s (240 m\/min)<\/li>\n<li>Vitesse de suivi maximale\u00a0: 10\u00a0m\/s (36\u00a0km\/h)<\/li>\n<li>Syst\u00e8me de positionnement spatial\u00a0: double satellites \u2013 GPS\/GLONASS<\/li>\n<li>Pr\u00e9cision de vol stationnaire : \u00b1 0,5 m<\/li>\n<li>R\u00e9sistance au vent : &lt; 10 m\/s<\/li>\n<li>Temp\u00e9rature de fonctionnement : -10 \u00b0C \u00e0 40 \u00b0C<\/li>\n<li>Contr\u00f4leur de vol propri\u00e9taire\u00a0: Oui<\/li>\n<li>OSD int\u00e9gr\u00e9 (On Screen Display) : Oui<\/li>\n<li>Contr\u00f4le de l&#039;application mobile : Oui<\/li>\n<li>Modes de vol\u00a0: D\u00e9collage automatique, Survol automatique, Suivez-moi, Retour \u00e0 l&#039;emplacement de la t\u00e9l\u00e9commande, Vol en orbite, Vol tactile, Navigation autonome<\/li>\n<\/ul>\n<h3>T\u00e9l\u00e9commande<\/h3>\n<ul>\n<li>Niveau d&#039;\u00e9tanch\u00e9it\u00e9 : IP67 (flotte sur l&#039;eau)<\/li>\n<li>Poids : 560 g (batterie incluse)<\/li>\n<li>Bande de fr\u00e9quences : 2405 ~ 2475HM<\/li>\n<li>Nombre de canaux : 8 canaux<\/li>\n<li>Port\u00e9e de contr\u00f4le : 0,8 km<\/li>\n<li>Sensibilit\u00e9 du r\u00e9cepteur (1%PER) : -105 dbm<\/li>\n<li>Courant de travail : 120 mA<\/li>\n<li>Capacit\u00e9 de la batterie : LiPo 2S 2000 mAh int\u00e9gr\u00e9e<\/li>\n<li>Heures de travail : 2 heures<\/li>\n<li>Temps de charge : 90 minutes<\/li>\n<\/ul>\n<h3>Moniteur FPV<\/h3>\n<ul>\n<li>Bande de fr\u00e9quences : 5645 ~ 5965HMZ<\/li>\n<li>Taille de l&#039;\u00e9cran : 4,3 pouces<\/li>\n<li>R\u00e9solution : 800 x 480 pixels<\/li>\n<li>Luminosit\u00e9 : 600 cd\/m\u00b2<\/li>\n<\/ul>\n<h3>Cam\u00e9ra<\/h3>\n<ul>\n<li>Capteur d&#039;image : SONY 1\/2,3\u201d CMOS, 1200M<\/li>\n<li>Objectif : F4,53 mm f\/2,65<\/li>\n<li>Champ de vision : 92,6\u00b0<\/li>\n<li>Plage ISO : 100-1600<\/li>\n<li>R\u00e9solution photo : 12 MP (16:9)<\/li>\n<li>R\u00e9solution vid\u00e9o\u00a0: 4K 30\u00a0ips (3840\u00a0x\u00a02160) | 2,5K 60\u00a0ips (2560\u00a0x\u00a01440) | 1080p 30\/60\/120\u00a0ips (1920\u00a0x\u00a01080) | 720p 240\u00a0ips (1280\u00a0x\u00a0720)<\/li>\n<li>D\u00e9bit binaire vid\u00e9o maximal\u00a0: 64\u00a0Mbps<\/li>\n<li>Format photo : JPEG<\/li>\n<li>Format vid\u00e9o : MOV MP4<\/li>\n<li>Stockage : Carte Micro SD haute vitesse de classe 10 ou UHS-1 et sp\u00e9cifications sup\u00e9rieures Carte Micro SD, prise en charge maximale de 64 Go<\/li>\n<\/ul>\n<p><img decoding=\"async\" src=\"data:image\/gif;base64,R0lGODlhAQABAAAAACH5BAEKAAEALAAAAAABAAEAAAICTAEAOw==\" alt=\"\" class=\"lazyload\" data-src=\"data:image\/gif;base64,R0lGODlhAQABAAAAACH5BAEKAAEALAAAAAABAAEAAAICTAEAOw==\"><\/p>","protected":false},"excerpt":{"rendered":"<p>L&#039;avion et la t\u00e9l\u00e9commande du Spry+ sont totalement \u00e9tanches et r\u00e9sistants \u00e0 la corrosion. <strong>Atterrissage et d\u00e9collage de l&#039;eau en toute tranquillit\u00e9 d&#039;esprit avec 100%<\/strong> car le Spry+ peut flotter en toute s\u00e9curit\u00e9. <strong>Les moteurs sont sp\u00e9cialement rev\u00eatus de mat\u00e9riaux r\u00e9sistants \u00e0 la corrosion<\/strong>, et le <strong>cam\u00e9ra \u00e0 cardan<\/strong> est enferm\u00e9 dans un bo\u00eetier optiquement<\/p>","protected":false},"featured_media":6020,"comment_status":"open","ping_status":"closed","template":"","meta":[],"product_brand":[],"product_cat":[29,303,278],"product_tag":[321,279,282],"class_list":{"0":"post-6019","1":"product","2":"type-product","3":"status-publish","4":"has-post-thumbnail","6":"product_cat-drones","7":"product_cat-drones-sweellpro","8":"product_cat-swellpro","9":"product_tag-spry","10":"product_tag-swellpro","11":"product_tag-waterproof-drone","13":"first","14":"outofstock","15":"taxable","16":"shipping-taxable","17":"product-type-simple"},"yoast_head":"<!-- This site is optimized with the Yoast SEO plugin v27.1.1 - https:\/\/yoast.com\/product\/yoast-seo-wordpress\/ -->\n<title>Swellpro Spry+ Waterproof Drone (4K\/1080P) -<\/title>\n<meta name=\"description\" content=\"The aircraft and remote controller of Spry+ are totally waterproof and corrosion-resistant. Landing and taking off from the water with 100% peace of mind as the Spry+ can safely float.\" \/>\n<meta name=\"robots\" content=\"index, follow, max-snippet:-1, max-image-preview:large, max-video-preview:-1\" \/>\n<link rel=\"canonical\" href=\"https:\/\/www.ghostysky.com\/fr\/product\/swellpro-spry-waterproof-drone\/\" \/>\n<meta property=\"og:locale\" content=\"fr_FR\" \/>\n<meta property=\"og:type\" content=\"article\" \/>\n<meta property=\"og:title\" content=\"Swellpro Spry+ Waterproof Drone (4K\/1080P) -\" \/>\n<meta property=\"og:description\" content=\"The aircraft and remote controller of Spry+ are totally waterproof and corrosion-resistant. Landing and taking off from the water with 100% peace of mind as the Spry+ can safely float.\" \/>\n<meta property=\"og:url\" content=\"https:\/\/www.ghostysky.com\/fr\/product\/swellpro-spry-waterproof-drone\/\" \/>\n<meta property=\"og:site_name\" content=\"Ghostysky\" \/>\n<meta property=\"article:publisher\" content=\"https:\/\/www.facebook.com\/people\/Ghostysky\/100057676170234\/\" \/>\n<meta property=\"article:modified_time\" content=\"2024-05-30T05:28:37+00:00\" \/>\n<meta property=\"og:image\" content=\"https:\/\/www.ghostysky.com\/wp-content\/uploads\/2022\/03\/SP-SPY-A008_01.jpg\" \/>\n\t<meta property=\"og:image:width\" content=\"1200\" \/>\n\t<meta property=\"og:image:height\" content=\"1200\" \/>\n\t<meta property=\"og:image:type\" content=\"image\/jpeg\" \/>\n<meta name=\"twitter:card\" content=\"summary_large_image\" \/>\n<meta name=\"twitter:site\" content=\"@Gh0stysky\" \/>\n<meta name=\"twitter:label1\" content=\"Dur\u00e9e de lecture estim\u00e9e\" \/>\n\t<meta name=\"twitter:data1\" content=\"4 minutes\" \/>\n<script type=\"application\/ld+json\" class=\"yoast-schema-graph\">{\"@context\":\"https:\/\/schema.org\",\"@graph\":[{\"@type\":\"WebPage\",\"@id\":\"https:\/\/www.ghostysky.com\/product\/swellpro-spry-waterproof-drone\/\",\"url\":\"https:\/\/www.ghostysky.com\/product\/swellpro-spry-waterproof-drone\/\",\"name\":\"Swellpro Spry+ Waterproof Drone (4K\/1080P) -\",\"isPartOf\":{\"@id\":\"https:\/\/www.ghostysky.com\/#website\"},\"primaryImageOfPage\":{\"@id\":\"https:\/\/www.ghostysky.com\/product\/swellpro-spry-waterproof-drone\/#primaryimage\"},\"image\":{\"@id\":\"https:\/\/www.ghostysky.com\/product\/swellpro-spry-waterproof-drone\/#primaryimage\"},\"thumbnailUrl\":\"https:\/\/www.ghostysky.com\/wp-content\/uploads\/2022\/03\/SP-SPY-A008_01.jpg\",\"datePublished\":\"2022-03-22T11:31:37+00:00\",\"dateModified\":\"2024-05-30T05:28:37+00:00\",\"description\":\"The aircraft and remote controller of Spry+ are totally waterproof and corrosion-resistant. Landing and taking off from the water with 100% peace of mind as the Spry+ can safely float.\",\"breadcrumb\":{\"@id\":\"https:\/\/www.ghostysky.com\/product\/swellpro-spry-waterproof-drone\/#breadcrumb\"},\"inLanguage\":\"fr-FR\",\"potentialAction\":[{\"@type\":\"ReadAction\",\"target\":[\"https:\/\/www.ghostysky.com\/product\/swellpro-spry-waterproof-drone\/\"]}]},{\"@type\":\"ImageObject\",\"inLanguage\":\"fr-FR\",\"@id\":\"https:\/\/www.ghostysky.com\/product\/swellpro-spry-waterproof-drone\/#primaryimage\",\"url\":\"https:\/\/www.ghostysky.com\/wp-content\/uploads\/2022\/03\/SP-SPY-A008_01.jpg\",\"contentUrl\":\"https:\/\/www.ghostysky.com\/wp-content\/uploads\/2022\/03\/SP-SPY-A008_01.jpg\",\"width\":1200,\"height\":1200},{\"@type\":\"BreadcrumbList\",\"@id\":\"https:\/\/www.ghostysky.com\/product\/swellpro-spry-waterproof-drone\/#breadcrumb\",\"itemListElement\":[{\"@type\":\"ListItem\",\"position\":1,\"name\":\"Home\",\"item\":\"https:\/\/www.ghostysky.com\/\"},{\"@type\":\"ListItem\",\"position\":2,\"name\":\"Shop\",\"item\":\"https:\/\/www.ghostysky.com\/shop\/\"},{\"@type\":\"ListItem\",\"position\":3,\"name\":\"Swellpro Spry+ Waterproof Drone (4K\/1080P)\"}]},{\"@type\":\"WebSite\",\"@id\":\"https:\/\/www.ghostysky.com\/#website\",\"url\":\"https:\/\/www.ghostysky.com\/\",\"name\":\"Ghostysky\",\"description\":\"Delivering professional drones and services\",\"publisher\":{\"@id\":\"https:\/\/www.ghostysky.com\/#organization\"},\"potentialAction\":[{\"@type\":\"SearchAction\",\"target\":{\"@type\":\"EntryPoint\",\"urlTemplate\":\"https:\/\/www.ghostysky.com\/?s={search_term_string}\"},\"query-input\":{\"@type\":\"PropertyValueSpecification\",\"valueRequired\":true,\"valueName\":\"search_term_string\"}}],\"inLanguage\":\"fr-FR\"},{\"@type\":\"Organization\",\"@id\":\"https:\/\/www.ghostysky.com\/#organization\",\"name\":\"Ghostysky\",\"url\":\"https:\/\/www.ghostysky.com\/\",\"logo\":{\"@type\":\"ImageObject\",\"inLanguage\":\"fr-FR\",\"@id\":\"https:\/\/www.ghostysky.com\/#\/schema\/logo\/image\/\",\"url\":\"https:\/\/www.ghostysky.com\/wp-content\/uploads\/2020\/06\/cropped-ghostyskylogo_text_white2.png\",\"contentUrl\":\"https:\/\/www.ghostysky.com\/wp-content\/uploads\/2020\/06\/cropped-ghostyskylogo_text_white2.png\",\"width\":169,\"height\":56,\"caption\":\"Ghostysky\"},\"image\":{\"@id\":\"https:\/\/www.ghostysky.com\/#\/schema\/logo\/image\/\"},\"sameAs\":[\"https:\/\/www.facebook.com\/people\/Ghostysky\/100057676170234\/\",\"https:\/\/x.com\/Gh0stysky\",\"https:\/\/www.linkedin.com\/company\/34739653\",\"https:\/\/www.instagram.com\/gh0stysky\"]}]}<\/script>\n<!-- \/ Yoast SEO plugin. -->","yoast_head_json":{"title":"Drone \u00e9tanche Swellpro Spry+ (4K\/1080P) -","description":"L&#039;appareil et la t\u00e9l\u00e9commande du Spry+ sont enti\u00e8rement \u00e9tanches et r\u00e9sistants \u00e0 la corrosion. Atterrissez et d\u00e9collez sereinement avec le 100%, car le Spry+ flotte en toute s\u00e9curit\u00e9.","robots":{"index":"index","follow":"follow","max-snippet":"max-snippet:-1","max-image-preview":"max-image-preview:large","max-video-preview":"max-video-preview:-1"},"canonical":"https:\/\/www.ghostysky.com\/fr\/product\/swellpro-spry-waterproof-drone\/","og_locale":"fr_FR","og_type":"article","og_title":"Swellpro Spry+ Waterproof Drone (4K\/1080P) -","og_description":"The aircraft and remote controller of Spry+ are totally waterproof and corrosion-resistant. Landing and taking off from the water with 100% peace of mind as the Spry+ can safely float.","og_url":"https:\/\/www.ghostysky.com\/fr\/product\/swellpro-spry-waterproof-drone\/","og_site_name":"Ghostysky","article_publisher":"https:\/\/www.facebook.com\/people\/Ghostysky\/100057676170234\/","article_modified_time":"2024-05-30T05:28:37+00:00","og_image":[{"width":1200,"height":1200,"url":"https:\/\/www.ghostysky.com\/wp-content\/uploads\/2022\/03\/SP-SPY-A008_01.jpg","type":"image\/jpeg"}],"twitter_card":"summary_large_image","twitter_site":"@Gh0stysky","twitter_misc":{"Dur\u00e9e de lecture estim\u00e9e":"4 minutes"},"schema":{"@context":"https:\/\/schema.org","@graph":[{"@type":"WebPage","@id":"https:\/\/www.ghostysky.com\/product\/swellpro-spry-waterproof-drone\/","url":"https:\/\/www.ghostysky.com\/product\/swellpro-spry-waterproof-drone\/","name":"Drone \u00e9tanche Swellpro Spry+ (4K\/1080P) -","isPartOf":{"@id":"https:\/\/www.ghostysky.com\/#website"},"primaryImageOfPage":{"@id":"https:\/\/www.ghostysky.com\/product\/swellpro-spry-waterproof-drone\/#primaryimage"},"image":{"@id":"https:\/\/www.ghostysky.com\/product\/swellpro-spry-waterproof-drone\/#primaryimage"},"thumbnailUrl":"https:\/\/www.ghostysky.com\/wp-content\/uploads\/2022\/03\/SP-SPY-A008_01.jpg","datePublished":"2022-03-22T11:31:37+00:00","dateModified":"2024-05-30T05:28:37+00:00","description":"L&#039;appareil et la t\u00e9l\u00e9commande du Spry+ sont enti\u00e8rement \u00e9tanches et r\u00e9sistants \u00e0 la corrosion. Atterrissez et d\u00e9collez sereinement avec le 100%, car le Spry+ flotte en toute s\u00e9curit\u00e9.","breadcrumb":{"@id":"https:\/\/www.ghostysky.com\/product\/swellpro-spry-waterproof-drone\/#breadcrumb"},"inLanguage":"fr-FR","potentialAction":[{"@type":"ReadAction","target":["https:\/\/www.ghostysky.com\/product\/swellpro-spry-waterproof-drone\/"]}]},{"@type":"ImageObject","inLanguage":"fr-FR","@id":"https:\/\/www.ghostysky.com\/product\/swellpro-spry-waterproof-drone\/#primaryimage","url":"https:\/\/www.ghostysky.com\/wp-content\/uploads\/2022\/03\/SP-SPY-A008_01.jpg","contentUrl":"https:\/\/www.ghostysky.com\/wp-content\/uploads\/2022\/03\/SP-SPY-A008_01.jpg","width":1200,"height":1200},{"@type":"BreadcrumbList","@id":"https:\/\/www.ghostysky.com\/product\/swellpro-spry-waterproof-drone\/#breadcrumb","itemListElement":[{"@type":"ListItem","position":1,"name":"Home","item":"https:\/\/www.ghostysky.com\/"},{"@type":"ListItem","position":2,"name":"Shop","item":"https:\/\/www.ghostysky.com\/shop\/"},{"@type":"ListItem","position":3,"name":"Swellpro Spry+ Waterproof Drone (4K\/1080P)"}]},{"@type":"WebSite","@id":"https:\/\/www.ghostysky.com\/#website","url":"https:\/\/www.ghostysky.com\/","name":"Ghostysky","description":"Livraison de drones et de services professionnels","publisher":{"@id":"https:\/\/www.ghostysky.com\/#organization"},"potentialAction":[{"@type":"SearchAction","target":{"@type":"EntryPoint","urlTemplate":"https:\/\/www.ghostysky.com\/?s={search_term_string}"},"query-input":{"@type":"PropertyValueSpecification","valueRequired":true,"valueName":"search_term_string"}}],"inLanguage":"fr-FR"},{"@type":"Organization","@id":"https:\/\/www.ghostysky.com\/#organization","name":"Ghostysky","url":"https:\/\/www.ghostysky.com\/","logo":{"@type":"ImageObject","inLanguage":"fr-FR","@id":"https:\/\/www.ghostysky.com\/#\/schema\/logo\/image\/","url":"https:\/\/www.ghostysky.com\/wp-content\/uploads\/2020\/06\/cropped-ghostyskylogo_text_white2.png","contentUrl":"https:\/\/www.ghostysky.com\/wp-content\/uploads\/2020\/06\/cropped-ghostyskylogo_text_white2.png","width":169,"height":56,"caption":"Ghostysky"},"image":{"@id":"https:\/\/www.ghostysky.com\/#\/schema\/logo\/image\/"},"sameAs":["https:\/\/www.facebook.com\/people\/Ghostysky\/100057676170234\/","https:\/\/x.com\/Gh0stysky","https:\/\/www.linkedin.com\/company\/34739653","https:\/\/www.instagram.com\/gh0stysky"]}]}},"_links":{"self":[{"href":"https:\/\/www.ghostysky.com\/fr\/wp-json\/wp\/v2\/product\/6019","targetHints":{"allow":["GET"]}}],"collection":[{"href":"https:\/\/www.ghostysky.com\/fr\/wp-json\/wp\/v2\/product"}],"about":[{"href":"https:\/\/www.ghostysky.com\/fr\/wp-json\/wp\/v2\/types\/product"}],"replies":[{"embeddable":true,"href":"https:\/\/www.ghostysky.com\/fr\/wp-json\/wp\/v2\/comments?post=6019"}],"wp:featuredmedia":[{"embeddable":true,"href":"https:\/\/www.ghostysky.com\/fr\/wp-json\/wp\/v2\/media\/6020"}],"wp:attachment":[{"href":"https:\/\/www.ghostysky.com\/fr\/wp-json\/wp\/v2\/media?parent=6019"}],"wp:term":[{"taxonomy":"product_brand","embeddable":true,"href":"https:\/\/www.ghostysky.com\/fr\/wp-json\/wp\/v2\/product_brand?post=6019"},{"taxonomy":"product_cat","embeddable":true,"href":"https:\/\/www.ghostysky.com\/fr\/wp-json\/wp\/v2\/product_cat?post=6019"},{"taxonomy":"product_tag","embeddable":true,"href":"https:\/\/www.ghostysky.com\/fr\/wp-json\/wp\/v2\/product_tag?post=6019"}],"curies":[{"name":"wp","href":"https:\/\/api.w.org\/{rel}","templated":true}]}}