{"id":6239,"date":"2022-03-23T14:54:00","date_gmt":"2022-03-23T14:54:00","guid":{"rendered":"https:\/\/www.ghostysky.com\/?post_type=product&#038;p=6239"},"modified":"2025-12-17T17:15:11","modified_gmt":"2025-12-17T17:15:11","slug":"gc2-s-waterproof-2-axis-gimbal-night-vision-camera","status":"publish","type":"product","link":"https:\/\/www.ghostysky.com\/fr\/product\/gc2-s-waterproof-2-axis-gimbal-night-vision-camera\/","title":{"rendered":"Cam\u00e9ra de vision nocturne \u00e0 cardan 2 axes \u00e9tanche GC2-S"},"content":{"rendered":"<table id=\"product-attribute-specs-table\" class=\"data-table table\">\n<tbody>\n<tr class=\"first odd\">\n<th class=\"label\" style=\"text-align: left; width: 90.671875px;\">Aper\u00e7u<\/th>\n<td class=\"data last\" style=\"width: 444.328125px;\">GC2-S est la cam\u00e9ra \u00e0 cardan de vision nocturne \u00e0 2 axes sp\u00e9cialement con\u00e7ue pour toutes les op\u00e9rations en basse lumi\u00e8re.<\/td>\n<\/tr>\n<tr class=\"first odd\">\n<th class=\"label\" style=\"text-align: left; width: 90.671875px;\">Points forts<\/th>\n<td class=\"data last\" style=\"width: 444.328125px;\">\u00c9tanch\u00e9it\u00e9 IP67.<br \/>\nEnregistrement vid\u00e9o en basse lumi\u00e8re 1080P\/60fps.<br \/>\n2 spots orientables int\u00e9gr\u00e9s.<\/td>\n<\/tr>\n<tr class=\"first odd\">\n<th class=\"label\" style=\"text-align: left; width: 90.671875px;\">Sp\u00e9cification<\/th>\n<td class=\"data last\" style=\"width: 444.328125px;\">\u00c9tanch\u00e9it\u00e9 : IP67<br \/>\nPoids : environ 220 g<br \/>\nTaille: 113*92*80mm<br \/>\nCapteur d&#039;image : 1\/2\u2033 2M SONY Starlight CMOS<br \/>\nChamp de vision : 66\u00b0<br \/>\nVitesse d&#039;obturation : 16 \u2013 1\/16000 s<br \/>\n\u00c9clatement : Fermeture\/3\/5\/10 pi\u00e8ces<br \/>\nIntervalle : Fermeture\/1\/3\/5\/10 s<br \/>\nR\u00e9solution vid\u00e9o\u00a0: FHD\u00a0: 1920 x 1080 30\/60p | HD\u00a0: 1280 x 720 120\/60p<br \/>\nFlux vid\u00e9o maximal\u00a0: 64\u00a0Mbps<br \/>\nFormat d&#039;image : JPEG<br \/>\nFormat vid\u00e9o : MP4 \/ MOV<br \/>\nPrise en charge des cartes m\u00e9moire\u00a0: les cartes Micro SD d&#039;une capacit\u00e9 maximale de 128\u00a0Go, d&#039;une vitesse d&#039;\u00e9criture \u2265\u00a015\u00a0Mo\/s et d&#039;une vitesse de transmission de classe\u00a010 ou sup\u00e9rieure ou de classification UHS-1 sont prises en charge.<br \/>\nTemp\u00e9rature de fonctionnement : -10\u2103 \u00e0 40\u2103<\/td>\n<\/tr>\n<tr class=\"first odd\">\n<th class=\"label\" style=\"text-align: left; width: 90.671875px;\">Dans la bo\u00eete<\/th>\n<td class=\"data last\" style=\"width: 444.328125px;\">GC2-S \u00d7 1<\/td>\n<\/tr>\n<tr class=\"first odd\">\n<th class=\"label\" style=\"text-align: left; width: 90.671875px;\">Compatibilit\u00e9<\/th>\n<td class=\"data last\" style=\"width: 444.328125px;\">SplashDrone 4<\/td>\n<\/tr>\n<\/tbody>\n<\/table>","protected":false},"excerpt":{"rendered":"<p class=\"translation-block\"><strong>GC2-S<\/strong> est un module avec une <strong>cam\u00e9ra de vision nocturne 2 axes<\/strong> sp\u00e9cialement con\u00e7u pour les op\u00e9rations en faible luminosit\u00e9.<\/p>\n<p>Appareil photo compatible avec <strong>Splash Drone 4 \u00e9tanche<\/strong>.<\/p>\n<ul>\n<li>R\u00e9sistant \u00e0 l&#039;eau avec protection IP67.<\/li>\n<li>Enregistrement vid\u00e9o en basse lumi\u00e8re 1080P \/ 60fps.<\/li>\n<li>Comprend un spot LED int\u00e9gr\u00e9.<\/li>\n<\/ul>","protected":false},"featured_media":6240,"comment_status":"open","ping_status":"closed","template":"","meta":[],"product_brand":[],"product_cat":[304,29,278],"product_tag":[316,62,315,279],"class_list":{"0":"post-6239","1":"product","2":"type-product","3":"status-publish","4":"has-post-thumbnail","6":"product_cat-cameras-sweelpro","7":"product_cat-drones","8":"product_cat-swellpro","9":"product_tag-1080p","10":"product_tag-camera","11":"product_tag-night-vision","12":"product_tag-swellpro","14":"first","15":"instock","16":"sale","17":"taxable","18":"shipping-taxable","19":"purchasable","20":"product-type-simple"},"yoast_head":"<!-- This site is optimized with the Yoast SEO plugin v27.1.1 - https:\/\/yoast.com\/product\/yoast-seo-wordpress\/ -->\n<title>GC2-S Waterproof 2-Axis Gimbal Night-vision Camera -<\/title>\n<meta name=\"description\" content=\"GC2-S is a module with a 2-axis night vision camera specially designed for operations with low light.Camera compatible with waterproof Splash Drone 4.\" \/>\n<meta name=\"robots\" content=\"index, follow, max-snippet:-1, max-image-preview:large, max-video-preview:-1\" \/>\n<link rel=\"canonical\" href=\"https:\/\/www.ghostysky.com\/fr\/product\/gc2-s-waterproof-2-axis-gimbal-night-vision-camera\/\" \/>\n<meta property=\"og:locale\" content=\"fr_FR\" \/>\n<meta property=\"og:type\" content=\"article\" \/>\n<meta property=\"og:title\" content=\"GC2-S Waterproof 2-Axis Gimbal Night-vision Camera -\" \/>\n<meta property=\"og:description\" content=\"GC2-S is a module with a 2-axis night vision camera specially designed for operations with low light.Camera compatible with waterproof Splash Drone 4.\" \/>\n<meta property=\"og:url\" content=\"https:\/\/www.ghostysky.com\/fr\/product\/gc2-s-waterproof-2-axis-gimbal-night-vision-camera\/\" \/>\n<meta property=\"og:site_name\" content=\"Ghostysky\" \/>\n<meta property=\"article:publisher\" content=\"https:\/\/www.facebook.com\/people\/Ghostysky\/100057676170234\/\" \/>\n<meta property=\"article:modified_time\" content=\"2025-12-17T17:15:11+00:00\" \/>\n<meta property=\"og:image\" content=\"https:\/\/www.ghostysky.com\/wp-content\/uploads\/2022\/03\/2-axis-night-vision-camera-1_1500x.webp\" \/>\n\t<meta property=\"og:image:width\" content=\"800\" \/>\n\t<meta property=\"og:image:height\" content=\"800\" \/>\n\t<meta property=\"og:image:type\" content=\"image\/webp\" \/>\n<meta name=\"twitter:card\" content=\"summary_large_image\" \/>\n<meta name=\"twitter:site\" content=\"@Gh0stysky\" \/>\n<meta name=\"twitter:label1\" content=\"Dur\u00e9e de lecture estim\u00e9e\" \/>\n\t<meta name=\"twitter:data1\" content=\"1 minute\" \/>\n<script type=\"application\/ld+json\" class=\"yoast-schema-graph\">{\"@context\":\"https:\/\/schema.org\",\"@graph\":[{\"@type\":\"WebPage\",\"@id\":\"https:\/\/www.ghostysky.com\/product\/gc2-s-waterproof-2-axis-gimbal-night-vision-camera\/\",\"url\":\"https:\/\/www.ghostysky.com\/product\/gc2-s-waterproof-2-axis-gimbal-night-vision-camera\/\",\"name\":\"GC2-S Waterproof 2-Axis Gimbal Night-vision Camera -\",\"isPartOf\":{\"@id\":\"https:\/\/www.ghostysky.com\/#website\"},\"primaryImageOfPage\":{\"@id\":\"https:\/\/www.ghostysky.com\/product\/gc2-s-waterproof-2-axis-gimbal-night-vision-camera\/#primaryimage\"},\"image\":{\"@id\":\"https:\/\/www.ghostysky.com\/product\/gc2-s-waterproof-2-axis-gimbal-night-vision-camera\/#primaryimage\"},\"thumbnailUrl\":\"https:\/\/www.ghostysky.com\/wp-content\/uploads\/2022\/03\/2-axis-night-vision-camera-1_1500x.webp\",\"datePublished\":\"2022-03-23T14:54:00+00:00\",\"dateModified\":\"2025-12-17T17:15:11+00:00\",\"description\":\"GC2-S is a module with a 2-axis night vision camera specially designed for operations with low light.Camera compatible with waterproof Splash Drone 4.\",\"breadcrumb\":{\"@id\":\"https:\/\/www.ghostysky.com\/product\/gc2-s-waterproof-2-axis-gimbal-night-vision-camera\/#breadcrumb\"},\"inLanguage\":\"fr-FR\",\"potentialAction\":[{\"@type\":\"ReadAction\",\"target\":[\"https:\/\/www.ghostysky.com\/product\/gc2-s-waterproof-2-axis-gimbal-night-vision-camera\/\"]}]},{\"@type\":\"ImageObject\",\"inLanguage\":\"fr-FR\",\"@id\":\"https:\/\/www.ghostysky.com\/product\/gc2-s-waterproof-2-axis-gimbal-night-vision-camera\/#primaryimage\",\"url\":\"https:\/\/www.ghostysky.com\/wp-content\/uploads\/2022\/03\/2-axis-night-vision-camera-1_1500x.webp\",\"contentUrl\":\"https:\/\/www.ghostysky.com\/wp-content\/uploads\/2022\/03\/2-axis-night-vision-camera-1_1500x.webp\",\"width\":800,\"height\":800},{\"@type\":\"BreadcrumbList\",\"@id\":\"https:\/\/www.ghostysky.com\/product\/gc2-s-waterproof-2-axis-gimbal-night-vision-camera\/#breadcrumb\",\"itemListElement\":[{\"@type\":\"ListItem\",\"position\":1,\"name\":\"Home\",\"item\":\"https:\/\/www.ghostysky.com\/\"},{\"@type\":\"ListItem\",\"position\":2,\"name\":\"Shop\",\"item\":\"https:\/\/www.ghostysky.com\/shop\/\"},{\"@type\":\"ListItem\",\"position\":3,\"name\":\"GC2-S Waterproof 2-Axis Gimbal Night-vision Camera\"}]},{\"@type\":\"WebSite\",\"@id\":\"https:\/\/www.ghostysky.com\/#website\",\"url\":\"https:\/\/www.ghostysky.com\/\",\"name\":\"Ghostysky\",\"description\":\"Delivering professional drones and services\",\"publisher\":{\"@id\":\"https:\/\/www.ghostysky.com\/#organization\"},\"potentialAction\":[{\"@type\":\"SearchAction\",\"target\":{\"@type\":\"EntryPoint\",\"urlTemplate\":\"https:\/\/www.ghostysky.com\/?s={search_term_string}\"},\"query-input\":{\"@type\":\"PropertyValueSpecification\",\"valueRequired\":true,\"valueName\":\"search_term_string\"}}],\"inLanguage\":\"fr-FR\"},{\"@type\":\"Organization\",\"@id\":\"https:\/\/www.ghostysky.com\/#organization\",\"name\":\"Ghostysky\",\"url\":\"https:\/\/www.ghostysky.com\/\",\"logo\":{\"@type\":\"ImageObject\",\"inLanguage\":\"fr-FR\",\"@id\":\"https:\/\/www.ghostysky.com\/#\/schema\/logo\/image\/\",\"url\":\"https:\/\/www.ghostysky.com\/wp-content\/uploads\/2020\/06\/cropped-ghostyskylogo_text_white2.png\",\"contentUrl\":\"https:\/\/www.ghostysky.com\/wp-content\/uploads\/2020\/06\/cropped-ghostyskylogo_text_white2.png\",\"width\":169,\"height\":56,\"caption\":\"Ghostysky\"},\"image\":{\"@id\":\"https:\/\/www.ghostysky.com\/#\/schema\/logo\/image\/\"},\"sameAs\":[\"https:\/\/www.facebook.com\/people\/Ghostysky\/100057676170234\/\",\"https:\/\/x.com\/Gh0stysky\",\"https:\/\/www.linkedin.com\/company\/34739653\",\"https:\/\/www.instagram.com\/gh0stysky\"]}]}<\/script>\n<!-- \/ Yoast SEO plugin. -->","yoast_head_json":{"title":"Cam\u00e9ra de vision nocturne \u00e0 cardan 2 axes \u00e9tanche GC2-S -","description":"GC2-S est un module avec une cam\u00e9ra de vision nocturne 2 axes sp\u00e9cialement con\u00e7u pour les op\u00e9rations en faible luminosit\u00e9.Cam\u00e9ra compatible avec le Splash Drone 4 \u00e9tanche.","robots":{"index":"index","follow":"follow","max-snippet":"max-snippet:-1","max-image-preview":"max-image-preview:large","max-video-preview":"max-video-preview:-1"},"canonical":"https:\/\/www.ghostysky.com\/fr\/product\/gc2-s-waterproof-2-axis-gimbal-night-vision-camera\/","og_locale":"fr_FR","og_type":"article","og_title":"GC2-S Waterproof 2-Axis Gimbal Night-vision Camera -","og_description":"GC2-S is a module with a 2-axis night vision camera specially designed for operations with low light.Camera compatible with waterproof Splash Drone 4.","og_url":"https:\/\/www.ghostysky.com\/fr\/product\/gc2-s-waterproof-2-axis-gimbal-night-vision-camera\/","og_site_name":"Ghostysky","article_publisher":"https:\/\/www.facebook.com\/people\/Ghostysky\/100057676170234\/","article_modified_time":"2025-12-17T17:15:11+00:00","og_image":[{"width":800,"height":800,"url":"https:\/\/www.ghostysky.com\/wp-content\/uploads\/2022\/03\/2-axis-night-vision-camera-1_1500x.webp","type":"image\/webp"}],"twitter_card":"summary_large_image","twitter_site":"@Gh0stysky","twitter_misc":{"Dur\u00e9e de lecture estim\u00e9e":"1 minute"},"schema":{"@context":"https:\/\/schema.org","@graph":[{"@type":"WebPage","@id":"https:\/\/www.ghostysky.com\/product\/gc2-s-waterproof-2-axis-gimbal-night-vision-camera\/","url":"https:\/\/www.ghostysky.com\/product\/gc2-s-waterproof-2-axis-gimbal-night-vision-camera\/","name":"Cam\u00e9ra de vision nocturne \u00e0 cardan 2 axes \u00e9tanche GC2-S -","isPartOf":{"@id":"https:\/\/www.ghostysky.com\/#website"},"primaryImageOfPage":{"@id":"https:\/\/www.ghostysky.com\/product\/gc2-s-waterproof-2-axis-gimbal-night-vision-camera\/#primaryimage"},"image":{"@id":"https:\/\/www.ghostysky.com\/product\/gc2-s-waterproof-2-axis-gimbal-night-vision-camera\/#primaryimage"},"thumbnailUrl":"https:\/\/www.ghostysky.com\/wp-content\/uploads\/2022\/03\/2-axis-night-vision-camera-1_1500x.webp","datePublished":"2022-03-23T14:54:00+00:00","dateModified":"2025-12-17T17:15:11+00:00","description":"GC2-S est un module avec une cam\u00e9ra de vision nocturne 2 axes sp\u00e9cialement con\u00e7u pour les op\u00e9rations en faible luminosit\u00e9.Cam\u00e9ra compatible avec le Splash Drone 4 \u00e9tanche.","breadcrumb":{"@id":"https:\/\/www.ghostysky.com\/product\/gc2-s-waterproof-2-axis-gimbal-night-vision-camera\/#breadcrumb"},"inLanguage":"fr-FR","potentialAction":[{"@type":"ReadAction","target":["https:\/\/www.ghostysky.com\/product\/gc2-s-waterproof-2-axis-gimbal-night-vision-camera\/"]}]},{"@type":"ImageObject","inLanguage":"fr-FR","@id":"https:\/\/www.ghostysky.com\/product\/gc2-s-waterproof-2-axis-gimbal-night-vision-camera\/#primaryimage","url":"https:\/\/www.ghostysky.com\/wp-content\/uploads\/2022\/03\/2-axis-night-vision-camera-1_1500x.webp","contentUrl":"https:\/\/www.ghostysky.com\/wp-content\/uploads\/2022\/03\/2-axis-night-vision-camera-1_1500x.webp","width":800,"height":800},{"@type":"BreadcrumbList","@id":"https:\/\/www.ghostysky.com\/product\/gc2-s-waterproof-2-axis-gimbal-night-vision-camera\/#breadcrumb","itemListElement":[{"@type":"ListItem","position":1,"name":"Home","item":"https:\/\/www.ghostysky.com\/"},{"@type":"ListItem","position":2,"name":"Shop","item":"https:\/\/www.ghostysky.com\/shop\/"},{"@type":"ListItem","position":3,"name":"GC2-S Waterproof 2-Axis Gimbal Night-vision Camera"}]},{"@type":"WebSite","@id":"https:\/\/www.ghostysky.com\/#website","url":"https:\/\/www.ghostysky.com\/","name":"Ghostysky","description":"Livraison de drones et de services professionnels","publisher":{"@id":"https:\/\/www.ghostysky.com\/#organization"},"potentialAction":[{"@type":"SearchAction","target":{"@type":"EntryPoint","urlTemplate":"https:\/\/www.ghostysky.com\/?s={search_term_string}"},"query-input":{"@type":"PropertyValueSpecification","valueRequired":true,"valueName":"search_term_string"}}],"inLanguage":"fr-FR"},{"@type":"Organization","@id":"https:\/\/www.ghostysky.com\/#organization","name":"Ghostysky","url":"https:\/\/www.ghostysky.com\/","logo":{"@type":"ImageObject","inLanguage":"fr-FR","@id":"https:\/\/www.ghostysky.com\/#\/schema\/logo\/image\/","url":"https:\/\/www.ghostysky.com\/wp-content\/uploads\/2020\/06\/cropped-ghostyskylogo_text_white2.png","contentUrl":"https:\/\/www.ghostysky.com\/wp-content\/uploads\/2020\/06\/cropped-ghostyskylogo_text_white2.png","width":169,"height":56,"caption":"Ghostysky"},"image":{"@id":"https:\/\/www.ghostysky.com\/#\/schema\/logo\/image\/"},"sameAs":["https:\/\/www.facebook.com\/people\/Ghostysky\/100057676170234\/","https:\/\/x.com\/Gh0stysky","https:\/\/www.linkedin.com\/company\/34739653","https:\/\/www.instagram.com\/gh0stysky"]}]}},"_links":{"self":[{"href":"https:\/\/www.ghostysky.com\/fr\/wp-json\/wp\/v2\/product\/6239","targetHints":{"allow":["GET"]}}],"collection":[{"href":"https:\/\/www.ghostysky.com\/fr\/wp-json\/wp\/v2\/product"}],"about":[{"href":"https:\/\/www.ghostysky.com\/fr\/wp-json\/wp\/v2\/types\/product"}],"replies":[{"embeddable":true,"href":"https:\/\/www.ghostysky.com\/fr\/wp-json\/wp\/v2\/comments?post=6239"}],"wp:featuredmedia":[{"embeddable":true,"href":"https:\/\/www.ghostysky.com\/fr\/wp-json\/wp\/v2\/media\/6240"}],"wp:attachment":[{"href":"https:\/\/www.ghostysky.com\/fr\/wp-json\/wp\/v2\/media?parent=6239"}],"wp:term":[{"taxonomy":"product_brand","embeddable":true,"href":"https:\/\/www.ghostysky.com\/fr\/wp-json\/wp\/v2\/product_brand?post=6239"},{"taxonomy":"product_cat","embeddable":true,"href":"https:\/\/www.ghostysky.com\/fr\/wp-json\/wp\/v2\/product_cat?post=6239"},{"taxonomy":"product_tag","embeddable":true,"href":"https:\/\/www.ghostysky.com\/fr\/wp-json\/wp\/v2\/product_tag?post=6239"}],"curies":[{"name":"wp","href":"https:\/\/api.w.org\/{rel}","templated":true}]}}