{"id":6253,"date":"2022-03-23T15:57:19","date_gmt":"2022-03-23T15:57:19","guid":{"rendered":"https:\/\/www.ghostysky.com\/?post_type=product&#038;p=6253"},"modified":"2023-12-20T08:03:36","modified_gmt":"2023-12-20T08:03:36","slug":"swellpro-smart-car-charger","status":"publish","type":"product","link":"https:\/\/www.ghostysky.com\/fr\/product\/swellpro-smart-car-charger\/","title":{"rendered":"Chargeur de voiture intelligent Swellpro"},"content":{"rendered":"<p><img fetchpriority=\"high\" decoding=\"async\" src=\"data:image\/gif;base64,R0lGODlhAQABAAAAACH5BAEKAAEALAAAAAABAAEAAAICTAEAOw==\" alt=\"\" width=\"594\" height=\"336\" class=\"lazyload\" data-src=\"data:image\/gif;base64,R0lGODlhAQABAAAAACH5BAEKAAEALAAAAAABAAEAAAICTAEAOw==\"><\/p>\n<div class=\"table-wrapper\">\n<table id=\"product-attribute-specs-table\" class=\"data-table table\">\n<tbody>\n<tr class=\"first odd\">\n<th class=\"label\" style=\"text-align: left; width: 90.671875px;\">Aper\u00e7u<\/th>\n<td class=\"data last translation-block\" style=\"width: 444.328125px;\"><strong>Le chargeur de voiture intelligent Swellpro<\/strong> offre une solution \u00e9conomique pour vous aider \u00e0 maintenir la batterie de votre drone en parfait \u00e9tat, \u00e0 augmenter la dur\u00e9e de vie de la batterie et \u00e0 r\u00e9aliser que vous pouvez <strong>charger librement la batterie du drone \u00e0 n&#039;importe quel endroit<\/strong> .<\/td>\n<\/tr>\n<tr class=\"first odd\">\n<th class=\"label\" style=\"text-align: left; width: 90.671875px;\">Sp\u00e9cification<\/th>\n<td class=\"data last\" style=\"width: 444.328125px;\">Tension d&#039;entr\u00e9e : 10-30 V CC<br \/>\nTension de sortie : 1,0-30,0 V CC<br \/>\nCourant d&#039;entr\u00e9e max. : 9 A<br \/>\nCourant d&#039;\u00e9quilibrage : 0,5 A\/cellule max.<br \/>\nCourant de charge : 0,1 \u2013 8,0 A<br \/>\nCourant de d\u00e9charge : 0,1 \u2013 1,0 A<br \/>\nPuissance de charge max. : 200 W<br \/>\nPuissance de d\u00e9charge max. : 10 W<br \/>\nAlarme de tension anormale\u00a0: Assistance<br \/>\nAlarme de r\u00e9glage incorrect du nombre de cellules\u00a0: Assistance<br \/>\nTypes de batteries et cellules pris en charge\u00a0: LiFe, LiIon, LiPo, LiHv 1~6S\u00a0;<br \/>\nPb 1~12S; NiMH\/Cd 1~16S<br \/>\nTemp\u00e9rature de fonctionnement : 0 \u2013 40 \u2103<br \/>\nTemp\u00e9rature de stockage : -20 \u2013 60 \u2103<br \/>\nDimensions : 72x72x32 mm<br \/>\nPoids : 120 g<br \/>\nLongueur du c\u00e2ble : 2 m<\/td>\n<\/tr>\n<tr class=\"first odd\">\n<th class=\"label\" style=\"text-align: left; width: 90.671875px;\">Important<\/th>\n<td class=\"data last\" style=\"width: 444.328125px;\">Gardez le moteur de la voiture en marche pendant que vous chargez la batterie du drone avec le chargeur de voiture pour \u00e9viter que la batterie de la voiture ne se vide.<\/td>\n<\/tr>\n<tr class=\"first odd\">\n<th class=\"label\" style=\"text-align: left; width: 90.671875px;\">Dans la bo\u00eete<\/th>\n<td class=\"data last\" style=\"width: 444.328125px;\">Chargeur de voiture intelligent x 1set<\/td>\n<\/tr>\n<tr class=\"first odd\">\n<th class=\"label\" style=\"text-align: left; width: 90.671875px;\">Compatibilit\u00e9<\/th>\n<td class=\"data last\" style=\"width: 444.328125px;\">SplashDrone 4, P\u00eacheur FD1<\/td>\n<\/tr>\n<\/tbody>\n<\/table>\n<\/div>","protected":false},"excerpt":{"rendered":"<p class=\"translation-block\"><strong>Le chargeur de voiture intelligent Swellpro<\/strong> offre une solution \u00e9conomique pour vous aider \u00e0 maintenir la batterie de votre drone en parfait \u00e9tat, \u00e0 augmenter la dur\u00e9e de vie de la batterie et \u00e0 r\u00e9aliser que vous pouvez <strong>charger librement la batterie du drone \u00e0 n&#039;importe quel endroit<\/strong> .<\/p>","protected":false},"featured_media":6256,"comment_status":"open","ping_status":"closed","template":"","meta":[],"product_brand":[],"product_cat":[305,29,278],"product_tag":[69,329,279],"class_list":{"0":"post-6253","1":"product","2":"type-product","3":"status-publish","4":"has-post-thumbnail","6":"product_cat-accessories-swellpro","7":"product_cat-drones","8":"product_cat-swellpro","9":"product_tag-battery","10":"product_tag-car-charger","11":"product_tag-swellpro","13":"first","14":"onbackorder","15":"taxable","16":"shipping-taxable","17":"product-type-simple"},"yoast_head":"<!-- This site is optimized with the Yoast SEO plugin v27.1.1 - https:\/\/yoast.com\/product\/yoast-seo-wordpress\/ -->\n<title>Swellpro Smart Car Charger -<\/title>\n<meta name=\"description\" content=\"Swellpro smart car charger offers a cost-effective solution to assist in keeping your drone battery in top condition, increasing the lifespan of the battery, and realizing that you can freely charge the drone battery at any location.\" \/>\n<meta name=\"robots\" content=\"index, follow, max-snippet:-1, max-image-preview:large, max-video-preview:-1\" \/>\n<link rel=\"canonical\" href=\"https:\/\/www.ghostysky.com\/fr\/product\/swellpro-smart-car-charger\/\" \/>\n<meta property=\"og:locale\" content=\"fr_FR\" \/>\n<meta property=\"og:type\" content=\"article\" \/>\n<meta property=\"og:title\" content=\"Swellpro Smart Car Charger -\" \/>\n<meta property=\"og:description\" content=\"Swellpro smart car charger offers a cost-effective solution to assist in keeping your drone battery in top condition, increasing the lifespan of the battery, and realizing that you can freely charge the drone battery at any location.\" \/>\n<meta property=\"og:url\" content=\"https:\/\/www.ghostysky.com\/fr\/product\/swellpro-smart-car-charger\/\" \/>\n<meta property=\"og:site_name\" content=\"Ghostysky\" \/>\n<meta property=\"article:publisher\" content=\"https:\/\/www.facebook.com\/people\/Ghostysky\/100057676170234\/\" \/>\n<meta property=\"article:modified_time\" content=\"2023-12-20T08:03:36+00:00\" \/>\n<meta property=\"og:image\" content=\"https:\/\/www.ghostysky.com\/wp-content\/uploads\/2022\/03\/Swellpro-Shopify-Smart-Car-Charger-main-photos-04_1500x.webp\" \/>\n\t<meta property=\"og:image:width\" content=\"1000\" \/>\n\t<meta property=\"og:image:height\" content=\"1000\" \/>\n\t<meta property=\"og:image:type\" content=\"image\/webp\" \/>\n<meta name=\"twitter:card\" content=\"summary_large_image\" \/>\n<meta name=\"twitter:site\" content=\"@Gh0stysky\" \/>\n<meta name=\"twitter:label1\" content=\"Dur\u00e9e de lecture estim\u00e9e\" \/>\n\t<meta name=\"twitter:data1\" content=\"1 minute\" \/>\n<script type=\"application\/ld+json\" class=\"yoast-schema-graph\">{\"@context\":\"https:\/\/schema.org\",\"@graph\":[{\"@type\":\"WebPage\",\"@id\":\"https:\/\/www.ghostysky.com\/product\/swellpro-smart-car-charger\/\",\"url\":\"https:\/\/www.ghostysky.com\/product\/swellpro-smart-car-charger\/\",\"name\":\"Swellpro Smart Car Charger -\",\"isPartOf\":{\"@id\":\"https:\/\/www.ghostysky.com\/#website\"},\"primaryImageOfPage\":{\"@id\":\"https:\/\/www.ghostysky.com\/product\/swellpro-smart-car-charger\/#primaryimage\"},\"image\":{\"@id\":\"https:\/\/www.ghostysky.com\/product\/swellpro-smart-car-charger\/#primaryimage\"},\"thumbnailUrl\":\"https:\/\/www.ghostysky.com\/wp-content\/uploads\/2022\/03\/Swellpro-Shopify-Smart-Car-Charger-main-photos-04_1500x.webp\",\"datePublished\":\"2022-03-23T15:57:19+00:00\",\"dateModified\":\"2023-12-20T08:03:36+00:00\",\"description\":\"Swellpro smart car charger offers a cost-effective solution to assist in keeping your drone battery in top condition, increasing the lifespan of the battery, and realizing that you can freely charge the drone battery at any location.\",\"breadcrumb\":{\"@id\":\"https:\/\/www.ghostysky.com\/product\/swellpro-smart-car-charger\/#breadcrumb\"},\"inLanguage\":\"fr-FR\",\"potentialAction\":[{\"@type\":\"ReadAction\",\"target\":[\"https:\/\/www.ghostysky.com\/product\/swellpro-smart-car-charger\/\"]}]},{\"@type\":\"ImageObject\",\"inLanguage\":\"fr-FR\",\"@id\":\"https:\/\/www.ghostysky.com\/product\/swellpro-smart-car-charger\/#primaryimage\",\"url\":\"https:\/\/www.ghostysky.com\/wp-content\/uploads\/2022\/03\/Swellpro-Shopify-Smart-Car-Charger-main-photos-04_1500x.webp\",\"contentUrl\":\"https:\/\/www.ghostysky.com\/wp-content\/uploads\/2022\/03\/Swellpro-Shopify-Smart-Car-Charger-main-photos-04_1500x.webp\",\"width\":1000,\"height\":1000},{\"@type\":\"BreadcrumbList\",\"@id\":\"https:\/\/www.ghostysky.com\/product\/swellpro-smart-car-charger\/#breadcrumb\",\"itemListElement\":[{\"@type\":\"ListItem\",\"position\":1,\"name\":\"Home\",\"item\":\"https:\/\/www.ghostysky.com\/\"},{\"@type\":\"ListItem\",\"position\":2,\"name\":\"Shop\",\"item\":\"https:\/\/www.ghostysky.com\/shop\/\"},{\"@type\":\"ListItem\",\"position\":3,\"name\":\"Swellpro Smart Car Charger\"}]},{\"@type\":\"WebSite\",\"@id\":\"https:\/\/www.ghostysky.com\/#website\",\"url\":\"https:\/\/www.ghostysky.com\/\",\"name\":\"Ghostysky\",\"description\":\"Delivering professional drones and services\",\"publisher\":{\"@id\":\"https:\/\/www.ghostysky.com\/#organization\"},\"potentialAction\":[{\"@type\":\"SearchAction\",\"target\":{\"@type\":\"EntryPoint\",\"urlTemplate\":\"https:\/\/www.ghostysky.com\/?s={search_term_string}\"},\"query-input\":{\"@type\":\"PropertyValueSpecification\",\"valueRequired\":true,\"valueName\":\"search_term_string\"}}],\"inLanguage\":\"fr-FR\"},{\"@type\":\"Organization\",\"@id\":\"https:\/\/www.ghostysky.com\/#organization\",\"name\":\"Ghostysky\",\"url\":\"https:\/\/www.ghostysky.com\/\",\"logo\":{\"@type\":\"ImageObject\",\"inLanguage\":\"fr-FR\",\"@id\":\"https:\/\/www.ghostysky.com\/#\/schema\/logo\/image\/\",\"url\":\"https:\/\/www.ghostysky.com\/wp-content\/uploads\/2020\/06\/cropped-ghostyskylogo_text_white2.png\",\"contentUrl\":\"https:\/\/www.ghostysky.com\/wp-content\/uploads\/2020\/06\/cropped-ghostyskylogo_text_white2.png\",\"width\":169,\"height\":56,\"caption\":\"Ghostysky\"},\"image\":{\"@id\":\"https:\/\/www.ghostysky.com\/#\/schema\/logo\/image\/\"},\"sameAs\":[\"https:\/\/www.facebook.com\/people\/Ghostysky\/100057676170234\/\",\"https:\/\/x.com\/Gh0stysky\",\"https:\/\/www.linkedin.com\/company\/34739653\",\"https:\/\/www.instagram.com\/gh0stysky\"]}]}<\/script>\n<!-- \/ Yoast SEO plugin. -->","yoast_head_json":{"title":"Chargeur de voiture intelligent Swellpro -","description":"Le chargeur de voiture intelligent Swellpro offre une solution \u00e9conomique pour vous aider \u00e0 maintenir la batterie de votre drone en parfait \u00e9tat, \u00e0 augmenter la dur\u00e9e de vie de la batterie et \u00e0 r\u00e9aliser que vous pouvez charger librement la batterie du drone \u00e0 n&#039;importe quel endroit.","robots":{"index":"index","follow":"follow","max-snippet":"max-snippet:-1","max-image-preview":"max-image-preview:large","max-video-preview":"max-video-preview:-1"},"canonical":"https:\/\/www.ghostysky.com\/fr\/product\/swellpro-smart-car-charger\/","og_locale":"fr_FR","og_type":"article","og_title":"Swellpro Smart Car Charger -","og_description":"Swellpro smart car charger offers a cost-effective solution to assist in keeping your drone battery in top condition, increasing the lifespan of the battery, and realizing that you can freely charge the drone battery at any location.","og_url":"https:\/\/www.ghostysky.com\/fr\/product\/swellpro-smart-car-charger\/","og_site_name":"Ghostysky","article_publisher":"https:\/\/www.facebook.com\/people\/Ghostysky\/100057676170234\/","article_modified_time":"2023-12-20T08:03:36+00:00","og_image":[{"width":1000,"height":1000,"url":"https:\/\/www.ghostysky.com\/wp-content\/uploads\/2022\/03\/Swellpro-Shopify-Smart-Car-Charger-main-photos-04_1500x.webp","type":"image\/webp"}],"twitter_card":"summary_large_image","twitter_site":"@Gh0stysky","twitter_misc":{"Dur\u00e9e de lecture estim\u00e9e":"1 minute"},"schema":{"@context":"https:\/\/schema.org","@graph":[{"@type":"WebPage","@id":"https:\/\/www.ghostysky.com\/product\/swellpro-smart-car-charger\/","url":"https:\/\/www.ghostysky.com\/product\/swellpro-smart-car-charger\/","name":"Chargeur de voiture intelligent Swellpro -","isPartOf":{"@id":"https:\/\/www.ghostysky.com\/#website"},"primaryImageOfPage":{"@id":"https:\/\/www.ghostysky.com\/product\/swellpro-smart-car-charger\/#primaryimage"},"image":{"@id":"https:\/\/www.ghostysky.com\/product\/swellpro-smart-car-charger\/#primaryimage"},"thumbnailUrl":"https:\/\/www.ghostysky.com\/wp-content\/uploads\/2022\/03\/Swellpro-Shopify-Smart-Car-Charger-main-photos-04_1500x.webp","datePublished":"2022-03-23T15:57:19+00:00","dateModified":"2023-12-20T08:03:36+00:00","description":"Le chargeur de voiture intelligent Swellpro offre une solution \u00e9conomique pour vous aider \u00e0 maintenir la batterie de votre drone en parfait \u00e9tat, \u00e0 augmenter la dur\u00e9e de vie de la batterie et \u00e0 r\u00e9aliser que vous pouvez charger librement la batterie du drone \u00e0 n&#039;importe quel endroit.","breadcrumb":{"@id":"https:\/\/www.ghostysky.com\/product\/swellpro-smart-car-charger\/#breadcrumb"},"inLanguage":"fr-FR","potentialAction":[{"@type":"ReadAction","target":["https:\/\/www.ghostysky.com\/product\/swellpro-smart-car-charger\/"]}]},{"@type":"ImageObject","inLanguage":"fr-FR","@id":"https:\/\/www.ghostysky.com\/product\/swellpro-smart-car-charger\/#primaryimage","url":"https:\/\/www.ghostysky.com\/wp-content\/uploads\/2022\/03\/Swellpro-Shopify-Smart-Car-Charger-main-photos-04_1500x.webp","contentUrl":"https:\/\/www.ghostysky.com\/wp-content\/uploads\/2022\/03\/Swellpro-Shopify-Smart-Car-Charger-main-photos-04_1500x.webp","width":1000,"height":1000},{"@type":"BreadcrumbList","@id":"https:\/\/www.ghostysky.com\/product\/swellpro-smart-car-charger\/#breadcrumb","itemListElement":[{"@type":"ListItem","position":1,"name":"Home","item":"https:\/\/www.ghostysky.com\/"},{"@type":"ListItem","position":2,"name":"Shop","item":"https:\/\/www.ghostysky.com\/shop\/"},{"@type":"ListItem","position":3,"name":"Swellpro Smart Car Charger"}]},{"@type":"WebSite","@id":"https:\/\/www.ghostysky.com\/#website","url":"https:\/\/www.ghostysky.com\/","name":"Ghostysky","description":"Livraison de drones et de services professionnels","publisher":{"@id":"https:\/\/www.ghostysky.com\/#organization"},"potentialAction":[{"@type":"SearchAction","target":{"@type":"EntryPoint","urlTemplate":"https:\/\/www.ghostysky.com\/?s={search_term_string}"},"query-input":{"@type":"PropertyValueSpecification","valueRequired":true,"valueName":"search_term_string"}}],"inLanguage":"fr-FR"},{"@type":"Organization","@id":"https:\/\/www.ghostysky.com\/#organization","name":"Ghostysky","url":"https:\/\/www.ghostysky.com\/","logo":{"@type":"ImageObject","inLanguage":"fr-FR","@id":"https:\/\/www.ghostysky.com\/#\/schema\/logo\/image\/","url":"https:\/\/www.ghostysky.com\/wp-content\/uploads\/2020\/06\/cropped-ghostyskylogo_text_white2.png","contentUrl":"https:\/\/www.ghostysky.com\/wp-content\/uploads\/2020\/06\/cropped-ghostyskylogo_text_white2.png","width":169,"height":56,"caption":"Ghostysky"},"image":{"@id":"https:\/\/www.ghostysky.com\/#\/schema\/logo\/image\/"},"sameAs":["https:\/\/www.facebook.com\/people\/Ghostysky\/100057676170234\/","https:\/\/x.com\/Gh0stysky","https:\/\/www.linkedin.com\/company\/34739653","https:\/\/www.instagram.com\/gh0stysky"]}]}},"_links":{"self":[{"href":"https:\/\/www.ghostysky.com\/fr\/wp-json\/wp\/v2\/product\/6253","targetHints":{"allow":["GET"]}}],"collection":[{"href":"https:\/\/www.ghostysky.com\/fr\/wp-json\/wp\/v2\/product"}],"about":[{"href":"https:\/\/www.ghostysky.com\/fr\/wp-json\/wp\/v2\/types\/product"}],"replies":[{"embeddable":true,"href":"https:\/\/www.ghostysky.com\/fr\/wp-json\/wp\/v2\/comments?post=6253"}],"wp:featuredmedia":[{"embeddable":true,"href":"https:\/\/www.ghostysky.com\/fr\/wp-json\/wp\/v2\/media\/6256"}],"wp:attachment":[{"href":"https:\/\/www.ghostysky.com\/fr\/wp-json\/wp\/v2\/media?parent=6253"}],"wp:term":[{"taxonomy":"product_brand","embeddable":true,"href":"https:\/\/www.ghostysky.com\/fr\/wp-json\/wp\/v2\/product_brand?post=6253"},{"taxonomy":"product_cat","embeddable":true,"href":"https:\/\/www.ghostysky.com\/fr\/wp-json\/wp\/v2\/product_cat?post=6253"},{"taxonomy":"product_tag","embeddable":true,"href":"https:\/\/www.ghostysky.com\/fr\/wp-json\/wp\/v2\/product_tag?post=6253"}],"curies":[{"name":"wp","href":"https:\/\/api.w.org\/{rel}","templated":true}]}}