{"id":6260,"date":"2022-03-23T16:09:04","date_gmt":"2022-03-23T16:09:04","guid":{"rendered":"https:\/\/www.ghostysky.com\/?post_type=product&#038;p=6260"},"modified":"2025-12-17T16:52:10","modified_gmt":"2025-12-17T16:52:10","slug":"swellpro-automatic-inflatable-lifebuoy","status":"publish","type":"product","link":"https:\/\/www.ghostysky.com\/fr\/product\/swellpro-automatic-inflatable-lifebuoy\/","title":{"rendered":"Bou\u00e9e de sauvetage gonflable automatique Swellpro"},"content":{"rendered":"<table id=\"product-attribute-specs-table\" class=\"data-table table\">\n<tbody>\n<tr class=\"first odd\">\n<th class=\"label\">Aper\u00e7u<\/th>\n<td class=\"data last\">Bou\u00e9e de sauvetage l\u00e9g\u00e8re et durable sp\u00e9cialement con\u00e7ue pour les drones Swellpro.<br \/>\nBeaucoup plus efficace que le gilet de sauvetage.<\/td>\n<\/tr>\n<tr class=\"first odd\">\n<th class=\"label\">Caract\u00e9ristiques<\/th>\n<td class=\"data last\">Poids : 366 g<br \/>\nTaille : 205*100*65 mm<br \/>\nMat\u00e9riau : Polyester Oxford n\u00e9opr\u00e8ne<br \/>\nMat\u00e9riau de l&#039;airbag : Nylon + TPU<br \/>\nTemps de gonflage : moins de 5 s<br \/>\nFlottabilit\u00e9 : 150 N<br \/>\nTemps de flottabilit\u00e9 : plus de 48 heures<br \/>\nPerte de flottabilit\u00e9 apr\u00e8s 24 heures : \u2264 5 %<br \/>\nPoids du dioxyde de carbone : 3\/8-24UNF, 24 g<\/td>\n<\/tr>\n<tr class=\"first odd\">\n<th class=\"label\">Dans la bo\u00eete<\/th>\n<td class=\"data last\">Bou\u00e9e de sauvetage sans bouteille de gaz \u00d7 1<\/td>\n<\/tr>\n<tr class=\"first odd\">\n<th class=\"label\">Compatibilit\u00e9<\/th>\n<td class=\"data last\">Splashdrone 4, Fisherman FD1, Spry+<\/td>\n<\/tr>\n<\/tbody>\n<\/table>","protected":false},"excerpt":{"rendered":"<p class=\"translation-block\"><strong>Bou\u00e9e de sauvetage<\/strong> l\u00e9g\u00e8re et durable sp\u00e9cialement con\u00e7ue pour \u00eatre transport\u00e9e avec des drones.<\/p>\n<ul>\n<li>Pliage automatique au contact de l&#039;eau.<\/li>\n<li>Id\u00e9al pour un l\u00e2cher depuis un drone.<\/li>\n<li>Sangle pour fixation au corps.<\/li>\n<li>Id\u00e9al pour le sauvetage en eau libre.<\/li>\n<li>Construit avec des mat\u00e9riaux r\u00e9sistants pour am\u00e9liorer la durabilit\u00e9.<\/li>\n<li>Tr\u00e8s l\u00e9ger.<\/li>\n<\/ul>\n<p class=\"translation-block\">Le boya n&#039;inclut pas <strong>de cartouches de charge de CO2 pour le syst\u00e8me autogonflant<\/strong> , mais il est compatible avec les cartouches de CO2 (16g) Restube.<\/p>","protected":false},"featured_media":6261,"comment_status":"open","ping_status":"closed","template":"","meta":[],"product_brand":[1310],"product_cat":[305,29,278],"product_tag":[331,330,279],"class_list":{"0":"post-6260","1":"product","2":"type-product","3":"status-publish","4":"has-post-thumbnail","6":"product_brand-swellpro","7":"product_cat-accessories-swellpro","8":"product_cat-drones","9":"product_cat-swellpro","10":"product_tag-inflatable-lifebuoy","11":"product_tag-lifeguard","12":"product_tag-swellpro","14":"first","15":"instock","16":"sale","17":"taxable","18":"shipping-taxable","19":"purchasable","20":"product-type-simple"},"yoast_head":"<!-- This site is optimized with the Yoast SEO plugin v27.1.1 - https:\/\/yoast.com\/product\/yoast-seo-wordpress\/ -->\n<title>Swellpro automatic Inflatable Lifebuoy -<\/title>\n<meta name=\"description\" content=\"Light and durable lifeguard ring specially designed to be transported with drones.Automatic folding in contact with water.\" \/>\n<meta name=\"robots\" content=\"index, follow, max-snippet:-1, max-image-preview:large, max-video-preview:-1\" \/>\n<link rel=\"canonical\" href=\"https:\/\/www.ghostysky.com\/fr\/product\/swellpro-automatic-inflatable-lifebuoy\/\" \/>\n<meta property=\"og:locale\" content=\"fr_FR\" \/>\n<meta property=\"og:type\" content=\"article\" \/>\n<meta property=\"og:title\" content=\"Swellpro automatic Inflatable Lifebuoy -\" \/>\n<meta property=\"og:description\" content=\"Light and durable lifeguard ring specially designed to be transported with drones.Automatic folding in contact with water.\" \/>\n<meta property=\"og:url\" content=\"https:\/\/www.ghostysky.com\/fr\/product\/swellpro-automatic-inflatable-lifebuoy\/\" \/>\n<meta property=\"og:site_name\" content=\"Ghostysky\" \/>\n<meta property=\"article:publisher\" content=\"https:\/\/www.facebook.com\/people\/Ghostysky\/100057676170234\/\" \/>\n<meta property=\"article:modified_time\" content=\"2025-12-17T16:52:10+00:00\" \/>\n<meta property=\"og:image\" content=\"https:\/\/www.ghostysky.com\/wp-content\/uploads\/2022\/03\/04_1500x.webp\" \/>\n\t<meta property=\"og:image:width\" content=\"1000\" \/>\n\t<meta property=\"og:image:height\" content=\"1000\" \/>\n\t<meta property=\"og:image:type\" content=\"image\/webp\" \/>\n<meta name=\"twitter:card\" content=\"summary_large_image\" \/>\n<meta name=\"twitter:site\" content=\"@Gh0stysky\" \/>\n<meta name=\"twitter:label1\" content=\"Dur\u00e9e de lecture estim\u00e9e\" \/>\n\t<meta name=\"twitter:data1\" content=\"1 minute\" \/>\n<script type=\"application\/ld+json\" class=\"yoast-schema-graph\">{\"@context\":\"https:\/\/schema.org\",\"@graph\":[{\"@type\":\"WebPage\",\"@id\":\"https:\/\/www.ghostysky.com\/product\/swellpro-automatic-inflatable-lifebuoy\/\",\"url\":\"https:\/\/www.ghostysky.com\/product\/swellpro-automatic-inflatable-lifebuoy\/\",\"name\":\"Swellpro automatic Inflatable Lifebuoy -\",\"isPartOf\":{\"@id\":\"https:\/\/www.ghostysky.com\/#website\"},\"primaryImageOfPage\":{\"@id\":\"https:\/\/www.ghostysky.com\/product\/swellpro-automatic-inflatable-lifebuoy\/#primaryimage\"},\"image\":{\"@id\":\"https:\/\/www.ghostysky.com\/product\/swellpro-automatic-inflatable-lifebuoy\/#primaryimage\"},\"thumbnailUrl\":\"https:\/\/www.ghostysky.com\/wp-content\/uploads\/2022\/03\/04_1500x.webp\",\"datePublished\":\"2022-03-23T16:09:04+00:00\",\"dateModified\":\"2025-12-17T16:52:10+00:00\",\"description\":\"Light and durable lifeguard ring specially designed to be transported with drones.Automatic folding in contact with water.\",\"breadcrumb\":{\"@id\":\"https:\/\/www.ghostysky.com\/product\/swellpro-automatic-inflatable-lifebuoy\/#breadcrumb\"},\"inLanguage\":\"fr-FR\",\"potentialAction\":[{\"@type\":\"ReadAction\",\"target\":[\"https:\/\/www.ghostysky.com\/product\/swellpro-automatic-inflatable-lifebuoy\/\"]}]},{\"@type\":\"ImageObject\",\"inLanguage\":\"fr-FR\",\"@id\":\"https:\/\/www.ghostysky.com\/product\/swellpro-automatic-inflatable-lifebuoy\/#primaryimage\",\"url\":\"https:\/\/www.ghostysky.com\/wp-content\/uploads\/2022\/03\/04_1500x.webp\",\"contentUrl\":\"https:\/\/www.ghostysky.com\/wp-content\/uploads\/2022\/03\/04_1500x.webp\",\"width\":1000,\"height\":1000},{\"@type\":\"BreadcrumbList\",\"@id\":\"https:\/\/www.ghostysky.com\/product\/swellpro-automatic-inflatable-lifebuoy\/#breadcrumb\",\"itemListElement\":[{\"@type\":\"ListItem\",\"position\":1,\"name\":\"Home\",\"item\":\"https:\/\/www.ghostysky.com\/\"},{\"@type\":\"ListItem\",\"position\":2,\"name\":\"Shop\",\"item\":\"https:\/\/www.ghostysky.com\/shop\/\"},{\"@type\":\"ListItem\",\"position\":3,\"name\":\"Swellpro automatic Inflatable Lifebuoy\"}]},{\"@type\":\"WebSite\",\"@id\":\"https:\/\/www.ghostysky.com\/#website\",\"url\":\"https:\/\/www.ghostysky.com\/\",\"name\":\"Ghostysky\",\"description\":\"Delivering professional drones and services\",\"publisher\":{\"@id\":\"https:\/\/www.ghostysky.com\/#organization\"},\"potentialAction\":[{\"@type\":\"SearchAction\",\"target\":{\"@type\":\"EntryPoint\",\"urlTemplate\":\"https:\/\/www.ghostysky.com\/?s={search_term_string}\"},\"query-input\":{\"@type\":\"PropertyValueSpecification\",\"valueRequired\":true,\"valueName\":\"search_term_string\"}}],\"inLanguage\":\"fr-FR\"},{\"@type\":\"Organization\",\"@id\":\"https:\/\/www.ghostysky.com\/#organization\",\"name\":\"Ghostysky\",\"url\":\"https:\/\/www.ghostysky.com\/\",\"logo\":{\"@type\":\"ImageObject\",\"inLanguage\":\"fr-FR\",\"@id\":\"https:\/\/www.ghostysky.com\/#\/schema\/logo\/image\/\",\"url\":\"https:\/\/www.ghostysky.com\/wp-content\/uploads\/2020\/06\/cropped-ghostyskylogo_text_white2.png\",\"contentUrl\":\"https:\/\/www.ghostysky.com\/wp-content\/uploads\/2020\/06\/cropped-ghostyskylogo_text_white2.png\",\"width\":169,\"height\":56,\"caption\":\"Ghostysky\"},\"image\":{\"@id\":\"https:\/\/www.ghostysky.com\/#\/schema\/logo\/image\/\"},\"sameAs\":[\"https:\/\/www.facebook.com\/people\/Ghostysky\/100057676170234\/\",\"https:\/\/x.com\/Gh0stysky\",\"https:\/\/www.linkedin.com\/company\/34739653\",\"https:\/\/www.instagram.com\/gh0stysky\"]}]}<\/script>\n<!-- \/ Yoast SEO plugin. -->","yoast_head_json":{"title":"Bou\u00e9e de sauvetage gonflable automatique Swellpro -","description":"Bou\u00e9e de sauvetage l\u00e9g\u00e8re et r\u00e9sistante sp\u00e9cialement con\u00e7ue pour \u00eatre transport\u00e9e avec des drones. Pliage automatique au contact de l&#039;eau.","robots":{"index":"index","follow":"follow","max-snippet":"max-snippet:-1","max-image-preview":"max-image-preview:large","max-video-preview":"max-video-preview:-1"},"canonical":"https:\/\/www.ghostysky.com\/fr\/product\/swellpro-automatic-inflatable-lifebuoy\/","og_locale":"fr_FR","og_type":"article","og_title":"Swellpro automatic Inflatable Lifebuoy -","og_description":"Light and durable lifeguard ring specially designed to be transported with drones.Automatic folding in contact with water.","og_url":"https:\/\/www.ghostysky.com\/fr\/product\/swellpro-automatic-inflatable-lifebuoy\/","og_site_name":"Ghostysky","article_publisher":"https:\/\/www.facebook.com\/people\/Ghostysky\/100057676170234\/","article_modified_time":"2025-12-17T16:52:10+00:00","og_image":[{"width":1000,"height":1000,"url":"https:\/\/www.ghostysky.com\/wp-content\/uploads\/2022\/03\/04_1500x.webp","type":"image\/webp"}],"twitter_card":"summary_large_image","twitter_site":"@Gh0stysky","twitter_misc":{"Dur\u00e9e de lecture estim\u00e9e":"1 minute"},"schema":{"@context":"https:\/\/schema.org","@graph":[{"@type":"WebPage","@id":"https:\/\/www.ghostysky.com\/product\/swellpro-automatic-inflatable-lifebuoy\/","url":"https:\/\/www.ghostysky.com\/product\/swellpro-automatic-inflatable-lifebuoy\/","name":"Bou\u00e9e de sauvetage gonflable automatique Swellpro -","isPartOf":{"@id":"https:\/\/www.ghostysky.com\/#website"},"primaryImageOfPage":{"@id":"https:\/\/www.ghostysky.com\/product\/swellpro-automatic-inflatable-lifebuoy\/#primaryimage"},"image":{"@id":"https:\/\/www.ghostysky.com\/product\/swellpro-automatic-inflatable-lifebuoy\/#primaryimage"},"thumbnailUrl":"https:\/\/www.ghostysky.com\/wp-content\/uploads\/2022\/03\/04_1500x.webp","datePublished":"2022-03-23T16:09:04+00:00","dateModified":"2025-12-17T16:52:10+00:00","description":"Bou\u00e9e de sauvetage l\u00e9g\u00e8re et r\u00e9sistante sp\u00e9cialement con\u00e7ue pour \u00eatre transport\u00e9e avec des drones. Pliage automatique au contact de l&#039;eau.","breadcrumb":{"@id":"https:\/\/www.ghostysky.com\/product\/swellpro-automatic-inflatable-lifebuoy\/#breadcrumb"},"inLanguage":"fr-FR","potentialAction":[{"@type":"ReadAction","target":["https:\/\/www.ghostysky.com\/product\/swellpro-automatic-inflatable-lifebuoy\/"]}]},{"@type":"ImageObject","inLanguage":"fr-FR","@id":"https:\/\/www.ghostysky.com\/product\/swellpro-automatic-inflatable-lifebuoy\/#primaryimage","url":"https:\/\/www.ghostysky.com\/wp-content\/uploads\/2022\/03\/04_1500x.webp","contentUrl":"https:\/\/www.ghostysky.com\/wp-content\/uploads\/2022\/03\/04_1500x.webp","width":1000,"height":1000},{"@type":"BreadcrumbList","@id":"https:\/\/www.ghostysky.com\/product\/swellpro-automatic-inflatable-lifebuoy\/#breadcrumb","itemListElement":[{"@type":"ListItem","position":1,"name":"Home","item":"https:\/\/www.ghostysky.com\/"},{"@type":"ListItem","position":2,"name":"Shop","item":"https:\/\/www.ghostysky.com\/shop\/"},{"@type":"ListItem","position":3,"name":"Swellpro automatic Inflatable Lifebuoy"}]},{"@type":"WebSite","@id":"https:\/\/www.ghostysky.com\/#website","url":"https:\/\/www.ghostysky.com\/","name":"Ghostysky","description":"Livraison de drones et de services professionnels","publisher":{"@id":"https:\/\/www.ghostysky.com\/#organization"},"potentialAction":[{"@type":"SearchAction","target":{"@type":"EntryPoint","urlTemplate":"https:\/\/www.ghostysky.com\/?s={search_term_string}"},"query-input":{"@type":"PropertyValueSpecification","valueRequired":true,"valueName":"search_term_string"}}],"inLanguage":"fr-FR"},{"@type":"Organization","@id":"https:\/\/www.ghostysky.com\/#organization","name":"Ghostysky","url":"https:\/\/www.ghostysky.com\/","logo":{"@type":"ImageObject","inLanguage":"fr-FR","@id":"https:\/\/www.ghostysky.com\/#\/schema\/logo\/image\/","url":"https:\/\/www.ghostysky.com\/wp-content\/uploads\/2020\/06\/cropped-ghostyskylogo_text_white2.png","contentUrl":"https:\/\/www.ghostysky.com\/wp-content\/uploads\/2020\/06\/cropped-ghostyskylogo_text_white2.png","width":169,"height":56,"caption":"Ghostysky"},"image":{"@id":"https:\/\/www.ghostysky.com\/#\/schema\/logo\/image\/"},"sameAs":["https:\/\/www.facebook.com\/people\/Ghostysky\/100057676170234\/","https:\/\/x.com\/Gh0stysky","https:\/\/www.linkedin.com\/company\/34739653","https:\/\/www.instagram.com\/gh0stysky"]}]}},"_links":{"self":[{"href":"https:\/\/www.ghostysky.com\/fr\/wp-json\/wp\/v2\/product\/6260","targetHints":{"allow":["GET"]}}],"collection":[{"href":"https:\/\/www.ghostysky.com\/fr\/wp-json\/wp\/v2\/product"}],"about":[{"href":"https:\/\/www.ghostysky.com\/fr\/wp-json\/wp\/v2\/types\/product"}],"replies":[{"embeddable":true,"href":"https:\/\/www.ghostysky.com\/fr\/wp-json\/wp\/v2\/comments?post=6260"}],"wp:featuredmedia":[{"embeddable":true,"href":"https:\/\/www.ghostysky.com\/fr\/wp-json\/wp\/v2\/media\/6261"}],"wp:attachment":[{"href":"https:\/\/www.ghostysky.com\/fr\/wp-json\/wp\/v2\/media?parent=6260"}],"wp:term":[{"taxonomy":"product_brand","embeddable":true,"href":"https:\/\/www.ghostysky.com\/fr\/wp-json\/wp\/v2\/product_brand?post=6260"},{"taxonomy":"product_cat","embeddable":true,"href":"https:\/\/www.ghostysky.com\/fr\/wp-json\/wp\/v2\/product_cat?post=6260"},{"taxonomy":"product_tag","embeddable":true,"href":"https:\/\/www.ghostysky.com\/fr\/wp-json\/wp\/v2\/product_tag?post=6260"}],"curies":[{"name":"wp","href":"https:\/\/api.w.org\/{rel}","templated":true}]}}