{"id":6295,"date":"2022-03-23T17:02:32","date_gmt":"2022-03-23T17:02:32","guid":{"rendered":"https:\/\/www.ghostysky.com\/?post_type=product&#038;p=6295"},"modified":"2025-12-17T16:55:57","modified_gmt":"2025-12-17T16:55:57","slug":"swellpro-splashdrone-4-gimbal-extension-bar","status":"publish","type":"product","link":"https:\/\/www.ghostysky.com\/fr\/product\/swellpro-splashdrone-4-gimbal-extension-bar\/","title":{"rendered":"Barre d&#039;extension pour cardan SwellPro SplashDrone 4"},"content":{"rendered":"<table id=\"product-attribute-specs-table\" class=\"data-table table\">\n<tbody>\n<tr class=\"first odd\">\n<th class=\"label\" style=\"text-align: left; width: 90.671875px;\">Aper\u00e7u<\/th>\n<td class=\"data last\" style=\"width: 444.328125px;\">La barre d&#039;extension de cardan est sp\u00e9cialement con\u00e7ue pour que le Splashdrone 4 puisse prendre des photos sous l&#039;eau en toute libert\u00e9.<\/td>\n<\/tr>\n<tr class=\"first odd\">\n<th class=\"label\" style=\"text-align: left; width: 90.671875px;\">Poids<\/th>\n<td class=\"data last\" style=\"width: 444.328125px;\">366 g<\/td>\n<\/tr>\n<tr class=\"first odd\">\n<th class=\"label\" style=\"text-align: left; width: 90.671875px;\">Longueur<\/th>\n<td class=\"data last\" style=\"width: 444.328125px;\">40 cm<\/td>\n<\/tr>\n<tr class=\"first odd\">\n<th class=\"label\" style=\"text-align: left; width: 90.671875px;\">Mat\u00e9riel<\/th>\n<td class=\"data last\" style=\"width: 444.328125px;\">Tube en fibre de carbone et base en aluminium<\/td>\n<\/tr>\n<tr class=\"first odd\">\n<th class=\"label\" style=\"text-align: left; width: 90.671875px;\">Dans la bo\u00eete<\/th>\n<td class=\"data last\" style=\"width: 444.328125px;\">Barre d&#039;extension de cardan x 1 pi\u00e8ces<\/td>\n<\/tr>\n<tr class=\"first odd\">\n<th class=\"label\" style=\"text-align: left; width: 90.671875px;\">Compatibilit\u00e9<\/th>\n<td class=\"data last\" style=\"width: 444.328125px;\">SplashDrone 4<\/td>\n<\/tr>\n<\/tbody>\n<\/table>","protected":false},"excerpt":{"rendered":"<p><strong>Barre d&#039;extension de cardan<\/strong> qui est sp\u00e9cialement con\u00e7u pour <strong>le SplashDrone 4<\/strong>.<\/p>\n<p>il vous permet de filmer et de prendre des photos sous l&#039;eau en toute simplicit\u00e9, notamment avec le kit bateau attach\u00e9.<\/p>\n<p><strong>Sp\u00e9cification<\/strong><\/p>\n<ul>\n<li>Indice d&#039;\u00e9tanch\u00e9it\u00e9 IP67<\/li>\n<li>Poids : 366 g<\/li>\n<li>Longueur : 40 cm<\/li>\n<li>Mat\u00e9riau : fibre de carbone et aluminium<\/li>\n<\/ul>\n<p>&nbsp;<\/p>","protected":false},"featured_media":6296,"comment_status":"open","ping_status":"closed","template":"","meta":[],"product_brand":[1310],"product_cat":[305,29,278],"product_tag":[62,332,328],"class_list":{"0":"post-6295","1":"product","2":"type-product","3":"status-publish","4":"has-post-thumbnail","6":"product_brand-swellpro","7":"product_cat-accessories-swellpro","8":"product_cat-drones","9":"product_cat-swellpro","10":"product_tag-camera","11":"product_tag-gimbal-extension","12":"product_tag-splashdrone4","14":"first","15":"instock","16":"sale","17":"taxable","18":"shipping-taxable","19":"purchasable","20":"product-type-simple"},"yoast_head":"<!-- This site is optimized with the Yoast SEO plugin v27.1.1 - https:\/\/yoast.com\/product\/yoast-seo-wordpress\/ -->\n<title>SwellPro SplashDrone 4 Gimbal Extension Bar -<\/title>\n<meta name=\"description\" content=\"Gimbal Extension Bar that is specifically designed for the SplashDrone 4.it allows you to shoot film and take photo&#039;s underwater with ease, especially with the Boat kit attached.\" \/>\n<meta name=\"robots\" content=\"index, follow, max-snippet:-1, max-image-preview:large, max-video-preview:-1\" \/>\n<link rel=\"canonical\" href=\"https:\/\/www.ghostysky.com\/fr\/product\/swellpro-splashdrone-4-gimbal-extension-bar\/\" \/>\n<meta property=\"og:locale\" content=\"fr_FR\" \/>\n<meta property=\"og:type\" content=\"article\" \/>\n<meta property=\"og:title\" content=\"SwellPro SplashDrone 4 Gimbal Extension Bar -\" \/>\n<meta property=\"og:description\" content=\"Gimbal Extension Bar that is specifically designed for the SplashDrone 4.it allows you to shoot film and take photo&#039;s underwater with ease, especially with the Boat kit attached.\" \/>\n<meta property=\"og:url\" content=\"https:\/\/www.ghostysky.com\/fr\/product\/swellpro-splashdrone-4-gimbal-extension-bar\/\" \/>\n<meta property=\"og:site_name\" content=\"Ghostysky\" \/>\n<meta property=\"article:publisher\" content=\"https:\/\/www.facebook.com\/people\/Ghostysky\/100057676170234\/\" \/>\n<meta property=\"article:modified_time\" content=\"2025-12-17T16:55:57+00:00\" \/>\n<meta property=\"og:image\" content=\"https:\/\/www.ghostysky.com\/wp-content\/uploads\/2022\/03\/SD4-accessory-gimbal-extension-bar-01_1500x.webp\" \/>\n\t<meta property=\"og:image:width\" content=\"800\" \/>\n\t<meta property=\"og:image:height\" content=\"800\" \/>\n\t<meta property=\"og:image:type\" content=\"image\/webp\" \/>\n<meta name=\"twitter:card\" content=\"summary_large_image\" \/>\n<meta name=\"twitter:site\" content=\"@Gh0stysky\" \/>\n<meta name=\"twitter:label1\" content=\"Dur\u00e9e de lecture estim\u00e9e\" \/>\n\t<meta name=\"twitter:data1\" content=\"1 minute\" \/>\n<script type=\"application\/ld+json\" class=\"yoast-schema-graph\">{\"@context\":\"https:\/\/schema.org\",\"@graph\":[{\"@type\":\"WebPage\",\"@id\":\"https:\/\/www.ghostysky.com\/product\/swellpro-splashdrone-4-gimbal-extension-bar\/\",\"url\":\"https:\/\/www.ghostysky.com\/product\/swellpro-splashdrone-4-gimbal-extension-bar\/\",\"name\":\"SwellPro SplashDrone 4 Gimbal Extension Bar -\",\"isPartOf\":{\"@id\":\"https:\/\/www.ghostysky.com\/#website\"},\"primaryImageOfPage\":{\"@id\":\"https:\/\/www.ghostysky.com\/product\/swellpro-splashdrone-4-gimbal-extension-bar\/#primaryimage\"},\"image\":{\"@id\":\"https:\/\/www.ghostysky.com\/product\/swellpro-splashdrone-4-gimbal-extension-bar\/#primaryimage\"},\"thumbnailUrl\":\"https:\/\/www.ghostysky.com\/wp-content\/uploads\/2022\/03\/SD4-accessory-gimbal-extension-bar-01_1500x.webp\",\"datePublished\":\"2022-03-23T17:02:32+00:00\",\"dateModified\":\"2025-12-17T16:55:57+00:00\",\"description\":\"Gimbal Extension Bar that is specifically designed for the SplashDrone 4.it allows you to shoot film and take photo's underwater with ease, especially with the Boat kit attached.\",\"breadcrumb\":{\"@id\":\"https:\/\/www.ghostysky.com\/product\/swellpro-splashdrone-4-gimbal-extension-bar\/#breadcrumb\"},\"inLanguage\":\"fr-FR\",\"potentialAction\":[{\"@type\":\"ReadAction\",\"target\":[\"https:\/\/www.ghostysky.com\/product\/swellpro-splashdrone-4-gimbal-extension-bar\/\"]}]},{\"@type\":\"ImageObject\",\"inLanguage\":\"fr-FR\",\"@id\":\"https:\/\/www.ghostysky.com\/product\/swellpro-splashdrone-4-gimbal-extension-bar\/#primaryimage\",\"url\":\"https:\/\/www.ghostysky.com\/wp-content\/uploads\/2022\/03\/SD4-accessory-gimbal-extension-bar-01_1500x.webp\",\"contentUrl\":\"https:\/\/www.ghostysky.com\/wp-content\/uploads\/2022\/03\/SD4-accessory-gimbal-extension-bar-01_1500x.webp\",\"width\":800,\"height\":800},{\"@type\":\"BreadcrumbList\",\"@id\":\"https:\/\/www.ghostysky.com\/product\/swellpro-splashdrone-4-gimbal-extension-bar\/#breadcrumb\",\"itemListElement\":[{\"@type\":\"ListItem\",\"position\":1,\"name\":\"Home\",\"item\":\"https:\/\/www.ghostysky.com\/\"},{\"@type\":\"ListItem\",\"position\":2,\"name\":\"Shop\",\"item\":\"https:\/\/www.ghostysky.com\/shop\/\"},{\"@type\":\"ListItem\",\"position\":3,\"name\":\"SwellPro SplashDrone 4 Gimbal Extension Bar\"}]},{\"@type\":\"WebSite\",\"@id\":\"https:\/\/www.ghostysky.com\/#website\",\"url\":\"https:\/\/www.ghostysky.com\/\",\"name\":\"Ghostysky\",\"description\":\"Delivering professional drones and services\",\"publisher\":{\"@id\":\"https:\/\/www.ghostysky.com\/#organization\"},\"potentialAction\":[{\"@type\":\"SearchAction\",\"target\":{\"@type\":\"EntryPoint\",\"urlTemplate\":\"https:\/\/www.ghostysky.com\/?s={search_term_string}\"},\"query-input\":{\"@type\":\"PropertyValueSpecification\",\"valueRequired\":true,\"valueName\":\"search_term_string\"}}],\"inLanguage\":\"fr-FR\"},{\"@type\":\"Organization\",\"@id\":\"https:\/\/www.ghostysky.com\/#organization\",\"name\":\"Ghostysky\",\"url\":\"https:\/\/www.ghostysky.com\/\",\"logo\":{\"@type\":\"ImageObject\",\"inLanguage\":\"fr-FR\",\"@id\":\"https:\/\/www.ghostysky.com\/#\/schema\/logo\/image\/\",\"url\":\"https:\/\/www.ghostysky.com\/wp-content\/uploads\/2020\/06\/cropped-ghostyskylogo_text_white2.png\",\"contentUrl\":\"https:\/\/www.ghostysky.com\/wp-content\/uploads\/2020\/06\/cropped-ghostyskylogo_text_white2.png\",\"width\":169,\"height\":56,\"caption\":\"Ghostysky\"},\"image\":{\"@id\":\"https:\/\/www.ghostysky.com\/#\/schema\/logo\/image\/\"},\"sameAs\":[\"https:\/\/www.facebook.com\/people\/Ghostysky\/100057676170234\/\",\"https:\/\/x.com\/Gh0stysky\",\"https:\/\/www.linkedin.com\/company\/34739653\",\"https:\/\/www.instagram.com\/gh0stysky\"]}]}<\/script>\n<!-- \/ Yoast SEO plugin. -->","yoast_head_json":{"title":"Barre d&#039;extension de cardan SwellPro SplashDrone 4 -","description":"Barre d&#039;extension de cardan sp\u00e9cialement con\u00e7ue pour le SplashDrone 4. Elle vous permet de filmer et de prendre des photos sous l&#039;eau en toute simplicit\u00e9, en particulier avec le kit bateau attach\u00e9.","robots":{"index":"index","follow":"follow","max-snippet":"max-snippet:-1","max-image-preview":"max-image-preview:large","max-video-preview":"max-video-preview:-1"},"canonical":"https:\/\/www.ghostysky.com\/fr\/product\/swellpro-splashdrone-4-gimbal-extension-bar\/","og_locale":"fr_FR","og_type":"article","og_title":"SwellPro SplashDrone 4 Gimbal Extension Bar -","og_description":"Gimbal Extension Bar that is specifically designed for the SplashDrone 4.it allows you to shoot film and take photo's underwater with ease, especially with the Boat kit attached.","og_url":"https:\/\/www.ghostysky.com\/fr\/product\/swellpro-splashdrone-4-gimbal-extension-bar\/","og_site_name":"Ghostysky","article_publisher":"https:\/\/www.facebook.com\/people\/Ghostysky\/100057676170234\/","article_modified_time":"2025-12-17T16:55:57+00:00","og_image":[{"width":800,"height":800,"url":"https:\/\/www.ghostysky.com\/wp-content\/uploads\/2022\/03\/SD4-accessory-gimbal-extension-bar-01_1500x.webp","type":"image\/webp"}],"twitter_card":"summary_large_image","twitter_site":"@Gh0stysky","twitter_misc":{"Dur\u00e9e de lecture estim\u00e9e":"1 minute"},"schema":{"@context":"https:\/\/schema.org","@graph":[{"@type":"WebPage","@id":"https:\/\/www.ghostysky.com\/product\/swellpro-splashdrone-4-gimbal-extension-bar\/","url":"https:\/\/www.ghostysky.com\/product\/swellpro-splashdrone-4-gimbal-extension-bar\/","name":"Barre d&#039;extension de cardan SwellPro SplashDrone 4 -","isPartOf":{"@id":"https:\/\/www.ghostysky.com\/#website"},"primaryImageOfPage":{"@id":"https:\/\/www.ghostysky.com\/product\/swellpro-splashdrone-4-gimbal-extension-bar\/#primaryimage"},"image":{"@id":"https:\/\/www.ghostysky.com\/product\/swellpro-splashdrone-4-gimbal-extension-bar\/#primaryimage"},"thumbnailUrl":"https:\/\/www.ghostysky.com\/wp-content\/uploads\/2022\/03\/SD4-accessory-gimbal-extension-bar-01_1500x.webp","datePublished":"2022-03-23T17:02:32+00:00","dateModified":"2025-12-17T16:55:57+00:00","description":"Barre d&#039;extension de cardan sp\u00e9cialement con\u00e7ue pour le SplashDrone 4. Elle vous permet de filmer et de prendre des photos sous l&#039;eau en toute simplicit\u00e9, en particulier avec le kit bateau attach\u00e9.","breadcrumb":{"@id":"https:\/\/www.ghostysky.com\/product\/swellpro-splashdrone-4-gimbal-extension-bar\/#breadcrumb"},"inLanguage":"fr-FR","potentialAction":[{"@type":"ReadAction","target":["https:\/\/www.ghostysky.com\/product\/swellpro-splashdrone-4-gimbal-extension-bar\/"]}]},{"@type":"ImageObject","inLanguage":"fr-FR","@id":"https:\/\/www.ghostysky.com\/product\/swellpro-splashdrone-4-gimbal-extension-bar\/#primaryimage","url":"https:\/\/www.ghostysky.com\/wp-content\/uploads\/2022\/03\/SD4-accessory-gimbal-extension-bar-01_1500x.webp","contentUrl":"https:\/\/www.ghostysky.com\/wp-content\/uploads\/2022\/03\/SD4-accessory-gimbal-extension-bar-01_1500x.webp","width":800,"height":800},{"@type":"BreadcrumbList","@id":"https:\/\/www.ghostysky.com\/product\/swellpro-splashdrone-4-gimbal-extension-bar\/#breadcrumb","itemListElement":[{"@type":"ListItem","position":1,"name":"Home","item":"https:\/\/www.ghostysky.com\/"},{"@type":"ListItem","position":2,"name":"Shop","item":"https:\/\/www.ghostysky.com\/shop\/"},{"@type":"ListItem","position":3,"name":"SwellPro SplashDrone 4 Gimbal Extension Bar"}]},{"@type":"WebSite","@id":"https:\/\/www.ghostysky.com\/#website","url":"https:\/\/www.ghostysky.com\/","name":"Ghostysky","description":"Livraison de drones et de services professionnels","publisher":{"@id":"https:\/\/www.ghostysky.com\/#organization"},"potentialAction":[{"@type":"SearchAction","target":{"@type":"EntryPoint","urlTemplate":"https:\/\/www.ghostysky.com\/?s={search_term_string}"},"query-input":{"@type":"PropertyValueSpecification","valueRequired":true,"valueName":"search_term_string"}}],"inLanguage":"fr-FR"},{"@type":"Organization","@id":"https:\/\/www.ghostysky.com\/#organization","name":"Ghostysky","url":"https:\/\/www.ghostysky.com\/","logo":{"@type":"ImageObject","inLanguage":"fr-FR","@id":"https:\/\/www.ghostysky.com\/#\/schema\/logo\/image\/","url":"https:\/\/www.ghostysky.com\/wp-content\/uploads\/2020\/06\/cropped-ghostyskylogo_text_white2.png","contentUrl":"https:\/\/www.ghostysky.com\/wp-content\/uploads\/2020\/06\/cropped-ghostyskylogo_text_white2.png","width":169,"height":56,"caption":"Ghostysky"},"image":{"@id":"https:\/\/www.ghostysky.com\/#\/schema\/logo\/image\/"},"sameAs":["https:\/\/www.facebook.com\/people\/Ghostysky\/100057676170234\/","https:\/\/x.com\/Gh0stysky","https:\/\/www.linkedin.com\/company\/34739653","https:\/\/www.instagram.com\/gh0stysky"]}]}},"_links":{"self":[{"href":"https:\/\/www.ghostysky.com\/fr\/wp-json\/wp\/v2\/product\/6295","targetHints":{"allow":["GET"]}}],"collection":[{"href":"https:\/\/www.ghostysky.com\/fr\/wp-json\/wp\/v2\/product"}],"about":[{"href":"https:\/\/www.ghostysky.com\/fr\/wp-json\/wp\/v2\/types\/product"}],"replies":[{"embeddable":true,"href":"https:\/\/www.ghostysky.com\/fr\/wp-json\/wp\/v2\/comments?post=6295"}],"wp:featuredmedia":[{"embeddable":true,"href":"https:\/\/www.ghostysky.com\/fr\/wp-json\/wp\/v2\/media\/6296"}],"wp:attachment":[{"href":"https:\/\/www.ghostysky.com\/fr\/wp-json\/wp\/v2\/media?parent=6295"}],"wp:term":[{"taxonomy":"product_brand","embeddable":true,"href":"https:\/\/www.ghostysky.com\/fr\/wp-json\/wp\/v2\/product_brand?post=6295"},{"taxonomy":"product_cat","embeddable":true,"href":"https:\/\/www.ghostysky.com\/fr\/wp-json\/wp\/v2\/product_cat?post=6295"},{"taxonomy":"product_tag","embeddable":true,"href":"https:\/\/www.ghostysky.com\/fr\/wp-json\/wp\/v2\/product_tag?post=6295"}],"curies":[{"name":"wp","href":"https:\/\/api.w.org\/{rel}","templated":true}]}}