{"id":6316,"date":"2022-03-23T17:41:16","date_gmt":"2022-03-23T17:41:16","guid":{"rendered":"https:\/\/www.ghostysky.com\/?post_type=product&#038;p=6316"},"modified":"2024-12-17T04:32:42","modified_gmt":"2024-12-17T04:32:42","slug":"camera-filters-for-splashdrone-4","status":"publish","type":"product","link":"https:\/\/www.ghostysky.com\/fr\/product\/camera-filters-for-splashdrone-4\/","title":{"rendered":"Filtres de cam\u00e9ra pour SplashDrone 4"},"content":{"rendered":"<table id=\"product-attribute-specs-table\" class=\"data-table table\">\n<tbody>\n<tr class=\"first odd\">\n<th class=\"label\" style=\"text-align: left; width: 90.671875px;\">Aper\u00e7u<\/th>\n<td class=\"data last\" style=\"width: 444.328125px;\">Ajoutez plus d&#039;effets sp\u00e9ciaux et de couleur \u00e0 l&#039;image a\u00e9rienne \u00e9pique avec un ensemble de filtres sp\u00e9cialement con\u00e7us pour SplashDrone 4.<\/td>\n<\/tr>\n<tr class=\"first odd\">\n<th class=\"label\" style=\"text-align: left; width: 90.671875px;\">Filtres ND<\/th>\n<td class=\"data last\" style=\"width: 444.328125px;\">En r\u00e9duisant la quantit\u00e9 de lumi\u00e8re p\u00e9n\u00e9trant dans l&#039;appareil photo du SplashDrone 4, le jeu de filtres ND offre aux photographes une plus grande libert\u00e9 dans le choix de l&#039;ouverture et de la vitesse d&#039;obturation, \u00e9vitant ainsi la surexposition en plein soleil. Gr\u00e2ce \u00e0 un filtre ND, les photographes peuvent \u00e9galement allonger la vitesse d&#039;obturation et cr\u00e9er un flou de mouvement, donnant ainsi \u00e0 leurs photos un aspect plus vivant et dynamique.<br \/>\nIl existe 4 options de filtres ND (ND8\/ND16\/ND32\/ND64) pour diff\u00e9rentes conditions d&#039;\u00e9clairage.<\/td>\n<\/tr>\n<tr class=\"first odd\">\n<th class=\"label\" style=\"text-align: left; width: 90.671875px;\">Filtres CPL<\/th>\n<td class=\"data last\" style=\"width: 444.328125px;\">Le filtre CPL r\u00e9duit l&#039;\u00e9blouissement et augmente la saturation des couleurs, aidant SplashDrone 4 \u00e0 capturer des images d&#039;une clart\u00e9 cristalline.<\/td>\n<\/tr>\n<tr class=\"first odd\">\n<th class=\"label\" style=\"text-align: left; width: 90.671875px;\">Filtre gradu\u00e9<\/th>\n<td class=\"data last\" style=\"width: 444.328125px;\">Le filtre bleu d\u00e9grad\u00e9 ajoute des couleurs spectaculaires \u00e0 une moiti\u00e9 de la photo tout en laissant l&#039;autre moiti\u00e9 intacte. Il permet aux photographies de paysage de cr\u00e9er un ciel plus spectaculaire, tout en pr\u00e9servant le contraste et les couleurs d&#039;origine du premier plan.<br \/>\nOptions de couleur : rouge \/ bleu \/ orange \/ gris<\/td>\n<\/tr>\n<tr class=\"first odd\">\n<th class=\"label\" style=\"text-align: left; width: 90.671875px;\">Dans la bo\u00eete<\/th>\n<td class=\"data last\" style=\"width: 444.328125px;\">Filtres pour appareil photo x 1set (9 pi\u00e8ces)<\/td>\n<\/tr>\n<tr class=\"first odd\">\n<th class=\"label\" style=\"text-align: left; width: 90.671875px;\">Compatibilit\u00e9<\/th>\n<td class=\"data last\" style=\"width: 444.328125px;\">Cam\u00e9ra GC1-S, cam\u00e9ra GC3-S<\/td>\n<\/tr>\n<\/tbody>\n<\/table>","protected":false},"excerpt":{"rendered":"<table id=\"product-attribute-specs-table\" class=\"data-table table\">\n<tbody>\n<tr class=\"first odd\">\n<th class=\"label\">Aper\u00e7u<\/th>\n<td class=\"data last\">Ajoutez plus d&#039;effets sp\u00e9ciaux et de couleur \u00e0 l&#039;image a\u00e9rienne \u00e9pique avec un ensemble de filtres sp\u00e9cialement con\u00e7us pour SplashDrone 4.<\/td>\n<\/tr>\n<tr class=\"first odd\">\n<th class=\"label\">Filtres ND<\/th>\n<td class=\"data last\">En r\u00e9duisant la quantit\u00e9 de lumi\u00e8re p\u00e9n\u00e9trant dans l&#039;appareil photo du SplashDrone 4, le jeu de filtres ND offre aux photographes une plus grande libert\u00e9 dans le choix de l&#039;ouverture et de la vitesse d&#039;obturation, \u00e9vitant ainsi la surexposition en plein soleil. Gr\u00e2ce \u00e0 un filtre ND, les photographes peuvent \u00e9galement allonger la vitesse d&#039;obturation et cr\u00e9er un flou de mouvement, donnant ainsi \u00e0 leurs photos un aspect plus vivant et dynamique.<br \/>\nIl existe 4 options de filtres ND (ND8\/ND16\/ND32\/ND64) pour diff\u00e9rentes conditions d&#039;\u00e9clairage.<\/td>\n<\/tr>\n<tr class=\"first odd\">\n<th class=\"label\">Filtres CPL<\/th>\n<td class=\"data last\">Le filtre CPL r\u00e9duit l&#039;\u00e9blouissement et augmente la saturation des couleurs, aidant SplashDrone 4 \u00e0 capturer des images d&#039;une clart\u00e9 cristalline.<\/td>\n<\/tr>\n<tr class=\"first odd\">\n<th class=\"label\">Filtre gradu\u00e9<\/th>\n<td class=\"data last\">Le filtre bleu d\u00e9grad\u00e9 ajoute des couleurs spectaculaires \u00e0 une moiti\u00e9 de la photo tout en laissant l&#039;autre moiti\u00e9 intacte. Il permet aux photographies de paysage de cr\u00e9er un ciel plus spectaculaire tout en pr\u00e9servant le contraste et les couleurs d&#039;origine du premier plan.<br \/>\nOptions de couleur : rouge \/ bleu \/ orange \/ gris<\/td>\n<\/tr>\n<tr class=\"first odd\">\n<th class=\"label\">Dans la bo\u00eete<\/th>\n<td class=\"data last\">Filtres pour appareil photo x 1set (9 pi\u00e8ces)<\/td>\n<\/tr>\n<tr class=\"first odd\">\n<th class=\"label\">Compatibilit\u00e9<\/th>\n<td class=\"data last\">Cam\u00e9ra GC1-S, cam\u00e9ra GC3-S<\/td>\n<\/tr>\n<\/tbody>\n<\/table>","protected":false},"featured_media":6317,"comment_status":"open","ping_status":"closed","template":"","meta":[],"product_brand":[],"product_cat":[305,29,278],"product_tag":[336,335,279],"class_list":{"0":"post-6316","1":"product","2":"type-product","3":"status-publish","4":"has-post-thumbnail","6":"product_cat-accessories-swellpro","7":"product_cat-drones","8":"product_cat-swellpro","9":"product_tag-camera-filters","10":"product_tag-splashdrone-4","11":"product_tag-swellpro","13":"first","14":"onbackorder","15":"taxable","16":"shipping-taxable","17":"product-type-simple"},"yoast_head":"<!-- This site is optimized with the Yoast SEO plugin v27.4 - https:\/\/yoast.com\/product\/yoast-seo-wordpress\/ -->\n<title>Camera filters for SplashDrone 4 -<\/title>\n<meta name=\"description\" content=\"Add more special effects and colour to the epic aerial image with a set of filters specially made for SplashDrone 4.\" \/>\n<meta name=\"robots\" content=\"index, follow, max-snippet:-1, max-image-preview:large, max-video-preview:-1\" \/>\n<link rel=\"canonical\" href=\"https:\/\/www.ghostysky.com\/fr\/product\/camera-filters-for-splashdrone-4\/\" \/>\n<meta property=\"og:locale\" content=\"fr_FR\" \/>\n<meta property=\"og:type\" content=\"article\" \/>\n<meta property=\"og:title\" content=\"Camera filters for SplashDrone 4 -\" \/>\n<meta property=\"og:description\" content=\"Add more special effects and colour to the epic aerial image with a set of filters specially made for SplashDrone 4.\" \/>\n<meta property=\"og:url\" content=\"https:\/\/www.ghostysky.com\/fr\/product\/camera-filters-for-splashdrone-4\/\" \/>\n<meta property=\"og:site_name\" content=\"Ghostysky\" \/>\n<meta property=\"article:publisher\" content=\"https:\/\/www.facebook.com\/people\/Ghostysky\/100057676170234\/\" \/>\n<meta property=\"article:modified_time\" content=\"2024-12-17T04:32:42+00:00\" \/>\n<meta property=\"og:image\" content=\"https:\/\/www.ghostysky.com\/wp-content\/uploads\/2022\/03\/SP-SD4-B205-LEN_01.jpg\" \/>\n\t<meta property=\"og:image:width\" content=\"1200\" \/>\n\t<meta property=\"og:image:height\" content=\"1200\" \/>\n\t<meta property=\"og:image:type\" content=\"image\/jpeg\" \/>\n<meta name=\"twitter:card\" content=\"summary_large_image\" \/>\n<meta name=\"twitter:site\" content=\"@Gh0stysky\" \/>\n<meta name=\"twitter:label1\" content=\"Dur\u00e9e de lecture estim\u00e9e\" \/>\n\t<meta name=\"twitter:data1\" content=\"1 minute\" \/>\n<script type=\"application\/ld+json\" class=\"yoast-schema-graph\">{\"@context\":\"https:\\\/\\\/schema.org\",\"@graph\":[{\"@type\":\"WebPage\",\"@id\":\"https:\\\/\\\/www.ghostysky.com\\\/product\\\/camera-filters-for-splashdrone-4\\\/\",\"url\":\"https:\\\/\\\/www.ghostysky.com\\\/product\\\/camera-filters-for-splashdrone-4\\\/\",\"name\":\"Camera filters for SplashDrone 4 -\",\"isPartOf\":{\"@id\":\"https:\\\/\\\/www.ghostysky.com\\\/#website\"},\"primaryImageOfPage\":{\"@id\":\"https:\\\/\\\/www.ghostysky.com\\\/product\\\/camera-filters-for-splashdrone-4\\\/#primaryimage\"},\"image\":{\"@id\":\"https:\\\/\\\/www.ghostysky.com\\\/product\\\/camera-filters-for-splashdrone-4\\\/#primaryimage\"},\"thumbnailUrl\":\"https:\\\/\\\/www.ghostysky.com\\\/wp-content\\\/uploads\\\/2022\\\/03\\\/SP-SD4-B205-LEN_01.jpg\",\"datePublished\":\"2022-03-23T17:41:16+00:00\",\"dateModified\":\"2024-12-17T04:32:42+00:00\",\"description\":\"Add more special effects and colour to the epic aerial image with a set of filters specially made for SplashDrone 4.\",\"breadcrumb\":{\"@id\":\"https:\\\/\\\/www.ghostysky.com\\\/product\\\/camera-filters-for-splashdrone-4\\\/#breadcrumb\"},\"inLanguage\":\"fr-FR\",\"potentialAction\":[{\"@type\":\"ReadAction\",\"target\":[\"https:\\\/\\\/www.ghostysky.com\\\/product\\\/camera-filters-for-splashdrone-4\\\/\"]}]},{\"@type\":\"ImageObject\",\"inLanguage\":\"fr-FR\",\"@id\":\"https:\\\/\\\/www.ghostysky.com\\\/product\\\/camera-filters-for-splashdrone-4\\\/#primaryimage\",\"url\":\"https:\\\/\\\/www.ghostysky.com\\\/wp-content\\\/uploads\\\/2022\\\/03\\\/SP-SD4-B205-LEN_01.jpg\",\"contentUrl\":\"https:\\\/\\\/www.ghostysky.com\\\/wp-content\\\/uploads\\\/2022\\\/03\\\/SP-SD4-B205-LEN_01.jpg\",\"width\":1200,\"height\":1200},{\"@type\":\"BreadcrumbList\",\"@id\":\"https:\\\/\\\/www.ghostysky.com\\\/product\\\/camera-filters-for-splashdrone-4\\\/#breadcrumb\",\"itemListElement\":[{\"@type\":\"ListItem\",\"position\":1,\"name\":\"Home\",\"item\":\"https:\\\/\\\/www.ghostysky.com\\\/\"},{\"@type\":\"ListItem\",\"position\":2,\"name\":\"Shop\",\"item\":\"https:\\\/\\\/www.ghostysky.com\\\/shop\\\/\"},{\"@type\":\"ListItem\",\"position\":3,\"name\":\"Camera filters for SplashDrone 4\"}]},{\"@type\":\"WebSite\",\"@id\":\"https:\\\/\\\/www.ghostysky.com\\\/#website\",\"url\":\"https:\\\/\\\/www.ghostysky.com\\\/\",\"name\":\"Ghostysky\",\"description\":\"Delivering professional drones and services\",\"publisher\":{\"@id\":\"https:\\\/\\\/www.ghostysky.com\\\/#organization\"},\"potentialAction\":[{\"@type\":\"SearchAction\",\"target\":{\"@type\":\"EntryPoint\",\"urlTemplate\":\"https:\\\/\\\/www.ghostysky.com\\\/?s={search_term_string}\"},\"query-input\":{\"@type\":\"PropertyValueSpecification\",\"valueRequired\":true,\"valueName\":\"search_term_string\"}}],\"inLanguage\":\"fr-FR\"},{\"@type\":\"Organization\",\"@id\":\"https:\\\/\\\/www.ghostysky.com\\\/#organization\",\"name\":\"Ghostysky\",\"url\":\"https:\\\/\\\/www.ghostysky.com\\\/\",\"logo\":{\"@type\":\"ImageObject\",\"inLanguage\":\"fr-FR\",\"@id\":\"https:\\\/\\\/www.ghostysky.com\\\/#\\\/schema\\\/logo\\\/image\\\/\",\"url\":\"https:\\\/\\\/www.ghostysky.com\\\/wp-content\\\/uploads\\\/2020\\\/06\\\/cropped-ghostyskylogo_text_white2.png\",\"contentUrl\":\"https:\\\/\\\/www.ghostysky.com\\\/wp-content\\\/uploads\\\/2020\\\/06\\\/cropped-ghostyskylogo_text_white2.png\",\"width\":169,\"height\":56,\"caption\":\"Ghostysky\"},\"image\":{\"@id\":\"https:\\\/\\\/www.ghostysky.com\\\/#\\\/schema\\\/logo\\\/image\\\/\"},\"sameAs\":[\"https:\\\/\\\/www.facebook.com\\\/people\\\/Ghostysky\\\/100057676170234\\\/\",\"https:\\\/\\\/x.com\\\/Gh0stysky\",\"https:\\\/\\\/www.linkedin.com\\\/company\\\/34739653\",\"https:\\\/\\\/www.instagram.com\\\/gh0stysky\"]}]}<\/script>\n<!-- \/ Yoast SEO plugin. -->","yoast_head_json":{"title":"Filtres de cam\u00e9ra pour SplashDrone 4 -","description":"Ajoutez plus d&#039;effets sp\u00e9ciaux et de couleur \u00e0 l&#039;image a\u00e9rienne \u00e9pique avec un ensemble de filtres sp\u00e9cialement con\u00e7us pour SplashDrone 4.","robots":{"index":"index","follow":"follow","max-snippet":"max-snippet:-1","max-image-preview":"max-image-preview:large","max-video-preview":"max-video-preview:-1"},"canonical":"https:\/\/www.ghostysky.com\/fr\/product\/camera-filters-for-splashdrone-4\/","og_locale":"fr_FR","og_type":"article","og_title":"Camera filters for SplashDrone 4 -","og_description":"Add more special effects and colour to the epic aerial image with a set of filters specially made for SplashDrone 4.","og_url":"https:\/\/www.ghostysky.com\/fr\/product\/camera-filters-for-splashdrone-4\/","og_site_name":"Ghostysky","article_publisher":"https:\/\/www.facebook.com\/people\/Ghostysky\/100057676170234\/","article_modified_time":"2024-12-17T04:32:42+00:00","og_image":[{"width":1200,"height":1200,"url":"https:\/\/www.ghostysky.com\/wp-content\/uploads\/2022\/03\/SP-SD4-B205-LEN_01.jpg","type":"image\/jpeg"}],"twitter_card":"summary_large_image","twitter_site":"@Gh0stysky","twitter_misc":{"Dur\u00e9e de lecture estim\u00e9e":"1 minute"},"schema":{"@context":"https:\/\/schema.org","@graph":[{"@type":"WebPage","@id":"https:\/\/www.ghostysky.com\/product\/camera-filters-for-splashdrone-4\/","url":"https:\/\/www.ghostysky.com\/product\/camera-filters-for-splashdrone-4\/","name":"Filtres de cam\u00e9ra pour SplashDrone 4 -","isPartOf":{"@id":"https:\/\/www.ghostysky.com\/#website"},"primaryImageOfPage":{"@id":"https:\/\/www.ghostysky.com\/product\/camera-filters-for-splashdrone-4\/#primaryimage"},"image":{"@id":"https:\/\/www.ghostysky.com\/product\/camera-filters-for-splashdrone-4\/#primaryimage"},"thumbnailUrl":"https:\/\/www.ghostysky.com\/wp-content\/uploads\/2022\/03\/SP-SD4-B205-LEN_01.jpg","datePublished":"2022-03-23T17:41:16+00:00","dateModified":"2024-12-17T04:32:42+00:00","description":"Ajoutez plus d&#039;effets sp\u00e9ciaux et de couleur \u00e0 l&#039;image a\u00e9rienne \u00e9pique avec un ensemble de filtres sp\u00e9cialement con\u00e7us pour SplashDrone 4.","breadcrumb":{"@id":"https:\/\/www.ghostysky.com\/product\/camera-filters-for-splashdrone-4\/#breadcrumb"},"inLanguage":"fr-FR","potentialAction":[{"@type":"ReadAction","target":["https:\/\/www.ghostysky.com\/product\/camera-filters-for-splashdrone-4\/"]}]},{"@type":"ImageObject","inLanguage":"fr-FR","@id":"https:\/\/www.ghostysky.com\/product\/camera-filters-for-splashdrone-4\/#primaryimage","url":"https:\/\/www.ghostysky.com\/wp-content\/uploads\/2022\/03\/SP-SD4-B205-LEN_01.jpg","contentUrl":"https:\/\/www.ghostysky.com\/wp-content\/uploads\/2022\/03\/SP-SD4-B205-LEN_01.jpg","width":1200,"height":1200},{"@type":"BreadcrumbList","@id":"https:\/\/www.ghostysky.com\/product\/camera-filters-for-splashdrone-4\/#breadcrumb","itemListElement":[{"@type":"ListItem","position":1,"name":"Home","item":"https:\/\/www.ghostysky.com\/"},{"@type":"ListItem","position":2,"name":"Shop","item":"https:\/\/www.ghostysky.com\/shop\/"},{"@type":"ListItem","position":3,"name":"Camera filters for SplashDrone 4"}]},{"@type":"WebSite","@id":"https:\/\/www.ghostysky.com\/#website","url":"https:\/\/www.ghostysky.com\/","name":"Ghostysky","description":"Livraison de drones et de services professionnels","publisher":{"@id":"https:\/\/www.ghostysky.com\/#organization"},"potentialAction":[{"@type":"SearchAction","target":{"@type":"EntryPoint","urlTemplate":"https:\/\/www.ghostysky.com\/?s={search_term_string}"},"query-input":{"@type":"PropertyValueSpecification","valueRequired":true,"valueName":"search_term_string"}}],"inLanguage":"fr-FR"},{"@type":"Organization","@id":"https:\/\/www.ghostysky.com\/#organization","name":"Ghostysky","url":"https:\/\/www.ghostysky.com\/","logo":{"@type":"ImageObject","inLanguage":"fr-FR","@id":"https:\/\/www.ghostysky.com\/#\/schema\/logo\/image\/","url":"https:\/\/www.ghostysky.com\/wp-content\/uploads\/2020\/06\/cropped-ghostyskylogo_text_white2.png","contentUrl":"https:\/\/www.ghostysky.com\/wp-content\/uploads\/2020\/06\/cropped-ghostyskylogo_text_white2.png","width":169,"height":56,"caption":"Ghostysky"},"image":{"@id":"https:\/\/www.ghostysky.com\/#\/schema\/logo\/image\/"},"sameAs":["https:\/\/www.facebook.com\/people\/Ghostysky\/100057676170234\/","https:\/\/x.com\/Gh0stysky","https:\/\/www.linkedin.com\/company\/34739653","https:\/\/www.instagram.com\/gh0stysky"]}]}},"_links":{"self":[{"href":"https:\/\/www.ghostysky.com\/fr\/wp-json\/wp\/v2\/product\/6316","targetHints":{"allow":["GET"]}}],"collection":[{"href":"https:\/\/www.ghostysky.com\/fr\/wp-json\/wp\/v2\/product"}],"about":[{"href":"https:\/\/www.ghostysky.com\/fr\/wp-json\/wp\/v2\/types\/product"}],"replies":[{"embeddable":true,"href":"https:\/\/www.ghostysky.com\/fr\/wp-json\/wp\/v2\/comments?post=6316"}],"version-history":[{"count":0,"href":"https:\/\/www.ghostysky.com\/fr\/wp-json\/wp\/v2\/product\/6316\/revisions"}],"wp:featuredmedia":[{"embeddable":true,"href":"https:\/\/www.ghostysky.com\/fr\/wp-json\/wp\/v2\/media\/6317"}],"wp:attachment":[{"href":"https:\/\/www.ghostysky.com\/fr\/wp-json\/wp\/v2\/media?parent=6316"}],"wp:term":[{"taxonomy":"product_brand","embeddable":true,"href":"https:\/\/www.ghostysky.com\/fr\/wp-json\/wp\/v2\/product_brand?post=6316"},{"taxonomy":"product_cat","embeddable":true,"href":"https:\/\/www.ghostysky.com\/fr\/wp-json\/wp\/v2\/product_cat?post=6316"},{"taxonomy":"product_tag","embeddable":true,"href":"https:\/\/www.ghostysky.com\/fr\/wp-json\/wp\/v2\/product_tag?post=6316"}],"curies":[{"name":"wp","href":"https:\/\/api.w.org\/{rel}","templated":true}]}}