{"id":6359,"date":"2022-03-23T18:55:22","date_gmt":"2022-03-23T18:55:22","guid":{"rendered":"https:\/\/www.ghostysky.com\/?post_type=product&#038;p=6359"},"modified":"2023-12-20T08:07:39","modified_gmt":"2023-12-20T08:07:39","slug":"waterproof-barometric-membrane-for-splashdrone-4","status":"publish","type":"product","link":"https:\/\/www.ghostysky.com\/fr\/product\/waterproof-barometric-membrane-for-splashdrone-4\/","title":{"rendered":"Membrane barom\u00e9trique \u00e9tanche pour Splashdrone 4"},"content":{"rendered":"<table id=\"product-attribute-specs-table\" class=\"data-table table\">\n<tbody>\n<tr class=\"first odd\">\n<th class=\"label\">Aper\u00e7u<\/th>\n<td class=\"data last\">La membrane barom\u00e9trique \u00e9tanche est la technologie phare de SwellPro. Elle laisse passer l&#039;air \u00e0 travers la chambre interne de l&#039;appareil pour assurer le bon fonctionnement du barom\u00e8tre, tout en emp\u00eachant l&#039;eau de p\u00e9n\u00e9trer, garantissant ainsi l&#039;\u00e9tanch\u00e9it\u00e9 totale du SplashDrone 4.<\/td>\n<\/tr>\n<tr class=\"first odd\">\n<th class=\"label\">Important<\/th>\n<td class=\"data last\">V\u00e9rifiez toujours la membrane barom\u00e9trique \u00e9tanche pour vous assurer qu&#039;aucun dommage n&#039;est observ\u00e9 avant le vol.<br \/>\n\u2022 Rincez soigneusement la membrane barom\u00e9trique imperm\u00e9able \u00e0 l\u2019eau douce apr\u00e8s chaque vol.<br \/>\n\u2022 Si vous faites voler constamment votre drone dans un environnement d&#039;eau sal\u00e9e (mer), il est recommand\u00e9 de changer la membrane barom\u00e9trique \u00e9tanche une fois tous les 2 mois, car les particules de sel peuvent obstruer les minuscules trous de la membrane.<\/td>\n<\/tr>\n<tr class=\"first odd\">\n<th class=\"label\">Dans la bo\u00eete<\/th>\n<td class=\"data last\">Membrane barom\u00e9trique \u00e9tanche x 1 ensemble (5 pi\u00e8ces)<\/td>\n<\/tr>\n<tr class=\"first odd\">\n<th class=\"label\">Compatibilit\u00e9<\/th>\n<td class=\"data last\">Splashdrone 4<\/td>\n<\/tr>\n<\/tbody>\n<\/table>","protected":false},"excerpt":{"rendered":"<p>Le <strong>membrane barom\u00e9trique imperm\u00e9able<\/strong> La technologie phare de SwellPro permet \u00e0 l&#039;air de circuler \u00e0 travers la chambre interne de l&#039;appareil pour assurer le bon fonctionnement du barom\u00e8tre, tout en emp\u00eachant l&#039;eau de p\u00e9n\u00e9trer, garantissant ainsi l&#039;\u00e9tanch\u00e9it\u00e9 totale du SplashDrone 4.<\/p>","protected":false},"featured_media":6360,"comment_status":"open","ping_status":"closed","template":"","meta":[],"product_brand":[],"product_cat":[305,29,278],"product_tag":[335,279,346],"class_list":{"0":"post-6359","1":"product","2":"type-product","3":"status-publish","4":"has-post-thumbnail","6":"product_cat-accessories-swellpro","7":"product_cat-drones","8":"product_cat-swellpro","9":"product_tag-splashdrone-4","10":"product_tag-swellpro","11":"product_tag-waterproof-barometric-membrane","13":"first","14":"onbackorder","15":"taxable","16":"shipping-taxable","17":"product-type-simple"},"yoast_head":"<!-- This site is optimized with the Yoast SEO plugin v27.1.1 - https:\/\/yoast.com\/product\/yoast-seo-wordpress\/ -->\n<title>Waterproof Barometric Membrane for Splashdrone 4 -<\/title>\n<meta name=\"description\" content=\"The waterproof barometric membrane is SwellPro&#039;s featured technology. It allows air to pass through the internal chamber of the aircraft to ensure the barometer&#039;s proper functioning yet keeps the water from getting in to ensure the SplashDrone 4&#039;s all waterproof design.\" \/>\n<meta name=\"robots\" content=\"index, follow, max-snippet:-1, max-image-preview:large, max-video-preview:-1\" \/>\n<link rel=\"canonical\" href=\"https:\/\/www.ghostysky.com\/fr\/product\/waterproof-barometric-membrane-for-splashdrone-4\/\" \/>\n<meta property=\"og:locale\" content=\"fr_FR\" \/>\n<meta property=\"og:type\" content=\"article\" \/>\n<meta property=\"og:title\" content=\"Waterproof Barometric Membrane for Splashdrone 4 -\" \/>\n<meta property=\"og:description\" content=\"The waterproof barometric membrane is SwellPro&#039;s featured technology. It allows air to pass through the internal chamber of the aircraft to ensure the barometer&#039;s proper functioning yet keeps the water from getting in to ensure the SplashDrone 4&#039;s all waterproof design.\" \/>\n<meta property=\"og:url\" content=\"https:\/\/www.ghostysky.com\/fr\/product\/waterproof-barometric-membrane-for-splashdrone-4\/\" \/>\n<meta property=\"og:site_name\" content=\"Ghostysky\" \/>\n<meta property=\"article:publisher\" content=\"https:\/\/www.facebook.com\/people\/Ghostysky\/100057676170234\/\" \/>\n<meta property=\"article:modified_time\" content=\"2023-12-20T08:07:39+00:00\" \/>\n<meta property=\"og:image\" content=\"https:\/\/www.ghostysky.com\/wp-content\/uploads\/2022\/03\/Splashdrone4-membrane-03_1500x.webp\" \/>\n\t<meta property=\"og:image:width\" content=\"800\" \/>\n\t<meta property=\"og:image:height\" content=\"800\" \/>\n\t<meta property=\"og:image:type\" content=\"image\/webp\" \/>\n<meta name=\"twitter:card\" content=\"summary_large_image\" \/>\n<meta name=\"twitter:site\" content=\"@Gh0stysky\" \/>\n<meta name=\"twitter:label1\" content=\"Dur\u00e9e de lecture estim\u00e9e\" \/>\n\t<meta name=\"twitter:data1\" content=\"1 minute\" \/>\n<script type=\"application\/ld+json\" class=\"yoast-schema-graph\">{\"@context\":\"https:\/\/schema.org\",\"@graph\":[{\"@type\":\"WebPage\",\"@id\":\"https:\/\/www.ghostysky.com\/product\/waterproof-barometric-membrane-for-splashdrone-4\/\",\"url\":\"https:\/\/www.ghostysky.com\/product\/waterproof-barometric-membrane-for-splashdrone-4\/\",\"name\":\"Waterproof Barometric Membrane for Splashdrone 4 -\",\"isPartOf\":{\"@id\":\"https:\/\/www.ghostysky.com\/#website\"},\"primaryImageOfPage\":{\"@id\":\"https:\/\/www.ghostysky.com\/product\/waterproof-barometric-membrane-for-splashdrone-4\/#primaryimage\"},\"image\":{\"@id\":\"https:\/\/www.ghostysky.com\/product\/waterproof-barometric-membrane-for-splashdrone-4\/#primaryimage\"},\"thumbnailUrl\":\"https:\/\/www.ghostysky.com\/wp-content\/uploads\/2022\/03\/Splashdrone4-membrane-03_1500x.webp\",\"datePublished\":\"2022-03-23T18:55:22+00:00\",\"dateModified\":\"2023-12-20T08:07:39+00:00\",\"description\":\"The waterproof barometric membrane is SwellPro's featured technology. It allows air to pass through the internal chamber of the aircraft to ensure the barometer's proper functioning yet keeps the water from getting in to ensure the SplashDrone 4's all waterproof design.\",\"breadcrumb\":{\"@id\":\"https:\/\/www.ghostysky.com\/product\/waterproof-barometric-membrane-for-splashdrone-4\/#breadcrumb\"},\"inLanguage\":\"fr-FR\",\"potentialAction\":[{\"@type\":\"ReadAction\",\"target\":[\"https:\/\/www.ghostysky.com\/product\/waterproof-barometric-membrane-for-splashdrone-4\/\"]}]},{\"@type\":\"ImageObject\",\"inLanguage\":\"fr-FR\",\"@id\":\"https:\/\/www.ghostysky.com\/product\/waterproof-barometric-membrane-for-splashdrone-4\/#primaryimage\",\"url\":\"https:\/\/www.ghostysky.com\/wp-content\/uploads\/2022\/03\/Splashdrone4-membrane-03_1500x.webp\",\"contentUrl\":\"https:\/\/www.ghostysky.com\/wp-content\/uploads\/2022\/03\/Splashdrone4-membrane-03_1500x.webp\",\"width\":800,\"height\":800},{\"@type\":\"BreadcrumbList\",\"@id\":\"https:\/\/www.ghostysky.com\/product\/waterproof-barometric-membrane-for-splashdrone-4\/#breadcrumb\",\"itemListElement\":[{\"@type\":\"ListItem\",\"position\":1,\"name\":\"Home\",\"item\":\"https:\/\/www.ghostysky.com\/\"},{\"@type\":\"ListItem\",\"position\":2,\"name\":\"Shop\",\"item\":\"https:\/\/www.ghostysky.com\/shop\/\"},{\"@type\":\"ListItem\",\"position\":3,\"name\":\"Waterproof Barometric Membrane for Splashdrone 4\"}]},{\"@type\":\"WebSite\",\"@id\":\"https:\/\/www.ghostysky.com\/#website\",\"url\":\"https:\/\/www.ghostysky.com\/\",\"name\":\"Ghostysky\",\"description\":\"Delivering professional drones and services\",\"publisher\":{\"@id\":\"https:\/\/www.ghostysky.com\/#organization\"},\"potentialAction\":[{\"@type\":\"SearchAction\",\"target\":{\"@type\":\"EntryPoint\",\"urlTemplate\":\"https:\/\/www.ghostysky.com\/?s={search_term_string}\"},\"query-input\":{\"@type\":\"PropertyValueSpecification\",\"valueRequired\":true,\"valueName\":\"search_term_string\"}}],\"inLanguage\":\"fr-FR\"},{\"@type\":\"Organization\",\"@id\":\"https:\/\/www.ghostysky.com\/#organization\",\"name\":\"Ghostysky\",\"url\":\"https:\/\/www.ghostysky.com\/\",\"logo\":{\"@type\":\"ImageObject\",\"inLanguage\":\"fr-FR\",\"@id\":\"https:\/\/www.ghostysky.com\/#\/schema\/logo\/image\/\",\"url\":\"https:\/\/www.ghostysky.com\/wp-content\/uploads\/2020\/06\/cropped-ghostyskylogo_text_white2.png\",\"contentUrl\":\"https:\/\/www.ghostysky.com\/wp-content\/uploads\/2020\/06\/cropped-ghostyskylogo_text_white2.png\",\"width\":169,\"height\":56,\"caption\":\"Ghostysky\"},\"image\":{\"@id\":\"https:\/\/www.ghostysky.com\/#\/schema\/logo\/image\/\"},\"sameAs\":[\"https:\/\/www.facebook.com\/people\/Ghostysky\/100057676170234\/\",\"https:\/\/x.com\/Gh0stysky\",\"https:\/\/www.linkedin.com\/company\/34739653\",\"https:\/\/www.instagram.com\/gh0stysky\"]}]}<\/script>\n<!-- \/ Yoast SEO plugin. -->","yoast_head_json":{"title":"Membrane barom\u00e9trique \u00e9tanche pour Splashdrone 4 -","description":"La membrane barom\u00e9trique \u00e9tanche est la technologie phare de SwellPro. Elle laisse passer l&#039;air \u00e0 travers la chambre interne de l&#039;appareil pour assurer le bon fonctionnement du barom\u00e8tre, tout en emp\u00eachant l&#039;eau de p\u00e9n\u00e9trer, garantissant ainsi l&#039;\u00e9tanch\u00e9it\u00e9 totale du SplashDrone 4.","robots":{"index":"index","follow":"follow","max-snippet":"max-snippet:-1","max-image-preview":"max-image-preview:large","max-video-preview":"max-video-preview:-1"},"canonical":"https:\/\/www.ghostysky.com\/fr\/product\/waterproof-barometric-membrane-for-splashdrone-4\/","og_locale":"fr_FR","og_type":"article","og_title":"Waterproof Barometric Membrane for Splashdrone 4 -","og_description":"The waterproof barometric membrane is SwellPro's featured technology. It allows air to pass through the internal chamber of the aircraft to ensure the barometer's proper functioning yet keeps the water from getting in to ensure the SplashDrone 4's all waterproof design.","og_url":"https:\/\/www.ghostysky.com\/fr\/product\/waterproof-barometric-membrane-for-splashdrone-4\/","og_site_name":"Ghostysky","article_publisher":"https:\/\/www.facebook.com\/people\/Ghostysky\/100057676170234\/","article_modified_time":"2023-12-20T08:07:39+00:00","og_image":[{"width":800,"height":800,"url":"https:\/\/www.ghostysky.com\/wp-content\/uploads\/2022\/03\/Splashdrone4-membrane-03_1500x.webp","type":"image\/webp"}],"twitter_card":"summary_large_image","twitter_site":"@Gh0stysky","twitter_misc":{"Dur\u00e9e de lecture estim\u00e9e":"1 minute"},"schema":{"@context":"https:\/\/schema.org","@graph":[{"@type":"WebPage","@id":"https:\/\/www.ghostysky.com\/product\/waterproof-barometric-membrane-for-splashdrone-4\/","url":"https:\/\/www.ghostysky.com\/product\/waterproof-barometric-membrane-for-splashdrone-4\/","name":"Membrane barom\u00e9trique \u00e9tanche pour Splashdrone 4 -","isPartOf":{"@id":"https:\/\/www.ghostysky.com\/#website"},"primaryImageOfPage":{"@id":"https:\/\/www.ghostysky.com\/product\/waterproof-barometric-membrane-for-splashdrone-4\/#primaryimage"},"image":{"@id":"https:\/\/www.ghostysky.com\/product\/waterproof-barometric-membrane-for-splashdrone-4\/#primaryimage"},"thumbnailUrl":"https:\/\/www.ghostysky.com\/wp-content\/uploads\/2022\/03\/Splashdrone4-membrane-03_1500x.webp","datePublished":"2022-03-23T18:55:22+00:00","dateModified":"2023-12-20T08:07:39+00:00","description":"La membrane barom\u00e9trique \u00e9tanche est la technologie phare de SwellPro. Elle laisse passer l&#039;air \u00e0 travers la chambre interne de l&#039;appareil pour assurer le bon fonctionnement du barom\u00e8tre, tout en emp\u00eachant l&#039;eau de p\u00e9n\u00e9trer, garantissant ainsi l&#039;\u00e9tanch\u00e9it\u00e9 totale du SplashDrone 4.","breadcrumb":{"@id":"https:\/\/www.ghostysky.com\/product\/waterproof-barometric-membrane-for-splashdrone-4\/#breadcrumb"},"inLanguage":"fr-FR","potentialAction":[{"@type":"ReadAction","target":["https:\/\/www.ghostysky.com\/product\/waterproof-barometric-membrane-for-splashdrone-4\/"]}]},{"@type":"ImageObject","inLanguage":"fr-FR","@id":"https:\/\/www.ghostysky.com\/product\/waterproof-barometric-membrane-for-splashdrone-4\/#primaryimage","url":"https:\/\/www.ghostysky.com\/wp-content\/uploads\/2022\/03\/Splashdrone4-membrane-03_1500x.webp","contentUrl":"https:\/\/www.ghostysky.com\/wp-content\/uploads\/2022\/03\/Splashdrone4-membrane-03_1500x.webp","width":800,"height":800},{"@type":"BreadcrumbList","@id":"https:\/\/www.ghostysky.com\/product\/waterproof-barometric-membrane-for-splashdrone-4\/#breadcrumb","itemListElement":[{"@type":"ListItem","position":1,"name":"Home","item":"https:\/\/www.ghostysky.com\/"},{"@type":"ListItem","position":2,"name":"Shop","item":"https:\/\/www.ghostysky.com\/shop\/"},{"@type":"ListItem","position":3,"name":"Waterproof Barometric Membrane for Splashdrone 4"}]},{"@type":"WebSite","@id":"https:\/\/www.ghostysky.com\/#website","url":"https:\/\/www.ghostysky.com\/","name":"Ghostysky","description":"Livraison de drones et de services professionnels","publisher":{"@id":"https:\/\/www.ghostysky.com\/#organization"},"potentialAction":[{"@type":"SearchAction","target":{"@type":"EntryPoint","urlTemplate":"https:\/\/www.ghostysky.com\/?s={search_term_string}"},"query-input":{"@type":"PropertyValueSpecification","valueRequired":true,"valueName":"search_term_string"}}],"inLanguage":"fr-FR"},{"@type":"Organization","@id":"https:\/\/www.ghostysky.com\/#organization","name":"Ghostysky","url":"https:\/\/www.ghostysky.com\/","logo":{"@type":"ImageObject","inLanguage":"fr-FR","@id":"https:\/\/www.ghostysky.com\/#\/schema\/logo\/image\/","url":"https:\/\/www.ghostysky.com\/wp-content\/uploads\/2020\/06\/cropped-ghostyskylogo_text_white2.png","contentUrl":"https:\/\/www.ghostysky.com\/wp-content\/uploads\/2020\/06\/cropped-ghostyskylogo_text_white2.png","width":169,"height":56,"caption":"Ghostysky"},"image":{"@id":"https:\/\/www.ghostysky.com\/#\/schema\/logo\/image\/"},"sameAs":["https:\/\/www.facebook.com\/people\/Ghostysky\/100057676170234\/","https:\/\/x.com\/Gh0stysky","https:\/\/www.linkedin.com\/company\/34739653","https:\/\/www.instagram.com\/gh0stysky"]}]}},"_links":{"self":[{"href":"https:\/\/www.ghostysky.com\/fr\/wp-json\/wp\/v2\/product\/6359","targetHints":{"allow":["GET"]}}],"collection":[{"href":"https:\/\/www.ghostysky.com\/fr\/wp-json\/wp\/v2\/product"}],"about":[{"href":"https:\/\/www.ghostysky.com\/fr\/wp-json\/wp\/v2\/types\/product"}],"replies":[{"embeddable":true,"href":"https:\/\/www.ghostysky.com\/fr\/wp-json\/wp\/v2\/comments?post=6359"}],"wp:featuredmedia":[{"embeddable":true,"href":"https:\/\/www.ghostysky.com\/fr\/wp-json\/wp\/v2\/media\/6360"}],"wp:attachment":[{"href":"https:\/\/www.ghostysky.com\/fr\/wp-json\/wp\/v2\/media?parent=6359"}],"wp:term":[{"taxonomy":"product_brand","embeddable":true,"href":"https:\/\/www.ghostysky.com\/fr\/wp-json\/wp\/v2\/product_brand?post=6359"},{"taxonomy":"product_cat","embeddable":true,"href":"https:\/\/www.ghostysky.com\/fr\/wp-json\/wp\/v2\/product_cat?post=6359"},{"taxonomy":"product_tag","embeddable":true,"href":"https:\/\/www.ghostysky.com\/fr\/wp-json\/wp\/v2\/product_tag?post=6359"}],"curies":[{"name":"wp","href":"https:\/\/api.w.org\/{rel}","templated":true}]}}