{"id":6432,"date":"2022-03-24T00:14:45","date_gmt":"2022-03-24T00:14:45","guid":{"rendered":"https:\/\/www.ghostysky.com\/?post_type=product&#038;p=6432"},"modified":"2024-12-26T17:51:19","modified_gmt":"2024-12-26T17:51:19","slug":"waterproof-barometric-membrane-for-fisherman-fd1","status":"publish","type":"product","link":"https:\/\/www.ghostysky.com\/fr\/product\/waterproof-barometric-membrane-for-fisherman-fd1\/","title":{"rendered":"Membrane barom\u00e9trique \u00e9tanche pour Fisherman FD1"},"content":{"rendered":"<div id=\"shopify-section-product-template\" class=\"shopify-section\">\n<div id=\"product-6631670251600\" class=\"product mzt-product\" data-allow-selecting-sold-out-variants=\"true\" data-enable-image-zoom=\"true\">\n<div class=\"page__content-wrapper page__content-wrapper--force-background\">\n<div class=\"container\">\n<div class=\"grid grid--large\">\n<div id=\"product_description\" class=\"product__description rte\">\n<div class=\"product__tabs tabs\">\n<div class=\"table-wrapper\">\n<table id=\"product-attribute-specs-table\" class=\"data-table table\">\n<tbody>\n<tr class=\"first odd\">\n<th class=\"label\">Aper\u00e7u<\/th>\n<td class=\"data last\">La membrane barom\u00e9trique \u00e9tanche est la technologie phare de SwellPro. Elle laisse passer l&#039;air \u00e0 travers la chambre interne de l&#039;appareil pour assurer le bon fonctionnement du barom\u00e8tre, tout en emp\u00eachant l&#039;eau de p\u00e9n\u00e9trer, garantissant ainsi l&#039;\u00e9tanch\u00e9it\u00e9 totale du Fisherman.<\/td>\n<\/tr>\n<tr class=\"first odd\">\n<th class=\"label\">Important<\/th>\n<td class=\"data last\">Vous devez accorder une attention particuli\u00e8re \u00e0 l\u2019utilisation correcte de la membrane barom\u00e9trique \u00e9tanche pendant votre op\u00e9ration.<br \/>\n\u2022 Rincez soigneusement la membrane barom\u00e9trique imperm\u00e9able \u00e0 l\u2019eau douce apr\u00e8s chaque vol.<br \/>\nSi l&#039;avion ne vole pas de mani\u00e8re stable en vol stationnaire ou ne vole pas normalement en mont\u00e9e ou en descente, la membrane barom\u00e9trique \u00e9tanche est peut-\u00eatre endommag\u00e9e. Veuillez retirer le couvercle sup\u00e9rieur de la membrane barom\u00e9trique et la remplacer.<\/td>\n<\/tr>\n<tr class=\"first odd\">\n<th class=\"label\">Conseil<\/th>\n<td class=\"data last\">Pour remplacer la membrane barom\u00e9trique \u00e9tanche :<br \/>\n1. Utilisez un outil pointu (comme un couteau) pour retirer l&#039;adh\u00e9sif, puis retirez le couvercle sup\u00e9rieur.<br \/>\n2. D\u00e9collez l&#039;ancienne membrane barom\u00e9trique imperm\u00e9able. Nettoyez la surface de l&#039;\u00e9vent barom\u00e9trique et assurez-vous qu&#039;il ne reste aucun r\u00e9sidu.<br \/>\n3. Retirez le papier 3M de la membrane barom\u00e9trique \u00e9tanche et appuyez fermement sur l&#039;\u00e9vent barom\u00e9trique pour assurer une \u00e9tanch\u00e9it\u00e9 parfaite.<br \/>\n4. Fixez l&#039;adh\u00e9sif sur le couvercle sup\u00e9rieur et appuyez dessus sur la membrane barom\u00e9trique \u00e9tanche.<\/td>\n<\/tr>\n<tr class=\"first odd\">\n<th class=\"label\">Dans la bo\u00eete<\/th>\n<td class=\"data last\">Membrane \u00e9tanche et adh\u00e9sif pour module GPS x 1 jeu<\/td>\n<\/tr>\n<tr class=\"first odd\">\n<th class=\"label\">Compatibilit\u00e9<\/th>\n<td class=\"data last\">P\u00eacheur FD1<\/td>\n<\/tr>\n<\/tbody>\n<\/table>\n<\/div>\n<\/div>\n<\/div>\n<\/div>\n<\/div>\n<\/div>\n<\/div>\n<div id=\"looxReviews\" class=\"loox-reviews-default\" data-product-id=\"6631670251600\"><\/div>\n<\/div>","protected":false},"excerpt":{"rendered":"<p>Le <strong>membrane barom\u00e9trique imperm\u00e9able<\/strong> La technologie phare de SwellPro permet \u00e0 l&#039;air de circuler \u00e0 travers la chambre interne de l&#039;appareil pour assurer le bon fonctionnement du barom\u00e8tre, tout en emp\u00eachant l&#039;eau de p\u00e9n\u00e9trer, garantissant ainsi l&#039;\u00e9tanch\u00e9it\u00e9 totale du Fisherman.<\/p>","protected":false},"featured_media":6433,"comment_status":"open","ping_status":"closed","template":"","meta":[],"product_brand":[],"product_cat":[305,29,278],"product_tag":[348,279,346],"class_list":{"0":"post-6432","1":"product","2":"type-product","3":"status-publish","4":"has-post-thumbnail","6":"product_cat-accessories-swellpro","7":"product_cat-drones","8":"product_cat-swellpro","9":"product_tag-fisherman-fd1","10":"product_tag-swellpro","11":"product_tag-waterproof-barometric-membrane","13":"first","14":"onbackorder","15":"taxable","16":"shipping-taxable","17":"product-type-simple"},"yoast_head":"<!-- This site is optimized with the Yoast SEO plugin v27.4 - https:\/\/yoast.com\/product\/yoast-seo-wordpress\/ -->\n<title>Waterproof Barometric Membrane for Fisherman FD1 -<\/title>\n<meta name=\"description\" content=\"The waterproof barometric membrane is SwellPro\u2019s featured technology. It allows air to pass through the internal chamber of the aircraft to ensure the barometer\u2019s proper functioning yet keeps the water from getting in to ensure the Fisherman\u2019s all waterproof design.\" \/>\n<meta name=\"robots\" content=\"index, follow, max-snippet:-1, max-image-preview:large, max-video-preview:-1\" \/>\n<link rel=\"canonical\" href=\"https:\/\/www.ghostysky.com\/fr\/product\/waterproof-barometric-membrane-for-fisherman-fd1\/\" \/>\n<meta property=\"og:locale\" content=\"fr_FR\" \/>\n<meta property=\"og:type\" content=\"article\" \/>\n<meta property=\"og:title\" content=\"Waterproof Barometric Membrane for Fisherman FD1 -\" \/>\n<meta property=\"og:description\" content=\"The waterproof barometric membrane is SwellPro\u2019s featured technology. It allows air to pass through the internal chamber of the aircraft to ensure the barometer\u2019s proper functioning yet keeps the water from getting in to ensure the Fisherman\u2019s all waterproof design.\" \/>\n<meta property=\"og:url\" content=\"https:\/\/www.ghostysky.com\/fr\/product\/waterproof-barometric-membrane-for-fisherman-fd1\/\" \/>\n<meta property=\"og:site_name\" content=\"Ghostysky\" \/>\n<meta property=\"article:publisher\" content=\"https:\/\/www.facebook.com\/people\/Ghostysky\/100057676170234\/\" \/>\n<meta property=\"article:modified_time\" content=\"2024-12-26T17:51:19+00:00\" \/>\n<meta property=\"og:image\" content=\"https:\/\/www.ghostysky.com\/wp-content\/uploads\/2022\/03\/Fisherman-membrance-01_1500x.webp\" \/>\n\t<meta property=\"og:image:width\" content=\"600\" \/>\n\t<meta property=\"og:image:height\" content=\"600\" \/>\n\t<meta property=\"og:image:type\" content=\"image\/webp\" \/>\n<meta name=\"twitter:card\" content=\"summary_large_image\" \/>\n<meta name=\"twitter:site\" content=\"@Gh0stysky\" \/>\n<meta name=\"twitter:label1\" content=\"Dur\u00e9e de lecture estim\u00e9e\" \/>\n\t<meta name=\"twitter:data1\" content=\"1 minute\" \/>\n<script type=\"application\/ld+json\" class=\"yoast-schema-graph\">{\"@context\":\"https:\\\/\\\/schema.org\",\"@graph\":[{\"@type\":\"WebPage\",\"@id\":\"https:\\\/\\\/www.ghostysky.com\\\/product\\\/waterproof-barometric-membrane-for-fisherman-fd1\\\/\",\"url\":\"https:\\\/\\\/www.ghostysky.com\\\/product\\\/waterproof-barometric-membrane-for-fisherman-fd1\\\/\",\"name\":\"Waterproof Barometric Membrane for Fisherman FD1 -\",\"isPartOf\":{\"@id\":\"https:\\\/\\\/www.ghostysky.com\\\/#website\"},\"primaryImageOfPage\":{\"@id\":\"https:\\\/\\\/www.ghostysky.com\\\/product\\\/waterproof-barometric-membrane-for-fisherman-fd1\\\/#primaryimage\"},\"image\":{\"@id\":\"https:\\\/\\\/www.ghostysky.com\\\/product\\\/waterproof-barometric-membrane-for-fisherman-fd1\\\/#primaryimage\"},\"thumbnailUrl\":\"https:\\\/\\\/www.ghostysky.com\\\/wp-content\\\/uploads\\\/2022\\\/03\\\/Fisherman-membrance-01_1500x.webp\",\"datePublished\":\"2022-03-24T00:14:45+00:00\",\"dateModified\":\"2024-12-26T17:51:19+00:00\",\"description\":\"The waterproof barometric membrane is SwellPro\u2019s featured technology. It allows air to pass through the internal chamber of the aircraft to ensure the barometer\u2019s proper functioning yet keeps the water from getting in to ensure the Fisherman\u2019s all waterproof design.\",\"breadcrumb\":{\"@id\":\"https:\\\/\\\/www.ghostysky.com\\\/product\\\/waterproof-barometric-membrane-for-fisherman-fd1\\\/#breadcrumb\"},\"inLanguage\":\"fr-FR\",\"potentialAction\":[{\"@type\":\"ReadAction\",\"target\":[\"https:\\\/\\\/www.ghostysky.com\\\/product\\\/waterproof-barometric-membrane-for-fisherman-fd1\\\/\"]}]},{\"@type\":\"ImageObject\",\"inLanguage\":\"fr-FR\",\"@id\":\"https:\\\/\\\/www.ghostysky.com\\\/product\\\/waterproof-barometric-membrane-for-fisherman-fd1\\\/#primaryimage\",\"url\":\"https:\\\/\\\/www.ghostysky.com\\\/wp-content\\\/uploads\\\/2022\\\/03\\\/Fisherman-membrance-01_1500x.webp\",\"contentUrl\":\"https:\\\/\\\/www.ghostysky.com\\\/wp-content\\\/uploads\\\/2022\\\/03\\\/Fisherman-membrance-01_1500x.webp\",\"width\":600,\"height\":600},{\"@type\":\"BreadcrumbList\",\"@id\":\"https:\\\/\\\/www.ghostysky.com\\\/product\\\/waterproof-barometric-membrane-for-fisherman-fd1\\\/#breadcrumb\",\"itemListElement\":[{\"@type\":\"ListItem\",\"position\":1,\"name\":\"Home\",\"item\":\"https:\\\/\\\/www.ghostysky.com\\\/\"},{\"@type\":\"ListItem\",\"position\":2,\"name\":\"Shop\",\"item\":\"https:\\\/\\\/www.ghostysky.com\\\/shop\\\/\"},{\"@type\":\"ListItem\",\"position\":3,\"name\":\"Waterproof Barometric Membrane for Fisherman FD1\"}]},{\"@type\":\"WebSite\",\"@id\":\"https:\\\/\\\/www.ghostysky.com\\\/#website\",\"url\":\"https:\\\/\\\/www.ghostysky.com\\\/\",\"name\":\"Ghostysky\",\"description\":\"Delivering professional drones and services\",\"publisher\":{\"@id\":\"https:\\\/\\\/www.ghostysky.com\\\/#organization\"},\"potentialAction\":[{\"@type\":\"SearchAction\",\"target\":{\"@type\":\"EntryPoint\",\"urlTemplate\":\"https:\\\/\\\/www.ghostysky.com\\\/?s={search_term_string}\"},\"query-input\":{\"@type\":\"PropertyValueSpecification\",\"valueRequired\":true,\"valueName\":\"search_term_string\"}}],\"inLanguage\":\"fr-FR\"},{\"@type\":\"Organization\",\"@id\":\"https:\\\/\\\/www.ghostysky.com\\\/#organization\",\"name\":\"Ghostysky\",\"url\":\"https:\\\/\\\/www.ghostysky.com\\\/\",\"logo\":{\"@type\":\"ImageObject\",\"inLanguage\":\"fr-FR\",\"@id\":\"https:\\\/\\\/www.ghostysky.com\\\/#\\\/schema\\\/logo\\\/image\\\/\",\"url\":\"https:\\\/\\\/www.ghostysky.com\\\/wp-content\\\/uploads\\\/2020\\\/06\\\/cropped-ghostyskylogo_text_white2.png\",\"contentUrl\":\"https:\\\/\\\/www.ghostysky.com\\\/wp-content\\\/uploads\\\/2020\\\/06\\\/cropped-ghostyskylogo_text_white2.png\",\"width\":169,\"height\":56,\"caption\":\"Ghostysky\"},\"image\":{\"@id\":\"https:\\\/\\\/www.ghostysky.com\\\/#\\\/schema\\\/logo\\\/image\\\/\"},\"sameAs\":[\"https:\\\/\\\/www.facebook.com\\\/people\\\/Ghostysky\\\/100057676170234\\\/\",\"https:\\\/\\\/x.com\\\/Gh0stysky\",\"https:\\\/\\\/www.linkedin.com\\\/company\\\/34739653\",\"https:\\\/\\\/www.instagram.com\\\/gh0stysky\"]}]}<\/script>\n<!-- \/ Yoast SEO plugin. -->","yoast_head_json":{"title":"Membrane barom\u00e9trique \u00e9tanche pour Fisherman FD1 -","description":"La membrane barom\u00e9trique \u00e9tanche est la technologie phare de SwellPro. Elle laisse passer l&#039;air \u00e0 travers la chambre interne de l&#039;appareil pour assurer le bon fonctionnement du barom\u00e8tre, tout en emp\u00eachant l&#039;eau de p\u00e9n\u00e9trer, garantissant ainsi l&#039;\u00e9tanch\u00e9it\u00e9 totale du Fisherman.","robots":{"index":"index","follow":"follow","max-snippet":"max-snippet:-1","max-image-preview":"max-image-preview:large","max-video-preview":"max-video-preview:-1"},"canonical":"https:\/\/www.ghostysky.com\/fr\/product\/waterproof-barometric-membrane-for-fisherman-fd1\/","og_locale":"fr_FR","og_type":"article","og_title":"Waterproof Barometric Membrane for Fisherman FD1 -","og_description":"The waterproof barometric membrane is SwellPro\u2019s featured technology. It allows air to pass through the internal chamber of the aircraft to ensure the barometer\u2019s proper functioning yet keeps the water from getting in to ensure the Fisherman\u2019s all waterproof design.","og_url":"https:\/\/www.ghostysky.com\/fr\/product\/waterproof-barometric-membrane-for-fisherman-fd1\/","og_site_name":"Ghostysky","article_publisher":"https:\/\/www.facebook.com\/people\/Ghostysky\/100057676170234\/","article_modified_time":"2024-12-26T17:51:19+00:00","og_image":[{"width":600,"height":600,"url":"https:\/\/www.ghostysky.com\/wp-content\/uploads\/2022\/03\/Fisherman-membrance-01_1500x.webp","type":"image\/webp"}],"twitter_card":"summary_large_image","twitter_site":"@Gh0stysky","twitter_misc":{"Dur\u00e9e de lecture estim\u00e9e":"1 minute"},"schema":{"@context":"https:\/\/schema.org","@graph":[{"@type":"WebPage","@id":"https:\/\/www.ghostysky.com\/product\/waterproof-barometric-membrane-for-fisherman-fd1\/","url":"https:\/\/www.ghostysky.com\/product\/waterproof-barometric-membrane-for-fisherman-fd1\/","name":"Membrane barom\u00e9trique \u00e9tanche pour Fisherman FD1 -","isPartOf":{"@id":"https:\/\/www.ghostysky.com\/#website"},"primaryImageOfPage":{"@id":"https:\/\/www.ghostysky.com\/product\/waterproof-barometric-membrane-for-fisherman-fd1\/#primaryimage"},"image":{"@id":"https:\/\/www.ghostysky.com\/product\/waterproof-barometric-membrane-for-fisherman-fd1\/#primaryimage"},"thumbnailUrl":"https:\/\/www.ghostysky.com\/wp-content\/uploads\/2022\/03\/Fisherman-membrance-01_1500x.webp","datePublished":"2022-03-24T00:14:45+00:00","dateModified":"2024-12-26T17:51:19+00:00","description":"La membrane barom\u00e9trique \u00e9tanche est la technologie phare de SwellPro. Elle laisse passer l&#039;air \u00e0 travers la chambre interne de l&#039;appareil pour assurer le bon fonctionnement du barom\u00e8tre, tout en emp\u00eachant l&#039;eau de p\u00e9n\u00e9trer, garantissant ainsi l&#039;\u00e9tanch\u00e9it\u00e9 totale du Fisherman.","breadcrumb":{"@id":"https:\/\/www.ghostysky.com\/product\/waterproof-barometric-membrane-for-fisherman-fd1\/#breadcrumb"},"inLanguage":"fr-FR","potentialAction":[{"@type":"ReadAction","target":["https:\/\/www.ghostysky.com\/product\/waterproof-barometric-membrane-for-fisherman-fd1\/"]}]},{"@type":"ImageObject","inLanguage":"fr-FR","@id":"https:\/\/www.ghostysky.com\/product\/waterproof-barometric-membrane-for-fisherman-fd1\/#primaryimage","url":"https:\/\/www.ghostysky.com\/wp-content\/uploads\/2022\/03\/Fisherman-membrance-01_1500x.webp","contentUrl":"https:\/\/www.ghostysky.com\/wp-content\/uploads\/2022\/03\/Fisherman-membrance-01_1500x.webp","width":600,"height":600},{"@type":"BreadcrumbList","@id":"https:\/\/www.ghostysky.com\/product\/waterproof-barometric-membrane-for-fisherman-fd1\/#breadcrumb","itemListElement":[{"@type":"ListItem","position":1,"name":"Home","item":"https:\/\/www.ghostysky.com\/"},{"@type":"ListItem","position":2,"name":"Shop","item":"https:\/\/www.ghostysky.com\/shop\/"},{"@type":"ListItem","position":3,"name":"Waterproof Barometric Membrane for Fisherman FD1"}]},{"@type":"WebSite","@id":"https:\/\/www.ghostysky.com\/#website","url":"https:\/\/www.ghostysky.com\/","name":"Ghostysky","description":"Livraison de drones et de services professionnels","publisher":{"@id":"https:\/\/www.ghostysky.com\/#organization"},"potentialAction":[{"@type":"SearchAction","target":{"@type":"EntryPoint","urlTemplate":"https:\/\/www.ghostysky.com\/?s={search_term_string}"},"query-input":{"@type":"PropertyValueSpecification","valueRequired":true,"valueName":"search_term_string"}}],"inLanguage":"fr-FR"},{"@type":"Organization","@id":"https:\/\/www.ghostysky.com\/#organization","name":"Ghostysky","url":"https:\/\/www.ghostysky.com\/","logo":{"@type":"ImageObject","inLanguage":"fr-FR","@id":"https:\/\/www.ghostysky.com\/#\/schema\/logo\/image\/","url":"https:\/\/www.ghostysky.com\/wp-content\/uploads\/2020\/06\/cropped-ghostyskylogo_text_white2.png","contentUrl":"https:\/\/www.ghostysky.com\/wp-content\/uploads\/2020\/06\/cropped-ghostyskylogo_text_white2.png","width":169,"height":56,"caption":"Ghostysky"},"image":{"@id":"https:\/\/www.ghostysky.com\/#\/schema\/logo\/image\/"},"sameAs":["https:\/\/www.facebook.com\/people\/Ghostysky\/100057676170234\/","https:\/\/x.com\/Gh0stysky","https:\/\/www.linkedin.com\/company\/34739653","https:\/\/www.instagram.com\/gh0stysky"]}]}},"_links":{"self":[{"href":"https:\/\/www.ghostysky.com\/fr\/wp-json\/wp\/v2\/product\/6432","targetHints":{"allow":["GET"]}}],"collection":[{"href":"https:\/\/www.ghostysky.com\/fr\/wp-json\/wp\/v2\/product"}],"about":[{"href":"https:\/\/www.ghostysky.com\/fr\/wp-json\/wp\/v2\/types\/product"}],"replies":[{"embeddable":true,"href":"https:\/\/www.ghostysky.com\/fr\/wp-json\/wp\/v2\/comments?post=6432"}],"version-history":[{"count":0,"href":"https:\/\/www.ghostysky.com\/fr\/wp-json\/wp\/v2\/product\/6432\/revisions"}],"wp:featuredmedia":[{"embeddable":true,"href":"https:\/\/www.ghostysky.com\/fr\/wp-json\/wp\/v2\/media\/6433"}],"wp:attachment":[{"href":"https:\/\/www.ghostysky.com\/fr\/wp-json\/wp\/v2\/media?parent=6432"}],"wp:term":[{"taxonomy":"product_brand","embeddable":true,"href":"https:\/\/www.ghostysky.com\/fr\/wp-json\/wp\/v2\/product_brand?post=6432"},{"taxonomy":"product_cat","embeddable":true,"href":"https:\/\/www.ghostysky.com\/fr\/wp-json\/wp\/v2\/product_cat?post=6432"},{"taxonomy":"product_tag","embeddable":true,"href":"https:\/\/www.ghostysky.com\/fr\/wp-json\/wp\/v2\/product_tag?post=6432"}],"curies":[{"name":"wp","href":"https:\/\/api.w.org\/{rel}","templated":true}]}}