{"id":6445,"date":"2022-03-24T00:40:06","date_gmt":"2022-03-24T00:40:06","guid":{"rendered":"https:\/\/www.ghostysky.com\/?post_type=product&#038;p=6445"},"modified":"2023-04-03T18:46:49","modified_gmt":"2023-04-03T18:46:49","slug":"swellpro-spry-spry-waterproof-remote-controller","status":"publish","type":"product","link":"https:\/\/www.ghostysky.com\/fr\/product\/swellpro-spry-spry-waterproof-remote-controller\/","title":{"rendered":"T\u00e9l\u00e9commande \u00e9tanche SwellPro\u00ae Spry\/Spry+"},"content":{"rendered":"<table id=\"product-attribute-specs-table\" class=\"data-table table\">\n<tbody>\n<tr class=\"first odd\">\n<th class=\"label\">Aper\u00e7u<\/th>\n<td class=\"data last\">D\u00e9tendez-vous et profitez d&#039;une libert\u00e9 totale pendant vos tournages\u00a0: votre t\u00e9l\u00e9commande Spry r\u00e9siste \u00e0 la pluie, aux embruns et m\u00eame \u00e0 un plongeon dans l&#039;eau. Les joysticks, l&#039;\u00e9cran int\u00e9gr\u00e9 et tous les interrupteurs sont prot\u00e9g\u00e9s contre les projections d&#039;eau, tout en fonctionnant avec fluidit\u00e9 et pr\u00e9cision.<\/td>\n<\/tr>\n<tr class=\"first odd\">\n<th class=\"label\">Conseils<\/th>\n<td class=\"data last\">Pour le service apr\u00e8s-vente, veuillez contacter : info@ghostysky.com<\/td>\n<\/tr>\n<tr class=\"first odd\">\n<th class=\"label\">Dans la bo\u00eete<\/th>\n<td class=\"data last\">T\u00e9l\u00e9commande \u00d7 1<\/td>\n<\/tr>\n<tr class=\"first odd\">\n<th class=\"label\">Caract\u00e9ristiques<\/th>\n<td class=\"data last\">Niveau d&#039;\u00e9tanch\u00e9it\u00e9 : IP67 (flotte sur l&#039;eau)<br \/>\nPoids : 560 g (batterie incluse)<br \/>\nBande de fr\u00e9quences : 2405 ~ 2475HM<br \/>\nNombre de canaux : 8 canaux<br \/>\nPort\u00e9e de contr\u00f4le : 0,8 km<br \/>\nSensibilit\u00e9 du r\u00e9cepteur (1%PER) : -105 dbm<br \/>\nCourant de travail : 120 mA<br \/>\nCapacit\u00e9 de la batterie : LiPo 2S 2000 mAh int\u00e9gr\u00e9e<br \/>\nHeures de travail : 2 heures<br \/>\nTemps de charge : 90 minutes<\/td>\n<\/tr>\n<tr class=\"first odd\">\n<th class=\"label\">Compatibilit\u00e9<\/th>\n<td class=\"data last\">Spry\/Spry+<\/td>\n<\/tr>\n<\/tbody>\n<\/table>","protected":false},"excerpt":{"rendered":"<p>T\u00e9l\u00e9commande pour le <strong>Drone Spry et Spry+<\/strong>, est compl\u00e8tement \u00e9tanche.<\/p>\n<p class=\"translation-block\">Sp\u00e9cialement con\u00e7u pour <strong>le mode Acro<\/strong> , la manette des gaz en mode Carri\u00e8re offre un contr\u00f4le pr\u00e9cis du pilote et une exp\u00e9rience vid\u00e9o ou de tournage plus captivante. Il permet de piloter le drone Spry\/Spry+ \u00e0 une distance et une hauteur pr\u00e9d\u00e9finies, avec retour \u00e0 la position de la t\u00e9l\u00e9commande.<\/p>\n<p>Avec le firmware avanc\u00e9 du mode ACRO charg\u00e9 sur le Spry+, la t\u00e9l\u00e9commande Acro am\u00e9liore consid\u00e9rablement l&#039;exp\u00e9rience de contr\u00f4le pour une sensation plus directe.<\/p>","protected":false},"featured_media":6446,"comment_status":"open","ping_status":"closed","template":"","meta":[],"product_brand":[],"product_cat":[305,29,278],"product_tag":[321,279,355],"class_list":{"0":"post-6445","1":"product","2":"type-product","3":"status-publish","4":"has-post-thumbnail","6":"product_cat-accessories-swellpro","7":"product_cat-drones","8":"product_cat-swellpro","9":"product_tag-spry","10":"product_tag-swellpro","11":"product_tag-waterproof-remote-controller","13":"first","14":"onbackorder","15":"taxable","16":"shipping-taxable","17":"product-type-simple"},"yoast_head":"<!-- This site is optimized with the Yoast SEO plugin v27.4 - https:\/\/yoast.com\/product\/yoast-seo-wordpress\/ -->\n<title>SwellPro\u00ae Spry\/Spry+ Waterproof Remote Controller -<\/title>\n<meta name=\"description\" content=\"Remote control for the Spry and Spry+ Drone, is completely waterproof.Specially designed for Acro-Mode, throttle in career mode for precise pilot control, for a more exciting video or filming experience.\" \/>\n<meta name=\"robots\" content=\"index, follow, max-snippet:-1, max-image-preview:large, max-video-preview:-1\" \/>\n<link rel=\"canonical\" href=\"https:\/\/www.ghostysky.com\/fr\/product\/swellpro-spry-spry-waterproof-remote-controller\/\" \/>\n<meta property=\"og:locale\" content=\"fr_FR\" \/>\n<meta property=\"og:type\" content=\"article\" \/>\n<meta property=\"og:title\" content=\"SwellPro\u00ae Spry\/Spry+ Waterproof Remote Controller -\" \/>\n<meta property=\"og:description\" content=\"Remote control for the Spry and Spry+ Drone, is completely waterproof.Specially designed for Acro-Mode, throttle in career mode for precise pilot control, for a more exciting video or filming experience.\" \/>\n<meta property=\"og:url\" content=\"https:\/\/www.ghostysky.com\/fr\/product\/swellpro-spry-spry-waterproof-remote-controller\/\" \/>\n<meta property=\"og:site_name\" content=\"Ghostysky\" \/>\n<meta property=\"article:publisher\" content=\"https:\/\/www.facebook.com\/people\/Ghostysky\/100057676170234\/\" \/>\n<meta property=\"article:modified_time\" content=\"2023-04-03T18:46:49+00:00\" \/>\n<meta property=\"og:image\" content=\"https:\/\/www.ghostysky.com\/wp-content\/uploads\/2022\/03\/swellprowaterproofremote_1500x.webp\" \/>\n\t<meta property=\"og:image:width\" content=\"600\" \/>\n\t<meta property=\"og:image:height\" content=\"600\" \/>\n\t<meta property=\"og:image:type\" content=\"image\/webp\" \/>\n<meta name=\"twitter:card\" content=\"summary_large_image\" \/>\n<meta name=\"twitter:site\" content=\"@Gh0stysky\" \/>\n<meta name=\"twitter:label1\" content=\"Dur\u00e9e de lecture estim\u00e9e\" \/>\n\t<meta name=\"twitter:data1\" content=\"1 minute\" \/>\n<script type=\"application\/ld+json\" class=\"yoast-schema-graph\">{\"@context\":\"https:\\\/\\\/schema.org\",\"@graph\":[{\"@type\":\"WebPage\",\"@id\":\"https:\\\/\\\/www.ghostysky.com\\\/product\\\/swellpro-spry-spry-waterproof-remote-controller\\\/\",\"url\":\"https:\\\/\\\/www.ghostysky.com\\\/product\\\/swellpro-spry-spry-waterproof-remote-controller\\\/\",\"name\":\"SwellPro\u00ae Spry\\\/Spry+ Waterproof Remote Controller -\",\"isPartOf\":{\"@id\":\"https:\\\/\\\/www.ghostysky.com\\\/#website\"},\"primaryImageOfPage\":{\"@id\":\"https:\\\/\\\/www.ghostysky.com\\\/product\\\/swellpro-spry-spry-waterproof-remote-controller\\\/#primaryimage\"},\"image\":{\"@id\":\"https:\\\/\\\/www.ghostysky.com\\\/product\\\/swellpro-spry-spry-waterproof-remote-controller\\\/#primaryimage\"},\"thumbnailUrl\":\"https:\\\/\\\/www.ghostysky.com\\\/wp-content\\\/uploads\\\/2022\\\/03\\\/swellprowaterproofremote_1500x.webp\",\"datePublished\":\"2022-03-24T00:40:06+00:00\",\"dateModified\":\"2023-04-03T18:46:49+00:00\",\"description\":\"Remote control for the Spry and Spry+ Drone, is completely waterproof.Specially designed for Acro-Mode, throttle in career mode for precise pilot control, for a more exciting video or filming experience.\",\"breadcrumb\":{\"@id\":\"https:\\\/\\\/www.ghostysky.com\\\/product\\\/swellpro-spry-spry-waterproof-remote-controller\\\/#breadcrumb\"},\"inLanguage\":\"fr-FR\",\"potentialAction\":[{\"@type\":\"ReadAction\",\"target\":[\"https:\\\/\\\/www.ghostysky.com\\\/product\\\/swellpro-spry-spry-waterproof-remote-controller\\\/\"]}]},{\"@type\":\"ImageObject\",\"inLanguage\":\"fr-FR\",\"@id\":\"https:\\\/\\\/www.ghostysky.com\\\/product\\\/swellpro-spry-spry-waterproof-remote-controller\\\/#primaryimage\",\"url\":\"https:\\\/\\\/www.ghostysky.com\\\/wp-content\\\/uploads\\\/2022\\\/03\\\/swellprowaterproofremote_1500x.webp\",\"contentUrl\":\"https:\\\/\\\/www.ghostysky.com\\\/wp-content\\\/uploads\\\/2022\\\/03\\\/swellprowaterproofremote_1500x.webp\",\"width\":600,\"height\":600},{\"@type\":\"BreadcrumbList\",\"@id\":\"https:\\\/\\\/www.ghostysky.com\\\/product\\\/swellpro-spry-spry-waterproof-remote-controller\\\/#breadcrumb\",\"itemListElement\":[{\"@type\":\"ListItem\",\"position\":1,\"name\":\"Home\",\"item\":\"https:\\\/\\\/www.ghostysky.com\\\/\"},{\"@type\":\"ListItem\",\"position\":2,\"name\":\"Shop\",\"item\":\"https:\\\/\\\/www.ghostysky.com\\\/shop\\\/\"},{\"@type\":\"ListItem\",\"position\":3,\"name\":\"SwellPro\u00ae Spry\\\/Spry+ Waterproof Remote Controller\"}]},{\"@type\":\"WebSite\",\"@id\":\"https:\\\/\\\/www.ghostysky.com\\\/#website\",\"url\":\"https:\\\/\\\/www.ghostysky.com\\\/\",\"name\":\"Ghostysky\",\"description\":\"Delivering professional drones and robotics solutions\",\"publisher\":{\"@id\":\"https:\\\/\\\/www.ghostysky.com\\\/#organization\"},\"potentialAction\":[{\"@type\":\"SearchAction\",\"target\":{\"@type\":\"EntryPoint\",\"urlTemplate\":\"https:\\\/\\\/www.ghostysky.com\\\/?s={search_term_string}\"},\"query-input\":{\"@type\":\"PropertyValueSpecification\",\"valueRequired\":true,\"valueName\":\"search_term_string\"}}],\"inLanguage\":\"fr-FR\"},{\"@type\":\"Organization\",\"@id\":\"https:\\\/\\\/www.ghostysky.com\\\/#organization\",\"name\":\"Ghostysky\",\"url\":\"https:\\\/\\\/www.ghostysky.com\\\/\",\"logo\":{\"@type\":\"ImageObject\",\"inLanguage\":\"fr-FR\",\"@id\":\"https:\\\/\\\/www.ghostysky.com\\\/#\\\/schema\\\/logo\\\/image\\\/\",\"url\":\"https:\\\/\\\/www.ghostysky.com\\\/wp-content\\\/uploads\\\/2020\\\/06\\\/cropped-ghostyskylogo_text_white2.png\",\"contentUrl\":\"https:\\\/\\\/www.ghostysky.com\\\/wp-content\\\/uploads\\\/2020\\\/06\\\/cropped-ghostyskylogo_text_white2.png\",\"width\":169,\"height\":56,\"caption\":\"Ghostysky\"},\"image\":{\"@id\":\"https:\\\/\\\/www.ghostysky.com\\\/#\\\/schema\\\/logo\\\/image\\\/\"},\"sameAs\":[\"https:\\\/\\\/www.facebook.com\\\/people\\\/Ghostysky\\\/100057676170234\\\/\",\"https:\\\/\\\/x.com\\\/Gh0stysky\",\"https:\\\/\\\/www.linkedin.com\\\/company\\\/34739653\",\"https:\\\/\\\/www.instagram.com\\\/gh0stysky\"]}]}<\/script>\n<!-- \/ Yoast SEO plugin. -->","yoast_head_json":{"title":"T\u00e9l\u00e9commande \u00e9tanche SwellPro\u00ae Spry\/Spry+ -","description":"T\u00e9l\u00e9commande pour le drone Spry et Spry+, enti\u00e8rement \u00e9tanche. Sp\u00e9cialement con\u00e7ue pour le mode Acro, manette des gaz en mode carri\u00e8re pour un contr\u00f4le pr\u00e9cis du pilote, pour une exp\u00e9rience vid\u00e9o ou de tournage plus excitante.","robots":{"index":"index","follow":"follow","max-snippet":"max-snippet:-1","max-image-preview":"max-image-preview:large","max-video-preview":"max-video-preview:-1"},"canonical":"https:\/\/www.ghostysky.com\/fr\/product\/swellpro-spry-spry-waterproof-remote-controller\/","og_locale":"fr_FR","og_type":"article","og_title":"SwellPro\u00ae Spry\/Spry+ Waterproof Remote Controller -","og_description":"Remote control for the Spry and Spry+ Drone, is completely waterproof.Specially designed for Acro-Mode, throttle in career mode for precise pilot control, for a more exciting video or filming experience.","og_url":"https:\/\/www.ghostysky.com\/fr\/product\/swellpro-spry-spry-waterproof-remote-controller\/","og_site_name":"Ghostysky","article_publisher":"https:\/\/www.facebook.com\/people\/Ghostysky\/100057676170234\/","article_modified_time":"2023-04-03T18:46:49+00:00","og_image":[{"width":600,"height":600,"url":"https:\/\/www.ghostysky.com\/wp-content\/uploads\/2022\/03\/swellprowaterproofremote_1500x.webp","type":"image\/webp"}],"twitter_card":"summary_large_image","twitter_site":"@Gh0stysky","twitter_misc":{"Dur\u00e9e de lecture estim\u00e9e":"1 minute"},"schema":{"@context":"https:\/\/schema.org","@graph":[{"@type":"WebPage","@id":"https:\/\/www.ghostysky.com\/product\/swellpro-spry-spry-waterproof-remote-controller\/","url":"https:\/\/www.ghostysky.com\/product\/swellpro-spry-spry-waterproof-remote-controller\/","name":"T\u00e9l\u00e9commande \u00e9tanche SwellPro\u00ae Spry\/Spry+ -","isPartOf":{"@id":"https:\/\/www.ghostysky.com\/#website"},"primaryImageOfPage":{"@id":"https:\/\/www.ghostysky.com\/product\/swellpro-spry-spry-waterproof-remote-controller\/#primaryimage"},"image":{"@id":"https:\/\/www.ghostysky.com\/product\/swellpro-spry-spry-waterproof-remote-controller\/#primaryimage"},"thumbnailUrl":"https:\/\/www.ghostysky.com\/wp-content\/uploads\/2022\/03\/swellprowaterproofremote_1500x.webp","datePublished":"2022-03-24T00:40:06+00:00","dateModified":"2023-04-03T18:46:49+00:00","description":"T\u00e9l\u00e9commande pour le drone Spry et Spry+, enti\u00e8rement \u00e9tanche. Sp\u00e9cialement con\u00e7ue pour le mode Acro, manette des gaz en mode carri\u00e8re pour un contr\u00f4le pr\u00e9cis du pilote, pour une exp\u00e9rience vid\u00e9o ou de tournage plus excitante.","breadcrumb":{"@id":"https:\/\/www.ghostysky.com\/product\/swellpro-spry-spry-waterproof-remote-controller\/#breadcrumb"},"inLanguage":"fr-FR","potentialAction":[{"@type":"ReadAction","target":["https:\/\/www.ghostysky.com\/product\/swellpro-spry-spry-waterproof-remote-controller\/"]}]},{"@type":"ImageObject","inLanguage":"fr-FR","@id":"https:\/\/www.ghostysky.com\/product\/swellpro-spry-spry-waterproof-remote-controller\/#primaryimage","url":"https:\/\/www.ghostysky.com\/wp-content\/uploads\/2022\/03\/swellprowaterproofremote_1500x.webp","contentUrl":"https:\/\/www.ghostysky.com\/wp-content\/uploads\/2022\/03\/swellprowaterproofremote_1500x.webp","width":600,"height":600},{"@type":"BreadcrumbList","@id":"https:\/\/www.ghostysky.com\/product\/swellpro-spry-spry-waterproof-remote-controller\/#breadcrumb","itemListElement":[{"@type":"ListItem","position":1,"name":"Home","item":"https:\/\/www.ghostysky.com\/"},{"@type":"ListItem","position":2,"name":"Shop","item":"https:\/\/www.ghostysky.com\/shop\/"},{"@type":"ListItem","position":3,"name":"SwellPro\u00ae Spry\/Spry+ Waterproof Remote Controller"}]},{"@type":"WebSite","@id":"https:\/\/www.ghostysky.com\/#website","url":"https:\/\/www.ghostysky.com\/","name":"Ghostysky","description":"Fourniture de solutions professionnelles en mati\u00e8re de drones et de robotique","publisher":{"@id":"https:\/\/www.ghostysky.com\/#organization"},"potentialAction":[{"@type":"SearchAction","target":{"@type":"EntryPoint","urlTemplate":"https:\/\/www.ghostysky.com\/?s={search_term_string}"},"query-input":{"@type":"PropertyValueSpecification","valueRequired":true,"valueName":"search_term_string"}}],"inLanguage":"fr-FR"},{"@type":"Organization","@id":"https:\/\/www.ghostysky.com\/#organization","name":"Ghostysky","url":"https:\/\/www.ghostysky.com\/","logo":{"@type":"ImageObject","inLanguage":"fr-FR","@id":"https:\/\/www.ghostysky.com\/#\/schema\/logo\/image\/","url":"https:\/\/www.ghostysky.com\/wp-content\/uploads\/2020\/06\/cropped-ghostyskylogo_text_white2.png","contentUrl":"https:\/\/www.ghostysky.com\/wp-content\/uploads\/2020\/06\/cropped-ghostyskylogo_text_white2.png","width":169,"height":56,"caption":"Ghostysky"},"image":{"@id":"https:\/\/www.ghostysky.com\/#\/schema\/logo\/image\/"},"sameAs":["https:\/\/www.facebook.com\/people\/Ghostysky\/100057676170234\/","https:\/\/x.com\/Gh0stysky","https:\/\/www.linkedin.com\/company\/34739653","https:\/\/www.instagram.com\/gh0stysky"]}]}},"_links":{"self":[{"href":"https:\/\/www.ghostysky.com\/fr\/wp-json\/wp\/v2\/product\/6445","targetHints":{"allow":["GET"]}}],"collection":[{"href":"https:\/\/www.ghostysky.com\/fr\/wp-json\/wp\/v2\/product"}],"about":[{"href":"https:\/\/www.ghostysky.com\/fr\/wp-json\/wp\/v2\/types\/product"}],"replies":[{"embeddable":true,"href":"https:\/\/www.ghostysky.com\/fr\/wp-json\/wp\/v2\/comments?post=6445"}],"version-history":[{"count":0,"href":"https:\/\/www.ghostysky.com\/fr\/wp-json\/wp\/v2\/product\/6445\/revisions"}],"wp:featuredmedia":[{"embeddable":true,"href":"https:\/\/www.ghostysky.com\/fr\/wp-json\/wp\/v2\/media\/6446"}],"wp:attachment":[{"href":"https:\/\/www.ghostysky.com\/fr\/wp-json\/wp\/v2\/media?parent=6445"}],"wp:term":[{"taxonomy":"product_brand","embeddable":true,"href":"https:\/\/www.ghostysky.com\/fr\/wp-json\/wp\/v2\/product_brand?post=6445"},{"taxonomy":"product_cat","embeddable":true,"href":"https:\/\/www.ghostysky.com\/fr\/wp-json\/wp\/v2\/product_cat?post=6445"},{"taxonomy":"product_tag","embeddable":true,"href":"https:\/\/www.ghostysky.com\/fr\/wp-json\/wp\/v2\/product_tag?post=6445"}],"curies":[{"name":"wp","href":"https:\/\/api.w.org\/{rel}","templated":true}]}}