{"id":6475,"date":"2022-03-24T01:19:05","date_gmt":"2022-03-24T01:19:05","guid":{"rendered":"https:\/\/www.ghostysky.com\/?post_type=product&#038;p=6475"},"modified":"2024-10-31T21:40:13","modified_gmt":"2024-10-31T21:40:13","slug":"swellpro-dronar-01-fish-finder","status":"publish","type":"product","link":"https:\/\/www.ghostysky.com\/fr\/product\/swellpro-dronar-01-fish-finder\/","title":{"rendered":"Swellpro Dronar 01 (d\u00e9tecteur de poissons)"},"content":{"rendered":"<table>\n<tbody>\n<tr>\n<td>Dronar 01 (D\u00e9tecteur de poissons)<\/td>\n<td><\/td>\n<\/tr>\n<tr>\n<td>Plage de profondeur maximale :<\/td>\n<td>120 pieds (40 m)<\/td>\n<\/tr>\n<tr>\n<td>Plage de profondeur minimale :<\/td>\n<td>2 pieds (0,6 m)<\/td>\n<\/tr>\n<tr>\n<td>Fr\u00e9quence du sonar :<\/td>\n<td>Faisceau unique de 125 kHz<\/td>\n<\/tr>\n<tr>\n<td>Angle du c\u00f4ne :<\/td>\n<td>30\u00b0<\/td>\n<\/tr>\n<tr>\n<td>Alarmes sonores :<\/td>\n<td>Poisson, profondeur, batterie faible<\/td>\n<\/tr>\n<tr>\n<td>Temp\u00e9rature de fonctionnement :<\/td>\n<td>-20\u2103- 80\u2103<\/td>\n<\/tr>\n<tr>\n<td>Distance de transmission :<\/td>\n<td>10 m avec un t\u00e9l\u00e9phone ; 3 km avec un drone<\/td>\n<\/tr>\n<tr>\n<td>Interface:<\/td>\n<td>Application Dronar<\/td>\n<\/tr>\n<tr>\n<td>Batterie:<\/td>\n<td>3600 mAh, 11,1 V\u00a0; 39,96 Wh<\/td>\n<\/tr>\n<tr>\n<td>Connexion:<\/td>\n<td>Wi-Fi 5 GHz<\/td>\n<\/tr>\n<\/tbody>\n<\/table>","protected":false},"excerpt":{"rendered":"<p class=\"translation-block\">Le premier et le seul d\u00e9tecteur de poissons sonar sans fil qui envoie instantan\u00e9ment des images sonar \u00e0 son application mobile compagnon via le pont de signal du <a href=\"https:\/\/swellpro-uk.co.uk\/collections\/drones\/products\/splashdrone4\" target=\"_blank\" rel=\"noopener noreferrer\">Splashdrone 4<\/a> .<\/p>\n<p class=\"translation-block\">Installez-vous confortablement au bord de l&#039;eau et laissez le <strong>d\u00e9tecteur de poissons vous fournir des images d\u00e9taill\u00e9es des poissons<\/strong> et des donn\u00e9es sur les fonds marins. Il s&#039;allume automatiquement d\u00e8s qu&#039;il touche l&#039;eau.<\/p>","protected":false},"featured_media":6476,"comment_status":"open","ping_status":"closed","template":"","meta":[],"product_brand":[],"product_cat":[305,29,278],"product_tag":[362,363,310,279],"class_list":{"0":"post-6475","1":"product","2":"type-product","3":"status-publish","4":"has-post-thumbnail","6":"product_cat-accessories-swellpro","7":"product_cat-drones","8":"product_cat-swellpro","9":"product_tag-dronar","10":"product_tag-fish-finder","11":"product_tag-sd4","12":"product_tag-swellpro","14":"first","15":"instock","16":"taxable","17":"shipping-taxable","18":"product-type-simple"},"yoast_head":"<!-- This site is optimized with the Yoast SEO plugin v27.1.1 - https:\/\/yoast.com\/product\/yoast-seo-wordpress\/ -->\n<title>Swellpro Dronar 01 (Fish Finder) -<\/title>\n<meta name=\"description\" content=\"Sit &amp; relax at the shore and let the FFD give you detailed images of fish and data of underwater terrains. The fish finder can be automatically switched on when it touches water.\" \/>\n<meta name=\"robots\" content=\"index, follow, max-snippet:-1, max-image-preview:large, max-video-preview:-1\" \/>\n<link rel=\"canonical\" href=\"https:\/\/www.ghostysky.com\/fr\/product\/swellpro-dronar-01-fish-finder\/\" \/>\n<meta property=\"og:locale\" content=\"fr_FR\" \/>\n<meta property=\"og:type\" content=\"article\" \/>\n<meta property=\"og:title\" content=\"Swellpro Dronar 01 (Fish Finder) -\" \/>\n<meta property=\"og:description\" content=\"Sit &amp; relax at the shore and let the FFD give you detailed images of fish and data of underwater terrains. The fish finder can be automatically switched on when it touches water.\" \/>\n<meta property=\"og:url\" content=\"https:\/\/www.ghostysky.com\/fr\/product\/swellpro-dronar-01-fish-finder\/\" \/>\n<meta property=\"og:site_name\" content=\"Ghostysky\" \/>\n<meta property=\"article:publisher\" content=\"https:\/\/www.facebook.com\/people\/Ghostysky\/100057676170234\/\" \/>\n<meta property=\"article:modified_time\" content=\"2024-10-31T21:40:13+00:00\" \/>\n<meta property=\"og:image\" content=\"https:\/\/www.ghostysky.com\/wp-content\/uploads\/2022\/03\/SP-SD4-B203-D01_01.jpg\" \/>\n\t<meta property=\"og:image:width\" content=\"1200\" \/>\n\t<meta property=\"og:image:height\" content=\"1200\" \/>\n\t<meta property=\"og:image:type\" content=\"image\/jpeg\" \/>\n<meta name=\"twitter:card\" content=\"summary_large_image\" \/>\n<meta name=\"twitter:site\" content=\"@Gh0stysky\" \/>\n<meta name=\"twitter:label1\" content=\"Dur\u00e9e de lecture estim\u00e9e\" \/>\n\t<meta name=\"twitter:data1\" content=\"1 minute\" \/>\n<script type=\"application\/ld+json\" class=\"yoast-schema-graph\">{\"@context\":\"https:\/\/schema.org\",\"@graph\":[{\"@type\":\"WebPage\",\"@id\":\"https:\/\/www.ghostysky.com\/product\/swellpro-dronar-01-fish-finder\/\",\"url\":\"https:\/\/www.ghostysky.com\/product\/swellpro-dronar-01-fish-finder\/\",\"name\":\"Swellpro Dronar 01 (Fish Finder) -\",\"isPartOf\":{\"@id\":\"https:\/\/www.ghostysky.com\/#website\"},\"primaryImageOfPage\":{\"@id\":\"https:\/\/www.ghostysky.com\/product\/swellpro-dronar-01-fish-finder\/#primaryimage\"},\"image\":{\"@id\":\"https:\/\/www.ghostysky.com\/product\/swellpro-dronar-01-fish-finder\/#primaryimage\"},\"thumbnailUrl\":\"https:\/\/www.ghostysky.com\/wp-content\/uploads\/2022\/03\/SP-SD4-B203-D01_01.jpg\",\"datePublished\":\"2022-03-24T01:19:05+00:00\",\"dateModified\":\"2024-10-31T21:40:13+00:00\",\"description\":\"Sit & relax at the shore and let the FFD give you detailed images of fish and data of underwater terrains. The fish finder can be automatically switched on when it touches water.\",\"breadcrumb\":{\"@id\":\"https:\/\/www.ghostysky.com\/product\/swellpro-dronar-01-fish-finder\/#breadcrumb\"},\"inLanguage\":\"fr-FR\",\"potentialAction\":[{\"@type\":\"ReadAction\",\"target\":[\"https:\/\/www.ghostysky.com\/product\/swellpro-dronar-01-fish-finder\/\"]}]},{\"@type\":\"ImageObject\",\"inLanguage\":\"fr-FR\",\"@id\":\"https:\/\/www.ghostysky.com\/product\/swellpro-dronar-01-fish-finder\/#primaryimage\",\"url\":\"https:\/\/www.ghostysky.com\/wp-content\/uploads\/2022\/03\/SP-SD4-B203-D01_01.jpg\",\"contentUrl\":\"https:\/\/www.ghostysky.com\/wp-content\/uploads\/2022\/03\/SP-SD4-B203-D01_01.jpg\",\"width\":1200,\"height\":1200},{\"@type\":\"BreadcrumbList\",\"@id\":\"https:\/\/www.ghostysky.com\/product\/swellpro-dronar-01-fish-finder\/#breadcrumb\",\"itemListElement\":[{\"@type\":\"ListItem\",\"position\":1,\"name\":\"Home\",\"item\":\"https:\/\/www.ghostysky.com\/\"},{\"@type\":\"ListItem\",\"position\":2,\"name\":\"Shop\",\"item\":\"https:\/\/www.ghostysky.com\/shop\/\"},{\"@type\":\"ListItem\",\"position\":3,\"name\":\"Swellpro Dronar 01 (Fish Finder)\"}]},{\"@type\":\"WebSite\",\"@id\":\"https:\/\/www.ghostysky.com\/#website\",\"url\":\"https:\/\/www.ghostysky.com\/\",\"name\":\"Ghostysky\",\"description\":\"Delivering professional drones and services\",\"publisher\":{\"@id\":\"https:\/\/www.ghostysky.com\/#organization\"},\"potentialAction\":[{\"@type\":\"SearchAction\",\"target\":{\"@type\":\"EntryPoint\",\"urlTemplate\":\"https:\/\/www.ghostysky.com\/?s={search_term_string}\"},\"query-input\":{\"@type\":\"PropertyValueSpecification\",\"valueRequired\":true,\"valueName\":\"search_term_string\"}}],\"inLanguage\":\"fr-FR\"},{\"@type\":\"Organization\",\"@id\":\"https:\/\/www.ghostysky.com\/#organization\",\"name\":\"Ghostysky\",\"url\":\"https:\/\/www.ghostysky.com\/\",\"logo\":{\"@type\":\"ImageObject\",\"inLanguage\":\"fr-FR\",\"@id\":\"https:\/\/www.ghostysky.com\/#\/schema\/logo\/image\/\",\"url\":\"https:\/\/www.ghostysky.com\/wp-content\/uploads\/2020\/06\/cropped-ghostyskylogo_text_white2.png\",\"contentUrl\":\"https:\/\/www.ghostysky.com\/wp-content\/uploads\/2020\/06\/cropped-ghostyskylogo_text_white2.png\",\"width\":169,\"height\":56,\"caption\":\"Ghostysky\"},\"image\":{\"@id\":\"https:\/\/www.ghostysky.com\/#\/schema\/logo\/image\/\"},\"sameAs\":[\"https:\/\/www.facebook.com\/people\/Ghostysky\/100057676170234\/\",\"https:\/\/x.com\/Gh0stysky\",\"https:\/\/www.linkedin.com\/company\/34739653\",\"https:\/\/www.instagram.com\/gh0stysky\"]}]}<\/script>\n<!-- \/ Yoast SEO plugin. -->","yoast_head_json":{"title":"Swellpro Dronar 01 (d\u00e9tecteur de poissons) -","description":"Installez-vous confortablement au bord de l&#039;eau et laissez le d\u00e9tecteur de poissons vous fournir des images d\u00e9taill\u00e9es des poissons et des donn\u00e9es sur les fonds marins. Il s&#039;allume automatiquement d\u00e8s qu&#039;il touche l&#039;eau.","robots":{"index":"index","follow":"follow","max-snippet":"max-snippet:-1","max-image-preview":"max-image-preview:large","max-video-preview":"max-video-preview:-1"},"canonical":"https:\/\/www.ghostysky.com\/fr\/product\/swellpro-dronar-01-fish-finder\/","og_locale":"fr_FR","og_type":"article","og_title":"Swellpro Dronar 01 (Fish Finder) -","og_description":"Sit & relax at the shore and let the FFD give you detailed images of fish and data of underwater terrains. The fish finder can be automatically switched on when it touches water.","og_url":"https:\/\/www.ghostysky.com\/fr\/product\/swellpro-dronar-01-fish-finder\/","og_site_name":"Ghostysky","article_publisher":"https:\/\/www.facebook.com\/people\/Ghostysky\/100057676170234\/","article_modified_time":"2024-10-31T21:40:13+00:00","og_image":[{"width":1200,"height":1200,"url":"https:\/\/www.ghostysky.com\/wp-content\/uploads\/2022\/03\/SP-SD4-B203-D01_01.jpg","type":"image\/jpeg"}],"twitter_card":"summary_large_image","twitter_site":"@Gh0stysky","twitter_misc":{"Dur\u00e9e de lecture estim\u00e9e":"1 minute"},"schema":{"@context":"https:\/\/schema.org","@graph":[{"@type":"WebPage","@id":"https:\/\/www.ghostysky.com\/product\/swellpro-dronar-01-fish-finder\/","url":"https:\/\/www.ghostysky.com\/product\/swellpro-dronar-01-fish-finder\/","name":"Swellpro Dronar 01 (d\u00e9tecteur de poissons) -","isPartOf":{"@id":"https:\/\/www.ghostysky.com\/#website"},"primaryImageOfPage":{"@id":"https:\/\/www.ghostysky.com\/product\/swellpro-dronar-01-fish-finder\/#primaryimage"},"image":{"@id":"https:\/\/www.ghostysky.com\/product\/swellpro-dronar-01-fish-finder\/#primaryimage"},"thumbnailUrl":"https:\/\/www.ghostysky.com\/wp-content\/uploads\/2022\/03\/SP-SD4-B203-D01_01.jpg","datePublished":"2022-03-24T01:19:05+00:00","dateModified":"2024-10-31T21:40:13+00:00","description":"Installez-vous confortablement au bord de l&#039;eau et laissez le d\u00e9tecteur de poissons vous fournir des images d\u00e9taill\u00e9es des poissons et des donn\u00e9es sur les fonds marins. Il s&#039;allume automatiquement d\u00e8s qu&#039;il touche l&#039;eau.","breadcrumb":{"@id":"https:\/\/www.ghostysky.com\/product\/swellpro-dronar-01-fish-finder\/#breadcrumb"},"inLanguage":"fr-FR","potentialAction":[{"@type":"ReadAction","target":["https:\/\/www.ghostysky.com\/product\/swellpro-dronar-01-fish-finder\/"]}]},{"@type":"ImageObject","inLanguage":"fr-FR","@id":"https:\/\/www.ghostysky.com\/product\/swellpro-dronar-01-fish-finder\/#primaryimage","url":"https:\/\/www.ghostysky.com\/wp-content\/uploads\/2022\/03\/SP-SD4-B203-D01_01.jpg","contentUrl":"https:\/\/www.ghostysky.com\/wp-content\/uploads\/2022\/03\/SP-SD4-B203-D01_01.jpg","width":1200,"height":1200},{"@type":"BreadcrumbList","@id":"https:\/\/www.ghostysky.com\/product\/swellpro-dronar-01-fish-finder\/#breadcrumb","itemListElement":[{"@type":"ListItem","position":1,"name":"Home","item":"https:\/\/www.ghostysky.com\/"},{"@type":"ListItem","position":2,"name":"Shop","item":"https:\/\/www.ghostysky.com\/shop\/"},{"@type":"ListItem","position":3,"name":"Swellpro Dronar 01 (Fish Finder)"}]},{"@type":"WebSite","@id":"https:\/\/www.ghostysky.com\/#website","url":"https:\/\/www.ghostysky.com\/","name":"Ghostysky","description":"Livraison de drones et de services professionnels","publisher":{"@id":"https:\/\/www.ghostysky.com\/#organization"},"potentialAction":[{"@type":"SearchAction","target":{"@type":"EntryPoint","urlTemplate":"https:\/\/www.ghostysky.com\/?s={search_term_string}"},"query-input":{"@type":"PropertyValueSpecification","valueRequired":true,"valueName":"search_term_string"}}],"inLanguage":"fr-FR"},{"@type":"Organization","@id":"https:\/\/www.ghostysky.com\/#organization","name":"Ghostysky","url":"https:\/\/www.ghostysky.com\/","logo":{"@type":"ImageObject","inLanguage":"fr-FR","@id":"https:\/\/www.ghostysky.com\/#\/schema\/logo\/image\/","url":"https:\/\/www.ghostysky.com\/wp-content\/uploads\/2020\/06\/cropped-ghostyskylogo_text_white2.png","contentUrl":"https:\/\/www.ghostysky.com\/wp-content\/uploads\/2020\/06\/cropped-ghostyskylogo_text_white2.png","width":169,"height":56,"caption":"Ghostysky"},"image":{"@id":"https:\/\/www.ghostysky.com\/#\/schema\/logo\/image\/"},"sameAs":["https:\/\/www.facebook.com\/people\/Ghostysky\/100057676170234\/","https:\/\/x.com\/Gh0stysky","https:\/\/www.linkedin.com\/company\/34739653","https:\/\/www.instagram.com\/gh0stysky"]}]}},"_links":{"self":[{"href":"https:\/\/www.ghostysky.com\/fr\/wp-json\/wp\/v2\/product\/6475","targetHints":{"allow":["GET"]}}],"collection":[{"href":"https:\/\/www.ghostysky.com\/fr\/wp-json\/wp\/v2\/product"}],"about":[{"href":"https:\/\/www.ghostysky.com\/fr\/wp-json\/wp\/v2\/types\/product"}],"replies":[{"embeddable":true,"href":"https:\/\/www.ghostysky.com\/fr\/wp-json\/wp\/v2\/comments?post=6475"}],"wp:featuredmedia":[{"embeddable":true,"href":"https:\/\/www.ghostysky.com\/fr\/wp-json\/wp\/v2\/media\/6476"}],"wp:attachment":[{"href":"https:\/\/www.ghostysky.com\/fr\/wp-json\/wp\/v2\/media?parent=6475"}],"wp:term":[{"taxonomy":"product_brand","embeddable":true,"href":"https:\/\/www.ghostysky.com\/fr\/wp-json\/wp\/v2\/product_brand?post=6475"},{"taxonomy":"product_cat","embeddable":true,"href":"https:\/\/www.ghostysky.com\/fr\/wp-json\/wp\/v2\/product_cat?post=6475"},{"taxonomy":"product_tag","embeddable":true,"href":"https:\/\/www.ghostysky.com\/fr\/wp-json\/wp\/v2\/product_tag?post=6475"}],"curies":[{"name":"wp","href":"https:\/\/api.w.org\/{rel}","templated":true}]}}