{"id":7339,"date":"2022-05-25T23:57:11","date_gmt":"2022-05-25T23:57:11","guid":{"rendered":"https:\/\/www.ghostysky.com\/?post_type=product&#038;p=7339"},"modified":"2024-05-06T08:06:03","modified_gmt":"2024-05-06T08:06:03","slug":"south-h6","status":"publish","type":"product","link":"https:\/\/www.ghostysky.com\/fr\/product\/south-h6\/","title":{"rendered":"Sud H6"},"content":{"rendered":"<h2 class=\"pro_name\">H6<\/h2>\n<ol>\u25cf Syst\u00e8me d&#039;exploitation Android 8.1, ROM 64 Go<\/ol>\n<ol>\u25cf \u00c9cran tactile solaire de 5 pouces<\/ol>\n<ol>\u25cf Clavier complet, saisie plus rapide<\/ol>\n<ol>\u25cf La batterie de grande capacit\u00e9 de 9200 mAh fonctionne plus longtemps<\/ol>\n<ol>\u25cf Module cellulaire 4G, emplacement pour carte SIM double<\/ol>\n<p>&nbsp;<\/p>","protected":false},"excerpt":{"rendered":"<p class=\"translation-block\"><a href=\"https:\/\/www.ghostysky.com\/fr\/storage\/woocommerce_uploads\/2022\/05\/H6_brochure_EN_compressed-lsb83t.pdf\/\" target=\"_self\">Le H6<\/a> est un contr\u00f4leur Android professionnel de nouvelle g\u00e9n\u00e9ration de SOUTH. Il est \u00e9quip\u00e9 du syst\u00e8me d&#039;exploitation Android 8.1 et d&#039;un clavier QWERTY complet avec touches s\u00e9par\u00e9es pour 26 lettres et chiffres, ce qui acc\u00e9l\u00e8re la saisie sur le terrain pour la plupart des g\u00e9om\u00e8tres, tout en leur offrant une efficacit\u00e9 et une productivit\u00e9 accrues.<\/p>\n<p>&nbsp;<\/p>","protected":false},"featured_media":7343,"comment_status":"open","ping_status":"closed","template":"","meta":[],"product_brand":[],"product_cat":[367,373,89,30,371],"product_tag":[380,374],"class_list":{"0":"post-7339","1":"product","2":"type-product","3":"status-publish","4":"has-post-thumbnail","6":"product_cat-accessories-emlid","7":"product_cat-accessories-south","8":"product_cat-emlid","9":"product_cat-mobile-station","10":"product_cat-south","11":"product_tag-h6","12":"product_tag-south","14":"first","15":"onbackorder","16":"downloadable","17":"taxable","18":"shipping-taxable","19":"purchasable","20":"product-type-simple"},"yoast_head":"<!-- This site is optimized with the Yoast SEO plugin v27.1.1 - https:\/\/yoast.com\/product\/yoast-seo-wordpress\/ -->\n<title>South H6 - Ghostysky<\/title>\n<meta name=\"description\" content=\"H6 is SOUTH new generation professional Android controller. It is installed Android 8.1 OS and adopts full QWERTY keypad with separate keys for 26 letters and numbers makes the input in the field more faster for most surveyors\" \/>\n<meta name=\"robots\" content=\"index, follow, max-snippet:-1, max-image-preview:large, max-video-preview:-1\" \/>\n<link rel=\"canonical\" href=\"https:\/\/www.ghostysky.com\/fr\/product\/south-h6\/\" \/>\n<meta property=\"og:locale\" content=\"fr_FR\" \/>\n<meta property=\"og:type\" content=\"article\" \/>\n<meta property=\"og:title\" content=\"South H6 - Ghostysky\" \/>\n<meta property=\"og:description\" content=\"H6 is SOUTH new generation professional Android controller. It is installed Android 8.1 OS and adopts full QWERTY keypad with separate keys for 26 letters and numbers makes the input in the field more faster for most surveyors\" \/>\n<meta property=\"og:url\" content=\"https:\/\/www.ghostysky.com\/fr\/product\/south-h6\/\" \/>\n<meta property=\"og:site_name\" content=\"Ghostysky\" \/>\n<meta property=\"article:publisher\" content=\"https:\/\/www.facebook.com\/people\/Ghostysky\/100057676170234\/\" \/>\n<meta property=\"article:modified_time\" content=\"2024-05-06T08:06:03+00:00\" \/>\n<meta property=\"og:image\" content=\"https:\/\/www.ghostysky.com\/wp-content\/uploads\/2022\/05\/colector-de-datos-south-h6-con-soporte-a-jalon.png\" \/>\n\t<meta property=\"og:image:width\" content=\"800\" \/>\n\t<meta property=\"og:image:height\" content=\"1040\" \/>\n\t<meta property=\"og:image:type\" content=\"image\/png\" \/>\n<meta name=\"twitter:card\" content=\"summary_large_image\" \/>\n<meta name=\"twitter:site\" content=\"@Gh0stysky\" \/>\n<meta name=\"twitter:label1\" content=\"Dur\u00e9e de lecture estim\u00e9e\" \/>\n\t<meta name=\"twitter:data1\" content=\"1 minute\" \/>\n<script type=\"application\/ld+json\" class=\"yoast-schema-graph\">{\"@context\":\"https:\/\/schema.org\",\"@graph\":[{\"@type\":\"WebPage\",\"@id\":\"https:\/\/www.ghostysky.com\/product\/south-h6\/\",\"url\":\"https:\/\/www.ghostysky.com\/product\/south-h6\/\",\"name\":\"South H6 - Ghostysky\",\"isPartOf\":{\"@id\":\"https:\/\/www.ghostysky.com\/#website\"},\"primaryImageOfPage\":{\"@id\":\"https:\/\/www.ghostysky.com\/product\/south-h6\/#primaryimage\"},\"image\":{\"@id\":\"https:\/\/www.ghostysky.com\/product\/south-h6\/#primaryimage\"},\"thumbnailUrl\":\"https:\/\/www.ghostysky.com\/wp-content\/uploads\/2022\/05\/colector-de-datos-south-h6-con-soporte-a-jalon.png\",\"datePublished\":\"2022-05-25T23:57:11+00:00\",\"dateModified\":\"2024-05-06T08:06:03+00:00\",\"description\":\"H6 is SOUTH new generation professional Android controller. It is installed Android 8.1 OS and adopts full QWERTY keypad with separate keys for 26 letters and numbers makes the input in the field more faster for most surveyors\",\"breadcrumb\":{\"@id\":\"https:\/\/www.ghostysky.com\/product\/south-h6\/#breadcrumb\"},\"inLanguage\":\"fr-FR\",\"potentialAction\":[{\"@type\":\"ReadAction\",\"target\":[\"https:\/\/www.ghostysky.com\/product\/south-h6\/\"]}]},{\"@type\":\"ImageObject\",\"inLanguage\":\"fr-FR\",\"@id\":\"https:\/\/www.ghostysky.com\/product\/south-h6\/#primaryimage\",\"url\":\"https:\/\/www.ghostysky.com\/wp-content\/uploads\/2022\/05\/colector-de-datos-south-h6-con-soporte-a-jalon.png\",\"contentUrl\":\"https:\/\/www.ghostysky.com\/wp-content\/uploads\/2022\/05\/colector-de-datos-south-h6-con-soporte-a-jalon.png\",\"width\":800,\"height\":1040},{\"@type\":\"BreadcrumbList\",\"@id\":\"https:\/\/www.ghostysky.com\/product\/south-h6\/#breadcrumb\",\"itemListElement\":[{\"@type\":\"ListItem\",\"position\":1,\"name\":\"Home\",\"item\":\"https:\/\/www.ghostysky.com\/\"},{\"@type\":\"ListItem\",\"position\":2,\"name\":\"Shop\",\"item\":\"https:\/\/www.ghostysky.com\/shop\/\"},{\"@type\":\"ListItem\",\"position\":3,\"name\":\"South H6\"}]},{\"@type\":\"WebSite\",\"@id\":\"https:\/\/www.ghostysky.com\/#website\",\"url\":\"https:\/\/www.ghostysky.com\/\",\"name\":\"Ghostysky\",\"description\":\"Delivering professional drones and services\",\"publisher\":{\"@id\":\"https:\/\/www.ghostysky.com\/#organization\"},\"potentialAction\":[{\"@type\":\"SearchAction\",\"target\":{\"@type\":\"EntryPoint\",\"urlTemplate\":\"https:\/\/www.ghostysky.com\/?s={search_term_string}\"},\"query-input\":{\"@type\":\"PropertyValueSpecification\",\"valueRequired\":true,\"valueName\":\"search_term_string\"}}],\"inLanguage\":\"fr-FR\"},{\"@type\":\"Organization\",\"@id\":\"https:\/\/www.ghostysky.com\/#organization\",\"name\":\"Ghostysky\",\"url\":\"https:\/\/www.ghostysky.com\/\",\"logo\":{\"@type\":\"ImageObject\",\"inLanguage\":\"fr-FR\",\"@id\":\"https:\/\/www.ghostysky.com\/#\/schema\/logo\/image\/\",\"url\":\"https:\/\/www.ghostysky.com\/wp-content\/uploads\/2020\/06\/cropped-ghostyskylogo_text_white2.png\",\"contentUrl\":\"https:\/\/www.ghostysky.com\/wp-content\/uploads\/2020\/06\/cropped-ghostyskylogo_text_white2.png\",\"width\":169,\"height\":56,\"caption\":\"Ghostysky\"},\"image\":{\"@id\":\"https:\/\/www.ghostysky.com\/#\/schema\/logo\/image\/\"},\"sameAs\":[\"https:\/\/www.facebook.com\/people\/Ghostysky\/100057676170234\/\",\"https:\/\/x.com\/Gh0stysky\",\"https:\/\/www.linkedin.com\/company\/34739653\",\"https:\/\/www.instagram.com\/gh0stysky\"]}]}<\/script>\n<!-- \/ Yoast SEO plugin. -->","yoast_head_json":{"title":"Sud H6 - Ghostysky","description":"Le H6 est un contr\u00f4leur Android professionnel de nouvelle g\u00e9n\u00e9ration de SOUTH. Il fonctionne sous Android 8.1 et dispose d&#039;un clavier QWERTY complet avec touches s\u00e9par\u00e9es pour 26 lettres et chiffres, ce qui acc\u00e9l\u00e8re la saisie sur le terrain pour la plupart des g\u00e9om\u00e8tres.","robots":{"index":"index","follow":"follow","max-snippet":"max-snippet:-1","max-image-preview":"max-image-preview:large","max-video-preview":"max-video-preview:-1"},"canonical":"https:\/\/www.ghostysky.com\/fr\/product\/south-h6\/","og_locale":"fr_FR","og_type":"article","og_title":"South H6 - Ghostysky","og_description":"H6 is SOUTH new generation professional Android controller. It is installed Android 8.1 OS and adopts full QWERTY keypad with separate keys for 26 letters and numbers makes the input in the field more faster for most surveyors","og_url":"https:\/\/www.ghostysky.com\/fr\/product\/south-h6\/","og_site_name":"Ghostysky","article_publisher":"https:\/\/www.facebook.com\/people\/Ghostysky\/100057676170234\/","article_modified_time":"2024-05-06T08:06:03+00:00","og_image":[{"width":800,"height":1040,"url":"https:\/\/www.ghostysky.com\/wp-content\/uploads\/2022\/05\/colector-de-datos-south-h6-con-soporte-a-jalon.png","type":"image\/png"}],"twitter_card":"summary_large_image","twitter_site":"@Gh0stysky","twitter_misc":{"Dur\u00e9e de lecture estim\u00e9e":"1 minute"},"schema":{"@context":"https:\/\/schema.org","@graph":[{"@type":"WebPage","@id":"https:\/\/www.ghostysky.com\/product\/south-h6\/","url":"https:\/\/www.ghostysky.com\/product\/south-h6\/","name":"Sud H6 - Ghostysky","isPartOf":{"@id":"https:\/\/www.ghostysky.com\/#website"},"primaryImageOfPage":{"@id":"https:\/\/www.ghostysky.com\/product\/south-h6\/#primaryimage"},"image":{"@id":"https:\/\/www.ghostysky.com\/product\/south-h6\/#primaryimage"},"thumbnailUrl":"https:\/\/www.ghostysky.com\/wp-content\/uploads\/2022\/05\/colector-de-datos-south-h6-con-soporte-a-jalon.png","datePublished":"2022-05-25T23:57:11+00:00","dateModified":"2024-05-06T08:06:03+00:00","description":"Le H6 est un contr\u00f4leur Android professionnel de nouvelle g\u00e9n\u00e9ration de SOUTH. Il fonctionne sous Android 8.1 et dispose d&#039;un clavier QWERTY complet avec touches s\u00e9par\u00e9es pour 26 lettres et chiffres, ce qui acc\u00e9l\u00e8re la saisie sur le terrain pour la plupart des g\u00e9om\u00e8tres.","breadcrumb":{"@id":"https:\/\/www.ghostysky.com\/product\/south-h6\/#breadcrumb"},"inLanguage":"fr-FR","potentialAction":[{"@type":"ReadAction","target":["https:\/\/www.ghostysky.com\/product\/south-h6\/"]}]},{"@type":"ImageObject","inLanguage":"fr-FR","@id":"https:\/\/www.ghostysky.com\/product\/south-h6\/#primaryimage","url":"https:\/\/www.ghostysky.com\/wp-content\/uploads\/2022\/05\/colector-de-datos-south-h6-con-soporte-a-jalon.png","contentUrl":"https:\/\/www.ghostysky.com\/wp-content\/uploads\/2022\/05\/colector-de-datos-south-h6-con-soporte-a-jalon.png","width":800,"height":1040},{"@type":"BreadcrumbList","@id":"https:\/\/www.ghostysky.com\/product\/south-h6\/#breadcrumb","itemListElement":[{"@type":"ListItem","position":1,"name":"Home","item":"https:\/\/www.ghostysky.com\/"},{"@type":"ListItem","position":2,"name":"Shop","item":"https:\/\/www.ghostysky.com\/shop\/"},{"@type":"ListItem","position":3,"name":"South H6"}]},{"@type":"WebSite","@id":"https:\/\/www.ghostysky.com\/#website","url":"https:\/\/www.ghostysky.com\/","name":"Ghostysky","description":"Livraison de drones et de services professionnels","publisher":{"@id":"https:\/\/www.ghostysky.com\/#organization"},"potentialAction":[{"@type":"SearchAction","target":{"@type":"EntryPoint","urlTemplate":"https:\/\/www.ghostysky.com\/?s={search_term_string}"},"query-input":{"@type":"PropertyValueSpecification","valueRequired":true,"valueName":"search_term_string"}}],"inLanguage":"fr-FR"},{"@type":"Organization","@id":"https:\/\/www.ghostysky.com\/#organization","name":"Ghostysky","url":"https:\/\/www.ghostysky.com\/","logo":{"@type":"ImageObject","inLanguage":"fr-FR","@id":"https:\/\/www.ghostysky.com\/#\/schema\/logo\/image\/","url":"https:\/\/www.ghostysky.com\/wp-content\/uploads\/2020\/06\/cropped-ghostyskylogo_text_white2.png","contentUrl":"https:\/\/www.ghostysky.com\/wp-content\/uploads\/2020\/06\/cropped-ghostyskylogo_text_white2.png","width":169,"height":56,"caption":"Ghostysky"},"image":{"@id":"https:\/\/www.ghostysky.com\/#\/schema\/logo\/image\/"},"sameAs":["https:\/\/www.facebook.com\/people\/Ghostysky\/100057676170234\/","https:\/\/x.com\/Gh0stysky","https:\/\/www.linkedin.com\/company\/34739653","https:\/\/www.instagram.com\/gh0stysky"]}]}},"_links":{"self":[{"href":"https:\/\/www.ghostysky.com\/fr\/wp-json\/wp\/v2\/product\/7339","targetHints":{"allow":["GET"]}}],"collection":[{"href":"https:\/\/www.ghostysky.com\/fr\/wp-json\/wp\/v2\/product"}],"about":[{"href":"https:\/\/www.ghostysky.com\/fr\/wp-json\/wp\/v2\/types\/product"}],"replies":[{"embeddable":true,"href":"https:\/\/www.ghostysky.com\/fr\/wp-json\/wp\/v2\/comments?post=7339"}],"wp:featuredmedia":[{"embeddable":true,"href":"https:\/\/www.ghostysky.com\/fr\/wp-json\/wp\/v2\/media\/7343"}],"wp:attachment":[{"href":"https:\/\/www.ghostysky.com\/fr\/wp-json\/wp\/v2\/media?parent=7339"}],"wp:term":[{"taxonomy":"product_brand","embeddable":true,"href":"https:\/\/www.ghostysky.com\/fr\/wp-json\/wp\/v2\/product_brand?post=7339"},{"taxonomy":"product_cat","embeddable":true,"href":"https:\/\/www.ghostysky.com\/fr\/wp-json\/wp\/v2\/product_cat?post=7339"},{"taxonomy":"product_tag","embeddable":true,"href":"https:\/\/www.ghostysky.com\/fr\/wp-json\/wp\/v2\/product_tag?post=7339"}],"curies":[{"name":"wp","href":"https:\/\/api.w.org\/{rel}","templated":true}]}}