{"id":7760,"date":"2022-07-29T16:54:56","date_gmt":"2022-07-29T16:54:56","guid":{"rendered":"https:\/\/www.ghostysky.com\/?post_type=product&#038;p=7760"},"modified":"2024-12-20T20:56:29","modified_gmt":"2024-12-20T20:56:29","slug":"yuneec-h850-rtk","status":"publish","type":"product","link":"https:\/\/www.ghostysky.com\/fr\/product\/yuneec-h850-rtk\/","title":{"rendered":"Yuneec H850-RTK"},"content":{"rendered":"<div><a href=\"https:\/\/www.ghostysky.com\/wp-content\/uploads\/2022\/07\/Yuneec_H850_RTK_Web_02zeijJjvqMBkah_1280x1280.jpg\"><img fetchpriority=\"high\" decoding=\"async\" class=\"size-medium wp-image-7753 aligncenter lazyload\" src=\"data:image\/gif;base64,R0lGODlhAQABAAAAACH5BAEKAAEALAAAAAABAAEAAAICTAEAOw==\" alt=\"\" width=\"300\" height=\"200\" sizes=\"(max-width: 300px) 100vw, 300px\" data-src=\"data:image\/gif;base64,R0lGODlhAQABAAAAACH5BAEKAAEALAAAAAABAAEAAAICTAEAOw==\" data-srcset=\"\" srcset=\"\"><\/a><\/div>\n<p>&nbsp;<\/p>\n<div class=\"content--title\"><strong>Le nouveau H850-RTK est sp\u00e9cialement con\u00e7u pour les inspections, les relev\u00e9s, les applications de s\u00e9curit\u00e9 publique et le sauvetage des faons.\u00a0<\/strong><\/div>\n<div class=\"product--description\">\n<p>Notre conception hexacopt\u00e8re offre plus de s\u00e9curit\u00e9, de puissance, d&#039;efficacit\u00e9, de stabilit\u00e9 et de capacit\u00e9 \u00e0 transporter des charges utiles plus lourdes.<br \/>\nSelon la charge utile et les conditions m\u00e9t\u00e9orologiques, des temps de vol allant jusqu&#039;\u00e0 65 minutes sont possibles. Toutes les charges utiles H520E sont compatibles avec le H850-RTK.<br \/>\nCela vous permet d&#039;utiliser plus facilement nos charges utiles sur deux plates-formes diff\u00e9rentes : le H520E et le H850.<\/p>\n<p>Outre les performances et la flexibilit\u00e9 de la charge utile, une grande importance a \u00e9t\u00e9 accord\u00e9e \u00e0 la s\u00e9curit\u00e9 des vols et des donn\u00e9es du H850 lors de son d\u00e9veloppement.<br \/>\nLes donn\u00e9es de vol vous appartiennent et \u00e0 personne d\u2019autre.<\/p>\n<p>Le H850 est \u00e9quip\u00e9 d&#039;une double IMU, d&#039;une boussole, d&#039;un barom\u00e8tre, de deux antennes RTK et de deux batteries intelligentes.<br \/>\nM\u00eame avec seulement cinq moteurs en marche, vous \u00eates capable de faire atterrir le H850 en toute s\u00e9curit\u00e9.<br \/>\nVous pouvez installer en un clic le dispositif Drone-Tag certifi\u00e9 YCAP pour l&#039;identification \u00e0 distance, qui deviendra obligatoire en Europe en 2023.<\/p>\n<p>&nbsp;<\/p>\n<p><a href=\"https:\/\/www.ghostysky.com\/wp-content\/uploads\/2022\/07\/DSC02031-scaled.jpg\"><img decoding=\"async\" class=\"size-medium wp-image-7766 aligncenter lazyload\" src=\"data:image\/gif;base64,R0lGODlhAQABAAAAACH5BAEKAAEALAAAAAABAAEAAAICTAEAOw==\" alt=\"\" width=\"300\" height=\"200\" sizes=\"(max-width: 300px) 100vw, 300px\" data-src=\"data:image\/gif;base64,R0lGODlhAQABAAAAACH5BAEKAAEALAAAAAABAAEAAAICTAEAOw==\" data-srcset=\"\" srcset=\"\"><\/a><\/p>\n<\/div>\n<div style=\"text-align: left;\">\n<p>&nbsp;<\/p>\n<p><strong>CARACT\u00c9RISTIQUES<\/strong><\/p>\n<table class=\"cke_show_border\" border=\"0\">\n<tbody>\n<tr>\n<td>Poids:<\/td>\n<td>5800 grammes, y compris 2 batteries de vol (sans charge utile)<\/td>\n<\/tr>\n<tr>\n<td>MTOW:<\/td>\n<td>8800g<\/td>\n<\/tr>\n<tr>\n<td>Poids maximal de la charge utile :<\/td>\n<td>3000g<\/td>\n<\/tr>\n<tr>\n<td>Taille diagonale :<\/td>\n<td>850 mm<\/td>\n<\/tr>\n<tr>\n<td>Pli\u00e9:<\/td>\n<td>440 \u00d7 365 \u00d7 470 mm<\/td>\n<\/tr>\n<tr>\n<td>Vitesse de mont\u00e9e maximale\u00a0:<\/td>\n<td>3 m\/s<\/td>\n<\/tr>\n<tr>\n<td>Vitesse de descente maximale :<\/td>\n<td>2,5 m\/s<\/td>\n<\/tr>\n<tr>\n<td>Vitesse horizontale maximale :<\/td>\n<td>20 m\/s<\/td>\n<\/tr>\n<tr>\n<td>Vitesse de vol maximale :<\/td>\n<td>72 km\/h<\/td>\n<\/tr>\n<tr>\n<td>Plafond de vol maximal (MSL) :<\/td>\n<td>5000 m<\/td>\n<\/tr>\n<tr>\n<td>Dur\u00e9e de vol maximale :<\/td>\n<td>65 minutes (sans charge utile)<\/td>\n<\/tr>\n<tr>\n<td>Batterie 23,1 volts :<\/td>\n<td>2x Li-ion HV, 6S, 12800mAh<\/td>\n<\/tr>\n<tr>\n<td>Syst\u00e8me de positionnement :<\/td>\n<td>GPS, Glonass, Beidou et Galil\u00e9o<\/td>\n<\/tr>\n<tr>\n<td rowspan=\"2\">Pr\u00e9cision du survol (simple) :<\/td>\n<td>Horizon : \u00b1 0,5 m<\/td>\n<\/tr>\n<tr>\n<td>Verticale : \u00b1 0,5 m<\/td>\n<\/tr>\n<tr>\n<td>Pr\u00e9cision RTK (RMS) :<\/td>\n<td>1 cm + 1 ppm (H) ; 1,5 cm + 1 ppm (V)<\/td>\n<\/tr>\n<tr>\n<td rowspan=\"2\">Temp\u00e9rature de fonctionnement :<\/td>\n<td>-20\u2103-50\u2103<\/td>\n<\/tr>\n<tr>\n<td>-4\u00b0 F -122\u00b0 F<\/td>\n<\/tr>\n<tr>\n<td>Connecteur de charge utile\u00a0:<\/td>\n<td>connecteur en X<\/td>\n<\/tr>\n<tr>\n<td>Charges utiles compatibles :<\/td>\n<td>E20TVx, E90X, E30Zx, ETx, S42x, lidar, Spotlight et haut-parleur num\u00e9rique<\/td>\n<\/tr>\n<tr>\n<td>Cardan vers le haut :<\/td>\n<td>Facultatif<\/td>\n<\/tr>\n<tr>\n<td>Batteries et charges utiles rempla\u00e7ables \u00e0 chaud\u00a0:<\/td>\n<td>Oui<\/td>\n<\/tr>\n<tr>\n<td>IP:<\/td>\n<td>x5<\/td>\n<\/tr>\n<tr>\n<td>Syst\u00e8me anticollision :<\/td>\n<td>Radar \u00e0 ondes millim\u00e9triques (en option)<\/td>\n<\/tr>\n<tr>\n<td>T\u00e9l\u00e9commande :<\/td>\n<td>Tonifier<\/td>\n<\/tr>\n<tr>\n<td>Ports de connectivit\u00e9 et alimentation H850 :<\/td>\n<td>GMAC 1000Mb, USB-C, USB-3 5Gbps, Aux 3,5 mm, Micro-SD, 2x Power 5v+GND, 2x PWM, 2x GPIO, 5v, 12v et 19,8-26,4v, pour appareils externes avec des besoins en \u00e9nergie \u00e9lev\u00e9s.<\/td>\n<\/tr>\n<tr>\n<td>Fr\u00e9quence de fonctionnement :<\/td>\n<td>2,4000-2,4835 GHz et 5,725-5,850 GHz<\/td>\n<\/tr>\n<tr>\n<td>Pilote automatique:<\/td>\n<td>Bas\u00e9 sur PX4<\/td>\n<\/tr>\n<tr>\n<td>Dispositif d&#039;identification \u00e0 distance de drone (UE) :<\/td>\n<td>LTE+Bluetooth, avec application et U-space ready (module optionnel)<\/td>\n<\/tr>\n<\/tbody>\n<\/table>\n<\/div>\n<div class=\"product--description\">\n<p style=\"text-align: left;\"><a href=\"https:\/\/www.ghostysky.com\/wp-content\/uploads\/2022\/07\/H850_RTK_Side.jpg\"><img decoding=\"async\" class=\"size-medium wp-image-7743 aligncenter lazyload\" src=\"data:image\/gif;base64,R0lGODlhAQABAAAAACH5BAEKAAEALAAAAAABAAEAAAICTAEAOw==\" alt=\"\" width=\"300\" height=\"264\" sizes=\"(max-width: 300px) 100vw, 300px\" data-src=\"data:image\/gif;base64,R0lGODlhAQABAAAAACH5BAEKAAEALAAAAAABAAEAAAICTAEAOw==\" data-srcset=\"\" srcset=\"\"><\/a><\/p>\n<p><strong>RTK<\/strong><\/p>\n<ul>\n<li>Module RTK (cin\u00e9matique en temps r\u00e9el) pour un positionnement relatif de haute pr\u00e9cision\u00a0: 1\u00a0cm + 1\u00a0ppm (H)\u00a0; 1,5\u00a0cm + 1\u00a0ppm (V)<\/li>\n<li>Double antenne RTK pour un positionnement de haute pr\u00e9cision. Les deux antennes du H850-RTK garantissent qu&#039;une antenne transmet toujours en cas de panne de l&#039;une d&#039;elles.<\/li>\n<li>Maintenez une pr\u00e9cision de l&#039;ordre du cm, m\u00eame dans un environnement GNSS difficile<\/li>\n<li>Con\u00e7u pour une cartographie plus rapide et plus pr\u00e9cise (par exemple, relev\u00e9s complexes, inspections, cartographie, affichages 3D)<\/li>\n<li>Taux de mise \u00e0 jour de 5 Hz de la position, de la vitesse et du temps<\/li>\n<li>Toutes les donn\u00e9es, y compris les donn\u00e9es GNSS brutes et les solutions en temps r\u00e9el, peuvent \u00eatre enregistr\u00e9es \u00e0 bord \u2013 pr\u00eates pour le PPK (cin\u00e9matique post-trait\u00e9e)<\/li>\n<li>Prend en charge les signaux de jusqu&#039;\u00e0 quatre constellations GNSS parmi GPS, GLONASS, Galileo et BeiDou<\/li>\n<li>Compatible avec toutes les charges utiles de cam\u00e9ra Yuneec H520E existantes<br \/>\n<strong><br \/>\n<\/strong><\/li>\n<\/ul>\n<p><a href=\"https:\/\/www.ghostysky.com\/wp-content\/uploads\/2022\/07\/T-one_frongMc5W1gE8zSow_600x600.jpg\"><img loading=\"lazy\" decoding=\"async\" class=\"size-medium wp-image-7744 aligncenter lazyload\" src=\"data:image\/gif;base64,R0lGODlhAQABAAAAACH5BAEKAAEALAAAAAABAAEAAAICTAEAOw==\" alt=\"\" width=\"300\" height=\"264\" sizes=\"(max-width: 300px) 100vw, 300px\" data-src=\"data:image\/gif;base64,R0lGODlhAQABAAAAACH5BAEKAAEALAAAAAABAAEAAAICTAEAOw==\" data-srcset=\"\" srcset=\"\"><\/a><\/p>\n<p>&nbsp;<\/p>\n<p><strong>Contr\u00f4leur T-One<\/strong><\/p>\n<div>\n<ul>\n<li>\u00e9cran tactile de 7 pouces<\/li>\n<li>R\u00e9solution d&#039;\u00e9cran 1920\u00d71200<\/li>\n<li>Luminance de 1000 nits<\/li>\n<li>Port\u00e9e de 15 km Fcc<\/li>\n<li>Port\u00e9e de 8 km Ce<\/li>\n<li>8 heures de temps de fonctionnement<\/li>\n<li>Batterie 10 000 mAh\/7,4 volts<\/li>\n<li>40 Mbps double bande<\/li>\n<li>Saut de fr\u00e9quence dynamique<\/li>\n<li>IP x4<\/li>\n<li>Processeur hautes performances Cortex A72 et A53<\/li>\n<li>Android 10<\/li>\n<li>32 Go de ROM \/ 4 Go de RAM<\/li>\n<li>HDMI<\/li>\n<li>USB-C, USB-3 et USB-2<\/li>\n<li>Micro SD<\/li>\n<li>1,2 kg seulement<\/li>\n<li>Aucun partage de donn\u00e9es<\/li>\n<\/ul>\n<p>&nbsp;<\/p>\n<p><a href=\"https:\/\/www.ghostysky.com\/wp-content\/uploads\/2022\/07\/Battery_-H850-2MB_600x600.png\"><img loading=\"lazy\" decoding=\"async\" class=\"size-medium wp-image-7763 aligncenter lazyload\" src=\"data:image\/gif;base64,R0lGODlhAQABAAAAACH5BAEKAAEALAAAAAABAAEAAAICTAEAOw==\" alt=\"\" width=\"259\" height=\"300\" sizes=\"(max-width: 259px) 100vw, 259px\" data-src=\"data:image\/gif;base64,R0lGODlhAQABAAAAACH5BAEKAAEALAAAAAABAAEAAAICTAEAOw==\" data-srcset=\"\" srcset=\"\"><\/a><\/p>\n<p>&nbsp;<\/p>\n<\/div>\n<p><strong>Batteries de vol\u00a0<\/strong><\/p>\n<p>Taille : 98 \u00d7 58 \u00d7 149 mm<br \/>\nCapacit\u00e9 de la batterie : 12 800 mAh<br \/>\nPuissance de la batterie : 295,68 Wh<br \/>\nTension standard\u00a0: 23,1\u00a0V (3,85\u00a0V\/\u00e9l\u00e9ment)<br \/>\nTension de charge : 26,4 V<br \/>\nType de batterie : Li-ion<br \/>\nCharge rapide : 1C (10 A)<br \/>\nTemps de charge : 1,5 heure<br \/>\nCourant de d\u00e9charge continu maximal\u00a0: 64\u00a0A<br \/>\nCourant de d\u00e9charge maximal\u00a0: 128\u00a0A<br \/>\nPoids : 1390 grammes<br \/>\nTemp\u00e9rature de fonctionnement : 0\u2103+45\u2103<\/p>\n<p>&nbsp;<\/p>\n<p><a href=\"https:\/\/www.ghostysky.com\/wp-content\/uploads\/2022\/07\/DSC02009.jpg\"><img loading=\"lazy\" decoding=\"async\" class=\"size-medium wp-image-7765 aligncenter lazyload\" src=\"data:image\/gif;base64,R0lGODlhAQABAAAAACH5BAEKAAEALAAAAAABAAEAAAICTAEAOw==\" alt=\"\" width=\"300\" height=\"200\" sizes=\"(max-width: 300px) 100vw, 300px\" data-src=\"data:image\/gif;base64,R0lGODlhAQABAAAAACH5BAEKAAEALAAAAAABAAEAAAICTAEAOw==\" data-srcset=\"\" srcset=\"\"><\/a><\/p>\n<p>&nbsp;<\/p>\n<p><strong>\u00c9TUI DE CHARGEUR D&#039;ALIMENTATION<\/strong><\/p>\n<p>Avec le bo\u00eetier de chargement H850 Power, vous pouvez charger quatre batteries H850 et deux batteries T-one simultan\u00e9ment !<br \/>\nGr\u00e2ce \u00e0 la conception du bo\u00eetier rigide, vous pouvez stocker et transporter les batteries en toute s\u00e9curit\u00e9.<br \/>\nLa conception compacte permet de transporter facilement le bo\u00eetier de charge d&#039;alimentation.<\/p>\n<div>\n<ul>\n<li>\u00a0\u00c9cran LCD couleur de 3,5 pouces<\/li>\n<li>1140 watts (200v-250v)<\/li>\n<li>220\/110 volts<\/li>\n<li>Mallette de transport<\/li>\n<li>Facile \u00e0 utiliser<\/li>\n<li>Alarme sonore<\/li>\n<li>Compact (370 \u00d7 270 \u00d7 220 mm)<\/li>\n<li>Housse de protection de batterie en mousse<\/li>\n<\/ul>\n<\/div>\n<p><strong>Contenu de la bo\u00eete :<\/strong><\/p>\n<ul>\n<li>1x H850-RTK<\/li>\n<li>2x Batterie de vol<\/li>\n<li>1x contr\u00f4leur T-one<\/li>\n<li>1x batterie T-one<\/li>\n<li>1x Mallette de transport<\/li>\n<li>1x \u00e9tui de chargeur<\/li>\n<li>1x Kit d&#039;outils de r\u00e9paration<\/li>\n<li>1x Guide de d\u00e9marrage rapide<\/li>\n<li>1x Carte de r\u00e9f\u00e9rence<\/li>\n<\/ul>\n<\/div>","protected":false},"excerpt":{"rendered":"<p class=\"translation-block\">D\u00e9couvrez la toute nouvelle <strong>s\u00e9rie Yuneec H850<\/strong>\u00a0: un hexacopt\u00e8re commercial \u00e0 forte capacit\u00e9 de charge, dot\u00e9 d&#039;un rayon d&#039;action et de capacit\u00e9s \u00e9tendus. Con\u00e7u pour les professionnels, le Yuneec H850 est \u00e9quip\u00e9 de deux modules GPS et RTK pour une navigation GPS \u00e0 double antenne et une redondance. Sa double batterie intelligente permet le remplacement \u00e0 chaud afin de r\u00e9duire les temps d&#039;arr\u00eat et les red\u00e9marrages du syst\u00e8me.<\/p>\n<p class=\"translation-block\">La s\u00e9rie H850 <strong>est compatible avec toutes les charges utiles H520E existantes<\/strong> , mais fonctionnera \u00e9galement avec une nouvelle gamme de charges utiles allant du LiDAR aux syst\u00e8mes de haut-parleurs et aux projecteurs.<\/p>","protected":false},"featured_media":7768,"comment_status":"open","ping_status":"closed","template":"","meta":[],"product_brand":[],"product_cat":[29,307,118],"product_tag":[425,424,389,423,426,54,427,422,121,540],"class_list":{"0":"post-7760","1":"product","2":"type-product","3":"status-publish","4":"has-post-thumbnail","6":"product_cat-drones","7":"product_cat-drones-yuneec","8":"product_cat-yuneec","9":"product_tag-agriculture-field","10":"product_tag-construction","11":"product_tag-h850","12":"product_tag-mining-aggregates","13":"product_tag-researchenvironment","14":"product_tag-rtk","15":"product_tag-searchrescue","16":"product_tag-surveying-gis","17":"product_tag-yuneec","18":"product_tag-yuneec-h850-rtk","20":"first","21":"onbackorder","22":"taxable","23":"shipping-taxable","24":"purchasable","25":"product-type-simple"},"yoast_head":"<!-- This site is optimized with the Yoast SEO plugin v27.4 - https:\/\/yoast.com\/product\/yoast-seo-wordpress\/ -->\n<title>Yuneec H850-RTK<\/title>\n<meta name=\"description\" content=\"Introducing the all-new Yuneec H850 series - a high lift-capacity commercial hexacopter with extended flight range and capabilities. More than 60 min of flight,\" \/>\n<meta name=\"robots\" content=\"index, follow, max-snippet:-1, max-image-preview:large, max-video-preview:-1\" \/>\n<link rel=\"canonical\" href=\"https:\/\/www.ghostysky.com\/fr\/product\/yuneec-h850-rtk\/\" \/>\n<meta property=\"og:locale\" content=\"fr_FR\" \/>\n<meta property=\"og:type\" content=\"article\" \/>\n<meta property=\"og:title\" content=\"Yuneec H850-RTK\" \/>\n<meta property=\"og:description\" content=\"Introducing the all-new Yuneec H850 series - a high lift-capacity commercial hexacopter with extended flight range and capabilities. More than 60 min of flight,\" \/>\n<meta property=\"og:url\" content=\"https:\/\/www.ghostysky.com\/fr\/product\/yuneec-h850-rtk\/\" \/>\n<meta property=\"og:site_name\" content=\"Ghostysky\" \/>\n<meta property=\"article:publisher\" content=\"https:\/\/www.facebook.com\/people\/Ghostysky\/100057676170234\/\" \/>\n<meta property=\"article:modified_time\" content=\"2024-12-20T20:56:29+00:00\" \/>\n<meta property=\"og:image\" content=\"https:\/\/www.ghostysky.com\/wp-content\/uploads\/2022\/07\/Yuneec-H850-E20TVx.jpg\" \/>\n\t<meta property=\"og:image:width\" content=\"2430\" \/>\n\t<meta property=\"og:image:height\" content=\"1620\" \/>\n\t<meta property=\"og:image:type\" content=\"image\/jpeg\" \/>\n<meta name=\"twitter:card\" content=\"summary_large_image\" \/>\n<meta name=\"twitter:site\" content=\"@Gh0stysky\" \/>\n<meta name=\"twitter:label1\" content=\"Dur\u00e9e de lecture estim\u00e9e\" \/>\n\t<meta name=\"twitter:data1\" content=\"5 minutes\" \/>\n<script type=\"application\/ld+json\" class=\"yoast-schema-graph\">{\"@context\":\"https:\\\/\\\/schema.org\",\"@graph\":[{\"@type\":\"WebPage\",\"@id\":\"https:\\\/\\\/www.ghostysky.com\\\/product\\\/yuneec-h850-rtk\\\/\",\"url\":\"https:\\\/\\\/www.ghostysky.com\\\/product\\\/yuneec-h850-rtk\\\/\",\"name\":\"Yuneec H850-RTK\",\"isPartOf\":{\"@id\":\"https:\\\/\\\/www.ghostysky.com\\\/#website\"},\"primaryImageOfPage\":{\"@id\":\"https:\\\/\\\/www.ghostysky.com\\\/product\\\/yuneec-h850-rtk\\\/#primaryimage\"},\"image\":{\"@id\":\"https:\\\/\\\/www.ghostysky.com\\\/product\\\/yuneec-h850-rtk\\\/#primaryimage\"},\"thumbnailUrl\":\"https:\\\/\\\/www.ghostysky.com\\\/wp-content\\\/uploads\\\/2022\\\/07\\\/Yuneec-H850-E20TVx.jpg\",\"datePublished\":\"2022-07-29T16:54:56+00:00\",\"dateModified\":\"2024-12-20T20:56:29+00:00\",\"description\":\"Introducing the all-new Yuneec H850 series - a high lift-capacity commercial hexacopter with extended flight range and capabilities. More than 60 min of flight,\",\"breadcrumb\":{\"@id\":\"https:\\\/\\\/www.ghostysky.com\\\/product\\\/yuneec-h850-rtk\\\/#breadcrumb\"},\"inLanguage\":\"fr-FR\",\"potentialAction\":[{\"@type\":\"ReadAction\",\"target\":[\"https:\\\/\\\/www.ghostysky.com\\\/product\\\/yuneec-h850-rtk\\\/\"]}]},{\"@type\":\"ImageObject\",\"inLanguage\":\"fr-FR\",\"@id\":\"https:\\\/\\\/www.ghostysky.com\\\/product\\\/yuneec-h850-rtk\\\/#primaryimage\",\"url\":\"https:\\\/\\\/www.ghostysky.com\\\/wp-content\\\/uploads\\\/2022\\\/07\\\/Yuneec-H850-E20TVx.jpg\",\"contentUrl\":\"https:\\\/\\\/www.ghostysky.com\\\/wp-content\\\/uploads\\\/2022\\\/07\\\/Yuneec-H850-E20TVx.jpg\",\"width\":2430,\"height\":1620},{\"@type\":\"BreadcrumbList\",\"@id\":\"https:\\\/\\\/www.ghostysky.com\\\/product\\\/yuneec-h850-rtk\\\/#breadcrumb\",\"itemListElement\":[{\"@type\":\"ListItem\",\"position\":1,\"name\":\"Home\",\"item\":\"https:\\\/\\\/www.ghostysky.com\\\/\"},{\"@type\":\"ListItem\",\"position\":2,\"name\":\"Shop\",\"item\":\"https:\\\/\\\/www.ghostysky.com\\\/shop\\\/\"},{\"@type\":\"ListItem\",\"position\":3,\"name\":\"Yuneec H850-RTK\"}]},{\"@type\":\"WebSite\",\"@id\":\"https:\\\/\\\/www.ghostysky.com\\\/#website\",\"url\":\"https:\\\/\\\/www.ghostysky.com\\\/\",\"name\":\"Ghostysky\",\"description\":\"Delivering professional drones and services\",\"publisher\":{\"@id\":\"https:\\\/\\\/www.ghostysky.com\\\/#organization\"},\"potentialAction\":[{\"@type\":\"SearchAction\",\"target\":{\"@type\":\"EntryPoint\",\"urlTemplate\":\"https:\\\/\\\/www.ghostysky.com\\\/?s={search_term_string}\"},\"query-input\":{\"@type\":\"PropertyValueSpecification\",\"valueRequired\":true,\"valueName\":\"search_term_string\"}}],\"inLanguage\":\"fr-FR\"},{\"@type\":\"Organization\",\"@id\":\"https:\\\/\\\/www.ghostysky.com\\\/#organization\",\"name\":\"Ghostysky\",\"url\":\"https:\\\/\\\/www.ghostysky.com\\\/\",\"logo\":{\"@type\":\"ImageObject\",\"inLanguage\":\"fr-FR\",\"@id\":\"https:\\\/\\\/www.ghostysky.com\\\/#\\\/schema\\\/logo\\\/image\\\/\",\"url\":\"https:\\\/\\\/www.ghostysky.com\\\/wp-content\\\/uploads\\\/2020\\\/06\\\/cropped-ghostyskylogo_text_white2.png\",\"contentUrl\":\"https:\\\/\\\/www.ghostysky.com\\\/wp-content\\\/uploads\\\/2020\\\/06\\\/cropped-ghostyskylogo_text_white2.png\",\"width\":169,\"height\":56,\"caption\":\"Ghostysky\"},\"image\":{\"@id\":\"https:\\\/\\\/www.ghostysky.com\\\/#\\\/schema\\\/logo\\\/image\\\/\"},\"sameAs\":[\"https:\\\/\\\/www.facebook.com\\\/people\\\/Ghostysky\\\/100057676170234\\\/\",\"https:\\\/\\\/x.com\\\/Gh0stysky\",\"https:\\\/\\\/www.linkedin.com\\\/company\\\/34739653\",\"https:\\\/\\\/www.instagram.com\\\/gh0stysky\"]}]}<\/script>\n<!-- \/ Yoast SEO plugin. -->","yoast_head_json":{"title":"Yuneec H850-RTK","description":"Pr\u00e9sentation de la toute nouvelle s\u00e9rie Yuneec H850\u00a0: un hexacopt\u00e8re commercial \u00e0 forte capacit\u00e9 de charge, dot\u00e9 d&#039;un rayon d&#039;action et de capacit\u00e9s \u00e9tendus. Plus de 60\u00a0minutes d&#039;autonomie.","robots":{"index":"index","follow":"follow","max-snippet":"max-snippet:-1","max-image-preview":"max-image-preview:large","max-video-preview":"max-video-preview:-1"},"canonical":"https:\/\/www.ghostysky.com\/fr\/product\/yuneec-h850-rtk\/","og_locale":"fr_FR","og_type":"article","og_title":"Yuneec H850-RTK","og_description":"Introducing the all-new Yuneec H850 series - a high lift-capacity commercial hexacopter with extended flight range and capabilities. More than 60 min of flight,","og_url":"https:\/\/www.ghostysky.com\/fr\/product\/yuneec-h850-rtk\/","og_site_name":"Ghostysky","article_publisher":"https:\/\/www.facebook.com\/people\/Ghostysky\/100057676170234\/","article_modified_time":"2024-12-20T20:56:29+00:00","og_image":[{"width":2430,"height":1620,"url":"https:\/\/www.ghostysky.com\/wp-content\/uploads\/2022\/07\/Yuneec-H850-E20TVx.jpg","type":"image\/jpeg"}],"twitter_card":"summary_large_image","twitter_site":"@Gh0stysky","twitter_misc":{"Dur\u00e9e de lecture estim\u00e9e":"5 minutes"},"schema":{"@context":"https:\/\/schema.org","@graph":[{"@type":"WebPage","@id":"https:\/\/www.ghostysky.com\/product\/yuneec-h850-rtk\/","url":"https:\/\/www.ghostysky.com\/product\/yuneec-h850-rtk\/","name":"Yuneec H850-RTK","isPartOf":{"@id":"https:\/\/www.ghostysky.com\/#website"},"primaryImageOfPage":{"@id":"https:\/\/www.ghostysky.com\/product\/yuneec-h850-rtk\/#primaryimage"},"image":{"@id":"https:\/\/www.ghostysky.com\/product\/yuneec-h850-rtk\/#primaryimage"},"thumbnailUrl":"https:\/\/www.ghostysky.com\/wp-content\/uploads\/2022\/07\/Yuneec-H850-E20TVx.jpg","datePublished":"2022-07-29T16:54:56+00:00","dateModified":"2024-12-20T20:56:29+00:00","description":"Pr\u00e9sentation de la toute nouvelle s\u00e9rie Yuneec H850\u00a0: un hexacopt\u00e8re commercial \u00e0 forte capacit\u00e9 de charge, dot\u00e9 d&#039;un rayon d&#039;action et de capacit\u00e9s \u00e9tendus. Plus de 60\u00a0minutes d&#039;autonomie.","breadcrumb":{"@id":"https:\/\/www.ghostysky.com\/product\/yuneec-h850-rtk\/#breadcrumb"},"inLanguage":"fr-FR","potentialAction":[{"@type":"ReadAction","target":["https:\/\/www.ghostysky.com\/product\/yuneec-h850-rtk\/"]}]},{"@type":"ImageObject","inLanguage":"fr-FR","@id":"https:\/\/www.ghostysky.com\/product\/yuneec-h850-rtk\/#primaryimage","url":"https:\/\/www.ghostysky.com\/wp-content\/uploads\/2022\/07\/Yuneec-H850-E20TVx.jpg","contentUrl":"https:\/\/www.ghostysky.com\/wp-content\/uploads\/2022\/07\/Yuneec-H850-E20TVx.jpg","width":2430,"height":1620},{"@type":"BreadcrumbList","@id":"https:\/\/www.ghostysky.com\/product\/yuneec-h850-rtk\/#breadcrumb","itemListElement":[{"@type":"ListItem","position":1,"name":"Home","item":"https:\/\/www.ghostysky.com\/"},{"@type":"ListItem","position":2,"name":"Shop","item":"https:\/\/www.ghostysky.com\/shop\/"},{"@type":"ListItem","position":3,"name":"Yuneec H850-RTK"}]},{"@type":"WebSite","@id":"https:\/\/www.ghostysky.com\/#website","url":"https:\/\/www.ghostysky.com\/","name":"Ghostysky","description":"Livraison de drones et de services professionnels","publisher":{"@id":"https:\/\/www.ghostysky.com\/#organization"},"potentialAction":[{"@type":"SearchAction","target":{"@type":"EntryPoint","urlTemplate":"https:\/\/www.ghostysky.com\/?s={search_term_string}"},"query-input":{"@type":"PropertyValueSpecification","valueRequired":true,"valueName":"search_term_string"}}],"inLanguage":"fr-FR"},{"@type":"Organization","@id":"https:\/\/www.ghostysky.com\/#organization","name":"Ghostysky","url":"https:\/\/www.ghostysky.com\/","logo":{"@type":"ImageObject","inLanguage":"fr-FR","@id":"https:\/\/www.ghostysky.com\/#\/schema\/logo\/image\/","url":"https:\/\/www.ghostysky.com\/wp-content\/uploads\/2020\/06\/cropped-ghostyskylogo_text_white2.png","contentUrl":"https:\/\/www.ghostysky.com\/wp-content\/uploads\/2020\/06\/cropped-ghostyskylogo_text_white2.png","width":169,"height":56,"caption":"Ghostysky"},"image":{"@id":"https:\/\/www.ghostysky.com\/#\/schema\/logo\/image\/"},"sameAs":["https:\/\/www.facebook.com\/people\/Ghostysky\/100057676170234\/","https:\/\/x.com\/Gh0stysky","https:\/\/www.linkedin.com\/company\/34739653","https:\/\/www.instagram.com\/gh0stysky"]}]}},"_links":{"self":[{"href":"https:\/\/www.ghostysky.com\/fr\/wp-json\/wp\/v2\/product\/7760","targetHints":{"allow":["GET"]}}],"collection":[{"href":"https:\/\/www.ghostysky.com\/fr\/wp-json\/wp\/v2\/product"}],"about":[{"href":"https:\/\/www.ghostysky.com\/fr\/wp-json\/wp\/v2\/types\/product"}],"replies":[{"embeddable":true,"href":"https:\/\/www.ghostysky.com\/fr\/wp-json\/wp\/v2\/comments?post=7760"}],"version-history":[{"count":0,"href":"https:\/\/www.ghostysky.com\/fr\/wp-json\/wp\/v2\/product\/7760\/revisions"}],"wp:featuredmedia":[{"embeddable":true,"href":"https:\/\/www.ghostysky.com\/fr\/wp-json\/wp\/v2\/media\/7768"}],"wp:attachment":[{"href":"https:\/\/www.ghostysky.com\/fr\/wp-json\/wp\/v2\/media?parent=7760"}],"wp:term":[{"taxonomy":"product_brand","embeddable":true,"href":"https:\/\/www.ghostysky.com\/fr\/wp-json\/wp\/v2\/product_brand?post=7760"},{"taxonomy":"product_cat","embeddable":true,"href":"https:\/\/www.ghostysky.com\/fr\/wp-json\/wp\/v2\/product_cat?post=7760"},{"taxonomy":"product_tag","embeddable":true,"href":"https:\/\/www.ghostysky.com\/fr\/wp-json\/wp\/v2\/product_tag?post=7760"}],"curies":[{"name":"wp","href":"https:\/\/api.w.org\/{rel}","templated":true}]}}