{"id":7782,"date":"2022-07-29T17:44:54","date_gmt":"2022-07-29T17:44:54","guid":{"rendered":"https:\/\/www.ghostysky.com\/?post_type=product&#038;p=7782"},"modified":"2024-05-26T10:27:50","modified_gmt":"2024-05-26T10:27:50","slug":"e20tvx-radiometric-thermal-camera-for-h520e-h850","status":"publish","type":"product","link":"https:\/\/www.ghostysky.com\/fr\/product\/e20tvx-radiometric-thermal-camera-for-h520e-h850\/","title":{"rendered":"Cam\u00e9ra thermique radiom\u00e9trique E20Tvx pour H520E et H850"},"content":{"rendered":"<div class=\"product--description\">\n<p><strong>ENTI\u00c8REMENT RADIOM\u00c9TRIQUE<\/strong><\/p>\n<p>Gr\u00e2ce \u00e0 la technologie radiom\u00e9trique, l&#039;E20Tvx peut mesurer la temp\u00e9rature d&#039;une zone en interpr\u00e9tant l&#039;intensit\u00e9 d&#039;un signal infrarouge atteignant la cam\u00e9ra. Elle collecte les donn\u00e9es pour chaque pixel de l&#039;image, qui peuvent ensuite \u00eatre facilement transf\u00e9r\u00e9es vers un logiciel standard pour des analyses et des rapports plus pr\u00e9cis.<\/p>\n<p><img fetchpriority=\"high\" decoding=\"async\" src=\"data:image\/gif;base64,R0lGODlhAQABAAAAACH5BAEKAAEALAAAAAABAAEAAAICTAEAOw==\" alt=\"Image thermique\" width=\"600\" height=\"341\" class=\"lazyload\" data-src=\"data:image\/gif;base64,R0lGODlhAQABAAAAACH5BAEKAAEALAAAAAABAAEAAAICTAEAOw==\"><\/p>\n<p>&nbsp;<\/p>\n<p><strong>Caract\u00e9ristiques principales :<\/strong><\/p>\n<ul>\n<li>Haute sensibilit\u00e9 pour une reconnaissance claire et d\u00e9taill\u00e9e des cibles.<\/li>\n<li>Mesure de temp\u00e9rature d\u00e9taill\u00e9e et pr\u00e9cise pour chaque pixel.<\/li>\n<li>Palettes de couleurs ajustables en fonction des exigences de la t\u00e2che.<\/li>\n<li>Modes de gain r\u00e9glables pour modifier la plage de temp\u00e9rature mesur\u00e9e.<\/li>\n<li>Analyse post-vol pr\u00e9cise avec des donn\u00e9es quantifiables.<\/li>\n<li>Convient aux t\u00e2ches li\u00e9es \u00e0 l&#039;inspection (b\u00e2timents, panneaux solaires et lignes \u00e9lectriques), \u00e0 la recherche et au sauvetage, \u00e0 la lutte contre les incendies et \u00e0 l&#039;application de la loi.<\/li>\n<li><strong>L&#039;appareil photo est compatible avec H520E et H850<\/strong><\/li>\n<\/ul>\n<p>&nbsp;<\/p>\n<\/div>\n<div class=\"product--properties panel has--border\">\n<table class=\"product--properties-table\">\n<tbody>\n<tr class=\"product--properties-row\">\n<td class=\"product--properties-label is--bold\">Poids de l&#039;appareil photo :<\/td>\n<td class=\"product--properties-value\">358 g<\/td>\n<\/tr>\n<tr class=\"product--properties-row\">\n<td class=\"product--properties-label is--bold\">CARDAN :<\/td>\n<td class=\"product--properties-value\">\u2014\u2014\u2014\u2014\u2014<\/td>\n<\/tr>\n<tr class=\"product--properties-row\">\n<td class=\"product--properties-label is--bold\">Plage de vibrations angulaires :<\/td>\n<td class=\"product--properties-value\">\u00b10,02\u00b0<\/td>\n<\/tr>\n<tr class=\"product--properties-row\">\n<td class=\"product--properties-label is--bold\">Plage contr\u00f4lable :<\/td>\n<td class=\"product--properties-value\">Inclinaison : -110\u00b0 \u00e0 30\u00b0 \/ Panoramique : \u00b1165\u00b0<\/td>\n<\/tr>\n<tr class=\"product--properties-row\">\n<td class=\"product--properties-label is--bold\">Vitesse angulaire max. :<\/td>\n<td class=\"product--properties-value\">Inclinaison : 30\u00b0\/s, Panoramique : 120\u00b0\/s<\/td>\n<\/tr>\n<tr class=\"product--properties-row\">\n<td class=\"product--properties-label is--bold\">Temp\u00e9rature de fonctionnement :<\/td>\n<td class=\"product--properties-value\">-10\u00b0C \u2013 40\u00b0C<\/td>\n<\/tr>\n<tr class=\"product--properties-row\">\n<td class=\"product--properties-label is--bold\">PARTIE INFRAROUGE :<\/td>\n<td class=\"product--properties-value\">\u2014\u2014\u2014\u2014\u2014<\/td>\n<\/tr>\n<tr class=\"product--properties-row\">\n<td class=\"product--properties-label is--bold\">Champ de vision, diagonale :<\/td>\n<td class=\"product--properties-value\">41,4\u00b0<\/td>\n<\/tr>\n<tr class=\"product--properties-row\">\n<td class=\"product--properties-label is--bold\">Champ de vision :<\/td>\n<td class=\"product--properties-value\">33\u00b0 x 26,6\u00b0<\/td>\n<\/tr>\n<tr class=\"product--properties-row\">\n<td class=\"product--properties-label is--bold\">Sensibilit\u00e9:<\/td>\n<td class=\"product--properties-value\">&lt; 50 mK<\/td>\n<\/tr>\n<tr class=\"product--properties-row\">\n<td class=\"product--properties-label is--bold\">Pas de pixel :<\/td>\n<td class=\"product--properties-value\">12 um<\/td>\n<\/tr>\n<tr class=\"product--properties-row\">\n<td class=\"product--properties-label is--bold\">Longueur d&#039;onde LWIR :<\/td>\n<td class=\"product--properties-value\">8 \u2013 14 \u03bcm<\/td>\n<\/tr>\n<tr class=\"product--properties-row\">\n<td class=\"product--properties-label is--bold\">Fr\u00e9quence:<\/td>\n<td class=\"product--properties-value\">Fr\u00e9quence d&#039;images maximale\u00a0: 25\u00a0Hz<\/td>\n<\/tr>\n<tr class=\"product--properties-row\">\n<td class=\"product--properties-label is--bold\">Format photo :<\/td>\n<td class=\"product--properties-value\">JPEG<\/td>\n<\/tr>\n<tr class=\"product--properties-row\">\n<td class=\"product--properties-label is--bold\">Format vid\u00e9o :<\/td>\n<td class=\"product--properties-value\">MP4<\/td>\n<\/tr>\n<tr class=\"product--properties-row\">\n<td class=\"product--properties-label is--bold\">Compensation de temp\u00e9rature :<\/td>\n<td class=\"product--properties-value\">Auto<\/td>\n<\/tr>\n<tr class=\"product--properties-row\">\n<td class=\"product--properties-label is--bold\">R\u00e9solution:<\/td>\n<td class=\"product--properties-value\">640\u00d7512<\/td>\n<\/tr>\n<tr class=\"product--properties-row\">\n<td class=\"product--properties-label is--bold\">Plage de mesure de la temp\u00e9rature :<\/td>\n<td class=\"product--properties-value\">Gain \u00e9lev\u00e9 -20\u00b0-150\u00b0 Gain faible 100\u00b0-500\u00b0<\/td>\n<\/tr>\n<tr class=\"product--properties-row\">\n<td class=\"product--properties-label is--bold\">PARTIE OPTIQUE :<\/td>\n<td class=\"product--properties-value\">\u2014\u2014\u2014\u2013<\/td>\n<\/tr>\n<tr class=\"product--properties-row\">\n<td class=\"product--properties-label is--bold\">Capteur:<\/td>\n<td class=\"product--properties-value\">1\/2,8\u2033 2,13 MP<\/td>\n<\/tr>\n<tr class=\"product--properties-row\">\n<td class=\"product--properties-label is--bold\">Ouverture:<\/td>\n<td class=\"product--properties-value\">F2.8<\/td>\n<\/tr>\n<tr class=\"product--properties-row\">\n<td class=\"product--properties-label is--bold\">\u00c9quivalent, distance focale :<\/td>\n<td class=\"product--properties-value\">23 mm<\/td>\n<\/tr>\n<tr class=\"product--properties-row\">\n<td class=\"product--properties-label is--bold\">Champ de vision diagonal :<\/td>\n<td class=\"product--properties-value\">90\u00b0<\/td>\n<\/tr>\n<tr class=\"product--properties-row\">\n<td class=\"product--properties-label is--bold\">Plage ISO :<\/td>\n<td class=\"product--properties-value\">100-3200<\/td>\n<\/tr>\n<tr class=\"product--properties-row\">\n<td class=\"product--properties-label is--bold\">Vitesse d&#039;obturation:<\/td>\n<td class=\"product--properties-value\">1\/30-1\/8000s<\/td>\n<\/tr>\n<tr class=\"product--properties-row\">\n<td class=\"product--properties-label is--bold\">R\u00e9solution vid\u00e9o:<\/td>\n<td class=\"product--properties-value\">1920*1080p 60fps<\/td>\n<\/tr>\n<\/tbody>\n<\/table>\n<\/div>","protected":false},"excerpt":{"rendered":"<div class=\"content--title\"><strong>SOLUTION D&#039;IMAGERIE THERMIQUE POUR H520E &amp; H850<\/strong><\/div>\n<div class=\"product--description\">\n<p class=\"translation-block\">Notre nouvelle cam\u00e9ra E20Tvx NETD pour les mod\u00e8les H520E et H850 est disponible en r\u00e9solution 640 \u00d7 512 et avec la capacit\u00e9 de<br> Capturez les donn\u00e9es de temp\u00e9rature pour une \u00e9valuation quantitative. La cam\u00e9ra RVB \u00e0 lumi\u00e8re r\u00e9siduelle offre une sensibilit\u00e9 20 fois sup\u00e9rieure.<br> que l&#039;\u0153il humain et capture des images de haute qualit\u00e9, m\u00eame en tr\u00e8s faible luminosit\u00e9. Compact, l\u00e9ger et, gr\u00e2ce \u00e0<br> Gr\u00e2ce \u00e0 sa haute sensibilit\u00e9, c&#039;est un outil fiable qui reconna\u00eet clairement et en d\u00e9tail les objets cibles.<\/p>\n<\/div>","protected":false},"featured_media":7784,"comment_status":"open","ping_status":"closed","template":"","meta":[],"product_brand":[],"product_cat":[120,29,118],"product_tag":[390,131,389,392,391,121],"class_list":{"0":"post-7782","1":"product","2":"type-product","3":"status-publish","4":"has-post-thumbnail","6":"product_cat-yuneec-cameras","7":"product_cat-drones","8":"product_cat-yuneec","9":"product_tag-e20tvx","10":"product_tag-h520","11":"product_tag-h850","12":"product_tag-radiometric","13":"product_tag-thermal","14":"product_tag-yuneec","16":"first","17":"outofstock","18":"taxable","19":"shipping-taxable","20":"purchasable","21":"product-type-simple"},"yoast_head":"<!-- This site is optimized with the Yoast SEO plugin v27.1.1 - https:\/\/yoast.com\/product\/yoast-seo-wordpress\/ -->\n<title>E20Tvx Radiometric Thermal Camera for H520E &amp; H850 -<\/title>\n<meta name=\"description\" content=\"THERMAL IMAGING SOLUTION FOR H520E &amp; H850Our new E20Tvx NETD camera for the H520E &amp; H850 comes in 640x512 resolution and with the ability tocapture temperature data for quantitative assessment.\" \/>\n<meta name=\"robots\" content=\"index, follow, max-snippet:-1, max-image-preview:large, max-video-preview:-1\" \/>\n<link rel=\"canonical\" href=\"https:\/\/www.ghostysky.com\/fr\/product\/e20tvx-radiometric-thermal-camera-for-h520e-h850\/\" \/>\n<meta property=\"og:locale\" content=\"fr_FR\" \/>\n<meta property=\"og:type\" content=\"article\" \/>\n<meta property=\"og:title\" content=\"E20Tvx Radiometric Thermal Camera for H520E &amp; H850 -\" \/>\n<meta property=\"og:description\" content=\"THERMAL IMAGING SOLUTION FOR H520E &amp; H850Our new E20Tvx NETD camera for the H520E &amp; H850 comes in 640x512 resolution and with the ability tocapture temperature data for quantitative assessment.\" \/>\n<meta property=\"og:url\" content=\"https:\/\/www.ghostysky.com\/fr\/product\/e20tvx-radiometric-thermal-camera-for-h520e-h850\/\" \/>\n<meta property=\"og:site_name\" content=\"Ghostysky\" \/>\n<meta property=\"article:publisher\" content=\"https:\/\/www.facebook.com\/people\/Ghostysky\/100057676170234\/\" \/>\n<meta property=\"article:modified_time\" content=\"2024-05-26T10:27:50+00:00\" \/>\n<meta property=\"og:image\" content=\"https:\/\/www.ghostysky.com\/wp-content\/uploads\/2022\/07\/E20TVX.jpg\" \/>\n\t<meta property=\"og:image:width\" content=\"600\" \/>\n\t<meta property=\"og:image:height\" content=\"600\" \/>\n\t<meta property=\"og:image:type\" content=\"image\/jpeg\" \/>\n<meta name=\"twitter:card\" content=\"summary_large_image\" \/>\n<meta name=\"twitter:site\" content=\"@Gh0stysky\" \/>\n<meta name=\"twitter:label1\" content=\"Dur\u00e9e de lecture estim\u00e9e\" \/>\n\t<meta name=\"twitter:data1\" content=\"2 minutes\" \/>\n<script type=\"application\/ld+json\" class=\"yoast-schema-graph\">{\"@context\":\"https:\/\/schema.org\",\"@graph\":[{\"@type\":\"WebPage\",\"@id\":\"https:\/\/www.ghostysky.com\/product\/e20tvx-radiometric-thermal-camera-for-h520e-h850\/\",\"url\":\"https:\/\/www.ghostysky.com\/product\/e20tvx-radiometric-thermal-camera-for-h520e-h850\/\",\"name\":\"E20Tvx Radiometric Thermal Camera for H520E & H850 -\",\"isPartOf\":{\"@id\":\"https:\/\/www.ghostysky.com\/#website\"},\"primaryImageOfPage\":{\"@id\":\"https:\/\/www.ghostysky.com\/product\/e20tvx-radiometric-thermal-camera-for-h520e-h850\/#primaryimage\"},\"image\":{\"@id\":\"https:\/\/www.ghostysky.com\/product\/e20tvx-radiometric-thermal-camera-for-h520e-h850\/#primaryimage\"},\"thumbnailUrl\":\"https:\/\/www.ghostysky.com\/wp-content\/uploads\/2022\/07\/E20TVX.jpg\",\"datePublished\":\"2022-07-29T17:44:54+00:00\",\"dateModified\":\"2024-05-26T10:27:50+00:00\",\"description\":\"THERMAL IMAGING SOLUTION FOR H520E & H850Our new E20Tvx NETD camera for the H520E & H850 comes in 640x512 resolution and with the ability tocapture temperature data for quantitative assessment.\",\"breadcrumb\":{\"@id\":\"https:\/\/www.ghostysky.com\/product\/e20tvx-radiometric-thermal-camera-for-h520e-h850\/#breadcrumb\"},\"inLanguage\":\"fr-FR\",\"potentialAction\":[{\"@type\":\"ReadAction\",\"target\":[\"https:\/\/www.ghostysky.com\/product\/e20tvx-radiometric-thermal-camera-for-h520e-h850\/\"]}]},{\"@type\":\"ImageObject\",\"inLanguage\":\"fr-FR\",\"@id\":\"https:\/\/www.ghostysky.com\/product\/e20tvx-radiometric-thermal-camera-for-h520e-h850\/#primaryimage\",\"url\":\"https:\/\/www.ghostysky.com\/wp-content\/uploads\/2022\/07\/E20TVX.jpg\",\"contentUrl\":\"https:\/\/www.ghostysky.com\/wp-content\/uploads\/2022\/07\/E20TVX.jpg\",\"width\":600,\"height\":600},{\"@type\":\"BreadcrumbList\",\"@id\":\"https:\/\/www.ghostysky.com\/product\/e20tvx-radiometric-thermal-camera-for-h520e-h850\/#breadcrumb\",\"itemListElement\":[{\"@type\":\"ListItem\",\"position\":1,\"name\":\"Home\",\"item\":\"https:\/\/www.ghostysky.com\/\"},{\"@type\":\"ListItem\",\"position\":2,\"name\":\"Shop\",\"item\":\"https:\/\/www.ghostysky.com\/shop\/\"},{\"@type\":\"ListItem\",\"position\":3,\"name\":\"E20Tvx Radiometric Thermal Camera for H520E &#038; H850\"}]},{\"@type\":\"WebSite\",\"@id\":\"https:\/\/www.ghostysky.com\/#website\",\"url\":\"https:\/\/www.ghostysky.com\/\",\"name\":\"Ghostysky\",\"description\":\"Delivering professional drones and services\",\"publisher\":{\"@id\":\"https:\/\/www.ghostysky.com\/#organization\"},\"potentialAction\":[{\"@type\":\"SearchAction\",\"target\":{\"@type\":\"EntryPoint\",\"urlTemplate\":\"https:\/\/www.ghostysky.com\/?s={search_term_string}\"},\"query-input\":{\"@type\":\"PropertyValueSpecification\",\"valueRequired\":true,\"valueName\":\"search_term_string\"}}],\"inLanguage\":\"fr-FR\"},{\"@type\":\"Organization\",\"@id\":\"https:\/\/www.ghostysky.com\/#organization\",\"name\":\"Ghostysky\",\"url\":\"https:\/\/www.ghostysky.com\/\",\"logo\":{\"@type\":\"ImageObject\",\"inLanguage\":\"fr-FR\",\"@id\":\"https:\/\/www.ghostysky.com\/#\/schema\/logo\/image\/\",\"url\":\"https:\/\/www.ghostysky.com\/wp-content\/uploads\/2020\/06\/cropped-ghostyskylogo_text_white2.png\",\"contentUrl\":\"https:\/\/www.ghostysky.com\/wp-content\/uploads\/2020\/06\/cropped-ghostyskylogo_text_white2.png\",\"width\":169,\"height\":56,\"caption\":\"Ghostysky\"},\"image\":{\"@id\":\"https:\/\/www.ghostysky.com\/#\/schema\/logo\/image\/\"},\"sameAs\":[\"https:\/\/www.facebook.com\/people\/Ghostysky\/100057676170234\/\",\"https:\/\/x.com\/Gh0stysky\",\"https:\/\/www.linkedin.com\/company\/34739653\",\"https:\/\/www.instagram.com\/gh0stysky\"]}]}<\/script>\n<!-- \/ Yoast SEO plugin. -->","yoast_head_json":{"title":"Cam\u00e9ra thermique radiom\u00e9trique E20Tvx pour H520E et H850 -","description":"SOLUTION D&#039;IMAGERIE THERMIQUE POUR H520E &amp; H850Notre nouvelle cam\u00e9ra E20Tvx NETD pour H520E &amp; H850 est disponible en r\u00e9solution 640x512 et avec la capacit\u00e9 de capturer des donn\u00e9es de temp\u00e9rature pour une \u00e9valuation quantitative.","robots":{"index":"index","follow":"follow","max-snippet":"max-snippet:-1","max-image-preview":"max-image-preview:large","max-video-preview":"max-video-preview:-1"},"canonical":"https:\/\/www.ghostysky.com\/fr\/product\/e20tvx-radiometric-thermal-camera-for-h520e-h850\/","og_locale":"fr_FR","og_type":"article","og_title":"E20Tvx Radiometric Thermal Camera for H520E & H850 -","og_description":"THERMAL IMAGING SOLUTION FOR H520E & H850Our new E20Tvx NETD camera for the H520E & H850 comes in 640x512 resolution and with the ability tocapture temperature data for quantitative assessment.","og_url":"https:\/\/www.ghostysky.com\/fr\/product\/e20tvx-radiometric-thermal-camera-for-h520e-h850\/","og_site_name":"Ghostysky","article_publisher":"https:\/\/www.facebook.com\/people\/Ghostysky\/100057676170234\/","article_modified_time":"2024-05-26T10:27:50+00:00","og_image":[{"width":600,"height":600,"url":"https:\/\/www.ghostysky.com\/wp-content\/uploads\/2022\/07\/E20TVX.jpg","type":"image\/jpeg"}],"twitter_card":"summary_large_image","twitter_site":"@Gh0stysky","twitter_misc":{"Dur\u00e9e de lecture estim\u00e9e":"2 minutes"},"schema":{"@context":"https:\/\/schema.org","@graph":[{"@type":"WebPage","@id":"https:\/\/www.ghostysky.com\/product\/e20tvx-radiometric-thermal-camera-for-h520e-h850\/","url":"https:\/\/www.ghostysky.com\/product\/e20tvx-radiometric-thermal-camera-for-h520e-h850\/","name":"Cam\u00e9ra thermique radiom\u00e9trique E20Tvx pour H520E et H850 -","isPartOf":{"@id":"https:\/\/www.ghostysky.com\/#website"},"primaryImageOfPage":{"@id":"https:\/\/www.ghostysky.com\/product\/e20tvx-radiometric-thermal-camera-for-h520e-h850\/#primaryimage"},"image":{"@id":"https:\/\/www.ghostysky.com\/product\/e20tvx-radiometric-thermal-camera-for-h520e-h850\/#primaryimage"},"thumbnailUrl":"https:\/\/www.ghostysky.com\/wp-content\/uploads\/2022\/07\/E20TVX.jpg","datePublished":"2022-07-29T17:44:54+00:00","dateModified":"2024-05-26T10:27:50+00:00","description":"SOLUTION D&#039;IMAGERIE THERMIQUE POUR H520E &amp; H850Notre nouvelle cam\u00e9ra E20Tvx NETD pour H520E &amp; H850 est disponible en r\u00e9solution 640x512 et avec la capacit\u00e9 de capturer des donn\u00e9es de temp\u00e9rature pour une \u00e9valuation quantitative.","breadcrumb":{"@id":"https:\/\/www.ghostysky.com\/product\/e20tvx-radiometric-thermal-camera-for-h520e-h850\/#breadcrumb"},"inLanguage":"fr-FR","potentialAction":[{"@type":"ReadAction","target":["https:\/\/www.ghostysky.com\/product\/e20tvx-radiometric-thermal-camera-for-h520e-h850\/"]}]},{"@type":"ImageObject","inLanguage":"fr-FR","@id":"https:\/\/www.ghostysky.com\/product\/e20tvx-radiometric-thermal-camera-for-h520e-h850\/#primaryimage","url":"https:\/\/www.ghostysky.com\/wp-content\/uploads\/2022\/07\/E20TVX.jpg","contentUrl":"https:\/\/www.ghostysky.com\/wp-content\/uploads\/2022\/07\/E20TVX.jpg","width":600,"height":600},{"@type":"BreadcrumbList","@id":"https:\/\/www.ghostysky.com\/product\/e20tvx-radiometric-thermal-camera-for-h520e-h850\/#breadcrumb","itemListElement":[{"@type":"ListItem","position":1,"name":"Home","item":"https:\/\/www.ghostysky.com\/"},{"@type":"ListItem","position":2,"name":"Shop","item":"https:\/\/www.ghostysky.com\/shop\/"},{"@type":"ListItem","position":3,"name":"E20Tvx Radiometric Thermal Camera for H520E &#038; H850"}]},{"@type":"WebSite","@id":"https:\/\/www.ghostysky.com\/#website","url":"https:\/\/www.ghostysky.com\/","name":"Ghostysky","description":"Livraison de drones et de services professionnels","publisher":{"@id":"https:\/\/www.ghostysky.com\/#organization"},"potentialAction":[{"@type":"SearchAction","target":{"@type":"EntryPoint","urlTemplate":"https:\/\/www.ghostysky.com\/?s={search_term_string}"},"query-input":{"@type":"PropertyValueSpecification","valueRequired":true,"valueName":"search_term_string"}}],"inLanguage":"fr-FR"},{"@type":"Organization","@id":"https:\/\/www.ghostysky.com\/#organization","name":"Ghostysky","url":"https:\/\/www.ghostysky.com\/","logo":{"@type":"ImageObject","inLanguage":"fr-FR","@id":"https:\/\/www.ghostysky.com\/#\/schema\/logo\/image\/","url":"https:\/\/www.ghostysky.com\/wp-content\/uploads\/2020\/06\/cropped-ghostyskylogo_text_white2.png","contentUrl":"https:\/\/www.ghostysky.com\/wp-content\/uploads\/2020\/06\/cropped-ghostyskylogo_text_white2.png","width":169,"height":56,"caption":"Ghostysky"},"image":{"@id":"https:\/\/www.ghostysky.com\/#\/schema\/logo\/image\/"},"sameAs":["https:\/\/www.facebook.com\/people\/Ghostysky\/100057676170234\/","https:\/\/x.com\/Gh0stysky","https:\/\/www.linkedin.com\/company\/34739653","https:\/\/www.instagram.com\/gh0stysky"]}]}},"_links":{"self":[{"href":"https:\/\/www.ghostysky.com\/fr\/wp-json\/wp\/v2\/product\/7782","targetHints":{"allow":["GET"]}}],"collection":[{"href":"https:\/\/www.ghostysky.com\/fr\/wp-json\/wp\/v2\/product"}],"about":[{"href":"https:\/\/www.ghostysky.com\/fr\/wp-json\/wp\/v2\/types\/product"}],"replies":[{"embeddable":true,"href":"https:\/\/www.ghostysky.com\/fr\/wp-json\/wp\/v2\/comments?post=7782"}],"wp:featuredmedia":[{"embeddable":true,"href":"https:\/\/www.ghostysky.com\/fr\/wp-json\/wp\/v2\/media\/7784"}],"wp:attachment":[{"href":"https:\/\/www.ghostysky.com\/fr\/wp-json\/wp\/v2\/media?parent=7782"}],"wp:term":[{"taxonomy":"product_brand","embeddable":true,"href":"https:\/\/www.ghostysky.com\/fr\/wp-json\/wp\/v2\/product_brand?post=7782"},{"taxonomy":"product_cat","embeddable":true,"href":"https:\/\/www.ghostysky.com\/fr\/wp-json\/wp\/v2\/product_cat?post=7782"},{"taxonomy":"product_tag","embeddable":true,"href":"https:\/\/www.ghostysky.com\/fr\/wp-json\/wp\/v2\/product_tag?post=7782"}],"curies":[{"name":"wp","href":"https:\/\/api.w.org\/{rel}","templated":true}]}}