{"id":7789,"date":"2022-07-29T18:14:51","date_gmt":"2022-07-29T18:14:51","guid":{"rendered":"https:\/\/www.ghostysky.com\/?post_type=product&#038;p=7789"},"modified":"2024-05-26T10:41:05","modified_gmt":"2024-05-26T10:41:05","slug":"t-one-controller-for-h850-rtk","status":"publish","type":"product","link":"https:\/\/www.ghostysky.com\/fr\/product\/t-one-controller-for-h850-rtk\/","title":{"rendered":"Contr\u00f4leur T-One pour H850-RTK"},"content":{"rendered":"<div class=\"content--title\"><strong>CARACT\u00c9RISTIQUES<\/strong><\/div>\n<div class=\"product--description\">\n<ul>\n<li>\u00e9cran tactile de 7 pouces<\/li>\n<li>R\u00e9solution d&#039;\u00e9cran 1920\u00d71200<\/li>\n<li>Luminance de 1000 nits<\/li>\n<li>Port\u00e9e de 15 km Fcc<\/li>\n<li>Port\u00e9e de 8 km Ce<\/li>\n<li>8 heures de temps de fonctionnement<\/li>\n<li>Batterie 10 000 mAh\/7,4 volts<\/li>\n<li>40 Mbps double bande<\/li>\n<li>Saut de fr\u00e9quence dynamique<\/li>\n<li>IP x4<\/li>\n<li>Processeur hautes performances Cortex A72 et A53<\/li>\n<li>Android 10<\/li>\n<li>32 Go de ROM \/ 4 Go de RAM<\/li>\n<li>HDMI<\/li>\n<li>USB-C, USB-3 et USB-2<\/li>\n<li>Micro SD<\/li>\n<li>1,2 kg seulement<\/li>\n<li>Aucun partage de donn\u00e9es<\/li>\n<li>Mode \u00e9quipe<\/li>\n<\/ul>\n<p><strong>CONTENU DE LA BO\u00ceTE<\/strong><\/p>\n<ul>\n<li>Contr\u00f4leur T-One pour H850<\/li>\n<li>Batterie 10 000 mAh\/7,4 volts<\/li>\n<li>Chargeur 220\/110 volts<\/li>\n<li>C\u00e2ble de chargeur USB-C<\/li>\n<li>Sangle de cou<\/li>\n<\/ul>\n<\/div>","protected":false},"excerpt":{"rendered":"<p>La t\u00e9l\u00e9commande Yuneec T-One est \u00e9quip\u00e9e d&#039;un \u00e9cran tactile ultra haute d\u00e9finition de 7 pouces (1920 x 1200) avec une luminosit\u00e9 de 1000 nits. Elle est \u00e9quip\u00e9e de processeurs Cortex-A72 et Cortex-A53 sous Android 10.0. Son autonomie de 5 \u00e0 6 heures et son d\u00e9marrage \u00e0 froid de moins de 30 secondes font de la T-One une am\u00e9lioration majeure par rapport \u00e0 l&#039;ancienne ST16E. De plus, sa capacit\u00e9 de saut de fr\u00e9quence dynamique intelligent bi-bande de 40 Mbit\/s et sa port\u00e9e de transmission allant jusqu&#039;\u00e0 15 km font de la T-One l&#039;\u00e9metteur le plus performant de Yuneec \u00e0 ce jour.<\/p>","protected":false},"featured_media":7792,"comment_status":"open","ping_status":"closed","template":"","meta":[],"product_brand":[],"product_cat":[119,29,118],"product_tag":[389,394,121],"class_list":{"0":"post-7789","1":"product","2":"type-product","3":"status-publish","4":"has-post-thumbnail","6":"product_cat-yuneec-accessories","7":"product_cat-drones","8":"product_cat-yuneec","9":"product_tag-h850","10":"product_tag-t-one-controller","11":"product_tag-yuneec","13":"first","14":"onbackorder","15":"taxable","16":"shipping-taxable","17":"purchasable","18":"product-type-simple"},"yoast_head":"<!-- This site is optimized with the Yoast SEO plugin v27.1.1 - https:\/\/yoast.com\/product\/yoast-seo-wordpress\/ -->\n<title>T-One Controller for H850-RTK -<\/title>\n<meta name=\"description\" content=\"The Yuneec T-One remote controller features a 7&#039;&#039; built-in 1920x1200 ultra high-definition touchscreen with 1000nit brightness.\" \/>\n<meta name=\"robots\" content=\"index, follow, max-snippet:-1, max-image-preview:large, max-video-preview:-1\" \/>\n<link rel=\"canonical\" href=\"https:\/\/www.ghostysky.com\/fr\/product\/t-one-controller-for-h850-rtk\/\" \/>\n<meta property=\"og:locale\" content=\"fr_FR\" \/>\n<meta property=\"og:type\" content=\"article\" \/>\n<meta property=\"og:title\" content=\"T-One Controller for H850-RTK -\" \/>\n<meta property=\"og:description\" content=\"The Yuneec T-One remote controller features a 7&#039;&#039; built-in 1920x1200 ultra high-definition touchscreen with 1000nit brightness.\" \/>\n<meta property=\"og:url\" content=\"https:\/\/www.ghostysky.com\/fr\/product\/t-one-controller-for-h850-rtk\/\" \/>\n<meta property=\"og:site_name\" content=\"Ghostysky\" \/>\n<meta property=\"article:publisher\" content=\"https:\/\/www.facebook.com\/people\/Ghostysky\/100057676170234\/\" \/>\n<meta property=\"article:modified_time\" content=\"2024-05-26T10:41:05+00:00\" \/>\n<meta property=\"og:image\" content=\"https:\/\/www.ghostysky.com\/wp-content\/uploads\/2022\/07\/T-one_frongMc5W1gE8zSow.jpg\" \/>\n\t<meta property=\"og:image:width\" content=\"1704\" \/>\n\t<meta property=\"og:image:height\" content=\"1500\" \/>\n\t<meta property=\"og:image:type\" content=\"image\/jpeg\" \/>\n<meta name=\"twitter:card\" content=\"summary_large_image\" \/>\n<meta name=\"twitter:site\" content=\"@Gh0stysky\" \/>\n<meta name=\"twitter:label1\" content=\"Dur\u00e9e de lecture estim\u00e9e\" \/>\n\t<meta name=\"twitter:data1\" content=\"1 minute\" \/>\n<script type=\"application\/ld+json\" class=\"yoast-schema-graph\">{\"@context\":\"https:\/\/schema.org\",\"@graph\":[{\"@type\":\"WebPage\",\"@id\":\"https:\/\/www.ghostysky.com\/product\/t-one-controller-for-h850-rtk\/\",\"url\":\"https:\/\/www.ghostysky.com\/product\/t-one-controller-for-h850-rtk\/\",\"name\":\"T-One Controller for H850-RTK -\",\"isPartOf\":{\"@id\":\"https:\/\/www.ghostysky.com\/#website\"},\"primaryImageOfPage\":{\"@id\":\"https:\/\/www.ghostysky.com\/product\/t-one-controller-for-h850-rtk\/#primaryimage\"},\"image\":{\"@id\":\"https:\/\/www.ghostysky.com\/product\/t-one-controller-for-h850-rtk\/#primaryimage\"},\"thumbnailUrl\":\"https:\/\/www.ghostysky.com\/wp-content\/uploads\/2022\/07\/T-one_frongMc5W1gE8zSow.jpg\",\"datePublished\":\"2022-07-29T18:14:51+00:00\",\"dateModified\":\"2024-05-26T10:41:05+00:00\",\"description\":\"The Yuneec T-One remote controller features a 7'' built-in 1920x1200 ultra high-definition touchscreen with 1000nit brightness.\",\"breadcrumb\":{\"@id\":\"https:\/\/www.ghostysky.com\/product\/t-one-controller-for-h850-rtk\/#breadcrumb\"},\"inLanguage\":\"fr-FR\",\"potentialAction\":[{\"@type\":\"ReadAction\",\"target\":[\"https:\/\/www.ghostysky.com\/product\/t-one-controller-for-h850-rtk\/\"]}]},{\"@type\":\"ImageObject\",\"inLanguage\":\"fr-FR\",\"@id\":\"https:\/\/www.ghostysky.com\/product\/t-one-controller-for-h850-rtk\/#primaryimage\",\"url\":\"https:\/\/www.ghostysky.com\/wp-content\/uploads\/2022\/07\/T-one_frongMc5W1gE8zSow.jpg\",\"contentUrl\":\"https:\/\/www.ghostysky.com\/wp-content\/uploads\/2022\/07\/T-one_frongMc5W1gE8zSow.jpg\",\"width\":1704,\"height\":1500},{\"@type\":\"BreadcrumbList\",\"@id\":\"https:\/\/www.ghostysky.com\/product\/t-one-controller-for-h850-rtk\/#breadcrumb\",\"itemListElement\":[{\"@type\":\"ListItem\",\"position\":1,\"name\":\"Home\",\"item\":\"https:\/\/www.ghostysky.com\/\"},{\"@type\":\"ListItem\",\"position\":2,\"name\":\"Shop\",\"item\":\"https:\/\/www.ghostysky.com\/shop\/\"},{\"@type\":\"ListItem\",\"position\":3,\"name\":\"T-One Controller for H850-RTK\"}]},{\"@type\":\"WebSite\",\"@id\":\"https:\/\/www.ghostysky.com\/#website\",\"url\":\"https:\/\/www.ghostysky.com\/\",\"name\":\"Ghostysky\",\"description\":\"Delivering professional drones and services\",\"publisher\":{\"@id\":\"https:\/\/www.ghostysky.com\/#organization\"},\"potentialAction\":[{\"@type\":\"SearchAction\",\"target\":{\"@type\":\"EntryPoint\",\"urlTemplate\":\"https:\/\/www.ghostysky.com\/?s={search_term_string}\"},\"query-input\":{\"@type\":\"PropertyValueSpecification\",\"valueRequired\":true,\"valueName\":\"search_term_string\"}}],\"inLanguage\":\"fr-FR\"},{\"@type\":\"Organization\",\"@id\":\"https:\/\/www.ghostysky.com\/#organization\",\"name\":\"Ghostysky\",\"url\":\"https:\/\/www.ghostysky.com\/\",\"logo\":{\"@type\":\"ImageObject\",\"inLanguage\":\"fr-FR\",\"@id\":\"https:\/\/www.ghostysky.com\/#\/schema\/logo\/image\/\",\"url\":\"https:\/\/www.ghostysky.com\/wp-content\/uploads\/2020\/06\/cropped-ghostyskylogo_text_white2.png\",\"contentUrl\":\"https:\/\/www.ghostysky.com\/wp-content\/uploads\/2020\/06\/cropped-ghostyskylogo_text_white2.png\",\"width\":169,\"height\":56,\"caption\":\"Ghostysky\"},\"image\":{\"@id\":\"https:\/\/www.ghostysky.com\/#\/schema\/logo\/image\/\"},\"sameAs\":[\"https:\/\/www.facebook.com\/people\/Ghostysky\/100057676170234\/\",\"https:\/\/x.com\/Gh0stysky\",\"https:\/\/www.linkedin.com\/company\/34739653\",\"https:\/\/www.instagram.com\/gh0stysky\"]}]}<\/script>\n<!-- \/ Yoast SEO plugin. -->","yoast_head_json":{"title":"Contr\u00f4leur T-One pour H850-RTK -","description":"La t\u00e9l\u00e9commande Yuneec T-One dispose d&#039;un \u00e9cran tactile ultra haute d\u00e9finition 1920x1200 int\u00e9gr\u00e9 de 7&#039;&#039; avec une luminosit\u00e9 de 1000 nits.","robots":{"index":"index","follow":"follow","max-snippet":"max-snippet:-1","max-image-preview":"max-image-preview:large","max-video-preview":"max-video-preview:-1"},"canonical":"https:\/\/www.ghostysky.com\/fr\/product\/t-one-controller-for-h850-rtk\/","og_locale":"fr_FR","og_type":"article","og_title":"T-One Controller for H850-RTK -","og_description":"The Yuneec T-One remote controller features a 7'' built-in 1920x1200 ultra high-definition touchscreen with 1000nit brightness.","og_url":"https:\/\/www.ghostysky.com\/fr\/product\/t-one-controller-for-h850-rtk\/","og_site_name":"Ghostysky","article_publisher":"https:\/\/www.facebook.com\/people\/Ghostysky\/100057676170234\/","article_modified_time":"2024-05-26T10:41:05+00:00","og_image":[{"width":1704,"height":1500,"url":"https:\/\/www.ghostysky.com\/wp-content\/uploads\/2022\/07\/T-one_frongMc5W1gE8zSow.jpg","type":"image\/jpeg"}],"twitter_card":"summary_large_image","twitter_site":"@Gh0stysky","twitter_misc":{"Dur\u00e9e de lecture estim\u00e9e":"1 minute"},"schema":{"@context":"https:\/\/schema.org","@graph":[{"@type":"WebPage","@id":"https:\/\/www.ghostysky.com\/product\/t-one-controller-for-h850-rtk\/","url":"https:\/\/www.ghostysky.com\/product\/t-one-controller-for-h850-rtk\/","name":"Contr\u00f4leur T-One pour H850-RTK -","isPartOf":{"@id":"https:\/\/www.ghostysky.com\/#website"},"primaryImageOfPage":{"@id":"https:\/\/www.ghostysky.com\/product\/t-one-controller-for-h850-rtk\/#primaryimage"},"image":{"@id":"https:\/\/www.ghostysky.com\/product\/t-one-controller-for-h850-rtk\/#primaryimage"},"thumbnailUrl":"https:\/\/www.ghostysky.com\/wp-content\/uploads\/2022\/07\/T-one_frongMc5W1gE8zSow.jpg","datePublished":"2022-07-29T18:14:51+00:00","dateModified":"2024-05-26T10:41:05+00:00","description":"La t\u00e9l\u00e9commande Yuneec T-One dispose d&#039;un \u00e9cran tactile ultra haute d\u00e9finition 1920x1200 int\u00e9gr\u00e9 de 7&#039;&#039; avec une luminosit\u00e9 de 1000 nits.","breadcrumb":{"@id":"https:\/\/www.ghostysky.com\/product\/t-one-controller-for-h850-rtk\/#breadcrumb"},"inLanguage":"fr-FR","potentialAction":[{"@type":"ReadAction","target":["https:\/\/www.ghostysky.com\/product\/t-one-controller-for-h850-rtk\/"]}]},{"@type":"ImageObject","inLanguage":"fr-FR","@id":"https:\/\/www.ghostysky.com\/product\/t-one-controller-for-h850-rtk\/#primaryimage","url":"https:\/\/www.ghostysky.com\/wp-content\/uploads\/2022\/07\/T-one_frongMc5W1gE8zSow.jpg","contentUrl":"https:\/\/www.ghostysky.com\/wp-content\/uploads\/2022\/07\/T-one_frongMc5W1gE8zSow.jpg","width":1704,"height":1500},{"@type":"BreadcrumbList","@id":"https:\/\/www.ghostysky.com\/product\/t-one-controller-for-h850-rtk\/#breadcrumb","itemListElement":[{"@type":"ListItem","position":1,"name":"Home","item":"https:\/\/www.ghostysky.com\/"},{"@type":"ListItem","position":2,"name":"Shop","item":"https:\/\/www.ghostysky.com\/shop\/"},{"@type":"ListItem","position":3,"name":"T-One Controller for H850-RTK"}]},{"@type":"WebSite","@id":"https:\/\/www.ghostysky.com\/#website","url":"https:\/\/www.ghostysky.com\/","name":"Ghostysky","description":"Livraison de drones et de services professionnels","publisher":{"@id":"https:\/\/www.ghostysky.com\/#organization"},"potentialAction":[{"@type":"SearchAction","target":{"@type":"EntryPoint","urlTemplate":"https:\/\/www.ghostysky.com\/?s={search_term_string}"},"query-input":{"@type":"PropertyValueSpecification","valueRequired":true,"valueName":"search_term_string"}}],"inLanguage":"fr-FR"},{"@type":"Organization","@id":"https:\/\/www.ghostysky.com\/#organization","name":"Ghostysky","url":"https:\/\/www.ghostysky.com\/","logo":{"@type":"ImageObject","inLanguage":"fr-FR","@id":"https:\/\/www.ghostysky.com\/#\/schema\/logo\/image\/","url":"https:\/\/www.ghostysky.com\/wp-content\/uploads\/2020\/06\/cropped-ghostyskylogo_text_white2.png","contentUrl":"https:\/\/www.ghostysky.com\/wp-content\/uploads\/2020\/06\/cropped-ghostyskylogo_text_white2.png","width":169,"height":56,"caption":"Ghostysky"},"image":{"@id":"https:\/\/www.ghostysky.com\/#\/schema\/logo\/image\/"},"sameAs":["https:\/\/www.facebook.com\/people\/Ghostysky\/100057676170234\/","https:\/\/x.com\/Gh0stysky","https:\/\/www.linkedin.com\/company\/34739653","https:\/\/www.instagram.com\/gh0stysky"]}]}},"_links":{"self":[{"href":"https:\/\/www.ghostysky.com\/fr\/wp-json\/wp\/v2\/product\/7789","targetHints":{"allow":["GET"]}}],"collection":[{"href":"https:\/\/www.ghostysky.com\/fr\/wp-json\/wp\/v2\/product"}],"about":[{"href":"https:\/\/www.ghostysky.com\/fr\/wp-json\/wp\/v2\/types\/product"}],"replies":[{"embeddable":true,"href":"https:\/\/www.ghostysky.com\/fr\/wp-json\/wp\/v2\/comments?post=7789"}],"wp:featuredmedia":[{"embeddable":true,"href":"https:\/\/www.ghostysky.com\/fr\/wp-json\/wp\/v2\/media\/7792"}],"wp:attachment":[{"href":"https:\/\/www.ghostysky.com\/fr\/wp-json\/wp\/v2\/media?parent=7789"}],"wp:term":[{"taxonomy":"product_brand","embeddable":true,"href":"https:\/\/www.ghostysky.com\/fr\/wp-json\/wp\/v2\/product_brand?post=7789"},{"taxonomy":"product_cat","embeddable":true,"href":"https:\/\/www.ghostysky.com\/fr\/wp-json\/wp\/v2\/product_cat?post=7789"},{"taxonomy":"product_tag","embeddable":true,"href":"https:\/\/www.ghostysky.com\/fr\/wp-json\/wp\/v2\/product_tag?post=7789"}],"curies":[{"name":"wp","href":"https:\/\/api.w.org\/{rel}","templated":true}]}}