{"id":8489,"date":"2022-08-12T07:43:45","date_gmt":"2022-08-12T07:43:45","guid":{"rendered":"https:\/\/www.ghostysky.com\/?post_type=product&#038;p=8489"},"modified":"2025-10-14T11:36:33","modified_gmt":"2025-10-14T11:36:33","slug":"lidar-for-h850-incl-mount-gairhawk-lidar-100c","status":"publish","type":"product","link":"https:\/\/www.ghostysky.com\/fr\/product\/lidar-for-h850-incl-mount-gairhawk-lidar-100c\/","title":{"rendered":"Lidar GS-100C+"},"content":{"rendered":"<p><strong>Longue port\u00e9e de d\u00e9tection<\/strong><br \/>\nLe Livox Avia ajuste sa port\u00e9e de d\u00e9tection en fonction de l&#039;intensit\u00e9 de la lumi\u00e8re ambiante, tout en maintenant un faible niveau de bruit. La port\u00e9e de d\u00e9tection atteint 450 m dans des conditions de faible luminosit\u00e9 (par temps nuageux, en int\u00e9rieur ou de nuit), garantissant une capture d\u00e9taill\u00e9e des objets \u00e9loign\u00e9s.<\/p>\n<p><img decoding=\"async\" class=\"lazyi lazyload\" src=\"data:image\/gif;base64,R0lGODlhAQABAAAAACH5BAEKAAEALAAAAAABAAEAAAICTAEAOw==\" alt=\"Syst\u00e8me LiDAR pour drone Geosun-100C 100 m AGL avec capteur laser DJI L1 int\u00e9gr\u00e9 0\" data-src=\"https:\/\/www.geosunlidar.com\/photo\/geosunlidar\/editor\/20210105105615_23331.png\"><\/p>\n<p>&nbsp;<\/p>\n<p><strong>Mode de double balayage<\/strong><br \/>\nGr\u00e2ce \u00e0 un laser multiligne et \u00e0 un balayage haute vitesse, le Livox Avia atteint un d\u00e9bit de donn\u00e9es en nuage de points allant jusqu&#039;\u00e0 240\u00a0000 points\/s. Cet appareil hautes performances est \u00e9quip\u00e9 de modes de balayage r\u00e9p\u00e9titif et non r\u00e9p\u00e9titif, pour r\u00e9pondre aux besoins de diff\u00e9rents sc\u00e9narios.<br \/>\n<img decoding=\"async\" class=\"lazyi lazyload\" src=\"data:image\/gif;base64,R0lGODlhAQABAAAAACH5BAEKAAEALAAAAAABAAEAAAICTAEAOw==\" alt=\"Geosun-100C 100 m AGL Capteur laser DJI L1 int\u00e9gr\u00e9 Syst\u00e8me LiDAR pour drone 1\" data-src=\"https:\/\/www.geosunlidar.com\/photo\/geosunlidar\/editor\/20210105105805_80843.png\"><\/p>\n<p>&nbsp;<\/p>\n<p><strong>Sp\u00e9cification<\/strong><\/p>\n<table border=\"1\" cellspacing=\"0\" cellpadding=\"0\">\n<tbody>\n<tr>\n<td colspan=\"3\">AirHawk GS-100C<\/td>\n<\/tr>\n<tr>\n<td><\/td>\n<td>Nom de l&#039;article<\/td>\n<td>Param\u00e8tre syst\u00e8me<\/td>\n<\/tr>\n<tr>\n<td rowspan=\"7\">\n<p align=\"center\">GS-100C+<\/p>\n<p align=\"center\">Param\u00e8tre<\/p>\n<\/td>\n<td>Poids<\/td>\n<td>\u00a01022 G<\/td>\n<\/tr>\n<tr>\n<td>Pr\u00e9cision de mesure<\/td>\n<td>Moins de 15 cm (100 m AGL)<\/td>\n<\/tr>\n<tr>\n<td>Plage de puissance<\/td>\n<td>12 V ~ 16 V<\/td>\n<\/tr>\n<tr>\n<td>Temp\u00e9rature de fonctionnement<\/td>\n<td>-20\u2103~+55\u2103<\/td>\n<\/tr>\n<tr>\n<td>Consommation<\/td>\n<td>Moyenne 20 W<\/td>\n<\/tr>\n<tr>\n<td>Plateforme de support<\/td>\n<td>DJI M300 RTK (mode RTK)<\/td>\n<\/tr>\n<tr>\n<td>Stockage<\/td>\n<td>Stockage de 64 Go, prise en charge maximale d&#039;une carte TF de 128 Go<\/td>\n<\/tr>\n<tr>\n<td rowspan=\"8\">\n<p align=\"center\">Unit\u00e9 Lidar<\/p>\n<p align=\"center\">\n<\/td>\n<td>Mod\u00e8le laser<\/td>\n<td>Livox Avia<\/td>\n<\/tr>\n<tr>\n<td>Plage de mesure<\/td>\n<td>R\u00e9flectivit\u00e9 190 m \u00e0 10%<\/td>\n<\/tr>\n<tr>\n<td>Cours de laser<\/td>\n<td>905 nm Classe 1 (CEI 60825-1:2014)<\/td>\n<\/tr>\n<tr>\n<td>Num\u00e9ro de ligne laser<\/td>\n<td>\u00c9quivalent \u00e0 64 faisceaux<\/td>\n<\/tr>\n<tr>\n<td>Gamme Mixte<\/td>\n<td>0,3 M<\/td>\n<\/tr>\n<tr>\n<td>Pr\u00e9cision de la port\u00e9e<\/td>\n<td>2 cm<\/td>\n<\/tr>\n<tr>\n<td>donn\u00e9es<\/td>\n<td>Triple \u00e9cho, 720 000 points\/s<\/td>\n<\/tr>\n<tr>\n<td>Champ de vision<\/td>\n<td>70\u00b0 la vue circulaire<\/td>\n<\/tr>\n<tr>\n<td rowspan=\"7\">\u00a0 \u00a0 \u00a0Unit\u00e9 de point de vente<\/td>\n<td>Type de point de vente<\/td>\n<td>AGS 302<\/td>\n<\/tr>\n<tr>\n<td>Fr\u00e9quence de mise \u00e0 jour<\/td>\n<td>200 Hz<\/td>\n<\/tr>\n<tr>\n<td>Pr\u00e9cision du cap<\/td>\n<td>0,040\u00b0<\/td>\n<\/tr>\n<tr>\n<td>Pr\u00e9cision de la hauteur<\/td>\n<td>0,015\u00b0<\/td>\n<\/tr>\n<tr>\n<td>Pr\u00e9cision de roulement<\/td>\n<td>0,015\u00b0<\/td>\n<\/tr>\n<tr>\n<td>Pr\u00e9cision de la position<\/td>\n<td>0,02 \u2013 0,05 m<\/td>\n<\/tr>\n<tr>\n<td>Type de signal GNSS<\/td>\n<td>GPSL1\/L2\/L5 GLONASSL1\/L2 BDS B1\/B2\/B3 GAL E1\/E5a\/5b<\/td>\n<\/tr>\n<tr>\n<td rowspan=\"2\">Logiciel de pr\u00e9traitement<\/td>\n<td>Logiciel de point de vente<\/td>\n<td>Informations de sortie : position, vitesse, attitude<\/td>\n<\/tr>\n<tr>\n<td>Logiciel de nuage de points<\/td>\n<td>Format des donn\u00e9es de nuage de points de sortie\u00a0: format LAS, format TXT personnalis\u00e9<\/td>\n<\/tr>\n<tr>\n<td rowspan=\"3\">Cam\u00e9ra int\u00e9gr\u00e9e<\/td>\n<td>Champ de vision<\/td>\n<td>83 degr\u00e9s<\/td>\n<\/tr>\n<tr>\n<td>Pixel effectif<\/td>\n<td>26 m\u00e9gapixels<\/td>\n<\/tr>\n<tr>\n<td>\u00c9v\u00e9nement d\u00e9clencheur<\/td>\n<td>D\u00e9clencheur de distance ou de temps<\/td>\n<\/tr>\n<\/tbody>\n<\/table>\n<p>&nbsp;<\/p>\n<p><strong>Demande de cartographie et d&#039;arpentage<\/strong><\/p>\n<p><strong><img decoding=\"async\" class=\"lazyi lazyload\" src=\"data:image\/gif;base64,R0lGODlhAQABAAAAACH5BAEKAAEALAAAAAABAAEAAAICTAEAOw==\" alt=\"Geosun-100C 100 m AGL Capteur laser DJI L1 int\u00e9gr\u00e9 Syst\u00e8me LiDAR pour drone 2\" data-src=\"https:\/\/www.geosunlidar.com\/test\/geosunlidar.com\/photo\/pl94491442-remark.jpg\"><img decoding=\"async\" class=\"lazyi lazyload\" src=\"data:image\/gif;base64,R0lGODlhAQABAAAAACH5BAEKAAEALAAAAAABAAEAAAICTAEAOw==\" alt=\"Geosun-100C 100 m AGL Capteur laser DJI L1 int\u00e9gr\u00e9 Syst\u00e8me LiDAR pour drone 3\" data-src=\"https:\/\/www.geosunlidar.com\/test\/geosunlidar.com\/photo\/pl94491441-remark.jpg\"><\/strong><\/p>\n<p>&nbsp;<\/p>\n<p>&nbsp;<\/p>\n<p><b>Emballer\u00a0<\/b><\/p>\n<p>Emball\u00e9 dans une valise avec doublure en EVA, puis recouvert d&#039;une bo\u00eete en carton rigide, il est compatible avec les exp\u00e9ditions a\u00e9riennes et maritimes.<\/p>\n<p><img decoding=\"async\" class=\"lazyi lazyload\" src=\"data:image\/gif;base64,R0lGODlhAQABAAAAACH5BAEKAAEALAAAAAABAAEAAAICTAEAOw==\" alt=\"Geosun-100C 100 m AGL Capteur laser DJI L1 int\u00e9gr\u00e9 Syst\u00e8me LiDAR pour drone 4\" data-src=\"https:\/\/www.geosunlidar.com\/test\/geosunlidar.com\/photo\/pl94959513-remark.jpg\"><img decoding=\"async\" class=\"lazyi lazyload\" src=\"data:image\/gif;base64,R0lGODlhAQABAAAAACH5BAEKAAEALAAAAAABAAEAAAICTAEAOw==\" alt=\"Geosun-100C 100 m AGL Capteur laser DJI L1 int\u00e9gr\u00e9 Syst\u00e8me LiDAR pour drone 5\" data-src=\"https:\/\/www.geosunlidar.com\/test\/geosunlidar.com\/photo\/pl94959512-remark.jpg\"><\/p>\n<p>&nbsp;<\/p>\n<p><img decoding=\"async\" class=\"lazyi lazyload\" src=\"data:image\/gif;base64,R0lGODlhAQABAAAAACH5BAEKAAEALAAAAAABAAEAAAICTAEAOw==\" alt=\"Geosun-100C 100 m AGL Capteur laser DJI L1 int\u00e9gr\u00e9 Syst\u00e8me LiDAR pour drone 6\" data-src=\"https:\/\/www.geosunlidar.com\/test\/geosunlidar.com\/photo\/pl94754558-remark.jpg\"><\/p>\n<p>&nbsp;<\/p>\n<h3>Nuage de points de couleur<\/h3>\n<p><img fetchpriority=\"high\" decoding=\"async\" class=\"size-full wp-image-12300 aligncenter lazyload\" src=\"data:image\/gif;base64,R0lGODlhAQABAAAAACH5BAEKAAEALAAAAAABAAEAAAICTAEAOw==\" alt=\"Demande de patrouille de lignes \u00e9lectriques\" width=\"680\" height=\"353\" data-src=\"https:\/\/globalgpssystems.com\/wp-content\/uploads\/2021\/05\/pl32618553-remark.jpg\"><\/p>\n<p><img decoding=\"async\" class=\"aligncenter lazyload\" src=\"data:image\/gif;base64,R0lGODlhAQABAAAAACH5BAEKAAEALAAAAAABAAEAAAICTAEAOw==\" alt=\"Syst\u00e8me de num\u00e9risation LiDAR pour drone Geosun GS-100C+ Solution de topographie et de cartographie Livox Avia 2\" data-src=\"https:\/\/www.geosunlidar.com\/test\/geosunlidar.com\/photo\/pl94492045-remark.jpg\"><\/p>\n<p>gAirHawk est un logiciel d&#039;acquisition, de surveillance et de calcul de nuages de points pour syst\u00e8mes de balayage lidar, d\u00e9velopp\u00e9 par Geosun Navigation. Il prend en charge la configuration et la surveillance en temps r\u00e9el des syst\u00e8mes d&#039;acquisition de donn\u00e9es de terrain, le d\u00e9codage des donn\u00e9es de balayage laser en temps r\u00e9el et en post-traitement, ainsi que le calcul et l&#039;affichage des nuages de points. Il prend \u00e9galement en charge le logiciel de balayage lidar de Geosun.<\/p>\n<p><img decoding=\"async\" class=\"size-medium wp-image-12451 aligncenter lazyload\" src=\"data:image\/gif;base64,R0lGODlhAQABAAAAACH5BAEKAAEALAAAAAABAAEAAAICTAEAOw==\" sizes=\"(max-width: 689px) 100vw, 689px\" alt=\"point de couleur\" width=\"689\" height=\"400\" data-src=\"https:\/\/globalgpssystems.com\/wp-content\/uploads\/2021\/05\/Color-Point-Cloud-1-689x400.jpg\" data-srcset=\"https:\/\/globalgpssystems.com\/wp-content\/uploads\/2021\/05\/Color-Point-Cloud-1-689x400.jpg 689w, https:\/\/globalgpssystems.com\/wp-content\/uploads\/2021\/05\/Color-Point-Cloud-1-768x446.jpg 768w, https:\/\/globalgpssystems.com\/wp-content\/uploads\/2021\/05\/Color-Point-Cloud-1-800x465.jpg 800w, https:\/\/globalgpssystems.com\/wp-content\/uploads\/2021\/05\/Color-Point-Cloud-1.jpg 1226w\"><img decoding=\"async\" class=\"size-medium wp-image-12452 aligncenter lazyload\" src=\"data:image\/gif;base64,R0lGODlhAQABAAAAACH5BAEKAAEALAAAAAABAAEAAAICTAEAOw==\" sizes=\"(max-width: 688px) 100vw, 688px\" alt=\"\" width=\"688\" height=\"400\" data-src=\"https:\/\/globalgpssystems.com\/wp-content\/uploads\/2021\/05\/Color-Point-Cloud-688x400.jpg\" data-srcset=\"https:\/\/globalgpssystems.com\/wp-content\/uploads\/2021\/05\/Color-Point-Cloud-688x400.jpg 688w, https:\/\/globalgpssystems.com\/wp-content\/uploads\/2021\/05\/Color-Point-Cloud-768x447.jpg 768w, https:\/\/globalgpssystems.com\/wp-content\/uploads\/2021\/05\/Color-Point-Cloud-800x465.jpg 800w, https:\/\/globalgpssystems.com\/wp-content\/uploads\/2021\/05\/Color-Point-Cloud.jpg 1226w\"><\/p>\n<p>&nbsp;<\/p>\n<div><\/div>","protected":false},"excerpt":{"rendered":"<p><strong>Lidar gAirHawk GS-100C+\u00a0<\/strong><\/p>\n<p><strong>AirHawk GS-100C+<\/strong>\u00a0 est une sorte de syst\u00e8me d&#039;acquisition de donn\u00e9es de nuage de points LiDAR compact et l\u00e9ger, int\u00e9grant un scanner laser Livox de nouvelle g\u00e9n\u00e9ration, <strong>GNSS<\/strong> et <strong>Unit\u00e9 de mesure inertielle (IMU)<\/strong> Le syst\u00e8me de positionnement et de d\u00e9termination d&#039;attitude, ainsi que l&#039;unit\u00e9 de contr\u00f4le de stockage, permettent de collecter en temps r\u00e9el, de mani\u00e8re dynamique et massive, des donn\u00e9es de nuages de points de haute pr\u00e9cision et des images riches. Il est largement utilis\u00e9 pour l&#039;acquisition d&#039;informations spatiales 3D dans les domaines de la topographie, de l&#039;\u00e9lectricit\u00e9, de la foresterie, de l&#039;agriculture et de l&#039;am\u00e9nagement du territoire.<\/p>\n<p><strong>Compatibilit\u00e9: <\/strong>DJI Matrice 300\/350 RTK et Yuneec H850RTK<\/p>\n<p>&nbsp;<\/p>","protected":false},"featured_media":15806,"comment_status":"open","ping_status":"closed","template":"","meta":[],"product_brand":[],"product_cat":[650,705],"product_tag":[651,402,401],"class_list":{"0":"post-8489","1":"product","2":"type-product","3":"status-publish","4":"has-post-thumbnail","6":"product_cat-geosun","7":"product_cat-sensors","8":"product_tag-geosun","9":"product_tag-gs-100c","10":"product_tag-lidar","12":"first","13":"onbackorder","14":"sale","15":"taxable","16":"shipping-taxable","17":"purchasable","18":"product-type-simple"},"yoast_head":"<!-- This site is optimized with the Yoast SEO plugin v27.1.1 - https:\/\/yoast.com\/product\/yoast-seo-wordpress\/ -->\n<title>GS-100C+ Lidar -<\/title>\n<meta name=\"description\" content=\"gAirHawk GS-100C+\u00a0 is a kind of light compact LiDAR point cloud data acquisition system, integrated Livox new generation laser scanner, GNSS and IMU positioning and attitude determination system, and storage control unit, is able to real-time, dynamically, massively collect high-precision point cloud data and rich image information.\" \/>\n<meta name=\"robots\" content=\"index, follow, max-snippet:-1, max-image-preview:large, max-video-preview:-1\" \/>\n<link rel=\"canonical\" href=\"https:\/\/www.ghostysky.com\/fr\/product\/lidar-for-h850-incl-mount-gairhawk-lidar-100c\/\" \/>\n<meta property=\"og:locale\" content=\"fr_FR\" \/>\n<meta property=\"og:type\" content=\"article\" \/>\n<meta property=\"og:title\" content=\"GS-100C+ Lidar -\" \/>\n<meta property=\"og:description\" content=\"gAirHawk GS-100C+\u00a0 is a kind of light compact LiDAR point cloud data acquisition system, integrated Livox new generation laser scanner, GNSS and IMU positioning and attitude determination system, and storage control unit, is able to real-time, dynamically, massively collect high-precision point cloud data and rich image information.\" \/>\n<meta property=\"og:url\" content=\"https:\/\/www.ghostysky.com\/fr\/product\/lidar-for-h850-incl-mount-gairhawk-lidar-100c\/\" \/>\n<meta property=\"og:site_name\" content=\"Ghostysky\" \/>\n<meta property=\"article:publisher\" content=\"https:\/\/www.facebook.com\/people\/Ghostysky\/100057676170234\/\" \/>\n<meta property=\"article:modified_time\" content=\"2025-10-14T11:36:33+00:00\" \/>\n<meta property=\"og:image\" content=\"https:\/\/www.ghostysky.com\/wp-content\/uploads\/2022\/08\/GS-100C.jpg\" \/>\n\t<meta property=\"og:image:width\" content=\"800\" \/>\n\t<meta property=\"og:image:height\" content=\"800\" \/>\n\t<meta property=\"og:image:type\" content=\"image\/jpeg\" \/>\n<meta name=\"twitter:card\" content=\"summary_large_image\" \/>\n<meta name=\"twitter:site\" content=\"@Gh0stysky\" \/>\n<meta name=\"twitter:label1\" content=\"Dur\u00e9e de lecture estim\u00e9e\" \/>\n\t<meta name=\"twitter:data1\" content=\"4 minutes\" \/>\n<script type=\"application\/ld+json\" class=\"yoast-schema-graph\">{\"@context\":\"https:\/\/schema.org\",\"@graph\":[{\"@type\":\"WebPage\",\"@id\":\"https:\/\/www.ghostysky.com\/product\/lidar-for-h850-incl-mount-gairhawk-lidar-100c\/\",\"url\":\"https:\/\/www.ghostysky.com\/product\/lidar-for-h850-incl-mount-gairhawk-lidar-100c\/\",\"name\":\"GS-100C+ Lidar -\",\"isPartOf\":{\"@id\":\"https:\/\/www.ghostysky.com\/#website\"},\"primaryImageOfPage\":{\"@id\":\"https:\/\/www.ghostysky.com\/product\/lidar-for-h850-incl-mount-gairhawk-lidar-100c\/#primaryimage\"},\"image\":{\"@id\":\"https:\/\/www.ghostysky.com\/product\/lidar-for-h850-incl-mount-gairhawk-lidar-100c\/#primaryimage\"},\"thumbnailUrl\":\"https:\/\/www.ghostysky.com\/wp-content\/uploads\/2022\/08\/GS-100C.jpg\",\"datePublished\":\"2022-08-12T07:43:45+00:00\",\"dateModified\":\"2025-10-14T11:36:33+00:00\",\"description\":\"gAirHawk GS-100C+\u00a0 is a kind of light compact LiDAR point cloud data acquisition system, integrated Livox new generation laser scanner, GNSS and IMU positioning and attitude determination system, and storage control unit, is able to real-time, dynamically, massively collect high-precision point cloud data and rich image information.\",\"breadcrumb\":{\"@id\":\"https:\/\/www.ghostysky.com\/product\/lidar-for-h850-incl-mount-gairhawk-lidar-100c\/#breadcrumb\"},\"inLanguage\":\"fr-FR\",\"potentialAction\":[{\"@type\":\"ReadAction\",\"target\":[\"https:\/\/www.ghostysky.com\/product\/lidar-for-h850-incl-mount-gairhawk-lidar-100c\/\"]}]},{\"@type\":\"ImageObject\",\"inLanguage\":\"fr-FR\",\"@id\":\"https:\/\/www.ghostysky.com\/product\/lidar-for-h850-incl-mount-gairhawk-lidar-100c\/#primaryimage\",\"url\":\"https:\/\/www.ghostysky.com\/wp-content\/uploads\/2022\/08\/GS-100C.jpg\",\"contentUrl\":\"https:\/\/www.ghostysky.com\/wp-content\/uploads\/2022\/08\/GS-100C.jpg\",\"width\":800,\"height\":800},{\"@type\":\"BreadcrumbList\",\"@id\":\"https:\/\/www.ghostysky.com\/product\/lidar-for-h850-incl-mount-gairhawk-lidar-100c\/#breadcrumb\",\"itemListElement\":[{\"@type\":\"ListItem\",\"position\":1,\"name\":\"Home\",\"item\":\"https:\/\/www.ghostysky.com\/\"},{\"@type\":\"ListItem\",\"position\":2,\"name\":\"Shop\",\"item\":\"https:\/\/www.ghostysky.com\/shop\/\"},{\"@type\":\"ListItem\",\"position\":3,\"name\":\"GS-100C+ Lidar\"}]},{\"@type\":\"WebSite\",\"@id\":\"https:\/\/www.ghostysky.com\/#website\",\"url\":\"https:\/\/www.ghostysky.com\/\",\"name\":\"Ghostysky\",\"description\":\"Delivering professional drones and services\",\"publisher\":{\"@id\":\"https:\/\/www.ghostysky.com\/#organization\"},\"potentialAction\":[{\"@type\":\"SearchAction\",\"target\":{\"@type\":\"EntryPoint\",\"urlTemplate\":\"https:\/\/www.ghostysky.com\/?s={search_term_string}\"},\"query-input\":{\"@type\":\"PropertyValueSpecification\",\"valueRequired\":true,\"valueName\":\"search_term_string\"}}],\"inLanguage\":\"fr-FR\"},{\"@type\":\"Organization\",\"@id\":\"https:\/\/www.ghostysky.com\/#organization\",\"name\":\"Ghostysky\",\"url\":\"https:\/\/www.ghostysky.com\/\",\"logo\":{\"@type\":\"ImageObject\",\"inLanguage\":\"fr-FR\",\"@id\":\"https:\/\/www.ghostysky.com\/#\/schema\/logo\/image\/\",\"url\":\"https:\/\/www.ghostysky.com\/wp-content\/uploads\/2020\/06\/cropped-ghostyskylogo_text_white2.png\",\"contentUrl\":\"https:\/\/www.ghostysky.com\/wp-content\/uploads\/2020\/06\/cropped-ghostyskylogo_text_white2.png\",\"width\":169,\"height\":56,\"caption\":\"Ghostysky\"},\"image\":{\"@id\":\"https:\/\/www.ghostysky.com\/#\/schema\/logo\/image\/\"},\"sameAs\":[\"https:\/\/www.facebook.com\/people\/Ghostysky\/100057676170234\/\",\"https:\/\/x.com\/Gh0stysky\",\"https:\/\/www.linkedin.com\/company\/34739653\",\"https:\/\/www.instagram.com\/gh0stysky\"]}]}<\/script>\n<!-- \/ Yoast SEO plugin. -->","yoast_head_json":{"title":"Lidar GS-100C+ -","description":"gAirHawk GS-100C+ est un syst\u00e8me d&#039;acquisition de donn\u00e9es de nuage de points LiDAR compact et l\u00e9ger, int\u00e9grant un scanner laser de nouvelle g\u00e9n\u00e9ration Livox, un syst\u00e8me de d\u00e9termination d&#039;attitude et de positionnement GNSS et IMU et une unit\u00e9 de contr\u00f4le de stockage, capable de collecter en temps r\u00e9el, de mani\u00e8re dynamique et massive des donn\u00e9es de nuage de points de haute pr\u00e9cision et des informations d&#039;image riches.","robots":{"index":"index","follow":"follow","max-snippet":"max-snippet:-1","max-image-preview":"max-image-preview:large","max-video-preview":"max-video-preview:-1"},"canonical":"https:\/\/www.ghostysky.com\/fr\/product\/lidar-for-h850-incl-mount-gairhawk-lidar-100c\/","og_locale":"fr_FR","og_type":"article","og_title":"GS-100C+ Lidar -","og_description":"gAirHawk GS-100C+\u00a0 is a kind of light compact LiDAR point cloud data acquisition system, integrated Livox new generation laser scanner, GNSS and IMU positioning and attitude determination system, and storage control unit, is able to real-time, dynamically, massively collect high-precision point cloud data and rich image information.","og_url":"https:\/\/www.ghostysky.com\/fr\/product\/lidar-for-h850-incl-mount-gairhawk-lidar-100c\/","og_site_name":"Ghostysky","article_publisher":"https:\/\/www.facebook.com\/people\/Ghostysky\/100057676170234\/","article_modified_time":"2025-10-14T11:36:33+00:00","og_image":[{"width":800,"height":800,"url":"https:\/\/www.ghostysky.com\/wp-content\/uploads\/2022\/08\/GS-100C.jpg","type":"image\/jpeg"}],"twitter_card":"summary_large_image","twitter_site":"@Gh0stysky","twitter_misc":{"Dur\u00e9e de lecture estim\u00e9e":"4 minutes"},"schema":{"@context":"https:\/\/schema.org","@graph":[{"@type":"WebPage","@id":"https:\/\/www.ghostysky.com\/product\/lidar-for-h850-incl-mount-gairhawk-lidar-100c\/","url":"https:\/\/www.ghostysky.com\/product\/lidar-for-h850-incl-mount-gairhawk-lidar-100c\/","name":"Lidar GS-100C+ -","isPartOf":{"@id":"https:\/\/www.ghostysky.com\/#website"},"primaryImageOfPage":{"@id":"https:\/\/www.ghostysky.com\/product\/lidar-for-h850-incl-mount-gairhawk-lidar-100c\/#primaryimage"},"image":{"@id":"https:\/\/www.ghostysky.com\/product\/lidar-for-h850-incl-mount-gairhawk-lidar-100c\/#primaryimage"},"thumbnailUrl":"https:\/\/www.ghostysky.com\/wp-content\/uploads\/2022\/08\/GS-100C.jpg","datePublished":"2022-08-12T07:43:45+00:00","dateModified":"2025-10-14T11:36:33+00:00","description":"gAirHawk GS-100C+ est un syst\u00e8me d&#039;acquisition de donn\u00e9es de nuage de points LiDAR compact et l\u00e9ger, int\u00e9grant un scanner laser de nouvelle g\u00e9n\u00e9ration Livox, un syst\u00e8me de d\u00e9termination d&#039;attitude et de positionnement GNSS et IMU et une unit\u00e9 de contr\u00f4le de stockage, capable de collecter en temps r\u00e9el, de mani\u00e8re dynamique et massive des donn\u00e9es de nuage de points de haute pr\u00e9cision et des informations d&#039;image riches.","breadcrumb":{"@id":"https:\/\/www.ghostysky.com\/product\/lidar-for-h850-incl-mount-gairhawk-lidar-100c\/#breadcrumb"},"inLanguage":"fr-FR","potentialAction":[{"@type":"ReadAction","target":["https:\/\/www.ghostysky.com\/product\/lidar-for-h850-incl-mount-gairhawk-lidar-100c\/"]}]},{"@type":"ImageObject","inLanguage":"fr-FR","@id":"https:\/\/www.ghostysky.com\/product\/lidar-for-h850-incl-mount-gairhawk-lidar-100c\/#primaryimage","url":"https:\/\/www.ghostysky.com\/wp-content\/uploads\/2022\/08\/GS-100C.jpg","contentUrl":"https:\/\/www.ghostysky.com\/wp-content\/uploads\/2022\/08\/GS-100C.jpg","width":800,"height":800},{"@type":"BreadcrumbList","@id":"https:\/\/www.ghostysky.com\/product\/lidar-for-h850-incl-mount-gairhawk-lidar-100c\/#breadcrumb","itemListElement":[{"@type":"ListItem","position":1,"name":"Home","item":"https:\/\/www.ghostysky.com\/"},{"@type":"ListItem","position":2,"name":"Shop","item":"https:\/\/www.ghostysky.com\/shop\/"},{"@type":"ListItem","position":3,"name":"GS-100C+ Lidar"}]},{"@type":"WebSite","@id":"https:\/\/www.ghostysky.com\/#website","url":"https:\/\/www.ghostysky.com\/","name":"Ghostysky","description":"Livraison de drones et de services professionnels","publisher":{"@id":"https:\/\/www.ghostysky.com\/#organization"},"potentialAction":[{"@type":"SearchAction","target":{"@type":"EntryPoint","urlTemplate":"https:\/\/www.ghostysky.com\/?s={search_term_string}"},"query-input":{"@type":"PropertyValueSpecification","valueRequired":true,"valueName":"search_term_string"}}],"inLanguage":"fr-FR"},{"@type":"Organization","@id":"https:\/\/www.ghostysky.com\/#organization","name":"Ghostysky","url":"https:\/\/www.ghostysky.com\/","logo":{"@type":"ImageObject","inLanguage":"fr-FR","@id":"https:\/\/www.ghostysky.com\/#\/schema\/logo\/image\/","url":"https:\/\/www.ghostysky.com\/wp-content\/uploads\/2020\/06\/cropped-ghostyskylogo_text_white2.png","contentUrl":"https:\/\/www.ghostysky.com\/wp-content\/uploads\/2020\/06\/cropped-ghostyskylogo_text_white2.png","width":169,"height":56,"caption":"Ghostysky"},"image":{"@id":"https:\/\/www.ghostysky.com\/#\/schema\/logo\/image\/"},"sameAs":["https:\/\/www.facebook.com\/people\/Ghostysky\/100057676170234\/","https:\/\/x.com\/Gh0stysky","https:\/\/www.linkedin.com\/company\/34739653","https:\/\/www.instagram.com\/gh0stysky"]}]}},"_links":{"self":[{"href":"https:\/\/www.ghostysky.com\/fr\/wp-json\/wp\/v2\/product\/8489","targetHints":{"allow":["GET"]}}],"collection":[{"href":"https:\/\/www.ghostysky.com\/fr\/wp-json\/wp\/v2\/product"}],"about":[{"href":"https:\/\/www.ghostysky.com\/fr\/wp-json\/wp\/v2\/types\/product"}],"replies":[{"embeddable":true,"href":"https:\/\/www.ghostysky.com\/fr\/wp-json\/wp\/v2\/comments?post=8489"}],"wp:featuredmedia":[{"embeddable":true,"href":"https:\/\/www.ghostysky.com\/fr\/wp-json\/wp\/v2\/media\/15806"}],"wp:attachment":[{"href":"https:\/\/www.ghostysky.com\/fr\/wp-json\/wp\/v2\/media?parent=8489"}],"wp:term":[{"taxonomy":"product_brand","embeddable":true,"href":"https:\/\/www.ghostysky.com\/fr\/wp-json\/wp\/v2\/product_brand?post=8489"},{"taxonomy":"product_cat","embeddable":true,"href":"https:\/\/www.ghostysky.com\/fr\/wp-json\/wp\/v2\/product_cat?post=8489"},{"taxonomy":"product_tag","embeddable":true,"href":"https:\/\/www.ghostysky.com\/fr\/wp-json\/wp\/v2\/product_tag?post=8489"}],"curies":[{"name":"wp","href":"https:\/\/api.w.org\/{rel}","templated":true}]}}