{"id":8791,"date":"2022-09-13T08:02:54","date_gmt":"2022-09-13T08:02:54","guid":{"rendered":"https:\/\/www.ghostysky.com\/?post_type=product&#038;p=8791"},"modified":"2024-02-07T08:42:35","modified_gmt":"2024-02-07T08:42:35","slug":"fast-charge-kit-emlid","status":"publish","type":"product","link":"https:\/\/www.ghostysky.com\/fr\/product\/fast-charge-kit-emlid\/","title":{"rendered":"Chargeur rapide Emlid"},"content":{"rendered":"<h4>Le forfait comprend<\/h4>\n<p>\u2013 1 x chargeur mural USB-C<\/p>\n<p>&nbsp;<\/p>\n<p class=\"product-specifications-title\"><strong>Sp\u00e9cification<\/strong><\/p>\n<ul class=\"product-specifications-list flex f-wrap\">\n<li>\n<div class=\"rte\">\n<p>prise UE<\/p>\n<p><strong>Saisir:\u00a0<\/strong>100-240 V~50\/60 Hz 0,8 A (max)<\/p>\n<p><strong>Sortir:\u00a0<\/strong>5 V\/3 A 9 V\/2,22 A 12 V\/1,67 A<\/p>\n<\/div>\n<\/li>\n<\/ul>","protected":false},"excerpt":{"rendered":"<div class=\"wpb_text_column wpb_content_element\">\n<div class=\"wpb_wrapper\">\n<p><strong>Charge le r\u00e9cepteur \u00e0 80% en 2,5 heures, \u00e0 100% en moins de 3,5 heures<\/strong><br \/>\nCompatible avec les appareils USB-C<br \/>\n<strong>Puissance de sortie<\/strong>: 20 W<br \/>\nProtection intelligente int\u00e9gr\u00e9e pour les appareils<br \/>\nprise UE<br \/>\nPrend en charge la charge rapide PD<\/p>\n<\/div>\n<\/div>","protected":false},"featured_media":15886,"comment_status":"open","ping_status":"closed","template":"","meta":[],"product_brand":[],"product_cat":[367,89,30],"product_tag":[58,410,411],"class_list":{"0":"post-8791","1":"product","2":"type-product","3":"status-publish","4":"has-post-thumbnail","6":"product_cat-accessories-emlid","7":"product_cat-emlid","8":"product_cat-mobile-station","9":"product_tag-emlid","10":"product_tag-fast-charger","11":"product_tag-usb-c","13":"first","14":"onbackorder","15":"taxable","16":"shipping-taxable","17":"purchasable","18":"product-type-simple"},"yoast_head":"<!-- This site is optimized with the Yoast SEO plugin v27.1.1 - https:\/\/yoast.com\/product\/yoast-seo-wordpress\/ -->\n<title>Fast Charger Emlid -<\/title>\n<meta name=\"description\" content=\"Fast Charger Emlid. Charges receiver to 80% in 2.5 hours, to 100% in less than 3.5 hours. Compatible with USB-C devices. Smart integrated protection for devices\" \/>\n<meta name=\"robots\" content=\"index, follow, max-snippet:-1, max-image-preview:large, max-video-preview:-1\" \/>\n<link rel=\"canonical\" href=\"https:\/\/www.ghostysky.com\/fr\/product\/fast-charge-kit-emlid\/\" \/>\n<meta property=\"og:locale\" content=\"fr_FR\" \/>\n<meta property=\"og:type\" content=\"article\" \/>\n<meta property=\"og:title\" content=\"Fast Charger Emlid -\" \/>\n<meta property=\"og:description\" content=\"Fast Charger Emlid. Charges receiver to 80% in 2.5 hours, to 100% in less than 3.5 hours. Compatible with USB-C devices. Smart integrated protection for devices\" \/>\n<meta property=\"og:url\" content=\"https:\/\/www.ghostysky.com\/fr\/product\/fast-charge-kit-emlid\/\" \/>\n<meta property=\"og:site_name\" content=\"Ghostysky\" \/>\n<meta property=\"article:publisher\" content=\"https:\/\/www.facebook.com\/people\/Ghostysky\/100057676170234\/\" \/>\n<meta property=\"article:modified_time\" content=\"2024-02-07T08:42:35+00:00\" \/>\n<meta property=\"og:image\" content=\"https:\/\/www.ghostysky.com\/wp-content\/uploads\/2022\/09\/CHR103_1200x.jpg\" \/>\n\t<meta property=\"og:image:width\" content=\"1200\" \/>\n\t<meta property=\"og:image:height\" content=\"1200\" \/>\n\t<meta property=\"og:image:type\" content=\"image\/jpeg\" \/>\n<meta name=\"twitter:card\" content=\"summary_large_image\" \/>\n<meta name=\"twitter:site\" content=\"@Gh0stysky\" \/>\n<meta name=\"twitter:label1\" content=\"Dur\u00e9e de lecture estim\u00e9e\" \/>\n\t<meta name=\"twitter:data1\" content=\"1 minute\" \/>\n<script type=\"application\/ld+json\" class=\"yoast-schema-graph\">{\"@context\":\"https:\/\/schema.org\",\"@graph\":[{\"@type\":\"WebPage\",\"@id\":\"https:\/\/www.ghostysky.com\/product\/fast-charge-kit-emlid\/\",\"url\":\"https:\/\/www.ghostysky.com\/product\/fast-charge-kit-emlid\/\",\"name\":\"Fast Charger Emlid -\",\"isPartOf\":{\"@id\":\"https:\/\/www.ghostysky.com\/#website\"},\"primaryImageOfPage\":{\"@id\":\"https:\/\/www.ghostysky.com\/product\/fast-charge-kit-emlid\/#primaryimage\"},\"image\":{\"@id\":\"https:\/\/www.ghostysky.com\/product\/fast-charge-kit-emlid\/#primaryimage\"},\"thumbnailUrl\":\"https:\/\/www.ghostysky.com\/wp-content\/uploads\/2022\/09\/CHR103_1200x.jpg\",\"datePublished\":\"2022-09-13T08:02:54+00:00\",\"dateModified\":\"2024-02-07T08:42:35+00:00\",\"description\":\"Fast Charger Emlid. Charges receiver to 80% in 2.5 hours, to 100% in less than 3.5 hours. Compatible with USB-C devices. Smart integrated protection for devices\",\"breadcrumb\":{\"@id\":\"https:\/\/www.ghostysky.com\/product\/fast-charge-kit-emlid\/#breadcrumb\"},\"inLanguage\":\"fr-FR\",\"potentialAction\":[{\"@type\":\"ReadAction\",\"target\":[\"https:\/\/www.ghostysky.com\/product\/fast-charge-kit-emlid\/\"]}]},{\"@type\":\"ImageObject\",\"inLanguage\":\"fr-FR\",\"@id\":\"https:\/\/www.ghostysky.com\/product\/fast-charge-kit-emlid\/#primaryimage\",\"url\":\"https:\/\/www.ghostysky.com\/wp-content\/uploads\/2022\/09\/CHR103_1200x.jpg\",\"contentUrl\":\"https:\/\/www.ghostysky.com\/wp-content\/uploads\/2022\/09\/CHR103_1200x.jpg\",\"width\":1200,\"height\":1200},{\"@type\":\"BreadcrumbList\",\"@id\":\"https:\/\/www.ghostysky.com\/product\/fast-charge-kit-emlid\/#breadcrumb\",\"itemListElement\":[{\"@type\":\"ListItem\",\"position\":1,\"name\":\"Home\",\"item\":\"https:\/\/www.ghostysky.com\/\"},{\"@type\":\"ListItem\",\"position\":2,\"name\":\"Shop\",\"item\":\"https:\/\/www.ghostysky.com\/shop\/\"},{\"@type\":\"ListItem\",\"position\":3,\"name\":\"Fast Charger Emlid\"}]},{\"@type\":\"WebSite\",\"@id\":\"https:\/\/www.ghostysky.com\/#website\",\"url\":\"https:\/\/www.ghostysky.com\/\",\"name\":\"Ghostysky\",\"description\":\"Delivering professional drones and services\",\"publisher\":{\"@id\":\"https:\/\/www.ghostysky.com\/#organization\"},\"potentialAction\":[{\"@type\":\"SearchAction\",\"target\":{\"@type\":\"EntryPoint\",\"urlTemplate\":\"https:\/\/www.ghostysky.com\/?s={search_term_string}\"},\"query-input\":{\"@type\":\"PropertyValueSpecification\",\"valueRequired\":true,\"valueName\":\"search_term_string\"}}],\"inLanguage\":\"fr-FR\"},{\"@type\":\"Organization\",\"@id\":\"https:\/\/www.ghostysky.com\/#organization\",\"name\":\"Ghostysky\",\"url\":\"https:\/\/www.ghostysky.com\/\",\"logo\":{\"@type\":\"ImageObject\",\"inLanguage\":\"fr-FR\",\"@id\":\"https:\/\/www.ghostysky.com\/#\/schema\/logo\/image\/\",\"url\":\"https:\/\/www.ghostysky.com\/wp-content\/uploads\/2020\/06\/cropped-ghostyskylogo_text_white2.png\",\"contentUrl\":\"https:\/\/www.ghostysky.com\/wp-content\/uploads\/2020\/06\/cropped-ghostyskylogo_text_white2.png\",\"width\":169,\"height\":56,\"caption\":\"Ghostysky\"},\"image\":{\"@id\":\"https:\/\/www.ghostysky.com\/#\/schema\/logo\/image\/\"},\"sameAs\":[\"https:\/\/www.facebook.com\/people\/Ghostysky\/100057676170234\/\",\"https:\/\/x.com\/Gh0stysky\",\"https:\/\/www.linkedin.com\/company\/34739653\",\"https:\/\/www.instagram.com\/gh0stysky\"]}]}<\/script>\n<!-- \/ Yoast SEO plugin. -->","yoast_head_json":{"title":"Chargeur rapide Emlid -","description":"Chargeur rapide Emlid. Charge le r\u00e9cepteur jusqu&#039;au 80% en 2,5 heures et jusqu&#039;au 100% en moins de 3,5 heures. Compatible avec les appareils USB-C. Protection intelligente int\u00e9gr\u00e9e pour les appareils.","robots":{"index":"index","follow":"follow","max-snippet":"max-snippet:-1","max-image-preview":"max-image-preview:large","max-video-preview":"max-video-preview:-1"},"canonical":"https:\/\/www.ghostysky.com\/fr\/product\/fast-charge-kit-emlid\/","og_locale":"fr_FR","og_type":"article","og_title":"Fast Charger Emlid -","og_description":"Fast Charger Emlid. Charges receiver to 80% in 2.5 hours, to 100% in less than 3.5 hours. Compatible with USB-C devices. Smart integrated protection for devices","og_url":"https:\/\/www.ghostysky.com\/fr\/product\/fast-charge-kit-emlid\/","og_site_name":"Ghostysky","article_publisher":"https:\/\/www.facebook.com\/people\/Ghostysky\/100057676170234\/","article_modified_time":"2024-02-07T08:42:35+00:00","og_image":[{"width":1200,"height":1200,"url":"https:\/\/www.ghostysky.com\/wp-content\/uploads\/2022\/09\/CHR103_1200x.jpg","type":"image\/jpeg"}],"twitter_card":"summary_large_image","twitter_site":"@Gh0stysky","twitter_misc":{"Dur\u00e9e de lecture estim\u00e9e":"1 minute"},"schema":{"@context":"https:\/\/schema.org","@graph":[{"@type":"WebPage","@id":"https:\/\/www.ghostysky.com\/product\/fast-charge-kit-emlid\/","url":"https:\/\/www.ghostysky.com\/product\/fast-charge-kit-emlid\/","name":"Chargeur rapide Emlid -","isPartOf":{"@id":"https:\/\/www.ghostysky.com\/#website"},"primaryImageOfPage":{"@id":"https:\/\/www.ghostysky.com\/product\/fast-charge-kit-emlid\/#primaryimage"},"image":{"@id":"https:\/\/www.ghostysky.com\/product\/fast-charge-kit-emlid\/#primaryimage"},"thumbnailUrl":"https:\/\/www.ghostysky.com\/wp-content\/uploads\/2022\/09\/CHR103_1200x.jpg","datePublished":"2022-09-13T08:02:54+00:00","dateModified":"2024-02-07T08:42:35+00:00","description":"Chargeur rapide Emlid. Charge le r\u00e9cepteur jusqu&#039;au 80% en 2,5 heures et jusqu&#039;au 100% en moins de 3,5 heures. Compatible avec les appareils USB-C. Protection intelligente int\u00e9gr\u00e9e pour les appareils.","breadcrumb":{"@id":"https:\/\/www.ghostysky.com\/product\/fast-charge-kit-emlid\/#breadcrumb"},"inLanguage":"fr-FR","potentialAction":[{"@type":"ReadAction","target":["https:\/\/www.ghostysky.com\/product\/fast-charge-kit-emlid\/"]}]},{"@type":"ImageObject","inLanguage":"fr-FR","@id":"https:\/\/www.ghostysky.com\/product\/fast-charge-kit-emlid\/#primaryimage","url":"https:\/\/www.ghostysky.com\/wp-content\/uploads\/2022\/09\/CHR103_1200x.jpg","contentUrl":"https:\/\/www.ghostysky.com\/wp-content\/uploads\/2022\/09\/CHR103_1200x.jpg","width":1200,"height":1200},{"@type":"BreadcrumbList","@id":"https:\/\/www.ghostysky.com\/product\/fast-charge-kit-emlid\/#breadcrumb","itemListElement":[{"@type":"ListItem","position":1,"name":"Home","item":"https:\/\/www.ghostysky.com\/"},{"@type":"ListItem","position":2,"name":"Shop","item":"https:\/\/www.ghostysky.com\/shop\/"},{"@type":"ListItem","position":3,"name":"Fast Charger Emlid"}]},{"@type":"WebSite","@id":"https:\/\/www.ghostysky.com\/#website","url":"https:\/\/www.ghostysky.com\/","name":"Ghostysky","description":"Livraison de drones et de services professionnels","publisher":{"@id":"https:\/\/www.ghostysky.com\/#organization"},"potentialAction":[{"@type":"SearchAction","target":{"@type":"EntryPoint","urlTemplate":"https:\/\/www.ghostysky.com\/?s={search_term_string}"},"query-input":{"@type":"PropertyValueSpecification","valueRequired":true,"valueName":"search_term_string"}}],"inLanguage":"fr-FR"},{"@type":"Organization","@id":"https:\/\/www.ghostysky.com\/#organization","name":"Ghostysky","url":"https:\/\/www.ghostysky.com\/","logo":{"@type":"ImageObject","inLanguage":"fr-FR","@id":"https:\/\/www.ghostysky.com\/#\/schema\/logo\/image\/","url":"https:\/\/www.ghostysky.com\/wp-content\/uploads\/2020\/06\/cropped-ghostyskylogo_text_white2.png","contentUrl":"https:\/\/www.ghostysky.com\/wp-content\/uploads\/2020\/06\/cropped-ghostyskylogo_text_white2.png","width":169,"height":56,"caption":"Ghostysky"},"image":{"@id":"https:\/\/www.ghostysky.com\/#\/schema\/logo\/image\/"},"sameAs":["https:\/\/www.facebook.com\/people\/Ghostysky\/100057676170234\/","https:\/\/x.com\/Gh0stysky","https:\/\/www.linkedin.com\/company\/34739653","https:\/\/www.instagram.com\/gh0stysky"]}]}},"_links":{"self":[{"href":"https:\/\/www.ghostysky.com\/fr\/wp-json\/wp\/v2\/product\/8791","targetHints":{"allow":["GET"]}}],"collection":[{"href":"https:\/\/www.ghostysky.com\/fr\/wp-json\/wp\/v2\/product"}],"about":[{"href":"https:\/\/www.ghostysky.com\/fr\/wp-json\/wp\/v2\/types\/product"}],"replies":[{"embeddable":true,"href":"https:\/\/www.ghostysky.com\/fr\/wp-json\/wp\/v2\/comments?post=8791"}],"wp:featuredmedia":[{"embeddable":true,"href":"https:\/\/www.ghostysky.com\/fr\/wp-json\/wp\/v2\/media\/15886"}],"wp:attachment":[{"href":"https:\/\/www.ghostysky.com\/fr\/wp-json\/wp\/v2\/media?parent=8791"}],"wp:term":[{"taxonomy":"product_brand","embeddable":true,"href":"https:\/\/www.ghostysky.com\/fr\/wp-json\/wp\/v2\/product_brand?post=8791"},{"taxonomy":"product_cat","embeddable":true,"href":"https:\/\/www.ghostysky.com\/fr\/wp-json\/wp\/v2\/product_cat?post=8791"},{"taxonomy":"product_tag","embeddable":true,"href":"https:\/\/www.ghostysky.com\/fr\/wp-json\/wp\/v2\/product_tag?post=8791"}],"curies":[{"name":"wp","href":"https:\/\/api.w.org\/{rel}","templated":true}]}}