{"id":18819,"date":"2024-05-13T19:04:15","date_gmt":"2024-05-13T19:04:15","guid":{"rendered":"https:\/\/www.ghostysky.com\/?page_id=18819"},"modified":"2024-05-14T16:44:10","modified_gmt":"2024-05-14T16:44:10","slug":"general-conditions-of-sale","status":"publish","type":"page","link":"https:\/\/www.ghostysky.com\/pt\/general-conditions-of-sale\/","title":{"rendered":"termos e Condi\u00e7\u00f5es Gerais"},"content":{"rendered":"<div data-elementor-type=\"wp-page\" data-elementor-id=\"18819\" class=\"elementor elementor-18819\" data-elementor-settings=\"{&quot;ha_cmc_init_switcher&quot;:&quot;no&quot;}\">\n\t\t\t\t\t\t<section class=\"elementor-section elementor-top-section elementor-element elementor-element-1b6e08a elementor-section-boxed elementor-section-height-default elementor-section-height-default\" data-id=\"1b6e08a\" data-element_type=\"section\" data-e-type=\"section\" data-settings=\"{&quot;_ha_eqh_enable&quot;:false}\">\n\t\t\t\t\t\t<div class=\"elementor-container elementor-column-gap-default\">\n\t\t\t\t\t<div class=\"elementor-column elementor-col-100 elementor-top-column elementor-element elementor-element-b67e366\" data-id=\"b67e366\" data-element_type=\"column\" data-e-type=\"column\">\n\t\t\t<div class=\"elementor-widget-wrap elementor-element-populated\">\n\t\t\t\t\t\t<div class=\"elementor-element elementor-element-8bc3b0c elementor-widget elementor-widget-image\" data-id=\"8bc3b0c\" data-element_type=\"widget\" data-e-type=\"widget\" data-widget_type=\"image.default\">\n\t\t\t\t<div class=\"elementor-widget-container\">\n\t\t\t\t\t\t\t\t\t\t\t\t\t\t\t<img decoding=\"async\" width=\"200\" height=\"66\" src=\"data:image\/gif;base64,R0lGODlhAQABAAAAACH5BAEKAAEALAAAAAABAAEAAAICTAEAOw==\" class=\"attachment-large size-large wp-image-17806 lazyload\" alt=\"\" data-src=\"https:\/\/www.ghostysky.com\/wp-content\/uploads\/2024\/03\/ghostyskylogo_full_AirRobotics_200.png\">\t\t\t\t\t\t\t\t\t\t\t\t\t\t\t<\/div>\n\t\t\t\t<\/div>\n\t\t\t\t<div class=\"elementor-element elementor-element-7374459e elementor-widget elementor-widget-text-editor\" data-id=\"7374459e\" data-element_type=\"widget\" data-e-type=\"widget\" data-widget_type=\"text-editor.default\">\n\t\t\t\t<div class=\"elementor-widget-container\">\n\t\t\t\t\t\t\t\t\t<p><\/p>\n<p><strong>termos e Condi\u00e7\u00f5es Gerais<\/strong><\/p>\n<p>Este website Ghostyky \u2013 Air robotics \u00e9 propriedade da Ghostyky Unipessoal Lda, Informa\u00e7\u00e3o e Tecnologia, SA (doravante \u201cGhostyky\u201d), com sede na Rua S\u00e3o Jos\u00e9, Bra\u00e7ais, 3260-072 Figueir\u00f3 dos Vinhos, Portugal, NIF 515181609, e ser\u00e1 operado para o mesmo.<\/p>\n<p><strong>1. \u00c2mbito de aplica\u00e7\u00e3o<\/strong><br>1.1. Ao aceder e utilizar este site, o utilizador concorda expressamente com as presentes Condi\u00e7\u00f5es Gerais de Venda, que poder\u00e3o ser atualizadas a qualquer momento pela Ghostyky. A qualquer momento, a Ghostyky poder\u00e1 melhorar e\/ou modificar, de qualquer forma, bem como encerrar este website ou os seus conte\u00fados, com ou sem aviso pr\u00e9vio, podendo mesmo modificar, total ou parcialmente, as presentes Condi\u00e7\u00f5es Gerais de Venda. Aconselhamos que visite regularmente esta p\u00e1gina para tomar conhecimento de quaisquer altera\u00e7\u00f5es que possam ter sido efetuadas \u00e0s Condi\u00e7\u00f5es Gerais de Venda.<br>1.2. As presentes Condi\u00e7\u00f5es entram em vigor no dia 9 de maio de 2024, revogando e substituindo quaisquer condi\u00e7\u00f5es de venda anteriormente v\u00e1lidas, exceto para contratos em curso ou encomendas que nessa data sejam aceites ou estejam em fase de envio.<br>1.3. No decurso da rela\u00e7\u00e3o comercial com a Ghostyky, o cliente est\u00e1 disposto a aceitar sem reservas as presentes Condi\u00e7\u00f5es Gerais de Venda, as quais prevalecer\u00e3o sobre todas as disposi\u00e7\u00f5es constantes das encomendas ou correspond\u00eancia do cliente, salvo nos casos em que exista instrumento escrito que declare expressamente acordo de Ghostyky.<br>1.4. Na contrata\u00e7\u00e3o por meios inform\u00e1ticos, o cliente obriga-se a utilizar os sites da Ghostyky no cumprimento da legisla\u00e7\u00e3o aplic\u00e1vel, abstendo-se de utilizar as p\u00e1ginas web para atividades contr\u00e1rias \u00e0 lei, \u00e0 moral e aos bons costumes, ou a direitos e interesses de terceiros.<br>1.5. Ghostyky reserva-se o direito de retirar ou alterar servi\u00e7os sem aviso pr\u00e9vio e n\u00e3o se responsabiliza se, por qualquer motivo, este site ficar indispon\u00edvel por um determinado per\u00edodo de tempo. De tempos em tempos, Ghostyky pode restringir o acesso a todas ou algumas \u00e1reas deste site.<\/p>\n<p>1.6. Ghostyky n\u00e3o se responsabiliza por quaisquer danos que possam surgir da utiliza\u00e7\u00e3o deste site ou de qualquer informa\u00e7\u00e3o nele contida.<\/p>\n<p>1.7. Para efeitos das presentes Condi\u00e7\u00f5es Gerais de Venda, entende-se por cliente qualquer pessoa, singular ou colectiva, que celebre um contrato de natureza comercial com a Ghostyky, sendo considerado consumidor a pessoa singular a quem a Ghostyky forne\u00e7a bens ou servi\u00e7os. destinado ao uso n\u00e3o profissional.<\/p>\n<p>1.8. Alguns links deste site podem levar o usu\u00e1rio a sites externos; Ao clicar nestes links, o utilizador sair\u00e1 do site Ghostyky e o Ghostyky n\u00e3o ter\u00e1 qualquer controlo sobre esses sites e o seu conte\u00fado, n\u00e3o aceitando, portanto, qualquer responsabilidade pelo material e conte\u00fado neles presente. Nesta medida, a Ghostyky aconselha que verifique a pol\u00edtica de seguran\u00e7a e privacidade destes sites.<br>Para efetuar uma encomenda, o utilizador dever\u00e1 ser maior de 18 anos e compromete-se a fornecer dados verdadeiros que permitam o processamento integral da sua encomenda.<\/p>\n<p><strong>2. Pre\u00e7os<\/strong><br>2.1. Os pre\u00e7os apresentados nos sites, cota\u00e7\u00f5es e propostas da Ghostyky s\u00e3o apresentados em euros (EUR) e incluem o Imposto sobre o Valor Acrescentado (IVA) em vigor na altura.<br>2.2. Os pre\u00e7os anunciados nos termos da cl\u00e1usula anterior s\u00e3o v\u00e1lidos no momento da sua consulta, salvo em caso de erros de impress\u00e3o, tipogr\u00e1ficos ou ruturas de stock.<br>2.3. A Ghostyky reserva-se o direito de alterar os pre\u00e7os de venda anunciados sem aviso pr\u00e9vio, aplicando-se os novos pre\u00e7os \u00e0s compras efetuadas e encomendas submetidas a partir da data da altera\u00e7\u00e3o.<\/p>\n<p><strong>3. Campanhas<\/strong><br>3.1. A Ghostyky reserva-se o direito de alterar as atuais campanhas publicitadas sem aviso pr\u00e9vio.<\/p>\n<p><strong>4. Especifica\u00e7\u00f5es do produto<\/strong><br>As especifica\u00e7\u00f5es dos produtos constantes nas p\u00e1ginas dos produtos, cat\u00e1logos e demais literaturas de vendas s\u00e3o v\u00e1lidas no momento da consulta ou durante o per\u00edodo definido nestes instrumentos, n\u00e3o sendo a Ghostyky respons\u00e1vel por quaisquer erros ou lapsos evidentes.<\/p>\n<p><strong>5. Or\u00e7amentos e propostas<\/strong><br>Os or\u00e7amentos e propostas imput\u00e1veis \u00e0 Ghostyky s\u00e3o v\u00e1lidos por 15 dias a contar da data de emiss\u00e3o, salvo indica\u00e7\u00e3o em contr\u00e1rio por escrito.<\/p>\n<p><strong>6. Pedidos<\/strong><br>6.1. A encomenda de bens e a contrata\u00e7\u00e3o de servi\u00e7os podem ser realizadas online ou presencialmente.<br>6.2. Quando efetuada online, a submiss\u00e3o da encomenda depende do registo pr\u00e9vio do cliente no site Ghostyky.<br>6.3. Todas as encomendas efetuadas est\u00e3o sujeitas \u00e0 aceita\u00e7\u00e3o expressa ou t\u00e1cita por parte da Ghostyky.<br>6.4. O processamento de qualquer encomenda depende do pr\u00e9vio pagamento do pre\u00e7o, salvo indica\u00e7\u00e3o expressa em contr\u00e1rio.<br>6.5. O cancelamento de uma encomenda, a altera\u00e7\u00e3o das quantidades ou qualidades dos bens encomendados pelo cliente durante o per\u00edodo de processamento carece de valida\u00e7\u00e3o por parte da Ghostyky, resultando no reembolso do pre\u00e7o pago.<br>6.6. A modifica\u00e7\u00e3o, por iniciativa da Ghostyky, de quantidades ou qualidades dos produtos encomendados depende da aceita\u00e7\u00e3o expressa do cliente e pode resultar num ajustamento dos benef\u00edcios contratuais acordados.<\/p>\n<p><strong>7. Transporte e entrega<\/strong><br>7.1. Os custos de transporte e entrega dos bens adquiridos, devidamente calculados, s\u00e3o da responsabilidade do cliente, salvo quando do contrato resultar algo diverso.<br>7.2. Os prazos de entrega s\u00e3o apenas indicativos e n\u00e3o vinculam a Ghostyky, salvo indica\u00e7\u00e3o expressa em contr\u00e1rio.<br>7.3. A Ghostyky n\u00e3o se responsabiliza por danos decorrentes de atrasos na entrega que n\u00e3o lhe sejam imput\u00e1veis ou quando estipula\u00e7\u00f5es expressas assim o prevejam.<br>7.4. Em todas as situa\u00e7\u00f5es em que os atrasos na entrega n\u00e3o sejam imput\u00e1veis \u00e0 Ghostyky, tal n\u00e3o confere o direito de cancelamento da encomenda, n\u00e3o podendo a Ghostyky ser responsabilizada por qualquer motivo.<br>7.5. Sendo o cliente um consumidor final, nos termos definidos na legisla\u00e7\u00e3o do consumo, o risco de perda ou dano dos bens enviados para entrega pela Ghostyky transfere-se para o consumidor quando este ou um terceiro por si indicado, que n\u00e3o o transportador, adquira possuir sua f\u00edsica.<br>7.6. Se o consumidor confiar o transporte a uma pessoa diferente da proposta pela Ghostyky, o risco \u00e9 transferido para o consumidor no momento da entrega da mercadoria ao transportador.<br>7.7. Em quaisquer outras situa\u00e7\u00f5es, o risco de perda ou dano da mercadoria \u00e9 transferido para o cliente no momento da entrega ao transportador da mercadoria, ainda que contratado pela Ghostyky.<br>7.8. No momento da entrega, o cliente dever\u00e1 verificar a conformidade da mercadoria, nomeadamente o estado da embalagem, informando o transportador de quaisquer danos que detecte, mencionando-os na guia de transporte que assinar.<br>7.9. Caso a mercadoria apresente danos que n\u00e3o eram vis\u00edveis no momento da entrega, mas que resultaram de mau transporte, o cliente dever\u00e1, no prazo de tr\u00eas dias, contactar a Ghostyky por escrito. para o endere\u00e7o de e-mail info@ghostysky.com.<\/p>\n<p><strong>8. Pagamento<\/strong><br>8.1. Os pagamentos ser\u00e3o feitos em dinheiro, multibanco, cart\u00e3o de cr\u00e9dito, Paypal, transfer\u00eancia banc\u00e1ria ou cheque visado.<br>8.2. Os descontos, saldos e promo\u00e7\u00f5es s\u00e3o definidos de acordo com a legisla\u00e7\u00e3o em vigor.<\/p>\n<p><strong>9. Propriedade intelectual<\/strong><br>9.1. Todo o conte\u00fado e informa\u00e7\u00f5es sobre dom\u00ednios e subdom\u00ednios associados ao Ghostyky s\u00e3o de sua propriedade.<br>9.2. A utiliza\u00e7\u00e3o, reprodu\u00e7\u00e3o, c\u00f3pia e divulga\u00e7\u00e3o por outros meios dos log\u00f3tipos, textos, imagens e v\u00eddeos que aparecem nesse site est\u00e3o sujeitas \u00e0 sua autoriza\u00e7\u00e3o pr\u00e9via a este respeito.<\/p>\n<p><strong>10. Garantia legal<\/strong><br>10.1. Os produtos comercializados pela Ghostyky beneficiam da garantia comercial publicitada e assumida pelo fabricante.<br>10.2. Sem preju\u00edzo da garantia da Marca, a conformidade dos produtos \u00e9 garantida pela Ghostyky de acordo com a legisla\u00e7\u00e3o portuguesa, com as condi\u00e7\u00f5es e prazos estabelecidos na lei geral relativa aos produtos destinados a uso profissional e no Decreto-Lei n. 84\/2021, de 18 de outubro, em termos de vendas ao consumidor. No caso de vendas de bens de consumo, o prazo de garantia legal \u00e9 de 3 anos a partir da data de entrega do equipamento.<br>10.3. Uma vez detectada uma situa\u00e7\u00e3o de n\u00e3o conformidade, a mesma dever\u00e1 ser comunicada ao Ghostyky.<br>10.4. A Ghostyky poder\u00e1 exigir a entrega do produto para avalia\u00e7\u00e3o e certifica\u00e7\u00e3o de n\u00e3o conformidade por t\u00e9cnicos certificados ou pela marca.<br>10.5. A comunica\u00e7\u00e3o referida no ponto 9.2. \u00c9 efetuada por escrito atrav\u00e9s do formul\u00e1rio dispon\u00edvel online e deve ser acompanhada da descri\u00e7\u00e3o sint\u00e9tica do defeito e da respetiva fatura ou documento equivalente que comprove a compra pelo consumidor.<br>10.6. Em alternativa, o consumidor poder\u00e1 entregar o produto n\u00e3o conforme na Rua S\u00e3o Jos\u00e9, Bra\u00e7ais, 3260-072 Figueir\u00f3 dos Vinhos.<br>10.7. Uma vez verificada a exist\u00eancia de n\u00e3o conformidade pelo departamento competente, e esta n\u00e3o seja devida a utiliza\u00e7\u00e3o indevida ou qualquer outra causa imput\u00e1vel ao consumidor ocorrida ap\u00f3s a entrega, a Ghostyky assegura a repara\u00e7\u00e3o ou substitui\u00e7\u00e3o do artigo, redu\u00e7\u00e3o de pre\u00e7o ou rescis\u00e3o do contrato. o contrato nos termos e condi\u00e7\u00f5es definidos nas disposi\u00e7\u00f5es legais em vigor. Em qualquer caso, \u00e9 poss\u00edvel optar diretamente pela substitui\u00e7\u00e3o do bem ou pela rescis\u00e3o do contrato quando a falta de conformidade se manifestar nos primeiros 14 dias a partir da entrega do bem.<br>10.8. Os custos de transporte decorrentes do restabelecimento da conformidade dos bens abrangidos pela garantia legal ser\u00e3o suportados pela Ghostyky.<\/p>\n<p><strong>11. Retorno e direito de livre resolu\u00e7\u00e3o<\/strong><br>11.1. Em nenhum caso ser\u00e3o aceitas devolu\u00e7\u00f5es de itens incompletos, sem componentes e acess\u00f3rios, com ind\u00edcios de uso indevido ou cujo manuseio exceda o normalmente permitido em estabelecimento comercial.<br>11.2. No caso de compras efetuadas online, e de acordo com a respetiva legisla\u00e7\u00e3o, o consumidor, definido nos termos da legisla\u00e7\u00e3o do consumo, disp\u00f5e de um prazo de 14 dias, contados a partir do dia em que os bens s\u00e3o recebidos pelo consumidor ou terceiro por ele indicado , para proceder \u00e0 rescis\u00e3o injustificada do contrato.<br>11.3. O direito \u00e0 livre resolu\u00e7\u00e3o \u00e9 exercido atrav\u00e9s de declara\u00e7\u00e3o inequ\u00edvoca de resolu\u00e7\u00e3o do contrato atrav\u00e9s do envio de um email para a Ghostyky, indicando-o.<br>11.4. Em caso de livre resolu\u00e7\u00e3o, o consumidor ser\u00e1 respons\u00e1vel pelos custos de transporte associados \u00e0 devolu\u00e7\u00e3o do artigo.<br>11.5. O reembolso dos pagamentos por parte da Ghostyky ser\u00e1 efetuado atrav\u00e9s do mesmo meio de pagamento utilizado pelo consumidor na transa\u00e7\u00e3o, salvo acordo expresso em contr\u00e1rio.<br>11.6. Salvo acordo expresso da Ghostyky, o consumidor n\u00e3o pode rescindir livremente contratos de:<br>a) Fornecimento de bens realizados de acordo com especifica\u00e7\u00f5es do consumidor ou claramente personalizados;<br>b) Fornecimento de bens que, por natureza, n\u00e3o sejam reenvi\u00e1veis ou sejam suscept\u00edveis de se deteriorarem ou ficarem rapidamente obsoletos;<br>c) Fornecimento de bens selados que n\u00e3o possam ser devolvidos, por raz\u00f5es de prote\u00e7\u00e3o da sa\u00fade ou higiene quando abertos ap\u00f3s a entrega, nomeadamente todos os produtos que estejam em contacto direto com partes do corpo, como auscultadores, escovas de dentes, m\u00e1quinas de cortar cabelo e barba, etc. .;<br>d) Fornecimento de bens que, ap\u00f3s entrega e por natureza, estejam indissociavelmente misturados com outros bens;<br>e) Fornecimento de grava\u00e7\u00f5es \u00e1udio ou v\u00eddeo seladas ou de programas inform\u00e1ticos selados, dos quais o consumidor tenha retirado o selo de garantia de inviolabilidade ap\u00f3s a entrega;<br>f) Disponibiliza\u00e7\u00e3o de conte\u00fados digitais n\u00e3o fornecidos em suporte f\u00edsico se:<br>i) A sua execu\u00e7\u00e3o inicia-se com o consentimento pr\u00e9vio e expresso do consumidor; Isso \u00e9<br>ii) O consumidor reconhece que o seu consentimento implica a perda do direito \u00e0 livre resolu\u00e7\u00e3o;<br>g) Presta\u00e7\u00e3o de servi\u00e7os de repara\u00e7\u00e3o ou manuten\u00e7\u00e3o a realizar no domic\u00edlio do consumidor, a seu pedido.<\/p>\n<p>FANTASMASKY1<\/p>\n<p><\/p>\t\t\t\t\t\t\t\t<\/div>\n\t\t\t\t<\/div>\n\t\t\t\t\t<\/div>\n\t\t<\/div>\n\t\t\t\t\t<\/div>\n\t\t<\/section>\n\t\t\t\t<\/div>","protected":false},"excerpt":{"rendered":"<p>General Terms and Conditions This Ghostyky &#8211; Air robotics website is owned by Ghostyky Unipessoal Lda, Informa\u00e7\u00e3o e Tecnologia, S. [&hellip;]<\/p>\n","protected":false},"author":27,"featured_media":0,"parent":0,"menu_order":0,"comment_status":"closed","ping_status":"closed","template":"elementor_header_footer","meta":{"footnotes":""},"class_list":["post-18819","page","type-page","status-publish","hentry"],"yoast_head":"<!-- This site is optimized with the Yoast SEO plugin v27.4 - https:\/\/yoast.com\/product\/yoast-seo-wordpress\/ -->\n<title>General Terms and Conditions - Ghostysky<\/title>\n<meta name=\"robots\" content=\"index, follow, max-snippet:-1, max-image-preview:large, max-video-preview:-1\" \/>\n<link rel=\"canonical\" href=\"https:\/\/www.ghostysky.com\/pt\/general-conditions-of-sale\/\" \/>\n<meta property=\"og:locale\" content=\"pt_PT\" \/>\n<meta property=\"og:type\" content=\"article\" \/>\n<meta property=\"og:title\" content=\"General Terms and Conditions - Ghostysky\" \/>\n<meta property=\"og:description\" content=\"General Terms and Conditions This Ghostyky &#8211; Air robotics website is owned by Ghostyky Unipessoal Lda, Informa\u00e7\u00e3o e Tecnologia, S. [&hellip;]\" \/>\n<meta property=\"og:url\" content=\"https:\/\/www.ghostysky.com\/pt\/general-conditions-of-sale\/\" \/>\n<meta property=\"og:site_name\" content=\"Ghostysky\" \/>\n<meta property=\"article:publisher\" content=\"https:\/\/www.facebook.com\/people\/Ghostysky\/100057676170234\/\" \/>\n<meta property=\"article:modified_time\" content=\"2024-05-14T16:44:10+00:00\" \/>\n<meta property=\"og:image\" content=\"https:\/\/www.ghostysky.com\/wp-content\/uploads\/2024\/03\/ghostyskylogo_full_AirRobotics_200.png\" \/>\n<meta name=\"twitter:card\" content=\"summary_large_image\" \/>\n<meta name=\"twitter:site\" content=\"@Gh0stysky\" \/>\n<meta name=\"twitter:label1\" content=\"Tempo estimado de leitura\" \/>\n\t<meta name=\"twitter:data1\" content=\"9 minutos\" \/>\n<script type=\"application\/ld+json\" class=\"yoast-schema-graph\">{\"@context\":\"https:\\\/\\\/schema.org\",\"@graph\":[{\"@type\":\"WebPage\",\"@id\":\"https:\\\/\\\/www.ghostysky.com\\\/general-conditions-of-sale\\\/\",\"url\":\"https:\\\/\\\/www.ghostysky.com\\\/general-conditions-of-sale\\\/\",\"name\":\"General Terms and Conditions - Ghostysky\",\"isPartOf\":{\"@id\":\"https:\\\/\\\/www.ghostysky.com\\\/#website\"},\"primaryImageOfPage\":{\"@id\":\"https:\\\/\\\/www.ghostysky.com\\\/general-conditions-of-sale\\\/#primaryimage\"},\"image\":{\"@id\":\"https:\\\/\\\/www.ghostysky.com\\\/general-conditions-of-sale\\\/#primaryimage\"},\"thumbnailUrl\":\"https:\\\/\\\/www.ghostysky.com\\\/wp-content\\\/uploads\\\/2024\\\/03\\\/ghostyskylogo_full_AirRobotics_200.png\",\"datePublished\":\"2024-05-13T19:04:15+00:00\",\"dateModified\":\"2024-05-14T16:44:10+00:00\",\"breadcrumb\":{\"@id\":\"https:\\\/\\\/www.ghostysky.com\\\/general-conditions-of-sale\\\/#breadcrumb\"},\"inLanguage\":\"pt-PT\",\"potentialAction\":[{\"@type\":\"ReadAction\",\"target\":[\"https:\\\/\\\/www.ghostysky.com\\\/general-conditions-of-sale\\\/\"]}]},{\"@type\":\"ImageObject\",\"inLanguage\":\"pt-PT\",\"@id\":\"https:\\\/\\\/www.ghostysky.com\\\/general-conditions-of-sale\\\/#primaryimage\",\"url\":\"https:\\\/\\\/www.ghostysky.com\\\/wp-content\\\/uploads\\\/2024\\\/03\\\/ghostyskylogo_full_AirRobotics_200.png\",\"contentUrl\":\"https:\\\/\\\/www.ghostysky.com\\\/wp-content\\\/uploads\\\/2024\\\/03\\\/ghostyskylogo_full_AirRobotics_200.png\"},{\"@type\":\"BreadcrumbList\",\"@id\":\"https:\\\/\\\/www.ghostysky.com\\\/general-conditions-of-sale\\\/#breadcrumb\",\"itemListElement\":[{\"@type\":\"ListItem\",\"position\":1,\"name\":\"Home\",\"item\":\"https:\\\/\\\/www.ghostysky.com\\\/\"},{\"@type\":\"ListItem\",\"position\":2,\"name\":\"General Terms and Conditions\"}]},{\"@type\":\"WebSite\",\"@id\":\"https:\\\/\\\/www.ghostysky.com\\\/#website\",\"url\":\"https:\\\/\\\/www.ghostysky.com\\\/\",\"name\":\"Ghostysky\",\"description\":\"Delivering professional drones and services\",\"publisher\":{\"@id\":\"https:\\\/\\\/www.ghostysky.com\\\/#organization\"},\"potentialAction\":[{\"@type\":\"SearchAction\",\"target\":{\"@type\":\"EntryPoint\",\"urlTemplate\":\"https:\\\/\\\/www.ghostysky.com\\\/?s={search_term_string}\"},\"query-input\":{\"@type\":\"PropertyValueSpecification\",\"valueRequired\":true,\"valueName\":\"search_term_string\"}}],\"inLanguage\":\"pt-PT\"},{\"@type\":\"Organization\",\"@id\":\"https:\\\/\\\/www.ghostysky.com\\\/#organization\",\"name\":\"Ghostysky\",\"url\":\"https:\\\/\\\/www.ghostysky.com\\\/\",\"logo\":{\"@type\":\"ImageObject\",\"inLanguage\":\"pt-PT\",\"@id\":\"https:\\\/\\\/www.ghostysky.com\\\/#\\\/schema\\\/logo\\\/image\\\/\",\"url\":\"https:\\\/\\\/www.ghostysky.com\\\/wp-content\\\/uploads\\\/2020\\\/06\\\/cropped-ghostyskylogo_text_white2.png\",\"contentUrl\":\"https:\\\/\\\/www.ghostysky.com\\\/wp-content\\\/uploads\\\/2020\\\/06\\\/cropped-ghostyskylogo_text_white2.png\",\"width\":169,\"height\":56,\"caption\":\"Ghostysky\"},\"image\":{\"@id\":\"https:\\\/\\\/www.ghostysky.com\\\/#\\\/schema\\\/logo\\\/image\\\/\"},\"sameAs\":[\"https:\\\/\\\/www.facebook.com\\\/people\\\/Ghostysky\\\/100057676170234\\\/\",\"https:\\\/\\\/x.com\\\/Gh0stysky\",\"https:\\\/\\\/www.linkedin.com\\\/company\\\/34739653\",\"https:\\\/\\\/www.instagram.com\\\/gh0stysky\"]}]}<\/script>\n<!-- \/ Yoast SEO plugin. -->","yoast_head_json":{"title":"Termos e Condi\u00e7\u00f5es Gerais - Ghostysky","robots":{"index":"index","follow":"follow","max-snippet":"max-snippet:-1","max-image-preview":"max-image-preview:large","max-video-preview":"max-video-preview:-1"},"canonical":"https:\/\/www.ghostysky.com\/pt\/general-conditions-of-sale\/","og_locale":"pt_PT","og_type":"article","og_title":"General Terms and Conditions - Ghostysky","og_description":"General Terms and Conditions This Ghostyky &#8211; Air robotics website is owned by Ghostyky Unipessoal Lda, Informa\u00e7\u00e3o e Tecnologia, S. [&hellip;]","og_url":"https:\/\/www.ghostysky.com\/pt\/general-conditions-of-sale\/","og_site_name":"Ghostysky","article_publisher":"https:\/\/www.facebook.com\/people\/Ghostysky\/100057676170234\/","article_modified_time":"2024-05-14T16:44:10+00:00","og_image":[{"url":"https:\/\/www.ghostysky.com\/wp-content\/uploads\/2024\/03\/ghostyskylogo_full_AirRobotics_200.png","type":"","width":"","height":""}],"twitter_card":"summary_large_image","twitter_site":"@Gh0stysky","twitter_misc":{"Tempo estimado de leitura":"9 minutos"},"schema":{"@context":"https:\/\/schema.org","@graph":[{"@type":"WebPage","@id":"https:\/\/www.ghostysky.com\/general-conditions-of-sale\/","url":"https:\/\/www.ghostysky.com\/general-conditions-of-sale\/","name":"Termos e Condi\u00e7\u00f5es Gerais - Ghostysky","isPartOf":{"@id":"https:\/\/www.ghostysky.com\/#website"},"primaryImageOfPage":{"@id":"https:\/\/www.ghostysky.com\/general-conditions-of-sale\/#primaryimage"},"image":{"@id":"https:\/\/www.ghostysky.com\/general-conditions-of-sale\/#primaryimage"},"thumbnailUrl":"https:\/\/www.ghostysky.com\/wp-content\/uploads\/2024\/03\/ghostyskylogo_full_AirRobotics_200.png","datePublished":"2024-05-13T19:04:15+00:00","dateModified":"2024-05-14T16:44:10+00:00","breadcrumb":{"@id":"https:\/\/www.ghostysky.com\/general-conditions-of-sale\/#breadcrumb"},"inLanguage":"pt-PT","potentialAction":[{"@type":"ReadAction","target":["https:\/\/www.ghostysky.com\/general-conditions-of-sale\/"]}]},{"@type":"ImageObject","inLanguage":"pt-PT","@id":"https:\/\/www.ghostysky.com\/general-conditions-of-sale\/#primaryimage","url":"https:\/\/www.ghostysky.com\/wp-content\/uploads\/2024\/03\/ghostyskylogo_full_AirRobotics_200.png","contentUrl":"https:\/\/www.ghostysky.com\/wp-content\/uploads\/2024\/03\/ghostyskylogo_full_AirRobotics_200.png"},{"@type":"BreadcrumbList","@id":"https:\/\/www.ghostysky.com\/general-conditions-of-sale\/#breadcrumb","itemListElement":[{"@type":"ListItem","position":1,"name":"Home","item":"https:\/\/www.ghostysky.com\/"},{"@type":"ListItem","position":2,"name":"General Terms and Conditions"}]},{"@type":"WebSite","@id":"https:\/\/www.ghostysky.com\/#website","url":"https:\/\/www.ghostysky.com\/","name":"Ghostysky","description":"Fornecendo drones e servi\u00e7os profissionais","publisher":{"@id":"https:\/\/www.ghostysky.com\/#organization"},"potentialAction":[{"@type":"SearchAction","target":{"@type":"EntryPoint","urlTemplate":"https:\/\/www.ghostysky.com\/?s={search_term_string}"},"query-input":{"@type":"PropertyValueSpecification","valueRequired":true,"valueName":"search_term_string"}}],"inLanguage":"pt-PT"},{"@type":"Organization","@id":"https:\/\/www.ghostysky.com\/#organization","name":"Ghostysky","url":"https:\/\/www.ghostysky.com\/","logo":{"@type":"ImageObject","inLanguage":"pt-PT","@id":"https:\/\/www.ghostysky.com\/#\/schema\/logo\/image\/","url":"https:\/\/www.ghostysky.com\/wp-content\/uploads\/2020\/06\/cropped-ghostyskylogo_text_white2.png","contentUrl":"https:\/\/www.ghostysky.com\/wp-content\/uploads\/2020\/06\/cropped-ghostyskylogo_text_white2.png","width":169,"height":56,"caption":"Ghostysky"},"image":{"@id":"https:\/\/www.ghostysky.com\/#\/schema\/logo\/image\/"},"sameAs":["https:\/\/www.facebook.com\/people\/Ghostysky\/100057676170234\/","https:\/\/x.com\/Gh0stysky","https:\/\/www.linkedin.com\/company\/34739653","https:\/\/www.instagram.com\/gh0stysky"]}]}},"_links":{"self":[{"href":"https:\/\/www.ghostysky.com\/pt\/wp-json\/wp\/v2\/pages\/18819","targetHints":{"allow":["GET"]}}],"collection":[{"href":"https:\/\/www.ghostysky.com\/pt\/wp-json\/wp\/v2\/pages"}],"about":[{"href":"https:\/\/www.ghostysky.com\/pt\/wp-json\/wp\/v2\/types\/page"}],"author":[{"embeddable":true,"href":"https:\/\/www.ghostysky.com\/pt\/wp-json\/wp\/v2\/users\/27"}],"replies":[{"embeddable":true,"href":"https:\/\/www.ghostysky.com\/pt\/wp-json\/wp\/v2\/comments?post=18819"}],"version-history":[{"count":0,"href":"https:\/\/www.ghostysky.com\/pt\/wp-json\/wp\/v2\/pages\/18819\/revisions"}],"wp:attachment":[{"href":"https:\/\/www.ghostysky.com\/pt\/wp-json\/wp\/v2\/media?parent=18819"}],"curies":[{"name":"wp","href":"https:\/\/api.w.org\/{rel}","templated":true}]}}