{"id":4297,"date":"2022-03-11T16:38:03","date_gmt":"2022-03-11T16:38:03","guid":{"rendered":"https:\/\/www.ghostysky.com\/my-account\/"},"modified":"2023-11-28T17:19:16","modified_gmt":"2023-11-28T17:19:16","slug":"my-account","status":"publish","type":"page","link":"https:\/\/www.ghostysky.com\/pt\/my-account\/","title":{"rendered":"Conta"},"content":{"rendered":"<p class=\"has-black-color has-text-color\" id=\"text-login-subtitle\">Se voc\u00ea ainda n\u00e3o est\u00e1 cadastrado, cadastre-se e comece a aproveitar todos os benef\u00edcios: acesso f\u00e1cil ao seu perfil, itens salvos e hist\u00f3rico de compras. Receba documenta\u00e7\u00e3o, recomenda\u00e7\u00f5es e atualiza\u00e7\u00f5es personalizadas.<\/p>\n\n\n<div id='tgwc-woocommerce' data-menu-position='tab' data-menu-layout='modern' data-menu-style='tab' class=\"woocommerce\"><\/div>","protected":false},"excerpt":{"rendered":"<p>If you&#8217;re not registered sign up for an account and start enjoying all the benefits: easily access to your profile, [&hellip;]<\/p>\n","protected":false},"author":27,"featured_media":0,"parent":0,"menu_order":0,"comment_status":"closed","ping_status":"closed","template":"page-templates\/template_fullwidth.php","meta":{"footnotes":""},"class_list":["post-4297","page","type-page","status-publish","hentry"],"yoast_head":"<!-- This site is optimized with the Yoast SEO plugin v27.1.1 - https:\/\/yoast.com\/product\/yoast-seo-wordpress\/ -->\n<title>Account - Ghostysky<\/title>\n<meta name=\"description\" content=\"If you&#039;re not registered sign up for an account and start enjoying all the benefits: easily access to your profile, saved items, and purchase history. Receive personalized documentation, recommendations and updates.\" \/>\n<meta name=\"robots\" content=\"index, follow, max-snippet:-1, max-image-preview:large, max-video-preview:-1\" \/>\n<link rel=\"canonical\" href=\"https:\/\/www.ghostysky.com\/pt\/my-account\/\" \/>\n<meta property=\"og:locale\" content=\"pt_PT\" \/>\n<meta property=\"og:type\" content=\"article\" \/>\n<meta property=\"og:title\" content=\"Account - Ghostysky\" \/>\n<meta property=\"og:description\" content=\"If you&#039;re not registered sign up for an account and start enjoying all the benefits: easily access to your profile, saved items, and purchase history. Receive personalized documentation, recommendations and updates.\" \/>\n<meta property=\"og:url\" content=\"https:\/\/www.ghostysky.com\/pt\/my-account\/\" \/>\n<meta property=\"og:site_name\" content=\"Ghostysky\" \/>\n<meta property=\"article:publisher\" content=\"https:\/\/www.facebook.com\/people\/Ghostysky\/100057676170234\/\" \/>\n<meta property=\"article:modified_time\" content=\"2023-11-28T17:19:16+00:00\" \/>\n<meta name=\"twitter:card\" content=\"summary_large_image\" \/>\n<meta name=\"twitter:site\" content=\"@Gh0stysky\" \/>\n<meta name=\"twitter:label1\" content=\"Tempo estimado de leitura\" \/>\n\t<meta name=\"twitter:data1\" content=\"1 minuto\" \/>\n<script type=\"application\/ld+json\" class=\"yoast-schema-graph\">{\"@context\":\"https:\/\/schema.org\",\"@graph\":[{\"@type\":\"WebPage\",\"@id\":\"https:\/\/www.ghostysky.com\/my-account\/\",\"url\":\"https:\/\/www.ghostysky.com\/my-account\/\",\"name\":\"Account - Ghostysky\",\"isPartOf\":{\"@id\":\"https:\/\/www.ghostysky.com\/#website\"},\"datePublished\":\"2022-03-11T16:38:03+00:00\",\"dateModified\":\"2023-11-28T17:19:16+00:00\",\"description\":\"If you're not registered sign up for an account and start enjoying all the benefits: easily access to your profile, saved items, and purchase history. Receive personalized documentation, recommendations and updates.\",\"breadcrumb\":{\"@id\":\"https:\/\/www.ghostysky.com\/my-account\/#breadcrumb\"},\"inLanguage\":\"pt-PT\",\"potentialAction\":[{\"@type\":\"ReadAction\",\"target\":[\"https:\/\/www.ghostysky.com\/my-account\/\"]}]},{\"@type\":\"BreadcrumbList\",\"@id\":\"https:\/\/www.ghostysky.com\/my-account\/#breadcrumb\",\"itemListElement\":[{\"@type\":\"ListItem\",\"position\":1,\"name\":\"Home\",\"item\":\"https:\/\/www.ghostysky.com\/\"},{\"@type\":\"ListItem\",\"position\":2,\"name\":\"Account\"}]},{\"@type\":\"WebSite\",\"@id\":\"https:\/\/www.ghostysky.com\/#website\",\"url\":\"https:\/\/www.ghostysky.com\/\",\"name\":\"Ghostysky\",\"description\":\"Delivering professional drones and services\",\"publisher\":{\"@id\":\"https:\/\/www.ghostysky.com\/#organization\"},\"potentialAction\":[{\"@type\":\"SearchAction\",\"target\":{\"@type\":\"EntryPoint\",\"urlTemplate\":\"https:\/\/www.ghostysky.com\/?s={search_term_string}\"},\"query-input\":{\"@type\":\"PropertyValueSpecification\",\"valueRequired\":true,\"valueName\":\"search_term_string\"}}],\"inLanguage\":\"pt-PT\"},{\"@type\":\"Organization\",\"@id\":\"https:\/\/www.ghostysky.com\/#organization\",\"name\":\"Ghostysky\",\"url\":\"https:\/\/www.ghostysky.com\/\",\"logo\":{\"@type\":\"ImageObject\",\"inLanguage\":\"pt-PT\",\"@id\":\"https:\/\/www.ghostysky.com\/#\/schema\/logo\/image\/\",\"url\":\"https:\/\/www.ghostysky.com\/wp-content\/uploads\/2020\/06\/cropped-ghostyskylogo_text_white2.png\",\"contentUrl\":\"https:\/\/www.ghostysky.com\/wp-content\/uploads\/2020\/06\/cropped-ghostyskylogo_text_white2.png\",\"width\":169,\"height\":56,\"caption\":\"Ghostysky\"},\"image\":{\"@id\":\"https:\/\/www.ghostysky.com\/#\/schema\/logo\/image\/\"},\"sameAs\":[\"https:\/\/www.facebook.com\/people\/Ghostysky\/100057676170234\/\",\"https:\/\/x.com\/Gh0stysky\",\"https:\/\/www.linkedin.com\/company\/34739653\",\"https:\/\/www.instagram.com\/gh0stysky\"]}]}<\/script>\n<!-- \/ Yoast SEO plugin. -->","yoast_head_json":{"title":"Conta - Ghostysky","description":"Se voc\u00ea ainda n\u00e3o est\u00e1 cadastrado, cadastre-se e comece a aproveitar todos os benef\u00edcios: acesso f\u00e1cil ao seu perfil, itens salvos e hist\u00f3rico de compras. Receba documenta\u00e7\u00e3o, recomenda\u00e7\u00f5es e atualiza\u00e7\u00f5es personalizadas.","robots":{"index":"index","follow":"follow","max-snippet":"max-snippet:-1","max-image-preview":"max-image-preview:large","max-video-preview":"max-video-preview:-1"},"canonical":"https:\/\/www.ghostysky.com\/pt\/my-account\/","og_locale":"pt_PT","og_type":"article","og_title":"Account - Ghostysky","og_description":"If you're not registered sign up for an account and start enjoying all the benefits: easily access to your profile, saved items, and purchase history. Receive personalized documentation, recommendations and updates.","og_url":"https:\/\/www.ghostysky.com\/pt\/my-account\/","og_site_name":"Ghostysky","article_publisher":"https:\/\/www.facebook.com\/people\/Ghostysky\/100057676170234\/","article_modified_time":"2023-11-28T17:19:16+00:00","twitter_card":"summary_large_image","twitter_site":"@Gh0stysky","twitter_misc":{"Tempo estimado de leitura":"1 minuto"},"schema":{"@context":"https:\/\/schema.org","@graph":[{"@type":"WebPage","@id":"https:\/\/www.ghostysky.com\/my-account\/","url":"https:\/\/www.ghostysky.com\/my-account\/","name":"Conta - Ghostysky","isPartOf":{"@id":"https:\/\/www.ghostysky.com\/#website"},"datePublished":"2022-03-11T16:38:03+00:00","dateModified":"2023-11-28T17:19:16+00:00","description":"Se voc\u00ea ainda n\u00e3o est\u00e1 cadastrado, cadastre-se e comece a aproveitar todos os benef\u00edcios: acesso f\u00e1cil ao seu perfil, itens salvos e hist\u00f3rico de compras. Receba documenta\u00e7\u00e3o, recomenda\u00e7\u00f5es e atualiza\u00e7\u00f5es personalizadas.","breadcrumb":{"@id":"https:\/\/www.ghostysky.com\/my-account\/#breadcrumb"},"inLanguage":"pt-PT","potentialAction":[{"@type":"ReadAction","target":["https:\/\/www.ghostysky.com\/my-account\/"]}]},{"@type":"BreadcrumbList","@id":"https:\/\/www.ghostysky.com\/my-account\/#breadcrumb","itemListElement":[{"@type":"ListItem","position":1,"name":"Home","item":"https:\/\/www.ghostysky.com\/"},{"@type":"ListItem","position":2,"name":"Account"}]},{"@type":"WebSite","@id":"https:\/\/www.ghostysky.com\/#website","url":"https:\/\/www.ghostysky.com\/","name":"Ghostysky","description":"Fornecendo drones e servi\u00e7os profissionais","publisher":{"@id":"https:\/\/www.ghostysky.com\/#organization"},"potentialAction":[{"@type":"SearchAction","target":{"@type":"EntryPoint","urlTemplate":"https:\/\/www.ghostysky.com\/?s={search_term_string}"},"query-input":{"@type":"PropertyValueSpecification","valueRequired":true,"valueName":"search_term_string"}}],"inLanguage":"pt-PT"},{"@type":"Organization","@id":"https:\/\/www.ghostysky.com\/#organization","name":"Ghostysky","url":"https:\/\/www.ghostysky.com\/","logo":{"@type":"ImageObject","inLanguage":"pt-PT","@id":"https:\/\/www.ghostysky.com\/#\/schema\/logo\/image\/","url":"https:\/\/www.ghostysky.com\/wp-content\/uploads\/2020\/06\/cropped-ghostyskylogo_text_white2.png","contentUrl":"https:\/\/www.ghostysky.com\/wp-content\/uploads\/2020\/06\/cropped-ghostyskylogo_text_white2.png","width":169,"height":56,"caption":"Ghostysky"},"image":{"@id":"https:\/\/www.ghostysky.com\/#\/schema\/logo\/image\/"},"sameAs":["https:\/\/www.facebook.com\/people\/Ghostysky\/100057676170234\/","https:\/\/x.com\/Gh0stysky","https:\/\/www.linkedin.com\/company\/34739653","https:\/\/www.instagram.com\/gh0stysky"]}]}},"_links":{"self":[{"href":"https:\/\/www.ghostysky.com\/pt\/wp-json\/wp\/v2\/pages\/4297","targetHints":{"allow":["GET"]}}],"collection":[{"href":"https:\/\/www.ghostysky.com\/pt\/wp-json\/wp\/v2\/pages"}],"about":[{"href":"https:\/\/www.ghostysky.com\/pt\/wp-json\/wp\/v2\/types\/page"}],"author":[{"embeddable":true,"href":"https:\/\/www.ghostysky.com\/pt\/wp-json\/wp\/v2\/users\/27"}],"replies":[{"embeddable":true,"href":"https:\/\/www.ghostysky.com\/pt\/wp-json\/wp\/v2\/comments?post=4297"}],"version-history":[{"count":0,"href":"https:\/\/www.ghostysky.com\/pt\/wp-json\/wp\/v2\/pages\/4297\/revisions"}],"wp:attachment":[{"href":"https:\/\/www.ghostysky.com\/pt\/wp-json\/wp\/v2\/media?parent=4297"}],"curies":[{"name":"wp","href":"https:\/\/api.w.org\/{rel}","templated":true}]}}