{"id":4639,"date":"2022-03-14T01:20:22","date_gmt":"2022-03-14T01:20:22","guid":{"rendered":"https:\/\/www.ghostysky.com\/?page_id=4639"},"modified":"2023-07-15T11:35:16","modified_gmt":"2023-07-15T11:35:16","slug":"privacy-policy-2","status":"publish","type":"page","link":"https:\/\/www.ghostysky.com\/pt\/privacy-policy-2\/","title":{"rendered":"Pol\u00edtica de Privacidade"},"content":{"rendered":"<h6 class=\"wp-block-heading\" style=\"font-size:14px\">\u00daltima atualiza\u00e7\u00e3o: 9 de mar\u00e7o de 2022<\/h6>\n\n\n\n<h6 class=\"wp-block-heading\" style=\"font-size:14px\">A Ghostysky-Professional Unmanned Aerial Solutions (\u201cn\u00f3s\u201d, \u201cn\u00f3s\u201d ou \u201cnosso\u201d) opera o site Ghostysky-Professional Unmanned Aerial Solutions (o \u201cServi\u00e7o\u201d).<\/h6>\n\n\n\n<h6 class=\"wp-block-heading\" style=\"font-size:14px\">Esta p\u00e1gina informa sobre nossas pol\u00edticas relacionadas \u00e0 coleta, uso e divulga\u00e7\u00e3o de Informa\u00e7\u00f5es Pessoais quando voc\u00ea usa nosso Servi\u00e7o.<\/h6>\n\n\n\n<h6 class=\"wp-block-heading\" style=\"font-size:14px\">N\u00e3o usaremos ou compartilharemos suas informa\u00e7\u00f5es com ningu\u00e9m, exceto conforme descrito nesta Pol\u00edtica de Privacidade.<\/h6>\n\n\n\n<h6 class=\"wp-block-heading\" style=\"font-size:14px\">Usamos suas Informa\u00e7\u00f5es Pessoais para fornecer e melhorar o Servi\u00e7o. Ao usar o Servi\u00e7o, voc\u00ea concorda com a coleta e uso de informa\u00e7\u00f5es de acordo com esta pol\u00edtica. A menos que definido de outra forma nesta Pol\u00edtica de Privacidade, os termos usados nesta Pol\u00edtica de Privacidade t\u00eam os mesmos significados que em nossos Termos e Condi\u00e7\u00f5es, acess\u00edveis em <a href=\"https:\/\/www.ghostysky.com\/pt\/\">https:\/\/www.ghostysky.com<\/a><\/h6>\n\n\n\n<h5 class=\"wp-block-heading\"><strong>Coleta e uso de informa\u00e7\u00f5es<\/strong><\/h5>\n\n\n\n<h5 class=\"wp-block-heading\" style=\"font-size:14px\">Ao usar nosso Servi\u00e7o, podemos solicitar que voc\u00ea nos forne\u00e7a determinadas informa\u00e7\u00f5es de identifica\u00e7\u00e3o pessoal que podem ser usadas para contat\u00e1-lo ou identific\u00e1-lo. As informa\u00e7\u00f5es de identifica\u00e7\u00e3o pessoal (\u201cInforma\u00e7\u00f5es Pessoais\u201d) podem incluir, mas n\u00e3o se limitam a:<\/h5>\n\n\n\n<ul class=\"wp-block-list\" style=\"font-size:14px\">\n<li>Nome<\/li>\n\n\n\n<li>Endere\u00e7o de e-mail<\/li>\n\n\n\n<li>N\u00famero de telefone<\/li>\n\n\n\n<li>Endere\u00e7o<\/li>\n<\/ul>\n\n\n\n<h5 class=\"wp-block-heading\"><strong>Dados de registro<\/strong><\/h5>\n\n\n\n<h5 class=\"wp-block-heading\" style=\"font-size:14px\">Coletamos informa\u00e7\u00f5es que seu navegador envia sempre que voc\u00ea visita nosso Servi\u00e7o (\u201cDados de registro\u201d). Esses Dados de Registro podem incluir informa\u00e7\u00f5es como o endere\u00e7o do Protocolo de Internet (\u201cIP\u201d) do seu computador, tipo de navegador, vers\u00e3o do navegador, as p\u00e1ginas de nosso Servi\u00e7o que voc\u00ea visita, a hora e a data de sua visita, o tempo gasto nessas p\u00e1ginas e outros Estatisticas.<\/h5>\n\n\n\n<h5 class=\"wp-block-heading\"><strong>Biscoitos<\/strong><\/h5>\n\n\n\n<h5 class=\"wp-block-heading\" style=\"font-size:14px\">Cookies s\u00e3o arquivos com pequena quantidade de dados, que podem incluir um identificador \u00fanico an\u00f4nimo. Os cookies s\u00e3o enviados para o seu navegador a partir de um site e armazenados no disco r\u00edgido do seu computador.<\/h5>\n\n\n\n<h5 class=\"wp-block-heading\" style=\"font-size:14px\">Usamos \u201ccookies\u201d para coletar informa\u00e7\u00f5es. Voc\u00ea pode instruir seu navegador para recusar todos os cookies ou para indicar quando um cookie est\u00e1 sendo enviado. No entanto, se voc\u00ea n\u00e3o aceitar cookies, talvez n\u00e3o consiga usar algumas partes do nosso Servi\u00e7o.<\/h5>\n\n\n\n<h5 class=\"wp-block-heading\"><strong>Provedores de servi\u00e7o<\/strong><\/h5>\n\n\n\n<h5 class=\"wp-block-heading\" style=\"font-size:14px\">Podemos empregar empresas e indiv\u00edduos terceirizados para facilitar nosso Servi\u00e7o, fornecer o Servi\u00e7o em nosso nome, realizar servi\u00e7os relacionados ao Servi\u00e7o ou nos ajudar a analisar como nosso Servi\u00e7o \u00e9 usado.<\/h5>\n\n\n\n<h5 class=\"wp-block-heading\" style=\"font-size:14px\">Esses terceiros t\u00eam acesso \u00e0s suas informa\u00e7\u00f5es pessoais apenas para realizar essas tarefas em nosso nome e s\u00e3o obrigados a n\u00e3o divulg\u00e1-las ou us\u00e1-las para qualquer outra finalidade.<\/h5>\n\n\n\n<h5 class=\"wp-block-heading\"><strong>Seguran\u00e7a<\/strong><\/h5>\n\n\n\n<h5 class=\"wp-block-heading\" style=\"font-size:14px\">A seguran\u00e7a de suas informa\u00e7\u00f5es pessoais \u00e9 importante para n\u00f3s, mas lembre-se de que nenhum m\u00e9todo de transmiss\u00e3o pela Internet ou m\u00e9todo de armazenamento eletr\u00f4nico \u00e9 seguro 100%. Embora nos esforcemos para usar meios comercialmente aceit\u00e1veis para proteger suas Informa\u00e7\u00f5es Pessoais, n\u00e3o podemos garantir sua seguran\u00e7a absoluta.<\/h5>\n\n\n\n<h5 class=\"wp-block-heading\"><strong>Links para outros sites<\/strong><\/h5>\n\n\n\n<h5 class=\"wp-block-heading\" style=\"font-size:14px\">Nosso Servi\u00e7o pode conter links para outros sites que n\u00e3o s\u00e3o operados por n\u00f3s. <\/h5>\n\n\n\n<h5 class=\"wp-block-heading\" style=\"font-size:14px\">Se voc\u00ea clicar em um link de terceiros, ser\u00e1 direcionado ao site desse terceiro. Recomendamos que voc\u00ea revise a Pol\u00edtica de Privacidade de cada site que visitar. N\u00e3o temos controle e n\u00e3o assumimos responsabilidade pelo conte\u00fado, pol\u00edticas de privacidade ou pr\u00e1ticas de quaisquer sites ou servi\u00e7os de terceiros.<\/h5>\n\n\n\n<h5 class=\"wp-block-heading\"><strong>Privacidade infantil<\/strong><\/h5>\n\n\n\n<h5 class=\"wp-block-heading\" style=\"font-size:14px\">Nosso Servi\u00e7o n\u00e3o se dirige a menores de 18 anos (\u201cCrian\u00e7as\u201d).W<\/h5>\n\n\n\n<h5 class=\"wp-block-heading\" style=\"font-size:14px\">e n\u00e3o coletamos intencionalmente informa\u00e7\u00f5es de identifica\u00e7\u00e3o pessoal de crian\u00e7as menores de 18 anos. Se voc\u00ea for pai ou respons\u00e1vel e estiver ciente de que seu filho nos forneceu Informa\u00e7\u00f5es Pessoais, entre em contato conosco. Se descobrirmos que uma crian\u00e7a menor de 18 anos nos forneceu Informa\u00e7\u00f5es Pessoais, excluiremos essas informa\u00e7\u00f5es de nossos servidores imediatamente.<\/h5>\n\n\n\n<h5 class=\"wp-block-heading\"><strong>Conformidade com as leis<\/strong><\/h5>\n\n\n\n<h5 class=\"wp-block-heading\" style=\"font-size:14px\">Divulgaremos suas Informa\u00e7\u00f5es Pessoais quando exigido por lei ou intima\u00e7\u00e3o.<\/h5>\n\n\n\n<h5 class=\"wp-block-heading\"><strong>Altera\u00e7\u00f5es a esta pol\u00edtica de privacidade<\/strong><\/h5>\n\n\n\n<h5 class=\"wp-block-heading\" style=\"font-size:14px\">Podemos atualizar nossa Pol\u00edtica de Privacidade de tempos em tempos. Notificaremos voc\u00ea sobre quaisquer altera\u00e7\u00f5es publicando a nova Pol\u00edtica de Privacidade nesta p\u00e1gina.<\/h5>\n\n\n\n<h5 class=\"wp-block-heading\" style=\"font-size:14px\">Voc\u00ea \u00e9 aconselhado a revisar esta Pol\u00edtica de Privacidade periodicamente para quaisquer altera\u00e7\u00f5es. As altera\u00e7\u00f5es a esta Pol\u00edtica de Privacidade s\u00e3o efetivas quando publicadas nesta p\u00e1gina.<\/h5>\n\n\n\n<h5 class=\"wp-block-heading\"><strong>Contate-nos<\/strong><\/h5>\n\n\n\n<h5 class=\"wp-block-heading\" style=\"font-size:14px\">Se voc\u00ea tiver alguma d\u00favida sobre esta Pol\u00edtica de Privacidade, entre em contato conosco - <a rel=\"noreferrer noopener\" href=\"mailto:info@ghostysky.com\" target=\"_blank\">info@ghostysky.com<\/a>.<\/h5>","protected":false},"excerpt":{"rendered":"<p>Last updated: March 9, 2022 Ghostysky-Professional Unmanned Aerial Solutions (\u201cus\u201d, \u201cwe\u201d, or \u201cour\u201d) operates the Ghostysky-Professional Unmanned Aerial Solutions website [&hellip;]<\/p>\n","protected":false},"author":27,"featured_media":0,"parent":0,"menu_order":0,"comment_status":"closed","ping_status":"closed","template":"page-templates\/template_fullwidth.php","meta":{"footnotes":""},"class_list":["post-4639","page","type-page","status-publish","hentry"],"yoast_head":"<!-- This site is optimized with the Yoast SEO plugin v27.4 - https:\/\/yoast.com\/product\/yoast-seo-wordpress\/ -->\n<title>Privacy Policy - Ghostysky<\/title>\n<meta name=\"description\" content=\"Private Policy of data registered and saved in Ghostysky website.\" \/>\n<meta name=\"robots\" content=\"index, follow, max-snippet:-1, max-image-preview:large, max-video-preview:-1\" \/>\n<link rel=\"canonical\" href=\"https:\/\/www.ghostysky.com\/pt\/privacy-policy-2\/\" \/>\n<meta property=\"og:locale\" content=\"pt_PT\" \/>\n<meta property=\"og:type\" content=\"article\" \/>\n<meta property=\"og:title\" content=\"Privacy Policy - Ghostysky\" \/>\n<meta property=\"og:description\" content=\"Private Policy of data registered and saved in Ghostysky website.\" \/>\n<meta property=\"og:url\" content=\"https:\/\/www.ghostysky.com\/pt\/privacy-policy-2\/\" \/>\n<meta property=\"og:site_name\" content=\"Ghostysky\" \/>\n<meta property=\"article:publisher\" content=\"https:\/\/www.facebook.com\/people\/Ghostysky\/100057676170234\/\" \/>\n<meta property=\"article:modified_time\" content=\"2023-07-15T11:35:16+00:00\" \/>\n<meta name=\"twitter:card\" content=\"summary_large_image\" \/>\n<meta name=\"twitter:site\" content=\"@Gh0stysky\" \/>\n<meta name=\"twitter:label1\" content=\"Tempo estimado de leitura\" \/>\n\t<meta name=\"twitter:data1\" content=\"3 minutos\" \/>\n<script type=\"application\/ld+json\" class=\"yoast-schema-graph\">{\"@context\":\"https:\\\/\\\/schema.org\",\"@graph\":[{\"@type\":\"WebPage\",\"@id\":\"https:\\\/\\\/www.ghostysky.com\\\/privacy-policy-2\\\/\",\"url\":\"https:\\\/\\\/www.ghostysky.com\\\/privacy-policy-2\\\/\",\"name\":\"Privacy Policy - Ghostysky\",\"isPartOf\":{\"@id\":\"https:\\\/\\\/www.ghostysky.com\\\/#website\"},\"datePublished\":\"2022-03-14T01:20:22+00:00\",\"dateModified\":\"2023-07-15T11:35:16+00:00\",\"description\":\"Private Policy of data registered and saved in Ghostysky website.\",\"breadcrumb\":{\"@id\":\"https:\\\/\\\/www.ghostysky.com\\\/privacy-policy-2\\\/#breadcrumb\"},\"inLanguage\":\"pt-PT\",\"potentialAction\":[{\"@type\":\"ReadAction\",\"target\":[\"https:\\\/\\\/www.ghostysky.com\\\/privacy-policy-2\\\/\"]}]},{\"@type\":\"BreadcrumbList\",\"@id\":\"https:\\\/\\\/www.ghostysky.com\\\/privacy-policy-2\\\/#breadcrumb\",\"itemListElement\":[{\"@type\":\"ListItem\",\"position\":1,\"name\":\"Home\",\"item\":\"https:\\\/\\\/www.ghostysky.com\\\/\"},{\"@type\":\"ListItem\",\"position\":2,\"name\":\"Privacy Policy\"}]},{\"@type\":\"WebSite\",\"@id\":\"https:\\\/\\\/www.ghostysky.com\\\/#website\",\"url\":\"https:\\\/\\\/www.ghostysky.com\\\/\",\"name\":\"Ghostysky\",\"description\":\"Delivering professional drones and services\",\"publisher\":{\"@id\":\"https:\\\/\\\/www.ghostysky.com\\\/#organization\"},\"potentialAction\":[{\"@type\":\"SearchAction\",\"target\":{\"@type\":\"EntryPoint\",\"urlTemplate\":\"https:\\\/\\\/www.ghostysky.com\\\/?s={search_term_string}\"},\"query-input\":{\"@type\":\"PropertyValueSpecification\",\"valueRequired\":true,\"valueName\":\"search_term_string\"}}],\"inLanguage\":\"pt-PT\"},{\"@type\":\"Organization\",\"@id\":\"https:\\\/\\\/www.ghostysky.com\\\/#organization\",\"name\":\"Ghostysky\",\"url\":\"https:\\\/\\\/www.ghostysky.com\\\/\",\"logo\":{\"@type\":\"ImageObject\",\"inLanguage\":\"pt-PT\",\"@id\":\"https:\\\/\\\/www.ghostysky.com\\\/#\\\/schema\\\/logo\\\/image\\\/\",\"url\":\"https:\\\/\\\/www.ghostysky.com\\\/wp-content\\\/uploads\\\/2020\\\/06\\\/cropped-ghostyskylogo_text_white2.png\",\"contentUrl\":\"https:\\\/\\\/www.ghostysky.com\\\/wp-content\\\/uploads\\\/2020\\\/06\\\/cropped-ghostyskylogo_text_white2.png\",\"width\":169,\"height\":56,\"caption\":\"Ghostysky\"},\"image\":{\"@id\":\"https:\\\/\\\/www.ghostysky.com\\\/#\\\/schema\\\/logo\\\/image\\\/\"},\"sameAs\":[\"https:\\\/\\\/www.facebook.com\\\/people\\\/Ghostysky\\\/100057676170234\\\/\",\"https:\\\/\\\/x.com\\\/Gh0stysky\",\"https:\\\/\\\/www.linkedin.com\\\/company\\\/34739653\",\"https:\\\/\\\/www.instagram.com\\\/gh0stysky\"]}]}<\/script>\n<!-- \/ Yoast SEO plugin. -->","yoast_head_json":{"title":"Pol\u00edtica de Privacidade - Ghostysky","description":"Pol\u00edtica privada de dados cadastrados e salvos no site Ghostysky.","robots":{"index":"index","follow":"follow","max-snippet":"max-snippet:-1","max-image-preview":"max-image-preview:large","max-video-preview":"max-video-preview:-1"},"canonical":"https:\/\/www.ghostysky.com\/pt\/privacy-policy-2\/","og_locale":"pt_PT","og_type":"article","og_title":"Privacy Policy - Ghostysky","og_description":"Private Policy of data registered and saved in Ghostysky website.","og_url":"https:\/\/www.ghostysky.com\/pt\/privacy-policy-2\/","og_site_name":"Ghostysky","article_publisher":"https:\/\/www.facebook.com\/people\/Ghostysky\/100057676170234\/","article_modified_time":"2023-07-15T11:35:16+00:00","twitter_card":"summary_large_image","twitter_site":"@Gh0stysky","twitter_misc":{"Tempo estimado de leitura":"3 minutos"},"schema":{"@context":"https:\/\/schema.org","@graph":[{"@type":"WebPage","@id":"https:\/\/www.ghostysky.com\/privacy-policy-2\/","url":"https:\/\/www.ghostysky.com\/privacy-policy-2\/","name":"Pol\u00edtica de Privacidade - Ghostysky","isPartOf":{"@id":"https:\/\/www.ghostysky.com\/#website"},"datePublished":"2022-03-14T01:20:22+00:00","dateModified":"2023-07-15T11:35:16+00:00","description":"Pol\u00edtica privada de dados cadastrados e salvos no site Ghostysky.","breadcrumb":{"@id":"https:\/\/www.ghostysky.com\/privacy-policy-2\/#breadcrumb"},"inLanguage":"pt-PT","potentialAction":[{"@type":"ReadAction","target":["https:\/\/www.ghostysky.com\/privacy-policy-2\/"]}]},{"@type":"BreadcrumbList","@id":"https:\/\/www.ghostysky.com\/privacy-policy-2\/#breadcrumb","itemListElement":[{"@type":"ListItem","position":1,"name":"Home","item":"https:\/\/www.ghostysky.com\/"},{"@type":"ListItem","position":2,"name":"Privacy Policy"}]},{"@type":"WebSite","@id":"https:\/\/www.ghostysky.com\/#website","url":"https:\/\/www.ghostysky.com\/","name":"Ghostysky","description":"Fornecendo drones e servi\u00e7os profissionais","publisher":{"@id":"https:\/\/www.ghostysky.com\/#organization"},"potentialAction":[{"@type":"SearchAction","target":{"@type":"EntryPoint","urlTemplate":"https:\/\/www.ghostysky.com\/?s={search_term_string}"},"query-input":{"@type":"PropertyValueSpecification","valueRequired":true,"valueName":"search_term_string"}}],"inLanguage":"pt-PT"},{"@type":"Organization","@id":"https:\/\/www.ghostysky.com\/#organization","name":"Ghostysky","url":"https:\/\/www.ghostysky.com\/","logo":{"@type":"ImageObject","inLanguage":"pt-PT","@id":"https:\/\/www.ghostysky.com\/#\/schema\/logo\/image\/","url":"https:\/\/www.ghostysky.com\/wp-content\/uploads\/2020\/06\/cropped-ghostyskylogo_text_white2.png","contentUrl":"https:\/\/www.ghostysky.com\/wp-content\/uploads\/2020\/06\/cropped-ghostyskylogo_text_white2.png","width":169,"height":56,"caption":"Ghostysky"},"image":{"@id":"https:\/\/www.ghostysky.com\/#\/schema\/logo\/image\/"},"sameAs":["https:\/\/www.facebook.com\/people\/Ghostysky\/100057676170234\/","https:\/\/x.com\/Gh0stysky","https:\/\/www.linkedin.com\/company\/34739653","https:\/\/www.instagram.com\/gh0stysky"]}]}},"_links":{"self":[{"href":"https:\/\/www.ghostysky.com\/pt\/wp-json\/wp\/v2\/pages\/4639","targetHints":{"allow":["GET"]}}],"collection":[{"href":"https:\/\/www.ghostysky.com\/pt\/wp-json\/wp\/v2\/pages"}],"about":[{"href":"https:\/\/www.ghostysky.com\/pt\/wp-json\/wp\/v2\/types\/page"}],"author":[{"embeddable":true,"href":"https:\/\/www.ghostysky.com\/pt\/wp-json\/wp\/v2\/users\/27"}],"replies":[{"embeddable":true,"href":"https:\/\/www.ghostysky.com\/pt\/wp-json\/wp\/v2\/comments?post=4639"}],"version-history":[{"count":0,"href":"https:\/\/www.ghostysky.com\/pt\/wp-json\/wp\/v2\/pages\/4639\/revisions"}],"wp:attachment":[{"href":"https:\/\/www.ghostysky.com\/pt\/wp-json\/wp\/v2\/media?parent=4639"}],"curies":[{"name":"wp","href":"https:\/\/api.w.org\/{rel}","templated":true}]}}