{"id":10050,"date":"2022-10-03T19:17:12","date_gmt":"2022-10-03T19:17:12","guid":{"rendered":"https:\/\/www.ghostysky.com\/?post_type=product&#038;p=10050"},"modified":"2024-06-19T15:07:59","modified_gmt":"2024-06-19T15:07:59","slug":"dji-mavic-3-enterprise-plus-combo","status":"publish","type":"product","link":"https:\/\/www.ghostysky.com\/pt\/product\/dji-mavic-3-enterprise-plus-combo\/","title":{"rendered":"DJI Mavic 3E (Enterprise) Combo Worry-Free Plus \u2013 1 ano"},"content":{"rendered":"<p><a href=\"https:\/\/www.ghostysky.com\/wp-content\/uploads\/2022\/10\/Mavic3Ent_1.jpg\"><img fetchpriority=\"high\" decoding=\"async\" class=\"alignnone wp-image-10056\" src=\"https:\/\/www.ghostysky.com\/wp-content\/uploads\/2022\/10\/Mavic3Ent_1-1024x492.jpg\" alt=\"\" width=\"588\" height=\"282\" srcset=\"https:\/\/www.ghostysky.com\/wp-content\/uploads\/2022\/10\/Mavic3Ent_1-1024x492.jpg 1024w, https:\/\/www.ghostysky.com\/wp-content\/uploads\/2022\/10\/Mavic3Ent_1-300x144.jpg 300w, https:\/\/www.ghostysky.com\/wp-content\/uploads\/2022\/10\/Mavic3Ent_1-768x369.jpg 768w, https:\/\/www.ghostysky.com\/wp-content\/uploads\/2022\/10\/Mavic3Ent_1-18x9.jpg 18w, https:\/\/www.ghostysky.com\/wp-content\/uploads\/2022\/10\/Mavic3Ent_1-720x346.jpg 720w, https:\/\/www.ghostysky.com\/wp-content\/uploads\/2022\/10\/Mavic3Ent_1-600x289.jpg 600w, https:\/\/www.ghostysky.com\/wp-content\/uploads\/2022\/10\/Mavic3Ent_1.jpg 1100w\" sizes=\"(max-width: 588px) 100vw, 588px\" \/><\/a><\/p>\n<p><strong>Leve e port\u00e1til<\/strong><\/p>\n<ul>\n<li>Um design leve, compacto e dobr\u00e1vel facilita o transporte para opera\u00e7\u00e3o individual, permitindo implementa\u00e7\u00f5es r\u00e1pidas para maior flexibilidade.<\/li>\n<\/ul>\n<p><strong>Voe mais longe; Carregamento mais r\u00e1pido<\/strong><\/p>\n<ul>\n<li>A dura\u00e7\u00e3o de voo de 45 minutos permite cobrir mais terreno num \u00fanico voo, aumentando a efici\u00eancia das miss\u00f5es. As baterias carregam rapidamente num hub de carregamento de 100 W.<\/li>\n<\/ul>\n<p><strong>Detec\u00e7\u00e3o Omnidirecional<\/strong><\/p>\n<ul>\n<li>Equipado com lentes grande angulares em ambos os lados e APAS 5.0 afim de evitar obst\u00e1culos omnidirecionais, com zero pontos cegos.<\/li>\n<\/ul>\n<p><strong>Op\u00e7\u00f5es de expans\u00e3o infinitas<\/strong><\/p>\n<ul>\n<li>Altifalante opcional, m\u00f3dulo RTK, DJI Cellular Dongle e outros acess\u00f3rios oficiais est\u00e3o dispon\u00edveis para fazer aumentar as suas op\u00e7\u00f5es no ar.<\/li>\n<\/ul>\n<p><strong>Cargas \u00fateis poderosas<\/strong><\/p>\n<ul>\n<li>Uma c\u00e2mera com zoom para zoom h\u00edbrido de 56x, uma c\u00e2mera grande angular 4\/3 CMOS para mapeamento de alta precis\u00e3o e uma c\u00e2mera t\u00e9rmica para inspe\u00e7\u00e3o de fontes de calor.<\/li>\n<\/ul>\n<p><strong>Na caixa<\/strong><\/p>\n<ul>\n<li>Mavic 3 Enterprise Aircraft -1x<\/li>\n<li>Bateria de Voo Inteligente Mavic 3 \u2013 1x<\/li>\n<li>Cart\u00e3o MicroSD 64GB \u2013 1x<\/li>\n<li>Protector de cardan - 1x<\/li>\n<li>H\u00e9lice Mavic 3 Enterprise Series (par) \u2013 3x<\/li>\n<li>RC Pro Enterprise \u2013 1x<\/li>\n<li>Chave de fenda - 1x<\/li>\n<li>Adaptador de alimenta\u00e7\u00e3o USB-C (100 W) \u2013 1x<\/li>\n<li>Cabo CA do Adaptador de Energia de 100 W - 1x<\/li>\n<li>Cabo USB-C \u2013 1x<\/li>\n<li>Cabo USB-C para USB-C \u2013 1x<\/li>\n<li>Estojo Protetor - 1x<\/li>\n<li>M\u00f3dulo RTK \u2013 1x<\/li>\n<li>Kit de bateria DJI Mavic 3 Enterprise Series \u2013 1x<\/li>\n<li>Atualiza\u00e7\u00e3o DJI Care Enterprise Plus \u2013 1x<\/li>\n<\/ul>","protected":false},"excerpt":{"rendered":"<ul>\n<li>Compacto e port\u00e1til, pesando apenas 915 g<\/li>\n<li>C\u00e2mera ampla 4\/3 CMOS de 20 MP com obturador mec\u00e2nico<\/li>\n<li>Zoom h\u00edbrido de 56x<\/li>\n<li>Tempo m\u00e1ximo de voo de 45 minutos<\/li>\n<li>Transmiss\u00e3o de imagem DJI O3 Enterprise<\/li>\n<li>Preven\u00e7\u00e3o de obst\u00e1culos omnidirecional<\/li>\n<\/ul>\n<p>-&gt; <strong>Conjunto b\u00e1sico DJI Mavic 3E sem preocupa\u00e7\u00f5es \u2013 1 ano<\/strong><\/p>\n<p>-&gt; <strong>Conjunto b\u00e1sico DJI Mavic 3E sem preocupa\u00e7\u00f5es \u2013 2 anos<\/strong><\/p>\n<p>-&gt; <strong>DJI Mavic 3E Worry-Free Plus Combo<\/strong><\/p>","protected":false},"featured_media":10055,"comment_status":"open","ping_status":"closed","template":"","meta":[],"product_brand":[],"product_cat":[37,429,29,431],"product_tag":[42,434,432,433,618],"class_list":{"0":"post-10050","1":"product","2":"type-product","3":"status-publish","4":"has-post-thumbnail","6":"product_cat-dji","7":"product_cat-dji-mavic3-ent","8":"product_cat-drones","9":"product_cat-drones-dji-mavic3-ent","10":"product_tag-dji","11":"product_tag-dji-mavic-3-enterprise","12":"product_tag-dji-mavic3","13":"product_tag-dji-mavic3-drone","14":"product_tag-worry-free-plus-combo","16":"first","17":"instock","18":"taxable","19":"shipping-taxable","20":"purchasable","21":"product-type-simple"},"yoast_head":"<!-- This site is optimized with the Yoast SEO plugin v27.1.1 - https:\/\/yoast.com\/product\/yoast-seo-wordpress\/ -->\n<title>DJI Mavic 3E (Enterprise) Worry-Free Plus Combo \u2013 1 Year -<\/title>\n<meta name=\"description\" content=\"Compact and portable, weighing only 915 g4\/3 CMOS 20-MP wide cam with mechanical shutter56x hybrid zoom45-minute maximum flight time\" \/>\n<meta name=\"robots\" content=\"index, follow, max-snippet:-1, max-image-preview:large, max-video-preview:-1\" \/>\n<link rel=\"canonical\" href=\"https:\/\/www.ghostysky.com\/pt\/produto-2\/dji-mavic-3-enterprise-plus-combo\/\" \/>\n<meta property=\"og:locale\" content=\"pt_PT\" \/>\n<meta property=\"og:type\" content=\"article\" \/>\n<meta property=\"og:title\" content=\"DJI Mavic 3E (Enterprise) Worry-Free Plus Combo \u2013 1 Year -\" \/>\n<meta property=\"og:description\" content=\"Compact and portable, weighing only 915 g4\/3 CMOS 20-MP wide cam with mechanical shutter56x hybrid zoom45-minute maximum flight time\" \/>\n<meta property=\"og:url\" content=\"https:\/\/www.ghostysky.com\/pt\/produto-2\/dji-mavic-3-enterprise-plus-combo\/\" \/>\n<meta property=\"og:site_name\" content=\"Ghostysky\" \/>\n<meta property=\"article:publisher\" content=\"https:\/\/www.facebook.com\/people\/Ghostysky\/100057676170234\/\" \/>\n<meta property=\"article:modified_time\" content=\"2024-06-19T15:07:59+00:00\" \/>\n<meta property=\"og:image\" content=\"https:\/\/www.ghostysky.com\/wp-content\/uploads\/2022\/10\/mavic3_enterprise_1.webp\" \/>\n\t<meta property=\"og:image:width\" content=\"700\" \/>\n\t<meta property=\"og:image:height\" content=\"700\" \/>\n\t<meta property=\"og:image:type\" content=\"image\/webp\" \/>\n<meta name=\"twitter:card\" content=\"summary_large_image\" \/>\n<meta name=\"twitter:site\" content=\"@Gh0stysky\" \/>\n<meta name=\"twitter:label1\" content=\"Tempo estimado de leitura\" \/>\n\t<meta name=\"twitter:data1\" content=\"2 minutos\" \/>\n<script type=\"application\/ld+json\" class=\"yoast-schema-graph\">{\"@context\":\"https:\/\/schema.org\",\"@graph\":[{\"@type\":\"WebPage\",\"@id\":\"https:\/\/www.ghostysky.com\/product\/dji-mavic-3-enterprise-plus-combo\/\",\"url\":\"https:\/\/www.ghostysky.com\/product\/dji-mavic-3-enterprise-plus-combo\/\",\"name\":\"DJI Mavic 3E (Enterprise) Worry-Free Plus Combo \u2013 1 Year -\",\"isPartOf\":{\"@id\":\"https:\/\/www.ghostysky.com\/#website\"},\"primaryImageOfPage\":{\"@id\":\"https:\/\/www.ghostysky.com\/product\/dji-mavic-3-enterprise-plus-combo\/#primaryimage\"},\"image\":{\"@id\":\"https:\/\/www.ghostysky.com\/product\/dji-mavic-3-enterprise-plus-combo\/#primaryimage\"},\"thumbnailUrl\":\"https:\/\/www.ghostysky.com\/wp-content\/uploads\/2022\/10\/mavic3_enterprise_1.webp\",\"datePublished\":\"2022-10-03T19:17:12+00:00\",\"dateModified\":\"2024-06-19T15:07:59+00:00\",\"description\":\"Compact and portable, weighing only 915 g4\/3 CMOS 20-MP wide cam with mechanical shutter56x hybrid zoom45-minute maximum flight time\",\"breadcrumb\":{\"@id\":\"https:\/\/www.ghostysky.com\/product\/dji-mavic-3-enterprise-plus-combo\/#breadcrumb\"},\"inLanguage\":\"pt-PT\",\"potentialAction\":[{\"@type\":\"ReadAction\",\"target\":[\"https:\/\/www.ghostysky.com\/product\/dji-mavic-3-enterprise-plus-combo\/\"]}]},{\"@type\":\"ImageObject\",\"inLanguage\":\"pt-PT\",\"@id\":\"https:\/\/www.ghostysky.com\/product\/dji-mavic-3-enterprise-plus-combo\/#primaryimage\",\"url\":\"https:\/\/www.ghostysky.com\/wp-content\/uploads\/2022\/10\/mavic3_enterprise_1.webp\",\"contentUrl\":\"https:\/\/www.ghostysky.com\/wp-content\/uploads\/2022\/10\/mavic3_enterprise_1.webp\",\"width\":700,\"height\":700},{\"@type\":\"BreadcrumbList\",\"@id\":\"https:\/\/www.ghostysky.com\/product\/dji-mavic-3-enterprise-plus-combo\/#breadcrumb\",\"itemListElement\":[{\"@type\":\"ListItem\",\"position\":1,\"name\":\"Home\",\"item\":\"https:\/\/www.ghostysky.com\/\"},{\"@type\":\"ListItem\",\"position\":2,\"name\":\"Shop\",\"item\":\"https:\/\/www.ghostysky.com\/shop\/\"},{\"@type\":\"ListItem\",\"position\":3,\"name\":\"DJI Mavic 3E (Enterprise) Worry-Free Plus Combo \u2013 1 Year\"}]},{\"@type\":\"WebSite\",\"@id\":\"https:\/\/www.ghostysky.com\/#website\",\"url\":\"https:\/\/www.ghostysky.com\/\",\"name\":\"Ghostysky\",\"description\":\"Delivering professional drones and services\",\"publisher\":{\"@id\":\"https:\/\/www.ghostysky.com\/#organization\"},\"potentialAction\":[{\"@type\":\"SearchAction\",\"target\":{\"@type\":\"EntryPoint\",\"urlTemplate\":\"https:\/\/www.ghostysky.com\/?s={search_term_string}\"},\"query-input\":{\"@type\":\"PropertyValueSpecification\",\"valueRequired\":true,\"valueName\":\"search_term_string\"}}],\"inLanguage\":\"pt-PT\"},{\"@type\":\"Organization\",\"@id\":\"https:\/\/www.ghostysky.com\/#organization\",\"name\":\"Ghostysky\",\"url\":\"https:\/\/www.ghostysky.com\/\",\"logo\":{\"@type\":\"ImageObject\",\"inLanguage\":\"pt-PT\",\"@id\":\"https:\/\/www.ghostysky.com\/#\/schema\/logo\/image\/\",\"url\":\"https:\/\/www.ghostysky.com\/wp-content\/uploads\/2020\/06\/cropped-ghostyskylogo_text_white2.png\",\"contentUrl\":\"https:\/\/www.ghostysky.com\/wp-content\/uploads\/2020\/06\/cropped-ghostyskylogo_text_white2.png\",\"width\":169,\"height\":56,\"caption\":\"Ghostysky\"},\"image\":{\"@id\":\"https:\/\/www.ghostysky.com\/#\/schema\/logo\/image\/\"},\"sameAs\":[\"https:\/\/www.facebook.com\/people\/Ghostysky\/100057676170234\/\",\"https:\/\/x.com\/Gh0stysky\",\"https:\/\/www.linkedin.com\/company\/34739653\",\"https:\/\/www.instagram.com\/gh0stysky\"]}]}<\/script>\n<!-- \/ Yoast SEO plugin. -->","yoast_head_json":{"title":"DJI Mavic 3E (Enterprise) Worry-Free Plus Combo \u2013 1 ano -","description":"Compacto e port\u00e1til, pesando apenas 915 g CMOS 4\/3 C\u00e2mera grande angular de 20 MP com obturador mec\u00e2nico Zoom h\u00edbrido de 56x Tempo de voo m\u00e1ximo de 45 minutos","robots":{"index":"index","follow":"follow","max-snippet":"max-snippet:-1","max-image-preview":"max-image-preview:large","max-video-preview":"max-video-preview:-1"},"canonical":"https:\/\/www.ghostysky.com\/pt\/produto-2\/dji-mavic-3-enterprise-plus-combo\/","og_locale":"pt_PT","og_type":"article","og_title":"DJI Mavic 3E (Enterprise) Worry-Free Plus Combo \u2013 1 Year -","og_description":"Compact and portable, weighing only 915 g4\/3 CMOS 20-MP wide cam with mechanical shutter56x hybrid zoom45-minute maximum flight time","og_url":"https:\/\/www.ghostysky.com\/pt\/produto-2\/dji-mavic-3-enterprise-plus-combo\/","og_site_name":"Ghostysky","article_publisher":"https:\/\/www.facebook.com\/people\/Ghostysky\/100057676170234\/","article_modified_time":"2024-06-19T15:07:59+00:00","og_image":[{"width":700,"height":700,"url":"https:\/\/www.ghostysky.com\/wp-content\/uploads\/2022\/10\/mavic3_enterprise_1.webp","type":"image\/webp"}],"twitter_card":"summary_large_image","twitter_site":"@Gh0stysky","twitter_misc":{"Tempo estimado de leitura":"2 minutos"},"schema":{"@context":"https:\/\/schema.org","@graph":[{"@type":"WebPage","@id":"https:\/\/www.ghostysky.com\/product\/dji-mavic-3-enterprise-plus-combo\/","url":"https:\/\/www.ghostysky.com\/product\/dji-mavic-3-enterprise-plus-combo\/","name":"DJI Mavic 3E (Enterprise) Worry-Free Plus Combo \u2013 1 ano -","isPartOf":{"@id":"https:\/\/www.ghostysky.com\/#website"},"primaryImageOfPage":{"@id":"https:\/\/www.ghostysky.com\/product\/dji-mavic-3-enterprise-plus-combo\/#primaryimage"},"image":{"@id":"https:\/\/www.ghostysky.com\/product\/dji-mavic-3-enterprise-plus-combo\/#primaryimage"},"thumbnailUrl":"https:\/\/www.ghostysky.com\/wp-content\/uploads\/2022\/10\/mavic3_enterprise_1.webp","datePublished":"2022-10-03T19:17:12+00:00","dateModified":"2024-06-19T15:07:59+00:00","description":"Compacto e port\u00e1til, pesando apenas 915 g CMOS 4\/3 C\u00e2mera grande angular de 20 MP com obturador mec\u00e2nico Zoom h\u00edbrido de 56x Tempo de voo m\u00e1ximo de 45 minutos","breadcrumb":{"@id":"https:\/\/www.ghostysky.com\/product\/dji-mavic-3-enterprise-plus-combo\/#breadcrumb"},"inLanguage":"pt-PT","potentialAction":[{"@type":"ReadAction","target":["https:\/\/www.ghostysky.com\/product\/dji-mavic-3-enterprise-plus-combo\/"]}]},{"@type":"ImageObject","inLanguage":"pt-PT","@id":"https:\/\/www.ghostysky.com\/product\/dji-mavic-3-enterprise-plus-combo\/#primaryimage","url":"https:\/\/www.ghostysky.com\/wp-content\/uploads\/2022\/10\/mavic3_enterprise_1.webp","contentUrl":"https:\/\/www.ghostysky.com\/wp-content\/uploads\/2022\/10\/mavic3_enterprise_1.webp","width":700,"height":700},{"@type":"BreadcrumbList","@id":"https:\/\/www.ghostysky.com\/product\/dji-mavic-3-enterprise-plus-combo\/#breadcrumb","itemListElement":[{"@type":"ListItem","position":1,"name":"Home","item":"https:\/\/www.ghostysky.com\/"},{"@type":"ListItem","position":2,"name":"Shop","item":"https:\/\/www.ghostysky.com\/shop\/"},{"@type":"ListItem","position":3,"name":"DJI Mavic 3E (Enterprise) Worry-Free Plus Combo \u2013 1 Year"}]},{"@type":"WebSite","@id":"https:\/\/www.ghostysky.com\/#website","url":"https:\/\/www.ghostysky.com\/","name":"Ghostysky","description":"Fornecendo drones e servi\u00e7os profissionais","publisher":{"@id":"https:\/\/www.ghostysky.com\/#organization"},"potentialAction":[{"@type":"SearchAction","target":{"@type":"EntryPoint","urlTemplate":"https:\/\/www.ghostysky.com\/?s={search_term_string}"},"query-input":{"@type":"PropertyValueSpecification","valueRequired":true,"valueName":"search_term_string"}}],"inLanguage":"pt-PT"},{"@type":"Organization","@id":"https:\/\/www.ghostysky.com\/#organization","name":"Ghostysky","url":"https:\/\/www.ghostysky.com\/","logo":{"@type":"ImageObject","inLanguage":"pt-PT","@id":"https:\/\/www.ghostysky.com\/#\/schema\/logo\/image\/","url":"https:\/\/www.ghostysky.com\/wp-content\/uploads\/2020\/06\/cropped-ghostyskylogo_text_white2.png","contentUrl":"https:\/\/www.ghostysky.com\/wp-content\/uploads\/2020\/06\/cropped-ghostyskylogo_text_white2.png","width":169,"height":56,"caption":"Ghostysky"},"image":{"@id":"https:\/\/www.ghostysky.com\/#\/schema\/logo\/image\/"},"sameAs":["https:\/\/www.facebook.com\/people\/Ghostysky\/100057676170234\/","https:\/\/x.com\/Gh0stysky","https:\/\/www.linkedin.com\/company\/34739653","https:\/\/www.instagram.com\/gh0stysky"]}]}},"_links":{"self":[{"href":"https:\/\/www.ghostysky.com\/pt\/wp-json\/wp\/v2\/product\/10050","targetHints":{"allow":["GET"]}}],"collection":[{"href":"https:\/\/www.ghostysky.com\/pt\/wp-json\/wp\/v2\/product"}],"about":[{"href":"https:\/\/www.ghostysky.com\/pt\/wp-json\/wp\/v2\/types\/product"}],"replies":[{"embeddable":true,"href":"https:\/\/www.ghostysky.com\/pt\/wp-json\/wp\/v2\/comments?post=10050"}],"wp:featuredmedia":[{"embeddable":true,"href":"https:\/\/www.ghostysky.com\/pt\/wp-json\/wp\/v2\/media\/10055"}],"wp:attachment":[{"href":"https:\/\/www.ghostysky.com\/pt\/wp-json\/wp\/v2\/media?parent=10050"}],"wp:term":[{"taxonomy":"product_brand","embeddable":true,"href":"https:\/\/www.ghostysky.com\/pt\/wp-json\/wp\/v2\/product_brand?post=10050"},{"taxonomy":"product_cat","embeddable":true,"href":"https:\/\/www.ghostysky.com\/pt\/wp-json\/wp\/v2\/product_cat?post=10050"},{"taxonomy":"product_tag","embeddable":true,"href":"https:\/\/www.ghostysky.com\/pt\/wp-json\/wp\/v2\/product_tag?post=10050"}],"curies":[{"name":"wp","href":"https:\/\/api.w.org\/{rel}","templated":true}]}}