{"id":10057,"date":"2022-10-03T19:23:52","date_gmt":"2022-10-03T19:23:52","guid":{"rendered":"https:\/\/www.ghostysky.com\/?post_type=product&#038;p=10057"},"modified":"2026-03-30T13:41:56","modified_gmt":"2026-03-30T13:41:56","slug":"dji-mavic-3-enterprise-advanced-rtk-module","status":"publish","type":"product","link":"https:\/\/www.ghostysky.com\/pt\/product\/dji-mavic-3-enterprise-advanced-rtk-module\/","title":{"rendered":"M\u00f3dulo RTK Avan\u00e7ado DJI Mavic 3 Enterprise"},"content":{"rendered":"<table class=\"table table-responsive\">\n<thead>\n<tr>\n<th colspan=\"2\">M\u00f3dulo RTK DJI Mavic 3 Enterprise Series<\/th>\n<\/tr>\n<\/thead>\n<tbody>\n<tr>\n<td>Vis\u00e3o geral<\/td>\n<td>O m\u00f3dulo RTK DJI Mavic 3 Enterprise Series \u00e9 compat\u00edvel com aeronaves DJI Mavic 3 Enterprise Series. Fornece o posicionamento de precis\u00e3o em n\u00edvel centim\u00e9trico quando usado com o servi\u00e7o Network RTK, servi\u00e7o customizado Network RTK ou D-RTK 2 Mobile Station.<\/td>\n<\/tr>\n<tr>\n<td>Destaques<\/td>\n<td>Compat\u00edvel com aeronaves DJI Mavic 3 Enterprise Series. Permite o posicionamento ao n\u00edvel centim\u00e9trico, de baixo consumo de energia e um desempenho poderoso.<\/td>\n<\/tr>\n<tr>\n<td>Notas<\/td>\n<td>Para garantir a precis\u00e3o do posicionamento, \u00e9 recomendado o uso em \u00e1reas abertas que estejam livres de pr\u00e9dios e outros obst\u00e1culos.<\/td>\n<\/tr>\n<tr>\n<td>Na caixa<\/td>\n<td>M\u00f3dulo RTK \u00d71<\/td>\n<\/tr>\n<tr>\n<td>Especifica\u00e7\u00f5es<\/td>\n<td>\n<ul>\n<li>Dimens\u00f5es: 50,2 \u00d7 40,2 \u00d7 66,2 mm (C \u00d7 L \u00d7 A)<\/li>\n<li>Peso: 24\u00b12 g<\/li>\n<li>Interface: USB-C<\/li>\n<li>Pot\u00eancia nominal: Aprox. 1,2 W<\/li>\n<li>Precis\u00e3o de Posicionamento RTK: Fixa\u00e7\u00e3o RTK: Horizontal: 1 cm + 1 ppm; Vertical: 1,5 cm + 1 ppm<\/li>\n<li>Pontos de Sistema e Frequ\u00eancia:\n<ul>\n<li>GPS: L1C\/A L2C\/L2P<\/li>\n<li>BDS: B1I B2I<\/li>\n<li>GLO: G1 G2<\/li>\n<li>GAL: E1 E5b<\/li>\n<li>QZSS: L1 L2<\/li>\n<\/ul>\n<\/li>\n<\/ul>\n<\/td>\n<\/tr>\n<tr>\n<td>Compatibilidade<\/td>\n<td>\n<ul>\n<li>Aeronave DJI Mavic 3 Enterprise Series<\/li>\n<\/ul>\n<\/td>\n<\/tr>\n<\/tbody>\n<\/table>","protected":false},"excerpt":{"rendered":"<p>Compat\u00edvel com aeronaves DJI Mavic 3 Enterprise Series. Permite o posicionamento ao n\u00edvel centim\u00e9trico, de baixo consumo de energia e um desempenho poderoso.<\/p>","protected":false},"featured_media":10061,"comment_status":"open","ping_status":"closed","template":"","meta":[],"product_brand":[],"product_cat":[430,429,29],"product_tag":[42,434,435,54],"class_list":{"0":"post-10057","1":"product","2":"type-product","3":"status-publish","4":"has-post-thumbnail","6":"product_cat-accessories-dji-mavic3-ent","7":"product_cat-dji-mavic3-ent","8":"product_cat-drones","9":"product_tag-dji","10":"product_tag-dji-mavic-3-enterprise","11":"product_tag-dji-mavic3-accessories","12":"product_tag-rtk","14":"first","15":"onbackorder","16":"taxable","17":"shipping-taxable","18":"purchasable","19":"product-type-simple"},"yoast_head":"<!-- This site is optimized with the Yoast SEO plugin v27.4 - https:\/\/yoast.com\/product\/yoast-seo-wordpress\/ -->\n<title>DJI Mavic 3 Enterprise Advanced RTK Module -<\/title>\n<meta name=\"description\" content=\"Compatible with DJI Mavic 3 Enterprise Series aircraft. Enables centimeter-level positioning with low power consumption and powerful performance.\" \/>\n<meta name=\"robots\" content=\"index, follow, max-snippet:-1, max-image-preview:large, max-video-preview:-1\" \/>\n<link rel=\"canonical\" href=\"https:\/\/www.ghostysky.com\/pt\/produto-2\/dji-mavic-3-enterprise-advanced-rtk-module\/\" \/>\n<meta property=\"og:locale\" content=\"pt_PT\" \/>\n<meta property=\"og:type\" content=\"article\" \/>\n<meta property=\"og:title\" content=\"DJI Mavic 3 Enterprise Advanced RTK Module -\" \/>\n<meta property=\"og:description\" content=\"Compatible with DJI Mavic 3 Enterprise Series aircraft. Enables centimeter-level positioning with low power consumption and powerful performance.\" \/>\n<meta property=\"og:url\" content=\"https:\/\/www.ghostysky.com\/pt\/produto-2\/dji-mavic-3-enterprise-advanced-rtk-module\/\" \/>\n<meta property=\"og:site_name\" content=\"Ghostysky\" \/>\n<meta property=\"article:publisher\" content=\"https:\/\/www.facebook.com\/people\/Ghostysky\/100057676170234\/\" \/>\n<meta property=\"article:modified_time\" content=\"2026-03-30T13:41:56+00:00\" \/>\n<meta property=\"og:image\" content=\"https:\/\/www.ghostysky.com\/wp-content\/uploads\/2022\/10\/dji-mavic-3-enterprise-series-rtk-module.jpg\" \/>\n\t<meta property=\"og:image:width\" content=\"800\" \/>\n\t<meta property=\"og:image:height\" content=\"800\" \/>\n\t<meta property=\"og:image:type\" content=\"image\/jpeg\" \/>\n<meta name=\"twitter:card\" content=\"summary_large_image\" \/>\n<meta name=\"twitter:site\" content=\"@Gh0stysky\" \/>\n<meta name=\"twitter:label1\" content=\"Tempo estimado de leitura\" \/>\n\t<meta name=\"twitter:data1\" content=\"1 minuto\" \/>\n<script type=\"application\/ld+json\" class=\"yoast-schema-graph\">{\"@context\":\"https:\\\/\\\/schema.org\",\"@graph\":[{\"@type\":\"WebPage\",\"@id\":\"https:\\\/\\\/www.ghostysky.com\\\/product\\\/dji-mavic-3-enterprise-advanced-rtk-module\\\/\",\"url\":\"https:\\\/\\\/www.ghostysky.com\\\/product\\\/dji-mavic-3-enterprise-advanced-rtk-module\\\/\",\"name\":\"DJI Mavic 3 Enterprise Advanced RTK Module -\",\"isPartOf\":{\"@id\":\"https:\\\/\\\/www.ghostysky.com\\\/#website\"},\"primaryImageOfPage\":{\"@id\":\"https:\\\/\\\/www.ghostysky.com\\\/product\\\/dji-mavic-3-enterprise-advanced-rtk-module\\\/#primaryimage\"},\"image\":{\"@id\":\"https:\\\/\\\/www.ghostysky.com\\\/product\\\/dji-mavic-3-enterprise-advanced-rtk-module\\\/#primaryimage\"},\"thumbnailUrl\":\"https:\\\/\\\/www.ghostysky.com\\\/wp-content\\\/uploads\\\/2022\\\/10\\\/dji-mavic-3-enterprise-series-rtk-module.jpg\",\"datePublished\":\"2022-10-03T19:23:52+00:00\",\"dateModified\":\"2026-03-30T13:41:56+00:00\",\"description\":\"Compatible with DJI Mavic 3 Enterprise Series aircraft. Enables centimeter-level positioning with low power consumption and powerful performance.\",\"breadcrumb\":{\"@id\":\"https:\\\/\\\/www.ghostysky.com\\\/product\\\/dji-mavic-3-enterprise-advanced-rtk-module\\\/#breadcrumb\"},\"inLanguage\":\"pt-PT\",\"potentialAction\":[{\"@type\":\"ReadAction\",\"target\":[\"https:\\\/\\\/www.ghostysky.com\\\/product\\\/dji-mavic-3-enterprise-advanced-rtk-module\\\/\"]}]},{\"@type\":\"ImageObject\",\"inLanguage\":\"pt-PT\",\"@id\":\"https:\\\/\\\/www.ghostysky.com\\\/product\\\/dji-mavic-3-enterprise-advanced-rtk-module\\\/#primaryimage\",\"url\":\"https:\\\/\\\/www.ghostysky.com\\\/wp-content\\\/uploads\\\/2022\\\/10\\\/dji-mavic-3-enterprise-series-rtk-module.jpg\",\"contentUrl\":\"https:\\\/\\\/www.ghostysky.com\\\/wp-content\\\/uploads\\\/2022\\\/10\\\/dji-mavic-3-enterprise-series-rtk-module.jpg\",\"width\":800,\"height\":800},{\"@type\":\"BreadcrumbList\",\"@id\":\"https:\\\/\\\/www.ghostysky.com\\\/product\\\/dji-mavic-3-enterprise-advanced-rtk-module\\\/#breadcrumb\",\"itemListElement\":[{\"@type\":\"ListItem\",\"position\":1,\"name\":\"Home\",\"item\":\"https:\\\/\\\/www.ghostysky.com\\\/\"},{\"@type\":\"ListItem\",\"position\":2,\"name\":\"Shop\",\"item\":\"https:\\\/\\\/www.ghostysky.com\\\/shop\\\/\"},{\"@type\":\"ListItem\",\"position\":3,\"name\":\"DJI Mavic 3 Enterprise Advanced RTK Module\"}]},{\"@type\":\"WebSite\",\"@id\":\"https:\\\/\\\/www.ghostysky.com\\\/#website\",\"url\":\"https:\\\/\\\/www.ghostysky.com\\\/\",\"name\":\"Ghostysky\",\"description\":\"Delivering professional drones and services\",\"publisher\":{\"@id\":\"https:\\\/\\\/www.ghostysky.com\\\/#organization\"},\"potentialAction\":[{\"@type\":\"SearchAction\",\"target\":{\"@type\":\"EntryPoint\",\"urlTemplate\":\"https:\\\/\\\/www.ghostysky.com\\\/?s={search_term_string}\"},\"query-input\":{\"@type\":\"PropertyValueSpecification\",\"valueRequired\":true,\"valueName\":\"search_term_string\"}}],\"inLanguage\":\"pt-PT\"},{\"@type\":\"Organization\",\"@id\":\"https:\\\/\\\/www.ghostysky.com\\\/#organization\",\"name\":\"Ghostysky\",\"url\":\"https:\\\/\\\/www.ghostysky.com\\\/\",\"logo\":{\"@type\":\"ImageObject\",\"inLanguage\":\"pt-PT\",\"@id\":\"https:\\\/\\\/www.ghostysky.com\\\/#\\\/schema\\\/logo\\\/image\\\/\",\"url\":\"https:\\\/\\\/www.ghostysky.com\\\/wp-content\\\/uploads\\\/2020\\\/06\\\/cropped-ghostyskylogo_text_white2.png\",\"contentUrl\":\"https:\\\/\\\/www.ghostysky.com\\\/wp-content\\\/uploads\\\/2020\\\/06\\\/cropped-ghostyskylogo_text_white2.png\",\"width\":169,\"height\":56,\"caption\":\"Ghostysky\"},\"image\":{\"@id\":\"https:\\\/\\\/www.ghostysky.com\\\/#\\\/schema\\\/logo\\\/image\\\/\"},\"sameAs\":[\"https:\\\/\\\/www.facebook.com\\\/people\\\/Ghostysky\\\/100057676170234\\\/\",\"https:\\\/\\\/x.com\\\/Gh0stysky\",\"https:\\\/\\\/www.linkedin.com\\\/company\\\/34739653\",\"https:\\\/\\\/www.instagram.com\\\/gh0stysky\"]}]}<\/script>\n<!-- \/ Yoast SEO plugin. -->","yoast_head_json":{"title":"M\u00f3dulo RTK avan\u00e7ado DJI Mavic 3 Enterprise -","description":"Compat\u00edvel com aeronaves DJI Mavic 3 Enterprise Series. Permite o posicionamento ao n\u00edvel centim\u00e9trico, de baixo consumo de energia e um desempenho poderoso.","robots":{"index":"index","follow":"follow","max-snippet":"max-snippet:-1","max-image-preview":"max-image-preview:large","max-video-preview":"max-video-preview:-1"},"canonical":"https:\/\/www.ghostysky.com\/pt\/produto-2\/dji-mavic-3-enterprise-advanced-rtk-module\/","og_locale":"pt_PT","og_type":"article","og_title":"DJI Mavic 3 Enterprise Advanced RTK Module -","og_description":"Compatible with DJI Mavic 3 Enterprise Series aircraft. Enables centimeter-level positioning with low power consumption and powerful performance.","og_url":"https:\/\/www.ghostysky.com\/pt\/produto-2\/dji-mavic-3-enterprise-advanced-rtk-module\/","og_site_name":"Ghostysky","article_publisher":"https:\/\/www.facebook.com\/people\/Ghostysky\/100057676170234\/","article_modified_time":"2026-03-30T13:41:56+00:00","og_image":[{"width":800,"height":800,"url":"https:\/\/www.ghostysky.com\/wp-content\/uploads\/2022\/10\/dji-mavic-3-enterprise-series-rtk-module.jpg","type":"image\/jpeg"}],"twitter_card":"summary_large_image","twitter_site":"@Gh0stysky","twitter_misc":{"Tempo estimado de leitura":"1 minuto"},"schema":{"@context":"https:\/\/schema.org","@graph":[{"@type":"WebPage","@id":"https:\/\/www.ghostysky.com\/product\/dji-mavic-3-enterprise-advanced-rtk-module\/","url":"https:\/\/www.ghostysky.com\/product\/dji-mavic-3-enterprise-advanced-rtk-module\/","name":"M\u00f3dulo RTK avan\u00e7ado DJI Mavic 3 Enterprise -","isPartOf":{"@id":"https:\/\/www.ghostysky.com\/#website"},"primaryImageOfPage":{"@id":"https:\/\/www.ghostysky.com\/product\/dji-mavic-3-enterprise-advanced-rtk-module\/#primaryimage"},"image":{"@id":"https:\/\/www.ghostysky.com\/product\/dji-mavic-3-enterprise-advanced-rtk-module\/#primaryimage"},"thumbnailUrl":"https:\/\/www.ghostysky.com\/wp-content\/uploads\/2022\/10\/dji-mavic-3-enterprise-series-rtk-module.jpg","datePublished":"2022-10-03T19:23:52+00:00","dateModified":"2026-03-30T13:41:56+00:00","description":"Compat\u00edvel com aeronaves DJI Mavic 3 Enterprise Series. Permite o posicionamento ao n\u00edvel centim\u00e9trico, de baixo consumo de energia e um desempenho poderoso.","breadcrumb":{"@id":"https:\/\/www.ghostysky.com\/product\/dji-mavic-3-enterprise-advanced-rtk-module\/#breadcrumb"},"inLanguage":"pt-PT","potentialAction":[{"@type":"ReadAction","target":["https:\/\/www.ghostysky.com\/product\/dji-mavic-3-enterprise-advanced-rtk-module\/"]}]},{"@type":"ImageObject","inLanguage":"pt-PT","@id":"https:\/\/www.ghostysky.com\/product\/dji-mavic-3-enterprise-advanced-rtk-module\/#primaryimage","url":"https:\/\/www.ghostysky.com\/wp-content\/uploads\/2022\/10\/dji-mavic-3-enterprise-series-rtk-module.jpg","contentUrl":"https:\/\/www.ghostysky.com\/wp-content\/uploads\/2022\/10\/dji-mavic-3-enterprise-series-rtk-module.jpg","width":800,"height":800},{"@type":"BreadcrumbList","@id":"https:\/\/www.ghostysky.com\/product\/dji-mavic-3-enterprise-advanced-rtk-module\/#breadcrumb","itemListElement":[{"@type":"ListItem","position":1,"name":"Home","item":"https:\/\/www.ghostysky.com\/"},{"@type":"ListItem","position":2,"name":"Shop","item":"https:\/\/www.ghostysky.com\/shop\/"},{"@type":"ListItem","position":3,"name":"DJI Mavic 3 Enterprise Advanced RTK Module"}]},{"@type":"WebSite","@id":"https:\/\/www.ghostysky.com\/#website","url":"https:\/\/www.ghostysky.com\/","name":"Ghostysky","description":"Fornecendo drones e servi\u00e7os profissionais","publisher":{"@id":"https:\/\/www.ghostysky.com\/#organization"},"potentialAction":[{"@type":"SearchAction","target":{"@type":"EntryPoint","urlTemplate":"https:\/\/www.ghostysky.com\/?s={search_term_string}"},"query-input":{"@type":"PropertyValueSpecification","valueRequired":true,"valueName":"search_term_string"}}],"inLanguage":"pt-PT"},{"@type":"Organization","@id":"https:\/\/www.ghostysky.com\/#organization","name":"Ghostysky","url":"https:\/\/www.ghostysky.com\/","logo":{"@type":"ImageObject","inLanguage":"pt-PT","@id":"https:\/\/www.ghostysky.com\/#\/schema\/logo\/image\/","url":"https:\/\/www.ghostysky.com\/wp-content\/uploads\/2020\/06\/cropped-ghostyskylogo_text_white2.png","contentUrl":"https:\/\/www.ghostysky.com\/wp-content\/uploads\/2020\/06\/cropped-ghostyskylogo_text_white2.png","width":169,"height":56,"caption":"Ghostysky"},"image":{"@id":"https:\/\/www.ghostysky.com\/#\/schema\/logo\/image\/"},"sameAs":["https:\/\/www.facebook.com\/people\/Ghostysky\/100057676170234\/","https:\/\/x.com\/Gh0stysky","https:\/\/www.linkedin.com\/company\/34739653","https:\/\/www.instagram.com\/gh0stysky"]}]}},"_links":{"self":[{"href":"https:\/\/www.ghostysky.com\/pt\/wp-json\/wp\/v2\/product\/10057","targetHints":{"allow":["GET"]}}],"collection":[{"href":"https:\/\/www.ghostysky.com\/pt\/wp-json\/wp\/v2\/product"}],"about":[{"href":"https:\/\/www.ghostysky.com\/pt\/wp-json\/wp\/v2\/types\/product"}],"replies":[{"embeddable":true,"href":"https:\/\/www.ghostysky.com\/pt\/wp-json\/wp\/v2\/comments?post=10057"}],"version-history":[{"count":0,"href":"https:\/\/www.ghostysky.com\/pt\/wp-json\/wp\/v2\/product\/10057\/revisions"}],"wp:featuredmedia":[{"embeddable":true,"href":"https:\/\/www.ghostysky.com\/pt\/wp-json\/wp\/v2\/media\/10061"}],"wp:attachment":[{"href":"https:\/\/www.ghostysky.com\/pt\/wp-json\/wp\/v2\/media?parent=10057"}],"wp:term":[{"taxonomy":"product_brand","embeddable":true,"href":"https:\/\/www.ghostysky.com\/pt\/wp-json\/wp\/v2\/product_brand?post=10057"},{"taxonomy":"product_cat","embeddable":true,"href":"https:\/\/www.ghostysky.com\/pt\/wp-json\/wp\/v2\/product_cat?post=10057"},{"taxonomy":"product_tag","embeddable":true,"href":"https:\/\/www.ghostysky.com\/pt\/wp-json\/wp\/v2\/product_tag?post=10057"}],"curies":[{"name":"wp","href":"https:\/\/api.w.org\/{rel}","templated":true}]}}