{"id":10073,"date":"2022-10-03T19:44:38","date_gmt":"2022-10-03T19:44:38","guid":{"rendered":"https:\/\/www.ghostysky.com\/?post_type=product&#038;p=10073"},"modified":"2024-08-08T12:18:26","modified_gmt":"2024-08-08T12:18:26","slug":"dji-mavic-3-enterprise-series-battery-kit","status":"publish","type":"product","link":"https:\/\/www.ghostysky.com\/pt\/product\/dji-mavic-3-enterprise-series-battery-kit\/","title":{"rendered":"Kit de bateria DJI Mavic 3 Enterprise Series"},"content":{"rendered":"<table class=\"table table-responsive\">\n<tbody>\n<tr>\n<td>Vis\u00e3o geral<\/td>\n<td>O kit de bateria DJI Mavic 3 Enterprise Series inclui tr\u00eas baterias de voo inteligentes e um hub de carregamento de bateria DJI Mavic 3 (100 W) para atender \u00e0s necessidades de opera\u00e7\u00f5es de longa dura\u00e7\u00e3o.<\/td>\n<\/tr>\n<tr>\n<td>Destaques<\/td>\n<td>Inclui tr\u00eas baterias de voo inteligentes e um hub de carregamento de bateria DJI Mavic 3 (100W) para atender \u00e0s necessidades de opera\u00e7\u00f5es de longa dura\u00e7\u00e3o.<\/td>\n<\/tr>\n<tr>\n<td>Notas<\/td>\n<td>\n<ol>\n<li>Recomenda-se usar o adaptador de alimenta\u00e7\u00e3o DJI USB-C (100 W) para fornecer alimenta\u00e7\u00e3o para o hub de carregamento de bateria DJI Mavic 3 (100 W).<\/li>\n<li>O hub de carregamento \u00e9 compat\u00edvel apenas com as baterias de voo inteligentes BWX260-5000-15.4. N\u00c3O tente usar o hub de carregamento com outros modelos de bateria.<\/li>\n<li>Coloque o hub de carregamento numa superf\u00edcie plana e est\u00e1vel quando estiver em utiliza\u00e7\u00e3o. Certifique-se de que o dispositivo esteja devidamente isolado para evitar riscos de inc\u00eandio.<\/li>\n<li>N\u00c3O tente tocar nos terminais de metal da caixa da bateria.<\/li>\n<li>Limpe os terminais de metal na caixa da bateria com um pano limpo e seco se houver qualquer ac\u00famula\u00e7\u00e3o percept\u00edvel.<\/li>\n<\/ol>\n<\/td>\n<\/tr>\n<tr>\n<td>Na caixa<\/td>\n<td>\n<ul>\n<li>Bateria de voo inteligente DJI Mavic 3 \u00d73<\/li>\n<li>Hub de carregamento de bateria DJI Mavic 3 (100W) \u00d71<\/li>\n<\/ul>\n<\/td>\n<\/tr>\n<tr>\n<td>Especifica\u00e7\u00f5es<\/td>\n<td>\n<ul>\n<li>Bateria de voo inteligente:\n<ul>\n<li>Modelo: BWX260-5000-15.4<\/li>\n<li>Capacidade: 5000mAh<\/li>\n<li>Peso: 335,5 g<\/li>\n<li>Tipo de bateria: LiPo 4S<\/li>\n<li>Temperatura de carregamento: 5\u00b0 a 40\u00b0C (41\u00b0 a 104\u00b0F)<\/li>\n<\/ul>\n<\/li>\n<li>Hub de carregamento de bateria DJI Mavic 3 (100 W):\n<ul>\n<li>Modelo: CHX265-100<\/li>\n<li>Dimens\u00f5es: 150\u00d755\u00d728 mm (L\u00d7L\u00d7H)<\/li>\n<li>Peso: 116g<\/li>\n<li>Temperatura de opera\u00e7\u00e3o: 5\u00b0 a 40\u00b0 C (41\u00b0 a 104\u00b0 F)<\/li>\n<li>Entrada: 5-20 V, m\u00e1x. 5 A<\/li>\n<li>Adaptador de alimenta\u00e7\u00e3o compat\u00edvel: Adaptador de alimenta\u00e7\u00e3o USB-C DJI (100 W)<\/li>\n<li>Tempo de carregamento: aprox. 1 h 10 min (bateria \u00fanica)*<\/li>\n<\/ul>\n<\/li>\n<\/ul>\n<p>* Testado usando o adaptador de alimenta\u00e7\u00e3o DJI USB-C (100 W).<\/td>\n<\/tr>\n<tr>\n<td>Compatibilidade<\/td>\n<td>\n<ul>\n<li>Aeronave DJI Mavic 3 Enterprise Series<\/li>\n<\/ul>\n<\/td>\n<\/tr>\n<\/tbody>\n<\/table>","protected":false},"excerpt":{"rendered":"<p>Inclui tr\u00eas baterias de voo inteligentes e um hub de carregamento de bateria DJI Mavic 3 (100W) para atender \u00e0s necessidades de opera\u00e7\u00f5es de longa dura\u00e7\u00e3o.<\/p>","protected":false},"featured_media":10074,"comment_status":"open","ping_status":"closed","template":"","meta":[],"product_brand":[],"product_cat":[430,37,429,29],"product_tag":[42,434,432,435],"class_list":{"0":"post-10073","1":"product","2":"type-product","3":"status-publish","4":"has-post-thumbnail","6":"product_cat-accessories-dji-mavic3-ent","7":"product_cat-dji","8":"product_cat-dji-mavic3-ent","9":"product_cat-drones","10":"product_tag-dji","11":"product_tag-dji-mavic-3-enterprise","12":"product_tag-dji-mavic3","13":"product_tag-dji-mavic3-accessories","15":"first","16":"onbackorder","17":"taxable","18":"shipping-taxable","19":"purchasable","20":"product-type-simple"},"yoast_head":"<!-- This site is optimized with the Yoast SEO plugin v27.4 - https:\/\/yoast.com\/product\/yoast-seo-wordpress\/ -->\n<title>DJI Mavic 3 Enterprise Series Battery Kit -<\/title>\n<meta name=\"description\" content=\"Includes three Intelligent Flight Batteries and one DJI Mavic 3 Battery Charging Hub (100W) to meet the needs for long-duration operations.\" \/>\n<meta name=\"robots\" content=\"index, follow, max-snippet:-1, max-image-preview:large, max-video-preview:-1\" \/>\n<link rel=\"canonical\" href=\"https:\/\/www.ghostysky.com\/pt\/produto-2\/dji-mavic-3-enterprise-series-battery-kit\/\" \/>\n<meta property=\"og:locale\" content=\"pt_PT\" \/>\n<meta property=\"og:type\" content=\"article\" \/>\n<meta property=\"og:title\" content=\"DJI Mavic 3 Enterprise Series Battery Kit -\" \/>\n<meta property=\"og:description\" content=\"Includes three Intelligent Flight Batteries and one DJI Mavic 3 Battery Charging Hub (100W) to meet the needs for long-duration operations.\" \/>\n<meta property=\"og:url\" content=\"https:\/\/www.ghostysky.com\/pt\/produto-2\/dji-mavic-3-enterprise-series-battery-kit\/\" \/>\n<meta property=\"og:site_name\" content=\"Ghostysky\" \/>\n<meta property=\"article:publisher\" content=\"https:\/\/www.facebook.com\/people\/Ghostysky\/100057676170234\/\" \/>\n<meta property=\"article:modified_time\" content=\"2024-08-08T12:18:26+00:00\" \/>\n<meta property=\"og:image\" content=\"https:\/\/www.ghostysky.com\/wp-content\/uploads\/2022\/10\/dji-mavic-3-enterprise-series-battery-kit2.jpg\" \/>\n\t<meta property=\"og:image:width\" content=\"800\" \/>\n\t<meta property=\"og:image:height\" content=\"800\" \/>\n\t<meta property=\"og:image:type\" content=\"image\/jpeg\" \/>\n<meta name=\"twitter:card\" content=\"summary_large_image\" \/>\n<meta name=\"twitter:site\" content=\"@Gh0stysky\" \/>\n<meta name=\"twitter:label1\" content=\"Tempo estimado de leitura\" \/>\n\t<meta name=\"twitter:data1\" content=\"2 minutos\" \/>\n<script type=\"application\/ld+json\" class=\"yoast-schema-graph\">{\"@context\":\"https:\\\/\\\/schema.org\",\"@graph\":[{\"@type\":\"WebPage\",\"@id\":\"https:\\\/\\\/www.ghostysky.com\\\/product\\\/dji-mavic-3-enterprise-series-battery-kit\\\/\",\"url\":\"https:\\\/\\\/www.ghostysky.com\\\/product\\\/dji-mavic-3-enterprise-series-battery-kit\\\/\",\"name\":\"DJI Mavic 3 Enterprise Series Battery Kit -\",\"isPartOf\":{\"@id\":\"https:\\\/\\\/www.ghostysky.com\\\/#website\"},\"primaryImageOfPage\":{\"@id\":\"https:\\\/\\\/www.ghostysky.com\\\/product\\\/dji-mavic-3-enterprise-series-battery-kit\\\/#primaryimage\"},\"image\":{\"@id\":\"https:\\\/\\\/www.ghostysky.com\\\/product\\\/dji-mavic-3-enterprise-series-battery-kit\\\/#primaryimage\"},\"thumbnailUrl\":\"https:\\\/\\\/www.ghostysky.com\\\/wp-content\\\/uploads\\\/2022\\\/10\\\/dji-mavic-3-enterprise-series-battery-kit2.jpg\",\"datePublished\":\"2022-10-03T19:44:38+00:00\",\"dateModified\":\"2024-08-08T12:18:26+00:00\",\"description\":\"Includes three Intelligent Flight Batteries and one DJI Mavic 3 Battery Charging Hub (100W) to meet the needs for long-duration operations.\",\"breadcrumb\":{\"@id\":\"https:\\\/\\\/www.ghostysky.com\\\/product\\\/dji-mavic-3-enterprise-series-battery-kit\\\/#breadcrumb\"},\"inLanguage\":\"pt-PT\",\"potentialAction\":[{\"@type\":\"ReadAction\",\"target\":[\"https:\\\/\\\/www.ghostysky.com\\\/product\\\/dji-mavic-3-enterprise-series-battery-kit\\\/\"]}]},{\"@type\":\"ImageObject\",\"inLanguage\":\"pt-PT\",\"@id\":\"https:\\\/\\\/www.ghostysky.com\\\/product\\\/dji-mavic-3-enterprise-series-battery-kit\\\/#primaryimage\",\"url\":\"https:\\\/\\\/www.ghostysky.com\\\/wp-content\\\/uploads\\\/2022\\\/10\\\/dji-mavic-3-enterprise-series-battery-kit2.jpg\",\"contentUrl\":\"https:\\\/\\\/www.ghostysky.com\\\/wp-content\\\/uploads\\\/2022\\\/10\\\/dji-mavic-3-enterprise-series-battery-kit2.jpg\",\"width\":800,\"height\":800},{\"@type\":\"BreadcrumbList\",\"@id\":\"https:\\\/\\\/www.ghostysky.com\\\/product\\\/dji-mavic-3-enterprise-series-battery-kit\\\/#breadcrumb\",\"itemListElement\":[{\"@type\":\"ListItem\",\"position\":1,\"name\":\"Home\",\"item\":\"https:\\\/\\\/www.ghostysky.com\\\/\"},{\"@type\":\"ListItem\",\"position\":2,\"name\":\"Shop\",\"item\":\"https:\\\/\\\/www.ghostysky.com\\\/shop\\\/\"},{\"@type\":\"ListItem\",\"position\":3,\"name\":\"DJI Mavic 3 Enterprise Series Battery Kit\"}]},{\"@type\":\"WebSite\",\"@id\":\"https:\\\/\\\/www.ghostysky.com\\\/#website\",\"url\":\"https:\\\/\\\/www.ghostysky.com\\\/\",\"name\":\"Ghostysky\",\"description\":\"Delivering professional drones and robotics solutions\",\"publisher\":{\"@id\":\"https:\\\/\\\/www.ghostysky.com\\\/#organization\"},\"potentialAction\":[{\"@type\":\"SearchAction\",\"target\":{\"@type\":\"EntryPoint\",\"urlTemplate\":\"https:\\\/\\\/www.ghostysky.com\\\/?s={search_term_string}\"},\"query-input\":{\"@type\":\"PropertyValueSpecification\",\"valueRequired\":true,\"valueName\":\"search_term_string\"}}],\"inLanguage\":\"pt-PT\"},{\"@type\":\"Organization\",\"@id\":\"https:\\\/\\\/www.ghostysky.com\\\/#organization\",\"name\":\"Ghostysky\",\"url\":\"https:\\\/\\\/www.ghostysky.com\\\/\",\"logo\":{\"@type\":\"ImageObject\",\"inLanguage\":\"pt-PT\",\"@id\":\"https:\\\/\\\/www.ghostysky.com\\\/#\\\/schema\\\/logo\\\/image\\\/\",\"url\":\"https:\\\/\\\/www.ghostysky.com\\\/wp-content\\\/uploads\\\/2020\\\/06\\\/cropped-ghostyskylogo_text_white2.png\",\"contentUrl\":\"https:\\\/\\\/www.ghostysky.com\\\/wp-content\\\/uploads\\\/2020\\\/06\\\/cropped-ghostyskylogo_text_white2.png\",\"width\":169,\"height\":56,\"caption\":\"Ghostysky\"},\"image\":{\"@id\":\"https:\\\/\\\/www.ghostysky.com\\\/#\\\/schema\\\/logo\\\/image\\\/\"},\"sameAs\":[\"https:\\\/\\\/www.facebook.com\\\/people\\\/Ghostysky\\\/100057676170234\\\/\",\"https:\\\/\\\/x.com\\\/Gh0stysky\",\"https:\\\/\\\/www.linkedin.com\\\/company\\\/34739653\",\"https:\\\/\\\/www.instagram.com\\\/gh0stysky\"]}]}<\/script>\n<!-- \/ Yoast SEO plugin. -->","yoast_head_json":{"title":"Kit de bateria da s\u00e9rie DJI Mavic 3 Enterprise -","description":"Inclui tr\u00eas baterias de voo inteligentes e um hub de carregamento de bateria DJI Mavic 3 (100W) para atender \u00e0s necessidades de opera\u00e7\u00f5es de longa dura\u00e7\u00e3o.","robots":{"index":"index","follow":"follow","max-snippet":"max-snippet:-1","max-image-preview":"max-image-preview:large","max-video-preview":"max-video-preview:-1"},"canonical":"https:\/\/www.ghostysky.com\/pt\/produto-2\/dji-mavic-3-enterprise-series-battery-kit\/","og_locale":"pt_PT","og_type":"article","og_title":"DJI Mavic 3 Enterprise Series Battery Kit -","og_description":"Includes three Intelligent Flight Batteries and one DJI Mavic 3 Battery Charging Hub (100W) to meet the needs for long-duration operations.","og_url":"https:\/\/www.ghostysky.com\/pt\/produto-2\/dji-mavic-3-enterprise-series-battery-kit\/","og_site_name":"Ghostysky","article_publisher":"https:\/\/www.facebook.com\/people\/Ghostysky\/100057676170234\/","article_modified_time":"2024-08-08T12:18:26+00:00","og_image":[{"width":800,"height":800,"url":"https:\/\/www.ghostysky.com\/wp-content\/uploads\/2022\/10\/dji-mavic-3-enterprise-series-battery-kit2.jpg","type":"image\/jpeg"}],"twitter_card":"summary_large_image","twitter_site":"@Gh0stysky","twitter_misc":{"Tempo estimado de leitura":"2 minutos"},"schema":{"@context":"https:\/\/schema.org","@graph":[{"@type":"WebPage","@id":"https:\/\/www.ghostysky.com\/product\/dji-mavic-3-enterprise-series-battery-kit\/","url":"https:\/\/www.ghostysky.com\/product\/dji-mavic-3-enterprise-series-battery-kit\/","name":"Kit de bateria da s\u00e9rie DJI Mavic 3 Enterprise -","isPartOf":{"@id":"https:\/\/www.ghostysky.com\/#website"},"primaryImageOfPage":{"@id":"https:\/\/www.ghostysky.com\/product\/dji-mavic-3-enterprise-series-battery-kit\/#primaryimage"},"image":{"@id":"https:\/\/www.ghostysky.com\/product\/dji-mavic-3-enterprise-series-battery-kit\/#primaryimage"},"thumbnailUrl":"https:\/\/www.ghostysky.com\/wp-content\/uploads\/2022\/10\/dji-mavic-3-enterprise-series-battery-kit2.jpg","datePublished":"2022-10-03T19:44:38+00:00","dateModified":"2024-08-08T12:18:26+00:00","description":"Inclui tr\u00eas baterias de voo inteligentes e um hub de carregamento de bateria DJI Mavic 3 (100W) para atender \u00e0s necessidades de opera\u00e7\u00f5es de longa dura\u00e7\u00e3o.","breadcrumb":{"@id":"https:\/\/www.ghostysky.com\/product\/dji-mavic-3-enterprise-series-battery-kit\/#breadcrumb"},"inLanguage":"pt-PT","potentialAction":[{"@type":"ReadAction","target":["https:\/\/www.ghostysky.com\/product\/dji-mavic-3-enterprise-series-battery-kit\/"]}]},{"@type":"ImageObject","inLanguage":"pt-PT","@id":"https:\/\/www.ghostysky.com\/product\/dji-mavic-3-enterprise-series-battery-kit\/#primaryimage","url":"https:\/\/www.ghostysky.com\/wp-content\/uploads\/2022\/10\/dji-mavic-3-enterprise-series-battery-kit2.jpg","contentUrl":"https:\/\/www.ghostysky.com\/wp-content\/uploads\/2022\/10\/dji-mavic-3-enterprise-series-battery-kit2.jpg","width":800,"height":800},{"@type":"BreadcrumbList","@id":"https:\/\/www.ghostysky.com\/product\/dji-mavic-3-enterprise-series-battery-kit\/#breadcrumb","itemListElement":[{"@type":"ListItem","position":1,"name":"Home","item":"https:\/\/www.ghostysky.com\/"},{"@type":"ListItem","position":2,"name":"Shop","item":"https:\/\/www.ghostysky.com\/shop\/"},{"@type":"ListItem","position":3,"name":"DJI Mavic 3 Enterprise Series Battery Kit"}]},{"@type":"WebSite","@id":"https:\/\/www.ghostysky.com\/#website","url":"https:\/\/www.ghostysky.com\/","name":"Ghostysky","description":"Fornecendo solu\u00e7\u00f5es profissionais em drones e rob\u00f3tica.","publisher":{"@id":"https:\/\/www.ghostysky.com\/#organization"},"potentialAction":[{"@type":"SearchAction","target":{"@type":"EntryPoint","urlTemplate":"https:\/\/www.ghostysky.com\/?s={search_term_string}"},"query-input":{"@type":"PropertyValueSpecification","valueRequired":true,"valueName":"search_term_string"}}],"inLanguage":"pt-PT"},{"@type":"Organization","@id":"https:\/\/www.ghostysky.com\/#organization","name":"Ghostysky","url":"https:\/\/www.ghostysky.com\/","logo":{"@type":"ImageObject","inLanguage":"pt-PT","@id":"https:\/\/www.ghostysky.com\/#\/schema\/logo\/image\/","url":"https:\/\/www.ghostysky.com\/wp-content\/uploads\/2020\/06\/cropped-ghostyskylogo_text_white2.png","contentUrl":"https:\/\/www.ghostysky.com\/wp-content\/uploads\/2020\/06\/cropped-ghostyskylogo_text_white2.png","width":169,"height":56,"caption":"Ghostysky"},"image":{"@id":"https:\/\/www.ghostysky.com\/#\/schema\/logo\/image\/"},"sameAs":["https:\/\/www.facebook.com\/people\/Ghostysky\/100057676170234\/","https:\/\/x.com\/Gh0stysky","https:\/\/www.linkedin.com\/company\/34739653","https:\/\/www.instagram.com\/gh0stysky"]}]}},"_links":{"self":[{"href":"https:\/\/www.ghostysky.com\/pt\/wp-json\/wp\/v2\/product\/10073","targetHints":{"allow":["GET"]}}],"collection":[{"href":"https:\/\/www.ghostysky.com\/pt\/wp-json\/wp\/v2\/product"}],"about":[{"href":"https:\/\/www.ghostysky.com\/pt\/wp-json\/wp\/v2\/types\/product"}],"replies":[{"embeddable":true,"href":"https:\/\/www.ghostysky.com\/pt\/wp-json\/wp\/v2\/comments?post=10073"}],"version-history":[{"count":0,"href":"https:\/\/www.ghostysky.com\/pt\/wp-json\/wp\/v2\/product\/10073\/revisions"}],"wp:featuredmedia":[{"embeddable":true,"href":"https:\/\/www.ghostysky.com\/pt\/wp-json\/wp\/v2\/media\/10074"}],"wp:attachment":[{"href":"https:\/\/www.ghostysky.com\/pt\/wp-json\/wp\/v2\/media?parent=10073"}],"wp:term":[{"taxonomy":"product_brand","embeddable":true,"href":"https:\/\/www.ghostysky.com\/pt\/wp-json\/wp\/v2\/product_brand?post=10073"},{"taxonomy":"product_cat","embeddable":true,"href":"https:\/\/www.ghostysky.com\/pt\/wp-json\/wp\/v2\/product_cat?post=10073"},{"taxonomy":"product_tag","embeddable":true,"href":"https:\/\/www.ghostysky.com\/pt\/wp-json\/wp\/v2\/product_tag?post=10073"}],"curies":[{"name":"wp","href":"https:\/\/api.w.org\/{rel}","templated":true}]}}