{"id":10089,"date":"2022-10-03T19:56:32","date_gmt":"2022-10-03T19:56:32","guid":{"rendered":"https:\/\/www.ghostysky.com\/?post_type=product&#038;p=10089"},"modified":"2024-11-30T09:42:15","modified_gmt":"2024-11-30T09:42:15","slug":"dji-usb-c-power-adapter-100w-eu","status":"publish","type":"product","link":"https:\/\/www.ghostysky.com\/pt\/product\/dji-usb-c-power-adapter-100w-eu\/","title":{"rendered":"Adaptador de alimenta\u00e7\u00e3o DJI USB-C (100 W) (UE)"},"content":{"rendered":"<table class=\"table table-responsive\">\n<tbody>\n<tr>\n<td>Vis\u00e3o geral<\/td>\n<td>O adaptador de alimenta\u00e7\u00e3o DJI USB-C (100 W) \u00e9 utilizado para carregar a aeronave DJI Mavic 3 Enterprise, o controle remoto DJI RC Pro Enterprise ou dispositivos m\u00f3veis atrav\u00e9s de uma porta USB-C e utilizando uma tomada el\u00e9ctrica.<\/td>\n<\/tr>\n<tr>\n<td>Destaques<\/td>\n<td>Carregue aeronaves da s\u00e9rie DJI Mavic 3 Enterprise, controle remoto DJI RC Pro Enterprise ou dispositivos m\u00f3veis atrav\u00e9s de uma porta USB-C e utilizando uma tomada el\u00e9trica.<\/td>\n<\/tr>\n<tr>\n<td>Notas<\/td>\n<td>\n<ol>\n<li>N\u00c3O tente tocar nos terminais de metal da caixa da bateria.<\/li>\n<li>Limpe os terminais de metal na caixa da bateria com um pano limpo e seco se houver qualquer ac\u00famula\u00e7\u00e3o percept\u00edvel.<\/li>\n<li>O carregador varia conforme as diferentes regi\u00f5es. Est\u00e3o dispon\u00edveis para compra na loja online DJI os diferentes plugs para as diferentes regi\u00f5es.<\/li>\n<\/ol>\n<\/td>\n<\/tr>\n<tr>\n<td>Na caixa<\/td>\n<td>Adaptador de alimenta\u00e7\u00e3o DJI USB-C (100 W) \u00d71<\/td>\n<\/tr>\n<tr>\n<td>Especifica\u00e7\u00f5es<\/td>\n<td>\n<ul>\n<li style=\"list-style-type: none;\">\n<ul>\n<li>Dimens\u00f5es: 73,5\u00d770\u00d732 mm (L\u00d7W\u00d7H)<\/li>\n<li>Peso: 268\u00b15 g<\/li>\n<li>Tens\u00e3o de entrada: 100-240 V CA, 50-60 Hz, 2,5 A<\/li>\n<li>Sa\u00edda: M\u00e1x. 100 W (total):<\/li>\n<\/ul>\n<\/li>\n<\/ul>\n<p>Quando ambas as portas s\u00e3o usadas, a pot\u00eancia m\u00e1xima de sa\u00edda de cada interface \u00e9 de 82 W, e o carregador alocar\u00e1 dinamicamente a pot\u00eancia de sa\u00edda das duas portas de acordo com a carga de energia.<\/p>\n<ul>\n<li>Pot\u00eancia de sa\u00edda: 100 W<\/li>\n<li>Temperatura de opera\u00e7\u00e3o: 5\u00b0 a 40\u00b0C (41\u00b0 a 104\u00b0F)<\/li>\n<li>Tempo de carregamento*: Ao carregar apenas a aeronave DJI Mavic 3 Enterprise, leva 1 hora e 20 minutos para carregar completamente. Ao carregar apenas o DJI RC Pro Enterprise, leva 1 hora e 30 minutos para carregar totalmente.<\/li>\n<\/ul>\n<p>* Os dispositivos levar\u00e3o mais tempo para carregar se a bateria de voo inteligente e o controle remoto ou outros dispositivos estiverem sendo carregados simultaneamente.<\/td>\n<\/tr>\n<tr>\n<td>Compatibilidade<\/td>\n<td>\n<ul>\n<li>Aeronave DJI Mavic 3 Enterprise Series<\/li>\n<\/ul>\n<\/td>\n<\/tr>\n<\/tbody>\n<\/table>","protected":false},"excerpt":{"rendered":"<p>Carregue aeronaves da s\u00e9rie DJI Mavic 3 Enterprise, controle remoto DJI RC Pro Enterprise ou dispositivos m\u00f3veis atrav\u00e9s de uma porta USB-C e utilizando uma tomada el\u00e9trica.<\/p>","protected":false},"featured_media":10091,"comment_status":"open","ping_status":"closed","template":"","meta":[],"product_brand":[],"product_cat":[430,37,429,29],"product_tag":[42,434,435],"class_list":{"0":"post-10089","1":"product","2":"type-product","3":"status-publish","4":"has-post-thumbnail","6":"product_cat-accessories-dji-mavic3-ent","7":"product_cat-dji","8":"product_cat-dji-mavic3-ent","9":"product_cat-drones","10":"product_tag-dji","11":"product_tag-dji-mavic-3-enterprise","12":"product_tag-dji-mavic3-accessories","14":"first","15":"onbackorder","16":"taxable","17":"shipping-taxable","18":"purchasable","19":"product-type-simple"},"yoast_head":"<!-- This site is optimized with the Yoast SEO plugin v27.4 - https:\/\/yoast.com\/product\/yoast-seo-wordpress\/ -->\n<title>DJI USB-C Power Adapter (100W) (EU) -<\/title>\n<meta name=\"description\" content=\"Charge DJI Mavic 3 Enterprise series aircraft, DJI RC Pro Enterprise remote controller, or mobile devices with a USB-C port using a power outlet.\" \/>\n<meta name=\"robots\" content=\"index, follow, max-snippet:-1, max-image-preview:large, max-video-preview:-1\" \/>\n<link rel=\"canonical\" href=\"https:\/\/www.ghostysky.com\/pt\/produto-2\/dji-usb-c-power-adapter-100w-eu\/\" \/>\n<meta property=\"og:locale\" content=\"pt_PT\" \/>\n<meta property=\"og:type\" content=\"article\" \/>\n<meta property=\"og:title\" content=\"DJI USB-C Power Adapter (100W) (EU) -\" \/>\n<meta property=\"og:description\" content=\"Charge DJI Mavic 3 Enterprise series aircraft, DJI RC Pro Enterprise remote controller, or mobile devices with a USB-C port using a power outlet.\" \/>\n<meta property=\"og:url\" content=\"https:\/\/www.ghostysky.com\/pt\/produto-2\/dji-usb-c-power-adapter-100w-eu\/\" \/>\n<meta property=\"og:site_name\" content=\"Ghostysky\" \/>\n<meta property=\"article:publisher\" content=\"https:\/\/www.facebook.com\/people\/Ghostysky\/100057676170234\/\" \/>\n<meta property=\"article:modified_time\" content=\"2024-11-30T09:42:15+00:00\" \/>\n<meta property=\"og:image\" content=\"https:\/\/www.ghostysky.com\/wp-content\/uploads\/2022\/10\/dji-usb-c-power-adapter-100w-eu.jpg\" \/>\n\t<meta property=\"og:image:width\" content=\"800\" \/>\n\t<meta property=\"og:image:height\" content=\"800\" \/>\n\t<meta property=\"og:image:type\" content=\"image\/jpeg\" \/>\n<meta name=\"twitter:card\" content=\"summary_large_image\" \/>\n<meta name=\"twitter:site\" content=\"@Gh0stysky\" \/>\n<meta name=\"twitter:label1\" content=\"Tempo estimado de leitura\" \/>\n\t<meta name=\"twitter:data1\" content=\"2 minutos\" \/>\n<script type=\"application\/ld+json\" class=\"yoast-schema-graph\">{\"@context\":\"https:\\\/\\\/schema.org\",\"@graph\":[{\"@type\":\"WebPage\",\"@id\":\"https:\\\/\\\/www.ghostysky.com\\\/product\\\/dji-usb-c-power-adapter-100w-eu\\\/\",\"url\":\"https:\\\/\\\/www.ghostysky.com\\\/product\\\/dji-usb-c-power-adapter-100w-eu\\\/\",\"name\":\"DJI USB-C Power Adapter (100W) (EU) -\",\"isPartOf\":{\"@id\":\"https:\\\/\\\/www.ghostysky.com\\\/#website\"},\"primaryImageOfPage\":{\"@id\":\"https:\\\/\\\/www.ghostysky.com\\\/product\\\/dji-usb-c-power-adapter-100w-eu\\\/#primaryimage\"},\"image\":{\"@id\":\"https:\\\/\\\/www.ghostysky.com\\\/product\\\/dji-usb-c-power-adapter-100w-eu\\\/#primaryimage\"},\"thumbnailUrl\":\"https:\\\/\\\/www.ghostysky.com\\\/wp-content\\\/uploads\\\/2022\\\/10\\\/dji-usb-c-power-adapter-100w-eu.jpg\",\"datePublished\":\"2022-10-03T19:56:32+00:00\",\"dateModified\":\"2024-11-30T09:42:15+00:00\",\"description\":\"Charge DJI Mavic 3 Enterprise series aircraft, DJI RC Pro Enterprise remote controller, or mobile devices with a USB-C port using a power outlet.\",\"breadcrumb\":{\"@id\":\"https:\\\/\\\/www.ghostysky.com\\\/product\\\/dji-usb-c-power-adapter-100w-eu\\\/#breadcrumb\"},\"inLanguage\":\"pt-PT\",\"potentialAction\":[{\"@type\":\"ReadAction\",\"target\":[\"https:\\\/\\\/www.ghostysky.com\\\/product\\\/dji-usb-c-power-adapter-100w-eu\\\/\"]}]},{\"@type\":\"ImageObject\",\"inLanguage\":\"pt-PT\",\"@id\":\"https:\\\/\\\/www.ghostysky.com\\\/product\\\/dji-usb-c-power-adapter-100w-eu\\\/#primaryimage\",\"url\":\"https:\\\/\\\/www.ghostysky.com\\\/wp-content\\\/uploads\\\/2022\\\/10\\\/dji-usb-c-power-adapter-100w-eu.jpg\",\"contentUrl\":\"https:\\\/\\\/www.ghostysky.com\\\/wp-content\\\/uploads\\\/2022\\\/10\\\/dji-usb-c-power-adapter-100w-eu.jpg\",\"width\":800,\"height\":800},{\"@type\":\"BreadcrumbList\",\"@id\":\"https:\\\/\\\/www.ghostysky.com\\\/product\\\/dji-usb-c-power-adapter-100w-eu\\\/#breadcrumb\",\"itemListElement\":[{\"@type\":\"ListItem\",\"position\":1,\"name\":\"Home\",\"item\":\"https:\\\/\\\/www.ghostysky.com\\\/\"},{\"@type\":\"ListItem\",\"position\":2,\"name\":\"Shop\",\"item\":\"https:\\\/\\\/www.ghostysky.com\\\/shop\\\/\"},{\"@type\":\"ListItem\",\"position\":3,\"name\":\"DJI USB-C Power Adapter (100W) (EU)\"}]},{\"@type\":\"WebSite\",\"@id\":\"https:\\\/\\\/www.ghostysky.com\\\/#website\",\"url\":\"https:\\\/\\\/www.ghostysky.com\\\/\",\"name\":\"Ghostysky\",\"description\":\"Delivering professional drones and robotics solutions\",\"publisher\":{\"@id\":\"https:\\\/\\\/www.ghostysky.com\\\/#organization\"},\"potentialAction\":[{\"@type\":\"SearchAction\",\"target\":{\"@type\":\"EntryPoint\",\"urlTemplate\":\"https:\\\/\\\/www.ghostysky.com\\\/?s={search_term_string}\"},\"query-input\":{\"@type\":\"PropertyValueSpecification\",\"valueRequired\":true,\"valueName\":\"search_term_string\"}}],\"inLanguage\":\"pt-PT\"},{\"@type\":\"Organization\",\"@id\":\"https:\\\/\\\/www.ghostysky.com\\\/#organization\",\"name\":\"Ghostysky\",\"url\":\"https:\\\/\\\/www.ghostysky.com\\\/\",\"logo\":{\"@type\":\"ImageObject\",\"inLanguage\":\"pt-PT\",\"@id\":\"https:\\\/\\\/www.ghostysky.com\\\/#\\\/schema\\\/logo\\\/image\\\/\",\"url\":\"https:\\\/\\\/www.ghostysky.com\\\/wp-content\\\/uploads\\\/2020\\\/06\\\/cropped-ghostyskylogo_text_white2.png\",\"contentUrl\":\"https:\\\/\\\/www.ghostysky.com\\\/wp-content\\\/uploads\\\/2020\\\/06\\\/cropped-ghostyskylogo_text_white2.png\",\"width\":169,\"height\":56,\"caption\":\"Ghostysky\"},\"image\":{\"@id\":\"https:\\\/\\\/www.ghostysky.com\\\/#\\\/schema\\\/logo\\\/image\\\/\"},\"sameAs\":[\"https:\\\/\\\/www.facebook.com\\\/people\\\/Ghostysky\\\/100057676170234\\\/\",\"https:\\\/\\\/x.com\\\/Gh0stysky\",\"https:\\\/\\\/www.linkedin.com\\\/company\\\/34739653\",\"https:\\\/\\\/www.instagram.com\\\/gh0stysky\"]}]}<\/script>\n<!-- \/ Yoast SEO plugin. -->","yoast_head_json":{"title":"Adaptador de alimenta\u00e7\u00e3o DJI USB-C (100 W) (UE) -","description":"Carregue aeronaves da s\u00e9rie DJI Mavic 3 Enterprise, controle remoto DJI RC Pro Enterprise ou dispositivos m\u00f3veis atrav\u00e9s de uma porta USB-C e utilizando uma tomada el\u00e9trica.","robots":{"index":"index","follow":"follow","max-snippet":"max-snippet:-1","max-image-preview":"max-image-preview:large","max-video-preview":"max-video-preview:-1"},"canonical":"https:\/\/www.ghostysky.com\/pt\/produto-2\/dji-usb-c-power-adapter-100w-eu\/","og_locale":"pt_PT","og_type":"article","og_title":"DJI USB-C Power Adapter (100W) (EU) -","og_description":"Charge DJI Mavic 3 Enterprise series aircraft, DJI RC Pro Enterprise remote controller, or mobile devices with a USB-C port using a power outlet.","og_url":"https:\/\/www.ghostysky.com\/pt\/produto-2\/dji-usb-c-power-adapter-100w-eu\/","og_site_name":"Ghostysky","article_publisher":"https:\/\/www.facebook.com\/people\/Ghostysky\/100057676170234\/","article_modified_time":"2024-11-30T09:42:15+00:00","og_image":[{"width":800,"height":800,"url":"https:\/\/www.ghostysky.com\/wp-content\/uploads\/2022\/10\/dji-usb-c-power-adapter-100w-eu.jpg","type":"image\/jpeg"}],"twitter_card":"summary_large_image","twitter_site":"@Gh0stysky","twitter_misc":{"Tempo estimado de leitura":"2 minutos"},"schema":{"@context":"https:\/\/schema.org","@graph":[{"@type":"WebPage","@id":"https:\/\/www.ghostysky.com\/product\/dji-usb-c-power-adapter-100w-eu\/","url":"https:\/\/www.ghostysky.com\/product\/dji-usb-c-power-adapter-100w-eu\/","name":"Adaptador de alimenta\u00e7\u00e3o DJI USB-C (100 W) (UE) -","isPartOf":{"@id":"https:\/\/www.ghostysky.com\/#website"},"primaryImageOfPage":{"@id":"https:\/\/www.ghostysky.com\/product\/dji-usb-c-power-adapter-100w-eu\/#primaryimage"},"image":{"@id":"https:\/\/www.ghostysky.com\/product\/dji-usb-c-power-adapter-100w-eu\/#primaryimage"},"thumbnailUrl":"https:\/\/www.ghostysky.com\/wp-content\/uploads\/2022\/10\/dji-usb-c-power-adapter-100w-eu.jpg","datePublished":"2022-10-03T19:56:32+00:00","dateModified":"2024-11-30T09:42:15+00:00","description":"Carregue aeronaves da s\u00e9rie DJI Mavic 3 Enterprise, controle remoto DJI RC Pro Enterprise ou dispositivos m\u00f3veis atrav\u00e9s de uma porta USB-C e utilizando uma tomada el\u00e9trica.","breadcrumb":{"@id":"https:\/\/www.ghostysky.com\/product\/dji-usb-c-power-adapter-100w-eu\/#breadcrumb"},"inLanguage":"pt-PT","potentialAction":[{"@type":"ReadAction","target":["https:\/\/www.ghostysky.com\/product\/dji-usb-c-power-adapter-100w-eu\/"]}]},{"@type":"ImageObject","inLanguage":"pt-PT","@id":"https:\/\/www.ghostysky.com\/product\/dji-usb-c-power-adapter-100w-eu\/#primaryimage","url":"https:\/\/www.ghostysky.com\/wp-content\/uploads\/2022\/10\/dji-usb-c-power-adapter-100w-eu.jpg","contentUrl":"https:\/\/www.ghostysky.com\/wp-content\/uploads\/2022\/10\/dji-usb-c-power-adapter-100w-eu.jpg","width":800,"height":800},{"@type":"BreadcrumbList","@id":"https:\/\/www.ghostysky.com\/product\/dji-usb-c-power-adapter-100w-eu\/#breadcrumb","itemListElement":[{"@type":"ListItem","position":1,"name":"Home","item":"https:\/\/www.ghostysky.com\/"},{"@type":"ListItem","position":2,"name":"Shop","item":"https:\/\/www.ghostysky.com\/shop\/"},{"@type":"ListItem","position":3,"name":"DJI USB-C Power Adapter (100W) (EU)"}]},{"@type":"WebSite","@id":"https:\/\/www.ghostysky.com\/#website","url":"https:\/\/www.ghostysky.com\/","name":"Ghostysky","description":"Fornecendo solu\u00e7\u00f5es profissionais em drones e rob\u00f3tica.","publisher":{"@id":"https:\/\/www.ghostysky.com\/#organization"},"potentialAction":[{"@type":"SearchAction","target":{"@type":"EntryPoint","urlTemplate":"https:\/\/www.ghostysky.com\/?s={search_term_string}"},"query-input":{"@type":"PropertyValueSpecification","valueRequired":true,"valueName":"search_term_string"}}],"inLanguage":"pt-PT"},{"@type":"Organization","@id":"https:\/\/www.ghostysky.com\/#organization","name":"Ghostysky","url":"https:\/\/www.ghostysky.com\/","logo":{"@type":"ImageObject","inLanguage":"pt-PT","@id":"https:\/\/www.ghostysky.com\/#\/schema\/logo\/image\/","url":"https:\/\/www.ghostysky.com\/wp-content\/uploads\/2020\/06\/cropped-ghostyskylogo_text_white2.png","contentUrl":"https:\/\/www.ghostysky.com\/wp-content\/uploads\/2020\/06\/cropped-ghostyskylogo_text_white2.png","width":169,"height":56,"caption":"Ghostysky"},"image":{"@id":"https:\/\/www.ghostysky.com\/#\/schema\/logo\/image\/"},"sameAs":["https:\/\/www.facebook.com\/people\/Ghostysky\/100057676170234\/","https:\/\/x.com\/Gh0stysky","https:\/\/www.linkedin.com\/company\/34739653","https:\/\/www.instagram.com\/gh0stysky"]}]}},"_links":{"self":[{"href":"https:\/\/www.ghostysky.com\/pt\/wp-json\/wp\/v2\/product\/10089","targetHints":{"allow":["GET"]}}],"collection":[{"href":"https:\/\/www.ghostysky.com\/pt\/wp-json\/wp\/v2\/product"}],"about":[{"href":"https:\/\/www.ghostysky.com\/pt\/wp-json\/wp\/v2\/types\/product"}],"replies":[{"embeddable":true,"href":"https:\/\/www.ghostysky.com\/pt\/wp-json\/wp\/v2\/comments?post=10089"}],"version-history":[{"count":0,"href":"https:\/\/www.ghostysky.com\/pt\/wp-json\/wp\/v2\/product\/10089\/revisions"}],"wp:featuredmedia":[{"embeddable":true,"href":"https:\/\/www.ghostysky.com\/pt\/wp-json\/wp\/v2\/media\/10091"}],"wp:attachment":[{"href":"https:\/\/www.ghostysky.com\/pt\/wp-json\/wp\/v2\/media?parent=10089"}],"wp:term":[{"taxonomy":"product_brand","embeddable":true,"href":"https:\/\/www.ghostysky.com\/pt\/wp-json\/wp\/v2\/product_brand?post=10089"},{"taxonomy":"product_cat","embeddable":true,"href":"https:\/\/www.ghostysky.com\/pt\/wp-json\/wp\/v2\/product_cat?post=10089"},{"taxonomy":"product_tag","embeddable":true,"href":"https:\/\/www.ghostysky.com\/pt\/wp-json\/wp\/v2\/product_tag?post=10089"}],"curies":[{"name":"wp","href":"https:\/\/api.w.org\/{rel}","templated":true}]}}