{"id":10304,"date":"2022-10-14T18:58:35","date_gmt":"2022-10-14T18:58:35","guid":{"rendered":"https:\/\/www.ghostysky.com\/?post_type=product&#038;p=10304"},"modified":"2023-04-03T19:27:45","modified_gmt":"2023-04-03T19:27:45","slug":"speaker-for-h850-130db","status":"publish","type":"product","link":"https:\/\/www.ghostysky.com\/pt\/product\/speaker-for-h850-130db\/","title":{"rendered":"Altifalante para H850 (130dB)"},"content":{"rendered":"<p><strong>Transmiss\u00e3o de longa dist\u00e2ncia<\/strong><br \/>\nA dist\u00e2ncia m\u00e1xima de controle \u00e9 consistente com a do drone, pode chegar de 7 a 10 quil\u00f4metros.<\/p>\n<p><strong>Alto e claro<\/strong><br \/>\nO volume m\u00e1ximo excede 130dB, o alcance efetivo da transmiss\u00e3o \u00e9 de 300 a 500 metros, e o alcance total da transmiss\u00e3o \u00e9 superior a 1000 metros.<\/p>\n<p><strong>V\u00e1rios modos de reprodu\u00e7\u00e3o<\/strong><br \/>\nO altifalante tem uma grande variedade de modos de transmiss\u00e3o tal com, texto para voz (timbre personalizado) atrav\u00e9s da leitura de c\u00f3digo QR na transmiss\u00e3o desse texto, transmiss\u00e3o de voz e reprodu\u00e7\u00e3o de ficheiros de \u00e1udio.<br \/>\nA fun\u00e7\u00e3o de pitch s\u00edncrono autom\u00e1tico pode seguir a c\u00e2mera afim de garantir a direc\u00e7\u00e3o precisa para obter o melhor efeito de transmiss\u00e3o.<\/p>\n<p><strong>Aplica\u00e7\u00e3o<br \/>\n<\/strong>Busca e salvamento na floresta<br \/>\nO altifalante eleva o som a uma enorme dist\u00e2ncia afim de guiar pessoas perdidas na floresta para \u00e1reas abertas, e pode localizar rapidamente os alvos com outros equipamentos, tal como uma c\u00e2mera RGM\/c\u00e2mera t\u00e9rmica E20TVx<\/p>\n<p><strong>Orienta\u00e7\u00e3o para a Pol\u00edcia de tr\u00e2nsito<br \/>\n<\/strong>Quando h\u00e1 um engarrafamento, o altifalante pode ajudar a pol\u00edcia de tr\u00e2nsito a colocar um comando de tr\u00e1fego a longa dist\u00e2ncia e de forma extremamente r\u00e1pida.<br \/>\n<strong><br \/>\nOutros aspectos<br \/>\n<\/strong>Pode ser usado para lidar com incidentes em massa, protec\u00e7\u00e3o de recursos naturais, prote\u00e7\u00e3o ambiental, gest\u00e3o urbana, aplica\u00e7\u00e3o da lei mar\u00edtima, etc.<\/p>","protected":false},"excerpt":{"rendered":"<p>O novo altifalante H850-RTK \u00e9 um dispositivo ac\u00fastico de longo alcance (LRAD) para o Yuneec H850-RTK.<br \/>\nTem caracter\u00edsticas de som extremamente claro, penetra\u00e7\u00e3o intensa, press\u00e3o sonora ultra-alta, pequenas dimens\u00f5es, leve e de baixo consumo de energia.<br \/>\nO som pode viajar at\u00e9 1000 metros de dist\u00e2ncia. De baixo consumo de energia, excelente desempenho de blindagem magn\u00e9tica, foi especialmente desenvolvido para o H850-RTK.<\/p>\n<ul>\n<li>&gt;130dB de volume<\/li>\n<li>&gt;300m de dist\u00e2ncia efectiva<\/li>\n<li>&lt;550g de peso<\/li>\n<\/ul>","protected":false},"featured_media":10307,"comment_status":"open","ping_status":"closed","template":"","meta":[],"product_brand":[],"product_cat":[119,29,118],"product_tag":[389,231,121],"class_list":{"0":"post-10304","1":"product","2":"type-product","3":"status-publish","4":"has-post-thumbnail","6":"product_cat-yuneec-accessories","7":"product_cat-drones","8":"product_cat-yuneec","9":"product_tag-h850","10":"product_tag-speaker","11":"product_tag-yuneec","13":"first","14":"onbackorder","15":"taxable","16":"shipping-taxable","17":"purchasable","18":"product-type-simple"},"yoast_head":"<!-- This site is optimized with the Yoast SEO plugin v27.4 - https:\/\/yoast.com\/product\/yoast-seo-wordpress\/ -->\n<title>Speaker for H850 (130dB) -<\/title>\n<meta name=\"description\" content=\"The new H850-RTK loudspeaker is a long-range acoustic device (LRAD) for H850-RTK.\" \/>\n<meta name=\"robots\" content=\"index, follow, max-snippet:-1, max-image-preview:large, max-video-preview:-1\" \/>\n<link rel=\"canonical\" href=\"https:\/\/www.ghostysky.com\/pt\/produto-2\/speaker-for-h850-130db\/\" \/>\n<meta property=\"og:locale\" content=\"pt_PT\" \/>\n<meta property=\"og:type\" content=\"article\" \/>\n<meta property=\"og:title\" content=\"Speaker for H850 (130dB) -\" \/>\n<meta property=\"og:description\" content=\"The new H850-RTK loudspeaker is a long-range acoustic device (LRAD) for H850-RTK.\" \/>\n<meta property=\"og:url\" content=\"https:\/\/www.ghostysky.com\/pt\/produto-2\/speaker-for-h850-130db\/\" \/>\n<meta property=\"og:site_name\" content=\"Ghostysky\" \/>\n<meta property=\"article:publisher\" content=\"https:\/\/www.facebook.com\/people\/Ghostysky\/100057676170234\/\" \/>\n<meta property=\"article:modified_time\" content=\"2023-04-03T19:27:45+00:00\" \/>\n<meta property=\"og:image\" content=\"https:\/\/www.ghostysky.com\/wp-content\/uploads\/2022\/10\/YUNCZMP130V2EU-speaker04.webp\" \/>\n\t<meta property=\"og:image:width\" content=\"1500\" \/>\n\t<meta property=\"og:image:height\" content=\"1279\" \/>\n\t<meta property=\"og:image:type\" content=\"image\/webp\" \/>\n<meta name=\"twitter:card\" content=\"summary_large_image\" \/>\n<meta name=\"twitter:site\" content=\"@Gh0stysky\" \/>\n<meta name=\"twitter:label1\" content=\"Tempo estimado de leitura\" \/>\n\t<meta name=\"twitter:data1\" content=\"1 minuto\" \/>\n<script type=\"application\/ld+json\" class=\"yoast-schema-graph\">{\"@context\":\"https:\\\/\\\/schema.org\",\"@graph\":[{\"@type\":\"WebPage\",\"@id\":\"https:\\\/\\\/www.ghostysky.com\\\/product\\\/speaker-for-h850-130db\\\/\",\"url\":\"https:\\\/\\\/www.ghostysky.com\\\/product\\\/speaker-for-h850-130db\\\/\",\"name\":\"Speaker for H850 (130dB) -\",\"isPartOf\":{\"@id\":\"https:\\\/\\\/www.ghostysky.com\\\/#website\"},\"primaryImageOfPage\":{\"@id\":\"https:\\\/\\\/www.ghostysky.com\\\/product\\\/speaker-for-h850-130db\\\/#primaryimage\"},\"image\":{\"@id\":\"https:\\\/\\\/www.ghostysky.com\\\/product\\\/speaker-for-h850-130db\\\/#primaryimage\"},\"thumbnailUrl\":\"https:\\\/\\\/www.ghostysky.com\\\/wp-content\\\/uploads\\\/2022\\\/10\\\/YUNCZMP130V2EU-speaker04.webp\",\"datePublished\":\"2022-10-14T18:58:35+00:00\",\"dateModified\":\"2023-04-03T19:27:45+00:00\",\"description\":\"The new H850-RTK loudspeaker is a long-range acoustic device (LRAD) for H850-RTK.\",\"breadcrumb\":{\"@id\":\"https:\\\/\\\/www.ghostysky.com\\\/product\\\/speaker-for-h850-130db\\\/#breadcrumb\"},\"inLanguage\":\"pt-PT\",\"potentialAction\":[{\"@type\":\"ReadAction\",\"target\":[\"https:\\\/\\\/www.ghostysky.com\\\/product\\\/speaker-for-h850-130db\\\/\"]}]},{\"@type\":\"ImageObject\",\"inLanguage\":\"pt-PT\",\"@id\":\"https:\\\/\\\/www.ghostysky.com\\\/product\\\/speaker-for-h850-130db\\\/#primaryimage\",\"url\":\"https:\\\/\\\/www.ghostysky.com\\\/wp-content\\\/uploads\\\/2022\\\/10\\\/YUNCZMP130V2EU-speaker04.webp\",\"contentUrl\":\"https:\\\/\\\/www.ghostysky.com\\\/wp-content\\\/uploads\\\/2022\\\/10\\\/YUNCZMP130V2EU-speaker04.webp\",\"width\":1500,\"height\":1279},{\"@type\":\"BreadcrumbList\",\"@id\":\"https:\\\/\\\/www.ghostysky.com\\\/product\\\/speaker-for-h850-130db\\\/#breadcrumb\",\"itemListElement\":[{\"@type\":\"ListItem\",\"position\":1,\"name\":\"Home\",\"item\":\"https:\\\/\\\/www.ghostysky.com\\\/\"},{\"@type\":\"ListItem\",\"position\":2,\"name\":\"Shop\",\"item\":\"https:\\\/\\\/www.ghostysky.com\\\/shop\\\/\"},{\"@type\":\"ListItem\",\"position\":3,\"name\":\"Speaker for H850 (130dB)\"}]},{\"@type\":\"WebSite\",\"@id\":\"https:\\\/\\\/www.ghostysky.com\\\/#website\",\"url\":\"https:\\\/\\\/www.ghostysky.com\\\/\",\"name\":\"Ghostysky\",\"description\":\"Delivering professional drones and services\",\"publisher\":{\"@id\":\"https:\\\/\\\/www.ghostysky.com\\\/#organization\"},\"potentialAction\":[{\"@type\":\"SearchAction\",\"target\":{\"@type\":\"EntryPoint\",\"urlTemplate\":\"https:\\\/\\\/www.ghostysky.com\\\/?s={search_term_string}\"},\"query-input\":{\"@type\":\"PropertyValueSpecification\",\"valueRequired\":true,\"valueName\":\"search_term_string\"}}],\"inLanguage\":\"pt-PT\"},{\"@type\":\"Organization\",\"@id\":\"https:\\\/\\\/www.ghostysky.com\\\/#organization\",\"name\":\"Ghostysky\",\"url\":\"https:\\\/\\\/www.ghostysky.com\\\/\",\"logo\":{\"@type\":\"ImageObject\",\"inLanguage\":\"pt-PT\",\"@id\":\"https:\\\/\\\/www.ghostysky.com\\\/#\\\/schema\\\/logo\\\/image\\\/\",\"url\":\"https:\\\/\\\/www.ghostysky.com\\\/wp-content\\\/uploads\\\/2020\\\/06\\\/cropped-ghostyskylogo_text_white2.png\",\"contentUrl\":\"https:\\\/\\\/www.ghostysky.com\\\/wp-content\\\/uploads\\\/2020\\\/06\\\/cropped-ghostyskylogo_text_white2.png\",\"width\":169,\"height\":56,\"caption\":\"Ghostysky\"},\"image\":{\"@id\":\"https:\\\/\\\/www.ghostysky.com\\\/#\\\/schema\\\/logo\\\/image\\\/\"},\"sameAs\":[\"https:\\\/\\\/www.facebook.com\\\/people\\\/Ghostysky\\\/100057676170234\\\/\",\"https:\\\/\\\/x.com\\\/Gh0stysky\",\"https:\\\/\\\/www.linkedin.com\\\/company\\\/34739653\",\"https:\\\/\\\/www.instagram.com\\\/gh0stysky\"]}]}<\/script>\n<!-- \/ Yoast SEO plugin. -->","yoast_head_json":{"title":"Alto-falante para H850 (130dB) -","description":"O novo altifalante H850-RTK \u00e9 um dispositivo ac\u00fastico de longo alcance (LRAD) para o Yuneec H850-RTK.","robots":{"index":"index","follow":"follow","max-snippet":"max-snippet:-1","max-image-preview":"max-image-preview:large","max-video-preview":"max-video-preview:-1"},"canonical":"https:\/\/www.ghostysky.com\/pt\/produto-2\/speaker-for-h850-130db\/","og_locale":"pt_PT","og_type":"article","og_title":"Speaker for H850 (130dB) -","og_description":"The new H850-RTK loudspeaker is a long-range acoustic device (LRAD) for H850-RTK.","og_url":"https:\/\/www.ghostysky.com\/pt\/produto-2\/speaker-for-h850-130db\/","og_site_name":"Ghostysky","article_publisher":"https:\/\/www.facebook.com\/people\/Ghostysky\/100057676170234\/","article_modified_time":"2023-04-03T19:27:45+00:00","og_image":[{"width":1500,"height":1279,"url":"https:\/\/www.ghostysky.com\/wp-content\/uploads\/2022\/10\/YUNCZMP130V2EU-speaker04.webp","type":"image\/webp"}],"twitter_card":"summary_large_image","twitter_site":"@Gh0stysky","twitter_misc":{"Tempo estimado de leitura":"1 minuto"},"schema":{"@context":"https:\/\/schema.org","@graph":[{"@type":"WebPage","@id":"https:\/\/www.ghostysky.com\/product\/speaker-for-h850-130db\/","url":"https:\/\/www.ghostysky.com\/product\/speaker-for-h850-130db\/","name":"Alto-falante para H850 (130dB) -","isPartOf":{"@id":"https:\/\/www.ghostysky.com\/#website"},"primaryImageOfPage":{"@id":"https:\/\/www.ghostysky.com\/product\/speaker-for-h850-130db\/#primaryimage"},"image":{"@id":"https:\/\/www.ghostysky.com\/product\/speaker-for-h850-130db\/#primaryimage"},"thumbnailUrl":"https:\/\/www.ghostysky.com\/wp-content\/uploads\/2022\/10\/YUNCZMP130V2EU-speaker04.webp","datePublished":"2022-10-14T18:58:35+00:00","dateModified":"2023-04-03T19:27:45+00:00","description":"O novo altifalante H850-RTK \u00e9 um dispositivo ac\u00fastico de longo alcance (LRAD) para o Yuneec H850-RTK.","breadcrumb":{"@id":"https:\/\/www.ghostysky.com\/product\/speaker-for-h850-130db\/#breadcrumb"},"inLanguage":"pt-PT","potentialAction":[{"@type":"ReadAction","target":["https:\/\/www.ghostysky.com\/product\/speaker-for-h850-130db\/"]}]},{"@type":"ImageObject","inLanguage":"pt-PT","@id":"https:\/\/www.ghostysky.com\/product\/speaker-for-h850-130db\/#primaryimage","url":"https:\/\/www.ghostysky.com\/wp-content\/uploads\/2022\/10\/YUNCZMP130V2EU-speaker04.webp","contentUrl":"https:\/\/www.ghostysky.com\/wp-content\/uploads\/2022\/10\/YUNCZMP130V2EU-speaker04.webp","width":1500,"height":1279},{"@type":"BreadcrumbList","@id":"https:\/\/www.ghostysky.com\/product\/speaker-for-h850-130db\/#breadcrumb","itemListElement":[{"@type":"ListItem","position":1,"name":"Home","item":"https:\/\/www.ghostysky.com\/"},{"@type":"ListItem","position":2,"name":"Shop","item":"https:\/\/www.ghostysky.com\/shop\/"},{"@type":"ListItem","position":3,"name":"Speaker for H850 (130dB)"}]},{"@type":"WebSite","@id":"https:\/\/www.ghostysky.com\/#website","url":"https:\/\/www.ghostysky.com\/","name":"Ghostysky","description":"Fornecendo drones e servi\u00e7os profissionais","publisher":{"@id":"https:\/\/www.ghostysky.com\/#organization"},"potentialAction":[{"@type":"SearchAction","target":{"@type":"EntryPoint","urlTemplate":"https:\/\/www.ghostysky.com\/?s={search_term_string}"},"query-input":{"@type":"PropertyValueSpecification","valueRequired":true,"valueName":"search_term_string"}}],"inLanguage":"pt-PT"},{"@type":"Organization","@id":"https:\/\/www.ghostysky.com\/#organization","name":"Ghostysky","url":"https:\/\/www.ghostysky.com\/","logo":{"@type":"ImageObject","inLanguage":"pt-PT","@id":"https:\/\/www.ghostysky.com\/#\/schema\/logo\/image\/","url":"https:\/\/www.ghostysky.com\/wp-content\/uploads\/2020\/06\/cropped-ghostyskylogo_text_white2.png","contentUrl":"https:\/\/www.ghostysky.com\/wp-content\/uploads\/2020\/06\/cropped-ghostyskylogo_text_white2.png","width":169,"height":56,"caption":"Ghostysky"},"image":{"@id":"https:\/\/www.ghostysky.com\/#\/schema\/logo\/image\/"},"sameAs":["https:\/\/www.facebook.com\/people\/Ghostysky\/100057676170234\/","https:\/\/x.com\/Gh0stysky","https:\/\/www.linkedin.com\/company\/34739653","https:\/\/www.instagram.com\/gh0stysky"]}]}},"_links":{"self":[{"href":"https:\/\/www.ghostysky.com\/pt\/wp-json\/wp\/v2\/product\/10304","targetHints":{"allow":["GET"]}}],"collection":[{"href":"https:\/\/www.ghostysky.com\/pt\/wp-json\/wp\/v2\/product"}],"about":[{"href":"https:\/\/www.ghostysky.com\/pt\/wp-json\/wp\/v2\/types\/product"}],"replies":[{"embeddable":true,"href":"https:\/\/www.ghostysky.com\/pt\/wp-json\/wp\/v2\/comments?post=10304"}],"version-history":[{"count":0,"href":"https:\/\/www.ghostysky.com\/pt\/wp-json\/wp\/v2\/product\/10304\/revisions"}],"wp:featuredmedia":[{"embeddable":true,"href":"https:\/\/www.ghostysky.com\/pt\/wp-json\/wp\/v2\/media\/10307"}],"wp:attachment":[{"href":"https:\/\/www.ghostysky.com\/pt\/wp-json\/wp\/v2\/media?parent=10304"}],"wp:term":[{"taxonomy":"product_brand","embeddable":true,"href":"https:\/\/www.ghostysky.com\/pt\/wp-json\/wp\/v2\/product_brand?post=10304"},{"taxonomy":"product_cat","embeddable":true,"href":"https:\/\/www.ghostysky.com\/pt\/wp-json\/wp\/v2\/product_cat?post=10304"},{"taxonomy":"product_tag","embeddable":true,"href":"https:\/\/www.ghostysky.com\/pt\/wp-json\/wp\/v2\/product_tag?post=10304"}],"curies":[{"name":"wp","href":"https:\/\/api.w.org\/{rel}","templated":true}]}}