{"id":10326,"date":"2022-10-14T20:01:37","date_gmt":"2022-10-14T20:01:37","guid":{"rendered":"https:\/\/www.ghostysky.com\/?post_type=product&#038;p=10326"},"modified":"2022-12-30T18:38:45","modified_gmt":"2022-12-30T18:38:45","slug":"spotlight-for-h850-120w-13400-lumen","status":"publish","type":"product","link":"https:\/\/www.ghostysky.com\/pt\/product\/spotlight-for-h850-120w-13400-lumen\/","title":{"rendered":"Holofote para H850 (120W\/13400 l\u00famens)"},"content":{"rendered":"<p><strong>Escurecimento linear LED<br \/>\n<\/strong>-Fonte de luz LED de alta pot\u00eancia.<br \/>\n- Pot\u00eancia m\u00e1xima 130W.<br \/>\n-100m de ilumina\u00e7\u00e3o do solo 24lux.<br \/>\n-Ajuste de luz linear.<\/p>\n<p><strong>Nenhum design reflector<br \/>\n<\/strong>-Sem ponto de luz sub-refletor.<br \/>\n-Perda de brilho efectiva reduzida.<br \/>\n-Com modo estrobosc\u00f3pico de luz forte.<br \/>\n-Repuls\u00e3o silenciosa e indica\u00e7\u00e3o de orienta\u00e7\u00e3o.<\/p>","protected":false},"excerpt":{"rendered":"<p>O novo holofote gimbal GL60 Plus para o H850 possui 4 grupos de componentes de imagem \u00f3ptica.<br \/>\nCada grupo \u00e9 composto por 4 lentes, que se conjugam afim de emitir um feixe de luz n\u00edtido num \u00e2ngulo de apenas 15 graus, com brilho e consist\u00eancia de cor.<br \/>\nO valor de ilumina\u00e7\u00e3o do centro de um ponto a 100m \u00e9 de at\u00e9 24lux a 120w. Numa altura de ilumina\u00e7\u00e3o de 150m a \u00e1rea de ilumina\u00e7\u00e3o efetiva de at\u00e9 1225 metros quadrados, o que eleva muito o efeito de ilumina\u00e7\u00e3o do H850 durante a opera\u00e7\u00e3o noturna. O peso do GL60 Plus \u00e9 de apenas 750 gramas e a pot\u00eancia nominal \u00e9 de at\u00e9 120W.<br \/>\nA interface o torna compat\u00edvel com o software Dronepilot.<\/p>","protected":false},"featured_media":10328,"comment_status":"open","ping_status":"closed","template":"","meta":[],"product_brand":[],"product_cat":[119,29,118],"product_tag":[389,232,121],"class_list":{"0":"post-10326","1":"product","2":"type-product","3":"status-publish","4":"has-post-thumbnail","6":"product_cat-yuneec-accessories","7":"product_cat-drones","8":"product_cat-yuneec","9":"product_tag-h850","10":"product_tag-spotlight","11":"product_tag-yuneec","13":"first","14":"onbackorder","15":"taxable","16":"shipping-taxable","17":"purchasable","18":"product-type-simple"},"yoast_head":"<!-- This site is optimized with the Yoast SEO plugin v27.1.1 - https:\/\/yoast.com\/product\/yoast-seo-wordpress\/ -->\n<title>Spotlight for H850 (120W\/13400 lumen) - Ghostysky<\/title>\n<meta name=\"robots\" content=\"index, follow, max-snippet:-1, max-image-preview:large, max-video-preview:-1\" \/>\n<link rel=\"canonical\" href=\"https:\/\/www.ghostysky.com\/pt\/produto-2\/spotlight-for-h850-120w-13400-lumen\/\" \/>\n<meta property=\"og:locale\" content=\"pt_PT\" \/>\n<meta property=\"og:type\" content=\"article\" \/>\n<meta property=\"og:title\" content=\"Spotlight for H850 (120W\/13400 lumen) - Ghostysky\" \/>\n<meta property=\"og:description\" content=\"The new GL60 Plus Gimbal spotlight for H850 has 4 groups of optical imaging components. Each group consists of 4 lenses, which apply to emit a sharp pillar of light at an angle of only 15 degrees, with brightness and color consistency. The illumination value of 100m spot center is up to 24lux at 120w. At 150m illumination height, the effective illumination area is up to 1225 square meters, which greatly elevates the aerial illumination effect of the H850 at night operation. The overall ultra-lightweight design of GL60 Plus, weighs only 750 grams, and the rated power is up to 120W. The interface makes it compatible with our Dronepilot software.\" \/>\n<meta property=\"og:url\" content=\"https:\/\/www.ghostysky.com\/pt\/produto-2\/spotlight-for-h850-120w-13400-lumen\/\" \/>\n<meta property=\"og:site_name\" content=\"Ghostysky\" \/>\n<meta property=\"article:publisher\" content=\"https:\/\/www.facebook.com\/people\/Ghostysky\/100057676170234\/\" \/>\n<meta property=\"article:modified_time\" content=\"2022-12-30T18:38:45+00:00\" \/>\n<meta property=\"og:image\" content=\"https:\/\/www.ghostysky.com\/wp-content\/uploads\/2022\/10\/YUNCZGL60PEU_H850_spotlight.webp\" \/>\n\t<meta property=\"og:image:width\" content=\"2000\" \/>\n\t<meta property=\"og:image:height\" content=\"1333\" \/>\n\t<meta property=\"og:image:type\" content=\"image\/webp\" \/>\n<meta name=\"twitter:card\" content=\"summary_large_image\" \/>\n<meta name=\"twitter:site\" content=\"@Gh0stysky\" \/>\n<script type=\"application\/ld+json\" class=\"yoast-schema-graph\">{\"@context\":\"https:\/\/schema.org\",\"@graph\":[{\"@type\":\"WebPage\",\"@id\":\"https:\/\/www.ghostysky.com\/product\/spotlight-for-h850-120w-13400-lumen\/\",\"url\":\"https:\/\/www.ghostysky.com\/product\/spotlight-for-h850-120w-13400-lumen\/\",\"name\":\"Spotlight for H850 (120W\/13400 lumen) - Ghostysky\",\"isPartOf\":{\"@id\":\"https:\/\/www.ghostysky.com\/#website\"},\"primaryImageOfPage\":{\"@id\":\"https:\/\/www.ghostysky.com\/product\/spotlight-for-h850-120w-13400-lumen\/#primaryimage\"},\"image\":{\"@id\":\"https:\/\/www.ghostysky.com\/product\/spotlight-for-h850-120w-13400-lumen\/#primaryimage\"},\"thumbnailUrl\":\"https:\/\/www.ghostysky.com\/wp-content\/uploads\/2022\/10\/YUNCZGL60PEU_H850_spotlight.webp\",\"datePublished\":\"2022-10-14T20:01:37+00:00\",\"dateModified\":\"2022-12-30T18:38:45+00:00\",\"breadcrumb\":{\"@id\":\"https:\/\/www.ghostysky.com\/product\/spotlight-for-h850-120w-13400-lumen\/#breadcrumb\"},\"inLanguage\":\"pt-PT\",\"potentialAction\":[{\"@type\":\"ReadAction\",\"target\":[\"https:\/\/www.ghostysky.com\/product\/spotlight-for-h850-120w-13400-lumen\/\"]}]},{\"@type\":\"ImageObject\",\"inLanguage\":\"pt-PT\",\"@id\":\"https:\/\/www.ghostysky.com\/product\/spotlight-for-h850-120w-13400-lumen\/#primaryimage\",\"url\":\"https:\/\/www.ghostysky.com\/wp-content\/uploads\/2022\/10\/YUNCZGL60PEU_H850_spotlight.webp\",\"contentUrl\":\"https:\/\/www.ghostysky.com\/wp-content\/uploads\/2022\/10\/YUNCZGL60PEU_H850_spotlight.webp\",\"width\":2000,\"height\":1333},{\"@type\":\"BreadcrumbList\",\"@id\":\"https:\/\/www.ghostysky.com\/product\/spotlight-for-h850-120w-13400-lumen\/#breadcrumb\",\"itemListElement\":[{\"@type\":\"ListItem\",\"position\":1,\"name\":\"Home\",\"item\":\"https:\/\/www.ghostysky.com\/\"},{\"@type\":\"ListItem\",\"position\":2,\"name\":\"Shop\",\"item\":\"https:\/\/www.ghostysky.com\/shop\/\"},{\"@type\":\"ListItem\",\"position\":3,\"name\":\"Spotlight for H850 (120W\/13400 lumen)\"}]},{\"@type\":\"WebSite\",\"@id\":\"https:\/\/www.ghostysky.com\/#website\",\"url\":\"https:\/\/www.ghostysky.com\/\",\"name\":\"Ghostysky\",\"description\":\"Delivering professional drones and services\",\"publisher\":{\"@id\":\"https:\/\/www.ghostysky.com\/#organization\"},\"potentialAction\":[{\"@type\":\"SearchAction\",\"target\":{\"@type\":\"EntryPoint\",\"urlTemplate\":\"https:\/\/www.ghostysky.com\/?s={search_term_string}\"},\"query-input\":{\"@type\":\"PropertyValueSpecification\",\"valueRequired\":true,\"valueName\":\"search_term_string\"}}],\"inLanguage\":\"pt-PT\"},{\"@type\":\"Organization\",\"@id\":\"https:\/\/www.ghostysky.com\/#organization\",\"name\":\"Ghostysky\",\"url\":\"https:\/\/www.ghostysky.com\/\",\"logo\":{\"@type\":\"ImageObject\",\"inLanguage\":\"pt-PT\",\"@id\":\"https:\/\/www.ghostysky.com\/#\/schema\/logo\/image\/\",\"url\":\"https:\/\/www.ghostysky.com\/wp-content\/uploads\/2020\/06\/cropped-ghostyskylogo_text_white2.png\",\"contentUrl\":\"https:\/\/www.ghostysky.com\/wp-content\/uploads\/2020\/06\/cropped-ghostyskylogo_text_white2.png\",\"width\":169,\"height\":56,\"caption\":\"Ghostysky\"},\"image\":{\"@id\":\"https:\/\/www.ghostysky.com\/#\/schema\/logo\/image\/\"},\"sameAs\":[\"https:\/\/www.facebook.com\/people\/Ghostysky\/100057676170234\/\",\"https:\/\/x.com\/Gh0stysky\",\"https:\/\/www.linkedin.com\/company\/34739653\",\"https:\/\/www.instagram.com\/gh0stysky\"]}]}<\/script>\n<!-- \/ Yoast SEO plugin. -->","yoast_head_json":{"title":"Foco para H850 (120W\/13400 l\u00famen) - Ghostysky","robots":{"index":"index","follow":"follow","max-snippet":"max-snippet:-1","max-image-preview":"max-image-preview:large","max-video-preview":"max-video-preview:-1"},"canonical":"https:\/\/www.ghostysky.com\/pt\/produto-2\/spotlight-for-h850-120w-13400-lumen\/","og_locale":"pt_PT","og_type":"article","og_title":"Spotlight for H850 (120W\/13400 lumen) - Ghostysky","og_description":"The new GL60 Plus Gimbal spotlight for H850 has 4 groups of optical imaging components. Each group consists of 4 lenses, which apply to emit a sharp pillar of light at an angle of only 15 degrees, with brightness and color consistency. The illumination value of 100m spot center is up to 24lux at 120w. At 150m illumination height, the effective illumination area is up to 1225 square meters, which greatly elevates the aerial illumination effect of the H850 at night operation. The overall ultra-lightweight design of GL60 Plus, weighs only 750 grams, and the rated power is up to 120W. The interface makes it compatible with our Dronepilot software.","og_url":"https:\/\/www.ghostysky.com\/pt\/produto-2\/spotlight-for-h850-120w-13400-lumen\/","og_site_name":"Ghostysky","article_publisher":"https:\/\/www.facebook.com\/people\/Ghostysky\/100057676170234\/","article_modified_time":"2022-12-30T18:38:45+00:00","og_image":[{"width":2000,"height":1333,"url":"https:\/\/www.ghostysky.com\/wp-content\/uploads\/2022\/10\/YUNCZGL60PEU_H850_spotlight.webp","type":"image\/webp"}],"twitter_card":"summary_large_image","twitter_site":"@Gh0stysky","schema":{"@context":"https:\/\/schema.org","@graph":[{"@type":"WebPage","@id":"https:\/\/www.ghostysky.com\/product\/spotlight-for-h850-120w-13400-lumen\/","url":"https:\/\/www.ghostysky.com\/product\/spotlight-for-h850-120w-13400-lumen\/","name":"Foco para H850 (120W\/13400 l\u00famen) - Ghostysky","isPartOf":{"@id":"https:\/\/www.ghostysky.com\/#website"},"primaryImageOfPage":{"@id":"https:\/\/www.ghostysky.com\/product\/spotlight-for-h850-120w-13400-lumen\/#primaryimage"},"image":{"@id":"https:\/\/www.ghostysky.com\/product\/spotlight-for-h850-120w-13400-lumen\/#primaryimage"},"thumbnailUrl":"https:\/\/www.ghostysky.com\/wp-content\/uploads\/2022\/10\/YUNCZGL60PEU_H850_spotlight.webp","datePublished":"2022-10-14T20:01:37+00:00","dateModified":"2022-12-30T18:38:45+00:00","breadcrumb":{"@id":"https:\/\/www.ghostysky.com\/product\/spotlight-for-h850-120w-13400-lumen\/#breadcrumb"},"inLanguage":"pt-PT","potentialAction":[{"@type":"ReadAction","target":["https:\/\/www.ghostysky.com\/product\/spotlight-for-h850-120w-13400-lumen\/"]}]},{"@type":"ImageObject","inLanguage":"pt-PT","@id":"https:\/\/www.ghostysky.com\/product\/spotlight-for-h850-120w-13400-lumen\/#primaryimage","url":"https:\/\/www.ghostysky.com\/wp-content\/uploads\/2022\/10\/YUNCZGL60PEU_H850_spotlight.webp","contentUrl":"https:\/\/www.ghostysky.com\/wp-content\/uploads\/2022\/10\/YUNCZGL60PEU_H850_spotlight.webp","width":2000,"height":1333},{"@type":"BreadcrumbList","@id":"https:\/\/www.ghostysky.com\/product\/spotlight-for-h850-120w-13400-lumen\/#breadcrumb","itemListElement":[{"@type":"ListItem","position":1,"name":"Home","item":"https:\/\/www.ghostysky.com\/"},{"@type":"ListItem","position":2,"name":"Shop","item":"https:\/\/www.ghostysky.com\/shop\/"},{"@type":"ListItem","position":3,"name":"Spotlight for H850 (120W\/13400 lumen)"}]},{"@type":"WebSite","@id":"https:\/\/www.ghostysky.com\/#website","url":"https:\/\/www.ghostysky.com\/","name":"Ghostysky","description":"Fornecendo drones e servi\u00e7os profissionais","publisher":{"@id":"https:\/\/www.ghostysky.com\/#organization"},"potentialAction":[{"@type":"SearchAction","target":{"@type":"EntryPoint","urlTemplate":"https:\/\/www.ghostysky.com\/?s={search_term_string}"},"query-input":{"@type":"PropertyValueSpecification","valueRequired":true,"valueName":"search_term_string"}}],"inLanguage":"pt-PT"},{"@type":"Organization","@id":"https:\/\/www.ghostysky.com\/#organization","name":"Ghostysky","url":"https:\/\/www.ghostysky.com\/","logo":{"@type":"ImageObject","inLanguage":"pt-PT","@id":"https:\/\/www.ghostysky.com\/#\/schema\/logo\/image\/","url":"https:\/\/www.ghostysky.com\/wp-content\/uploads\/2020\/06\/cropped-ghostyskylogo_text_white2.png","contentUrl":"https:\/\/www.ghostysky.com\/wp-content\/uploads\/2020\/06\/cropped-ghostyskylogo_text_white2.png","width":169,"height":56,"caption":"Ghostysky"},"image":{"@id":"https:\/\/www.ghostysky.com\/#\/schema\/logo\/image\/"},"sameAs":["https:\/\/www.facebook.com\/people\/Ghostysky\/100057676170234\/","https:\/\/x.com\/Gh0stysky","https:\/\/www.linkedin.com\/company\/34739653","https:\/\/www.instagram.com\/gh0stysky"]}]}},"_links":{"self":[{"href":"https:\/\/www.ghostysky.com\/pt\/wp-json\/wp\/v2\/product\/10326","targetHints":{"allow":["GET"]}}],"collection":[{"href":"https:\/\/www.ghostysky.com\/pt\/wp-json\/wp\/v2\/product"}],"about":[{"href":"https:\/\/www.ghostysky.com\/pt\/wp-json\/wp\/v2\/types\/product"}],"replies":[{"embeddable":true,"href":"https:\/\/www.ghostysky.com\/pt\/wp-json\/wp\/v2\/comments?post=10326"}],"wp:featuredmedia":[{"embeddable":true,"href":"https:\/\/www.ghostysky.com\/pt\/wp-json\/wp\/v2\/media\/10328"}],"wp:attachment":[{"href":"https:\/\/www.ghostysky.com\/pt\/wp-json\/wp\/v2\/media?parent=10326"}],"wp:term":[{"taxonomy":"product_brand","embeddable":true,"href":"https:\/\/www.ghostysky.com\/pt\/wp-json\/wp\/v2\/product_brand?post=10326"},{"taxonomy":"product_cat","embeddable":true,"href":"https:\/\/www.ghostysky.com\/pt\/wp-json\/wp\/v2\/product_cat?post=10326"},{"taxonomy":"product_tag","embeddable":true,"href":"https:\/\/www.ghostysky.com\/pt\/wp-json\/wp\/v2\/product_tag?post=10326"}],"curies":[{"name":"wp","href":"https:\/\/api.w.org\/{rel}","templated":true}]}}