{"id":10339,"date":"2022-10-26T08:26:15","date_gmt":"2022-10-26T08:26:15","guid":{"rendered":"https:\/\/www.ghostysky.com\/?post_type=product&#038;p=10339"},"modified":"2025-11-04T14:58:10","modified_gmt":"2025-11-04T14:58:10","slug":"high-altitude-propellers","status":"publish","type":"product","link":"https:\/\/www.ghostysky.com\/pt\/product\/high-altitude-propellers\/","title":{"rendered":"H\u00e9lices de alta altitude"},"content":{"rendered":"<p>As h\u00e9lices de alta altitude s\u00e3o otimizadas para o ar rarefeito de grandes altitudes (1500 a 5000 m). Eles v\u00eam em pares e s\u00e3o montados como substitutos das h\u00e9lices normais, usando as mesmas arruelas e porcas.<\/p>","protected":false},"excerpt":{"rendered":"<p>Devido \u00e0 menor densidade do ar em altitudes mais altas, o WingtraOne voa mais r\u00e1pido com as h\u00e9lices de alta altitude. Embora o tempo de voo seja reduzido, o drone ainda poder\u00e1 cobrir grandes \u00e1reas.<\/p>","protected":false},"featured_media":10340,"comment_status":"open","ping_status":"closed","template":"","meta":[],"product_brand":[1253],"product_cat":[29,163,36],"product_tag":[447,168,39],"class_list":{"0":"post-10339","1":"product","2":"type-product","3":"status-publish","4":"has-post-thumbnail","6":"product_brand-wingtra","7":"product_cat-drones","8":"product_cat-parts","9":"product_cat-wingtraone","10":"product_tag-high-altitude","11":"product_tag-propellers","12":"product_tag-wingtra","14":"first","15":"instock","16":"taxable","17":"shipping-taxable","18":"purchasable","19":"product-type-simple"},"yoast_head":"<!-- This site is optimized with the Yoast SEO plugin v27.1.1 - https:\/\/yoast.com\/product\/yoast-seo-wordpress\/ -->\n<title>High-altitude propellers -<\/title>\n<meta name=\"description\" content=\"Due to the lower air density at higher altitudes, WingtraOne flies faster with the high-altitude propellers. Although the flight time will be reduced, the drone will still be able to cover large areas.\" \/>\n<meta name=\"robots\" content=\"index, follow, max-snippet:-1, max-image-preview:large, max-video-preview:-1\" \/>\n<link rel=\"canonical\" href=\"https:\/\/www.ghostysky.com\/pt\/produto-2\/high-altitude-propellers\/\" \/>\n<meta property=\"og:locale\" content=\"pt_PT\" \/>\n<meta property=\"og:type\" content=\"article\" \/>\n<meta property=\"og:title\" content=\"High-altitude propellers -\" \/>\n<meta property=\"og:description\" content=\"Due to the lower air density at higher altitudes, WingtraOne flies faster with the high-altitude propellers. Although the flight time will be reduced, the drone will still be able to cover large areas.\" \/>\n<meta property=\"og:url\" content=\"https:\/\/www.ghostysky.com\/pt\/produto-2\/high-altitude-propellers\/\" \/>\n<meta property=\"og:site_name\" content=\"Ghostysky\" \/>\n<meta property=\"article:publisher\" content=\"https:\/\/www.facebook.com\/people\/Ghostysky\/100057676170234\/\" \/>\n<meta property=\"article:modified_time\" content=\"2025-11-04T14:58:10+00:00\" \/>\n<meta property=\"og:image\" content=\"https:\/\/www.ghostysky.com\/wp-content\/uploads\/2022\/10\/Wingtra_High_Altitude_Propellers.jpeg\" \/>\n\t<meta property=\"og:image:width\" content=\"688\" \/>\n\t<meta property=\"og:image:height\" content=\"242\" \/>\n\t<meta property=\"og:image:type\" content=\"image\/jpeg\" \/>\n<meta name=\"twitter:card\" content=\"summary_large_image\" \/>\n<meta name=\"twitter:site\" content=\"@Gh0stysky\" \/>\n<meta name=\"twitter:label1\" content=\"Tempo estimado de leitura\" \/>\n\t<meta name=\"twitter:data1\" content=\"1 minuto\" \/>\n<script type=\"application\/ld+json\" class=\"yoast-schema-graph\">{\"@context\":\"https:\/\/schema.org\",\"@graph\":[{\"@type\":\"WebPage\",\"@id\":\"https:\/\/www.ghostysky.com\/product\/high-altitude-propellers\/\",\"url\":\"https:\/\/www.ghostysky.com\/product\/high-altitude-propellers\/\",\"name\":\"High-altitude propellers -\",\"isPartOf\":{\"@id\":\"https:\/\/www.ghostysky.com\/#website\"},\"primaryImageOfPage\":{\"@id\":\"https:\/\/www.ghostysky.com\/product\/high-altitude-propellers\/#primaryimage\"},\"image\":{\"@id\":\"https:\/\/www.ghostysky.com\/product\/high-altitude-propellers\/#primaryimage\"},\"thumbnailUrl\":\"https:\/\/www.ghostysky.com\/wp-content\/uploads\/2022\/10\/Wingtra_High_Altitude_Propellers.jpeg\",\"datePublished\":\"2022-10-26T08:26:15+00:00\",\"dateModified\":\"2025-11-04T14:58:10+00:00\",\"description\":\"Due to the lower air density at higher altitudes, WingtraOne flies faster with the high-altitude propellers. Although the flight time will be reduced, the drone will still be able to cover large areas.\",\"breadcrumb\":{\"@id\":\"https:\/\/www.ghostysky.com\/product\/high-altitude-propellers\/#breadcrumb\"},\"inLanguage\":\"pt-PT\",\"potentialAction\":[{\"@type\":\"ReadAction\",\"target\":[\"https:\/\/www.ghostysky.com\/product\/high-altitude-propellers\/\"]}]},{\"@type\":\"ImageObject\",\"inLanguage\":\"pt-PT\",\"@id\":\"https:\/\/www.ghostysky.com\/product\/high-altitude-propellers\/#primaryimage\",\"url\":\"https:\/\/www.ghostysky.com\/wp-content\/uploads\/2022\/10\/Wingtra_High_Altitude_Propellers.jpeg\",\"contentUrl\":\"https:\/\/www.ghostysky.com\/wp-content\/uploads\/2022\/10\/Wingtra_High_Altitude_Propellers.jpeg\",\"width\":688,\"height\":242},{\"@type\":\"BreadcrumbList\",\"@id\":\"https:\/\/www.ghostysky.com\/product\/high-altitude-propellers\/#breadcrumb\",\"itemListElement\":[{\"@type\":\"ListItem\",\"position\":1,\"name\":\"Home\",\"item\":\"https:\/\/www.ghostysky.com\/\"},{\"@type\":\"ListItem\",\"position\":2,\"name\":\"Shop\",\"item\":\"https:\/\/www.ghostysky.com\/shop\/\"},{\"@type\":\"ListItem\",\"position\":3,\"name\":\"High-altitude propellers\"}]},{\"@type\":\"WebSite\",\"@id\":\"https:\/\/www.ghostysky.com\/#website\",\"url\":\"https:\/\/www.ghostysky.com\/\",\"name\":\"Ghostysky\",\"description\":\"Delivering professional drones and services\",\"publisher\":{\"@id\":\"https:\/\/www.ghostysky.com\/#organization\"},\"potentialAction\":[{\"@type\":\"SearchAction\",\"target\":{\"@type\":\"EntryPoint\",\"urlTemplate\":\"https:\/\/www.ghostysky.com\/?s={search_term_string}\"},\"query-input\":{\"@type\":\"PropertyValueSpecification\",\"valueRequired\":true,\"valueName\":\"search_term_string\"}}],\"inLanguage\":\"pt-PT\"},{\"@type\":\"Organization\",\"@id\":\"https:\/\/www.ghostysky.com\/#organization\",\"name\":\"Ghostysky\",\"url\":\"https:\/\/www.ghostysky.com\/\",\"logo\":{\"@type\":\"ImageObject\",\"inLanguage\":\"pt-PT\",\"@id\":\"https:\/\/www.ghostysky.com\/#\/schema\/logo\/image\/\",\"url\":\"https:\/\/www.ghostysky.com\/wp-content\/uploads\/2020\/06\/cropped-ghostyskylogo_text_white2.png\",\"contentUrl\":\"https:\/\/www.ghostysky.com\/wp-content\/uploads\/2020\/06\/cropped-ghostyskylogo_text_white2.png\",\"width\":169,\"height\":56,\"caption\":\"Ghostysky\"},\"image\":{\"@id\":\"https:\/\/www.ghostysky.com\/#\/schema\/logo\/image\/\"},\"sameAs\":[\"https:\/\/www.facebook.com\/people\/Ghostysky\/100057676170234\/\",\"https:\/\/x.com\/Gh0stysky\",\"https:\/\/www.linkedin.com\/company\/34739653\",\"https:\/\/www.instagram.com\/gh0stysky\"]}]}<\/script>\n<!-- \/ Yoast SEO plugin. -->","yoast_head_json":{"title":"H\u00e9lices de alta altitude -","description":"Devido \u00e0 menor densidade do ar em altitudes mais altas, o WingtraOne voa mais r\u00e1pido com as h\u00e9lices de alta altitude. Embora o tempo de voo seja reduzido, o drone ainda poder\u00e1 cobrir grandes \u00e1reas.","robots":{"index":"index","follow":"follow","max-snippet":"max-snippet:-1","max-image-preview":"max-image-preview:large","max-video-preview":"max-video-preview:-1"},"canonical":"https:\/\/www.ghostysky.com\/pt\/produto-2\/high-altitude-propellers\/","og_locale":"pt_PT","og_type":"article","og_title":"High-altitude propellers -","og_description":"Due to the lower air density at higher altitudes, WingtraOne flies faster with the high-altitude propellers. Although the flight time will be reduced, the drone will still be able to cover large areas.","og_url":"https:\/\/www.ghostysky.com\/pt\/produto-2\/high-altitude-propellers\/","og_site_name":"Ghostysky","article_publisher":"https:\/\/www.facebook.com\/people\/Ghostysky\/100057676170234\/","article_modified_time":"2025-11-04T14:58:10+00:00","og_image":[{"width":688,"height":242,"url":"https:\/\/www.ghostysky.com\/wp-content\/uploads\/2022\/10\/Wingtra_High_Altitude_Propellers.jpeg","type":"image\/jpeg"}],"twitter_card":"summary_large_image","twitter_site":"@Gh0stysky","twitter_misc":{"Tempo estimado de leitura":"1 minuto"},"schema":{"@context":"https:\/\/schema.org","@graph":[{"@type":"WebPage","@id":"https:\/\/www.ghostysky.com\/product\/high-altitude-propellers\/","url":"https:\/\/www.ghostysky.com\/product\/high-altitude-propellers\/","name":"H\u00e9lices de alta altitude -","isPartOf":{"@id":"https:\/\/www.ghostysky.com\/#website"},"primaryImageOfPage":{"@id":"https:\/\/www.ghostysky.com\/product\/high-altitude-propellers\/#primaryimage"},"image":{"@id":"https:\/\/www.ghostysky.com\/product\/high-altitude-propellers\/#primaryimage"},"thumbnailUrl":"https:\/\/www.ghostysky.com\/wp-content\/uploads\/2022\/10\/Wingtra_High_Altitude_Propellers.jpeg","datePublished":"2022-10-26T08:26:15+00:00","dateModified":"2025-11-04T14:58:10+00:00","description":"Devido \u00e0 menor densidade do ar em altitudes mais altas, o WingtraOne voa mais r\u00e1pido com as h\u00e9lices de alta altitude. Embora o tempo de voo seja reduzido, o drone ainda poder\u00e1 cobrir grandes \u00e1reas.","breadcrumb":{"@id":"https:\/\/www.ghostysky.com\/product\/high-altitude-propellers\/#breadcrumb"},"inLanguage":"pt-PT","potentialAction":[{"@type":"ReadAction","target":["https:\/\/www.ghostysky.com\/product\/high-altitude-propellers\/"]}]},{"@type":"ImageObject","inLanguage":"pt-PT","@id":"https:\/\/www.ghostysky.com\/product\/high-altitude-propellers\/#primaryimage","url":"https:\/\/www.ghostysky.com\/wp-content\/uploads\/2022\/10\/Wingtra_High_Altitude_Propellers.jpeg","contentUrl":"https:\/\/www.ghostysky.com\/wp-content\/uploads\/2022\/10\/Wingtra_High_Altitude_Propellers.jpeg","width":688,"height":242},{"@type":"BreadcrumbList","@id":"https:\/\/www.ghostysky.com\/product\/high-altitude-propellers\/#breadcrumb","itemListElement":[{"@type":"ListItem","position":1,"name":"Home","item":"https:\/\/www.ghostysky.com\/"},{"@type":"ListItem","position":2,"name":"Shop","item":"https:\/\/www.ghostysky.com\/shop\/"},{"@type":"ListItem","position":3,"name":"High-altitude propellers"}]},{"@type":"WebSite","@id":"https:\/\/www.ghostysky.com\/#website","url":"https:\/\/www.ghostysky.com\/","name":"Ghostysky","description":"Fornecendo drones e servi\u00e7os profissionais","publisher":{"@id":"https:\/\/www.ghostysky.com\/#organization"},"potentialAction":[{"@type":"SearchAction","target":{"@type":"EntryPoint","urlTemplate":"https:\/\/www.ghostysky.com\/?s={search_term_string}"},"query-input":{"@type":"PropertyValueSpecification","valueRequired":true,"valueName":"search_term_string"}}],"inLanguage":"pt-PT"},{"@type":"Organization","@id":"https:\/\/www.ghostysky.com\/#organization","name":"Ghostysky","url":"https:\/\/www.ghostysky.com\/","logo":{"@type":"ImageObject","inLanguage":"pt-PT","@id":"https:\/\/www.ghostysky.com\/#\/schema\/logo\/image\/","url":"https:\/\/www.ghostysky.com\/wp-content\/uploads\/2020\/06\/cropped-ghostyskylogo_text_white2.png","contentUrl":"https:\/\/www.ghostysky.com\/wp-content\/uploads\/2020\/06\/cropped-ghostyskylogo_text_white2.png","width":169,"height":56,"caption":"Ghostysky"},"image":{"@id":"https:\/\/www.ghostysky.com\/#\/schema\/logo\/image\/"},"sameAs":["https:\/\/www.facebook.com\/people\/Ghostysky\/100057676170234\/","https:\/\/x.com\/Gh0stysky","https:\/\/www.linkedin.com\/company\/34739653","https:\/\/www.instagram.com\/gh0stysky"]}]}},"_links":{"self":[{"href":"https:\/\/www.ghostysky.com\/pt\/wp-json\/wp\/v2\/product\/10339","targetHints":{"allow":["GET"]}}],"collection":[{"href":"https:\/\/www.ghostysky.com\/pt\/wp-json\/wp\/v2\/product"}],"about":[{"href":"https:\/\/www.ghostysky.com\/pt\/wp-json\/wp\/v2\/types\/product"}],"replies":[{"embeddable":true,"href":"https:\/\/www.ghostysky.com\/pt\/wp-json\/wp\/v2\/comments?post=10339"}],"wp:featuredmedia":[{"embeddable":true,"href":"https:\/\/www.ghostysky.com\/pt\/wp-json\/wp\/v2\/media\/10340"}],"wp:attachment":[{"href":"https:\/\/www.ghostysky.com\/pt\/wp-json\/wp\/v2\/media?parent=10339"}],"wp:term":[{"taxonomy":"product_brand","embeddable":true,"href":"https:\/\/www.ghostysky.com\/pt\/wp-json\/wp\/v2\/product_brand?post=10339"},{"taxonomy":"product_cat","embeddable":true,"href":"https:\/\/www.ghostysky.com\/pt\/wp-json\/wp\/v2\/product_cat?post=10339"},{"taxonomy":"product_tag","embeddable":true,"href":"https:\/\/www.ghostysky.com\/pt\/wp-json\/wp\/v2\/product_tag?post=10339"}],"curies":[{"name":"wp","href":"https:\/\/api.w.org\/{rel}","templated":true}]}}