{"id":10360,"date":"2022-11-04T15:29:24","date_gmt":"2022-11-04T15:29:24","guid":{"rendered":"https:\/\/www.ghostysky.com\/?post_type=product&#038;p=10360"},"modified":"2026-03-24T14:58:47","modified_gmt":"2026-03-24T14:58:47","slug":"reach-m2-m-lora-radio","status":"publish","type":"product","link":"https:\/\/www.ghostysky.com\/pt\/product\/reach-m2-m-lora-radio\/","title":{"rendered":"Reach M2\/M+ LoRa r\u00e1dio"},"content":{"rendered":"<h4>O pacote inclui<\/h4>\n<p>\u2013 R\u00e1dio LoRa<br \/>\n\u2013 Antena<br \/>\n\u2013 Cabo para conex\u00e3o a M2\/M+<\/p>\n<p>Requer ReachView 2.15.3 ou superior.<\/p>\n<p>N\u00e3o \u00e9 compat\u00edvel com o Reach original, baseado em Edison.<\/p>","protected":false},"excerpt":{"rendered":"<p>O r\u00e1dio LoRa permite que o Reach M2 e M+ recebam corre\u00e7\u00f5es do Reach RS2 e RS+.<\/p>\n<p>Frequ\u00eancia: 862-1020 MHz<br \/>\nPot\u00eancia de sa\u00edda: 100 mW<br \/>\nAlcance de transmiss\u00e3o: at\u00e9 8 km<br \/>\nConector da antena: RP-SMA<br \/>\nPeso: 17gr, 32gr com antena<br \/>\nTamanho: 50x29x19,6mm<\/p>","protected":false},"featured_media":10361,"comment_status":"open","ping_status":"closed","template":"","meta":[],"product_brand":[],"product_cat":[367,89,30],"product_tag":[449,58,448],"class_list":{"0":"post-10360","1":"product","2":"type-product","3":"status-publish","4":"has-post-thumbnail","6":"product_cat-accessories-emlid","7":"product_cat-emlid","8":"product_cat-mobile-station","9":"product_tag-accessories-emlid","10":"product_tag-emlid","11":"product_tag-lora-radio","13":"first","14":"onbackorder","15":"taxable","16":"shipping-taxable","17":"purchasable","18":"product-type-simple"},"yoast_head":"<!-- This site is optimized with the Yoast SEO plugin v27.1.1 - https:\/\/yoast.com\/product\/yoast-seo-wordpress\/ -->\n<title>Reach M2\/M+ LoRa radio -<\/title>\n<meta name=\"description\" content=\"LoRa radio allows Reach M2 and M+ to receive corrections from Reach RS2 and RS+.Frequency: 862-1020 MHz Output power: 100 mW\" \/>\n<meta name=\"robots\" content=\"index, follow, max-snippet:-1, max-image-preview:large, max-video-preview:-1\" \/>\n<link rel=\"canonical\" href=\"https:\/\/www.ghostysky.com\/pt\/produto-2\/reach-m2-m-lora-radio\/\" \/>\n<meta property=\"og:locale\" content=\"pt_PT\" \/>\n<meta property=\"og:type\" content=\"article\" \/>\n<meta property=\"og:title\" content=\"Reach M2\/M+ LoRa radio -\" \/>\n<meta property=\"og:description\" content=\"LoRa radio allows Reach M2 and M+ to receive corrections from Reach RS2 and RS+.Frequency: 862-1020 MHz Output power: 100 mW\" \/>\n<meta property=\"og:url\" content=\"https:\/\/www.ghostysky.com\/pt\/produto-2\/reach-m2-m-lora-radio\/\" \/>\n<meta property=\"og:site_name\" content=\"Ghostysky\" \/>\n<meta property=\"article:publisher\" content=\"https:\/\/www.facebook.com\/people\/Ghostysky\/100057676170234\/\" \/>\n<meta property=\"article:modified_time\" content=\"2026-03-24T14:58:47+00:00\" \/>\n<meta property=\"og:image\" content=\"https:\/\/www.ghostysky.com\/wp-content\/uploads\/2022\/11\/Lora-main1.png\" \/>\n\t<meta property=\"og:image:width\" content=\"800\" \/>\n\t<meta property=\"og:image:height\" content=\"800\" \/>\n\t<meta property=\"og:image:type\" content=\"image\/png\" \/>\n<meta name=\"twitter:card\" content=\"summary_large_image\" \/>\n<meta name=\"twitter:site\" content=\"@Gh0stysky\" \/>\n<meta name=\"twitter:label1\" content=\"Tempo estimado de leitura\" \/>\n\t<meta name=\"twitter:data1\" content=\"1 minuto\" \/>\n<script type=\"application\/ld+json\" class=\"yoast-schema-graph\">{\"@context\":\"https:\/\/schema.org\",\"@graph\":[{\"@type\":\"WebPage\",\"@id\":\"https:\/\/www.ghostysky.com\/product\/reach-m2-m-lora-radio\/\",\"url\":\"https:\/\/www.ghostysky.com\/product\/reach-m2-m-lora-radio\/\",\"name\":\"Reach M2\/M+ LoRa radio -\",\"isPartOf\":{\"@id\":\"https:\/\/www.ghostysky.com\/#website\"},\"primaryImageOfPage\":{\"@id\":\"https:\/\/www.ghostysky.com\/product\/reach-m2-m-lora-radio\/#primaryimage\"},\"image\":{\"@id\":\"https:\/\/www.ghostysky.com\/product\/reach-m2-m-lora-radio\/#primaryimage\"},\"thumbnailUrl\":\"https:\/\/www.ghostysky.com\/wp-content\/uploads\/2022\/11\/Lora-main1.png\",\"datePublished\":\"2022-11-04T15:29:24+00:00\",\"dateModified\":\"2026-03-24T14:58:47+00:00\",\"description\":\"LoRa radio allows Reach M2 and M+ to receive corrections from Reach RS2 and RS+.Frequency: 862-1020 MHz Output power: 100 mW\",\"breadcrumb\":{\"@id\":\"https:\/\/www.ghostysky.com\/product\/reach-m2-m-lora-radio\/#breadcrumb\"},\"inLanguage\":\"pt-PT\",\"potentialAction\":[{\"@type\":\"ReadAction\",\"target\":[\"https:\/\/www.ghostysky.com\/product\/reach-m2-m-lora-radio\/\"]}]},{\"@type\":\"ImageObject\",\"inLanguage\":\"pt-PT\",\"@id\":\"https:\/\/www.ghostysky.com\/product\/reach-m2-m-lora-radio\/#primaryimage\",\"url\":\"https:\/\/www.ghostysky.com\/wp-content\/uploads\/2022\/11\/Lora-main1.png\",\"contentUrl\":\"https:\/\/www.ghostysky.com\/wp-content\/uploads\/2022\/11\/Lora-main1.png\",\"width\":800,\"height\":800},{\"@type\":\"BreadcrumbList\",\"@id\":\"https:\/\/www.ghostysky.com\/product\/reach-m2-m-lora-radio\/#breadcrumb\",\"itemListElement\":[{\"@type\":\"ListItem\",\"position\":1,\"name\":\"Home\",\"item\":\"https:\/\/www.ghostysky.com\/\"},{\"@type\":\"ListItem\",\"position\":2,\"name\":\"Shop\",\"item\":\"https:\/\/www.ghostysky.com\/shop\/\"},{\"@type\":\"ListItem\",\"position\":3,\"name\":\"Reach M2\/M+ LoRa radio\"}]},{\"@type\":\"WebSite\",\"@id\":\"https:\/\/www.ghostysky.com\/#website\",\"url\":\"https:\/\/www.ghostysky.com\/\",\"name\":\"Ghostysky\",\"description\":\"Delivering professional drones and services\",\"publisher\":{\"@id\":\"https:\/\/www.ghostysky.com\/#organization\"},\"potentialAction\":[{\"@type\":\"SearchAction\",\"target\":{\"@type\":\"EntryPoint\",\"urlTemplate\":\"https:\/\/www.ghostysky.com\/?s={search_term_string}\"},\"query-input\":{\"@type\":\"PropertyValueSpecification\",\"valueRequired\":true,\"valueName\":\"search_term_string\"}}],\"inLanguage\":\"pt-PT\"},{\"@type\":\"Organization\",\"@id\":\"https:\/\/www.ghostysky.com\/#organization\",\"name\":\"Ghostysky\",\"url\":\"https:\/\/www.ghostysky.com\/\",\"logo\":{\"@type\":\"ImageObject\",\"inLanguage\":\"pt-PT\",\"@id\":\"https:\/\/www.ghostysky.com\/#\/schema\/logo\/image\/\",\"url\":\"https:\/\/www.ghostysky.com\/wp-content\/uploads\/2020\/06\/cropped-ghostyskylogo_text_white2.png\",\"contentUrl\":\"https:\/\/www.ghostysky.com\/wp-content\/uploads\/2020\/06\/cropped-ghostyskylogo_text_white2.png\",\"width\":169,\"height\":56,\"caption\":\"Ghostysky\"},\"image\":{\"@id\":\"https:\/\/www.ghostysky.com\/#\/schema\/logo\/image\/\"},\"sameAs\":[\"https:\/\/www.facebook.com\/people\/Ghostysky\/100057676170234\/\",\"https:\/\/x.com\/Gh0stysky\",\"https:\/\/www.linkedin.com\/company\/34739653\",\"https:\/\/www.instagram.com\/gh0stysky\"]}]}<\/script>\n<!-- \/ Yoast SEO plugin. -->","yoast_head_json":{"title":"Alcance r\u00e1dio M2\/M+ LoRa -","description":"O r\u00e1dio LoRa permite que Reach M2 e M+ recebam corre\u00e7\u00f5es de Reach RS2 e RS+.Frequ\u00eancia: 862-1020 MHz Pot\u00eancia de sa\u00edda: 100 mW","robots":{"index":"index","follow":"follow","max-snippet":"max-snippet:-1","max-image-preview":"max-image-preview:large","max-video-preview":"max-video-preview:-1"},"canonical":"https:\/\/www.ghostysky.com\/pt\/produto-2\/reach-m2-m-lora-radio\/","og_locale":"pt_PT","og_type":"article","og_title":"Reach M2\/M+ LoRa radio -","og_description":"LoRa radio allows Reach M2 and M+ to receive corrections from Reach RS2 and RS+.Frequency: 862-1020 MHz Output power: 100 mW","og_url":"https:\/\/www.ghostysky.com\/pt\/produto-2\/reach-m2-m-lora-radio\/","og_site_name":"Ghostysky","article_publisher":"https:\/\/www.facebook.com\/people\/Ghostysky\/100057676170234\/","article_modified_time":"2026-03-24T14:58:47+00:00","og_image":[{"width":800,"height":800,"url":"https:\/\/www.ghostysky.com\/wp-content\/uploads\/2022\/11\/Lora-main1.png","type":"image\/png"}],"twitter_card":"summary_large_image","twitter_site":"@Gh0stysky","twitter_misc":{"Tempo estimado de leitura":"1 minuto"},"schema":{"@context":"https:\/\/schema.org","@graph":[{"@type":"WebPage","@id":"https:\/\/www.ghostysky.com\/product\/reach-m2-m-lora-radio\/","url":"https:\/\/www.ghostysky.com\/product\/reach-m2-m-lora-radio\/","name":"Alcance r\u00e1dio M2\/M+ LoRa -","isPartOf":{"@id":"https:\/\/www.ghostysky.com\/#website"},"primaryImageOfPage":{"@id":"https:\/\/www.ghostysky.com\/product\/reach-m2-m-lora-radio\/#primaryimage"},"image":{"@id":"https:\/\/www.ghostysky.com\/product\/reach-m2-m-lora-radio\/#primaryimage"},"thumbnailUrl":"https:\/\/www.ghostysky.com\/wp-content\/uploads\/2022\/11\/Lora-main1.png","datePublished":"2022-11-04T15:29:24+00:00","dateModified":"2026-03-24T14:58:47+00:00","description":"O r\u00e1dio LoRa permite que Reach M2 e M+ recebam corre\u00e7\u00f5es de Reach RS2 e RS+.Frequ\u00eancia: 862-1020 MHz Pot\u00eancia de sa\u00edda: 100 mW","breadcrumb":{"@id":"https:\/\/www.ghostysky.com\/product\/reach-m2-m-lora-radio\/#breadcrumb"},"inLanguage":"pt-PT","potentialAction":[{"@type":"ReadAction","target":["https:\/\/www.ghostysky.com\/product\/reach-m2-m-lora-radio\/"]}]},{"@type":"ImageObject","inLanguage":"pt-PT","@id":"https:\/\/www.ghostysky.com\/product\/reach-m2-m-lora-radio\/#primaryimage","url":"https:\/\/www.ghostysky.com\/wp-content\/uploads\/2022\/11\/Lora-main1.png","contentUrl":"https:\/\/www.ghostysky.com\/wp-content\/uploads\/2022\/11\/Lora-main1.png","width":800,"height":800},{"@type":"BreadcrumbList","@id":"https:\/\/www.ghostysky.com\/product\/reach-m2-m-lora-radio\/#breadcrumb","itemListElement":[{"@type":"ListItem","position":1,"name":"Home","item":"https:\/\/www.ghostysky.com\/"},{"@type":"ListItem","position":2,"name":"Shop","item":"https:\/\/www.ghostysky.com\/shop\/"},{"@type":"ListItem","position":3,"name":"Reach M2\/M+ LoRa radio"}]},{"@type":"WebSite","@id":"https:\/\/www.ghostysky.com\/#website","url":"https:\/\/www.ghostysky.com\/","name":"Ghostysky","description":"Fornecendo drones e servi\u00e7os profissionais","publisher":{"@id":"https:\/\/www.ghostysky.com\/#organization"},"potentialAction":[{"@type":"SearchAction","target":{"@type":"EntryPoint","urlTemplate":"https:\/\/www.ghostysky.com\/?s={search_term_string}"},"query-input":{"@type":"PropertyValueSpecification","valueRequired":true,"valueName":"search_term_string"}}],"inLanguage":"pt-PT"},{"@type":"Organization","@id":"https:\/\/www.ghostysky.com\/#organization","name":"Ghostysky","url":"https:\/\/www.ghostysky.com\/","logo":{"@type":"ImageObject","inLanguage":"pt-PT","@id":"https:\/\/www.ghostysky.com\/#\/schema\/logo\/image\/","url":"https:\/\/www.ghostysky.com\/wp-content\/uploads\/2020\/06\/cropped-ghostyskylogo_text_white2.png","contentUrl":"https:\/\/www.ghostysky.com\/wp-content\/uploads\/2020\/06\/cropped-ghostyskylogo_text_white2.png","width":169,"height":56,"caption":"Ghostysky"},"image":{"@id":"https:\/\/www.ghostysky.com\/#\/schema\/logo\/image\/"},"sameAs":["https:\/\/www.facebook.com\/people\/Ghostysky\/100057676170234\/","https:\/\/x.com\/Gh0stysky","https:\/\/www.linkedin.com\/company\/34739653","https:\/\/www.instagram.com\/gh0stysky"]}]}},"_links":{"self":[{"href":"https:\/\/www.ghostysky.com\/pt\/wp-json\/wp\/v2\/product\/10360","targetHints":{"allow":["GET"]}}],"collection":[{"href":"https:\/\/www.ghostysky.com\/pt\/wp-json\/wp\/v2\/product"}],"about":[{"href":"https:\/\/www.ghostysky.com\/pt\/wp-json\/wp\/v2\/types\/product"}],"replies":[{"embeddable":true,"href":"https:\/\/www.ghostysky.com\/pt\/wp-json\/wp\/v2\/comments?post=10360"}],"wp:featuredmedia":[{"embeddable":true,"href":"https:\/\/www.ghostysky.com\/pt\/wp-json\/wp\/v2\/media\/10361"}],"wp:attachment":[{"href":"https:\/\/www.ghostysky.com\/pt\/wp-json\/wp\/v2\/media?parent=10360"}],"wp:term":[{"taxonomy":"product_brand","embeddable":true,"href":"https:\/\/www.ghostysky.com\/pt\/wp-json\/wp\/v2\/product_brand?post=10360"},{"taxonomy":"product_cat","embeddable":true,"href":"https:\/\/www.ghostysky.com\/pt\/wp-json\/wp\/v2\/product_cat?post=10360"},{"taxonomy":"product_tag","embeddable":true,"href":"https:\/\/www.ghostysky.com\/pt\/wp-json\/wp\/v2\/product_tag?post=10360"}],"curies":[{"name":"wp","href":"https:\/\/api.w.org\/{rel}","templated":true}]}}