{"id":10535,"date":"2022-12-21T00:08:34","date_gmt":"2022-12-21T00:08:34","guid":{"rendered":"https:\/\/www.ghostysky.com\/?post_type=product&#038;p=10535"},"modified":"2025-12-22T17:21:55","modified_gmt":"2025-12-22T17:21:55","slug":"extension-pole-emlid-reach-rs2-rs2","status":"publish","type":"product","link":"https:\/\/www.ghostysky.com\/pt\/product\/extension-pole-emlid-reach-rs2-rs2\/","title":{"rendered":"Haste extens\u00edvel Emlid"},"content":{"rendered":"<h3>Especifica\u00e7\u00f5es do Produto<\/h3>\n<ul>\n<li><span style=\"text-decoration: underline;\">Extens\u00e3o em carbono:<\/span>: 150mm<\/li>\n<li><span style=\"text-decoration: underline;\">Rosca topo<\/span>: 5\/8\u2033 rosca macho<\/li>\n<li><span style=\"text-decoration: underline;\">Rosca fundo<\/span>: 5\/8\u2033 rosca f\u00eamea<\/li>\n<\/ul>\n<h3>Na caixa<\/h3>\n<ul>\n<li>Extens\u00e3o de alum\u00ednio Emlid 0,15m para Reach RS2\/RS2+.<\/li>\n<li>Bolsa de transporte para extens\u00e3o<\/li>\n<\/ul>","protected":false},"excerpt":{"rendered":"<p><strong>Extens\u00e3o de alum\u00ednio Emlid 0,15m para Reach RS2\/RS2+.<\/strong><\/p>\n<p>A extens\u00e3o de 150 mm para o Reach RS2\u00a0\/RS2+ \u00e9 montada de baixo da antena. \u00c9 utilizada principalmente para garantir que a antena LoRa n\u00e3o fique danificada nos trip\u00e9s.<\/p>","protected":false},"featured_media":10536,"comment_status":"open","ping_status":"closed","template":"","meta":[],"product_brand":[],"product_cat":[367,89,30],"product_tag":[458,457],"class_list":{"0":"post-10535","1":"product","2":"type-product","3":"status-publish","4":"has-post-thumbnail","6":"product_cat-accessories-emlid","7":"product_cat-emlid","8":"product_cat-mobile-station","9":"product_tag-extension-0-15m","10":"product_tag-extension-pole-emlid","12":"first","13":"instock","14":"taxable","15":"shipping-taxable","16":"purchasable","17":"product-type-simple"},"yoast_head":"<!-- This site is optimized with the Yoast SEO plugin v27.1.1 - https:\/\/yoast.com\/product\/yoast-seo-wordpress\/ -->\n<title>Extension Pole Emlid -<\/title>\n<meta name=\"description\" content=\"Emlid aluminum extension pole 0.15m for Reach RS2\/RS2+.The 150mm long extension for the Reach RS2\u00a0\/ RS2+ can be mounted below the GNSS antenna. It is mainly used to ensure that the LoRa antenna does not bend on survey tripods.\" \/>\n<meta name=\"robots\" content=\"index, follow, max-snippet:-1, max-image-preview:large, max-video-preview:-1\" \/>\n<link rel=\"canonical\" href=\"https:\/\/www.ghostysky.com\/pt\/produto-2\/extension-pole-emlid-reach-rs2-rs2\/\" \/>\n<meta property=\"og:locale\" content=\"pt_PT\" \/>\n<meta property=\"og:type\" content=\"article\" \/>\n<meta property=\"og:title\" content=\"Extension Pole Emlid -\" \/>\n<meta property=\"og:description\" content=\"Emlid aluminum extension pole 0.15m for Reach RS2\/RS2+.The 150mm long extension for the Reach RS2\u00a0\/ RS2+ can be mounted below the GNSS antenna. It is mainly used to ensure that the LoRa antenna does not bend on survey tripods.\" \/>\n<meta property=\"og:url\" content=\"https:\/\/www.ghostysky.com\/pt\/produto-2\/extension-pole-emlid-reach-rs2-rs2\/\" \/>\n<meta property=\"og:site_name\" content=\"Ghostysky\" \/>\n<meta property=\"article:publisher\" content=\"https:\/\/www.facebook.com\/people\/Ghostysky\/100057676170234\/\" \/>\n<meta property=\"article:modified_time\" content=\"2025-12-22T17:21:55+00:00\" \/>\n<meta property=\"og:image\" content=\"https:\/\/www.ghostysky.com\/wp-content\/uploads\/2022\/12\/reach-rs2-extension-pole-1.webp\" \/>\n\t<meta property=\"og:image:width\" content=\"600\" \/>\n\t<meta property=\"og:image:height\" content=\"600\" \/>\n\t<meta property=\"og:image:type\" content=\"image\/webp\" \/>\n<meta name=\"twitter:card\" content=\"summary_large_image\" \/>\n<meta name=\"twitter:site\" content=\"@Gh0stysky\" \/>\n<meta name=\"twitter:label1\" content=\"Tempo estimado de leitura\" \/>\n\t<meta name=\"twitter:data1\" content=\"1 minuto\" \/>\n<script type=\"application\/ld+json\" class=\"yoast-schema-graph\">{\"@context\":\"https:\/\/schema.org\",\"@graph\":[{\"@type\":\"WebPage\",\"@id\":\"https:\/\/www.ghostysky.com\/product\/extension-pole-emlid-reach-rs2-rs2\/\",\"url\":\"https:\/\/www.ghostysky.com\/product\/extension-pole-emlid-reach-rs2-rs2\/\",\"name\":\"Extension Pole Emlid -\",\"isPartOf\":{\"@id\":\"https:\/\/www.ghostysky.com\/#website\"},\"primaryImageOfPage\":{\"@id\":\"https:\/\/www.ghostysky.com\/product\/extension-pole-emlid-reach-rs2-rs2\/#primaryimage\"},\"image\":{\"@id\":\"https:\/\/www.ghostysky.com\/product\/extension-pole-emlid-reach-rs2-rs2\/#primaryimage\"},\"thumbnailUrl\":\"https:\/\/www.ghostysky.com\/wp-content\/uploads\/2022\/12\/reach-rs2-extension-pole-1.webp\",\"datePublished\":\"2022-12-21T00:08:34+00:00\",\"dateModified\":\"2025-12-22T17:21:55+00:00\",\"description\":\"Emlid aluminum extension pole 0.15m for Reach RS2\/RS2+.The 150mm long extension for the Reach RS2\u00a0\/ RS2+ can be mounted below the GNSS antenna. It is mainly used to ensure that the LoRa antenna does not bend on survey tripods.\",\"breadcrumb\":{\"@id\":\"https:\/\/www.ghostysky.com\/product\/extension-pole-emlid-reach-rs2-rs2\/#breadcrumb\"},\"inLanguage\":\"pt-PT\",\"potentialAction\":[{\"@type\":\"ReadAction\",\"target\":[\"https:\/\/www.ghostysky.com\/product\/extension-pole-emlid-reach-rs2-rs2\/\"]}]},{\"@type\":\"ImageObject\",\"inLanguage\":\"pt-PT\",\"@id\":\"https:\/\/www.ghostysky.com\/product\/extension-pole-emlid-reach-rs2-rs2\/#primaryimage\",\"url\":\"https:\/\/www.ghostysky.com\/wp-content\/uploads\/2022\/12\/reach-rs2-extension-pole-1.webp\",\"contentUrl\":\"https:\/\/www.ghostysky.com\/wp-content\/uploads\/2022\/12\/reach-rs2-extension-pole-1.webp\",\"width\":600,\"height\":600},{\"@type\":\"BreadcrumbList\",\"@id\":\"https:\/\/www.ghostysky.com\/product\/extension-pole-emlid-reach-rs2-rs2\/#breadcrumb\",\"itemListElement\":[{\"@type\":\"ListItem\",\"position\":1,\"name\":\"Home\",\"item\":\"https:\/\/www.ghostysky.com\/\"},{\"@type\":\"ListItem\",\"position\":2,\"name\":\"Shop\",\"item\":\"https:\/\/www.ghostysky.com\/shop\/\"},{\"@type\":\"ListItem\",\"position\":3,\"name\":\"Extension Pole Emlid\"}]},{\"@type\":\"WebSite\",\"@id\":\"https:\/\/www.ghostysky.com\/#website\",\"url\":\"https:\/\/www.ghostysky.com\/\",\"name\":\"Ghostysky\",\"description\":\"Delivering professional drones and services\",\"publisher\":{\"@id\":\"https:\/\/www.ghostysky.com\/#organization\"},\"potentialAction\":[{\"@type\":\"SearchAction\",\"target\":{\"@type\":\"EntryPoint\",\"urlTemplate\":\"https:\/\/www.ghostysky.com\/?s={search_term_string}\"},\"query-input\":{\"@type\":\"PropertyValueSpecification\",\"valueRequired\":true,\"valueName\":\"search_term_string\"}}],\"inLanguage\":\"pt-PT\"},{\"@type\":\"Organization\",\"@id\":\"https:\/\/www.ghostysky.com\/#organization\",\"name\":\"Ghostysky\",\"url\":\"https:\/\/www.ghostysky.com\/\",\"logo\":{\"@type\":\"ImageObject\",\"inLanguage\":\"pt-PT\",\"@id\":\"https:\/\/www.ghostysky.com\/#\/schema\/logo\/image\/\",\"url\":\"https:\/\/www.ghostysky.com\/wp-content\/uploads\/2020\/06\/cropped-ghostyskylogo_text_white2.png\",\"contentUrl\":\"https:\/\/www.ghostysky.com\/wp-content\/uploads\/2020\/06\/cropped-ghostyskylogo_text_white2.png\",\"width\":169,\"height\":56,\"caption\":\"Ghostysky\"},\"image\":{\"@id\":\"https:\/\/www.ghostysky.com\/#\/schema\/logo\/image\/\"},\"sameAs\":[\"https:\/\/www.facebook.com\/people\/Ghostysky\/100057676170234\/\",\"https:\/\/x.com\/Gh0stysky\",\"https:\/\/www.linkedin.com\/company\/34739653\",\"https:\/\/www.instagram.com\/gh0stysky\"]}]}<\/script>\n<!-- \/ Yoast SEO plugin. -->","yoast_head_json":{"title":"Vara de extens\u00e3o Emlid -","description":"Poste de extens\u00e3o de alum\u00ednio Emlid de 0,15 m para Reach RS2\/RS2+. A extens\u00e3o de 150 mm de comprimento para Reach RS2\/RS2+ pode ser montada abaixo da antena GNSS. \u00c9 usado principalmente para garantir que a antena LoRa n\u00e3o dobre em trip\u00e9s de levantamento.","robots":{"index":"index","follow":"follow","max-snippet":"max-snippet:-1","max-image-preview":"max-image-preview:large","max-video-preview":"max-video-preview:-1"},"canonical":"https:\/\/www.ghostysky.com\/pt\/produto-2\/extension-pole-emlid-reach-rs2-rs2\/","og_locale":"pt_PT","og_type":"article","og_title":"Extension Pole Emlid -","og_description":"Emlid aluminum extension pole 0.15m for Reach RS2\/RS2+.The 150mm long extension for the Reach RS2\u00a0\/ RS2+ can be mounted below the GNSS antenna. It is mainly used to ensure that the LoRa antenna does not bend on survey tripods.","og_url":"https:\/\/www.ghostysky.com\/pt\/produto-2\/extension-pole-emlid-reach-rs2-rs2\/","og_site_name":"Ghostysky","article_publisher":"https:\/\/www.facebook.com\/people\/Ghostysky\/100057676170234\/","article_modified_time":"2025-12-22T17:21:55+00:00","og_image":[{"width":600,"height":600,"url":"https:\/\/www.ghostysky.com\/wp-content\/uploads\/2022\/12\/reach-rs2-extension-pole-1.webp","type":"image\/webp"}],"twitter_card":"summary_large_image","twitter_site":"@Gh0stysky","twitter_misc":{"Tempo estimado de leitura":"1 minuto"},"schema":{"@context":"https:\/\/schema.org","@graph":[{"@type":"WebPage","@id":"https:\/\/www.ghostysky.com\/product\/extension-pole-emlid-reach-rs2-rs2\/","url":"https:\/\/www.ghostysky.com\/product\/extension-pole-emlid-reach-rs2-rs2\/","name":"Vara de extens\u00e3o Emlid -","isPartOf":{"@id":"https:\/\/www.ghostysky.com\/#website"},"primaryImageOfPage":{"@id":"https:\/\/www.ghostysky.com\/product\/extension-pole-emlid-reach-rs2-rs2\/#primaryimage"},"image":{"@id":"https:\/\/www.ghostysky.com\/product\/extension-pole-emlid-reach-rs2-rs2\/#primaryimage"},"thumbnailUrl":"https:\/\/www.ghostysky.com\/wp-content\/uploads\/2022\/12\/reach-rs2-extension-pole-1.webp","datePublished":"2022-12-21T00:08:34+00:00","dateModified":"2025-12-22T17:21:55+00:00","description":"Poste de extens\u00e3o de alum\u00ednio Emlid de 0,15 m para Reach RS2\/RS2+. A extens\u00e3o de 150 mm de comprimento para Reach RS2\/RS2+ pode ser montada abaixo da antena GNSS. \u00c9 usado principalmente para garantir que a antena LoRa n\u00e3o dobre em trip\u00e9s de levantamento.","breadcrumb":{"@id":"https:\/\/www.ghostysky.com\/product\/extension-pole-emlid-reach-rs2-rs2\/#breadcrumb"},"inLanguage":"pt-PT","potentialAction":[{"@type":"ReadAction","target":["https:\/\/www.ghostysky.com\/product\/extension-pole-emlid-reach-rs2-rs2\/"]}]},{"@type":"ImageObject","inLanguage":"pt-PT","@id":"https:\/\/www.ghostysky.com\/product\/extension-pole-emlid-reach-rs2-rs2\/#primaryimage","url":"https:\/\/www.ghostysky.com\/wp-content\/uploads\/2022\/12\/reach-rs2-extension-pole-1.webp","contentUrl":"https:\/\/www.ghostysky.com\/wp-content\/uploads\/2022\/12\/reach-rs2-extension-pole-1.webp","width":600,"height":600},{"@type":"BreadcrumbList","@id":"https:\/\/www.ghostysky.com\/product\/extension-pole-emlid-reach-rs2-rs2\/#breadcrumb","itemListElement":[{"@type":"ListItem","position":1,"name":"Home","item":"https:\/\/www.ghostysky.com\/"},{"@type":"ListItem","position":2,"name":"Shop","item":"https:\/\/www.ghostysky.com\/shop\/"},{"@type":"ListItem","position":3,"name":"Extension Pole Emlid"}]},{"@type":"WebSite","@id":"https:\/\/www.ghostysky.com\/#website","url":"https:\/\/www.ghostysky.com\/","name":"Ghostysky","description":"Fornecendo drones e servi\u00e7os profissionais","publisher":{"@id":"https:\/\/www.ghostysky.com\/#organization"},"potentialAction":[{"@type":"SearchAction","target":{"@type":"EntryPoint","urlTemplate":"https:\/\/www.ghostysky.com\/?s={search_term_string}"},"query-input":{"@type":"PropertyValueSpecification","valueRequired":true,"valueName":"search_term_string"}}],"inLanguage":"pt-PT"},{"@type":"Organization","@id":"https:\/\/www.ghostysky.com\/#organization","name":"Ghostysky","url":"https:\/\/www.ghostysky.com\/","logo":{"@type":"ImageObject","inLanguage":"pt-PT","@id":"https:\/\/www.ghostysky.com\/#\/schema\/logo\/image\/","url":"https:\/\/www.ghostysky.com\/wp-content\/uploads\/2020\/06\/cropped-ghostyskylogo_text_white2.png","contentUrl":"https:\/\/www.ghostysky.com\/wp-content\/uploads\/2020\/06\/cropped-ghostyskylogo_text_white2.png","width":169,"height":56,"caption":"Ghostysky"},"image":{"@id":"https:\/\/www.ghostysky.com\/#\/schema\/logo\/image\/"},"sameAs":["https:\/\/www.facebook.com\/people\/Ghostysky\/100057676170234\/","https:\/\/x.com\/Gh0stysky","https:\/\/www.linkedin.com\/company\/34739653","https:\/\/www.instagram.com\/gh0stysky"]}]}},"_links":{"self":[{"href":"https:\/\/www.ghostysky.com\/pt\/wp-json\/wp\/v2\/product\/10535","targetHints":{"allow":["GET"]}}],"collection":[{"href":"https:\/\/www.ghostysky.com\/pt\/wp-json\/wp\/v2\/product"}],"about":[{"href":"https:\/\/www.ghostysky.com\/pt\/wp-json\/wp\/v2\/types\/product"}],"replies":[{"embeddable":true,"href":"https:\/\/www.ghostysky.com\/pt\/wp-json\/wp\/v2\/comments?post=10535"}],"wp:featuredmedia":[{"embeddable":true,"href":"https:\/\/www.ghostysky.com\/pt\/wp-json\/wp\/v2\/media\/10536"}],"wp:attachment":[{"href":"https:\/\/www.ghostysky.com\/pt\/wp-json\/wp\/v2\/media?parent=10535"}],"wp:term":[{"taxonomy":"product_brand","embeddable":true,"href":"https:\/\/www.ghostysky.com\/pt\/wp-json\/wp\/v2\/product_brand?post=10535"},{"taxonomy":"product_cat","embeddable":true,"href":"https:\/\/www.ghostysky.com\/pt\/wp-json\/wp\/v2\/product_cat?post=10535"},{"taxonomy":"product_tag","embeddable":true,"href":"https:\/\/www.ghostysky.com\/pt\/wp-json\/wp\/v2\/product_tag?post=10535"}],"curies":[{"name":"wp","href":"https:\/\/api.w.org\/{rel}","templated":true}]}}