{"id":10591,"date":"2022-12-30T18:01:53","date_gmt":"2022-12-30T18:01:53","guid":{"rendered":"https:\/\/www.ghostysky.com\/?post_type=product&#038;p=10591"},"modified":"2024-05-26T10:45:32","modified_gmt":"2024-05-26T10:45:32","slug":"h520e-grey-edition-with-2-batteries","status":"publish","type":"product","link":"https:\/\/www.ghostysky.com\/pt\/product\/h520e-grey-edition-with-2-batteries\/","title":{"rendered":"H520E Grey Edition com 2 baterias"},"content":{"rendered":"<p><b>PRINCIPAIS CARACTER\u00cdSTICAS<\/b><\/p>\n<ul>\n<li>Novo poderoso processador de controle de v\u00f4o<\/li>\n<li>Novo conector de bateria com design \u00e0 prova de falhas<\/li>\n<li>Novo m\u00f3dulo OFDM de longo alcance<\/li>\n<li>Projetado para requisitos profissionais, comerciais e governamentais<\/li>\n<li>B\u00fassola de alta precis\u00e3o e baixa interfer\u00eancia<\/li>\n<li>Nova interface de carga \u00fatil de 30 pinos<\/li>\n<li>Sem transfer\u00eancia de dados para servidores externos<\/li>\n<li>Sistema de rotor 6 est\u00e1vel e seguro<\/li>\n<li>Opera\u00e7\u00e3o silenciosa e eficiente em termos de energia<\/li>\n<li>ST16E com tela de toque de 7 &quot;integrada, sa\u00edda de voz e software DataPilot \u2122 abrangente<\/li>\n<li>Sinal HDMI diretamente do CR ST16E para a sa\u00edda da imagem ao vivo do drone em monitores maiores<\/li>\n<li>Planeamento de miss\u00e3o no computador ou CR ST16E<\/li>\n<\/ul>\n<p><strong>Conte\u00fado do pack:<\/strong><\/p>\n<ul>\n<li>H520E Hexacopter com m\u00f3dulo OFDM<\/li>\n<li>2 baterias 4S-6200mAh<\/li>\n<li>carregador da ue<\/li>\n<li>Cabo de carregamento 12v<\/li>\n<li>Transmissor ST16E (tela sens\u00edvel ao toque)<\/li>\n<li>1 bateria ST16E<\/li>\n<li>cabo de carregamento USB<\/li>\n<li>Cobertura de tela de prote\u00e7\u00e3o solar<\/li>\n<li>Al\u00e7a de pesco\u00e7o<\/li>\n<li>Cart\u00e3o SD<\/li>\n<li>Manual do Usu\u00e1rio<\/li>\n<\/ul>\n<div class=\"product--description\">\n<p><strong>Especifica\u00e7\u00f5es t\u00e9cnicas:<\/strong><\/p>\n<\/div>\n<div class=\"product--properties panel has--border\">\n<table class=\"product--properties-table\">\n<tbody>\n<tr class=\"product--properties-row\">\n<td class=\"product--properties-label is--bold\">DRONE:<\/td>\n<td class=\"product--properties-value\">\u2014\u2014\u2014\u2014\u2014<\/td>\n<\/tr>\n<tr class=\"product--properties-row\">\n<td class=\"product--properties-label is--bold\">Peso:<\/td>\n<td class=\"product--properties-value\">1856g (sem c\u00e2mera)<\/td>\n<\/tr>\n<tr class=\"product--properties-row\">\n<td class=\"product--properties-label is--bold\">Tempo M\u00e1ximo de Voo:<\/td>\n<td class=\"product--properties-value\">At\u00e9 25 minutos<\/td>\n<\/tr>\n<tr class=\"product--properties-row\">\n<td class=\"product--properties-label is--bold\">m\u00e1x. Altitude de voo:<\/td>\n<td class=\"product--properties-value\">500 m<\/td>\n<\/tr>\n<tr class=\"product--properties-row\">\n<td class=\"product--properties-label is--bold\">Bateria:<\/td>\n<td class=\"product--properties-value\">4S 6200mAh Li Ion<\/td>\n<\/tr>\n<tr class=\"product--properties-row\">\n<td class=\"product--properties-label is--bold\">Motores:<\/td>\n<td class=\"product--properties-value\">730kV<\/td>\n<\/tr>\n<tr class=\"product--properties-row\">\n<td class=\"product--properties-label is--bold\">Comprimento diagonal:<\/td>\n<td class=\"product--properties-value\">520 mm<\/td>\n<\/tr>\n<tr class=\"product--properties-row\">\n<td class=\"product--properties-label is--bold\">M\u00e1x. Velocidade de subida:<\/td>\n<td class=\"product--properties-value\">4 m\/s<\/td>\n<\/tr>\n<tr class=\"product--properties-row\">\n<td class=\"product--properties-label is--bold\">M\u00e1x. Velocidade de descida:<\/td>\n<td class=\"product--properties-value\">2,5 m \/ s<\/td>\n<\/tr>\n<tr class=\"product--properties-row\">\n<td class=\"product--properties-label is--bold\">Temperaturas de opera\u00e7\u00e3o:<\/td>\n<td class=\"product--properties-value\">0 \u00b0 C - 40 \u00b0 C<\/td>\n<\/tr>\n<tr class=\"product--properties-row\">\n<td class=\"product--properties-label is--bold\">Temperatura de armazenamento:<\/td>\n<td class=\"product--properties-value\">10\u00b0C - 50\u00b0C<\/td>\n<\/tr>\n<tr class=\"product--properties-row\">\n<td class=\"product--properties-label is--bold\">Sensor:<\/td>\n<td class=\"product--properties-value\">Sensor ultras\u00f4nico<\/td>\n<\/tr>\n<tr class=\"product--properties-row\">\n<td class=\"product--properties-label is--bold\">CONTROLE REMOTO:<\/td>\n<td class=\"product--properties-value\">\u2014\u2014\u2014\u2014\u2014<\/td>\n<\/tr>\n<tr class=\"product--properties-row\">\n<td class=\"product--properties-label is--bold\">Sistema operacional:<\/td>\n<td class=\"product--properties-value\">Android \u2122<\/td>\n<\/tr>\n<tr class=\"product--properties-row\">\n<td class=\"product--properties-label is--bold\">N\u00famero de canais:<\/td>\n<td class=\"product--properties-value\">16<\/td>\n<\/tr>\n<tr class=\"product--properties-row\">\n<td class=\"product--properties-label is--bold\">Dist\u00e2ncia de transmiss\u00e3o (condi\u00e7\u00f5es ideais):<\/td>\n<td class=\"product--properties-value\">4km (Europa) \/ 6km (FCC)<\/td>\n<\/tr>\n<tr class=\"product--properties-row\">\n<td class=\"product--properties-label is--bold\">Faixa de frequ\u00eancia:<\/td>\n<td class=\"product--properties-value\">2,4 GHz<\/td>\n<\/tr>\n<tr class=\"product--properties-row\">\n<td class=\"product--properties-label is--bold\">Resolu\u00e7\u00e3o do link de v\u00eddeo:<\/td>\n<td class=\"product--properties-value\">HD 720p<\/td>\n<\/tr>\n<\/tbody>\n<\/table>\n<\/div>","protected":false},"excerpt":{"rendered":"<p>O Hexacopter H520E-OFDM foi desenvolvido especialmente para aplica\u00e7\u00f5es comerciais, permite ser uma ferramenta vers\u00e1til para equipes de solo SAR, inspectores, pol\u00edcia, bombeiros e equipes de levantamento. O H520E-OFDM \u00e9 uma plataforma UAV robusta, poderosa e flex\u00edvel que pode ser adaptada a todo o tipo de requisitos, aplica\u00e7\u00f5es e projectos. Com uma grande autonomia de voo e equipado com sistemas de c\u00e2meras de alta qualidade e dados GPS integrados, o Yuneec H520E pemite o levantamento de projectos de forma r\u00e1pida e precisa.  Al\u00e9m do alto desempenho e flexibilidade do drone, a grande \u00eanfase foi tamb\u00e9m colocada no v\u00f4o do drone e na seguran\u00e7a dos dados.<\/p>","protected":false},"featured_media":10592,"comment_status":"open","ping_status":"closed","template":"","meta":[],"product_brand":[],"product_cat":[29,307,118],"product_tag":[459,122,121],"class_list":{"0":"post-10591","1":"product","2":"type-product","3":"status-publish","4":"has-post-thumbnail","6":"product_cat-drones","7":"product_cat-drones-yuneec","8":"product_cat-yuneec","9":"product_tag-grey-edition","10":"product_tag-h520e","11":"product_tag-yuneec","13":"first","14":"onbackorder","15":"taxable","16":"shipping-taxable","17":"product-type-simple"},"yoast_head":"<!-- This site is optimized with the Yoast SEO plugin v27.4 - https:\/\/yoast.com\/product\/yoast-seo-wordpress\/ -->\n<title>H520E Grey Edition with 2 batteries -<\/title>\n<meta name=\"description\" content=\"The H520E-OFDM Hexacopter was specially developed for commercial drone applications and provides SAR ground teams, inspectors, police, fire brigades and surveying teams with a versatile tool.\" \/>\n<meta name=\"robots\" content=\"index, follow, max-snippet:-1, max-image-preview:large, max-video-preview:-1\" \/>\n<link rel=\"canonical\" href=\"https:\/\/www.ghostysky.com\/pt\/produto-2\/h520e-grey-edition-with-2-batteries\/\" \/>\n<meta property=\"og:locale\" content=\"pt_PT\" \/>\n<meta property=\"og:type\" content=\"article\" \/>\n<meta property=\"og:title\" content=\"H520E Grey Edition with 2 batteries -\" \/>\n<meta property=\"og:description\" content=\"The H520E-OFDM Hexacopter was specially developed for commercial drone applications and provides SAR ground teams, inspectors, police, fire brigades and surveying teams with a versatile tool.\" \/>\n<meta property=\"og:url\" content=\"https:\/\/www.ghostysky.com\/pt\/produto-2\/h520e-grey-edition-with-2-batteries\/\" \/>\n<meta property=\"og:site_name\" content=\"Ghostysky\" \/>\n<meta property=\"article:publisher\" content=\"https:\/\/www.facebook.com\/people\/Ghostysky\/100057676170234\/\" \/>\n<meta property=\"article:modified_time\" content=\"2024-05-26T10:45:32+00:00\" \/>\n<meta property=\"og:image\" content=\"https:\/\/www.ghostysky.com\/wp-content\/uploads\/2022\/12\/H520E_BL-01-scaled.webp\" \/>\n\t<meta property=\"og:image:width\" content=\"1920\" \/>\n\t<meta property=\"og:image:height\" content=\"2560\" \/>\n\t<meta property=\"og:image:type\" content=\"image\/webp\" \/>\n<meta name=\"twitter:card\" content=\"summary_large_image\" \/>\n<meta name=\"twitter:site\" content=\"@Gh0stysky\" \/>\n<meta name=\"twitter:label1\" content=\"Tempo estimado de leitura\" \/>\n\t<meta name=\"twitter:data1\" content=\"2 minutos\" \/>\n<script type=\"application\/ld+json\" class=\"yoast-schema-graph\">{\"@context\":\"https:\\\/\\\/schema.org\",\"@graph\":[{\"@type\":\"WebPage\",\"@id\":\"https:\\\/\\\/www.ghostysky.com\\\/product\\\/h520e-grey-edition-with-2-batteries\\\/\",\"url\":\"https:\\\/\\\/www.ghostysky.com\\\/product\\\/h520e-grey-edition-with-2-batteries\\\/\",\"name\":\"H520E Grey Edition with 2 batteries -\",\"isPartOf\":{\"@id\":\"https:\\\/\\\/www.ghostysky.com\\\/#website\"},\"primaryImageOfPage\":{\"@id\":\"https:\\\/\\\/www.ghostysky.com\\\/product\\\/h520e-grey-edition-with-2-batteries\\\/#primaryimage\"},\"image\":{\"@id\":\"https:\\\/\\\/www.ghostysky.com\\\/product\\\/h520e-grey-edition-with-2-batteries\\\/#primaryimage\"},\"thumbnailUrl\":\"https:\\\/\\\/www.ghostysky.com\\\/wp-content\\\/uploads\\\/2022\\\/12\\\/H520E_BL-01-scaled.webp\",\"datePublished\":\"2022-12-30T18:01:53+00:00\",\"dateModified\":\"2024-05-26T10:45:32+00:00\",\"description\":\"The H520E-OFDM Hexacopter was specially developed for commercial drone applications and provides SAR ground teams, inspectors, police, fire brigades and surveying teams with a versatile tool.\",\"breadcrumb\":{\"@id\":\"https:\\\/\\\/www.ghostysky.com\\\/product\\\/h520e-grey-edition-with-2-batteries\\\/#breadcrumb\"},\"inLanguage\":\"pt-PT\",\"potentialAction\":[{\"@type\":\"ReadAction\",\"target\":[\"https:\\\/\\\/www.ghostysky.com\\\/product\\\/h520e-grey-edition-with-2-batteries\\\/\"]}]},{\"@type\":\"ImageObject\",\"inLanguage\":\"pt-PT\",\"@id\":\"https:\\\/\\\/www.ghostysky.com\\\/product\\\/h520e-grey-edition-with-2-batteries\\\/#primaryimage\",\"url\":\"https:\\\/\\\/www.ghostysky.com\\\/wp-content\\\/uploads\\\/2022\\\/12\\\/H520E_BL-01-scaled.webp\",\"contentUrl\":\"https:\\\/\\\/www.ghostysky.com\\\/wp-content\\\/uploads\\\/2022\\\/12\\\/H520E_BL-01-scaled.webp\",\"width\":1920,\"height\":2560},{\"@type\":\"BreadcrumbList\",\"@id\":\"https:\\\/\\\/www.ghostysky.com\\\/product\\\/h520e-grey-edition-with-2-batteries\\\/#breadcrumb\",\"itemListElement\":[{\"@type\":\"ListItem\",\"position\":1,\"name\":\"Home\",\"item\":\"https:\\\/\\\/www.ghostysky.com\\\/\"},{\"@type\":\"ListItem\",\"position\":2,\"name\":\"Shop\",\"item\":\"https:\\\/\\\/www.ghostysky.com\\\/shop\\\/\"},{\"@type\":\"ListItem\",\"position\":3,\"name\":\"H520E Grey Edition with 2 batteries\"}]},{\"@type\":\"WebSite\",\"@id\":\"https:\\\/\\\/www.ghostysky.com\\\/#website\",\"url\":\"https:\\\/\\\/www.ghostysky.com\\\/\",\"name\":\"Ghostysky\",\"description\":\"Delivering professional drones and robotics solutions\",\"publisher\":{\"@id\":\"https:\\\/\\\/www.ghostysky.com\\\/#organization\"},\"potentialAction\":[{\"@type\":\"SearchAction\",\"target\":{\"@type\":\"EntryPoint\",\"urlTemplate\":\"https:\\\/\\\/www.ghostysky.com\\\/?s={search_term_string}\"},\"query-input\":{\"@type\":\"PropertyValueSpecification\",\"valueRequired\":true,\"valueName\":\"search_term_string\"}}],\"inLanguage\":\"pt-PT\"},{\"@type\":\"Organization\",\"@id\":\"https:\\\/\\\/www.ghostysky.com\\\/#organization\",\"name\":\"Ghostysky\",\"url\":\"https:\\\/\\\/www.ghostysky.com\\\/\",\"logo\":{\"@type\":\"ImageObject\",\"inLanguage\":\"pt-PT\",\"@id\":\"https:\\\/\\\/www.ghostysky.com\\\/#\\\/schema\\\/logo\\\/image\\\/\",\"url\":\"https:\\\/\\\/www.ghostysky.com\\\/wp-content\\\/uploads\\\/2020\\\/06\\\/cropped-ghostyskylogo_text_white2.png\",\"contentUrl\":\"https:\\\/\\\/www.ghostysky.com\\\/wp-content\\\/uploads\\\/2020\\\/06\\\/cropped-ghostyskylogo_text_white2.png\",\"width\":169,\"height\":56,\"caption\":\"Ghostysky\"},\"image\":{\"@id\":\"https:\\\/\\\/www.ghostysky.com\\\/#\\\/schema\\\/logo\\\/image\\\/\"},\"sameAs\":[\"https:\\\/\\\/www.facebook.com\\\/people\\\/Ghostysky\\\/100057676170234\\\/\",\"https:\\\/\\\/x.com\\\/Gh0stysky\",\"https:\\\/\\\/www.linkedin.com\\\/company\\\/34739653\",\"https:\\\/\\\/www.instagram.com\\\/gh0stysky\"]}]}<\/script>\n<!-- \/ Yoast SEO plugin. -->","yoast_head_json":{"title":"H520E Gray Edition com 2 baterias -","description":"O Hexacopter H520E-OFDM foi desenvolvido especialmente para aplica\u00e7\u00f5es comerciais de drones e fornece \u00e0s equipes terrestres de SAR, inspetores, pol\u00edcia, bombeiros e equipes de topografia uma ferramenta vers\u00e1til.","robots":{"index":"index","follow":"follow","max-snippet":"max-snippet:-1","max-image-preview":"max-image-preview:large","max-video-preview":"max-video-preview:-1"},"canonical":"https:\/\/www.ghostysky.com\/pt\/produto-2\/h520e-grey-edition-with-2-batteries\/","og_locale":"pt_PT","og_type":"article","og_title":"H520E Grey Edition with 2 batteries -","og_description":"The H520E-OFDM Hexacopter was specially developed for commercial drone applications and provides SAR ground teams, inspectors, police, fire brigades and surveying teams with a versatile tool.","og_url":"https:\/\/www.ghostysky.com\/pt\/produto-2\/h520e-grey-edition-with-2-batteries\/","og_site_name":"Ghostysky","article_publisher":"https:\/\/www.facebook.com\/people\/Ghostysky\/100057676170234\/","article_modified_time":"2024-05-26T10:45:32+00:00","og_image":[{"width":1920,"height":2560,"url":"https:\/\/www.ghostysky.com\/wp-content\/uploads\/2022\/12\/H520E_BL-01-scaled.webp","type":"image\/webp"}],"twitter_card":"summary_large_image","twitter_site":"@Gh0stysky","twitter_misc":{"Tempo estimado de leitura":"2 minutos"},"schema":{"@context":"https:\/\/schema.org","@graph":[{"@type":"WebPage","@id":"https:\/\/www.ghostysky.com\/product\/h520e-grey-edition-with-2-batteries\/","url":"https:\/\/www.ghostysky.com\/product\/h520e-grey-edition-with-2-batteries\/","name":"H520E Gray Edition com 2 baterias -","isPartOf":{"@id":"https:\/\/www.ghostysky.com\/#website"},"primaryImageOfPage":{"@id":"https:\/\/www.ghostysky.com\/product\/h520e-grey-edition-with-2-batteries\/#primaryimage"},"image":{"@id":"https:\/\/www.ghostysky.com\/product\/h520e-grey-edition-with-2-batteries\/#primaryimage"},"thumbnailUrl":"https:\/\/www.ghostysky.com\/wp-content\/uploads\/2022\/12\/H520E_BL-01-scaled.webp","datePublished":"2022-12-30T18:01:53+00:00","dateModified":"2024-05-26T10:45:32+00:00","description":"O Hexacopter H520E-OFDM foi desenvolvido especialmente para aplica\u00e7\u00f5es comerciais de drones e fornece \u00e0s equipes terrestres de SAR, inspetores, pol\u00edcia, bombeiros e equipes de topografia uma ferramenta vers\u00e1til.","breadcrumb":{"@id":"https:\/\/www.ghostysky.com\/product\/h520e-grey-edition-with-2-batteries\/#breadcrumb"},"inLanguage":"pt-PT","potentialAction":[{"@type":"ReadAction","target":["https:\/\/www.ghostysky.com\/product\/h520e-grey-edition-with-2-batteries\/"]}]},{"@type":"ImageObject","inLanguage":"pt-PT","@id":"https:\/\/www.ghostysky.com\/product\/h520e-grey-edition-with-2-batteries\/#primaryimage","url":"https:\/\/www.ghostysky.com\/wp-content\/uploads\/2022\/12\/H520E_BL-01-scaled.webp","contentUrl":"https:\/\/www.ghostysky.com\/wp-content\/uploads\/2022\/12\/H520E_BL-01-scaled.webp","width":1920,"height":2560},{"@type":"BreadcrumbList","@id":"https:\/\/www.ghostysky.com\/product\/h520e-grey-edition-with-2-batteries\/#breadcrumb","itemListElement":[{"@type":"ListItem","position":1,"name":"Home","item":"https:\/\/www.ghostysky.com\/"},{"@type":"ListItem","position":2,"name":"Shop","item":"https:\/\/www.ghostysky.com\/shop\/"},{"@type":"ListItem","position":3,"name":"H520E Grey Edition with 2 batteries"}]},{"@type":"WebSite","@id":"https:\/\/www.ghostysky.com\/#website","url":"https:\/\/www.ghostysky.com\/","name":"Ghostysky","description":"Fornecendo solu\u00e7\u00f5es profissionais em drones e rob\u00f3tica.","publisher":{"@id":"https:\/\/www.ghostysky.com\/#organization"},"potentialAction":[{"@type":"SearchAction","target":{"@type":"EntryPoint","urlTemplate":"https:\/\/www.ghostysky.com\/?s={search_term_string}"},"query-input":{"@type":"PropertyValueSpecification","valueRequired":true,"valueName":"search_term_string"}}],"inLanguage":"pt-PT"},{"@type":"Organization","@id":"https:\/\/www.ghostysky.com\/#organization","name":"Ghostysky","url":"https:\/\/www.ghostysky.com\/","logo":{"@type":"ImageObject","inLanguage":"pt-PT","@id":"https:\/\/www.ghostysky.com\/#\/schema\/logo\/image\/","url":"https:\/\/www.ghostysky.com\/wp-content\/uploads\/2020\/06\/cropped-ghostyskylogo_text_white2.png","contentUrl":"https:\/\/www.ghostysky.com\/wp-content\/uploads\/2020\/06\/cropped-ghostyskylogo_text_white2.png","width":169,"height":56,"caption":"Ghostysky"},"image":{"@id":"https:\/\/www.ghostysky.com\/#\/schema\/logo\/image\/"},"sameAs":["https:\/\/www.facebook.com\/people\/Ghostysky\/100057676170234\/","https:\/\/x.com\/Gh0stysky","https:\/\/www.linkedin.com\/company\/34739653","https:\/\/www.instagram.com\/gh0stysky"]}]}},"_links":{"self":[{"href":"https:\/\/www.ghostysky.com\/pt\/wp-json\/wp\/v2\/product\/10591","targetHints":{"allow":["GET"]}}],"collection":[{"href":"https:\/\/www.ghostysky.com\/pt\/wp-json\/wp\/v2\/product"}],"about":[{"href":"https:\/\/www.ghostysky.com\/pt\/wp-json\/wp\/v2\/types\/product"}],"replies":[{"embeddable":true,"href":"https:\/\/www.ghostysky.com\/pt\/wp-json\/wp\/v2\/comments?post=10591"}],"version-history":[{"count":0,"href":"https:\/\/www.ghostysky.com\/pt\/wp-json\/wp\/v2\/product\/10591\/revisions"}],"wp:featuredmedia":[{"embeddable":true,"href":"https:\/\/www.ghostysky.com\/pt\/wp-json\/wp\/v2\/media\/10592"}],"wp:attachment":[{"href":"https:\/\/www.ghostysky.com\/pt\/wp-json\/wp\/v2\/media?parent=10591"}],"wp:term":[{"taxonomy":"product_brand","embeddable":true,"href":"https:\/\/www.ghostysky.com\/pt\/wp-json\/wp\/v2\/product_brand?post=10591"},{"taxonomy":"product_cat","embeddable":true,"href":"https:\/\/www.ghostysky.com\/pt\/wp-json\/wp\/v2\/product_cat?post=10591"},{"taxonomy":"product_tag","embeddable":true,"href":"https:\/\/www.ghostysky.com\/pt\/wp-json\/wp\/v2\/product_tag?post=10591"}],"curies":[{"name":"wp","href":"https:\/\/api.w.org\/{rel}","templated":true}]}}