{"id":10597,"date":"2022-12-30T18:15:45","date_gmt":"2022-12-30T18:15:45","guid":{"rendered":"https:\/\/www.ghostysky.com\/?post_type=product&#038;p=10597"},"modified":"2024-05-26T10:44:34","modified_gmt":"2024-05-26T10:44:34","slug":"combo-h520e-rtk-e90x-camera","status":"publish","type":"product","link":"https:\/\/www.ghostysky.com\/pt\/product\/combo-h520e-rtk-e90x-camera\/","title":{"rendered":"C\u00e2mera combinada H520E-RTK + E90X"},"content":{"rendered":"<p><strong>PRINCIPAIS CARACTER\u00cdSTICAS\u00a0<\/strong><\/p>\n<ul>\n<li>M\u00f3dulo RTK (Real Time Kinematic) para posicionamento relativo de alta precis\u00e3o: 1 cm + ppm horizontal \/ 2 cm + ppm vertical<\/li>\n<li>Mantenha a precis\u00e3o de cm at\u00e9 mesmo nos ambientes GNSS mais desafiadores<\/li>\n<li>Taxa de atualiza\u00e7\u00e3o de 5 Hz da sua posi\u00e7\u00e3o, em tempo e velocidade<\/li>\n<li>Todos os dados, incluindo dados GNSS brutos e solu\u00e7\u00e3o em tempo real, podem ser registrados a bordo - prontos para PPK (Cinem\u00e1tica P\u00f3s-Processada)<\/li>\n<li>Sinais de suporte de at\u00e9 3 constela\u00e7\u00f5es GNSS entre GPS, GLONASS, Galileo e BeiDou<\/li>\n<li>C\u00e2mera:\n<ul>\n<li>Resolu\u00e7\u00e3o de 20 megapixels\/4K a 60 frames por segundo<\/li>\n<li>1 \u201csensor CMOS<\/li>\n<li>Zoom digital de at\u00e9 8x<\/li>\n<li>Lente de 23 mm de baixa distor\u00e7\u00e3o<\/li>\n<\/ul>\n<\/li>\n<li>Ideal para ortomapeamento, modelagem 3D e inspe\u00e7\u00f5es de close-up.<\/li>\n<\/ul>","protected":false},"excerpt":{"rendered":"<p>O H520E-RTK garante a mais alta precis\u00e3o e a prontid\u00e3o operacional mais r\u00e1pida poss\u00edvel, mesmo em condi\u00e7\u00f5es dif\u00edceis de GPS, como em cidades, desfiladeiros ou florestas. Gra\u00e7as \u00e0 tecnologia Real-Time Kinematics, o novo H520E RTK poder\u00e1 ficar no ar com precis\u00e3o centim\u00e9trica, permitindo fotos extremamente precisas, mapeamento 3D mais r\u00e1pido e voos de inspe\u00e7\u00e3o mais precisos.<\/p>\n<p>A c\u00e2mera E90x \u00e9 um sistema de imagem estabilizado por gimbal de alta resolu\u00e7\u00e3o e grande angular perfeitamente adequado para uso em aplica\u00e7\u00f5es que exigem fotos e v\u00eddeos de alta qualidade. Ele utiliza um gerador de imagens CMOS de 1 polegada de alta abertura que \u00e9 capaz de capturar imagens est\u00e1ticas com resolu\u00e7\u00e3o de 20 megapixels.<\/p>\n<p>O sensor de resolu\u00e7\u00e3o 4K de 1 polegada do E90x, combinado com o H520E-RTK, fornece imagens de qualidade extremamente alta. O resultado \u00e9 um mapeamento 2D ou 3D de alta resolu\u00e7\u00e3o superior, volumetria de precis\u00e3o e modelos de superf\u00edcie 3D.<\/p>","protected":false},"featured_media":10602,"comment_status":"open","ping_status":"closed","template":"","meta":[],"product_brand":[],"product_cat":[29,307,118],"product_tag":[139,122,125,121],"class_list":{"0":"post-10597","1":"product","2":"type-product","3":"status-publish","4":"has-post-thumbnail","6":"product_cat-drones","7":"product_cat-drones-yuneec","8":"product_cat-yuneec","9":"product_tag-e90x","10":"product_tag-h520e","11":"product_tag-h520e-rtk","12":"product_tag-yuneec","14":"first","15":"onbackorder","16":"taxable","17":"shipping-taxable","18":"product-type-simple"},"yoast_head":"<!-- This site is optimized with the Yoast SEO plugin v27.1.1 - https:\/\/yoast.com\/product\/yoast-seo-wordpress\/ -->\n<title>Combo H520E-RTK + E90X Camera -<\/title>\n<meta name=\"description\" content=\"The H520E-RTK ensures the highest precision and the fastest possible operational readiness, even under difficult GPS conditions like in cities, canyons, or forests.\" \/>\n<meta name=\"robots\" content=\"index, follow, max-snippet:-1, max-image-preview:large, max-video-preview:-1\" \/>\n<link rel=\"canonical\" href=\"https:\/\/www.ghostysky.com\/pt\/produto-2\/combo-h520e-rtk-e90x-camera\/\" \/>\n<meta property=\"og:locale\" content=\"pt_PT\" \/>\n<meta property=\"og:type\" content=\"article\" \/>\n<meta property=\"og:title\" content=\"Combo H520E-RTK + E90X Camera -\" \/>\n<meta property=\"og:description\" content=\"The H520E-RTK ensures the highest precision and the fastest possible operational readiness, even under difficult GPS conditions like in cities, canyons, or forests.\" \/>\n<meta property=\"og:url\" content=\"https:\/\/www.ghostysky.com\/pt\/produto-2\/combo-h520e-rtk-e90x-camera\/\" \/>\n<meta property=\"og:site_name\" content=\"Ghostysky\" \/>\n<meta property=\"article:publisher\" content=\"https:\/\/www.facebook.com\/people\/Ghostysky\/100057676170234\/\" \/>\n<meta property=\"article:modified_time\" content=\"2024-05-26T10:44:34+00:00\" \/>\n<meta property=\"og:image\" content=\"https:\/\/www.ghostysky.com\/wp-content\/uploads\/2022\/12\/H520E-RTK-E90x-Combo1.jpg\" \/>\n\t<meta property=\"og:image:width\" content=\"1172\" \/>\n\t<meta property=\"og:image:height\" content=\"792\" \/>\n\t<meta property=\"og:image:type\" content=\"image\/jpeg\" \/>\n<meta name=\"twitter:card\" content=\"summary_large_image\" \/>\n<meta name=\"twitter:site\" content=\"@Gh0stysky\" \/>\n<meta name=\"twitter:label1\" content=\"Tempo estimado de leitura\" \/>\n\t<meta name=\"twitter:data1\" content=\"1 minuto\" \/>\n<script type=\"application\/ld+json\" class=\"yoast-schema-graph\">{\"@context\":\"https:\/\/schema.org\",\"@graph\":[{\"@type\":\"WebPage\",\"@id\":\"https:\/\/www.ghostysky.com\/product\/combo-h520e-rtk-e90x-camera\/\",\"url\":\"https:\/\/www.ghostysky.com\/product\/combo-h520e-rtk-e90x-camera\/\",\"name\":\"Combo H520E-RTK + E90X Camera -\",\"isPartOf\":{\"@id\":\"https:\/\/www.ghostysky.com\/#website\"},\"primaryImageOfPage\":{\"@id\":\"https:\/\/www.ghostysky.com\/product\/combo-h520e-rtk-e90x-camera\/#primaryimage\"},\"image\":{\"@id\":\"https:\/\/www.ghostysky.com\/product\/combo-h520e-rtk-e90x-camera\/#primaryimage\"},\"thumbnailUrl\":\"https:\/\/www.ghostysky.com\/wp-content\/uploads\/2022\/12\/H520E-RTK-E90x-Combo1.jpg\",\"datePublished\":\"2022-12-30T18:15:45+00:00\",\"dateModified\":\"2024-05-26T10:44:34+00:00\",\"description\":\"The H520E-RTK ensures the highest precision and the fastest possible operational readiness, even under difficult GPS conditions like in cities, canyons, or forests.\",\"breadcrumb\":{\"@id\":\"https:\/\/www.ghostysky.com\/product\/combo-h520e-rtk-e90x-camera\/#breadcrumb\"},\"inLanguage\":\"pt-PT\",\"potentialAction\":[{\"@type\":\"ReadAction\",\"target\":[\"https:\/\/www.ghostysky.com\/product\/combo-h520e-rtk-e90x-camera\/\"]}]},{\"@type\":\"ImageObject\",\"inLanguage\":\"pt-PT\",\"@id\":\"https:\/\/www.ghostysky.com\/product\/combo-h520e-rtk-e90x-camera\/#primaryimage\",\"url\":\"https:\/\/www.ghostysky.com\/wp-content\/uploads\/2022\/12\/H520E-RTK-E90x-Combo1.jpg\",\"contentUrl\":\"https:\/\/www.ghostysky.com\/wp-content\/uploads\/2022\/12\/H520E-RTK-E90x-Combo1.jpg\",\"width\":1172,\"height\":792},{\"@type\":\"BreadcrumbList\",\"@id\":\"https:\/\/www.ghostysky.com\/product\/combo-h520e-rtk-e90x-camera\/#breadcrumb\",\"itemListElement\":[{\"@type\":\"ListItem\",\"position\":1,\"name\":\"Home\",\"item\":\"https:\/\/www.ghostysky.com\/\"},{\"@type\":\"ListItem\",\"position\":2,\"name\":\"Shop\",\"item\":\"https:\/\/www.ghostysky.com\/shop\/\"},{\"@type\":\"ListItem\",\"position\":3,\"name\":\"Combo H520E-RTK + E90X Camera\"}]},{\"@type\":\"WebSite\",\"@id\":\"https:\/\/www.ghostysky.com\/#website\",\"url\":\"https:\/\/www.ghostysky.com\/\",\"name\":\"Ghostysky\",\"description\":\"Delivering professional drones and services\",\"publisher\":{\"@id\":\"https:\/\/www.ghostysky.com\/#organization\"},\"potentialAction\":[{\"@type\":\"SearchAction\",\"target\":{\"@type\":\"EntryPoint\",\"urlTemplate\":\"https:\/\/www.ghostysky.com\/?s={search_term_string}\"},\"query-input\":{\"@type\":\"PropertyValueSpecification\",\"valueRequired\":true,\"valueName\":\"search_term_string\"}}],\"inLanguage\":\"pt-PT\"},{\"@type\":\"Organization\",\"@id\":\"https:\/\/www.ghostysky.com\/#organization\",\"name\":\"Ghostysky\",\"url\":\"https:\/\/www.ghostysky.com\/\",\"logo\":{\"@type\":\"ImageObject\",\"inLanguage\":\"pt-PT\",\"@id\":\"https:\/\/www.ghostysky.com\/#\/schema\/logo\/image\/\",\"url\":\"https:\/\/www.ghostysky.com\/wp-content\/uploads\/2020\/06\/cropped-ghostyskylogo_text_white2.png\",\"contentUrl\":\"https:\/\/www.ghostysky.com\/wp-content\/uploads\/2020\/06\/cropped-ghostyskylogo_text_white2.png\",\"width\":169,\"height\":56,\"caption\":\"Ghostysky\"},\"image\":{\"@id\":\"https:\/\/www.ghostysky.com\/#\/schema\/logo\/image\/\"},\"sameAs\":[\"https:\/\/www.facebook.com\/people\/Ghostysky\/100057676170234\/\",\"https:\/\/x.com\/Gh0stysky\",\"https:\/\/www.linkedin.com\/company\/34739653\",\"https:\/\/www.instagram.com\/gh0stysky\"]}]}<\/script>\n<!-- \/ Yoast SEO plugin. -->","yoast_head_json":{"title":"C\u00e2mera combinada H520E-RTK + E90X -","description":"O H520E-RTK garante a mais alta precis\u00e3o e a prontid\u00e3o operacional mais r\u00e1pida poss\u00edvel, mesmo sob condi\u00e7\u00f5es dif\u00edceis de GPS, como em cidades, desfiladeiros ou florestas.","robots":{"index":"index","follow":"follow","max-snippet":"max-snippet:-1","max-image-preview":"max-image-preview:large","max-video-preview":"max-video-preview:-1"},"canonical":"https:\/\/www.ghostysky.com\/pt\/produto-2\/combo-h520e-rtk-e90x-camera\/","og_locale":"pt_PT","og_type":"article","og_title":"Combo H520E-RTK + E90X Camera -","og_description":"The H520E-RTK ensures the highest precision and the fastest possible operational readiness, even under difficult GPS conditions like in cities, canyons, or forests.","og_url":"https:\/\/www.ghostysky.com\/pt\/produto-2\/combo-h520e-rtk-e90x-camera\/","og_site_name":"Ghostysky","article_publisher":"https:\/\/www.facebook.com\/people\/Ghostysky\/100057676170234\/","article_modified_time":"2024-05-26T10:44:34+00:00","og_image":[{"width":1172,"height":792,"url":"https:\/\/www.ghostysky.com\/wp-content\/uploads\/2022\/12\/H520E-RTK-E90x-Combo1.jpg","type":"image\/jpeg"}],"twitter_card":"summary_large_image","twitter_site":"@Gh0stysky","twitter_misc":{"Tempo estimado de leitura":"1 minuto"},"schema":{"@context":"https:\/\/schema.org","@graph":[{"@type":"WebPage","@id":"https:\/\/www.ghostysky.com\/product\/combo-h520e-rtk-e90x-camera\/","url":"https:\/\/www.ghostysky.com\/product\/combo-h520e-rtk-e90x-camera\/","name":"C\u00e2mera combinada H520E-RTK + E90X -","isPartOf":{"@id":"https:\/\/www.ghostysky.com\/#website"},"primaryImageOfPage":{"@id":"https:\/\/www.ghostysky.com\/product\/combo-h520e-rtk-e90x-camera\/#primaryimage"},"image":{"@id":"https:\/\/www.ghostysky.com\/product\/combo-h520e-rtk-e90x-camera\/#primaryimage"},"thumbnailUrl":"https:\/\/www.ghostysky.com\/wp-content\/uploads\/2022\/12\/H520E-RTK-E90x-Combo1.jpg","datePublished":"2022-12-30T18:15:45+00:00","dateModified":"2024-05-26T10:44:34+00:00","description":"O H520E-RTK garante a mais alta precis\u00e3o e a prontid\u00e3o operacional mais r\u00e1pida poss\u00edvel, mesmo sob condi\u00e7\u00f5es dif\u00edceis de GPS, como em cidades, desfiladeiros ou florestas.","breadcrumb":{"@id":"https:\/\/www.ghostysky.com\/product\/combo-h520e-rtk-e90x-camera\/#breadcrumb"},"inLanguage":"pt-PT","potentialAction":[{"@type":"ReadAction","target":["https:\/\/www.ghostysky.com\/product\/combo-h520e-rtk-e90x-camera\/"]}]},{"@type":"ImageObject","inLanguage":"pt-PT","@id":"https:\/\/www.ghostysky.com\/product\/combo-h520e-rtk-e90x-camera\/#primaryimage","url":"https:\/\/www.ghostysky.com\/wp-content\/uploads\/2022\/12\/H520E-RTK-E90x-Combo1.jpg","contentUrl":"https:\/\/www.ghostysky.com\/wp-content\/uploads\/2022\/12\/H520E-RTK-E90x-Combo1.jpg","width":1172,"height":792},{"@type":"BreadcrumbList","@id":"https:\/\/www.ghostysky.com\/product\/combo-h520e-rtk-e90x-camera\/#breadcrumb","itemListElement":[{"@type":"ListItem","position":1,"name":"Home","item":"https:\/\/www.ghostysky.com\/"},{"@type":"ListItem","position":2,"name":"Shop","item":"https:\/\/www.ghostysky.com\/shop\/"},{"@type":"ListItem","position":3,"name":"Combo H520E-RTK + E90X Camera"}]},{"@type":"WebSite","@id":"https:\/\/www.ghostysky.com\/#website","url":"https:\/\/www.ghostysky.com\/","name":"Ghostysky","description":"Fornecendo drones e servi\u00e7os profissionais","publisher":{"@id":"https:\/\/www.ghostysky.com\/#organization"},"potentialAction":[{"@type":"SearchAction","target":{"@type":"EntryPoint","urlTemplate":"https:\/\/www.ghostysky.com\/?s={search_term_string}"},"query-input":{"@type":"PropertyValueSpecification","valueRequired":true,"valueName":"search_term_string"}}],"inLanguage":"pt-PT"},{"@type":"Organization","@id":"https:\/\/www.ghostysky.com\/#organization","name":"Ghostysky","url":"https:\/\/www.ghostysky.com\/","logo":{"@type":"ImageObject","inLanguage":"pt-PT","@id":"https:\/\/www.ghostysky.com\/#\/schema\/logo\/image\/","url":"https:\/\/www.ghostysky.com\/wp-content\/uploads\/2020\/06\/cropped-ghostyskylogo_text_white2.png","contentUrl":"https:\/\/www.ghostysky.com\/wp-content\/uploads\/2020\/06\/cropped-ghostyskylogo_text_white2.png","width":169,"height":56,"caption":"Ghostysky"},"image":{"@id":"https:\/\/www.ghostysky.com\/#\/schema\/logo\/image\/"},"sameAs":["https:\/\/www.facebook.com\/people\/Ghostysky\/100057676170234\/","https:\/\/x.com\/Gh0stysky","https:\/\/www.linkedin.com\/company\/34739653","https:\/\/www.instagram.com\/gh0stysky"]}]}},"_links":{"self":[{"href":"https:\/\/www.ghostysky.com\/pt\/wp-json\/wp\/v2\/product\/10597","targetHints":{"allow":["GET"]}}],"collection":[{"href":"https:\/\/www.ghostysky.com\/pt\/wp-json\/wp\/v2\/product"}],"about":[{"href":"https:\/\/www.ghostysky.com\/pt\/wp-json\/wp\/v2\/types\/product"}],"replies":[{"embeddable":true,"href":"https:\/\/www.ghostysky.com\/pt\/wp-json\/wp\/v2\/comments?post=10597"}],"wp:featuredmedia":[{"embeddable":true,"href":"https:\/\/www.ghostysky.com\/pt\/wp-json\/wp\/v2\/media\/10602"}],"wp:attachment":[{"href":"https:\/\/www.ghostysky.com\/pt\/wp-json\/wp\/v2\/media?parent=10597"}],"wp:term":[{"taxonomy":"product_brand","embeddable":true,"href":"https:\/\/www.ghostysky.com\/pt\/wp-json\/wp\/v2\/product_brand?post=10597"},{"taxonomy":"product_cat","embeddable":true,"href":"https:\/\/www.ghostysky.com\/pt\/wp-json\/wp\/v2\/product_cat?post=10597"},{"taxonomy":"product_tag","embeddable":true,"href":"https:\/\/www.ghostysky.com\/pt\/wp-json\/wp\/v2\/product_tag?post=10597"}],"curies":[{"name":"wp","href":"https:\/\/api.w.org\/{rel}","templated":true}]}}