{"id":10721,"date":"2023-01-18T23:27:31","date_gmt":"2023-01-18T23:27:31","guid":{"rendered":"https:\/\/www.ghostysky.com\/?post_type=product&#038;p=10721"},"modified":"2025-10-14T11:09:00","modified_gmt":"2025-10-14T11:09:00","slug":"owl-drone-parachute-for-dji-matrice-30-30t-series-suit","status":"publish","type":"product","link":"https:\/\/www.ghostysky.com\/pt\/product\/owl-drone-parachute-for-dji-matrice-30-30t-series-suit\/","title":{"rendered":"Paraquedas OWL para drone DJI Matrice S\u00e9rie 30\/30T (Duplo)"},"content":{"rendered":"<h3 data-pf-type=\"Paragraph\"><a href=\"https:\/\/www.ghostysky.com\/wp-content\/uploads\/2023\/01\/m30-1663572021452.webp\"><img fetchpriority=\"high\" decoding=\"async\" class=\"alignnone wp-image-10702 size-large lazyload\" src=\"data:image\/gif;base64,R0lGODlhAQABAAAAACH5BAEKAAEALAAAAAABAAEAAAICTAEAOw==\" alt=\"\" width=\"1024\" height=\"347\" sizes=\"(max-width: 1024px) 100vw, 1024px\" data-src=\"https:\/\/www.ghostysky.com\/wp-content\/uploads\/2023\/01\/m30-1663572021452-1024x347.webp\" data-srcset=\"https:\/\/www.ghostysky.com\/wp-content\/uploads\/2023\/01\/m30-1663572021452-1024x347.webp 1024w, https:\/\/www.ghostysky.com\/wp-content\/uploads\/2023\/01\/m30-1663572021452-300x102.webp 300w, https:\/\/www.ghostysky.com\/wp-content\/uploads\/2023\/01\/m30-1663572021452-768x260.webp 768w, https:\/\/www.ghostysky.com\/wp-content\/uploads\/2023\/01\/m30-1663572021452-1536x520.webp 1536w, https:\/\/www.ghostysky.com\/wp-content\/uploads\/2023\/01\/m30-1663572021452-18x6.webp 18w, https:\/\/www.ghostysky.com\/wp-content\/uploads\/2023\/01\/m30-1663572021452-720x244.webp 720w, https:\/\/www.ghostysky.com\/wp-content\/uploads\/2023\/01\/m30-1663572021452-600x203.webp 600w, https:\/\/www.ghostysky.com\/wp-content\/uploads\/2023\/01\/m30-1663572021452.webp 1920w\"><\/a><\/h3>\n<h3 class=\"sc-ehIJor eZpnKY pf-153_\" data-pf-type=\"Paragraph\"><span class=\"sc-BHvUt fJlZte pf-155_\" data-pf-type=\"Text\">SISTEMA DE PARAQUEDAS INDUSTRIAL<\/span><\/h3>\n<p class=\"sc-ehIJor eZpnKY pf-156_\" data-pf-type=\"Paragraph\"><span class=\"sc-BHvUt fJlZte pf-158_\" data-pf-type=\"Text\">O paraquedas OWL-M30, equipado com um controle de v\u00f4o SDK a bordo, melhora de forma clara todos os n\u00edveis da seguran\u00e7a de v\u00f4o, com um design redundante de importantes sensores,\u00a0<\/span><span class=\"sc-BHvUt fJlZte pf-256_\" data-pf-type=\"Text\">estrutura de montagem r\u00e1pida e APS Sistema de abertura de paraquedas com stop de h\u00e9lices de emerg\u00eancia . Em caso de emerg\u00eancia! Pare a h\u00e9lices, abra o p\u00e1ra-quedas e caia lentamente para proteger a seguran\u00e7a do v\u00f4o<\/span><\/p>\n<h3 class=\"sc-ehIJor eZpnKY pf-165_\" data-pf-type=\"Paragraph\"><span class=\"sc-BHvUt fJlZte pf-167_\" data-pf-type=\"Text\">ALGORITMO DE FUS\u00c3O COMBINADO NUM S\u00d3<\/span><\/h3>\n<p class=\"sc-ehIJor eZpnKY pf-168_\" data-pf-type=\"Paragraph\"><span class=\"sc-BHvUt fJlZte pf-170_\" data-pf-type=\"Text\">Integra\u00e7\u00e3o profunda baseada na interface PSDK de controle de v\u00f4o, combinada com o sistema de seguran\u00e7a Flyfire APS, intera\u00e7\u00e3o bidirecional para melhorar a percep\u00e7\u00e3o de inccidentes de v\u00f4o.\u00a0<\/span><\/p>\n<p class=\"sc-ehIJor eZpnKY pf-260_\" data-pf-type=\"Paragraph\"><span class=\"sc-BHvUt fJlZte pf-259_\" data-pf-type=\"Text\">Num instante, obtenha uma vis\u00e3o geral da situa\u00e7\u00e3o de v\u00f4o. Durante o v\u00f4o, o sistema de paraquedas interage com os dados do Drone em tempo real, combinando e avaliando estes com seus pr\u00f3prios dados nos momentos cr\u00edticos, percebendo desta forma o estado de v\u00f4o do Drone, garantindo a mais alta probabilidade de resgate<\/span><\/p>\n<h3 class=\"sc-ehIJor eZpnKY pf-173_\" data-pf-type=\"Paragraph\"><span class=\"sc-BHvUt fJlZte pf-175_\" data-pf-type=\"Text\">REDUND\u00c2NCIA DO SENSOR APENAS PARA SEGURAN\u00c7A<\/span><\/h3>\n<p class=\"sc-ehIJor eZpnKY pf-176_\" data-pf-type=\"Paragraph\"><span class=\"sc-BHvUt fJlZte pf-178_\" data-pf-type=\"Text\">O sensor de paraquedas OWl-M30 adopta um design redundante para lidar com v\u00e1rios tipos de incidentes. Quando um grupo de sensores falha, o outro grupo de sensores pode ser conectado perfeitamente ao mesmo tempo para complementar os dados e identificar com precis\u00e3o o estado de voo do Drone.\u00a0<\/span><\/p>\n<p class=\"sc-ehIJor eZpnKY pf-179_\" data-pf-type=\"Paragraph\"><span class=\"sc-BHvUt fJlZte pf-181_\" data-pf-type=\"Text\">Elimine a falha do paraquedas e garanta a seguran\u00e7a de v\u00f4o do Drone.<\/span><\/p>\n<h3 class=\"sc-ehIJor eZpnKY pf-188_\" data-pf-type=\"Paragraph\"><span class=\"sc-BHvUt fJlZte pf-190_\" data-pf-type=\"Text\">SUBSTITUI\u00c7\u00c3O R\u00c1PIDA DO SISTEMA<\/span><\/h3>\n<p class=\"sc-ehIJor eZpnKY pf-191_\" data-pf-type=\"Paragraph\"><span class=\"sc-BHvUt fJlZte pf-193_\" data-pf-type=\"Text\">O p\u00e1ra-quedas OWL-M30 \u00e9 de f\u00e1cil instala\u00e7\u00e3o, o que n\u00e3o afeta a utiliza\u00e7\u00e3o e transporta\u00e7\u00e3o do Drone<\/span><\/p>\n<p data-pf-type=\"Paragraph\"><a href=\"https:\/\/www.ghostysky.com\/wp-content\/uploads\/2023\/01\/owlm30en111651886273596-1659688727325.webp\"><img decoding=\"async\" class=\"alignnone wp-image-10703 size-large lazyload\" src=\"data:image\/gif;base64,R0lGODlhAQABAAAAACH5BAEKAAEALAAAAAABAAEAAAICTAEAOw==\" alt=\"\" width=\"1024\" height=\"528\" sizes=\"(max-width: 1024px) 100vw, 1024px\" data-src=\"https:\/\/www.ghostysky.com\/wp-content\/uploads\/2023\/01\/owlm30en111651886273596-1659688727325-1024x528.webp\" data-srcset=\"https:\/\/www.ghostysky.com\/wp-content\/uploads\/2023\/01\/owlm30en111651886273596-1659688727325-1024x528.webp 1024w, https:\/\/www.ghostysky.com\/wp-content\/uploads\/2023\/01\/owlm30en111651886273596-1659688727325-300x155.webp 300w, https:\/\/www.ghostysky.com\/wp-content\/uploads\/2023\/01\/owlm30en111651886273596-1659688727325-768x396.webp 768w, https:\/\/www.ghostysky.com\/wp-content\/uploads\/2023\/01\/owlm30en111651886273596-1659688727325-1536x791.webp 1536w, https:\/\/www.ghostysky.com\/wp-content\/uploads\/2023\/01\/owlm30en111651886273596-1659688727325-18x9.webp 18w, https:\/\/www.ghostysky.com\/wp-content\/uploads\/2023\/01\/owlm30en111651886273596-1659688727325-720x371.webp 720w, https:\/\/www.ghostysky.com\/wp-content\/uploads\/2023\/01\/owlm30en111651886273596-1659688727325-600x309.webp 600w, https:\/\/www.ghostysky.com\/wp-content\/uploads\/2023\/01\/owlm30en111651886273596-1659688727325.webp 1980w\"><\/a><\/p>","protected":false},"excerpt":{"rendered":"<p>Paraquedas OWL para drone DJI Matrice S\u00e9rie 30\/30T (Vers\u00e3o Dupla, 2 paraquedas)<\/p>\n<ul>\n<li>\n<div>Design modular e reutiliz\u00e1vel<\/div>\n<\/li>\n<li>\n<div>Fun\u00e7\u00e3o de paddle stop PSDK, elimina completamente o risco de emaranhamento de paraquedas<\/div>\n<\/li>\n<li>\n<div>Grau de prote\u00e7\u00e3o IP45, resist\u00eancia a respingos e \u00e1gua, resistente aos todo o tipo de ambientes de trabalho<\/div>\n<\/li>\n<li>\n<div>F\u00e1cil instala\u00e7\u00e3o, pronto para utiliza\u00e7\u00e3o em todos os voos<\/div>\n<\/li>\n<li style=\"text-align: left;\"><span class=\"text-only\" data-eleid=\"12\">Modelo aconselhado: S\u00e9rie DJI\u00a0Matrice 30<\/span><\/li>\n<\/ul>","protected":false},"featured_media":10708,"comment_status":"open","ping_status":"closed","template":"","meta":[],"product_brand":[],"product_cat":[461,462],"product_tag":[464,466,463,469],"class_list":{"0":"post-10721","1":"product","2":"type-product","3":"status-publish","4":"has-post-thumbnail","6":"product_cat-accessories-2","7":"product_cat-flyfire-parachutes","8":"product_tag-flyfire","9":"product_tag-m30-30t","10":"product_tag-parachute","11":"product_tag-suit-version-m30","13":"first","14":"onbackorder","15":"taxable","16":"shipping-taxable","17":"product-type-simple"},"yoast_head":"<!-- This site is optimized with the Yoast SEO plugin v27.1.1 - https:\/\/yoast.com\/product\/yoast-seo-wordpress\/ -->\n<title>OWL Drone Parachute For DJI Matrice 30\/30T Series (Suit) -<\/title>\n<meta name=\"description\" content=\"OWL Drone Parachute For DJI Matrice 30\/30T Series (Suit Version, 2 parachutes):Modular design and ReusablePSDK paddle stop function, completely cut off the risk of parachute entanglement\" \/>\n<meta name=\"robots\" content=\"index, follow, max-snippet:-1, max-image-preview:large, max-video-preview:-1\" \/>\n<link rel=\"canonical\" href=\"https:\/\/www.ghostysky.com\/pt\/produto-2\/owl-drone-parachute-for-dji-matrice-30-30t-series-suit\/\" \/>\n<meta property=\"og:locale\" content=\"pt_PT\" \/>\n<meta property=\"og:type\" content=\"article\" \/>\n<meta property=\"og:title\" content=\"OWL Drone Parachute For DJI Matrice 30\/30T Series (Suit) -\" \/>\n<meta property=\"og:description\" content=\"OWL Drone Parachute For DJI Matrice 30\/30T Series (Suit Version, 2 parachutes):Modular design and ReusablePSDK paddle stop function, completely cut off the risk of parachute entanglement\" \/>\n<meta property=\"og:url\" content=\"https:\/\/www.ghostysky.com\/pt\/produto-2\/owl-drone-parachute-for-dji-matrice-30-30t-series-suit\/\" \/>\n<meta property=\"og:site_name\" content=\"Ghostysky\" \/>\n<meta property=\"article:publisher\" content=\"https:\/\/www.facebook.com\/people\/Ghostysky\/100057676170234\/\" \/>\n<meta property=\"article:modified_time\" content=\"2025-10-14T11:09:00+00:00\" \/>\n<meta property=\"og:image\" content=\"https:\/\/www.ghostysky.com\/wp-content\/uploads\/2023\/01\/OSW-M30.webp\" \/>\n\t<meta property=\"og:image:width\" content=\"1200\" \/>\n\t<meta property=\"og:image:height\" content=\"675\" \/>\n\t<meta property=\"og:image:type\" content=\"image\/webp\" \/>\n<meta name=\"twitter:card\" content=\"summary_large_image\" \/>\n<meta name=\"twitter:site\" content=\"@Gh0stysky\" \/>\n<meta name=\"twitter:label1\" content=\"Tempo estimado de leitura\" \/>\n\t<meta name=\"twitter:data1\" content=\"2 minutos\" \/>\n<script type=\"application\/ld+json\" class=\"yoast-schema-graph\">{\"@context\":\"https:\/\/schema.org\",\"@graph\":[{\"@type\":\"WebPage\",\"@id\":\"https:\/\/www.ghostysky.com\/product\/owl-drone-parachute-for-dji-matrice-30-30t-series-suit\/\",\"url\":\"https:\/\/www.ghostysky.com\/product\/owl-drone-parachute-for-dji-matrice-30-30t-series-suit\/\",\"name\":\"OWL Drone Parachute For DJI Matrice 30\/30T Series (Suit) -\",\"isPartOf\":{\"@id\":\"https:\/\/www.ghostysky.com\/#website\"},\"primaryImageOfPage\":{\"@id\":\"https:\/\/www.ghostysky.com\/product\/owl-drone-parachute-for-dji-matrice-30-30t-series-suit\/#primaryimage\"},\"image\":{\"@id\":\"https:\/\/www.ghostysky.com\/product\/owl-drone-parachute-for-dji-matrice-30-30t-series-suit\/#primaryimage\"},\"thumbnailUrl\":\"https:\/\/www.ghostysky.com\/wp-content\/uploads\/2023\/01\/OSW-M30.webp\",\"datePublished\":\"2023-01-18T23:27:31+00:00\",\"dateModified\":\"2025-10-14T11:09:00+00:00\",\"description\":\"OWL Drone Parachute For DJI Matrice 30\/30T Series (Suit Version, 2 parachutes):Modular design and ReusablePSDK paddle stop function, completely cut off the risk of parachute entanglement\",\"breadcrumb\":{\"@id\":\"https:\/\/www.ghostysky.com\/product\/owl-drone-parachute-for-dji-matrice-30-30t-series-suit\/#breadcrumb\"},\"inLanguage\":\"pt-PT\",\"potentialAction\":[{\"@type\":\"ReadAction\",\"target\":[\"https:\/\/www.ghostysky.com\/product\/owl-drone-parachute-for-dji-matrice-30-30t-series-suit\/\"]}]},{\"@type\":\"ImageObject\",\"inLanguage\":\"pt-PT\",\"@id\":\"https:\/\/www.ghostysky.com\/product\/owl-drone-parachute-for-dji-matrice-30-30t-series-suit\/#primaryimage\",\"url\":\"https:\/\/www.ghostysky.com\/wp-content\/uploads\/2023\/01\/OSW-M30.webp\",\"contentUrl\":\"https:\/\/www.ghostysky.com\/wp-content\/uploads\/2023\/01\/OSW-M30.webp\",\"width\":1200,\"height\":675},{\"@type\":\"BreadcrumbList\",\"@id\":\"https:\/\/www.ghostysky.com\/product\/owl-drone-parachute-for-dji-matrice-30-30t-series-suit\/#breadcrumb\",\"itemListElement\":[{\"@type\":\"ListItem\",\"position\":1,\"name\":\"Home\",\"item\":\"https:\/\/www.ghostysky.com\/\"},{\"@type\":\"ListItem\",\"position\":2,\"name\":\"Shop\",\"item\":\"https:\/\/www.ghostysky.com\/shop\/\"},{\"@type\":\"ListItem\",\"position\":3,\"name\":\"OWL Drone Parachute For DJI Matrice 30\/30T Series (Suit)\"}]},{\"@type\":\"WebSite\",\"@id\":\"https:\/\/www.ghostysky.com\/#website\",\"url\":\"https:\/\/www.ghostysky.com\/\",\"name\":\"Ghostysky\",\"description\":\"Delivering professional drones and services\",\"publisher\":{\"@id\":\"https:\/\/www.ghostysky.com\/#organization\"},\"potentialAction\":[{\"@type\":\"SearchAction\",\"target\":{\"@type\":\"EntryPoint\",\"urlTemplate\":\"https:\/\/www.ghostysky.com\/?s={search_term_string}\"},\"query-input\":{\"@type\":\"PropertyValueSpecification\",\"valueRequired\":true,\"valueName\":\"search_term_string\"}}],\"inLanguage\":\"pt-PT\"},{\"@type\":\"Organization\",\"@id\":\"https:\/\/www.ghostysky.com\/#organization\",\"name\":\"Ghostysky\",\"url\":\"https:\/\/www.ghostysky.com\/\",\"logo\":{\"@type\":\"ImageObject\",\"inLanguage\":\"pt-PT\",\"@id\":\"https:\/\/www.ghostysky.com\/#\/schema\/logo\/image\/\",\"url\":\"https:\/\/www.ghostysky.com\/wp-content\/uploads\/2020\/06\/cropped-ghostyskylogo_text_white2.png\",\"contentUrl\":\"https:\/\/www.ghostysky.com\/wp-content\/uploads\/2020\/06\/cropped-ghostyskylogo_text_white2.png\",\"width\":169,\"height\":56,\"caption\":\"Ghostysky\"},\"image\":{\"@id\":\"https:\/\/www.ghostysky.com\/#\/schema\/logo\/image\/\"},\"sameAs\":[\"https:\/\/www.facebook.com\/people\/Ghostysky\/100057676170234\/\",\"https:\/\/x.com\/Gh0stysky\",\"https:\/\/www.linkedin.com\/company\/34739653\",\"https:\/\/www.instagram.com\/gh0stysky\"]}]}<\/script>\n<!-- \/ Yoast SEO plugin. -->","yoast_head_json":{"title":"P\u00e1ra-quedas de drone OWL para DJI Matrice s\u00e9rie 30\/30T (terno) -","description":"P\u00e1ra-quedas OWL Drone para DJI Matrice S\u00e9rie 30\/30T (vers\u00e3o Suit, 2 p\u00e1ra-quedas): Design modular e fun\u00e7\u00e3o de parada de remo PSDK reutiliz\u00e1vel, elimina completamente o risco de emaranhamento do p\u00e1ra-quedas","robots":{"index":"index","follow":"follow","max-snippet":"max-snippet:-1","max-image-preview":"max-image-preview:large","max-video-preview":"max-video-preview:-1"},"canonical":"https:\/\/www.ghostysky.com\/pt\/produto-2\/owl-drone-parachute-for-dji-matrice-30-30t-series-suit\/","og_locale":"pt_PT","og_type":"article","og_title":"OWL Drone Parachute For DJI Matrice 30\/30T Series (Suit) -","og_description":"OWL Drone Parachute For DJI Matrice 30\/30T Series (Suit Version, 2 parachutes):Modular design and ReusablePSDK paddle stop function, completely cut off the risk of parachute entanglement","og_url":"https:\/\/www.ghostysky.com\/pt\/produto-2\/owl-drone-parachute-for-dji-matrice-30-30t-series-suit\/","og_site_name":"Ghostysky","article_publisher":"https:\/\/www.facebook.com\/people\/Ghostysky\/100057676170234\/","article_modified_time":"2025-10-14T11:09:00+00:00","og_image":[{"width":1200,"height":675,"url":"https:\/\/www.ghostysky.com\/wp-content\/uploads\/2023\/01\/OSW-M30.webp","type":"image\/webp"}],"twitter_card":"summary_large_image","twitter_site":"@Gh0stysky","twitter_misc":{"Tempo estimado de leitura":"2 minutos"},"schema":{"@context":"https:\/\/schema.org","@graph":[{"@type":"WebPage","@id":"https:\/\/www.ghostysky.com\/product\/owl-drone-parachute-for-dji-matrice-30-30t-series-suit\/","url":"https:\/\/www.ghostysky.com\/product\/owl-drone-parachute-for-dji-matrice-30-30t-series-suit\/","name":"P\u00e1ra-quedas de drone OWL para DJI Matrice s\u00e9rie 30\/30T (terno) -","isPartOf":{"@id":"https:\/\/www.ghostysky.com\/#website"},"primaryImageOfPage":{"@id":"https:\/\/www.ghostysky.com\/product\/owl-drone-parachute-for-dji-matrice-30-30t-series-suit\/#primaryimage"},"image":{"@id":"https:\/\/www.ghostysky.com\/product\/owl-drone-parachute-for-dji-matrice-30-30t-series-suit\/#primaryimage"},"thumbnailUrl":"https:\/\/www.ghostysky.com\/wp-content\/uploads\/2023\/01\/OSW-M30.webp","datePublished":"2023-01-18T23:27:31+00:00","dateModified":"2025-10-14T11:09:00+00:00","description":"P\u00e1ra-quedas OWL Drone para DJI Matrice S\u00e9rie 30\/30T (vers\u00e3o Suit, 2 p\u00e1ra-quedas): Design modular e fun\u00e7\u00e3o de parada de remo PSDK reutiliz\u00e1vel, elimina completamente o risco de emaranhamento do p\u00e1ra-quedas","breadcrumb":{"@id":"https:\/\/www.ghostysky.com\/product\/owl-drone-parachute-for-dji-matrice-30-30t-series-suit\/#breadcrumb"},"inLanguage":"pt-PT","potentialAction":[{"@type":"ReadAction","target":["https:\/\/www.ghostysky.com\/product\/owl-drone-parachute-for-dji-matrice-30-30t-series-suit\/"]}]},{"@type":"ImageObject","inLanguage":"pt-PT","@id":"https:\/\/www.ghostysky.com\/product\/owl-drone-parachute-for-dji-matrice-30-30t-series-suit\/#primaryimage","url":"https:\/\/www.ghostysky.com\/wp-content\/uploads\/2023\/01\/OSW-M30.webp","contentUrl":"https:\/\/www.ghostysky.com\/wp-content\/uploads\/2023\/01\/OSW-M30.webp","width":1200,"height":675},{"@type":"BreadcrumbList","@id":"https:\/\/www.ghostysky.com\/product\/owl-drone-parachute-for-dji-matrice-30-30t-series-suit\/#breadcrumb","itemListElement":[{"@type":"ListItem","position":1,"name":"Home","item":"https:\/\/www.ghostysky.com\/"},{"@type":"ListItem","position":2,"name":"Shop","item":"https:\/\/www.ghostysky.com\/shop\/"},{"@type":"ListItem","position":3,"name":"OWL Drone Parachute For DJI Matrice 30\/30T Series (Suit)"}]},{"@type":"WebSite","@id":"https:\/\/www.ghostysky.com\/#website","url":"https:\/\/www.ghostysky.com\/","name":"Ghostysky","description":"Fornecendo drones e servi\u00e7os profissionais","publisher":{"@id":"https:\/\/www.ghostysky.com\/#organization"},"potentialAction":[{"@type":"SearchAction","target":{"@type":"EntryPoint","urlTemplate":"https:\/\/www.ghostysky.com\/?s={search_term_string}"},"query-input":{"@type":"PropertyValueSpecification","valueRequired":true,"valueName":"search_term_string"}}],"inLanguage":"pt-PT"},{"@type":"Organization","@id":"https:\/\/www.ghostysky.com\/#organization","name":"Ghostysky","url":"https:\/\/www.ghostysky.com\/","logo":{"@type":"ImageObject","inLanguage":"pt-PT","@id":"https:\/\/www.ghostysky.com\/#\/schema\/logo\/image\/","url":"https:\/\/www.ghostysky.com\/wp-content\/uploads\/2020\/06\/cropped-ghostyskylogo_text_white2.png","contentUrl":"https:\/\/www.ghostysky.com\/wp-content\/uploads\/2020\/06\/cropped-ghostyskylogo_text_white2.png","width":169,"height":56,"caption":"Ghostysky"},"image":{"@id":"https:\/\/www.ghostysky.com\/#\/schema\/logo\/image\/"},"sameAs":["https:\/\/www.facebook.com\/people\/Ghostysky\/100057676170234\/","https:\/\/x.com\/Gh0stysky","https:\/\/www.linkedin.com\/company\/34739653","https:\/\/www.instagram.com\/gh0stysky"]}]}},"_links":{"self":[{"href":"https:\/\/www.ghostysky.com\/pt\/wp-json\/wp\/v2\/product\/10721","targetHints":{"allow":["GET"]}}],"collection":[{"href":"https:\/\/www.ghostysky.com\/pt\/wp-json\/wp\/v2\/product"}],"about":[{"href":"https:\/\/www.ghostysky.com\/pt\/wp-json\/wp\/v2\/types\/product"}],"replies":[{"embeddable":true,"href":"https:\/\/www.ghostysky.com\/pt\/wp-json\/wp\/v2\/comments?post=10721"}],"wp:featuredmedia":[{"embeddable":true,"href":"https:\/\/www.ghostysky.com\/pt\/wp-json\/wp\/v2\/media\/10708"}],"wp:attachment":[{"href":"https:\/\/www.ghostysky.com\/pt\/wp-json\/wp\/v2\/media?parent=10721"}],"wp:term":[{"taxonomy":"product_brand","embeddable":true,"href":"https:\/\/www.ghostysky.com\/pt\/wp-json\/wp\/v2\/product_brand?post=10721"},{"taxonomy":"product_cat","embeddable":true,"href":"https:\/\/www.ghostysky.com\/pt\/wp-json\/wp\/v2\/product_cat?post=10721"},{"taxonomy":"product_tag","embeddable":true,"href":"https:\/\/www.ghostysky.com\/pt\/wp-json\/wp\/v2\/product_tag?post=10721"}],"curies":[{"name":"wp","href":"https:\/\/api.w.org\/{rel}","templated":true}]}}