{"id":10761,"date":"2023-01-19T10:50:05","date_gmt":"2023-01-19T10:50:05","guid":{"rendered":"https:\/\/www.ghostysky.com\/?post_type=product&#038;p=10761"},"modified":"2025-10-14T11:01:27","modified_gmt":"2025-10-14T11:01:27","slug":"manti-3-plus-drone-parachute-dji-mavic-suit","status":"publish","type":"product","link":"https:\/\/www.ghostysky.com\/pt\/product\/manti-3-plus-drone-parachute-dji-mavic-suit\/","title":{"rendered":"Paraquedas Manti 3 Plus para Drone DJI Mavic (duplo)"},"content":{"rendered":"<h3><a href=\"https:\/\/www.ghostysky.com\/wp-content\/uploads\/2023\/01\/flyfire-manti-3-1660803629709.webp\"><img fetchpriority=\"high\" decoding=\"async\" class=\"alignnone wp-image-10752 size-large lazyload\" src=\"data:image\/gif;base64,R0lGODlhAQABAAAAACH5BAEKAAEALAAAAAABAAEAAAICTAEAOw==\" alt=\"\" width=\"1024\" height=\"347\" sizes=\"(max-width: 1024px) 100vw, 1024px\" data-src=\"https:\/\/www.ghostysky.com\/wp-content\/uploads\/2023\/01\/flyfire-manti-3-1660803629709-1024x347.webp\" data-srcset=\"https:\/\/www.ghostysky.com\/wp-content\/uploads\/2023\/01\/flyfire-manti-3-1660803629709-1024x347.webp 1024w, https:\/\/www.ghostysky.com\/wp-content\/uploads\/2023\/01\/flyfire-manti-3-1660803629709-300x102.webp 300w, https:\/\/www.ghostysky.com\/wp-content\/uploads\/2023\/01\/flyfire-manti-3-1660803629709-768x260.webp 768w, https:\/\/www.ghostysky.com\/wp-content\/uploads\/2023\/01\/flyfire-manti-3-1660803629709-1536x520.webp 1536w, https:\/\/www.ghostysky.com\/wp-content\/uploads\/2023\/01\/flyfire-manti-3-1660803629709-18x6.webp 18w, https:\/\/www.ghostysky.com\/wp-content\/uploads\/2023\/01\/flyfire-manti-3-1660803629709-720x244.webp 720w, https:\/\/www.ghostysky.com\/wp-content\/uploads\/2023\/01\/flyfire-manti-3-1660803629709-600x203.webp 600w, https:\/\/www.ghostysky.com\/wp-content\/uploads\/2023\/01\/flyfire-manti-3-1660803629709.webp 1920w\"><\/a><\/h3>\n<h3>Estructura de paraquedas substitu\u00edvel<\/h3>\n<p>\u00c9 mais conveniente reutilizar e tem uma variedade de op\u00e7\u00f5es de desempenho de seguran\u00e7a<\/p>\n<p>A nova gera\u00e7\u00e3o do Manti adopta um design de estrutura de paraquedas substitu\u00edvel. A estructura que suporta o paraquedas inclui unidades de energia e ferramentas.<\/p>\n<p>Depois de resgatar a aeronave, a estructura do paraquedas pode ser substitu\u00edda rapidamente. Ao mesmo tempo, est\u00e3o dispon\u00edveis as vers\u00f5es standard e plus, ambas comuns, para se adaptarem a mais modelos<\/p>\n<p>*Ao mudar de paraquedas Manti 3 para paraquedas 3 plus para se adaptar aos UAVs da s\u00e9rie Phantom, certifique-se de alterar a vers\u00e3o do software Manti para a vers\u00e3o Phantom.<\/p>\n<h3 class=\"sc-ehIJor eZpnKY pf-194_\" data-pf-type=\"Paragraph\"><span class=\"sc-BHvUt fJlZte pf-196_\" data-pf-type=\"Text\">Processador ARM de 32-bits<\/span><\/h3>\n<p class=\"sc-ehIJor eZpnKY pf-197_\" data-pf-type=\"Paragraph\"><span class=\"sc-BHvUt fJlZte pf-199_\" data-pf-type=\"Text\">A atitude omnidirecional e os dados do bar\u00f4metro s\u00e3o coletados e processados \u200b\u200bem tempo real afim de obter o estado de voo do UAV em milissegundos. O IMU e bar\u00f4metro devolvem as pontua\u00e7\u00f5es. Ao perceber que o UAV est\u00e1 em uma situa\u00e7\u00e3o perigosa, voc\u00ea pode responder instantaneamente em 0,5 segundos e, em seguida, emitir o comando de abertura do paraquedas, para que possa pousar o drone com calma e sem p\u00e2nico.<\/span><\/p>\n<h3 class=\"sc-ehIJor eZpnKY pf-206_\" data-pf-type=\"Paragraph\"><span class=\"sc-BHvUt fJlZte pf-208_\" data-pf-type=\"Text\">Longa resist\u00eancia<\/span><\/h3>\n<p class=\"sc-ehIJor eZpnKY pf-209_\" data-pf-type=\"Paragraph\"><span class=\"sc-BHvUt fJlZte pf-211_\" data-pf-type=\"Text\">A bateria de 150 mA oferece uma experi\u00eancia de autonomia consistente. Voc\u00ea pode carregar o UAV por 30 minutos de cada vez, \u00d7 6 vezes a autonomia do v\u00f4o. A energia da bateria pode ser visualizada imediatamente e a fun\u00e7\u00e3o de alarme de energia.<\/span><\/p>\n<p data-pf-type=\"Paragraph\"><a href=\"https:\/\/www.ghostysky.com\/wp-content\/uploads\/2023\/01\/manti3__1641455737310-1659604383113.webp\"><img decoding=\"async\" class=\"alignnone wp-image-10753 size-large lazyload\" src=\"data:image\/gif;base64,R0lGODlhAQABAAAAACH5BAEKAAEALAAAAAABAAEAAAICTAEAOw==\" alt=\"\" width=\"1024\" height=\"576\" sizes=\"(max-width: 1024px) 100vw, 1024px\" data-src=\"https:\/\/www.ghostysky.com\/wp-content\/uploads\/2023\/01\/manti3__1641455737310-1659604383113-1024x576.webp\" data-srcset=\"https:\/\/www.ghostysky.com\/wp-content\/uploads\/2023\/01\/manti3__1641455737310-1659604383113-1024x576.webp 1024w, https:\/\/www.ghostysky.com\/wp-content\/uploads\/2023\/01\/manti3__1641455737310-1659604383113-300x169.webp 300w, https:\/\/www.ghostysky.com\/wp-content\/uploads\/2023\/01\/manti3__1641455737310-1659604383113-768x432.webp 768w, https:\/\/www.ghostysky.com\/wp-content\/uploads\/2023\/01\/manti3__1641455737310-1659604383113-1536x864.webp 1536w, https:\/\/www.ghostysky.com\/wp-content\/uploads\/2023\/01\/manti3__1641455737310-1659604383113-18x10.webp 18w, https:\/\/www.ghostysky.com\/wp-content\/uploads\/2023\/01\/manti3__1641455737310-1659604383113-720x405.webp 720w, https:\/\/www.ghostysky.com\/wp-content\/uploads\/2023\/01\/manti3__1641455737310-1659604383113-600x338.webp 600w, https:\/\/www.ghostysky.com\/wp-content\/uploads\/2023\/01\/manti3__1641455737310-1659604383113.webp 1920w\"><\/a><a href=\"https:\/\/www.ghostysky.com\/wp-content\/uploads\/2023\/01\/imu_zitai_neicun52_1641455737268-1659604001877.webp\"><img decoding=\"async\" class=\"alignnone wp-image-10755 size-large lazyload\" src=\"data:image\/gif;base64,R0lGODlhAQABAAAAACH5BAEKAAEALAAAAAABAAEAAAICTAEAOw==\" alt=\"\" width=\"1024\" height=\"576\" sizes=\"(max-width: 1024px) 100vw, 1024px\" data-src=\"https:\/\/www.ghostysky.com\/wp-content\/uploads\/2023\/01\/imu_zitai_neicun52_1641455737268-1659604001877-1024x576.webp\" data-srcset=\"https:\/\/www.ghostysky.com\/wp-content\/uploads\/2023\/01\/imu_zitai_neicun52_1641455737268-1659604001877-1024x576.webp 1024w, https:\/\/www.ghostysky.com\/wp-content\/uploads\/2023\/01\/imu_zitai_neicun52_1641455737268-1659604001877-300x169.webp 300w, https:\/\/www.ghostysky.com\/wp-content\/uploads\/2023\/01\/imu_zitai_neicun52_1641455737268-1659604001877-768x432.webp 768w, https:\/\/www.ghostysky.com\/wp-content\/uploads\/2023\/01\/imu_zitai_neicun52_1641455737268-1659604001877-1536x864.webp 1536w, https:\/\/www.ghostysky.com\/wp-content\/uploads\/2023\/01\/imu_zitai_neicun52_1641455737268-1659604001877-18x10.webp 18w, https:\/\/www.ghostysky.com\/wp-content\/uploads\/2023\/01\/imu_zitai_neicun52_1641455737268-1659604001877-720x405.webp 720w, https:\/\/www.ghostysky.com\/wp-content\/uploads\/2023\/01\/imu_zitai_neicun52_1641455737268-1659604001877-600x338.webp 600w, https:\/\/www.ghostysky.com\/wp-content\/uploads\/2023\/01\/imu_zitai_neicun52_1641455737268-1659604001877.webp 1920w\"><\/a> <a href=\"https:\/\/www.ghostysky.com\/wp-content\/uploads\/2023\/01\/5_2_1641455737192-1659604368843.webp\"><img loading=\"lazy\" decoding=\"async\" class=\"alignnone wp-image-10754 size-large lazyload\" src=\"data:image\/gif;base64,R0lGODlhAQABAAAAACH5BAEKAAEALAAAAAABAAEAAAICTAEAOw==\" alt=\"\" width=\"1024\" height=\"576\" sizes=\"(max-width: 1024px) 100vw, 1024px\" data-src=\"https:\/\/www.ghostysky.com\/wp-content\/uploads\/2023\/01\/5_2_1641455737192-1659604368843-1024x576.webp\" data-srcset=\"https:\/\/www.ghostysky.com\/wp-content\/uploads\/2023\/01\/5_2_1641455737192-1659604368843-1024x576.webp 1024w, https:\/\/www.ghostysky.com\/wp-content\/uploads\/2023\/01\/5_2_1641455737192-1659604368843-300x169.webp 300w, https:\/\/www.ghostysky.com\/wp-content\/uploads\/2023\/01\/5_2_1641455737192-1659604368843-768x432.webp 768w, https:\/\/www.ghostysky.com\/wp-content\/uploads\/2023\/01\/5_2_1641455737192-1659604368843-1536x864.webp 1536w, https:\/\/www.ghostysky.com\/wp-content\/uploads\/2023\/01\/5_2_1641455737192-1659604368843-18x10.webp 18w, https:\/\/www.ghostysky.com\/wp-content\/uploads\/2023\/01\/5_2_1641455737192-1659604368843-720x405.webp 720w, https:\/\/www.ghostysky.com\/wp-content\/uploads\/2023\/01\/5_2_1641455737192-1659604368843-600x338.webp 600w, https:\/\/www.ghostysky.com\/wp-content\/uploads\/2023\/01\/5_2_1641455737192-1659604368843.webp 1920w\"><\/a><\/p>\n<p data-pf-type=\"Paragraph\"><a href=\"https:\/\/www.ghostysky.com\/wp-content\/uploads\/2023\/01\/Manti-Manti_Plus_TechSpecs.jpg\"><img loading=\"lazy\" decoding=\"async\" class=\"alignnone wp-image-10857 size-full lazyload\" src=\"data:image\/gif;base64,R0lGODlhAQABAAAAACH5BAEKAAEALAAAAAABAAEAAAICTAEAOw==\" alt=\"\" width=\"846\" height=\"627\" sizes=\"(max-width: 846px) 100vw, 846px\" data-src=\"https:\/\/www.ghostysky.com\/wp-content\/uploads\/2023\/01\/Manti-Manti_Plus_TechSpecs.jpg\" data-srcset=\"https:\/\/www.ghostysky.com\/wp-content\/uploads\/2023\/01\/Manti-Manti_Plus_TechSpecs.jpg 846w, https:\/\/www.ghostysky.com\/wp-content\/uploads\/2023\/01\/Manti-Manti_Plus_TechSpecs-300x222.jpg 300w, https:\/\/www.ghostysky.com\/wp-content\/uploads\/2023\/01\/Manti-Manti_Plus_TechSpecs-768x569.jpg 768w, https:\/\/www.ghostysky.com\/wp-content\/uploads\/2023\/01\/Manti-Manti_Plus_TechSpecs-16x12.jpg 16w, https:\/\/www.ghostysky.com\/wp-content\/uploads\/2023\/01\/Manti-Manti_Plus_TechSpecs-720x534.jpg 720w, https:\/\/www.ghostysky.com\/wp-content\/uploads\/2023\/01\/Manti-Manti_Plus_TechSpecs-600x445.jpg 600w\"><\/a><\/p>","protected":false},"excerpt":{"rendered":"<p>Paraquedas Manti 3 Plus para Drone DJI Mavic (Vers\u00e3o dupla -  2 Paraquedas)<\/p>\n<ul>\n<li>A \u00e1rea do paraquedas \u00e9 1,1 vezes a do Manti 3<\/li>\n<li>\n<div>Design de estructura de paraquedas substitu\u00edvel<\/div>\n<\/li>\n<li>\n<div>Longa resist\u00eancia com bateria de 150mAh<\/div>\n<\/li>\n<li>\n<div>Leve, n\u00e3o afecta a vida \u00fatil da bateria do drone<\/div>\n<\/li>\n<li>\n<div>Processador ARM de 32 bits, largada instant\u00e2nea de paraquedas em 0,5 segundos<\/div>\n<\/li>\n<li style=\"text-align: left;\"><span class=\"text-only\" data-eleid=\"12\">Modelos recomendados: Dji Mavic Air 2\/2s, Mavic 2\/3, Mavic Pro!<\/span><\/li>\n<\/ul>","protected":false},"featured_media":10785,"comment_status":"open","ping_status":"closed","template":"","meta":[],"product_brand":[],"product_cat":[461,462],"product_tag":[472,471,473],"class_list":{"0":"post-10761","1":"product","2":"type-product","3":"status-publish","4":"has-post-thumbnail","6":"product_cat-accessories-2","7":"product_cat-flyfire-parachutes","8":"product_tag-dji-mavic","9":"product_tag-manti-3-plus","10":"product_tag-manti-3-plus-suit","12":"first","13":"onbackorder","14":"taxable","15":"shipping-taxable","16":"product-type-simple"},"yoast_head":"<!-- This site is optimized with the Yoast SEO plugin v27.1.1 - https:\/\/yoast.com\/product\/yoast-seo-wordpress\/ -->\n<title>Manti 3 Plus Drone Parachute DJI Mavic (Suit) - Ghostysky<\/title>\n<meta name=\"robots\" content=\"index, follow, max-snippet:-1, max-image-preview:large, max-video-preview:-1\" \/>\n<link rel=\"canonical\" href=\"https:\/\/www.ghostysky.com\/pt\/produto-2\/manti-3-plus-drone-parachute-dji-mavic-suit\/\" \/>\n<meta property=\"og:locale\" content=\"pt_PT\" \/>\n<meta property=\"og:type\" content=\"article\" \/>\n<meta property=\"og:title\" content=\"Manti 3 Plus Drone Parachute DJI Mavic (Suit) - Ghostysky\" \/>\n<meta property=\"og:description\" content=\"Manti 3 Plus Drone Parachute DJI Mavic (Suit Version - 2 Parachutes)   Parachute area is 1.1 times that of the Manti 3   Replaceable parachute cabin design   Long endurance with 150mAh battery   Light weight, does not affect the battery life of the drone   32-bit ARM processor, instant deploy parachute in 0.5 seconds  Suitable model: Dji Mavic\u00a0Air 2\/2s, Mavic 2\/3, Mavic Pro\" \/>\n<meta property=\"og:url\" content=\"https:\/\/www.ghostysky.com\/pt\/produto-2\/manti-3-plus-drone-parachute-dji-mavic-suit\/\" \/>\n<meta property=\"og:site_name\" content=\"Ghostysky\" \/>\n<meta property=\"article:publisher\" content=\"https:\/\/www.facebook.com\/people\/Ghostysky\/100057676170234\/\" \/>\n<meta property=\"article:modified_time\" content=\"2025-10-14T11:01:27+00:00\" \/>\n<meta property=\"og:image\" content=\"https:\/\/www.ghostysky.com\/wp-content\/uploads\/2023\/01\/manti3_3_1120x.webp\" \/>\n\t<meta property=\"og:image:width\" content=\"1000\" \/>\n\t<meta property=\"og:image:height\" content=\"1000\" \/>\n\t<meta property=\"og:image:type\" content=\"image\/webp\" \/>\n<meta name=\"twitter:card\" content=\"summary_large_image\" \/>\n<meta name=\"twitter:site\" content=\"@Gh0stysky\" \/>\n<meta name=\"twitter:label1\" content=\"Tempo estimado de leitura\" \/>\n\t<meta name=\"twitter:data1\" content=\"3 minutos\" \/>\n<script type=\"application\/ld+json\" class=\"yoast-schema-graph\">{\"@context\":\"https:\/\/schema.org\",\"@graph\":[{\"@type\":\"WebPage\",\"@id\":\"https:\/\/www.ghostysky.com\/product\/manti-3-plus-drone-parachute-dji-mavic-suit\/\",\"url\":\"https:\/\/www.ghostysky.com\/product\/manti-3-plus-drone-parachute-dji-mavic-suit\/\",\"name\":\"Manti 3 Plus Drone Parachute DJI Mavic (Suit) - Ghostysky\",\"isPartOf\":{\"@id\":\"https:\/\/www.ghostysky.com\/#website\"},\"primaryImageOfPage\":{\"@id\":\"https:\/\/www.ghostysky.com\/product\/manti-3-plus-drone-parachute-dji-mavic-suit\/#primaryimage\"},\"image\":{\"@id\":\"https:\/\/www.ghostysky.com\/product\/manti-3-plus-drone-parachute-dji-mavic-suit\/#primaryimage\"},\"thumbnailUrl\":\"https:\/\/www.ghostysky.com\/wp-content\/uploads\/2023\/01\/manti3_3_1120x.webp\",\"datePublished\":\"2023-01-19T10:50:05+00:00\",\"dateModified\":\"2025-10-14T11:01:27+00:00\",\"breadcrumb\":{\"@id\":\"https:\/\/www.ghostysky.com\/product\/manti-3-plus-drone-parachute-dji-mavic-suit\/#breadcrumb\"},\"inLanguage\":\"pt-PT\",\"potentialAction\":[{\"@type\":\"ReadAction\",\"target\":[\"https:\/\/www.ghostysky.com\/product\/manti-3-plus-drone-parachute-dji-mavic-suit\/\"]}]},{\"@type\":\"ImageObject\",\"inLanguage\":\"pt-PT\",\"@id\":\"https:\/\/www.ghostysky.com\/product\/manti-3-plus-drone-parachute-dji-mavic-suit\/#primaryimage\",\"url\":\"https:\/\/www.ghostysky.com\/wp-content\/uploads\/2023\/01\/manti3_3_1120x.webp\",\"contentUrl\":\"https:\/\/www.ghostysky.com\/wp-content\/uploads\/2023\/01\/manti3_3_1120x.webp\",\"width\":1000,\"height\":1000},{\"@type\":\"BreadcrumbList\",\"@id\":\"https:\/\/www.ghostysky.com\/product\/manti-3-plus-drone-parachute-dji-mavic-suit\/#breadcrumb\",\"itemListElement\":[{\"@type\":\"ListItem\",\"position\":1,\"name\":\"Home\",\"item\":\"https:\/\/www.ghostysky.com\/\"},{\"@type\":\"ListItem\",\"position\":2,\"name\":\"Shop\",\"item\":\"https:\/\/www.ghostysky.com\/shop\/\"},{\"@type\":\"ListItem\",\"position\":3,\"name\":\"Manti 3 Plus Drone Parachute DJI Mavic (Suit)\"}]},{\"@type\":\"WebSite\",\"@id\":\"https:\/\/www.ghostysky.com\/#website\",\"url\":\"https:\/\/www.ghostysky.com\/\",\"name\":\"Ghostysky\",\"description\":\"Delivering professional drones and services\",\"publisher\":{\"@id\":\"https:\/\/www.ghostysky.com\/#organization\"},\"potentialAction\":[{\"@type\":\"SearchAction\",\"target\":{\"@type\":\"EntryPoint\",\"urlTemplate\":\"https:\/\/www.ghostysky.com\/?s={search_term_string}\"},\"query-input\":{\"@type\":\"PropertyValueSpecification\",\"valueRequired\":true,\"valueName\":\"search_term_string\"}}],\"inLanguage\":\"pt-PT\"},{\"@type\":\"Organization\",\"@id\":\"https:\/\/www.ghostysky.com\/#organization\",\"name\":\"Ghostysky\",\"url\":\"https:\/\/www.ghostysky.com\/\",\"logo\":{\"@type\":\"ImageObject\",\"inLanguage\":\"pt-PT\",\"@id\":\"https:\/\/www.ghostysky.com\/#\/schema\/logo\/image\/\",\"url\":\"https:\/\/www.ghostysky.com\/wp-content\/uploads\/2020\/06\/cropped-ghostyskylogo_text_white2.png\",\"contentUrl\":\"https:\/\/www.ghostysky.com\/wp-content\/uploads\/2020\/06\/cropped-ghostyskylogo_text_white2.png\",\"width\":169,\"height\":56,\"caption\":\"Ghostysky\"},\"image\":{\"@id\":\"https:\/\/www.ghostysky.com\/#\/schema\/logo\/image\/\"},\"sameAs\":[\"https:\/\/www.facebook.com\/people\/Ghostysky\/100057676170234\/\",\"https:\/\/x.com\/Gh0stysky\",\"https:\/\/www.linkedin.com\/company\/34739653\",\"https:\/\/www.instagram.com\/gh0stysky\"]}]}<\/script>\n<!-- \/ Yoast SEO plugin. -->","yoast_head_json":{"title":"Manti 3 Plus Drone Paraquedas DJI Mavic (Terno) - Ghostysky","robots":{"index":"index","follow":"follow","max-snippet":"max-snippet:-1","max-image-preview":"max-image-preview:large","max-video-preview":"max-video-preview:-1"},"canonical":"https:\/\/www.ghostysky.com\/pt\/produto-2\/manti-3-plus-drone-parachute-dji-mavic-suit\/","og_locale":"pt_PT","og_type":"article","og_title":"Manti 3 Plus Drone Parachute DJI Mavic (Suit) - Ghostysky","og_description":"Manti 3 Plus Drone Parachute DJI Mavic (Suit Version - 2 Parachutes)   Parachute area is 1.1 times that of the Manti 3   Replaceable parachute cabin design   Long endurance with 150mAh battery   Light weight, does not affect the battery life of the drone   32-bit ARM processor, instant deploy parachute in 0.5 seconds  Suitable model: Dji Mavic\u00a0Air 2\/2s, Mavic 2\/3, Mavic Pro","og_url":"https:\/\/www.ghostysky.com\/pt\/produto-2\/manti-3-plus-drone-parachute-dji-mavic-suit\/","og_site_name":"Ghostysky","article_publisher":"https:\/\/www.facebook.com\/people\/Ghostysky\/100057676170234\/","article_modified_time":"2025-10-14T11:01:27+00:00","og_image":[{"width":1000,"height":1000,"url":"https:\/\/www.ghostysky.com\/wp-content\/uploads\/2023\/01\/manti3_3_1120x.webp","type":"image\/webp"}],"twitter_card":"summary_large_image","twitter_site":"@Gh0stysky","twitter_misc":{"Tempo estimado de leitura":"3 minutos"},"schema":{"@context":"https:\/\/schema.org","@graph":[{"@type":"WebPage","@id":"https:\/\/www.ghostysky.com\/product\/manti-3-plus-drone-parachute-dji-mavic-suit\/","url":"https:\/\/www.ghostysky.com\/product\/manti-3-plus-drone-parachute-dji-mavic-suit\/","name":"Manti 3 Plus Drone Paraquedas DJI Mavic (Terno) - Ghostysky","isPartOf":{"@id":"https:\/\/www.ghostysky.com\/#website"},"primaryImageOfPage":{"@id":"https:\/\/www.ghostysky.com\/product\/manti-3-plus-drone-parachute-dji-mavic-suit\/#primaryimage"},"image":{"@id":"https:\/\/www.ghostysky.com\/product\/manti-3-plus-drone-parachute-dji-mavic-suit\/#primaryimage"},"thumbnailUrl":"https:\/\/www.ghostysky.com\/wp-content\/uploads\/2023\/01\/manti3_3_1120x.webp","datePublished":"2023-01-19T10:50:05+00:00","dateModified":"2025-10-14T11:01:27+00:00","breadcrumb":{"@id":"https:\/\/www.ghostysky.com\/product\/manti-3-plus-drone-parachute-dji-mavic-suit\/#breadcrumb"},"inLanguage":"pt-PT","potentialAction":[{"@type":"ReadAction","target":["https:\/\/www.ghostysky.com\/product\/manti-3-plus-drone-parachute-dji-mavic-suit\/"]}]},{"@type":"ImageObject","inLanguage":"pt-PT","@id":"https:\/\/www.ghostysky.com\/product\/manti-3-plus-drone-parachute-dji-mavic-suit\/#primaryimage","url":"https:\/\/www.ghostysky.com\/wp-content\/uploads\/2023\/01\/manti3_3_1120x.webp","contentUrl":"https:\/\/www.ghostysky.com\/wp-content\/uploads\/2023\/01\/manti3_3_1120x.webp","width":1000,"height":1000},{"@type":"BreadcrumbList","@id":"https:\/\/www.ghostysky.com\/product\/manti-3-plus-drone-parachute-dji-mavic-suit\/#breadcrumb","itemListElement":[{"@type":"ListItem","position":1,"name":"Home","item":"https:\/\/www.ghostysky.com\/"},{"@type":"ListItem","position":2,"name":"Shop","item":"https:\/\/www.ghostysky.com\/shop\/"},{"@type":"ListItem","position":3,"name":"Manti 3 Plus Drone Parachute DJI Mavic (Suit)"}]},{"@type":"WebSite","@id":"https:\/\/www.ghostysky.com\/#website","url":"https:\/\/www.ghostysky.com\/","name":"Ghostysky","description":"Fornecendo drones e servi\u00e7os profissionais","publisher":{"@id":"https:\/\/www.ghostysky.com\/#organization"},"potentialAction":[{"@type":"SearchAction","target":{"@type":"EntryPoint","urlTemplate":"https:\/\/www.ghostysky.com\/?s={search_term_string}"},"query-input":{"@type":"PropertyValueSpecification","valueRequired":true,"valueName":"search_term_string"}}],"inLanguage":"pt-PT"},{"@type":"Organization","@id":"https:\/\/www.ghostysky.com\/#organization","name":"Ghostysky","url":"https:\/\/www.ghostysky.com\/","logo":{"@type":"ImageObject","inLanguage":"pt-PT","@id":"https:\/\/www.ghostysky.com\/#\/schema\/logo\/image\/","url":"https:\/\/www.ghostysky.com\/wp-content\/uploads\/2020\/06\/cropped-ghostyskylogo_text_white2.png","contentUrl":"https:\/\/www.ghostysky.com\/wp-content\/uploads\/2020\/06\/cropped-ghostyskylogo_text_white2.png","width":169,"height":56,"caption":"Ghostysky"},"image":{"@id":"https:\/\/www.ghostysky.com\/#\/schema\/logo\/image\/"},"sameAs":["https:\/\/www.facebook.com\/people\/Ghostysky\/100057676170234\/","https:\/\/x.com\/Gh0stysky","https:\/\/www.linkedin.com\/company\/34739653","https:\/\/www.instagram.com\/gh0stysky"]}]}},"_links":{"self":[{"href":"https:\/\/www.ghostysky.com\/pt\/wp-json\/wp\/v2\/product\/10761","targetHints":{"allow":["GET"]}}],"collection":[{"href":"https:\/\/www.ghostysky.com\/pt\/wp-json\/wp\/v2\/product"}],"about":[{"href":"https:\/\/www.ghostysky.com\/pt\/wp-json\/wp\/v2\/types\/product"}],"replies":[{"embeddable":true,"href":"https:\/\/www.ghostysky.com\/pt\/wp-json\/wp\/v2\/comments?post=10761"}],"wp:featuredmedia":[{"embeddable":true,"href":"https:\/\/www.ghostysky.com\/pt\/wp-json\/wp\/v2\/media\/10785"}],"wp:attachment":[{"href":"https:\/\/www.ghostysky.com\/pt\/wp-json\/wp\/v2\/media?parent=10761"}],"wp:term":[{"taxonomy":"product_brand","embeddable":true,"href":"https:\/\/www.ghostysky.com\/pt\/wp-json\/wp\/v2\/product_brand?post=10761"},{"taxonomy":"product_cat","embeddable":true,"href":"https:\/\/www.ghostysky.com\/pt\/wp-json\/wp\/v2\/product_cat?post=10761"},{"taxonomy":"product_tag","embeddable":true,"href":"https:\/\/www.ghostysky.com\/pt\/wp-json\/wp\/v2\/product_tag?post=10761"}],"curies":[{"name":"wp","href":"https:\/\/api.w.org\/{rel}","templated":true}]}}