{"id":10800,"date":"2023-01-19T11:59:58","date_gmt":"2023-01-19T11:59:58","guid":{"rendered":"https:\/\/www.ghostysky.com\/?post_type=product&#038;p=10800"},"modified":"2024-02-10T16:52:47","modified_gmt":"2024-02-10T16:52:47","slug":"manti-3-plus-phantom-drone-parachute-suit","status":"publish","type":"product","link":"https:\/\/www.ghostysky.com\/pt\/product\/manti-3-plus-phantom-drone-parachute-suit\/","title":{"rendered":"Paraquedas Manti 3 Plus para o drone DJI Phantom (Duplo)"},"content":{"rendered":"<h3><a href=\"https:\/\/www.ghostysky.com\/wp-content\/uploads\/2023\/01\/flyfire-manti-3-1660803629709.webp\"><img fetchpriority=\"high\" decoding=\"async\" class=\"alignnone wp-image-10752 size-large lazyload\" src=\"data:image\/gif;base64,R0lGODlhAQABAAAAACH5BAEKAAEALAAAAAABAAEAAAICTAEAOw==\" alt=\"\" width=\"1024\" height=\"347\" sizes=\"(max-width: 1024px) 100vw, 1024px\" data-src=\"https:\/\/www.ghostysky.com\/wp-content\/uploads\/2023\/01\/flyfire-manti-3-1660803629709-1024x347.webp\" data-srcset=\"https:\/\/www.ghostysky.com\/wp-content\/uploads\/2023\/01\/flyfire-manti-3-1660803629709-1024x347.webp 1024w, https:\/\/www.ghostysky.com\/wp-content\/uploads\/2023\/01\/flyfire-manti-3-1660803629709-300x102.webp 300w, https:\/\/www.ghostysky.com\/wp-content\/uploads\/2023\/01\/flyfire-manti-3-1660803629709-768x260.webp 768w, https:\/\/www.ghostysky.com\/wp-content\/uploads\/2023\/01\/flyfire-manti-3-1660803629709-1536x520.webp 1536w, https:\/\/www.ghostysky.com\/wp-content\/uploads\/2023\/01\/flyfire-manti-3-1660803629709-18x6.webp 18w, https:\/\/www.ghostysky.com\/wp-content\/uploads\/2023\/01\/flyfire-manti-3-1660803629709-720x244.webp 720w, https:\/\/www.ghostysky.com\/wp-content\/uploads\/2023\/01\/flyfire-manti-3-1660803629709-600x203.webp 600w, https:\/\/www.ghostysky.com\/wp-content\/uploads\/2023\/01\/flyfire-manti-3-1660803629709.webp 1920w\"><\/a><\/h3>\n<h3>Estructura de paraquedas substitu\u00edvel<\/h3>\n<p>\u00c9 mais conveniente reutilizar e tem uma variedade de op\u00e7\u00f5es de desempenho de seguran\u00e7a<\/p>\n<p>A nova gera\u00e7\u00e3o do Manti adopta um design de estrutura de paraquedas substitu\u00edvel. A estructura que suporta o paraquedas inclui unidades de energia e ferramentas.<\/p>\n<p>Depois de resgatar a aeronave, a estructura do paraquedas pode ser substitu\u00edda rapidamente. Ao mesmo tempo, est\u00e3o dispon\u00edveis as vers\u00f5es standard e plus, ambas comuns, para se adaptarem a mais modelos<\/p>\n<p>*Ao mudar de paraquedas Manti 3 para paraquedas 3 plus para se adaptar aos UAVs da s\u00e9rie Phantom, certifique-se de alterar a vers\u00e3o do software Manti para a vers\u00e3o Phantom.<\/p>\n<h3 class=\"sc-ehIJor eZpnKY pf-194_\" data-pf-type=\"Paragraph\"><span class=\"sc-BHvUt fJlZte pf-196_\" data-pf-type=\"Text\">Processador ARM de 32-bits<\/span><\/h3>\n<p class=\"sc-ehIJor eZpnKY pf-197_\" data-pf-type=\"Paragraph\"><span class=\"sc-BHvUt fJlZte pf-199_\" data-pf-type=\"Text\">A atitude omnidirecional e os dados do bar\u00f4metro s\u00e3o coletados e processados \u200b\u200bem tempo real afim de obter o estado de voo do UAV em milissegundos. O IMU e bar\u00f4metro devolvem as pontua\u00e7\u00f5es. Ao perceber que o UAV est\u00e1 em uma situa\u00e7\u00e3o perigosa, voc\u00ea pode responder instantaneamente em 0,5 segundos e, em seguida, emitir o comando de abertura do paraquedas, para que possa pousar o drone com calma e sem p\u00e2nico.<\/span><\/p>\n<h3 class=\"sc-ehIJor eZpnKY pf-206_\" data-pf-type=\"Paragraph\"><span class=\"sc-BHvUt fJlZte pf-208_\" data-pf-type=\"Text\">Longa resist\u00eancia<\/span><\/h3>\n<p class=\"sc-ehIJor eZpnKY pf-209_\" data-pf-type=\"Paragraph\"><span class=\"sc-BHvUt fJlZte pf-211_\" data-pf-type=\"Text\">A bateria de 150 mA oferece uma experi\u00eancia de autonomia consistente. Voc\u00ea pode carregar o UAV por 30 minutos de cada vez, \u00d7 6 vezes a autonomia do v\u00f4o. A energia da bateria pode ser visualizada imediatamente e a fun\u00e7\u00e3o de alarme de energia.<\/span><\/p>\n<p data-pf-type=\"Paragraph\"><a href=\"https:\/\/www.ghostysky.com\/wp-content\/uploads\/2023\/01\/manti3__1641455737310-1659604383113.webp\"><img decoding=\"async\" class=\"alignnone wp-image-10753 size-large lazyload\" src=\"data:image\/gif;base64,R0lGODlhAQABAAAAACH5BAEKAAEALAAAAAABAAEAAAICTAEAOw==\" alt=\"\" width=\"1024\" height=\"576\" sizes=\"(max-width: 1024px) 100vw, 1024px\" data-src=\"https:\/\/www.ghostysky.com\/wp-content\/uploads\/2023\/01\/manti3__1641455737310-1659604383113-1024x576.webp\" data-srcset=\"https:\/\/www.ghostysky.com\/wp-content\/uploads\/2023\/01\/manti3__1641455737310-1659604383113-1024x576.webp 1024w, https:\/\/www.ghostysky.com\/wp-content\/uploads\/2023\/01\/manti3__1641455737310-1659604383113-300x169.webp 300w, https:\/\/www.ghostysky.com\/wp-content\/uploads\/2023\/01\/manti3__1641455737310-1659604383113-768x432.webp 768w, https:\/\/www.ghostysky.com\/wp-content\/uploads\/2023\/01\/manti3__1641455737310-1659604383113-1536x864.webp 1536w, https:\/\/www.ghostysky.com\/wp-content\/uploads\/2023\/01\/manti3__1641455737310-1659604383113-18x10.webp 18w, https:\/\/www.ghostysky.com\/wp-content\/uploads\/2023\/01\/manti3__1641455737310-1659604383113-720x405.webp 720w, https:\/\/www.ghostysky.com\/wp-content\/uploads\/2023\/01\/manti3__1641455737310-1659604383113-600x338.webp 600w, https:\/\/www.ghostysky.com\/wp-content\/uploads\/2023\/01\/manti3__1641455737310-1659604383113.webp 1920w\"><\/a><a href=\"https:\/\/www.ghostysky.com\/wp-content\/uploads\/2023\/01\/imu_zitai_neicun52_1641455737268-1659604001877.webp\"><img decoding=\"async\" class=\"alignnone wp-image-10755 size-large lazyload\" src=\"data:image\/gif;base64,R0lGODlhAQABAAAAACH5BAEKAAEALAAAAAABAAEAAAICTAEAOw==\" alt=\"\" width=\"1024\" height=\"576\" sizes=\"(max-width: 1024px) 100vw, 1024px\" data-src=\"https:\/\/www.ghostysky.com\/wp-content\/uploads\/2023\/01\/imu_zitai_neicun52_1641455737268-1659604001877-1024x576.webp\" data-srcset=\"https:\/\/www.ghostysky.com\/wp-content\/uploads\/2023\/01\/imu_zitai_neicun52_1641455737268-1659604001877-1024x576.webp 1024w, https:\/\/www.ghostysky.com\/wp-content\/uploads\/2023\/01\/imu_zitai_neicun52_1641455737268-1659604001877-300x169.webp 300w, https:\/\/www.ghostysky.com\/wp-content\/uploads\/2023\/01\/imu_zitai_neicun52_1641455737268-1659604001877-768x432.webp 768w, https:\/\/www.ghostysky.com\/wp-content\/uploads\/2023\/01\/imu_zitai_neicun52_1641455737268-1659604001877-1536x864.webp 1536w, https:\/\/www.ghostysky.com\/wp-content\/uploads\/2023\/01\/imu_zitai_neicun52_1641455737268-1659604001877-18x10.webp 18w, https:\/\/www.ghostysky.com\/wp-content\/uploads\/2023\/01\/imu_zitai_neicun52_1641455737268-1659604001877-720x405.webp 720w, https:\/\/www.ghostysky.com\/wp-content\/uploads\/2023\/01\/imu_zitai_neicun52_1641455737268-1659604001877-600x338.webp 600w, https:\/\/www.ghostysky.com\/wp-content\/uploads\/2023\/01\/imu_zitai_neicun52_1641455737268-1659604001877.webp 1920w\"><\/a> <a href=\"https:\/\/www.ghostysky.com\/wp-content\/uploads\/2023\/01\/5_2_1641455737192-1659604368843.webp\"><img loading=\"lazy\" decoding=\"async\" class=\"alignnone wp-image-10754 size-large lazyload\" src=\"data:image\/gif;base64,R0lGODlhAQABAAAAACH5BAEKAAEALAAAAAABAAEAAAICTAEAOw==\" alt=\"\" width=\"1024\" height=\"576\" sizes=\"(max-width: 1024px) 100vw, 1024px\" data-src=\"https:\/\/www.ghostysky.com\/wp-content\/uploads\/2023\/01\/5_2_1641455737192-1659604368843-1024x576.webp\" data-srcset=\"https:\/\/www.ghostysky.com\/wp-content\/uploads\/2023\/01\/5_2_1641455737192-1659604368843-1024x576.webp 1024w, https:\/\/www.ghostysky.com\/wp-content\/uploads\/2023\/01\/5_2_1641455737192-1659604368843-300x169.webp 300w, https:\/\/www.ghostysky.com\/wp-content\/uploads\/2023\/01\/5_2_1641455737192-1659604368843-768x432.webp 768w, https:\/\/www.ghostysky.com\/wp-content\/uploads\/2023\/01\/5_2_1641455737192-1659604368843-1536x864.webp 1536w, https:\/\/www.ghostysky.com\/wp-content\/uploads\/2023\/01\/5_2_1641455737192-1659604368843-18x10.webp 18w, https:\/\/www.ghostysky.com\/wp-content\/uploads\/2023\/01\/5_2_1641455737192-1659604368843-720x405.webp 720w, https:\/\/www.ghostysky.com\/wp-content\/uploads\/2023\/01\/5_2_1641455737192-1659604368843-600x338.webp 600w, https:\/\/www.ghostysky.com\/wp-content\/uploads\/2023\/01\/5_2_1641455737192-1659604368843.webp 1920w\"><\/a><\/p>\n<h3 class=\"sc-ehIJor eZpnKY pf-149_\" data-pf-type=\"Paragraph\"><span class=\"sc-BHvUt fJlZte pf-151_\" data-pf-type=\"Text\">Manti 3 Retorno ao Fantasma<\/span><\/h3>\n<p class=\"sc-ehIJor eZpnKY pf-152_\" data-pf-type=\"Paragraph\"><span class=\"sc-BHvUt fJlZte pf-154_\" data-pf-type=\"Text\">A \u00e1rea do tecido do p\u00e1ra-quedas \u00e9 1,1 vezes maior que a do Manti 3, para que possa se adaptar ao DJI Phantom Series UAV mais pesado. A desacelera\u00e7\u00e3o m\u00e9dia do teste \u00e9 de 5,5m\/s (Phantom 4). N\u00e3o afeta o m\u00f3dulo RTK superior e o PTZ inferior.<\/span><\/p>\n<p data-pf-type=\"Paragraph\"><a href=\"https:\/\/www.ghostysky.com\/wp-content\/uploads\/2023\/01\/Manit3Phantom_.webp\"><img loading=\"lazy\" decoding=\"async\" class=\"alignnone wp-image-10802 size-large lazyload\" src=\"data:image\/gif;base64,R0lGODlhAQABAAAAACH5BAEKAAEALAAAAAABAAEAAAICTAEAOw==\" alt=\"\" width=\"1024\" height=\"576\" sizes=\"(max-width: 1024px) 100vw, 1024px\" data-src=\"https:\/\/www.ghostysky.com\/wp-content\/uploads\/2023\/01\/Manit3Phantom_-1024x576.webp\" data-srcset=\"https:\/\/www.ghostysky.com\/wp-content\/uploads\/2023\/01\/Manit3Phantom_-1024x576.webp 1024w, https:\/\/www.ghostysky.com\/wp-content\/uploads\/2023\/01\/Manit3Phantom_-300x169.webp 300w, https:\/\/www.ghostysky.com\/wp-content\/uploads\/2023\/01\/Manit3Phantom_-768x432.webp 768w, https:\/\/www.ghostysky.com\/wp-content\/uploads\/2023\/01\/Manit3Phantom_-18x10.webp 18w, https:\/\/www.ghostysky.com\/wp-content\/uploads\/2023\/01\/Manit3Phantom_-720x405.webp 720w, https:\/\/www.ghostysky.com\/wp-content\/uploads\/2023\/01\/Manit3Phantom_-600x338.webp 600w, https:\/\/www.ghostysky.com\/wp-content\/uploads\/2023\/01\/Manit3Phantom_.webp 1500w\"><\/a><\/p>\n<p data-pf-type=\"Paragraph\"><a href=\"https:\/\/www.ghostysky.com\/wp-content\/uploads\/2023\/01\/Manti-Manti_Phantom_TechSpecs.jpg\"><img loading=\"lazy\" decoding=\"async\" class=\"alignnone wp-image-10856 size-full lazyload\" src=\"data:image\/gif;base64,R0lGODlhAQABAAAAACH5BAEKAAEALAAAAAABAAEAAAICTAEAOw==\" alt=\"\" width=\"844\" height=\"625\" sizes=\"(max-width: 844px) 100vw, 844px\" data-src=\"https:\/\/www.ghostysky.com\/wp-content\/uploads\/2023\/01\/Manti-Manti_Phantom_TechSpecs.jpg\" data-srcset=\"https:\/\/www.ghostysky.com\/wp-content\/uploads\/2023\/01\/Manti-Manti_Phantom_TechSpecs.jpg 844w, https:\/\/www.ghostysky.com\/wp-content\/uploads\/2023\/01\/Manti-Manti_Phantom_TechSpecs-300x222.jpg 300w, https:\/\/www.ghostysky.com\/wp-content\/uploads\/2023\/01\/Manti-Manti_Phantom_TechSpecs-768x569.jpg 768w, https:\/\/www.ghostysky.com\/wp-content\/uploads\/2023\/01\/Manti-Manti_Phantom_TechSpecs-16x12.jpg 16w, https:\/\/www.ghostysky.com\/wp-content\/uploads\/2023\/01\/Manti-Manti_Phantom_TechSpecs-720x533.jpg 720w, https:\/\/www.ghostysky.com\/wp-content\/uploads\/2023\/01\/Manti-Manti_Phantom_TechSpecs-600x444.jpg 600w\"><\/a><\/p>","protected":false},"excerpt":{"rendered":"<p>P\u00e1ra-quedas Manti 3 Plus Phantom (padr\u00e3o):<\/p>\n<ul>\n<li>A \u00e1rea do paraquedas \u00e9 1,1 vezes a do Manti 3<\/li>\n<li>\n<div>Design de estructura de paraquedas substitu\u00edvel<\/div>\n<\/li>\n<li>\n<div>Longa resist\u00eancia com bateria de 150mAh<\/div>\n<\/li>\n<li>\n<div>Leve, n\u00e3o afecta a vida \u00fatil da bateria do drone<\/div>\n<\/li>\n<li>\n<div>Processador ARM de 32 bits, largada instant\u00e2nea de paraquedas em 0,5 segundos<\/div>\n<\/li>\n<li style=\"text-align: left;\"><span class=\"text-only\" data-eleid=\"12\">Dji Manti3 Plus recomendado para a s\u00e9rie Phantom!<\/span><\/li>\n<\/ul>","protected":false},"featured_media":10799,"comment_status":"open","ping_status":"closed","template":"","meta":[],"product_brand":[],"product_cat":[461,462],"product_tag":[478],"class_list":{"0":"post-10800","1":"product","2":"type-product","3":"status-publish","4":"has-post-thumbnail","6":"product_cat-accessories-2","7":"product_cat-flyfire-parachutes","8":"product_tag-manti-plus-phantom-suit","10":"first","11":"onbackorder","12":"taxable","13":"shipping-taxable","14":"product-type-simple"},"yoast_head":"<!-- This site is optimized with the Yoast SEO plugin v27.4 - https:\/\/yoast.com\/product\/yoast-seo-wordpress\/ -->\n<title>Manti 3 Plus Phantom Drone Parachute (Suit) -<\/title>\n<meta name=\"description\" content=\"Manti 3 Plus Phantom Parachute (Standard):Parachute area is 1.1 times that of the Manti 3Replaceable parachute cabin design\" \/>\n<meta name=\"robots\" content=\"index, follow, max-snippet:-1, max-image-preview:large, max-video-preview:-1\" \/>\n<link rel=\"canonical\" href=\"https:\/\/www.ghostysky.com\/pt\/produto-2\/manti-3-plus-phantom-drone-parachute-suit\/\" \/>\n<meta property=\"og:locale\" content=\"pt_PT\" \/>\n<meta property=\"og:type\" content=\"article\" \/>\n<meta property=\"og:title\" content=\"Manti 3 Plus Phantom Drone Parachute (Suit) -\" \/>\n<meta property=\"og:description\" content=\"Manti 3 Plus Phantom Parachute (Standard):Parachute area is 1.1 times that of the Manti 3Replaceable parachute cabin design\" \/>\n<meta property=\"og:url\" content=\"https:\/\/www.ghostysky.com\/pt\/produto-2\/manti-3-plus-phantom-drone-parachute-suit\/\" \/>\n<meta property=\"og:site_name\" content=\"Ghostysky\" \/>\n<meta property=\"article:publisher\" content=\"https:\/\/www.facebook.com\/people\/Ghostysky\/100057676170234\/\" \/>\n<meta property=\"article:modified_time\" content=\"2024-02-10T16:52:47+00:00\" \/>\n<meta property=\"og:image\" content=\"https:\/\/www.ghostysky.com\/wp-content\/uploads\/2023\/01\/Manit3Phantom.webp\" \/>\n\t<meta property=\"og:image:width\" content=\"1500\" \/>\n\t<meta property=\"og:image:height\" content=\"1000\" \/>\n\t<meta property=\"og:image:type\" content=\"image\/webp\" \/>\n<meta name=\"twitter:card\" content=\"summary_large_image\" \/>\n<meta name=\"twitter:site\" content=\"@Gh0stysky\" \/>\n<meta name=\"twitter:label1\" content=\"Tempo estimado de leitura\" \/>\n\t<meta name=\"twitter:data1\" content=\"3 minutos\" \/>\n<script type=\"application\/ld+json\" class=\"yoast-schema-graph\">{\"@context\":\"https:\\\/\\\/schema.org\",\"@graph\":[{\"@type\":\"WebPage\",\"@id\":\"https:\\\/\\\/www.ghostysky.com\\\/product\\\/manti-3-plus-phantom-drone-parachute-suit\\\/\",\"url\":\"https:\\\/\\\/www.ghostysky.com\\\/product\\\/manti-3-plus-phantom-drone-parachute-suit\\\/\",\"name\":\"Manti 3 Plus Phantom Drone Parachute (Suit) -\",\"isPartOf\":{\"@id\":\"https:\\\/\\\/www.ghostysky.com\\\/#website\"},\"primaryImageOfPage\":{\"@id\":\"https:\\\/\\\/www.ghostysky.com\\\/product\\\/manti-3-plus-phantom-drone-parachute-suit\\\/#primaryimage\"},\"image\":{\"@id\":\"https:\\\/\\\/www.ghostysky.com\\\/product\\\/manti-3-plus-phantom-drone-parachute-suit\\\/#primaryimage\"},\"thumbnailUrl\":\"https:\\\/\\\/www.ghostysky.com\\\/wp-content\\\/uploads\\\/2023\\\/01\\\/Manit3Phantom.webp\",\"datePublished\":\"2023-01-19T11:59:58+00:00\",\"dateModified\":\"2024-02-10T16:52:47+00:00\",\"description\":\"Manti 3 Plus Phantom Parachute (Standard):Parachute area is 1.1 times that of the Manti 3Replaceable parachute cabin design\",\"breadcrumb\":{\"@id\":\"https:\\\/\\\/www.ghostysky.com\\\/product\\\/manti-3-plus-phantom-drone-parachute-suit\\\/#breadcrumb\"},\"inLanguage\":\"pt-PT\",\"potentialAction\":[{\"@type\":\"ReadAction\",\"target\":[\"https:\\\/\\\/www.ghostysky.com\\\/product\\\/manti-3-plus-phantom-drone-parachute-suit\\\/\"]}]},{\"@type\":\"ImageObject\",\"inLanguage\":\"pt-PT\",\"@id\":\"https:\\\/\\\/www.ghostysky.com\\\/product\\\/manti-3-plus-phantom-drone-parachute-suit\\\/#primaryimage\",\"url\":\"https:\\\/\\\/www.ghostysky.com\\\/wp-content\\\/uploads\\\/2023\\\/01\\\/Manit3Phantom.webp\",\"contentUrl\":\"https:\\\/\\\/www.ghostysky.com\\\/wp-content\\\/uploads\\\/2023\\\/01\\\/Manit3Phantom.webp\",\"width\":1500,\"height\":1000},{\"@type\":\"BreadcrumbList\",\"@id\":\"https:\\\/\\\/www.ghostysky.com\\\/product\\\/manti-3-plus-phantom-drone-parachute-suit\\\/#breadcrumb\",\"itemListElement\":[{\"@type\":\"ListItem\",\"position\":1,\"name\":\"Home\",\"item\":\"https:\\\/\\\/www.ghostysky.com\\\/\"},{\"@type\":\"ListItem\",\"position\":2,\"name\":\"Shop\",\"item\":\"https:\\\/\\\/www.ghostysky.com\\\/shop\\\/\"},{\"@type\":\"ListItem\",\"position\":3,\"name\":\"Manti 3 Plus Phantom Drone Parachute (Suit)\"}]},{\"@type\":\"WebSite\",\"@id\":\"https:\\\/\\\/www.ghostysky.com\\\/#website\",\"url\":\"https:\\\/\\\/www.ghostysky.com\\\/\",\"name\":\"Ghostysky\",\"description\":\"Delivering professional drones and robotics solutions\",\"publisher\":{\"@id\":\"https:\\\/\\\/www.ghostysky.com\\\/#organization\"},\"potentialAction\":[{\"@type\":\"SearchAction\",\"target\":{\"@type\":\"EntryPoint\",\"urlTemplate\":\"https:\\\/\\\/www.ghostysky.com\\\/?s={search_term_string}\"},\"query-input\":{\"@type\":\"PropertyValueSpecification\",\"valueRequired\":true,\"valueName\":\"search_term_string\"}}],\"inLanguage\":\"pt-PT\"},{\"@type\":\"Organization\",\"@id\":\"https:\\\/\\\/www.ghostysky.com\\\/#organization\",\"name\":\"Ghostysky\",\"url\":\"https:\\\/\\\/www.ghostysky.com\\\/\",\"logo\":{\"@type\":\"ImageObject\",\"inLanguage\":\"pt-PT\",\"@id\":\"https:\\\/\\\/www.ghostysky.com\\\/#\\\/schema\\\/logo\\\/image\\\/\",\"url\":\"https:\\\/\\\/www.ghostysky.com\\\/wp-content\\\/uploads\\\/2020\\\/06\\\/cropped-ghostyskylogo_text_white2.png\",\"contentUrl\":\"https:\\\/\\\/www.ghostysky.com\\\/wp-content\\\/uploads\\\/2020\\\/06\\\/cropped-ghostyskylogo_text_white2.png\",\"width\":169,\"height\":56,\"caption\":\"Ghostysky\"},\"image\":{\"@id\":\"https:\\\/\\\/www.ghostysky.com\\\/#\\\/schema\\\/logo\\\/image\\\/\"},\"sameAs\":[\"https:\\\/\\\/www.facebook.com\\\/people\\\/Ghostysky\\\/100057676170234\\\/\",\"https:\\\/\\\/x.com\\\/Gh0stysky\",\"https:\\\/\\\/www.linkedin.com\\\/company\\\/34739653\",\"https:\\\/\\\/www.instagram.com\\\/gh0stysky\"]}]}<\/script>\n<!-- \/ Yoast SEO plugin. -->","yoast_head_json":{"title":"P\u00e1ra-quedas Manti 3 Plus Phantom Drone (traje) -","description":"Manti 3 Plus Phantom Parachute (Padr\u00e3o): A \u00e1rea do paraquedas \u00e9 1,1 vezes maior que a do Manti 3 Design de cabine de paraquedas substitu\u00edvel","robots":{"index":"index","follow":"follow","max-snippet":"max-snippet:-1","max-image-preview":"max-image-preview:large","max-video-preview":"max-video-preview:-1"},"canonical":"https:\/\/www.ghostysky.com\/pt\/produto-2\/manti-3-plus-phantom-drone-parachute-suit\/","og_locale":"pt_PT","og_type":"article","og_title":"Manti 3 Plus Phantom Drone Parachute (Suit) -","og_description":"Manti 3 Plus Phantom Parachute (Standard):Parachute area is 1.1 times that of the Manti 3Replaceable parachute cabin design","og_url":"https:\/\/www.ghostysky.com\/pt\/produto-2\/manti-3-plus-phantom-drone-parachute-suit\/","og_site_name":"Ghostysky","article_publisher":"https:\/\/www.facebook.com\/people\/Ghostysky\/100057676170234\/","article_modified_time":"2024-02-10T16:52:47+00:00","og_image":[{"width":1500,"height":1000,"url":"https:\/\/www.ghostysky.com\/wp-content\/uploads\/2023\/01\/Manit3Phantom.webp","type":"image\/webp"}],"twitter_card":"summary_large_image","twitter_site":"@Gh0stysky","twitter_misc":{"Tempo estimado de leitura":"3 minutos"},"schema":{"@context":"https:\/\/schema.org","@graph":[{"@type":"WebPage","@id":"https:\/\/www.ghostysky.com\/product\/manti-3-plus-phantom-drone-parachute-suit\/","url":"https:\/\/www.ghostysky.com\/product\/manti-3-plus-phantom-drone-parachute-suit\/","name":"P\u00e1ra-quedas Manti 3 Plus Phantom Drone (traje) -","isPartOf":{"@id":"https:\/\/www.ghostysky.com\/#website"},"primaryImageOfPage":{"@id":"https:\/\/www.ghostysky.com\/product\/manti-3-plus-phantom-drone-parachute-suit\/#primaryimage"},"image":{"@id":"https:\/\/www.ghostysky.com\/product\/manti-3-plus-phantom-drone-parachute-suit\/#primaryimage"},"thumbnailUrl":"https:\/\/www.ghostysky.com\/wp-content\/uploads\/2023\/01\/Manit3Phantom.webp","datePublished":"2023-01-19T11:59:58+00:00","dateModified":"2024-02-10T16:52:47+00:00","description":"Manti 3 Plus Phantom Parachute (Padr\u00e3o): A \u00e1rea do paraquedas \u00e9 1,1 vezes maior que a do Manti 3 Design de cabine de paraquedas substitu\u00edvel","breadcrumb":{"@id":"https:\/\/www.ghostysky.com\/product\/manti-3-plus-phantom-drone-parachute-suit\/#breadcrumb"},"inLanguage":"pt-PT","potentialAction":[{"@type":"ReadAction","target":["https:\/\/www.ghostysky.com\/product\/manti-3-plus-phantom-drone-parachute-suit\/"]}]},{"@type":"ImageObject","inLanguage":"pt-PT","@id":"https:\/\/www.ghostysky.com\/product\/manti-3-plus-phantom-drone-parachute-suit\/#primaryimage","url":"https:\/\/www.ghostysky.com\/wp-content\/uploads\/2023\/01\/Manit3Phantom.webp","contentUrl":"https:\/\/www.ghostysky.com\/wp-content\/uploads\/2023\/01\/Manit3Phantom.webp","width":1500,"height":1000},{"@type":"BreadcrumbList","@id":"https:\/\/www.ghostysky.com\/product\/manti-3-plus-phantom-drone-parachute-suit\/#breadcrumb","itemListElement":[{"@type":"ListItem","position":1,"name":"Home","item":"https:\/\/www.ghostysky.com\/"},{"@type":"ListItem","position":2,"name":"Shop","item":"https:\/\/www.ghostysky.com\/shop\/"},{"@type":"ListItem","position":3,"name":"Manti 3 Plus Phantom Drone Parachute (Suit)"}]},{"@type":"WebSite","@id":"https:\/\/www.ghostysky.com\/#website","url":"https:\/\/www.ghostysky.com\/","name":"Ghostysky","description":"Fornecendo solu\u00e7\u00f5es profissionais em drones e rob\u00f3tica.","publisher":{"@id":"https:\/\/www.ghostysky.com\/#organization"},"potentialAction":[{"@type":"SearchAction","target":{"@type":"EntryPoint","urlTemplate":"https:\/\/www.ghostysky.com\/?s={search_term_string}"},"query-input":{"@type":"PropertyValueSpecification","valueRequired":true,"valueName":"search_term_string"}}],"inLanguage":"pt-PT"},{"@type":"Organization","@id":"https:\/\/www.ghostysky.com\/#organization","name":"Ghostysky","url":"https:\/\/www.ghostysky.com\/","logo":{"@type":"ImageObject","inLanguage":"pt-PT","@id":"https:\/\/www.ghostysky.com\/#\/schema\/logo\/image\/","url":"https:\/\/www.ghostysky.com\/wp-content\/uploads\/2020\/06\/cropped-ghostyskylogo_text_white2.png","contentUrl":"https:\/\/www.ghostysky.com\/wp-content\/uploads\/2020\/06\/cropped-ghostyskylogo_text_white2.png","width":169,"height":56,"caption":"Ghostysky"},"image":{"@id":"https:\/\/www.ghostysky.com\/#\/schema\/logo\/image\/"},"sameAs":["https:\/\/www.facebook.com\/people\/Ghostysky\/100057676170234\/","https:\/\/x.com\/Gh0stysky","https:\/\/www.linkedin.com\/company\/34739653","https:\/\/www.instagram.com\/gh0stysky"]}]}},"_links":{"self":[{"href":"https:\/\/www.ghostysky.com\/pt\/wp-json\/wp\/v2\/product\/10800","targetHints":{"allow":["GET"]}}],"collection":[{"href":"https:\/\/www.ghostysky.com\/pt\/wp-json\/wp\/v2\/product"}],"about":[{"href":"https:\/\/www.ghostysky.com\/pt\/wp-json\/wp\/v2\/types\/product"}],"replies":[{"embeddable":true,"href":"https:\/\/www.ghostysky.com\/pt\/wp-json\/wp\/v2\/comments?post=10800"}],"version-history":[{"count":0,"href":"https:\/\/www.ghostysky.com\/pt\/wp-json\/wp\/v2\/product\/10800\/revisions"}],"wp:featuredmedia":[{"embeddable":true,"href":"https:\/\/www.ghostysky.com\/pt\/wp-json\/wp\/v2\/media\/10799"}],"wp:attachment":[{"href":"https:\/\/www.ghostysky.com\/pt\/wp-json\/wp\/v2\/media?parent=10800"}],"wp:term":[{"taxonomy":"product_brand","embeddable":true,"href":"https:\/\/www.ghostysky.com\/pt\/wp-json\/wp\/v2\/product_brand?post=10800"},{"taxonomy":"product_cat","embeddable":true,"href":"https:\/\/www.ghostysky.com\/pt\/wp-json\/wp\/v2\/product_cat?post=10800"},{"taxonomy":"product_tag","embeddable":true,"href":"https:\/\/www.ghostysky.com\/pt\/wp-json\/wp\/v2\/product_tag?post=10800"}],"curies":[{"name":"wp","href":"https:\/\/api.w.org\/{rel}","templated":true}]}}