{"id":11058,"date":"2023-03-16T11:20:55","date_gmt":"2023-03-16T11:20:55","guid":{"rendered":"https:\/\/www.ghostysky.com\/?post_type=product&#038;p=11058"},"modified":"2024-06-19T14:59:40","modified_gmt":"2024-06-19T14:59:40","slug":"dji-mavic-3t-thermal-worry-free-1-year-plus-combo","status":"publish","type":"product","link":"https:\/\/www.ghostysky.com\/pt\/product\/dji-mavic-3t-thermal-worry-free-1-year-plus-combo\/","title":{"rendered":"DJI Mavic 3T (Thermal) \u2013 Worry-Free Plus Combo \u2013 1 ano"},"content":{"rendered":"<div id=\"30331\" class=\"section-content\" data-hydration-on-demand=\"true\" data-ga-category=\"pt\/mavic-3-enterprise_30331\" data-gtm-vis-recent-on-screen-6907517_879=\"17109\" data-gtm-vis-first-on-screen-6907517_879=\"17109\" data-gtm-vis-total-visible-time-6907517_879=\"100\" data-gtm-vis-has-fired-6907517_879=\"1\">\n<div class=\"atom-component\" tabindex=\"0\" role=\"button\">\n<div class=\"atom-design-v1 style__hero-vertical-component___2JEHR\">\n<div id=\"\" class=\"style__hero-vertical-wrapper___2mUEj\">\n<div class=\"style__vertical-card-list___LceQJ style__vertical-top-align___3JPlu aos-init aos-animate\" data-aos=\"none\">\n<div class=\"style__vertical-card-col___3agtC\">\n<div class=\"atom-design-v1 style__hero-vertical-card___2B64y\">\n<div class=\"style__card-wrapper___3yqfZ style__vertical-center-align___3RP93 style__horizontal-left-align___3tk_z\" tabindex=\"0\" role=\"button\" data-ga-label=\"\">\n<div class=\"style__card-container___KPQkl style__size-xl___30LZE\">\n<div class=\"style__text-content-container___1aLKY\">\n<div class=\"style__icons-container___1CoW-\">\n<div class=\"style__icon-row-container___3A3EC\">\n<div class=\"style__icon-col-container___2pohI aos-init aos-animate\" data-aos=\"none\">\n<div class=\"style__icon-item___UZU5k style__image-text___7HoYo\">\n<p><strong>Definindo novos padr\u00f5es com o DJI Mavic 3 Thermal<\/strong><br \/>\nQuando se trata de pequenos drones t\u00e9rmicos comerciais, o DJI Mavic 3 Thermal est\u00e1 estabelecendo os novos padr\u00f5es. O M3T leva a efici\u00eancia de mapeamento, levantamento e imagem t\u00e9rmica a um n\u00edvel totalmente novo com um obturador mec\u00e2nico, c\u00e2mera com zoom de 56x e uma c\u00e2mera t\u00e9rmica de 640 \u00d7 512 px.<\/p>\n<p>Foi projetado para executar miss\u00f5es extensas, tornando-o ideal para novos pilotos e experientes. E como possui recursos de imagem t\u00e9rmica, o drone tamb\u00e9m \u00e9 perfeito para opera\u00e7\u00f5es noturnas, busca e salvamento, inspec\u00e7\u00f5es e combate a inc\u00eandios.<\/p>\n<\/div>\n<p><strong>Portabilidade e efici\u00eancia operacional<\/strong><br \/>\nPesando apenas cerca de 920 g, o DJI Mavic 3 Thermal \u00e9 um dos drones corporativos mais leves e compactos do mercado. Pode facilmente ser segurado numa s\u00f3 m\u00e3o e colocado em posi\u00e7\u00e3o de voo.<\/p>\n<p>As baterias da aeronave s\u00e3o otimizadas para grandes voos. Cada bateria t\u00eam um tempo de voo de 45 minutos com a carga total. Poder\u00e1 percorrer at\u00e9 2 quil\u00f4metros quadrados numa \u00fanica viagem, aumentando desta forma a \u00e1rea de terreno coberta em cada miss\u00e3o.<\/p>\n<p>Ap\u00f3s o voo, poder\u00e1 recarregar diretamente o drone com 88W ou usar um hub de carregamento de 100W para carregar as baterias rapidamente.<\/p>\n<p><a href=\"https:\/\/www.ghostysky.com\/wp-content\/uploads\/2022\/10\/MAvic3_Thermal.jpg\"><img fetchpriority=\"high\" decoding=\"async\" class=\"aligncenter wp-image-10042\" src=\"https:\/\/www.ghostysky.com\/wp-content\/uploads\/2022\/10\/MAvic3_Thermal.jpg\" alt=\"\" width=\"694\" height=\"463\" srcset=\"https:\/\/www.ghostysky.com\/wp-content\/uploads\/2022\/10\/MAvic3_Thermal.jpg 2000w, https:\/\/www.ghostysky.com\/wp-content\/uploads\/2022\/10\/MAvic3_Thermal-300x200.jpg 300w, https:\/\/www.ghostysky.com\/wp-content\/uploads\/2022\/10\/MAvic3_Thermal-1024x683.jpg 1024w, https:\/\/www.ghostysky.com\/wp-content\/uploads\/2022\/10\/MAvic3_Thermal-768x512.jpg 768w, https:\/\/www.ghostysky.com\/wp-content\/uploads\/2022\/10\/MAvic3_Thermal-1536x1025.jpg 1536w, https:\/\/www.ghostysky.com\/wp-content\/uploads\/2022\/10\/MAvic3_Thermal-18x12.jpg 18w, https:\/\/www.ghostysky.com\/wp-content\/uploads\/2022\/10\/MAvic3_Thermal-720x480.jpg 720w, https:\/\/www.ghostysky.com\/wp-content\/uploads\/2022\/10\/MAvic3_Thermal-600x400.jpg 600w\" sizes=\"(max-width: 694px) 100vw, 694px\" \/><\/a><\/p>\n<p><strong>Mapeamento e levantamento aprimorados, mesmo \u00e0 noite<\/strong><br \/>\nO DJI Mavic 3 Thermal possui a mesma tele c\u00e2mera que o Mavic 3 Enterprise, uma c\u00e2mera de 48 MP com sensor CMOS de 1\/2\u2033, al\u00e9m de uma c\u00e2mera t\u00e9rmica com um campo de vis\u00e3o de exibi\u00e7\u00e3o (DFOV) de 61\u00b0 e um equivalente dist\u00e2ncia focal de 40mm e com resolu\u00e7\u00e3o de 640 512 px.<\/p>\n<p>Esta variante t\u00e9rmica foi projectada para atender \u00e0s necessidades exclusivas de opera\u00e7\u00f5es a\u00e9reas de combate a inc\u00eandios, busca e salvamento, inspe\u00e7\u00f5es e miss\u00f5es nocturnas.<\/p>\n<p>Para ajudar os profissionais a localizar <i>hotspots<\/i> e tomar decis\u00f5es imediatas, a c\u00e2mera t\u00e9rmica do Mavic 3T fornece medi\u00e7\u00e3o de temperatura na \u00e1rea, alarmes de alta temperatura, paletas de cores e isot\u00e9rmicas.<\/p>\n<p>As c\u00e2meras t\u00e9rmicas e de zoom do drone fornecem 28x zoom digital lado a lado no ecr\u00e3 dividido, para se poderem efectuar  compara\u00e7\u00f5es simples \u00e0 medida da recep\u00e7\u00e3o das imagens.<\/p>\n<p><strong>Transmiss\u00e3o de imagem ideal<\/strong><br \/>\nO drone DJI Mavic 3 Thermal pode voar mais longe e transmitir sinais com mais estabilidade gra\u00e7as ao DJI O3 Enterprise Transmission, que permite um alcance m\u00e1ximo de controle de 15 km. Isso d\u00e1 aos pilotos mais confian\u00e7a ao voar.<\/p>\n<p>A aeronave tamb\u00e9m oferece uma transmiss\u00e3o ao vivo de alta taxa de quadros de 1080p\/30fps. A dist\u00e2ncia de transmiss\u00e3o \u00e9 um proxy para a for\u00e7a do sinal.<\/p>\n<p>&nbsp;<\/p>\n<\/div>\n<p><a href=\"https:\/\/www.ghostysky.com\/wp-content\/uploads\/2022\/10\/Mavic3_Therma_2.webp\"><img decoding=\"async\" class=\"wp-image-10043 aligncenter lazyload\" src=\"data:image\/gif;base64,R0lGODlhAQABAAAAACH5BAEKAAEALAAAAAABAAEAAAICTAEAOw==\" alt=\"\" width=\"776\" height=\"517\" sizes=\"(max-width: 776px) 100vw, 776px\" data-src=\"https:\/\/www.ghostysky.com\/wp-content\/uploads\/2022\/10\/Mavic3_Therma_2.webp\" data-srcset=\"https:\/\/www.ghostysky.com\/wp-content\/uploads\/2022\/10\/Mavic3_Therma_2.webp 1200w, https:\/\/www.ghostysky.com\/wp-content\/uploads\/2022\/10\/Mavic3_Therma_2-300x200.webp 300w, https:\/\/www.ghostysky.com\/wp-content\/uploads\/2022\/10\/Mavic3_Therma_2-1024x683.webp 1024w, https:\/\/www.ghostysky.com\/wp-content\/uploads\/2022\/10\/Mavic3_Therma_2-768x512.webp 768w, https:\/\/www.ghostysky.com\/wp-content\/uploads\/2022\/10\/Mavic3_Therma_2-18x12.webp 18w, https:\/\/www.ghostysky.com\/wp-content\/uploads\/2022\/10\/Mavic3_Therma_2-720x480.webp 720w, https:\/\/www.ghostysky.com\/wp-content\/uploads\/2022\/10\/Mavic3_Therma_2-600x400.webp 600w\"><\/a><\/p>\n<p><strong>Seguran\u00e7a de voo \u00e9 uma prioridade<\/strong><br \/>\nA DJI sempre esteve sempre na vanguarda do mercado de drones em termos de cria\u00e7\u00e3o de recursos de seguran\u00e7a de ponta. O DJI Mavic 3T continua essa mesma tradi\u00e7\u00e3o incluindo os melhores algoritmos de detec\u00e7\u00e3o e navega\u00e7\u00e3o em ambientes com obst\u00e1culos. Isto permite fornecer aos pilotos de drones a dire\u00e7\u00e3o necess\u00e1ria de voo para permanecerem seguros.<\/p>\n<p>O drone M3T possui DJI AirSense, que recepciona sinais ADS-B de aeronaves convencionais em seu redor para alertar os pilotos de drones sobre atividades a\u00e9reas pr\u00f3ximas. Seis sensores olho de peixe omnidirecionais tamb\u00e9m est\u00e3o instalados, permitindo que o novo e atualizado sistema DJI APAS 5.0 para detec\u00e7\u00e3o de obst\u00e1culos sem pontos cegos.<\/p>\n<p><strong>Na caixa:<\/strong><\/p>\n<ul>\n<li>1x Aeronave Mavic 3T<\/li>\n<li>1x Mavic 3 Bateria de Voo Inteligente<\/li>\n<li>1x Cart\u00e3o MicroSD 64GB<\/li>\n<li>1x Protector de gimbal<\/li>\n<li>3x H\u00e9lices Mavic 3 Enterprise Series (par)<\/li>\n<li>1x RC Pro Enterprise<\/li>\n<li>1x Chave de fenda sextavada<\/li>\n<li>1 x Adaptador de energia USB-C (100 W)<\/li>\n<li>1x CA Cabo adaptador de alimenta\u00e7\u00e3o 100 W<\/li>\n<li>1x Cabo USB-C<\/li>\n<li>1x Cabo USB-C para USB-C<\/li>\n<li>1x Mala de transporte<\/li>\n<li>1x M\u00f3dulo RTK<\/li>\n<li>1 Kit de bateria DJI Mavic 3 Enterprise Series<\/li>\n<\/ul>\n<\/div>\n<\/div>\n<\/div>\n<\/div>\n<\/div>\n<\/div>\n<\/div>\n<\/div>\n<\/div>\n<\/div>\n<\/div>\n<\/div>","protected":false},"excerpt":{"rendered":"<ul>\n<li>Compacto e port\u00e1til, pesando apenas 920 g<\/li>\n<li>61\u00b0 DFOV e c\u00e2mera t\u00e9rmica 640 \u00d7 512 px<\/li>\n<li>C\u00e2mera ampla de 24 mm e 48 MP com obturador mec\u00e2nico<\/li>\n<li>Zoom h\u00edbrido de 56x<\/li>\n<li>Tempo m\u00e1ximo de voo de 45 minutos<\/li>\n<li>Transmiss\u00e3o de imagem DJI O3 Enterprise<\/li>\n<li>Preven\u00e7\u00e3o de obst\u00e1culos omnidirecional<\/li>\n<\/ul>\n<p>-&gt; <strong>DJI Mavic 3T Worry-Free Basic Combo - 1 ano<\/strong><\/p>\n<p>-&gt; <strong>Combina\u00e7\u00e3o b\u00e1sica sem preocupa\u00e7\u00f5es DJI Mavic 3T - 2 anos<\/strong><\/p>\n<p>-&gt; <strong>Combo DJI Mavic 3T Worry-Free Plus \u2013 1 ano<\/strong><\/p>","protected":false},"featured_media":10049,"comment_status":"open","ping_status":"closed","template":"","meta":[],"product_brand":[],"product_cat":[37,429,29,431],"product_tag":[42,432,433,391],"class_list":{"0":"post-11058","1":"product","2":"type-product","3":"status-publish","4":"has-post-thumbnail","6":"product_cat-dji","7":"product_cat-dji-mavic3-ent","8":"product_cat-drones","9":"product_cat-drones-dji-mavic3-ent","10":"product_tag-dji","11":"product_tag-dji-mavic3","12":"product_tag-dji-mavic3-drone","13":"product_tag-thermal","15":"first","16":"onbackorder","17":"taxable","18":"shipping-taxable","19":"purchasable","20":"product-type-simple"},"yoast_head":"<!-- This site is optimized with the Yoast SEO plugin v27.1.1 - https:\/\/yoast.com\/product\/yoast-seo-wordpress\/ -->\n<title>DJI Mavic 3T (Thermal) - Worry-Free Plus Combo - 1 year -<\/title>\n<meta name=\"description\" content=\"Compact and portable, weighing only 920 g61\u00b0 DFOV and 640 \u00d7 512 px thermal camera24mm, 48MP wide cam with mechanical shutter\" \/>\n<meta name=\"robots\" content=\"index, follow, max-snippet:-1, max-image-preview:large, max-video-preview:-1\" \/>\n<link rel=\"canonical\" href=\"https:\/\/www.ghostysky.com\/pt\/produto-2\/dji-mavic-3t-thermal-worry-free-1-year-plus-combo\/\" \/>\n<meta property=\"og:locale\" content=\"pt_PT\" \/>\n<meta property=\"og:type\" content=\"article\" \/>\n<meta property=\"og:title\" content=\"DJI Mavic 3T (Thermal) - Worry-Free Plus Combo - 1 year -\" \/>\n<meta property=\"og:description\" content=\"Compact and portable, weighing only 920 g61\u00b0 DFOV and 640 \u00d7 512 px thermal camera24mm, 48MP wide cam with mechanical shutter\" \/>\n<meta property=\"og:url\" content=\"https:\/\/www.ghostysky.com\/pt\/produto-2\/dji-mavic-3t-thermal-worry-free-1-year-plus-combo\/\" \/>\n<meta property=\"og:site_name\" content=\"Ghostysky\" \/>\n<meta property=\"article:publisher\" content=\"https:\/\/www.facebook.com\/people\/Ghostysky\/100057676170234\/\" \/>\n<meta property=\"article:modified_time\" content=\"2024-06-19T14:59:40+00:00\" \/>\n<meta property=\"og:image\" content=\"https:\/\/www.ghostysky.com\/wp-content\/uploads\/2022\/10\/DJIMAvic3Thermal_01.jpg\" \/>\n\t<meta property=\"og:image:width\" content=\"735\" \/>\n\t<meta property=\"og:image:height\" content=\"735\" \/>\n\t<meta property=\"og:image:type\" content=\"image\/jpeg\" \/>\n<meta name=\"twitter:card\" content=\"summary_large_image\" \/>\n<meta name=\"twitter:site\" content=\"@Gh0stysky\" \/>\n<meta name=\"twitter:label1\" content=\"Tempo estimado de leitura\" \/>\n\t<meta name=\"twitter:data1\" content=\"3 minutos\" \/>\n<script type=\"application\/ld+json\" class=\"yoast-schema-graph\">{\"@context\":\"https:\/\/schema.org\",\"@graph\":[{\"@type\":\"WebPage\",\"@id\":\"https:\/\/www.ghostysky.com\/product\/dji-mavic-3t-thermal-worry-free-1-year-plus-combo\/\",\"url\":\"https:\/\/www.ghostysky.com\/product\/dji-mavic-3t-thermal-worry-free-1-year-plus-combo\/\",\"name\":\"DJI Mavic 3T (Thermal) - Worry-Free Plus Combo - 1 year -\",\"isPartOf\":{\"@id\":\"https:\/\/www.ghostysky.com\/#website\"},\"primaryImageOfPage\":{\"@id\":\"https:\/\/www.ghostysky.com\/product\/dji-mavic-3t-thermal-worry-free-1-year-plus-combo\/#primaryimage\"},\"image\":{\"@id\":\"https:\/\/www.ghostysky.com\/product\/dji-mavic-3t-thermal-worry-free-1-year-plus-combo\/#primaryimage\"},\"thumbnailUrl\":\"https:\/\/www.ghostysky.com\/wp-content\/uploads\/2022\/10\/DJIMAvic3Thermal_01.jpg\",\"datePublished\":\"2023-03-16T11:20:55+00:00\",\"dateModified\":\"2024-06-19T14:59:40+00:00\",\"description\":\"Compact and portable, weighing only 920 g61\u00b0 DFOV and 640 \u00d7 512 px thermal camera24mm, 48MP wide cam with mechanical shutter\",\"breadcrumb\":{\"@id\":\"https:\/\/www.ghostysky.com\/product\/dji-mavic-3t-thermal-worry-free-1-year-plus-combo\/#breadcrumb\"},\"inLanguage\":\"pt-PT\",\"potentialAction\":[{\"@type\":\"ReadAction\",\"target\":[\"https:\/\/www.ghostysky.com\/product\/dji-mavic-3t-thermal-worry-free-1-year-plus-combo\/\"]}]},{\"@type\":\"ImageObject\",\"inLanguage\":\"pt-PT\",\"@id\":\"https:\/\/www.ghostysky.com\/product\/dji-mavic-3t-thermal-worry-free-1-year-plus-combo\/#primaryimage\",\"url\":\"https:\/\/www.ghostysky.com\/wp-content\/uploads\/2022\/10\/DJIMAvic3Thermal_01.jpg\",\"contentUrl\":\"https:\/\/www.ghostysky.com\/wp-content\/uploads\/2022\/10\/DJIMAvic3Thermal_01.jpg\",\"width\":735,\"height\":735},{\"@type\":\"BreadcrumbList\",\"@id\":\"https:\/\/www.ghostysky.com\/product\/dji-mavic-3t-thermal-worry-free-1-year-plus-combo\/#breadcrumb\",\"itemListElement\":[{\"@type\":\"ListItem\",\"position\":1,\"name\":\"Home\",\"item\":\"https:\/\/www.ghostysky.com\/\"},{\"@type\":\"ListItem\",\"position\":2,\"name\":\"Shop\",\"item\":\"https:\/\/www.ghostysky.com\/shop\/\"},{\"@type\":\"ListItem\",\"position\":3,\"name\":\"DJI Mavic 3T (Thermal) &#8211; Worry-Free Plus Combo &#8211; 1 year\"}]},{\"@type\":\"WebSite\",\"@id\":\"https:\/\/www.ghostysky.com\/#website\",\"url\":\"https:\/\/www.ghostysky.com\/\",\"name\":\"Ghostysky\",\"description\":\"Delivering professional drones and services\",\"publisher\":{\"@id\":\"https:\/\/www.ghostysky.com\/#organization\"},\"potentialAction\":[{\"@type\":\"SearchAction\",\"target\":{\"@type\":\"EntryPoint\",\"urlTemplate\":\"https:\/\/www.ghostysky.com\/?s={search_term_string}\"},\"query-input\":{\"@type\":\"PropertyValueSpecification\",\"valueRequired\":true,\"valueName\":\"search_term_string\"}}],\"inLanguage\":\"pt-PT\"},{\"@type\":\"Organization\",\"@id\":\"https:\/\/www.ghostysky.com\/#organization\",\"name\":\"Ghostysky\",\"url\":\"https:\/\/www.ghostysky.com\/\",\"logo\":{\"@type\":\"ImageObject\",\"inLanguage\":\"pt-PT\",\"@id\":\"https:\/\/www.ghostysky.com\/#\/schema\/logo\/image\/\",\"url\":\"https:\/\/www.ghostysky.com\/wp-content\/uploads\/2020\/06\/cropped-ghostyskylogo_text_white2.png\",\"contentUrl\":\"https:\/\/www.ghostysky.com\/wp-content\/uploads\/2020\/06\/cropped-ghostyskylogo_text_white2.png\",\"width\":169,\"height\":56,\"caption\":\"Ghostysky\"},\"image\":{\"@id\":\"https:\/\/www.ghostysky.com\/#\/schema\/logo\/image\/\"},\"sameAs\":[\"https:\/\/www.facebook.com\/people\/Ghostysky\/100057676170234\/\",\"https:\/\/x.com\/Gh0stysky\",\"https:\/\/www.linkedin.com\/company\/34739653\",\"https:\/\/www.instagram.com\/gh0stysky\"]}]}<\/script>\n<!-- \/ Yoast SEO plugin. -->","yoast_head_json":{"title":"DJI Mavic 3T (t\u00e9rmico) - Combo Worry-Free Plus - 1 ano -","description":"Compacto e port\u00e1til, pesando apenas 920 g DFOV de 61\u00b0 e c\u00e2mera t\u00e9rmica de 640 \u00d7 512 px C\u00e2mera ampla de 24 mm e 48 MP com obturador mec\u00e2nico","robots":{"index":"index","follow":"follow","max-snippet":"max-snippet:-1","max-image-preview":"max-image-preview:large","max-video-preview":"max-video-preview:-1"},"canonical":"https:\/\/www.ghostysky.com\/pt\/produto-2\/dji-mavic-3t-thermal-worry-free-1-year-plus-combo\/","og_locale":"pt_PT","og_type":"article","og_title":"DJI Mavic 3T (Thermal) - Worry-Free Plus Combo - 1 year -","og_description":"Compact and portable, weighing only 920 g61\u00b0 DFOV and 640 \u00d7 512 px thermal camera24mm, 48MP wide cam with mechanical shutter","og_url":"https:\/\/www.ghostysky.com\/pt\/produto-2\/dji-mavic-3t-thermal-worry-free-1-year-plus-combo\/","og_site_name":"Ghostysky","article_publisher":"https:\/\/www.facebook.com\/people\/Ghostysky\/100057676170234\/","article_modified_time":"2024-06-19T14:59:40+00:00","og_image":[{"width":735,"height":735,"url":"https:\/\/www.ghostysky.com\/wp-content\/uploads\/2022\/10\/DJIMAvic3Thermal_01.jpg","type":"image\/jpeg"}],"twitter_card":"summary_large_image","twitter_site":"@Gh0stysky","twitter_misc":{"Tempo estimado de leitura":"3 minutos"},"schema":{"@context":"https:\/\/schema.org","@graph":[{"@type":"WebPage","@id":"https:\/\/www.ghostysky.com\/product\/dji-mavic-3t-thermal-worry-free-1-year-plus-combo\/","url":"https:\/\/www.ghostysky.com\/product\/dji-mavic-3t-thermal-worry-free-1-year-plus-combo\/","name":"DJI Mavic 3T (t\u00e9rmico) - Combo Worry-Free Plus - 1 ano -","isPartOf":{"@id":"https:\/\/www.ghostysky.com\/#website"},"primaryImageOfPage":{"@id":"https:\/\/www.ghostysky.com\/product\/dji-mavic-3t-thermal-worry-free-1-year-plus-combo\/#primaryimage"},"image":{"@id":"https:\/\/www.ghostysky.com\/product\/dji-mavic-3t-thermal-worry-free-1-year-plus-combo\/#primaryimage"},"thumbnailUrl":"https:\/\/www.ghostysky.com\/wp-content\/uploads\/2022\/10\/DJIMAvic3Thermal_01.jpg","datePublished":"2023-03-16T11:20:55+00:00","dateModified":"2024-06-19T14:59:40+00:00","description":"Compacto e port\u00e1til, pesando apenas 920 g DFOV de 61\u00b0 e c\u00e2mera t\u00e9rmica de 640 \u00d7 512 px C\u00e2mera ampla de 24 mm e 48 MP com obturador mec\u00e2nico","breadcrumb":{"@id":"https:\/\/www.ghostysky.com\/product\/dji-mavic-3t-thermal-worry-free-1-year-plus-combo\/#breadcrumb"},"inLanguage":"pt-PT","potentialAction":[{"@type":"ReadAction","target":["https:\/\/www.ghostysky.com\/product\/dji-mavic-3t-thermal-worry-free-1-year-plus-combo\/"]}]},{"@type":"ImageObject","inLanguage":"pt-PT","@id":"https:\/\/www.ghostysky.com\/product\/dji-mavic-3t-thermal-worry-free-1-year-plus-combo\/#primaryimage","url":"https:\/\/www.ghostysky.com\/wp-content\/uploads\/2022\/10\/DJIMAvic3Thermal_01.jpg","contentUrl":"https:\/\/www.ghostysky.com\/wp-content\/uploads\/2022\/10\/DJIMAvic3Thermal_01.jpg","width":735,"height":735},{"@type":"BreadcrumbList","@id":"https:\/\/www.ghostysky.com\/product\/dji-mavic-3t-thermal-worry-free-1-year-plus-combo\/#breadcrumb","itemListElement":[{"@type":"ListItem","position":1,"name":"Home","item":"https:\/\/www.ghostysky.com\/"},{"@type":"ListItem","position":2,"name":"Shop","item":"https:\/\/www.ghostysky.com\/shop\/"},{"@type":"ListItem","position":3,"name":"DJI Mavic 3T (Thermal) &#8211; Worry-Free Plus Combo &#8211; 1 year"}]},{"@type":"WebSite","@id":"https:\/\/www.ghostysky.com\/#website","url":"https:\/\/www.ghostysky.com\/","name":"Ghostysky","description":"Fornecendo drones e servi\u00e7os profissionais","publisher":{"@id":"https:\/\/www.ghostysky.com\/#organization"},"potentialAction":[{"@type":"SearchAction","target":{"@type":"EntryPoint","urlTemplate":"https:\/\/www.ghostysky.com\/?s={search_term_string}"},"query-input":{"@type":"PropertyValueSpecification","valueRequired":true,"valueName":"search_term_string"}}],"inLanguage":"pt-PT"},{"@type":"Organization","@id":"https:\/\/www.ghostysky.com\/#organization","name":"Ghostysky","url":"https:\/\/www.ghostysky.com\/","logo":{"@type":"ImageObject","inLanguage":"pt-PT","@id":"https:\/\/www.ghostysky.com\/#\/schema\/logo\/image\/","url":"https:\/\/www.ghostysky.com\/wp-content\/uploads\/2020\/06\/cropped-ghostyskylogo_text_white2.png","contentUrl":"https:\/\/www.ghostysky.com\/wp-content\/uploads\/2020\/06\/cropped-ghostyskylogo_text_white2.png","width":169,"height":56,"caption":"Ghostysky"},"image":{"@id":"https:\/\/www.ghostysky.com\/#\/schema\/logo\/image\/"},"sameAs":["https:\/\/www.facebook.com\/people\/Ghostysky\/100057676170234\/","https:\/\/x.com\/Gh0stysky","https:\/\/www.linkedin.com\/company\/34739653","https:\/\/www.instagram.com\/gh0stysky"]}]}},"_links":{"self":[{"href":"https:\/\/www.ghostysky.com\/pt\/wp-json\/wp\/v2\/product\/11058","targetHints":{"allow":["GET"]}}],"collection":[{"href":"https:\/\/www.ghostysky.com\/pt\/wp-json\/wp\/v2\/product"}],"about":[{"href":"https:\/\/www.ghostysky.com\/pt\/wp-json\/wp\/v2\/types\/product"}],"replies":[{"embeddable":true,"href":"https:\/\/www.ghostysky.com\/pt\/wp-json\/wp\/v2\/comments?post=11058"}],"wp:featuredmedia":[{"embeddable":true,"href":"https:\/\/www.ghostysky.com\/pt\/wp-json\/wp\/v2\/media\/10049"}],"wp:attachment":[{"href":"https:\/\/www.ghostysky.com\/pt\/wp-json\/wp\/v2\/media?parent=11058"}],"wp:term":[{"taxonomy":"product_brand","embeddable":true,"href":"https:\/\/www.ghostysky.com\/pt\/wp-json\/wp\/v2\/product_brand?post=11058"},{"taxonomy":"product_cat","embeddable":true,"href":"https:\/\/www.ghostysky.com\/pt\/wp-json\/wp\/v2\/product_cat?post=11058"},{"taxonomy":"product_tag","embeddable":true,"href":"https:\/\/www.ghostysky.com\/pt\/wp-json\/wp\/v2\/product_tag?post=11058"}],"curies":[{"name":"wp","href":"https:\/\/api.w.org\/{rel}","templated":true}]}}