{"id":11072,"date":"2023-03-16T19:17:50","date_gmt":"2023-03-16T19:17:50","guid":{"rendered":"https:\/\/www.ghostysky.com\/?post_type=product&#038;p=11072"},"modified":"2023-04-03T20:02:03","modified_gmt":"2023-04-03T20:02:03","slug":"dji-mavic-3m-multispectral-free-basic-combo-2-years","status":"publish","type":"product","link":"https:\/\/www.ghostysky.com\/pt\/product\/dji-mavic-3m-multispectral-free-basic-combo-2-years\/","title":{"rendered":"DJI Mavic 3M (Multispectral) \u2013 Free Basic Combo \u2013 2 anos"},"content":{"rendered":"<div style=\"text-align: left;\">A combina\u00e7\u00e3o do Mavic 3 Multispectral com um drone DJI Agras aumentar\u00e1 a\u00a0precis\u00e3o da pulveriza\u00e7\u00e3o e possibilitar\u00e1 a miss\u00e3o de pulveriza\u00e7\u00e3o de prescri\u00e7\u00e3o. As miss\u00f5es de pulveriza\u00e7\u00e3o de prescri\u00e7\u00e3o permitem que os utilizadores do Agras pulverizem uma dosagem maior nas \u00e1reas afetadas com um \u00edndice NDVI mais baixo e pulverizem menos na parte saud\u00e1vel de um campo que possui um \u00edndice NDVI mais alto. Tudo isso \u00e9 poss\u00edvel com a ajuda do drone DJI Mavic 3 Multispectral.<\/div>\n<div style=\"text-align: left;\"><\/div>\n<div style=\"text-align: left;\">O levantamento a\u00e9reo eficaz precisa ver o invis\u00edvel. \u00c9 por isso que o Mavic 3 Multispectral tem duas formas de vis\u00e3o. Ele combina uma c\u00e2mera RGB com uma c\u00e2mera multiespectral para digitalizar e analisar o crescimento da cultura com total clareza. A gest\u00e3o da produ\u00e7\u00e3o agr\u00edcola requer precis\u00e3o e dados, e o Mavic 3M oferece ambos.<\/div>\n<div style=\"text-align: left;\"><\/div>\n<div style=\"text-align: left;\">\n<div class=\"style__imaging-system-text-wrapper___2HW_w\">\n<div class=\"style__imaging-system-text-duration-content___2hvpA\">\n<div class=\"style__text-content-lightImageSystemText___3b1rV\">\n<h2>O sistema de imagem altamente integrado<\/h2>\n<div class=\"\">\n<p class=\"style__text-content-ImageSystemDesc___2SxKq\">O sistema de imagem rec\u00e9m-atualizado com uma<strong>\u00a0camera RGB de 20MP<\/strong>\u00a0e quatro\u00a0<strong>cameras multiespectrais de 5MP(verde, vermelho, red edge e infravermelho pr\u00f3ximo)<\/strong>. Permite aplica\u00e7\u00f5es como levantamento a\u00e9reo de alta precis\u00e3o, monitoriza\u00e7\u00e3o de crescimento de culturas e levantamentos de recursos naturais.<\/p>\n<h2 class=\"style__light-intensity-sensor-text-title___U2x2h\">Sensor de luz solar<\/h2>\n<p class=\"style__light-intensity-sensor-text-desc___3LbK4\">O sensor de luz solar integrado captura a irradia\u00e7\u00e3o solar e registra-a num ficheiro de imagem, permitindo a compensa\u00e7\u00e3o de luz dos dados da imagem durante a reconstru\u00e7\u00e3o 2D. Isso resulta em resultados NDVI mais precisos, bem como maior precis\u00e3o e consist\u00eancia dos dados adquiridos ao longo do tempo.<\/p>\n<h2 class=\"style__light-intensity-sensor-text-desc___3LbK4\">M\u00f3dulo RTK<\/h2>\n<h3 class=\"style__light-intensity-sensor-text-desc___3LbK4\">Imagens precisas que capturam cada pixel<\/h3>\n<p class=\"style__light-intensity-sensor-text-desc___3LbK4\">Mavic 3M com um m\u00f3dulo RTK para posicionamento de n\u00edvel centim\u00e9trico. O controle de voo, a c\u00e2mera e o m\u00f3dulo RTK s\u00e3o sincronizados em microssegundos para capturar com precis\u00e3o a localiza\u00e7\u00e3o do centro de imagem de cada c\u00e2mera. Isto permite que o Mavic 3M fa\u00e7a levantamentos a\u00e9reos de alta precis\u00e3o sem usar pontos de controle no solo.<\/p>\n<h3>NA CAIXA<\/h3>\n<p>Na caixa:<\/p>\n<ul>\n<li>1x DJI Mavic 3 multiespectral<\/li>\n<li>1x DJI RC Pro<\/li>\n<li>1 x M\u00f3dulo DJI RTK<\/li>\n<li>3x H\u00e9lices (Par)<\/li>\n<li>1x Carregador DJI<\/li>\n<li>1x Cabo de alimenta\u00e7\u00e3o<\/li>\n<li>1x Cabo USB-C<\/li>\n<li>1x Cabo USB-C para USB-C<\/li>\n<li>1x Mala de transporte DJI<\/li>\n<li>1x Chave de fenda sextavada<\/li>\n<li>Manuais<\/li>\n<\/ul>\n<\/div>\n<\/div>\n<\/div>\n<\/div>\n<\/div>","protected":false},"excerpt":{"rendered":"<p>O DJI Mavic 3 Multispectral, tamb\u00e9m conhecido como DJI Mavic 3M ou DJI M3M, veio substituir  o Phantom 4 Multispectral para o mapeamento multiespectral e NDVI.<\/p>\n<ul>\n<li>Compacto e port\u00e1til<\/li>\n<li>Camera multiespectral<\/li>\n<li>Camera RGB<\/li>\n<li>Seguro e est\u00e1vel<\/li>\n<li>Posicionamento preciso<\/li>\n<li>Levantamento a\u00e9reo eficiente<\/li>\n<\/ul>\n<p>-&gt; <strong>Combina\u00e7\u00e3o b\u00e1sica sem preocupa\u00e7\u00f5es DJI Mavic 3M \u2013 1 ano<\/strong><\/p>\n<p>-&gt; <strong>Combina\u00e7\u00e3o b\u00e1sica sem preocupa\u00e7\u00f5es DJI Mavic 3M \u2013 2 anos<\/strong><\/p>\n<p>&nbsp;<\/p>","protected":false},"featured_media":11010,"comment_status":"open","ping_status":"closed","template":"","meta":[],"product_brand":[],"product_cat":[37,429,29,431],"product_tag":[42,432,493],"class_list":{"0":"post-11072","1":"product","2":"type-product","3":"status-publish","4":"has-post-thumbnail","6":"product_cat-dji","7":"product_cat-dji-mavic3-ent","8":"product_cat-drones","9":"product_cat-drones-dji-mavic3-ent","10":"product_tag-dji","11":"product_tag-dji-mavic3","12":"product_tag-mavic-3m","14":"first","15":"onbackorder","16":"taxable","17":"shipping-taxable","18":"product-type-simple"},"yoast_head":"<!-- This site is optimized with the Yoast SEO plugin v27.1.1 - https:\/\/yoast.com\/product\/yoast-seo-wordpress\/ -->\n<title>DJI Mavic 3M (Multispectral) - Free Basic Combo - 2 Years -<\/title>\n<meta name=\"description\" content=\"DJI Mavic 3 Multispectral, also known as DJI Mavic 3M or DJI M3M, has replaced the Phantom 4 Multispectral for multispectral and NDVI mapping.\" \/>\n<meta name=\"robots\" content=\"index, follow, max-snippet:-1, max-image-preview:large, max-video-preview:-1\" \/>\n<link rel=\"canonical\" href=\"https:\/\/www.ghostysky.com\/pt\/produto-2\/dji-mavic-3m-multispectral-free-basic-combo-2-years\/\" \/>\n<meta property=\"og:locale\" content=\"pt_PT\" \/>\n<meta property=\"og:type\" content=\"article\" \/>\n<meta property=\"og:title\" content=\"DJI Mavic 3M (Multispectral) - Free Basic Combo - 2 Years -\" \/>\n<meta property=\"og:description\" content=\"DJI Mavic 3 Multispectral, also known as DJI Mavic 3M or DJI M3M, has replaced the Phantom 4 Multispectral for multispectral and NDVI mapping.\" \/>\n<meta property=\"og:url\" content=\"https:\/\/www.ghostysky.com\/pt\/produto-2\/dji-mavic-3m-multispectral-free-basic-combo-2-years\/\" \/>\n<meta property=\"og:site_name\" content=\"Ghostysky\" \/>\n<meta property=\"article:publisher\" content=\"https:\/\/www.facebook.com\/people\/Ghostysky\/100057676170234\/\" \/>\n<meta property=\"article:modified_time\" content=\"2023-04-03T20:02:03+00:00\" \/>\n<meta property=\"og:image\" content=\"https:\/\/www.ghostysky.com\/wp-content\/uploads\/2023\/03\/GH_drone-mavic-3-multispectral.webp\" \/>\n\t<meta property=\"og:image:width\" content=\"1920\" \/>\n\t<meta property=\"og:image:height\" content=\"1080\" \/>\n\t<meta property=\"og:image:type\" content=\"image\/webp\" \/>\n<meta name=\"twitter:card\" content=\"summary_large_image\" \/>\n<meta name=\"twitter:site\" content=\"@Gh0stysky\" \/>\n<meta name=\"twitter:label1\" content=\"Tempo estimado de leitura\" \/>\n\t<meta name=\"twitter:data1\" content=\"2 minutos\" \/>\n<script type=\"application\/ld+json\" class=\"yoast-schema-graph\">{\"@context\":\"https:\/\/schema.org\",\"@graph\":[{\"@type\":\"WebPage\",\"@id\":\"https:\/\/www.ghostysky.com\/product\/dji-mavic-3m-multispectral-free-basic-combo-2-years\/\",\"url\":\"https:\/\/www.ghostysky.com\/product\/dji-mavic-3m-multispectral-free-basic-combo-2-years\/\",\"name\":\"DJI Mavic 3M (Multispectral) - Free Basic Combo - 2 Years -\",\"isPartOf\":{\"@id\":\"https:\/\/www.ghostysky.com\/#website\"},\"primaryImageOfPage\":{\"@id\":\"https:\/\/www.ghostysky.com\/product\/dji-mavic-3m-multispectral-free-basic-combo-2-years\/#primaryimage\"},\"image\":{\"@id\":\"https:\/\/www.ghostysky.com\/product\/dji-mavic-3m-multispectral-free-basic-combo-2-years\/#primaryimage\"},\"thumbnailUrl\":\"https:\/\/www.ghostysky.com\/wp-content\/uploads\/2023\/03\/GH_drone-mavic-3-multispectral.webp\",\"datePublished\":\"2023-03-16T19:17:50+00:00\",\"dateModified\":\"2023-04-03T20:02:03+00:00\",\"description\":\"DJI Mavic 3 Multispectral, also known as DJI Mavic 3M or DJI M3M, has replaced the Phantom 4 Multispectral for multispectral and NDVI mapping.\",\"breadcrumb\":{\"@id\":\"https:\/\/www.ghostysky.com\/product\/dji-mavic-3m-multispectral-free-basic-combo-2-years\/#breadcrumb\"},\"inLanguage\":\"pt-PT\",\"potentialAction\":[{\"@type\":\"ReadAction\",\"target\":[\"https:\/\/www.ghostysky.com\/product\/dji-mavic-3m-multispectral-free-basic-combo-2-years\/\"]}]},{\"@type\":\"ImageObject\",\"inLanguage\":\"pt-PT\",\"@id\":\"https:\/\/www.ghostysky.com\/product\/dji-mavic-3m-multispectral-free-basic-combo-2-years\/#primaryimage\",\"url\":\"https:\/\/www.ghostysky.com\/wp-content\/uploads\/2023\/03\/GH_drone-mavic-3-multispectral.webp\",\"contentUrl\":\"https:\/\/www.ghostysky.com\/wp-content\/uploads\/2023\/03\/GH_drone-mavic-3-multispectral.webp\",\"width\":1920,\"height\":1080},{\"@type\":\"BreadcrumbList\",\"@id\":\"https:\/\/www.ghostysky.com\/product\/dji-mavic-3m-multispectral-free-basic-combo-2-years\/#breadcrumb\",\"itemListElement\":[{\"@type\":\"ListItem\",\"position\":1,\"name\":\"Home\",\"item\":\"https:\/\/www.ghostysky.com\/\"},{\"@type\":\"ListItem\",\"position\":2,\"name\":\"Shop\",\"item\":\"https:\/\/www.ghostysky.com\/shop\/\"},{\"@type\":\"ListItem\",\"position\":3,\"name\":\"DJI Mavic 3M (Multispectral) &#8211; Free Basic Combo &#8211; 2 Years\"}]},{\"@type\":\"WebSite\",\"@id\":\"https:\/\/www.ghostysky.com\/#website\",\"url\":\"https:\/\/www.ghostysky.com\/\",\"name\":\"Ghostysky\",\"description\":\"Delivering professional drones and services\",\"publisher\":{\"@id\":\"https:\/\/www.ghostysky.com\/#organization\"},\"potentialAction\":[{\"@type\":\"SearchAction\",\"target\":{\"@type\":\"EntryPoint\",\"urlTemplate\":\"https:\/\/www.ghostysky.com\/?s={search_term_string}\"},\"query-input\":{\"@type\":\"PropertyValueSpecification\",\"valueRequired\":true,\"valueName\":\"search_term_string\"}}],\"inLanguage\":\"pt-PT\"},{\"@type\":\"Organization\",\"@id\":\"https:\/\/www.ghostysky.com\/#organization\",\"name\":\"Ghostysky\",\"url\":\"https:\/\/www.ghostysky.com\/\",\"logo\":{\"@type\":\"ImageObject\",\"inLanguage\":\"pt-PT\",\"@id\":\"https:\/\/www.ghostysky.com\/#\/schema\/logo\/image\/\",\"url\":\"https:\/\/www.ghostysky.com\/wp-content\/uploads\/2020\/06\/cropped-ghostyskylogo_text_white2.png\",\"contentUrl\":\"https:\/\/www.ghostysky.com\/wp-content\/uploads\/2020\/06\/cropped-ghostyskylogo_text_white2.png\",\"width\":169,\"height\":56,\"caption\":\"Ghostysky\"},\"image\":{\"@id\":\"https:\/\/www.ghostysky.com\/#\/schema\/logo\/image\/\"},\"sameAs\":[\"https:\/\/www.facebook.com\/people\/Ghostysky\/100057676170234\/\",\"https:\/\/x.com\/Gh0stysky\",\"https:\/\/www.linkedin.com\/company\/34739653\",\"https:\/\/www.instagram.com\/gh0stysky\"]}]}<\/script>\n<!-- \/ Yoast SEO plugin. -->","yoast_head_json":{"title":"DJI Mavic 3M (Multiespectral) - Combo B\u00e1sico Gratuito - 2 Anos -","description":"O DJI Mavic 3 Multispectral, tamb\u00e9m conhecido como DJI Mavic 3M ou DJI M3M, veio substituir  o Phantom 4 Multispectral para o mapeamento multiespectral e NDVI.","robots":{"index":"index","follow":"follow","max-snippet":"max-snippet:-1","max-image-preview":"max-image-preview:large","max-video-preview":"max-video-preview:-1"},"canonical":"https:\/\/www.ghostysky.com\/pt\/produto-2\/dji-mavic-3m-multispectral-free-basic-combo-2-years\/","og_locale":"pt_PT","og_type":"article","og_title":"DJI Mavic 3M (Multispectral) - Free Basic Combo - 2 Years -","og_description":"DJI Mavic 3 Multispectral, also known as DJI Mavic 3M or DJI M3M, has replaced the Phantom 4 Multispectral for multispectral and NDVI mapping.","og_url":"https:\/\/www.ghostysky.com\/pt\/produto-2\/dji-mavic-3m-multispectral-free-basic-combo-2-years\/","og_site_name":"Ghostysky","article_publisher":"https:\/\/www.facebook.com\/people\/Ghostysky\/100057676170234\/","article_modified_time":"2023-04-03T20:02:03+00:00","og_image":[{"width":1920,"height":1080,"url":"https:\/\/www.ghostysky.com\/wp-content\/uploads\/2023\/03\/GH_drone-mavic-3-multispectral.webp","type":"image\/webp"}],"twitter_card":"summary_large_image","twitter_site":"@Gh0stysky","twitter_misc":{"Tempo estimado de leitura":"2 minutos"},"schema":{"@context":"https:\/\/schema.org","@graph":[{"@type":"WebPage","@id":"https:\/\/www.ghostysky.com\/product\/dji-mavic-3m-multispectral-free-basic-combo-2-years\/","url":"https:\/\/www.ghostysky.com\/product\/dji-mavic-3m-multispectral-free-basic-combo-2-years\/","name":"DJI Mavic 3M (Multiespectral) - Combo B\u00e1sico Gratuito - 2 Anos -","isPartOf":{"@id":"https:\/\/www.ghostysky.com\/#website"},"primaryImageOfPage":{"@id":"https:\/\/www.ghostysky.com\/product\/dji-mavic-3m-multispectral-free-basic-combo-2-years\/#primaryimage"},"image":{"@id":"https:\/\/www.ghostysky.com\/product\/dji-mavic-3m-multispectral-free-basic-combo-2-years\/#primaryimage"},"thumbnailUrl":"https:\/\/www.ghostysky.com\/wp-content\/uploads\/2023\/03\/GH_drone-mavic-3-multispectral.webp","datePublished":"2023-03-16T19:17:50+00:00","dateModified":"2023-04-03T20:02:03+00:00","description":"O DJI Mavic 3 Multispectral, tamb\u00e9m conhecido como DJI Mavic 3M ou DJI M3M, veio substituir  o Phantom 4 Multispectral para o mapeamento multiespectral e NDVI.","breadcrumb":{"@id":"https:\/\/www.ghostysky.com\/product\/dji-mavic-3m-multispectral-free-basic-combo-2-years\/#breadcrumb"},"inLanguage":"pt-PT","potentialAction":[{"@type":"ReadAction","target":["https:\/\/www.ghostysky.com\/product\/dji-mavic-3m-multispectral-free-basic-combo-2-years\/"]}]},{"@type":"ImageObject","inLanguage":"pt-PT","@id":"https:\/\/www.ghostysky.com\/product\/dji-mavic-3m-multispectral-free-basic-combo-2-years\/#primaryimage","url":"https:\/\/www.ghostysky.com\/wp-content\/uploads\/2023\/03\/GH_drone-mavic-3-multispectral.webp","contentUrl":"https:\/\/www.ghostysky.com\/wp-content\/uploads\/2023\/03\/GH_drone-mavic-3-multispectral.webp","width":1920,"height":1080},{"@type":"BreadcrumbList","@id":"https:\/\/www.ghostysky.com\/product\/dji-mavic-3m-multispectral-free-basic-combo-2-years\/#breadcrumb","itemListElement":[{"@type":"ListItem","position":1,"name":"Home","item":"https:\/\/www.ghostysky.com\/"},{"@type":"ListItem","position":2,"name":"Shop","item":"https:\/\/www.ghostysky.com\/shop\/"},{"@type":"ListItem","position":3,"name":"DJI Mavic 3M (Multispectral) &#8211; Free Basic Combo &#8211; 2 Years"}]},{"@type":"WebSite","@id":"https:\/\/www.ghostysky.com\/#website","url":"https:\/\/www.ghostysky.com\/","name":"Ghostysky","description":"Fornecendo drones e servi\u00e7os profissionais","publisher":{"@id":"https:\/\/www.ghostysky.com\/#organization"},"potentialAction":[{"@type":"SearchAction","target":{"@type":"EntryPoint","urlTemplate":"https:\/\/www.ghostysky.com\/?s={search_term_string}"},"query-input":{"@type":"PropertyValueSpecification","valueRequired":true,"valueName":"search_term_string"}}],"inLanguage":"pt-PT"},{"@type":"Organization","@id":"https:\/\/www.ghostysky.com\/#organization","name":"Ghostysky","url":"https:\/\/www.ghostysky.com\/","logo":{"@type":"ImageObject","inLanguage":"pt-PT","@id":"https:\/\/www.ghostysky.com\/#\/schema\/logo\/image\/","url":"https:\/\/www.ghostysky.com\/wp-content\/uploads\/2020\/06\/cropped-ghostyskylogo_text_white2.png","contentUrl":"https:\/\/www.ghostysky.com\/wp-content\/uploads\/2020\/06\/cropped-ghostyskylogo_text_white2.png","width":169,"height":56,"caption":"Ghostysky"},"image":{"@id":"https:\/\/www.ghostysky.com\/#\/schema\/logo\/image\/"},"sameAs":["https:\/\/www.facebook.com\/people\/Ghostysky\/100057676170234\/","https:\/\/x.com\/Gh0stysky","https:\/\/www.linkedin.com\/company\/34739653","https:\/\/www.instagram.com\/gh0stysky"]}]}},"_links":{"self":[{"href":"https:\/\/www.ghostysky.com\/pt\/wp-json\/wp\/v2\/product\/11072","targetHints":{"allow":["GET"]}}],"collection":[{"href":"https:\/\/www.ghostysky.com\/pt\/wp-json\/wp\/v2\/product"}],"about":[{"href":"https:\/\/www.ghostysky.com\/pt\/wp-json\/wp\/v2\/types\/product"}],"replies":[{"embeddable":true,"href":"https:\/\/www.ghostysky.com\/pt\/wp-json\/wp\/v2\/comments?post=11072"}],"wp:featuredmedia":[{"embeddable":true,"href":"https:\/\/www.ghostysky.com\/pt\/wp-json\/wp\/v2\/media\/11010"}],"wp:attachment":[{"href":"https:\/\/www.ghostysky.com\/pt\/wp-json\/wp\/v2\/media?parent=11072"}],"wp:term":[{"taxonomy":"product_brand","embeddable":true,"href":"https:\/\/www.ghostysky.com\/pt\/wp-json\/wp\/v2\/product_brand?post=11072"},{"taxonomy":"product_cat","embeddable":true,"href":"https:\/\/www.ghostysky.com\/pt\/wp-json\/wp\/v2\/product_cat?post=11072"},{"taxonomy":"product_tag","embeddable":true,"href":"https:\/\/www.ghostysky.com\/pt\/wp-json\/wp\/v2\/product_tag?post=11072"}],"curies":[{"name":"wp","href":"https:\/\/api.w.org\/{rel}","templated":true}]}}