{"id":11131,"date":"2023-03-19T10:50:07","date_gmt":"2023-03-19T10:50:07","guid":{"rendered":"https:\/\/www.ghostysky.com\/?post_type=product&#038;p=11131"},"modified":"2023-04-03T20:04:07","modified_gmt":"2023-04-03T20:04:07","slug":"autel-robotics-evo-ii-pro-6k-v3-rugged-bundle","status":"publish","type":"product","link":"https:\/\/www.ghostysky.com\/pt\/product\/autel-robotics-evo-ii-pro-6k-v3-rugged-bundle\/","title":{"rendered":"Autel Robotics EVO II Pro 6K V3 Pacote Robusto"},"content":{"rendered":"<div>\n<div class=\"feature_UbV5SNP5Eo\">\n<div class=\"featureHeader_UbV5SNP5Eo\">\n<h3 class=\"text_TAw0W35QK_ comfy_TAw0W35QK_ sizeTitle2_TAw0W35QK_ weightNormal_TAw0W35QK_ primary_i3MsQsqoe0\">Algoritmo Moonlight 2.0<\/h3>\n<\/div>\n<div>\n<div class=\"js-injected-html text_UbV5SNP5Eo\">Ao disparar \u00e0 noite, o Algoritmo Moonlight 2.0 oferece um processamento de redu\u00e7\u00e3o de ru\u00eddo quando se lida com condi\u00e7\u00f5es adversas ou de fraca luminosidade.<\/div>\n<\/div>\n<\/div>\n<\/div>\n<div>\n<div class=\"feature_UbV5SNP5Eo\">\n<div class=\"featureHeader_UbV5SNP5Eo\">\n<h3 class=\"text_TAw0W35QK_ comfy_TAw0W35QK_ sizeTitle2_TAw0W35QK_ weightNormal_TAw0W35QK_ primary_i3MsQsqoe0\">Controlador Inteligente SE com SkyLink 2.0<\/h3>\n<\/div>\n<div>\n<div class=\"js-injected-html text_UbV5SNP5Eo\">Utilizando o SkyLink 2.0, o visor OLED do Controlador Inteligente SE incorporado 6.4\u2033 pode receber transmiss\u00e3o de v\u00eddeo HD em voo a partir de at\u00e9 9,32 milhas de dist\u00e2ncia. A recep\u00e7\u00e3o \u00e9 mantida para ser est\u00e1vel e livre de interfer\u00eancias, gra\u00e7as \u00e0 tripla banda (900 MHz, 2,4 GHz, e 5,8 GHz) de salto de frequ\u00eancia. A concep\u00e7\u00e3o robusta do controlador permite-lhe resistir a temperaturas de -4 a 104\u00b0F, e \u00e9 classificado como IP43 para desempenho em todas as condi\u00e7\u00f5es climat\u00e9ricas. Convenientemente, pode ajustar as capacidades do controlo remoto ao seu gosto com aplica\u00e7\u00f5es opcionais de terceiros, que s\u00e3o alimentadas por processamento incorporado de 8 n\u00facleos.<\/div>\n<\/div>\n<\/div>\n<\/div>\n<div>\n<div class=\"feature_UbV5SNP5Eo\">\n<div class=\"featureHeader_UbV5SNP5Eo\">\n<h3 class=\"text_TAw0W35QK_ comfy_TAw0W35QK_ sizeTitle2_TAw0W35QK_ weightNormal_TAw0W35QK_ primary_i3MsQsqoe0\">Preven\u00e7\u00e3o de Obst\u00e1culos 360\u00b0<\/h3>\n<\/div>\n<div>\n<div class=\"js-injected-html text_UbV5SNP5Eo\">Ao longo do voo, um conjunto de 19 sensores, incluindo 12 sensores visuais, a c\u00e2mara principal, as IMUs de ultra-sons, e mais, podem construir um mapa 3D da zona envolvente ao drone, e desta forma planear um caminho claro para o seu destino em tempo real.<\/div>\n<\/div>\n<\/div>\n<\/div>\n<div>\n<div class=\"feature_UbV5SNP5Eo\">\n<div class=\"featureHeader_UbV5SNP5Eo\">\n<h3 class=\"text_TAw0W35QK_ comfy_TAw0W35QK_ sizeTitle2_TAw0W35QK_ weightNormal_TAw0W35QK_ primary_i3MsQsqoe0\">Caracter\u00edsticas adicionais<\/h3>\n<\/div>\n<div>\n<div class=\"js-injected-html text_UbV5SNP5Eo\">\n<ul>\n<li>At\u00e9 39 mph de resist\u00eancia m\u00e1xima ao vento<\/li>\n<li>Velocidade m\u00e1xima de voo at\u00e9 45 mph<\/li>\n<li>At\u00e9 16x zoom digital e 3x zoom sem perdas<\/li>\n<li>At\u00e9 40 minutos de tempo de voo<\/li>\n<li>Formatos JPEG\/RAW suportados<\/li>\n<li>ISO m\u00e1ximo de 44000<\/li>\n<li>Bateria remota remov\u00edvel<\/li>\n<li>Compat\u00edvel com o Live Deck 2 opcional para transmiss\u00e3o ao vivo de informa\u00e7\u00f5es sobre miss\u00f5es<\/li>\n<\/ul>\n<h3>NA CAIXA<\/h3>\n<ul>\n<li>1x Aeronave (bateria, h\u00e9lice, tampa do gimbal, cart\u00e3o SD 32G inclu\u00eddo)<\/li>\n<li>1x Controlador remoto<\/li>\n<li>2x Bateria<\/li>\n<li>1x Carregador<\/li>\n<li>1x Cabo de alimenta\u00e7\u00e3o<\/li>\n<li>1x Par de h\u00e9lices<\/li>\n<li>1x Cabo Micro-USB<\/li>\n<li>2x Cabo de controlo remoto (conector padr\u00e3o micro usb\/conector tipo c)<\/li>\n<li>1x Mala de transporte<\/li>\n<\/ul>\n<\/div>\n<\/div>\n<\/div>\n<\/div>","protected":false},"excerpt":{"rendered":"<p>Combinando a \u00f3ptica de alta defini\u00e7\u00e3o e processamento digital com uma estrutura robusta, o\u00a0<b>Pacote robusto EVO II Pro 6K V3<\/b>\u00a0da\u00a0<b>Autel Robotics<\/b> fornece aos cineastas resultados de imagens a\u00e9reas profissionais. O sensor Sony 20MP 1\u2033 CMOS com abertura ajust\u00e1vel de f\/2.8 a f\/11 permite enorme flexibilidade, enquanto que o time-lapse m\u00f3vel de 4K HDR e 6K, as fotos DNG de 12 bits, e 68,6 bilh\u00f5es de v\u00eddeos a cores expandem o que \u00e9 poss\u00edvel durante a p\u00f3s-produ\u00e7\u00e3o.<\/p>","protected":false},"featured_media":11138,"comment_status":"open","ping_status":"closed","template":"","meta":[],"product_brand":[],"product_cat":[220,364,29],"product_tag":[500,501],"class_list":{"0":"post-11131","1":"product","2":"type-product","3":"status-publish","4":"has-post-thumbnail","6":"product_cat-autel","7":"product_cat-bundles-autel","8":"product_cat-drones","9":"product_tag-autel-evo-ii-v3","10":"product_tag-evo-ii-pro-6k-v3","12":"first","13":"onbackorder","14":"taxable","15":"shipping-taxable","16":"product-type-simple"},"yoast_head":"<!-- This site is optimized with the Yoast SEO plugin v27.1.1 - https:\/\/yoast.com\/product\/yoast-seo-wordpress\/ -->\n<title>Autel Robotics EVO II Pro 6K V3 Rugged Bundle -<\/title>\n<meta name=\"description\" content=\"Combining high-end optics and digital processing with a rugged airframe, the\u00a0EVO II Pro 6K Rugged Bundle V3\u00a0from\u00a0Autel Robotics provides filmmakers with professional aerial imaging results.\" \/>\n<meta name=\"robots\" content=\"index, follow, max-snippet:-1, max-image-preview:large, max-video-preview:-1\" \/>\n<link rel=\"canonical\" href=\"https:\/\/www.ghostysky.com\/pt\/produto-2\/autel-robotics-evo-ii-pro-6k-v3-rugged-bundle\/\" \/>\n<meta property=\"og:locale\" content=\"pt_PT\" \/>\n<meta property=\"og:type\" content=\"article\" \/>\n<meta property=\"og:title\" content=\"Autel Robotics EVO II Pro 6K V3 Rugged Bundle -\" \/>\n<meta property=\"og:description\" content=\"Combining high-end optics and digital processing with a rugged airframe, the\u00a0EVO II Pro 6K Rugged Bundle V3\u00a0from\u00a0Autel Robotics provides filmmakers with professional aerial imaging results.\" \/>\n<meta property=\"og:url\" content=\"https:\/\/www.ghostysky.com\/pt\/produto-2\/autel-robotics-evo-ii-pro-6k-v3-rugged-bundle\/\" \/>\n<meta property=\"og:site_name\" content=\"Ghostysky\" \/>\n<meta property=\"article:publisher\" content=\"https:\/\/www.facebook.com\/people\/Ghostysky\/100057676170234\/\" \/>\n<meta property=\"article:modified_time\" content=\"2023-04-03T20:04:07+00:00\" \/>\n<meta property=\"og:image\" content=\"https:\/\/www.ghostysky.com\/wp-content\/uploads\/2023\/03\/Autel-EVOII-Pro-V3-Rugged-Bundle-2.jpg\" \/>\n\t<meta property=\"og:image:width\" content=\"500\" \/>\n\t<meta property=\"og:image:height\" content=\"500\" \/>\n\t<meta property=\"og:image:type\" content=\"image\/jpeg\" \/>\n<meta name=\"twitter:card\" content=\"summary_large_image\" \/>\n<meta name=\"twitter:site\" content=\"@Gh0stysky\" \/>\n<meta name=\"twitter:label1\" content=\"Tempo estimado de leitura\" \/>\n\t<meta name=\"twitter:data1\" content=\"2 minutos\" \/>\n<script type=\"application\/ld+json\" class=\"yoast-schema-graph\">{\"@context\":\"https:\/\/schema.org\",\"@graph\":[{\"@type\":\"WebPage\",\"@id\":\"https:\/\/www.ghostysky.com\/product\/autel-robotics-evo-ii-pro-6k-v3-rugged-bundle\/\",\"url\":\"https:\/\/www.ghostysky.com\/product\/autel-robotics-evo-ii-pro-6k-v3-rugged-bundle\/\",\"name\":\"Autel Robotics EVO II Pro 6K V3 Rugged Bundle -\",\"isPartOf\":{\"@id\":\"https:\/\/www.ghostysky.com\/#website\"},\"primaryImageOfPage\":{\"@id\":\"https:\/\/www.ghostysky.com\/product\/autel-robotics-evo-ii-pro-6k-v3-rugged-bundle\/#primaryimage\"},\"image\":{\"@id\":\"https:\/\/www.ghostysky.com\/product\/autel-robotics-evo-ii-pro-6k-v3-rugged-bundle\/#primaryimage\"},\"thumbnailUrl\":\"https:\/\/www.ghostysky.com\/wp-content\/uploads\/2023\/03\/Autel-EVOII-Pro-V3-Rugged-Bundle-2.jpg\",\"datePublished\":\"2023-03-19T10:50:07+00:00\",\"dateModified\":\"2023-04-03T20:04:07+00:00\",\"description\":\"Combining high-end optics and digital processing with a rugged airframe, the\u00a0EVO II Pro 6K Rugged Bundle V3\u00a0from\u00a0Autel Robotics provides filmmakers with professional aerial imaging results.\",\"breadcrumb\":{\"@id\":\"https:\/\/www.ghostysky.com\/product\/autel-robotics-evo-ii-pro-6k-v3-rugged-bundle\/#breadcrumb\"},\"inLanguage\":\"pt-PT\",\"potentialAction\":[{\"@type\":\"ReadAction\",\"target\":[\"https:\/\/www.ghostysky.com\/product\/autel-robotics-evo-ii-pro-6k-v3-rugged-bundle\/\"]}]},{\"@type\":\"ImageObject\",\"inLanguage\":\"pt-PT\",\"@id\":\"https:\/\/www.ghostysky.com\/product\/autel-robotics-evo-ii-pro-6k-v3-rugged-bundle\/#primaryimage\",\"url\":\"https:\/\/www.ghostysky.com\/wp-content\/uploads\/2023\/03\/Autel-EVOII-Pro-V3-Rugged-Bundle-2.jpg\",\"contentUrl\":\"https:\/\/www.ghostysky.com\/wp-content\/uploads\/2023\/03\/Autel-EVOII-Pro-V3-Rugged-Bundle-2.jpg\",\"width\":500,\"height\":500},{\"@type\":\"BreadcrumbList\",\"@id\":\"https:\/\/www.ghostysky.com\/product\/autel-robotics-evo-ii-pro-6k-v3-rugged-bundle\/#breadcrumb\",\"itemListElement\":[{\"@type\":\"ListItem\",\"position\":1,\"name\":\"Home\",\"item\":\"https:\/\/www.ghostysky.com\/\"},{\"@type\":\"ListItem\",\"position\":2,\"name\":\"Shop\",\"item\":\"https:\/\/www.ghostysky.com\/shop\/\"},{\"@type\":\"ListItem\",\"position\":3,\"name\":\"Autel Robotics EVO II Pro 6K V3 Rugged Bundle\"}]},{\"@type\":\"WebSite\",\"@id\":\"https:\/\/www.ghostysky.com\/#website\",\"url\":\"https:\/\/www.ghostysky.com\/\",\"name\":\"Ghostysky\",\"description\":\"Delivering professional drones and services\",\"publisher\":{\"@id\":\"https:\/\/www.ghostysky.com\/#organization\"},\"potentialAction\":[{\"@type\":\"SearchAction\",\"target\":{\"@type\":\"EntryPoint\",\"urlTemplate\":\"https:\/\/www.ghostysky.com\/?s={search_term_string}\"},\"query-input\":{\"@type\":\"PropertyValueSpecification\",\"valueRequired\":true,\"valueName\":\"search_term_string\"}}],\"inLanguage\":\"pt-PT\"},{\"@type\":\"Organization\",\"@id\":\"https:\/\/www.ghostysky.com\/#organization\",\"name\":\"Ghostysky\",\"url\":\"https:\/\/www.ghostysky.com\/\",\"logo\":{\"@type\":\"ImageObject\",\"inLanguage\":\"pt-PT\",\"@id\":\"https:\/\/www.ghostysky.com\/#\/schema\/logo\/image\/\",\"url\":\"https:\/\/www.ghostysky.com\/wp-content\/uploads\/2020\/06\/cropped-ghostyskylogo_text_white2.png\",\"contentUrl\":\"https:\/\/www.ghostysky.com\/wp-content\/uploads\/2020\/06\/cropped-ghostyskylogo_text_white2.png\",\"width\":169,\"height\":56,\"caption\":\"Ghostysky\"},\"image\":{\"@id\":\"https:\/\/www.ghostysky.com\/#\/schema\/logo\/image\/\"},\"sameAs\":[\"https:\/\/www.facebook.com\/people\/Ghostysky\/100057676170234\/\",\"https:\/\/x.com\/Gh0stysky\",\"https:\/\/www.linkedin.com\/company\/34739653\",\"https:\/\/www.instagram.com\/gh0stysky\"]}]}<\/script>\n<!-- \/ Yoast SEO plugin. -->","yoast_head_json":{"title":"Pacote robusto Autel Robotics EVO II Pro 6K V3 -","description":"Combinando \u00f3ptica de ponta e processamento digital com uma estrutura robusta, o EVO II Pro 6K Rugged Bundle V3 da Autel Robotics fornece aos cineastas resultados profissionais de imagens a\u00e9reas.","robots":{"index":"index","follow":"follow","max-snippet":"max-snippet:-1","max-image-preview":"max-image-preview:large","max-video-preview":"max-video-preview:-1"},"canonical":"https:\/\/www.ghostysky.com\/pt\/produto-2\/autel-robotics-evo-ii-pro-6k-v3-rugged-bundle\/","og_locale":"pt_PT","og_type":"article","og_title":"Autel Robotics EVO II Pro 6K V3 Rugged Bundle -","og_description":"Combining high-end optics and digital processing with a rugged airframe, the\u00a0EVO II Pro 6K Rugged Bundle V3\u00a0from\u00a0Autel Robotics provides filmmakers with professional aerial imaging results.","og_url":"https:\/\/www.ghostysky.com\/pt\/produto-2\/autel-robotics-evo-ii-pro-6k-v3-rugged-bundle\/","og_site_name":"Ghostysky","article_publisher":"https:\/\/www.facebook.com\/people\/Ghostysky\/100057676170234\/","article_modified_time":"2023-04-03T20:04:07+00:00","og_image":[{"width":500,"height":500,"url":"https:\/\/www.ghostysky.com\/wp-content\/uploads\/2023\/03\/Autel-EVOII-Pro-V3-Rugged-Bundle-2.jpg","type":"image\/jpeg"}],"twitter_card":"summary_large_image","twitter_site":"@Gh0stysky","twitter_misc":{"Tempo estimado de leitura":"2 minutos"},"schema":{"@context":"https:\/\/schema.org","@graph":[{"@type":"WebPage","@id":"https:\/\/www.ghostysky.com\/product\/autel-robotics-evo-ii-pro-6k-v3-rugged-bundle\/","url":"https:\/\/www.ghostysky.com\/product\/autel-robotics-evo-ii-pro-6k-v3-rugged-bundle\/","name":"Pacote robusto Autel Robotics EVO II Pro 6K V3 -","isPartOf":{"@id":"https:\/\/www.ghostysky.com\/#website"},"primaryImageOfPage":{"@id":"https:\/\/www.ghostysky.com\/product\/autel-robotics-evo-ii-pro-6k-v3-rugged-bundle\/#primaryimage"},"image":{"@id":"https:\/\/www.ghostysky.com\/product\/autel-robotics-evo-ii-pro-6k-v3-rugged-bundle\/#primaryimage"},"thumbnailUrl":"https:\/\/www.ghostysky.com\/wp-content\/uploads\/2023\/03\/Autel-EVOII-Pro-V3-Rugged-Bundle-2.jpg","datePublished":"2023-03-19T10:50:07+00:00","dateModified":"2023-04-03T20:04:07+00:00","description":"Combinando \u00f3ptica de ponta e processamento digital com uma estrutura robusta, o EVO II Pro 6K Rugged Bundle V3 da Autel Robotics fornece aos cineastas resultados profissionais de imagens a\u00e9reas.","breadcrumb":{"@id":"https:\/\/www.ghostysky.com\/product\/autel-robotics-evo-ii-pro-6k-v3-rugged-bundle\/#breadcrumb"},"inLanguage":"pt-PT","potentialAction":[{"@type":"ReadAction","target":["https:\/\/www.ghostysky.com\/product\/autel-robotics-evo-ii-pro-6k-v3-rugged-bundle\/"]}]},{"@type":"ImageObject","inLanguage":"pt-PT","@id":"https:\/\/www.ghostysky.com\/product\/autel-robotics-evo-ii-pro-6k-v3-rugged-bundle\/#primaryimage","url":"https:\/\/www.ghostysky.com\/wp-content\/uploads\/2023\/03\/Autel-EVOII-Pro-V3-Rugged-Bundle-2.jpg","contentUrl":"https:\/\/www.ghostysky.com\/wp-content\/uploads\/2023\/03\/Autel-EVOII-Pro-V3-Rugged-Bundle-2.jpg","width":500,"height":500},{"@type":"BreadcrumbList","@id":"https:\/\/www.ghostysky.com\/product\/autel-robotics-evo-ii-pro-6k-v3-rugged-bundle\/#breadcrumb","itemListElement":[{"@type":"ListItem","position":1,"name":"Home","item":"https:\/\/www.ghostysky.com\/"},{"@type":"ListItem","position":2,"name":"Shop","item":"https:\/\/www.ghostysky.com\/shop\/"},{"@type":"ListItem","position":3,"name":"Autel Robotics EVO II Pro 6K V3 Rugged Bundle"}]},{"@type":"WebSite","@id":"https:\/\/www.ghostysky.com\/#website","url":"https:\/\/www.ghostysky.com\/","name":"Ghostysky","description":"Fornecendo drones e servi\u00e7os profissionais","publisher":{"@id":"https:\/\/www.ghostysky.com\/#organization"},"potentialAction":[{"@type":"SearchAction","target":{"@type":"EntryPoint","urlTemplate":"https:\/\/www.ghostysky.com\/?s={search_term_string}"},"query-input":{"@type":"PropertyValueSpecification","valueRequired":true,"valueName":"search_term_string"}}],"inLanguage":"pt-PT"},{"@type":"Organization","@id":"https:\/\/www.ghostysky.com\/#organization","name":"Ghostysky","url":"https:\/\/www.ghostysky.com\/","logo":{"@type":"ImageObject","inLanguage":"pt-PT","@id":"https:\/\/www.ghostysky.com\/#\/schema\/logo\/image\/","url":"https:\/\/www.ghostysky.com\/wp-content\/uploads\/2020\/06\/cropped-ghostyskylogo_text_white2.png","contentUrl":"https:\/\/www.ghostysky.com\/wp-content\/uploads\/2020\/06\/cropped-ghostyskylogo_text_white2.png","width":169,"height":56,"caption":"Ghostysky"},"image":{"@id":"https:\/\/www.ghostysky.com\/#\/schema\/logo\/image\/"},"sameAs":["https:\/\/www.facebook.com\/people\/Ghostysky\/100057676170234\/","https:\/\/x.com\/Gh0stysky","https:\/\/www.linkedin.com\/company\/34739653","https:\/\/www.instagram.com\/gh0stysky"]}]}},"_links":{"self":[{"href":"https:\/\/www.ghostysky.com\/pt\/wp-json\/wp\/v2\/product\/11131","targetHints":{"allow":["GET"]}}],"collection":[{"href":"https:\/\/www.ghostysky.com\/pt\/wp-json\/wp\/v2\/product"}],"about":[{"href":"https:\/\/www.ghostysky.com\/pt\/wp-json\/wp\/v2\/types\/product"}],"replies":[{"embeddable":true,"href":"https:\/\/www.ghostysky.com\/pt\/wp-json\/wp\/v2\/comments?post=11131"}],"wp:featuredmedia":[{"embeddable":true,"href":"https:\/\/www.ghostysky.com\/pt\/wp-json\/wp\/v2\/media\/11138"}],"wp:attachment":[{"href":"https:\/\/www.ghostysky.com\/pt\/wp-json\/wp\/v2\/media?parent=11131"}],"wp:term":[{"taxonomy":"product_brand","embeddable":true,"href":"https:\/\/www.ghostysky.com\/pt\/wp-json\/wp\/v2\/product_brand?post=11131"},{"taxonomy":"product_cat","embeddable":true,"href":"https:\/\/www.ghostysky.com\/pt\/wp-json\/wp\/v2\/product_cat?post=11131"},{"taxonomy":"product_tag","embeddable":true,"href":"https:\/\/www.ghostysky.com\/pt\/wp-json\/wp\/v2\/product_tag?post=11131"}],"curies":[{"name":"wp","href":"https:\/\/api.w.org\/{rel}","templated":true}]}}