{"id":11146,"date":"2023-03-19T12:19:39","date_gmt":"2023-03-19T12:19:39","guid":{"rendered":"https:\/\/www.ghostysky.com\/?post_type=product&#038;p=11146"},"modified":"2025-10-14T11:25:29","modified_gmt":"2025-10-14T11:25:29","slug":"autel-robotics-evo-ii-pro-rtk-v3-rugged-bundle","status":"publish","type":"product","link":"https:\/\/www.ghostysky.com\/pt\/product\/autel-robotics-evo-ii-pro-rtk-v3-rugged-bundle\/","title":{"rendered":"Autel Robotics EVO II Pro RTK V3 Pacote Robusto"},"content":{"rendered":"<div>\n<div class=\"feature_UbV5SNP5Eo\">\n<div class=\"featureHeader_UbV5SNP5Eo\">\n<h3 class=\"text_TAw0W35QK_ comfy_TAw0W35QK_ sizeTitle2_TAw0W35QK_ weightNormal_TAw0W35QK_ primary_i3MsQsqoe0\">Mapeamento de n\u00edvel centim\u00e9trico<\/h3>\n<\/div>\n<div>\n<div class=\"js-injected-html text_UbV5SNP5Eo\">\n<p>O m\u00f3dulo RTK integrado proporciona a v\u00e1rias ind\u00fastrias, tais como a agricultura e a constru\u00e7\u00e3o, o posicionamento ao n\u00edvel do cent\u00edmetro e ainda, o mapeamento de grandes \u00e1reas a partir do ar. O m\u00f3dulo \u00e9 capaz de uma precis\u00e3o horizontal de 1 cm + 1 ppm e uma precis\u00e3o vertical de 1,5 cm + 1 ppm. A obten\u00e7\u00e3o destes dados demora apenas (aproximadamente) 3 minutos, mas para \u00e1reas complexas e propensas a interfer\u00eancias, pode-se utilizar o EVO II Pro com esta\u00e7\u00f5es base e rede opcional NTRIP RTK para melhorar a precis\u00e3o e estabilidade do mapeamento na aquisi\u00e7\u00e3o de dados.<\/p>\n<p>Quando se utiliza uma rede NTRIP, n\u00e3o \u00e9 necess\u00e1rio GCP, uma vez que o drone se liga directamente \u00e0 rede. O drone regista os dados de observa\u00e7\u00e3o de sat\u00e9lites originais, a exposi\u00e7\u00e3o da c\u00e2mara, e muito mais, e suporta p\u00f3s-processamento PPK para ajustar a precis\u00e3o dos seus dados recolhidos.<\/p>\n<\/div>\n<\/div>\n<\/div>\n<\/div>\n<div>\n<div class=\"feature_UbV5SNP5Eo\">\n<div class=\"featureHeader_UbV5SNP5Eo\">\n<h3 class=\"text_TAw0W35QK_ comfy_TAw0W35QK_ sizeTitle2_TAw0W35QK_ weightNormal_TAw0W35QK_ primary_i3MsQsqoe0\">Explorador Autel para Mapeamento<\/h3>\n<\/div>\n<div>\n<div class=\"js-injected-html text_UbV5SNP5Eo\">\n<p>Com o Autel Explorer, pode usar o drone EVO II Pro V3 para completar miss\u00f5es de mapeamento usando uma variedade de caracter\u00edsticas e fun\u00e7\u00f5es.<\/p>\n<ul>\n<li>Salvaguarda de Multi-perfis-NTRIP: Isto permite que o drone reinicie uma miss\u00e3o ap\u00f3s uma mudan\u00e7a de bateria de onde parou.<\/li>\n<li>Replica\u00e7\u00e3o de fotos: \u00c9 poss\u00edvel guardar todos os movimentos do gimbal, c\u00e2mara e drone, produzindo um registo completo de uma miss\u00e3o que pode depois ser repetida.<\/li>\n<li>Miss\u00f5es multi-bateria: Criar e guardar m\u00faltiplos perfis NTRIP para diferentes locais sem ter de introduzir manualmente informa\u00e7\u00f5es de conta para cada voo.<\/li>\n<li>Criar miss\u00f5es de mapeamento rectangulares ou poligonais<\/li>\n<li>Suporta duplo mapeamento de grelha para \u00e2ngulos adicionais<\/li>\n<li>Obter controlo manual completo sobre as defini\u00e7\u00f5es da c\u00e2mara<\/li>\n<li>Sem paragens nas contornos da miss\u00e3o poupa tempo e vida \u00fatil da bateria<\/li>\n<li>T\u00edtulos de cursos personaliz\u00e1veis para satisfazer os requisitos de orienta\u00e7\u00e3o<\/li>\n<\/ul>\n<\/div>\n<\/div>\n<\/div>\n<\/div>\n<div>\n<div class=\"feature_UbV5SNP5Eo\">\n<div class=\"featureHeader_UbV5SNP5Eo\">\n<h3 class=\"text_TAw0W35QK_ comfy_TAw0W35QK_ sizeTitle2_TAw0W35QK_ weightNormal_TAw0W35QK_ primary_i3MsQsqoe0\">Controlador Inteligente V3 com SkyLink 2.0<\/h3>\n<\/div>\n<div>\n<div class=\"js-injected-html text_UbV5SNP5Eo\">Utilizando o SkyLink 2.0, o visor do Controlador Inteligente V3 incorporado no 7.9\u2033 pode receber transmiss\u00e3o de v\u00eddeo HD em voo de at\u00e9 9,32 milhas de dist\u00e2ncia (ou qualidade QHD de at\u00e9 0,62 milhas de dist\u00e2ncia). A recep\u00e7\u00e3o foi concebida para ser est\u00e1vel e livre de interfer\u00eancias, gra\u00e7as \u00e0 tripla banda (900 MHz, 2,4 GHz, e 5,8 GHz) de salto de frequ\u00eancia. Gra\u00e7as ao visor de 2000 cd\/m\u00b2 de brilho, \u00e9 poss\u00edvel ver facilmente as imagens do drone, mesmo sob luz solar directa. No entanto, n\u00e3o est\u00e1 limitado a voar em dias de sol. O Controlador Inteligente V3 pode suportar temperaturas de -4 a 104\u00b0F e \u00e9 classificado com IP43 para desempenho em todas as condi\u00e7\u00f5es climat\u00e9ricas.<\/div>\n<\/div>\n<\/div>\n<\/div>\n<div>\n<div class=\"feature_UbV5SNP5Eo\">\n<div class=\"featureHeader_UbV5SNP5Eo\">\n<h3 class=\"text_TAw0W35QK_ comfy_TAw0W35QK_ sizeTitle2_TAw0W35QK_ weightNormal_TAw0W35QK_ primary_i3MsQsqoe0\">Preven\u00e7\u00e3o de Obst\u00e1culos 360\u00b0<\/h3>\n<\/div>\n<div>\n<div class=\"js-injected-html text_UbV5SNP5Eo\">Ao longo do voo, um conjunto de 19 sensores, incluindo 12 sensores visuais, a c\u00e2mara principal, as IMUs de ultra-sons, e mais, podem construir um mapa 3D da zona envolvente ao drone, e desta forma planear um caminho claro para o seu destino em tempo real.<\/div>\n<\/div>\n<\/div>\n<\/div>\n<div>\n<div class=\"feature_UbV5SNP5Eo\">\n<div class=\"featureHeader_UbV5SNP5Eo\">\n<h3 class=\"text_TAw0W35QK_ comfy_TAw0W35QK_ sizeTitle2_TAw0W35QK_ weightNormal_TAw0W35QK_ primary_i3MsQsqoe0\">Caracter\u00edsticas adicionais<\/h3>\n<\/div>\n<div>\n<div class=\"js-injected-html text_UbV5SNP5Eo\">\n<ul>\n<li>Resist\u00eancia ao vento n\u00edvel 8<\/li>\n<li>At\u00e9 16x zoom digital e 3x zoom sem perdas<\/li>\n<li>At\u00e9 38 minutos de tempo de voo<\/li>\n<li>ISO m\u00e1ximo de 44000<\/li>\n<li>Compat\u00edvel com o Live Deck 2 opcional para transmiss\u00e3o ao vivo de informa\u00e7\u00f5es sobre miss\u00f5es<\/li>\n<li>Pode ser pilotado mesmo que o firmware e a aplica\u00e7\u00e3o n\u00e3o estejam totalmente actualizados<\/li>\n<li>Sem zonas de voo integradas, nada o impede de descolar quando necess\u00e1rio<\/li>\n<\/ul>\n<h3>NA CAIXA<\/h3>\n<ul>\n<li>1x Aeronave (bateria, h\u00e9lice, tampa do gimbal, cart\u00e3o SD 32G inclu\u00eddo)<\/li>\n<li>1x Controlo Remoto<\/li>\n<li>1x H\u00e9lices de reserva (Par)<\/li>\n<li>2x Bateria de reserva<\/li>\n<li>1x Carregador de bateria + Cabo de alimenta\u00e7\u00e3o<\/li>\n<li>1x Carregador de carro<\/li>\n<li>1x Multi-Carregador<\/li>\n<li>1x Carregador RC<\/li>\n<li>1x Cabo de Carregamento RC<\/li>\n<li>1x Stick de controle de reposi\u00e7\u00e3o (par)<\/li>\n<li>1x Estojo protector RC<\/li>\n<li>1x Cord\u00e3o RC<\/li>\n<li>1x Cobertura de porta extendida<\/li>\n<li>1x Mala de transporte<\/li>\n<li>Guia R\u00e1pido<\/li>\n<\/ul>\n<\/div>\n<\/div>\n<\/div>\n<\/div>","protected":false},"excerpt":{"rendered":"<p>O vers\u00e1til\u00a0<b>Pacote robusto EVO II Pro 6K RTK V3<\/b>\u00a0da\u00a0<b>Autel Robotics<\/b> fornece uma \u00f3ptica de grau profissional e um m\u00f3dulo RTK integrado para agricultura, constru\u00e7\u00e3o, e outras ind\u00fastrias que requerem um mapeamento preciso ao n\u00edvel de cent\u00edmetros. Em filmagem, o sensor CMOS 20MP 1\u2033 fornece uma resolu\u00e7\u00e3o at\u00e9 6K para filmagens nocturnas de qualidade excepcional e de baixo ru\u00eddo, e a abertura ajust\u00e1vel de f\/2,8 a f\/11 permite uma enorme flexibilidade de filmagem.<\/p>","protected":false},"featured_media":11151,"comment_status":"open","ping_status":"closed","template":"","meta":[],"product_brand":[],"product_cat":[220,364,29],"product_tag":[425,500,424,502,423,426,427,422],"class_list":{"0":"post-11146","1":"product","2":"type-product","3":"status-publish","4":"has-post-thumbnail","6":"product_cat-autel","7":"product_cat-bundles-autel","8":"product_cat-drones","9":"product_tag-agriculture-field","10":"product_tag-autel-evo-ii-v3","11":"product_tag-construction","12":"product_tag-evo-ii-pro-rtk-v3-rugged-bundle","13":"product_tag-mining-aggregates","14":"product_tag-researchenvironment","15":"product_tag-searchrescue","16":"product_tag-surveying-gis","18":"first","19":"onbackorder","20":"taxable","21":"shipping-taxable","22":"purchasable","23":"product-type-simple"},"yoast_head":"<!-- This site is optimized with the Yoast SEO plugin v27.4 - https:\/\/yoast.com\/product\/yoast-seo-wordpress\/ -->\n<title>Autel Robotics EVO II Pro RTK V3 Rugged Bundle -<\/title>\n<meta name=\"description\" content=\"The versatile\u00a0EVO II Pro 6K RTK Rugged Bundle V3\u00a0from\u00a0Autel Robotics provides you with professional-grade optics and an integrated RTK module for agriculture, construction, and other industries that require centimeter-level accurate mapping.\" \/>\n<meta name=\"robots\" content=\"index, follow, max-snippet:-1, max-image-preview:large, max-video-preview:-1\" \/>\n<link rel=\"canonical\" href=\"https:\/\/www.ghostysky.com\/pt\/produto-2\/autel-robotics-evo-ii-pro-rtk-v3-rugged-bundle\/\" \/>\n<meta property=\"og:locale\" content=\"pt_PT\" \/>\n<meta property=\"og:type\" content=\"article\" \/>\n<meta property=\"og:title\" content=\"Autel Robotics EVO II Pro RTK V3 Rugged Bundle -\" \/>\n<meta property=\"og:description\" content=\"The versatile\u00a0EVO II Pro 6K RTK Rugged Bundle V3\u00a0from\u00a0Autel Robotics provides you with professional-grade optics and an integrated RTK module for agriculture, construction, and other industries that require centimeter-level accurate mapping.\" \/>\n<meta property=\"og:url\" content=\"https:\/\/www.ghostysky.com\/pt\/produto-2\/autel-robotics-evo-ii-pro-rtk-v3-rugged-bundle\/\" \/>\n<meta property=\"og:site_name\" content=\"Ghostysky\" \/>\n<meta property=\"article:publisher\" content=\"https:\/\/www.facebook.com\/people\/Ghostysky\/100057676170234\/\" \/>\n<meta property=\"article:modified_time\" content=\"2025-10-14T11:25:29+00:00\" \/>\n<meta property=\"og:image\" content=\"https:\/\/www.ghostysky.com\/wp-content\/uploads\/2023\/03\/EVOII-Pro-RTK-V3-Rugged-Bundle-2.webp\" \/>\n\t<meta property=\"og:image:width\" content=\"760\" \/>\n\t<meta property=\"og:image:height\" content=\"760\" \/>\n\t<meta property=\"og:image:type\" content=\"image\/webp\" \/>\n<meta name=\"twitter:card\" content=\"summary_large_image\" \/>\n<meta name=\"twitter:site\" content=\"@Gh0stysky\" \/>\n<meta name=\"twitter:label1\" content=\"Tempo estimado de leitura\" \/>\n\t<meta name=\"twitter:data1\" content=\"3 minutos\" \/>\n<script type=\"application\/ld+json\" class=\"yoast-schema-graph\">{\"@context\":\"https:\\\/\\\/schema.org\",\"@graph\":[{\"@type\":\"WebPage\",\"@id\":\"https:\\\/\\\/www.ghostysky.com\\\/product\\\/autel-robotics-evo-ii-pro-rtk-v3-rugged-bundle\\\/\",\"url\":\"https:\\\/\\\/www.ghostysky.com\\\/product\\\/autel-robotics-evo-ii-pro-rtk-v3-rugged-bundle\\\/\",\"name\":\"Autel Robotics EVO II Pro RTK V3 Rugged Bundle -\",\"isPartOf\":{\"@id\":\"https:\\\/\\\/www.ghostysky.com\\\/#website\"},\"primaryImageOfPage\":{\"@id\":\"https:\\\/\\\/www.ghostysky.com\\\/product\\\/autel-robotics-evo-ii-pro-rtk-v3-rugged-bundle\\\/#primaryimage\"},\"image\":{\"@id\":\"https:\\\/\\\/www.ghostysky.com\\\/product\\\/autel-robotics-evo-ii-pro-rtk-v3-rugged-bundle\\\/#primaryimage\"},\"thumbnailUrl\":\"https:\\\/\\\/www.ghostysky.com\\\/wp-content\\\/uploads\\\/2023\\\/03\\\/EVOII-Pro-RTK-V3-Rugged-Bundle-2.webp\",\"datePublished\":\"2023-03-19T12:19:39+00:00\",\"dateModified\":\"2025-10-14T11:25:29+00:00\",\"description\":\"The versatile\u00a0EVO II Pro 6K RTK Rugged Bundle V3\u00a0from\u00a0Autel Robotics provides you with professional-grade optics and an integrated RTK module for agriculture, construction, and other industries that require centimeter-level accurate mapping.\",\"breadcrumb\":{\"@id\":\"https:\\\/\\\/www.ghostysky.com\\\/product\\\/autel-robotics-evo-ii-pro-rtk-v3-rugged-bundle\\\/#breadcrumb\"},\"inLanguage\":\"pt-PT\",\"potentialAction\":[{\"@type\":\"ReadAction\",\"target\":[\"https:\\\/\\\/www.ghostysky.com\\\/product\\\/autel-robotics-evo-ii-pro-rtk-v3-rugged-bundle\\\/\"]}]},{\"@type\":\"ImageObject\",\"inLanguage\":\"pt-PT\",\"@id\":\"https:\\\/\\\/www.ghostysky.com\\\/product\\\/autel-robotics-evo-ii-pro-rtk-v3-rugged-bundle\\\/#primaryimage\",\"url\":\"https:\\\/\\\/www.ghostysky.com\\\/wp-content\\\/uploads\\\/2023\\\/03\\\/EVOII-Pro-RTK-V3-Rugged-Bundle-2.webp\",\"contentUrl\":\"https:\\\/\\\/www.ghostysky.com\\\/wp-content\\\/uploads\\\/2023\\\/03\\\/EVOII-Pro-RTK-V3-Rugged-Bundle-2.webp\",\"width\":760,\"height\":760},{\"@type\":\"BreadcrumbList\",\"@id\":\"https:\\\/\\\/www.ghostysky.com\\\/product\\\/autel-robotics-evo-ii-pro-rtk-v3-rugged-bundle\\\/#breadcrumb\",\"itemListElement\":[{\"@type\":\"ListItem\",\"position\":1,\"name\":\"Home\",\"item\":\"https:\\\/\\\/www.ghostysky.com\\\/\"},{\"@type\":\"ListItem\",\"position\":2,\"name\":\"Shop\",\"item\":\"https:\\\/\\\/www.ghostysky.com\\\/shop\\\/\"},{\"@type\":\"ListItem\",\"position\":3,\"name\":\"Autel Robotics EVO II Pro RTK V3 Rugged Bundle\"}]},{\"@type\":\"WebSite\",\"@id\":\"https:\\\/\\\/www.ghostysky.com\\\/#website\",\"url\":\"https:\\\/\\\/www.ghostysky.com\\\/\",\"name\":\"Ghostysky\",\"description\":\"Delivering professional drones and services\",\"publisher\":{\"@id\":\"https:\\\/\\\/www.ghostysky.com\\\/#organization\"},\"potentialAction\":[{\"@type\":\"SearchAction\",\"target\":{\"@type\":\"EntryPoint\",\"urlTemplate\":\"https:\\\/\\\/www.ghostysky.com\\\/?s={search_term_string}\"},\"query-input\":{\"@type\":\"PropertyValueSpecification\",\"valueRequired\":true,\"valueName\":\"search_term_string\"}}],\"inLanguage\":\"pt-PT\"},{\"@type\":\"Organization\",\"@id\":\"https:\\\/\\\/www.ghostysky.com\\\/#organization\",\"name\":\"Ghostysky\",\"url\":\"https:\\\/\\\/www.ghostysky.com\\\/\",\"logo\":{\"@type\":\"ImageObject\",\"inLanguage\":\"pt-PT\",\"@id\":\"https:\\\/\\\/www.ghostysky.com\\\/#\\\/schema\\\/logo\\\/image\\\/\",\"url\":\"https:\\\/\\\/www.ghostysky.com\\\/wp-content\\\/uploads\\\/2020\\\/06\\\/cropped-ghostyskylogo_text_white2.png\",\"contentUrl\":\"https:\\\/\\\/www.ghostysky.com\\\/wp-content\\\/uploads\\\/2020\\\/06\\\/cropped-ghostyskylogo_text_white2.png\",\"width\":169,\"height\":56,\"caption\":\"Ghostysky\"},\"image\":{\"@id\":\"https:\\\/\\\/www.ghostysky.com\\\/#\\\/schema\\\/logo\\\/image\\\/\"},\"sameAs\":[\"https:\\\/\\\/www.facebook.com\\\/people\\\/Ghostysky\\\/100057676170234\\\/\",\"https:\\\/\\\/x.com\\\/Gh0stysky\",\"https:\\\/\\\/www.linkedin.com\\\/company\\\/34739653\",\"https:\\\/\\\/www.instagram.com\\\/gh0stysky\"]}]}<\/script>\n<!-- \/ Yoast SEO plugin. -->","yoast_head_json":{"title":"Pacote robusto Autel Robotics EVO II Pro RTK V3 -","description":"O vers\u00e1til EVO II Pro 6K RTK Rugged Bundle V3 da Autel Robotics fornece \u00f3ptica de n\u00edvel profissional e um m\u00f3dulo RTK integrado para agricultura, constru\u00e7\u00e3o e outras ind\u00fastrias que exigem mapeamento preciso em n\u00edvel centim\u00e9trico.","robots":{"index":"index","follow":"follow","max-snippet":"max-snippet:-1","max-image-preview":"max-image-preview:large","max-video-preview":"max-video-preview:-1"},"canonical":"https:\/\/www.ghostysky.com\/pt\/produto-2\/autel-robotics-evo-ii-pro-rtk-v3-rugged-bundle\/","og_locale":"pt_PT","og_type":"article","og_title":"Autel Robotics EVO II Pro RTK V3 Rugged Bundle -","og_description":"The versatile\u00a0EVO II Pro 6K RTK Rugged Bundle V3\u00a0from\u00a0Autel Robotics provides you with professional-grade optics and an integrated RTK module for agriculture, construction, and other industries that require centimeter-level accurate mapping.","og_url":"https:\/\/www.ghostysky.com\/pt\/produto-2\/autel-robotics-evo-ii-pro-rtk-v3-rugged-bundle\/","og_site_name":"Ghostysky","article_publisher":"https:\/\/www.facebook.com\/people\/Ghostysky\/100057676170234\/","article_modified_time":"2025-10-14T11:25:29+00:00","og_image":[{"width":760,"height":760,"url":"https:\/\/www.ghostysky.com\/wp-content\/uploads\/2023\/03\/EVOII-Pro-RTK-V3-Rugged-Bundle-2.webp","type":"image\/webp"}],"twitter_card":"summary_large_image","twitter_site":"@Gh0stysky","twitter_misc":{"Tempo estimado de leitura":"3 minutos"},"schema":{"@context":"https:\/\/schema.org","@graph":[{"@type":"WebPage","@id":"https:\/\/www.ghostysky.com\/product\/autel-robotics-evo-ii-pro-rtk-v3-rugged-bundle\/","url":"https:\/\/www.ghostysky.com\/product\/autel-robotics-evo-ii-pro-rtk-v3-rugged-bundle\/","name":"Pacote robusto Autel Robotics EVO II Pro RTK V3 -","isPartOf":{"@id":"https:\/\/www.ghostysky.com\/#website"},"primaryImageOfPage":{"@id":"https:\/\/www.ghostysky.com\/product\/autel-robotics-evo-ii-pro-rtk-v3-rugged-bundle\/#primaryimage"},"image":{"@id":"https:\/\/www.ghostysky.com\/product\/autel-robotics-evo-ii-pro-rtk-v3-rugged-bundle\/#primaryimage"},"thumbnailUrl":"https:\/\/www.ghostysky.com\/wp-content\/uploads\/2023\/03\/EVOII-Pro-RTK-V3-Rugged-Bundle-2.webp","datePublished":"2023-03-19T12:19:39+00:00","dateModified":"2025-10-14T11:25:29+00:00","description":"O vers\u00e1til EVO II Pro 6K RTK Rugged Bundle V3 da Autel Robotics fornece \u00f3ptica de n\u00edvel profissional e um m\u00f3dulo RTK integrado para agricultura, constru\u00e7\u00e3o e outras ind\u00fastrias que exigem mapeamento preciso em n\u00edvel centim\u00e9trico.","breadcrumb":{"@id":"https:\/\/www.ghostysky.com\/product\/autel-robotics-evo-ii-pro-rtk-v3-rugged-bundle\/#breadcrumb"},"inLanguage":"pt-PT","potentialAction":[{"@type":"ReadAction","target":["https:\/\/www.ghostysky.com\/product\/autel-robotics-evo-ii-pro-rtk-v3-rugged-bundle\/"]}]},{"@type":"ImageObject","inLanguage":"pt-PT","@id":"https:\/\/www.ghostysky.com\/product\/autel-robotics-evo-ii-pro-rtk-v3-rugged-bundle\/#primaryimage","url":"https:\/\/www.ghostysky.com\/wp-content\/uploads\/2023\/03\/EVOII-Pro-RTK-V3-Rugged-Bundle-2.webp","contentUrl":"https:\/\/www.ghostysky.com\/wp-content\/uploads\/2023\/03\/EVOII-Pro-RTK-V3-Rugged-Bundle-2.webp","width":760,"height":760},{"@type":"BreadcrumbList","@id":"https:\/\/www.ghostysky.com\/product\/autel-robotics-evo-ii-pro-rtk-v3-rugged-bundle\/#breadcrumb","itemListElement":[{"@type":"ListItem","position":1,"name":"Home","item":"https:\/\/www.ghostysky.com\/"},{"@type":"ListItem","position":2,"name":"Shop","item":"https:\/\/www.ghostysky.com\/shop\/"},{"@type":"ListItem","position":3,"name":"Autel Robotics EVO II Pro RTK V3 Rugged Bundle"}]},{"@type":"WebSite","@id":"https:\/\/www.ghostysky.com\/#website","url":"https:\/\/www.ghostysky.com\/","name":"Ghostysky","description":"Fornecendo drones e servi\u00e7os profissionais","publisher":{"@id":"https:\/\/www.ghostysky.com\/#organization"},"potentialAction":[{"@type":"SearchAction","target":{"@type":"EntryPoint","urlTemplate":"https:\/\/www.ghostysky.com\/?s={search_term_string}"},"query-input":{"@type":"PropertyValueSpecification","valueRequired":true,"valueName":"search_term_string"}}],"inLanguage":"pt-PT"},{"@type":"Organization","@id":"https:\/\/www.ghostysky.com\/#organization","name":"Ghostysky","url":"https:\/\/www.ghostysky.com\/","logo":{"@type":"ImageObject","inLanguage":"pt-PT","@id":"https:\/\/www.ghostysky.com\/#\/schema\/logo\/image\/","url":"https:\/\/www.ghostysky.com\/wp-content\/uploads\/2020\/06\/cropped-ghostyskylogo_text_white2.png","contentUrl":"https:\/\/www.ghostysky.com\/wp-content\/uploads\/2020\/06\/cropped-ghostyskylogo_text_white2.png","width":169,"height":56,"caption":"Ghostysky"},"image":{"@id":"https:\/\/www.ghostysky.com\/#\/schema\/logo\/image\/"},"sameAs":["https:\/\/www.facebook.com\/people\/Ghostysky\/100057676170234\/","https:\/\/x.com\/Gh0stysky","https:\/\/www.linkedin.com\/company\/34739653","https:\/\/www.instagram.com\/gh0stysky"]}]}},"_links":{"self":[{"href":"https:\/\/www.ghostysky.com\/pt\/wp-json\/wp\/v2\/product\/11146","targetHints":{"allow":["GET"]}}],"collection":[{"href":"https:\/\/www.ghostysky.com\/pt\/wp-json\/wp\/v2\/product"}],"about":[{"href":"https:\/\/www.ghostysky.com\/pt\/wp-json\/wp\/v2\/types\/product"}],"replies":[{"embeddable":true,"href":"https:\/\/www.ghostysky.com\/pt\/wp-json\/wp\/v2\/comments?post=11146"}],"version-history":[{"count":0,"href":"https:\/\/www.ghostysky.com\/pt\/wp-json\/wp\/v2\/product\/11146\/revisions"}],"wp:featuredmedia":[{"embeddable":true,"href":"https:\/\/www.ghostysky.com\/pt\/wp-json\/wp\/v2\/media\/11151"}],"wp:attachment":[{"href":"https:\/\/www.ghostysky.com\/pt\/wp-json\/wp\/v2\/media?parent=11146"}],"wp:term":[{"taxonomy":"product_brand","embeddable":true,"href":"https:\/\/www.ghostysky.com\/pt\/wp-json\/wp\/v2\/product_brand?post=11146"},{"taxonomy":"product_cat","embeddable":true,"href":"https:\/\/www.ghostysky.com\/pt\/wp-json\/wp\/v2\/product_cat?post=11146"},{"taxonomy":"product_tag","embeddable":true,"href":"https:\/\/www.ghostysky.com\/pt\/wp-json\/wp\/v2\/product_tag?post=11146"}],"curies":[{"name":"wp","href":"https:\/\/api.w.org\/{rel}","templated":true}]}}