{"id":11155,"date":"2023-03-19T12:41:47","date_gmt":"2023-03-19T12:41:47","guid":{"rendered":"https:\/\/www.ghostysky.com\/?post_type=product&#038;p=11155"},"modified":"2025-10-14T11:24:48","modified_gmt":"2025-10-14T11:24:48","slug":"autel-robotics-evo-ii-dual-640t-v3-thermal-drone-rugged-bundle","status":"publish","type":"product","link":"https:\/\/www.ghostysky.com\/pt\/product\/autel-robotics-evo-ii-dual-640t-v3-thermal-drone-rugged-bundle\/","title":{"rendered":"Autel Robotics EVO II Dual 640T V3 Drone T\u00e9rmico Pacote Robusto"},"content":{"rendered":"<div class=\"feature_UbV5SNP5Eo\">\n<div class=\"featureHeader_UbV5SNP5Eo\">\n<h3 class=\"text_TAw0W35QK_ comfy_TAw0W35QK_ sizeTitle3_TAw0W35QK_ weightNormal_TAw0W35QK_ primary_i3MsQsqoe0\">C\u00e2mara Termal<\/h3>\n<\/div>\n<div>\n<div class=\"js-injected-html text_UbV5SNP5Eo\">\n<p>A c\u00e2mara t\u00e9rmica est\u00e1 equipada com uma lente de 13mm de dist\u00e2ncia focal e a capacidade de gravar com uma resolu\u00e7\u00e3o de 640 x 512 a 30 Hz. Em situa\u00e7\u00f5es perigosas, pode solicitar o drone voltar ao ponto de partida e manter o zoom digital de 16x com um zoom 4x sem perdas. A imagem t\u00e9rmica V3 \u00e9 concebida para melhor exibir diferen\u00e7as e detalhes discern\u00edveis. Continue a visualizar o conjunto de modos t\u00e9rmicos e caracter\u00edsticas que o EVO II Dual 640T oferece, al\u00e9m das suas gamas de detec\u00e7\u00e3o t\u00e9rmica, reconhecimento, e identifica\u00e7\u00e3o:<\/p>\n<ul>\n<li>Medi\u00e7\u00e3o central da temperatura: Ver as temperaturas em tempo real no centro do visor do comando \u00e0 dist\u00e2ncia.<\/li>\n<li>Medi\u00e7\u00e3o da temperatura pontual: Toque no visor do telecomando e veja a temperatura de um objecto em tempo real.<\/li>\n<li>Medi\u00e7\u00e3o da temperatura regional: Uma vista din\u00e2mica das temperaturas m\u00e9dia, m\u00ednima e m\u00e1xima.<\/li>\n<li>Dez paletas de cores t\u00e9rmicas: White Hot, Cold and Hot, Rainbow, Enhanced Rainbow, Ironbow, Lava, Arctic, Searing, Gradation, e Heat Detection.<\/li>\n<li>Modo de visualiza\u00e7\u00e3o imagem-em-imagem: Ver imagem visual e t\u00e9rmica ao mesmo tempo.<\/li>\n<li>Alarme de temperatura: Isto monitorizar\u00e1 uma temperatura definida em tempo real e accionar\u00e1 um alarme se alcan\u00e7ado.<\/li>\n<li>Isotherm: Definir um intervalo de temperatura e o sistema detectar\u00e1 qualquer objecto em vista que se encontre dentro desse intervalo.<\/li>\n<li>Melhoria de imagem: Ajuste em tempo real do brilho, contraste e detalhes da imagem t\u00e9rmica; o sistema destacar\u00e1 qualquer objecto dentro da temperatura alvo.<\/li>\n<li>Ferramenta de an\u00e1lise t\u00e9rmica por infravermelhos: A ferramenta IRPC importa rapidamente imagens, edita e analisa medi\u00e7\u00f5es de temperatura, e gera relat\u00f3rios detalhados para partilha e colabora\u00e7\u00e3o.<\/li>\n<li>Gama de detec\u00e7\u00e3o: Detecta uma pessoa at\u00e9 0,34 milhas de dist\u00e2ncia, um SUV at\u00e9 1,03 milhas de dist\u00e2ncia, e um cami\u00e3o at\u00e9 1,8 milhas de dist\u00e2ncia.<\/li>\n<li>Alcance de reconhecimento: Reconhece se um objecto \u00e9 uma pessoa a partir de 443\u2032, um SUV a partir de 0,26 milhas, e um cami\u00e3o a partir de 0,45 milhas.<\/li>\n<li>Identifica\u00e7\u00e3o: Identificar uma pessoa a partir de 223\u2032, um SUV a partir de 682\u2032, e um cami\u00e3o a at\u00e9 0,22 milhas de dist\u00e2ncia.<\/li>\n<\/ul>\n<\/div>\n<\/div>\n<\/div>\n<div class=\"feature_UbV5SNP5Eo\">\n<div class=\"featureHeader_UbV5SNP5Eo\">\n<h3 class=\"text_TAw0W35QK_ comfy_TAw0W35QK_ sizeTitle3_TAw0W35QK_ weightNormal_TAw0W35QK_ primary_i3MsQsqoe0\">C\u00e2mara visual<\/h3>\n<\/div>\n<div>\n<div class=\"js-injected-html text_UbV5SNP5Eo\">Inspec\u00e7\u00f5es e salvamentos n\u00e3o s\u00e3o as \u00fanicas coisas que pode fazer com o seu EVO II Dual 640T. A c\u00e2mara visual de 50MP \u00e9 capaz de captar filmagens profissionais espantosas com uma resolu\u00e7\u00e3o HDR de 4K. Com o seu sensor RYYB CMOS 0.8\u2033 em vez de um sensor RGB tradicional, a maior superf\u00edcie proporciona um elevado n\u00edvel de detalhe em condi\u00e7\u00f5es de ilumina\u00e7\u00e3o de alto contraste. As imagens din\u00e2micas de seguimento s\u00e3o poss\u00edveis com a focagem r\u00e1pida do sistema PDAF+CDAF, e as cenas com pouca luz ser\u00e3o mais claras gra\u00e7as ao algoritmo de supress\u00e3o de ru\u00eddo aumentado do Moonlight 2.0.<\/div>\n<\/div>\n<\/div>\n<div class=\"feature_UbV5SNP5Eo\">\n<div class=\"featureHeader_UbV5SNP5Eo\">\n<h3 class=\"text_TAw0W35QK_ comfy_TAw0W35QK_ sizeTitle3_TAw0W35QK_ weightNormal_TAw0W35QK_ primary_i3MsQsqoe0\">Controlador Inteligente V3 com SkyLink 2.0<\/h3>\n<\/div>\n<div>\n<div class=\"js-injected-html text_UbV5SNP5Eo\">Utilizando o SkyLink 2.0, o visor do Controlador Inteligente V3 incorporado no 7.9\u2033 pode receber transmiss\u00e3o de v\u00eddeo HD em voo de at\u00e9 9,32 milhas de dist\u00e2ncia (ou qualidade QHD de at\u00e9 0,62 milhas de dist\u00e2ncia). A recep\u00e7\u00e3o foi concebida para ser est\u00e1vel e livre de interfer\u00eancias, gra\u00e7as \u00e0 tripla banda (900 MHz, 2,4 GHz, e 5,8 GHz) de frequ\u00eancias. Gra\u00e7as ao brilho do visor de 2000 cd\/m\u00b2, \u00e9 poss\u00edvel ver facilmente as imagens do drone, mesmo sob luz solar directa. No entanto, n\u00e3o est\u00e1 limitado a voar em dias de sol. O Controlador Inteligente V3 pode suportar temperaturas de -4 a 104\u00b0F e \u00e9 classificado com IP43 para desempenho em todas as condi\u00e7\u00f5es climat\u00e9ricas.<\/div>\n<\/div>\n<\/div>\n<div class=\"feature_UbV5SNP5Eo\">\n<div class=\"featureHeader_UbV5SNP5Eo\">\n<h3 class=\"text_TAw0W35QK_ comfy_TAw0W35QK_ sizeTitle3_TAw0W35QK_ weightNormal_TAw0W35QK_ primary_i3MsQsqoe0\">Preven\u00e7\u00e3o de Obst\u00e1culos 360\u00b0<\/h3>\n<\/div>\n<div>\n<div class=\"js-injected-html text_UbV5SNP5Eo\">Ao longo do voo, um conjunto de 19 sensores, incluindo 12 sensores visuais, a c\u00e2mara principal, as IMUs de ultra-sons, e mais, podem construir um mapa 3D da zona envolvente ao drone, e desta forma planear um caminho claro para o seu destino em tempo real.<\/div>\n<\/div>\n<\/div>\n<div class=\"feature_UbV5SNP5Eo\">\n<div class=\"featureHeader_UbV5SNP5Eo\">\n<h3 class=\"text_TAw0W35QK_ comfy_TAw0W35QK_ sizeTitle3_TAw0W35QK_ weightNormal_TAw0W35QK_ primary_i3MsQsqoe0\">Caracter\u00edsticas adicionais<\/h3>\n<\/div>\n<div>\n<div class=\"js-injected-html text_UbV5SNP5Eo\">\n<ul>\n<li>Estructura dobr\u00e1vel<\/li>\n<li>Pode ser destacado e descolar em menos de um minuto<\/li>\n<li>At\u00e9 38 minutos de tempo de voo<\/li>\n<li>At\u00e9 39 mph de resist\u00eancia m\u00e1xima ao vento<\/li>\n<li>Velocidade m\u00e1xima de voo at\u00e9 45 mph<\/li>\n<li>Carga \u00fatil m\u00e1xima at\u00e9 2 lb<\/li>\n<li>Pode ser pilotado mesmo que o firmware e a aplica\u00e7\u00e3o n\u00e3o estejam totalmente actualizados<\/li>\n<li>Sem zonas de voo integradas, nada o impede de descolar quando necess\u00e1rio<\/li>\n<li>O EVO II Dual 640T n\u00e3o se encontra ao abrigo do ITAR (International Traffic in Arms Regulations) dos Estados Unidos.<\/li>\n<li>Compat\u00edvel com o Live Deck 2 opcional para transmiss\u00e3o ao vivo de informa\u00e7\u00f5es sobre miss\u00f5es<\/li>\n<\/ul>\n<h3>NA CAIXA<\/h3>\n<ul>\n<li>1x Aeronave (bateria, h\u00e9lice, tampa do gimbal, cart\u00e3o SD 32G inclu\u00eddo)<\/li>\n<li>1 x Controle remoto (antenas inclu\u00eddas)<\/li>\n<li>2x H\u00e9lices sobressalentes (par)<\/li>\n<li>2x Baterias sobressalentes<\/li>\n<li>1x Carregador de bateria + cabo de alimenta\u00e7\u00e3o<\/li>\n<li>1 x Carregador de carro<\/li>\n<li>1x Multi-carregador<\/li>\n<li>1x Carregador RC<\/li>\n<li>1x Cabo carregador RC<\/li>\n<li>1x Stick de controle de reposi\u00e7\u00e3o (par)<\/li>\n<li>1 x Caixa protetora RC<\/li>\n<li>1 x Correia RC<\/li>\n<li>1x Mala de transporte<\/li>\n<li>1x Guia de inicia\u00e7\u00e3o r\u00e1pido<\/li>\n<\/ul>\n<\/div>\n<\/div>\n<\/div>","protected":false},"excerpt":{"rendered":"<p>O <strong>Pacote Robusto EVO II Dual 640T V3 Drone T\u00e9rmico<\/strong> pode fornecer uma resposta a\u00e9rea r\u00e1pida e dados essenciais em condi\u00e7\u00f5es dif\u00edceis a uma enorme variedade de profiss\u00f5es e ind\u00fastrias. Com uma c\u00e2mara visual dupla de 50MP 4K HDR e uma c\u00e2mara de imagem t\u00e9rmica 640 x 512, a EVO II DUAL 640T \u00e9 ideal para funcion\u00e1rios de seguran\u00e7a p\u00fablica, trabalhadores industriais, e cineastas profissionais.<\/p>","protected":false},"featured_media":11159,"comment_status":"open","ping_status":"closed","template":"","meta":[],"product_brand":[],"product_cat":[220,364,29],"product_tag":[500,504],"class_list":{"0":"post-11155","1":"product","2":"type-product","3":"status-publish","4":"has-post-thumbnail","6":"product_cat-autel","7":"product_cat-bundles-autel","8":"product_cat-drones","9":"product_tag-autel-evo-ii-v3","10":"product_tag-evo-ii-dual-640t-v3-thermal-drone-rugged-bundle","12":"first","13":"onbackorder","14":"taxable","15":"shipping-taxable","16":"product-type-simple"},"yoast_head":"<!-- This site is optimized with the Yoast SEO plugin v27.1.1 - https:\/\/yoast.com\/product\/yoast-seo-wordpress\/ -->\n<title>Autel Robotics EVO II Dual 640T V3 Thermal Drone Rugged Bundle -<\/title>\n<meta name=\"description\" content=\"The EVO II Dual 640T V3 Thermal Drone Rugged Bundle can provide a variety of professions and industries with a fast aerial response and essential data in harsh conditions.\" \/>\n<meta name=\"robots\" content=\"index, follow, max-snippet:-1, max-image-preview:large, max-video-preview:-1\" \/>\n<link rel=\"canonical\" href=\"https:\/\/www.ghostysky.com\/pt\/produto-2\/autel-robotics-evo-ii-dual-640t-v3-thermal-drone-rugged-bundle\/\" \/>\n<meta property=\"og:locale\" content=\"pt_PT\" \/>\n<meta property=\"og:type\" content=\"article\" \/>\n<meta property=\"og:title\" content=\"Autel Robotics EVO II Dual 640T V3 Thermal Drone Rugged Bundle -\" \/>\n<meta property=\"og:description\" content=\"The EVO II Dual 640T V3 Thermal Drone Rugged Bundle can provide a variety of professions and industries with a fast aerial response and essential data in harsh conditions.\" \/>\n<meta property=\"og:url\" content=\"https:\/\/www.ghostysky.com\/pt\/produto-2\/autel-robotics-evo-ii-dual-640t-v3-thermal-drone-rugged-bundle\/\" \/>\n<meta property=\"og:site_name\" content=\"Ghostysky\" \/>\n<meta property=\"article:publisher\" content=\"https:\/\/www.facebook.com\/people\/Ghostysky\/100057676170234\/\" \/>\n<meta property=\"article:modified_time\" content=\"2025-10-14T11:24:48+00:00\" \/>\n<meta property=\"og:image\" content=\"https:\/\/www.ghostysky.com\/wp-content\/uploads\/2023\/03\/AutelRobotics-EVOII-Dual-640T-V3-Thermal-Drone-Rugged-Bundle-1.webp\" \/>\n\t<meta property=\"og:image:width\" content=\"760\" \/>\n\t<meta property=\"og:image:height\" content=\"760\" \/>\n\t<meta property=\"og:image:type\" content=\"image\/webp\" \/>\n<meta name=\"twitter:card\" content=\"summary_large_image\" \/>\n<meta name=\"twitter:site\" content=\"@Gh0stysky\" \/>\n<meta name=\"twitter:label1\" content=\"Tempo estimado de leitura\" \/>\n\t<meta name=\"twitter:data1\" content=\"4 minutos\" \/>\n<script type=\"application\/ld+json\" class=\"yoast-schema-graph\">{\"@context\":\"https:\/\/schema.org\",\"@graph\":[{\"@type\":\"WebPage\",\"@id\":\"https:\/\/www.ghostysky.com\/product\/autel-robotics-evo-ii-dual-640t-v3-thermal-drone-rugged-bundle\/\",\"url\":\"https:\/\/www.ghostysky.com\/product\/autel-robotics-evo-ii-dual-640t-v3-thermal-drone-rugged-bundle\/\",\"name\":\"Autel Robotics EVO II Dual 640T V3 Thermal Drone Rugged Bundle -\",\"isPartOf\":{\"@id\":\"https:\/\/www.ghostysky.com\/#website\"},\"primaryImageOfPage\":{\"@id\":\"https:\/\/www.ghostysky.com\/product\/autel-robotics-evo-ii-dual-640t-v3-thermal-drone-rugged-bundle\/#primaryimage\"},\"image\":{\"@id\":\"https:\/\/www.ghostysky.com\/product\/autel-robotics-evo-ii-dual-640t-v3-thermal-drone-rugged-bundle\/#primaryimage\"},\"thumbnailUrl\":\"https:\/\/www.ghostysky.com\/wp-content\/uploads\/2023\/03\/AutelRobotics-EVOII-Dual-640T-V3-Thermal-Drone-Rugged-Bundle-1.webp\",\"datePublished\":\"2023-03-19T12:41:47+00:00\",\"dateModified\":\"2025-10-14T11:24:48+00:00\",\"description\":\"The EVO II Dual 640T V3 Thermal Drone Rugged Bundle can provide a variety of professions and industries with a fast aerial response and essential data in harsh conditions.\",\"breadcrumb\":{\"@id\":\"https:\/\/www.ghostysky.com\/product\/autel-robotics-evo-ii-dual-640t-v3-thermal-drone-rugged-bundle\/#breadcrumb\"},\"inLanguage\":\"pt-PT\",\"potentialAction\":[{\"@type\":\"ReadAction\",\"target\":[\"https:\/\/www.ghostysky.com\/product\/autel-robotics-evo-ii-dual-640t-v3-thermal-drone-rugged-bundle\/\"]}]},{\"@type\":\"ImageObject\",\"inLanguage\":\"pt-PT\",\"@id\":\"https:\/\/www.ghostysky.com\/product\/autel-robotics-evo-ii-dual-640t-v3-thermal-drone-rugged-bundle\/#primaryimage\",\"url\":\"https:\/\/www.ghostysky.com\/wp-content\/uploads\/2023\/03\/AutelRobotics-EVOII-Dual-640T-V3-Thermal-Drone-Rugged-Bundle-1.webp\",\"contentUrl\":\"https:\/\/www.ghostysky.com\/wp-content\/uploads\/2023\/03\/AutelRobotics-EVOII-Dual-640T-V3-Thermal-Drone-Rugged-Bundle-1.webp\",\"width\":760,\"height\":760},{\"@type\":\"BreadcrumbList\",\"@id\":\"https:\/\/www.ghostysky.com\/product\/autel-robotics-evo-ii-dual-640t-v3-thermal-drone-rugged-bundle\/#breadcrumb\",\"itemListElement\":[{\"@type\":\"ListItem\",\"position\":1,\"name\":\"Home\",\"item\":\"https:\/\/www.ghostysky.com\/\"},{\"@type\":\"ListItem\",\"position\":2,\"name\":\"Shop\",\"item\":\"https:\/\/www.ghostysky.com\/shop\/\"},{\"@type\":\"ListItem\",\"position\":3,\"name\":\"Autel Robotics EVO II Dual 640T V3 Thermal Drone Rugged Bundle\"}]},{\"@type\":\"WebSite\",\"@id\":\"https:\/\/www.ghostysky.com\/#website\",\"url\":\"https:\/\/www.ghostysky.com\/\",\"name\":\"Ghostysky\",\"description\":\"Delivering professional drones and services\",\"publisher\":{\"@id\":\"https:\/\/www.ghostysky.com\/#organization\"},\"potentialAction\":[{\"@type\":\"SearchAction\",\"target\":{\"@type\":\"EntryPoint\",\"urlTemplate\":\"https:\/\/www.ghostysky.com\/?s={search_term_string}\"},\"query-input\":{\"@type\":\"PropertyValueSpecification\",\"valueRequired\":true,\"valueName\":\"search_term_string\"}}],\"inLanguage\":\"pt-PT\"},{\"@type\":\"Organization\",\"@id\":\"https:\/\/www.ghostysky.com\/#organization\",\"name\":\"Ghostysky\",\"url\":\"https:\/\/www.ghostysky.com\/\",\"logo\":{\"@type\":\"ImageObject\",\"inLanguage\":\"pt-PT\",\"@id\":\"https:\/\/www.ghostysky.com\/#\/schema\/logo\/image\/\",\"url\":\"https:\/\/www.ghostysky.com\/wp-content\/uploads\/2020\/06\/cropped-ghostyskylogo_text_white2.png\",\"contentUrl\":\"https:\/\/www.ghostysky.com\/wp-content\/uploads\/2020\/06\/cropped-ghostyskylogo_text_white2.png\",\"width\":169,\"height\":56,\"caption\":\"Ghostysky\"},\"image\":{\"@id\":\"https:\/\/www.ghostysky.com\/#\/schema\/logo\/image\/\"},\"sameAs\":[\"https:\/\/www.facebook.com\/people\/Ghostysky\/100057676170234\/\",\"https:\/\/x.com\/Gh0stysky\",\"https:\/\/www.linkedin.com\/company\/34739653\",\"https:\/\/www.instagram.com\/gh0stysky\"]}]}<\/script>\n<!-- \/ Yoast SEO plugin. -->","yoast_head_json":{"title":"Pacote robusto de drone t\u00e9rmico Autel Robotics EVO II Dual 640T V3 -","description":"O pacote robusto de drone t\u00e9rmico EVO II Dual 640T V3 pode fornecer a uma variedade de profiss\u00f5es e ind\u00fastrias uma resposta a\u00e9rea r\u00e1pida e dados essenciais em condi\u00e7\u00f5es adversas.","robots":{"index":"index","follow":"follow","max-snippet":"max-snippet:-1","max-image-preview":"max-image-preview:large","max-video-preview":"max-video-preview:-1"},"canonical":"https:\/\/www.ghostysky.com\/pt\/produto-2\/autel-robotics-evo-ii-dual-640t-v3-thermal-drone-rugged-bundle\/","og_locale":"pt_PT","og_type":"article","og_title":"Autel Robotics EVO II Dual 640T V3 Thermal Drone Rugged Bundle -","og_description":"The EVO II Dual 640T V3 Thermal Drone Rugged Bundle can provide a variety of professions and industries with a fast aerial response and essential data in harsh conditions.","og_url":"https:\/\/www.ghostysky.com\/pt\/produto-2\/autel-robotics-evo-ii-dual-640t-v3-thermal-drone-rugged-bundle\/","og_site_name":"Ghostysky","article_publisher":"https:\/\/www.facebook.com\/people\/Ghostysky\/100057676170234\/","article_modified_time":"2025-10-14T11:24:48+00:00","og_image":[{"width":760,"height":760,"url":"https:\/\/www.ghostysky.com\/wp-content\/uploads\/2023\/03\/AutelRobotics-EVOII-Dual-640T-V3-Thermal-Drone-Rugged-Bundle-1.webp","type":"image\/webp"}],"twitter_card":"summary_large_image","twitter_site":"@Gh0stysky","twitter_misc":{"Tempo estimado de leitura":"4 minutos"},"schema":{"@context":"https:\/\/schema.org","@graph":[{"@type":"WebPage","@id":"https:\/\/www.ghostysky.com\/product\/autel-robotics-evo-ii-dual-640t-v3-thermal-drone-rugged-bundle\/","url":"https:\/\/www.ghostysky.com\/product\/autel-robotics-evo-ii-dual-640t-v3-thermal-drone-rugged-bundle\/","name":"Pacote robusto de drone t\u00e9rmico Autel Robotics EVO II Dual 640T V3 -","isPartOf":{"@id":"https:\/\/www.ghostysky.com\/#website"},"primaryImageOfPage":{"@id":"https:\/\/www.ghostysky.com\/product\/autel-robotics-evo-ii-dual-640t-v3-thermal-drone-rugged-bundle\/#primaryimage"},"image":{"@id":"https:\/\/www.ghostysky.com\/product\/autel-robotics-evo-ii-dual-640t-v3-thermal-drone-rugged-bundle\/#primaryimage"},"thumbnailUrl":"https:\/\/www.ghostysky.com\/wp-content\/uploads\/2023\/03\/AutelRobotics-EVOII-Dual-640T-V3-Thermal-Drone-Rugged-Bundle-1.webp","datePublished":"2023-03-19T12:41:47+00:00","dateModified":"2025-10-14T11:24:48+00:00","description":"O pacote robusto de drone t\u00e9rmico EVO II Dual 640T V3 pode fornecer a uma variedade de profiss\u00f5es e ind\u00fastrias uma resposta a\u00e9rea r\u00e1pida e dados essenciais em condi\u00e7\u00f5es adversas.","breadcrumb":{"@id":"https:\/\/www.ghostysky.com\/product\/autel-robotics-evo-ii-dual-640t-v3-thermal-drone-rugged-bundle\/#breadcrumb"},"inLanguage":"pt-PT","potentialAction":[{"@type":"ReadAction","target":["https:\/\/www.ghostysky.com\/product\/autel-robotics-evo-ii-dual-640t-v3-thermal-drone-rugged-bundle\/"]}]},{"@type":"ImageObject","inLanguage":"pt-PT","@id":"https:\/\/www.ghostysky.com\/product\/autel-robotics-evo-ii-dual-640t-v3-thermal-drone-rugged-bundle\/#primaryimage","url":"https:\/\/www.ghostysky.com\/wp-content\/uploads\/2023\/03\/AutelRobotics-EVOII-Dual-640T-V3-Thermal-Drone-Rugged-Bundle-1.webp","contentUrl":"https:\/\/www.ghostysky.com\/wp-content\/uploads\/2023\/03\/AutelRobotics-EVOII-Dual-640T-V3-Thermal-Drone-Rugged-Bundle-1.webp","width":760,"height":760},{"@type":"BreadcrumbList","@id":"https:\/\/www.ghostysky.com\/product\/autel-robotics-evo-ii-dual-640t-v3-thermal-drone-rugged-bundle\/#breadcrumb","itemListElement":[{"@type":"ListItem","position":1,"name":"Home","item":"https:\/\/www.ghostysky.com\/"},{"@type":"ListItem","position":2,"name":"Shop","item":"https:\/\/www.ghostysky.com\/shop\/"},{"@type":"ListItem","position":3,"name":"Autel Robotics EVO II Dual 640T V3 Thermal Drone Rugged Bundle"}]},{"@type":"WebSite","@id":"https:\/\/www.ghostysky.com\/#website","url":"https:\/\/www.ghostysky.com\/","name":"Ghostysky","description":"Fornecendo drones e servi\u00e7os profissionais","publisher":{"@id":"https:\/\/www.ghostysky.com\/#organization"},"potentialAction":[{"@type":"SearchAction","target":{"@type":"EntryPoint","urlTemplate":"https:\/\/www.ghostysky.com\/?s={search_term_string}"},"query-input":{"@type":"PropertyValueSpecification","valueRequired":true,"valueName":"search_term_string"}}],"inLanguage":"pt-PT"},{"@type":"Organization","@id":"https:\/\/www.ghostysky.com\/#organization","name":"Ghostysky","url":"https:\/\/www.ghostysky.com\/","logo":{"@type":"ImageObject","inLanguage":"pt-PT","@id":"https:\/\/www.ghostysky.com\/#\/schema\/logo\/image\/","url":"https:\/\/www.ghostysky.com\/wp-content\/uploads\/2020\/06\/cropped-ghostyskylogo_text_white2.png","contentUrl":"https:\/\/www.ghostysky.com\/wp-content\/uploads\/2020\/06\/cropped-ghostyskylogo_text_white2.png","width":169,"height":56,"caption":"Ghostysky"},"image":{"@id":"https:\/\/www.ghostysky.com\/#\/schema\/logo\/image\/"},"sameAs":["https:\/\/www.facebook.com\/people\/Ghostysky\/100057676170234\/","https:\/\/x.com\/Gh0stysky","https:\/\/www.linkedin.com\/company\/34739653","https:\/\/www.instagram.com\/gh0stysky"]}]}},"_links":{"self":[{"href":"https:\/\/www.ghostysky.com\/pt\/wp-json\/wp\/v2\/product\/11155","targetHints":{"allow":["GET"]}}],"collection":[{"href":"https:\/\/www.ghostysky.com\/pt\/wp-json\/wp\/v2\/product"}],"about":[{"href":"https:\/\/www.ghostysky.com\/pt\/wp-json\/wp\/v2\/types\/product"}],"replies":[{"embeddable":true,"href":"https:\/\/www.ghostysky.com\/pt\/wp-json\/wp\/v2\/comments?post=11155"}],"wp:featuredmedia":[{"embeddable":true,"href":"https:\/\/www.ghostysky.com\/pt\/wp-json\/wp\/v2\/media\/11159"}],"wp:attachment":[{"href":"https:\/\/www.ghostysky.com\/pt\/wp-json\/wp\/v2\/media?parent=11155"}],"wp:term":[{"taxonomy":"product_brand","embeddable":true,"href":"https:\/\/www.ghostysky.com\/pt\/wp-json\/wp\/v2\/product_brand?post=11155"},{"taxonomy":"product_cat","embeddable":true,"href":"https:\/\/www.ghostysky.com\/pt\/wp-json\/wp\/v2\/product_cat?post=11155"},{"taxonomy":"product_tag","embeddable":true,"href":"https:\/\/www.ghostysky.com\/pt\/wp-json\/wp\/v2\/product_tag?post=11155"}],"curies":[{"name":"wp","href":"https:\/\/api.w.org\/{rel}","templated":true}]}}