{"id":11163,"date":"2023-03-19T12:54:54","date_gmt":"2023-03-19T12:54:54","guid":{"rendered":"https:\/\/www.ghostysky.com\/?post_type=product&#038;p=11163"},"modified":"2025-10-14T11:24:24","modified_gmt":"2025-10-14T11:24:24","slug":"autel-robotics-evo-ii-dual-640t-rtk-thermal-drone-v3","status":"publish","type":"product","link":"https:\/\/www.ghostysky.com\/pt\/product\/autel-robotics-evo-ii-dual-640t-rtk-thermal-drone-v3\/","title":{"rendered":"Autel Robotics EVO II Dual 640T RTK Drone T\u00e9rmico V3"},"content":{"rendered":"<h3 class=\"stitle pc\">Pacote Robusto RTK Duplo EVO II (640) T<\/h3>\n<p class=\"stitle pc\"><strong>C\u00c2MARAS DUPLAS, MEDI\u00c7\u00c3O PRECISA DA TEMPERATURA<\/strong><br \/>\nO EVO II Dual 640T RTK est\u00e1 equipado com uma c\u00e2mera de imagem t\u00e9rmica de alta resolu\u00e7\u00e3o ea ainda uma c\u00e2mera RGB de 8K, permitindo a captura de imagens altamente detalhadas.<\/p>\n<div class=\"sdesc\"><strong>Medi\u00e7\u00e3o de alta precis\u00e3o de temperaturas<\/strong><br \/>\nO EVO II Dual 640T RTK pode detectar com precis\u00e3o fontes de calor a uma dist\u00e2ncia de 2-5 metros. Ao alavancar o algoritmo de compensa\u00e7\u00e3o da medi\u00e7\u00e3o de temperatura infravermelha, o 640T RTK pode gerir desvios de temperatura dentro de 3 graus Celsius.<\/div>\n<div class=\"sdesc\"><strong>Sensor de imagem t\u00e9rmica de alta resolu\u00e7\u00e3o<\/strong><br \/>\nO 640T RTK tem uma dist\u00e2ncia focal de 13mm combinada com um sensor de imagem t\u00e9rmica 640*512, e uma c\u00e2mara vis\u00edvel de 8K ultra-altade\ufb01nition. Juntos, estes sensores fornecem-lhe uma vis\u00e3o dupla para lhe dar as imagens n\u00edtidas e claras de que necessita para cumprir as suas miss\u00f5es.<\/div>\n<div class=\"sdesc\"><strong>Modos de cores m\u00faltiplas<\/strong><br \/>\nBranco Quente | Frio e Quente | Arco-\u00edris | Arco-\u00edris aprimorado | Arco de ferro | Lava | \u00c1rtico | Queimando | grada\u00e7\u00e3o | Detec\u00e7\u00e3o de Calor<\/div>\n<div><\/div>\n<h3>POSICIONAMENTO AO N\u00cdVEL DO CENT\u00cdMETRO<\/h3>\n<div>\n<p>A s\u00e9rie EVO II RTK integra um m\u00f3dulo RTK totalmente novo, que fornece dados de posicionamento de n\u00edvel centim\u00e9trico em tempo real e suporta Post-Processing Kinematic (PPK). O drone pode gravar os dados originais de observa\u00e7\u00e3o por sat\u00e9lite, par\u00e2metros de exposi\u00e7\u00e3o da c\u00e2mera assim como v\u00e1rios outros dados. O sistema de posicionamento suporta esta\u00e7\u00f5es de base A-RTK e rede RTK, o que ajuda a obter uma aquisi\u00e7\u00e3o de dados precisa e est\u00e1vel em ambientes de opera\u00e7\u00e3o complexos.<\/p>\n<h3>LEVE, EFICIENTE E FI\u00c1VEL<\/h3>\n<p>A s\u00e9rie EVO II RTK herda o design dobr\u00e1vel da s\u00e9rie EVO II original, tornando-a compacta, leve, port\u00e1til e pronta a voar em apenas alguns segundos. A par de um alcance m\u00e1ximo de transmiss\u00e3o de 9 km, a aeronave oferece um tempo de voo de at\u00e9 36 minutos e pode atingir uma velocidade m\u00e1xima de at\u00e9 20m\/s, tornando-a o companheiro de voo perfeito para as suas miss\u00f5es di\u00e1rias.<\/p>\n<p><strong>NA CAIXA<\/strong><\/p>\n<ul>\n<li>1x Aeronave (bateria, h\u00e9lice, tampa do gimbal, cart\u00e3o SD 32G inclu\u00eddo)<\/li>\n<li>1x Controlador remoto<\/li>\n<li>2x H\u00e9lices de reserva (par)<\/li>\n<li>2x Baterias sobressalentes<\/li>\n<li>2x Carregador de bateria + Cabo de alimenta\u00e7\u00e3o<\/li>\n<li>1x Carregador de carro<\/li>\n<li>1x Multi-Carregador<\/li>\n<li>1x Carregador RC<\/li>\n<li>1x Cabo de Carregamento RC<\/li>\n<li>1x Stick de controle de reposi\u00e7\u00e3o (par)<\/li>\n<li>1x Caixa de transporte RC<\/li>\n<li>1x Cord\u00e3o RC<\/li>\n<li>1x Cobertura de porta extendida<\/li>\n<li>1x Mala de transporte<\/li>\n<li>Guia R\u00e1pido<\/li>\n<\/ul>\n<\/div>","protected":false},"excerpt":{"rendered":"<p>O <b>Pacote Robusto Autel Robotics EVO II DUAL 640T RTK V3<\/b>\u00a0pode fornecer uma resposta a\u00e9rea r\u00e1pida e dados essenciais a uma variedade de profiss\u00f5es e ind\u00fastrias em condi\u00e7\u00f5es dif\u00edceis ou adversas. Com uma c\u00e2mara visual dupla de 50MP 4K HDR e uma c\u00e2mara de imagem t\u00e9rmica 640 x 512, a EVO II DUAL 640T \u00e9 ideal para funcion\u00e1rios da seguran\u00e7a p\u00fablica, trabalhadores industriais, e cineastas profissionais. Com a inclus\u00e3o de um m\u00f3dulo RTK, s\u00e3o poss\u00edveis medi\u00e7\u00f5es RTK em tempo real com precis\u00e3o ao n\u00edvel do cent\u00edmetro, expandindo a utilidade deste pacote aos profissionais da constru\u00e7\u00e3o e da agricultura.<\/p>","protected":false},"featured_media":11168,"comment_status":"open","ping_status":"closed","template":"","meta":[],"product_brand":[],"product_cat":[220,364,29],"product_tag":[500,505],"class_list":{"0":"post-11163","1":"product","2":"type-product","3":"status-publish","4":"has-post-thumbnail","6":"product_cat-autel","7":"product_cat-bundles-autel","8":"product_cat-drones","9":"product_tag-autel-evo-ii-v3","10":"product_tag-evo-ii-dual-640t-rtk-thermal-drone-v3","12":"first","13":"onbackorder","14":"taxable","15":"shipping-taxable","16":"product-type-simple"},"yoast_head":"<!-- This site is optimized with the Yoast SEO plugin v27.1.1 - https:\/\/yoast.com\/product\/yoast-seo-wordpress\/ -->\n<title>Autel Robotics EVO II Dual 640T RTK Thermal Drone V3 -<\/title>\n<meta name=\"description\" content=\"The Autel Robotics EVO II DUAL 640T RTK Rugged Bundle V3\u00a0can provide a variety of professions and industries with a fast aerial response and essential data in harsh conditions.\" \/>\n<meta name=\"robots\" content=\"index, follow, max-snippet:-1, max-image-preview:large, max-video-preview:-1\" \/>\n<link rel=\"canonical\" href=\"https:\/\/www.ghostysky.com\/pt\/produto-2\/autel-robotics-evo-ii-dual-640t-rtk-thermal-drone-v3\/\" \/>\n<meta property=\"og:locale\" content=\"pt_PT\" \/>\n<meta property=\"og:type\" content=\"article\" \/>\n<meta property=\"og:title\" content=\"Autel Robotics EVO II Dual 640T RTK Thermal Drone V3 -\" \/>\n<meta property=\"og:description\" content=\"The Autel Robotics EVO II DUAL 640T RTK Rugged Bundle V3\u00a0can provide a variety of professions and industries with a fast aerial response and essential data in harsh conditions.\" \/>\n<meta property=\"og:url\" content=\"https:\/\/www.ghostysky.com\/pt\/produto-2\/autel-robotics-evo-ii-dual-640t-rtk-thermal-drone-v3\/\" \/>\n<meta property=\"og:site_name\" content=\"Ghostysky\" \/>\n<meta property=\"article:publisher\" content=\"https:\/\/www.facebook.com\/people\/Ghostysky\/100057676170234\/\" \/>\n<meta property=\"article:modified_time\" content=\"2025-10-14T11:24:24+00:00\" \/>\n<meta property=\"og:image\" content=\"https:\/\/www.ghostysky.com\/wp-content\/uploads\/2023\/03\/EVOII-Dual-640T-RTK-Thermal-Drone-V3-1.webp\" \/>\n\t<meta property=\"og:image:width\" content=\"760\" \/>\n\t<meta property=\"og:image:height\" content=\"760\" \/>\n\t<meta property=\"og:image:type\" content=\"image\/webp\" \/>\n<meta name=\"twitter:card\" content=\"summary_large_image\" \/>\n<meta name=\"twitter:site\" content=\"@Gh0stysky\" \/>\n<meta name=\"twitter:label1\" content=\"Tempo estimado de leitura\" \/>\n\t<meta name=\"twitter:data1\" content=\"2 minutos\" \/>\n<script type=\"application\/ld+json\" class=\"yoast-schema-graph\">{\"@context\":\"https:\/\/schema.org\",\"@graph\":[{\"@type\":\"WebPage\",\"@id\":\"https:\/\/www.ghostysky.com\/product\/autel-robotics-evo-ii-dual-640t-rtk-thermal-drone-v3\/\",\"url\":\"https:\/\/www.ghostysky.com\/product\/autel-robotics-evo-ii-dual-640t-rtk-thermal-drone-v3\/\",\"name\":\"Autel Robotics EVO II Dual 640T RTK Thermal Drone V3 -\",\"isPartOf\":{\"@id\":\"https:\/\/www.ghostysky.com\/#website\"},\"primaryImageOfPage\":{\"@id\":\"https:\/\/www.ghostysky.com\/product\/autel-robotics-evo-ii-dual-640t-rtk-thermal-drone-v3\/#primaryimage\"},\"image\":{\"@id\":\"https:\/\/www.ghostysky.com\/product\/autel-robotics-evo-ii-dual-640t-rtk-thermal-drone-v3\/#primaryimage\"},\"thumbnailUrl\":\"https:\/\/www.ghostysky.com\/wp-content\/uploads\/2023\/03\/EVOII-Dual-640T-RTK-Thermal-Drone-V3-1.webp\",\"datePublished\":\"2023-03-19T12:54:54+00:00\",\"dateModified\":\"2025-10-14T11:24:24+00:00\",\"description\":\"The Autel Robotics EVO II DUAL 640T RTK Rugged Bundle V3\u00a0can provide a variety of professions and industries with a fast aerial response and essential data in harsh conditions.\",\"breadcrumb\":{\"@id\":\"https:\/\/www.ghostysky.com\/product\/autel-robotics-evo-ii-dual-640t-rtk-thermal-drone-v3\/#breadcrumb\"},\"inLanguage\":\"pt-PT\",\"potentialAction\":[{\"@type\":\"ReadAction\",\"target\":[\"https:\/\/www.ghostysky.com\/product\/autel-robotics-evo-ii-dual-640t-rtk-thermal-drone-v3\/\"]}]},{\"@type\":\"ImageObject\",\"inLanguage\":\"pt-PT\",\"@id\":\"https:\/\/www.ghostysky.com\/product\/autel-robotics-evo-ii-dual-640t-rtk-thermal-drone-v3\/#primaryimage\",\"url\":\"https:\/\/www.ghostysky.com\/wp-content\/uploads\/2023\/03\/EVOII-Dual-640T-RTK-Thermal-Drone-V3-1.webp\",\"contentUrl\":\"https:\/\/www.ghostysky.com\/wp-content\/uploads\/2023\/03\/EVOII-Dual-640T-RTK-Thermal-Drone-V3-1.webp\",\"width\":760,\"height\":760},{\"@type\":\"BreadcrumbList\",\"@id\":\"https:\/\/www.ghostysky.com\/product\/autel-robotics-evo-ii-dual-640t-rtk-thermal-drone-v3\/#breadcrumb\",\"itemListElement\":[{\"@type\":\"ListItem\",\"position\":1,\"name\":\"Home\",\"item\":\"https:\/\/www.ghostysky.com\/\"},{\"@type\":\"ListItem\",\"position\":2,\"name\":\"Shop\",\"item\":\"https:\/\/www.ghostysky.com\/shop\/\"},{\"@type\":\"ListItem\",\"position\":3,\"name\":\"Autel Robotics EVO II Dual 640T RTK Thermal Drone V3\"}]},{\"@type\":\"WebSite\",\"@id\":\"https:\/\/www.ghostysky.com\/#website\",\"url\":\"https:\/\/www.ghostysky.com\/\",\"name\":\"Ghostysky\",\"description\":\"Delivering professional drones and services\",\"publisher\":{\"@id\":\"https:\/\/www.ghostysky.com\/#organization\"},\"potentialAction\":[{\"@type\":\"SearchAction\",\"target\":{\"@type\":\"EntryPoint\",\"urlTemplate\":\"https:\/\/www.ghostysky.com\/?s={search_term_string}\"},\"query-input\":{\"@type\":\"PropertyValueSpecification\",\"valueRequired\":true,\"valueName\":\"search_term_string\"}}],\"inLanguage\":\"pt-PT\"},{\"@type\":\"Organization\",\"@id\":\"https:\/\/www.ghostysky.com\/#organization\",\"name\":\"Ghostysky\",\"url\":\"https:\/\/www.ghostysky.com\/\",\"logo\":{\"@type\":\"ImageObject\",\"inLanguage\":\"pt-PT\",\"@id\":\"https:\/\/www.ghostysky.com\/#\/schema\/logo\/image\/\",\"url\":\"https:\/\/www.ghostysky.com\/wp-content\/uploads\/2020\/06\/cropped-ghostyskylogo_text_white2.png\",\"contentUrl\":\"https:\/\/www.ghostysky.com\/wp-content\/uploads\/2020\/06\/cropped-ghostyskylogo_text_white2.png\",\"width\":169,\"height\":56,\"caption\":\"Ghostysky\"},\"image\":{\"@id\":\"https:\/\/www.ghostysky.com\/#\/schema\/logo\/image\/\"},\"sameAs\":[\"https:\/\/www.facebook.com\/people\/Ghostysky\/100057676170234\/\",\"https:\/\/x.com\/Gh0stysky\",\"https:\/\/www.linkedin.com\/company\/34739653\",\"https:\/\/www.instagram.com\/gh0stysky\"]}]}<\/script>\n<!-- \/ Yoast SEO plugin. -->","yoast_head_json":{"title":"Drone t\u00e9rmico Autel Robotics EVO II Dual 640T RTK V3 -","description":"O Autel Robotics EVO II DUAL 640T RTK Rugged Bundle V3 pode fornecer a uma variedade de profiss\u00f5es e ind\u00fastrias uma resposta a\u00e9rea r\u00e1pida e dados essenciais em condi\u00e7\u00f5es adversas.","robots":{"index":"index","follow":"follow","max-snippet":"max-snippet:-1","max-image-preview":"max-image-preview:large","max-video-preview":"max-video-preview:-1"},"canonical":"https:\/\/www.ghostysky.com\/pt\/produto-2\/autel-robotics-evo-ii-dual-640t-rtk-thermal-drone-v3\/","og_locale":"pt_PT","og_type":"article","og_title":"Autel Robotics EVO II Dual 640T RTK Thermal Drone V3 -","og_description":"The Autel Robotics EVO II DUAL 640T RTK Rugged Bundle V3\u00a0can provide a variety of professions and industries with a fast aerial response and essential data in harsh conditions.","og_url":"https:\/\/www.ghostysky.com\/pt\/produto-2\/autel-robotics-evo-ii-dual-640t-rtk-thermal-drone-v3\/","og_site_name":"Ghostysky","article_publisher":"https:\/\/www.facebook.com\/people\/Ghostysky\/100057676170234\/","article_modified_time":"2025-10-14T11:24:24+00:00","og_image":[{"width":760,"height":760,"url":"https:\/\/www.ghostysky.com\/wp-content\/uploads\/2023\/03\/EVOII-Dual-640T-RTK-Thermal-Drone-V3-1.webp","type":"image\/webp"}],"twitter_card":"summary_large_image","twitter_site":"@Gh0stysky","twitter_misc":{"Tempo estimado de leitura":"2 minutos"},"schema":{"@context":"https:\/\/schema.org","@graph":[{"@type":"WebPage","@id":"https:\/\/www.ghostysky.com\/product\/autel-robotics-evo-ii-dual-640t-rtk-thermal-drone-v3\/","url":"https:\/\/www.ghostysky.com\/product\/autel-robotics-evo-ii-dual-640t-rtk-thermal-drone-v3\/","name":"Drone t\u00e9rmico Autel Robotics EVO II Dual 640T RTK V3 -","isPartOf":{"@id":"https:\/\/www.ghostysky.com\/#website"},"primaryImageOfPage":{"@id":"https:\/\/www.ghostysky.com\/product\/autel-robotics-evo-ii-dual-640t-rtk-thermal-drone-v3\/#primaryimage"},"image":{"@id":"https:\/\/www.ghostysky.com\/product\/autel-robotics-evo-ii-dual-640t-rtk-thermal-drone-v3\/#primaryimage"},"thumbnailUrl":"https:\/\/www.ghostysky.com\/wp-content\/uploads\/2023\/03\/EVOII-Dual-640T-RTK-Thermal-Drone-V3-1.webp","datePublished":"2023-03-19T12:54:54+00:00","dateModified":"2025-10-14T11:24:24+00:00","description":"O Autel Robotics EVO II DUAL 640T RTK Rugged Bundle V3 pode fornecer a uma variedade de profiss\u00f5es e ind\u00fastrias uma resposta a\u00e9rea r\u00e1pida e dados essenciais em condi\u00e7\u00f5es adversas.","breadcrumb":{"@id":"https:\/\/www.ghostysky.com\/product\/autel-robotics-evo-ii-dual-640t-rtk-thermal-drone-v3\/#breadcrumb"},"inLanguage":"pt-PT","potentialAction":[{"@type":"ReadAction","target":["https:\/\/www.ghostysky.com\/product\/autel-robotics-evo-ii-dual-640t-rtk-thermal-drone-v3\/"]}]},{"@type":"ImageObject","inLanguage":"pt-PT","@id":"https:\/\/www.ghostysky.com\/product\/autel-robotics-evo-ii-dual-640t-rtk-thermal-drone-v3\/#primaryimage","url":"https:\/\/www.ghostysky.com\/wp-content\/uploads\/2023\/03\/EVOII-Dual-640T-RTK-Thermal-Drone-V3-1.webp","contentUrl":"https:\/\/www.ghostysky.com\/wp-content\/uploads\/2023\/03\/EVOII-Dual-640T-RTK-Thermal-Drone-V3-1.webp","width":760,"height":760},{"@type":"BreadcrumbList","@id":"https:\/\/www.ghostysky.com\/product\/autel-robotics-evo-ii-dual-640t-rtk-thermal-drone-v3\/#breadcrumb","itemListElement":[{"@type":"ListItem","position":1,"name":"Home","item":"https:\/\/www.ghostysky.com\/"},{"@type":"ListItem","position":2,"name":"Shop","item":"https:\/\/www.ghostysky.com\/shop\/"},{"@type":"ListItem","position":3,"name":"Autel Robotics EVO II Dual 640T RTK Thermal Drone V3"}]},{"@type":"WebSite","@id":"https:\/\/www.ghostysky.com\/#website","url":"https:\/\/www.ghostysky.com\/","name":"Ghostysky","description":"Fornecendo drones e servi\u00e7os profissionais","publisher":{"@id":"https:\/\/www.ghostysky.com\/#organization"},"potentialAction":[{"@type":"SearchAction","target":{"@type":"EntryPoint","urlTemplate":"https:\/\/www.ghostysky.com\/?s={search_term_string}"},"query-input":{"@type":"PropertyValueSpecification","valueRequired":true,"valueName":"search_term_string"}}],"inLanguage":"pt-PT"},{"@type":"Organization","@id":"https:\/\/www.ghostysky.com\/#organization","name":"Ghostysky","url":"https:\/\/www.ghostysky.com\/","logo":{"@type":"ImageObject","inLanguage":"pt-PT","@id":"https:\/\/www.ghostysky.com\/#\/schema\/logo\/image\/","url":"https:\/\/www.ghostysky.com\/wp-content\/uploads\/2020\/06\/cropped-ghostyskylogo_text_white2.png","contentUrl":"https:\/\/www.ghostysky.com\/wp-content\/uploads\/2020\/06\/cropped-ghostyskylogo_text_white2.png","width":169,"height":56,"caption":"Ghostysky"},"image":{"@id":"https:\/\/www.ghostysky.com\/#\/schema\/logo\/image\/"},"sameAs":["https:\/\/www.facebook.com\/people\/Ghostysky\/100057676170234\/","https:\/\/x.com\/Gh0stysky","https:\/\/www.linkedin.com\/company\/34739653","https:\/\/www.instagram.com\/gh0stysky"]}]}},"_links":{"self":[{"href":"https:\/\/www.ghostysky.com\/pt\/wp-json\/wp\/v2\/product\/11163","targetHints":{"allow":["GET"]}}],"collection":[{"href":"https:\/\/www.ghostysky.com\/pt\/wp-json\/wp\/v2\/product"}],"about":[{"href":"https:\/\/www.ghostysky.com\/pt\/wp-json\/wp\/v2\/types\/product"}],"replies":[{"embeddable":true,"href":"https:\/\/www.ghostysky.com\/pt\/wp-json\/wp\/v2\/comments?post=11163"}],"wp:featuredmedia":[{"embeddable":true,"href":"https:\/\/www.ghostysky.com\/pt\/wp-json\/wp\/v2\/media\/11168"}],"wp:attachment":[{"href":"https:\/\/www.ghostysky.com\/pt\/wp-json\/wp\/v2\/media?parent=11163"}],"wp:term":[{"taxonomy":"product_brand","embeddable":true,"href":"https:\/\/www.ghostysky.com\/pt\/wp-json\/wp\/v2\/product_brand?post=11163"},{"taxonomy":"product_cat","embeddable":true,"href":"https:\/\/www.ghostysky.com\/pt\/wp-json\/wp\/v2\/product_cat?post=11163"},{"taxonomy":"product_tag","embeddable":true,"href":"https:\/\/www.ghostysky.com\/pt\/wp-json\/wp\/v2\/product_tag?post=11163"}],"curies":[{"name":"wp","href":"https:\/\/api.w.org\/{rel}","templated":true}]}}