{"id":11230,"date":"2023-03-20T22:10:43","date_gmt":"2023-03-20T22:10:43","guid":{"rendered":"https:\/\/www.ghostysky.com\/?post_type=product&#038;p=11230"},"modified":"2023-04-03T20:07:41","modified_gmt":"2023-04-03T20:07:41","slug":"oukitel-wp17","status":"publish","type":"product","link":"https:\/\/www.ghostysky.com\/pt\/product\/oukitel-wp17\/","title":{"rendered":"Oukitel WP17"},"content":{"rendered":"<h3 class=\"a-spacing-base\"><strong><span class=\"a-text-bold\">Recursos: Medi\u00e7\u00e3o de temperatura, \u00e0 prova d'\u00e1gua, \u00e0 prova de choque, \u00e0 prova de poeira, 4G, NFC+Google Pay<\/span><\/strong><\/h3>\n<p class=\"a-spacing-base\"><strong>Sistema<\/strong>: Android 11<\/p>\n<p class=\"a-spacing-base\"><strong>Armazenamento<\/strong>: 8GB RAM + 128GB ROM<\/p>\n<p class=\"a-spacing-base\"><strong>C\u00e2mera traseira<\/strong>: c\u00e2mera principal de 64MP (c\u00e2mera IES Anti-shake) + 20MP<\/p>\n<p class=\"a-spacing-base\">C\u00e2mera de vis\u00e3o noturna + c\u00e2mera macro de 2MP<\/p>\n<p class=\"a-spacing-base\"><strong>C\u00e2mera frontal<\/strong>: c\u00e2mera frontal de 16MP<\/p>\n<p class=\"a-spacing-base\"><strong>Processador<\/strong>: Processador Mediatek Dimensity G95 Octa-core<\/p>\n<p class=\"a-spacing-base\"><strong>Ecr\u00e3<\/strong>: Tela de 6,78&quot; FHD+Corning Gorilla Glass (resistente a arranh\u00f5es)<\/p>\n<p class=\"a-spacing-base\"><strong>Bateria<\/strong>: 8300mAh<\/p>\n<p class=\"a-spacing-base\"><strong>cart\u00e3o SIM<\/strong>: Dual micro \/ Nano SIM + um cart\u00e3o TF<\/p>\n<p class=\"a-spacing-base\"><strong>Desbloqueio<\/strong>: reconhecimento facial &amp; impress\u00e3o digital<\/p>","protected":false},"excerpt":{"rendered":"<p>O Oukitel WP17 \u00e9 o mais recente smartphone robusto 4G IP68 que vem com uma bateria de 8300mAh e uma c\u00e2mera de vis\u00e3o noturna de 20MP. Este telem\u00f3vel tamb\u00e9m possui c\u00e2mera de 64MP, 8GB de RAM, 128GB de armazenamento interno. O WP17 \u00e9 resistente a poeira, choque e \u00e1gua com classifica\u00e7\u00e3o IP68, al\u00e9m de possuir dual SIM e sistema operacional Android 11 (GMS).<\/p>","protected":false},"featured_media":11231,"comment_status":"open","ping_status":"closed","template":"","meta":[],"product_brand":[],"product_cat":[461,506],"product_tag":[507,508],"class_list":{"0":"post-11230","1":"product","2":"type-product","3":"status-publish","4":"has-post-thumbnail","6":"product_cat-accessories-2","7":"product_cat-smartphones-tablets","8":"product_tag-oukitel-wp17","9":"product_tag-smartphonetablet","11":"first","12":"onbackorder","13":"taxable","14":"shipping-taxable","15":"product-type-simple"},"yoast_head":"<!-- This site is optimized with the Yoast SEO plugin v27.1.1 - https:\/\/yoast.com\/product\/yoast-seo-wordpress\/ -->\n<title>Oukitel WP17 - Ghostysky<\/title>\n<meta name=\"description\" content=\"Oukitel WP17 is the latest 4G IP68 rugged smartphone that comes with an 8300mAh battery and a 20MP night vision camera. This mobile phone also has 64MP camera, 8GB RAM 128GB ROM of storage.\" \/>\n<meta name=\"robots\" content=\"index, follow, max-snippet:-1, max-image-preview:large, max-video-preview:-1\" \/>\n<link rel=\"canonical\" href=\"https:\/\/www.ghostysky.com\/pt\/produto-2\/oukitel-wp17\/\" \/>\n<meta property=\"og:locale\" content=\"pt_PT\" \/>\n<meta property=\"og:type\" content=\"article\" \/>\n<meta property=\"og:title\" content=\"Oukitel WP17 - Ghostysky\" \/>\n<meta property=\"og:description\" content=\"Oukitel WP17 is the latest 4G IP68 rugged smartphone that comes with an 8300mAh battery and a 20MP night vision camera. This mobile phone also has 64MP camera, 8GB RAM 128GB ROM of storage.\" \/>\n<meta property=\"og:url\" content=\"https:\/\/www.ghostysky.com\/pt\/produto-2\/oukitel-wp17\/\" \/>\n<meta property=\"og:site_name\" content=\"Ghostysky\" \/>\n<meta property=\"article:publisher\" content=\"https:\/\/www.facebook.com\/people\/Ghostysky\/100057676170234\/\" \/>\n<meta property=\"article:modified_time\" content=\"2023-04-03T20:07:41+00:00\" \/>\n<meta property=\"og:image\" content=\"https:\/\/www.ghostysky.com\/wp-content\/uploads\/2023\/03\/Oukitel-WP17-1.webp\" \/>\n\t<meta property=\"og:image:width\" content=\"1500\" \/>\n\t<meta property=\"og:image:height\" content=\"1500\" \/>\n\t<meta property=\"og:image:type\" content=\"image\/webp\" \/>\n<meta name=\"twitter:card\" content=\"summary_large_image\" \/>\n<meta name=\"twitter:site\" content=\"@Gh0stysky\" \/>\n<meta name=\"twitter:label1\" content=\"Tempo estimado de leitura\" \/>\n\t<meta name=\"twitter:data1\" content=\"1 minuto\" \/>\n<script type=\"application\/ld+json\" class=\"yoast-schema-graph\">{\"@context\":\"https:\/\/schema.org\",\"@graph\":[{\"@type\":\"WebPage\",\"@id\":\"https:\/\/www.ghostysky.com\/product\/oukitel-wp17\/\",\"url\":\"https:\/\/www.ghostysky.com\/product\/oukitel-wp17\/\",\"name\":\"Oukitel WP17 - Ghostysky\",\"isPartOf\":{\"@id\":\"https:\/\/www.ghostysky.com\/#website\"},\"primaryImageOfPage\":{\"@id\":\"https:\/\/www.ghostysky.com\/product\/oukitel-wp17\/#primaryimage\"},\"image\":{\"@id\":\"https:\/\/www.ghostysky.com\/product\/oukitel-wp17\/#primaryimage\"},\"thumbnailUrl\":\"https:\/\/www.ghostysky.com\/wp-content\/uploads\/2023\/03\/Oukitel-WP17-1.webp\",\"datePublished\":\"2023-03-20T22:10:43+00:00\",\"dateModified\":\"2023-04-03T20:07:41+00:00\",\"description\":\"Oukitel WP17 is the latest 4G IP68 rugged smartphone that comes with an 8300mAh battery and a 20MP night vision camera. This mobile phone also has 64MP camera, 8GB RAM 128GB ROM of storage.\",\"breadcrumb\":{\"@id\":\"https:\/\/www.ghostysky.com\/product\/oukitel-wp17\/#breadcrumb\"},\"inLanguage\":\"pt-PT\",\"potentialAction\":[{\"@type\":\"ReadAction\",\"target\":[\"https:\/\/www.ghostysky.com\/product\/oukitel-wp17\/\"]}]},{\"@type\":\"ImageObject\",\"inLanguage\":\"pt-PT\",\"@id\":\"https:\/\/www.ghostysky.com\/product\/oukitel-wp17\/#primaryimage\",\"url\":\"https:\/\/www.ghostysky.com\/wp-content\/uploads\/2023\/03\/Oukitel-WP17-1.webp\",\"contentUrl\":\"https:\/\/www.ghostysky.com\/wp-content\/uploads\/2023\/03\/Oukitel-WP17-1.webp\",\"width\":1500,\"height\":1500},{\"@type\":\"BreadcrumbList\",\"@id\":\"https:\/\/www.ghostysky.com\/product\/oukitel-wp17\/#breadcrumb\",\"itemListElement\":[{\"@type\":\"ListItem\",\"position\":1,\"name\":\"Home\",\"item\":\"https:\/\/www.ghostysky.com\/\"},{\"@type\":\"ListItem\",\"position\":2,\"name\":\"Shop\",\"item\":\"https:\/\/www.ghostysky.com\/shop\/\"},{\"@type\":\"ListItem\",\"position\":3,\"name\":\"Oukitel WP17\"}]},{\"@type\":\"WebSite\",\"@id\":\"https:\/\/www.ghostysky.com\/#website\",\"url\":\"https:\/\/www.ghostysky.com\/\",\"name\":\"Ghostysky\",\"description\":\"Delivering professional drones and services\",\"publisher\":{\"@id\":\"https:\/\/www.ghostysky.com\/#organization\"},\"potentialAction\":[{\"@type\":\"SearchAction\",\"target\":{\"@type\":\"EntryPoint\",\"urlTemplate\":\"https:\/\/www.ghostysky.com\/?s={search_term_string}\"},\"query-input\":{\"@type\":\"PropertyValueSpecification\",\"valueRequired\":true,\"valueName\":\"search_term_string\"}}],\"inLanguage\":\"pt-PT\"},{\"@type\":\"Organization\",\"@id\":\"https:\/\/www.ghostysky.com\/#organization\",\"name\":\"Ghostysky\",\"url\":\"https:\/\/www.ghostysky.com\/\",\"logo\":{\"@type\":\"ImageObject\",\"inLanguage\":\"pt-PT\",\"@id\":\"https:\/\/www.ghostysky.com\/#\/schema\/logo\/image\/\",\"url\":\"https:\/\/www.ghostysky.com\/wp-content\/uploads\/2020\/06\/cropped-ghostyskylogo_text_white2.png\",\"contentUrl\":\"https:\/\/www.ghostysky.com\/wp-content\/uploads\/2020\/06\/cropped-ghostyskylogo_text_white2.png\",\"width\":169,\"height\":56,\"caption\":\"Ghostysky\"},\"image\":{\"@id\":\"https:\/\/www.ghostysky.com\/#\/schema\/logo\/image\/\"},\"sameAs\":[\"https:\/\/www.facebook.com\/people\/Ghostysky\/100057676170234\/\",\"https:\/\/x.com\/Gh0stysky\",\"https:\/\/www.linkedin.com\/company\/34739653\",\"https:\/\/www.instagram.com\/gh0stysky\"]}]}<\/script>\n<!-- \/ Yoast SEO plugin. -->","yoast_head_json":{"title":"Oukitel WP17 - Ghostysky","description":"Oukitel WP17 \u00e9 o mais recente smartphone robusto 4G IP68 que vem com bateria de 8300mAh e c\u00e2mera de vis\u00e3o noturna de 20MP. Este celular tamb\u00e9m possui c\u00e2mera de 64 MP, 8 GB de RAM e ROM de 128 GB de armazenamento.","robots":{"index":"index","follow":"follow","max-snippet":"max-snippet:-1","max-image-preview":"max-image-preview:large","max-video-preview":"max-video-preview:-1"},"canonical":"https:\/\/www.ghostysky.com\/pt\/produto-2\/oukitel-wp17\/","og_locale":"pt_PT","og_type":"article","og_title":"Oukitel WP17 - Ghostysky","og_description":"Oukitel WP17 is the latest 4G IP68 rugged smartphone that comes with an 8300mAh battery and a 20MP night vision camera. This mobile phone also has 64MP camera, 8GB RAM 128GB ROM of storage.","og_url":"https:\/\/www.ghostysky.com\/pt\/produto-2\/oukitel-wp17\/","og_site_name":"Ghostysky","article_publisher":"https:\/\/www.facebook.com\/people\/Ghostysky\/100057676170234\/","article_modified_time":"2023-04-03T20:07:41+00:00","og_image":[{"width":1500,"height":1500,"url":"https:\/\/www.ghostysky.com\/wp-content\/uploads\/2023\/03\/Oukitel-WP17-1.webp","type":"image\/webp"}],"twitter_card":"summary_large_image","twitter_site":"@Gh0stysky","twitter_misc":{"Tempo estimado de leitura":"1 minuto"},"schema":{"@context":"https:\/\/schema.org","@graph":[{"@type":"WebPage","@id":"https:\/\/www.ghostysky.com\/product\/oukitel-wp17\/","url":"https:\/\/www.ghostysky.com\/product\/oukitel-wp17\/","name":"Oukitel WP17 - Ghostysky","isPartOf":{"@id":"https:\/\/www.ghostysky.com\/#website"},"primaryImageOfPage":{"@id":"https:\/\/www.ghostysky.com\/product\/oukitel-wp17\/#primaryimage"},"image":{"@id":"https:\/\/www.ghostysky.com\/product\/oukitel-wp17\/#primaryimage"},"thumbnailUrl":"https:\/\/www.ghostysky.com\/wp-content\/uploads\/2023\/03\/Oukitel-WP17-1.webp","datePublished":"2023-03-20T22:10:43+00:00","dateModified":"2023-04-03T20:07:41+00:00","description":"Oukitel WP17 \u00e9 o mais recente smartphone robusto 4G IP68 que vem com bateria de 8300mAh e c\u00e2mera de vis\u00e3o noturna de 20MP. Este celular tamb\u00e9m possui c\u00e2mera de 64 MP, 8 GB de RAM e ROM de 128 GB de armazenamento.","breadcrumb":{"@id":"https:\/\/www.ghostysky.com\/product\/oukitel-wp17\/#breadcrumb"},"inLanguage":"pt-PT","potentialAction":[{"@type":"ReadAction","target":["https:\/\/www.ghostysky.com\/product\/oukitel-wp17\/"]}]},{"@type":"ImageObject","inLanguage":"pt-PT","@id":"https:\/\/www.ghostysky.com\/product\/oukitel-wp17\/#primaryimage","url":"https:\/\/www.ghostysky.com\/wp-content\/uploads\/2023\/03\/Oukitel-WP17-1.webp","contentUrl":"https:\/\/www.ghostysky.com\/wp-content\/uploads\/2023\/03\/Oukitel-WP17-1.webp","width":1500,"height":1500},{"@type":"BreadcrumbList","@id":"https:\/\/www.ghostysky.com\/product\/oukitel-wp17\/#breadcrumb","itemListElement":[{"@type":"ListItem","position":1,"name":"Home","item":"https:\/\/www.ghostysky.com\/"},{"@type":"ListItem","position":2,"name":"Shop","item":"https:\/\/www.ghostysky.com\/shop\/"},{"@type":"ListItem","position":3,"name":"Oukitel WP17"}]},{"@type":"WebSite","@id":"https:\/\/www.ghostysky.com\/#website","url":"https:\/\/www.ghostysky.com\/","name":"Ghostysky","description":"Fornecendo drones e servi\u00e7os profissionais","publisher":{"@id":"https:\/\/www.ghostysky.com\/#organization"},"potentialAction":[{"@type":"SearchAction","target":{"@type":"EntryPoint","urlTemplate":"https:\/\/www.ghostysky.com\/?s={search_term_string}"},"query-input":{"@type":"PropertyValueSpecification","valueRequired":true,"valueName":"search_term_string"}}],"inLanguage":"pt-PT"},{"@type":"Organization","@id":"https:\/\/www.ghostysky.com\/#organization","name":"Ghostysky","url":"https:\/\/www.ghostysky.com\/","logo":{"@type":"ImageObject","inLanguage":"pt-PT","@id":"https:\/\/www.ghostysky.com\/#\/schema\/logo\/image\/","url":"https:\/\/www.ghostysky.com\/wp-content\/uploads\/2020\/06\/cropped-ghostyskylogo_text_white2.png","contentUrl":"https:\/\/www.ghostysky.com\/wp-content\/uploads\/2020\/06\/cropped-ghostyskylogo_text_white2.png","width":169,"height":56,"caption":"Ghostysky"},"image":{"@id":"https:\/\/www.ghostysky.com\/#\/schema\/logo\/image\/"},"sameAs":["https:\/\/www.facebook.com\/people\/Ghostysky\/100057676170234\/","https:\/\/x.com\/Gh0stysky","https:\/\/www.linkedin.com\/company\/34739653","https:\/\/www.instagram.com\/gh0stysky"]}]}},"_links":{"self":[{"href":"https:\/\/www.ghostysky.com\/pt\/wp-json\/wp\/v2\/product\/11230","targetHints":{"allow":["GET"]}}],"collection":[{"href":"https:\/\/www.ghostysky.com\/pt\/wp-json\/wp\/v2\/product"}],"about":[{"href":"https:\/\/www.ghostysky.com\/pt\/wp-json\/wp\/v2\/types\/product"}],"replies":[{"embeddable":true,"href":"https:\/\/www.ghostysky.com\/pt\/wp-json\/wp\/v2\/comments?post=11230"}],"wp:featuredmedia":[{"embeddable":true,"href":"https:\/\/www.ghostysky.com\/pt\/wp-json\/wp\/v2\/media\/11231"}],"wp:attachment":[{"href":"https:\/\/www.ghostysky.com\/pt\/wp-json\/wp\/v2\/media?parent=11230"}],"wp:term":[{"taxonomy":"product_brand","embeddable":true,"href":"https:\/\/www.ghostysky.com\/pt\/wp-json\/wp\/v2\/product_brand?post=11230"},{"taxonomy":"product_cat","embeddable":true,"href":"https:\/\/www.ghostysky.com\/pt\/wp-json\/wp\/v2\/product_cat?post=11230"},{"taxonomy":"product_tag","embeddable":true,"href":"https:\/\/www.ghostysky.com\/pt\/wp-json\/wp\/v2\/product_tag?post=11230"}],"curies":[{"name":"wp","href":"https:\/\/api.w.org\/{rel}","templated":true}]}}