{"id":11235,"date":"2023-03-20T22:24:17","date_gmt":"2023-03-20T22:24:17","guid":{"rendered":"https:\/\/www.ghostysky.com\/?post_type=product&#038;p=11235"},"modified":"2023-04-03T20:07:31","modified_gmt":"2023-04-03T20:07:31","slug":"oukitel-wp22","status":"publish","type":"product","link":"https:\/\/www.ghostysky.com\/pt\/product\/oukitel-wp22\/","title":{"rendered":"Oukitel WP22"},"content":{"rendered":"<h3 class=\"a-spacing-mini\">Especifica\u00e7\u00f5es<\/h3>\n<ul class=\"a-unordered-list a-vertical\">\n<li>Modelo: Oukitel WP22<\/li>\n<li>Cor: Preto<\/li>\n<li>Dimens\u00f5es: 174mm x 83.5mm x19mm<\/li>\n<li>Peso: cerca de 398g<\/li>\n<li>Processador: MTK Helio P90<\/li>\n<li>SO: Android 13<\/li>\n<li>RAM: 8 GB<\/li>\n<li>Rom: 256GB<\/li>\n<li>SIM: Cart\u00e3o duplo nano ou cart\u00e3o nano + cart\u00e3o T<\/li>\n<li>Tamanho ecr\u00e3: 6.58\u201cFHD+ Display<\/li>\n<li>Resolu\u00e7\u00e3o: 2408*1080<\/li>\n<li>Propor\u00e7\u00e3o ecr\u00e3: 20.5:9<\/li>\n<li>Taxa de refrescamento: 90Hz<\/li>\n<li>C\u00e2mera frontal: 16MP<\/li>\n<li>C\u00e2mera traseira: C\u00e2mera principal de 48MP + c\u00e2mera de vis\u00e3o noturna de 20MP + c\u00e2mera macro de 2MP<\/li>\n<li>Bateria: 10000mAh<\/li>\n<li>Carregamento Reverso: Sim, suportado<\/li>\n<li>Bluetooth: BT5.0<\/li>\n<li>Outras caracter\u00edsticas: NFC, Google Play, Face ID, SOS e tamb\u00e9m OTG<\/li>\n<li>Constela\u00e7\u00f5es: GPS, Glonass, Beidou e tamb\u00e9m Galileo<\/li>\n<\/ul>\n<h3>NA CAIXA<\/h3>\n<ul>\n<li>1x Smartphone resistente WP22 x1<\/li>\n<li>1x Cabo Tipo-C x1<\/li>\n<li>1x Carregador de energia x1<\/li>\n<li>1x Manual do utilisador x1<\/li>\n<li>1x Cart\u00e3o de garantia x1<\/li>\n<\/ul>","protected":false},"excerpt":{"rendered":"<p>O smartphone Oukitel WP22 (WP22) foi lan\u00e7ado em 2023. \u00c9 alimentado pelo chipset Mediatek Helio P90, tem 8 GB de RAM e 256 GB de armazenamento interno. O Oukitel WP22 funciona com o sistema operativo Android OS v13.0 desde a sua compra. Vem com uma bateria Li-Po de 10000 mAh n\u00e3o remov\u00edvel. Possui uma tela IPS de 6,58 polegadas com resolu\u00e7\u00e3o de 1080 x 2408 px. A tecnologia IPS \u00e9 uma das tecnologias de LCD l\u00edderes no mundo.<\/p>","protected":false},"featured_media":11238,"comment_status":"open","ping_status":"closed","template":"","meta":[],"product_brand":[],"product_cat":[461,506],"product_tag":[509,508],"class_list":{"0":"post-11235","1":"product","2":"type-product","3":"status-publish","4":"has-post-thumbnail","6":"product_cat-accessories-2","7":"product_cat-smartphones-tablets","8":"product_tag-oukitel-wp22","9":"product_tag-smartphonetablet","11":"first","12":"onbackorder","13":"taxable","14":"shipping-taxable","15":"product-type-simple"},"yoast_head":"<!-- This site is optimized with the Yoast SEO plugin v27.1.1 - https:\/\/yoast.com\/product\/yoast-seo-wordpress\/ -->\n<title>Oukitel WP22 - Ghostysky<\/title>\n<meta name=\"description\" content=\"The Oukitel WP22 (WP22) smartphone released in 2023. It is powered by Mediatek Helio P90 chipset, 8 GB of RAM and 256 GB of internal storage.\" \/>\n<meta name=\"robots\" content=\"index, follow, max-snippet:-1, max-image-preview:large, max-video-preview:-1\" \/>\n<link rel=\"canonical\" href=\"https:\/\/www.ghostysky.com\/pt\/produto-2\/oukitel-wp22\/\" \/>\n<meta property=\"og:locale\" content=\"pt_PT\" \/>\n<meta property=\"og:type\" content=\"article\" \/>\n<meta property=\"og:title\" content=\"Oukitel WP22 - Ghostysky\" \/>\n<meta property=\"og:description\" content=\"The Oukitel WP22 (WP22) smartphone released in 2023. It is powered by Mediatek Helio P90 chipset, 8 GB of RAM and 256 GB of internal storage.\" \/>\n<meta property=\"og:url\" content=\"https:\/\/www.ghostysky.com\/pt\/produto-2\/oukitel-wp22\/\" \/>\n<meta property=\"og:site_name\" content=\"Ghostysky\" \/>\n<meta property=\"article:publisher\" content=\"https:\/\/www.facebook.com\/people\/Ghostysky\/100057676170234\/\" \/>\n<meta property=\"article:modified_time\" content=\"2023-04-03T20:07:31+00:00\" \/>\n<meta property=\"og:image\" content=\"https:\/\/www.ghostysky.com\/wp-content\/uploads\/2023\/03\/Oukitel-WP22-1.jpg\" \/>\n\t<meta property=\"og:image:width\" content=\"800\" \/>\n\t<meta property=\"og:image:height\" content=\"800\" \/>\n\t<meta property=\"og:image:type\" content=\"image\/jpeg\" \/>\n<meta name=\"twitter:card\" content=\"summary_large_image\" \/>\n<meta name=\"twitter:site\" content=\"@Gh0stysky\" \/>\n<meta name=\"twitter:label1\" content=\"Tempo estimado de leitura\" \/>\n\t<meta name=\"twitter:data1\" content=\"1 minuto\" \/>\n<script type=\"application\/ld+json\" class=\"yoast-schema-graph\">{\"@context\":\"https:\/\/schema.org\",\"@graph\":[{\"@type\":\"WebPage\",\"@id\":\"https:\/\/www.ghostysky.com\/product\/oukitel-wp22\/\",\"url\":\"https:\/\/www.ghostysky.com\/product\/oukitel-wp22\/\",\"name\":\"Oukitel WP22 - Ghostysky\",\"isPartOf\":{\"@id\":\"https:\/\/www.ghostysky.com\/#website\"},\"primaryImageOfPage\":{\"@id\":\"https:\/\/www.ghostysky.com\/product\/oukitel-wp22\/#primaryimage\"},\"image\":{\"@id\":\"https:\/\/www.ghostysky.com\/product\/oukitel-wp22\/#primaryimage\"},\"thumbnailUrl\":\"https:\/\/www.ghostysky.com\/wp-content\/uploads\/2023\/03\/Oukitel-WP22-1.jpg\",\"datePublished\":\"2023-03-20T22:24:17+00:00\",\"dateModified\":\"2023-04-03T20:07:31+00:00\",\"description\":\"The Oukitel WP22 (WP22) smartphone released in 2023. It is powered by Mediatek Helio P90 chipset, 8 GB of RAM and 256 GB of internal storage.\",\"breadcrumb\":{\"@id\":\"https:\/\/www.ghostysky.com\/product\/oukitel-wp22\/#breadcrumb\"},\"inLanguage\":\"pt-PT\",\"potentialAction\":[{\"@type\":\"ReadAction\",\"target\":[\"https:\/\/www.ghostysky.com\/product\/oukitel-wp22\/\"]}]},{\"@type\":\"ImageObject\",\"inLanguage\":\"pt-PT\",\"@id\":\"https:\/\/www.ghostysky.com\/product\/oukitel-wp22\/#primaryimage\",\"url\":\"https:\/\/www.ghostysky.com\/wp-content\/uploads\/2023\/03\/Oukitel-WP22-1.jpg\",\"contentUrl\":\"https:\/\/www.ghostysky.com\/wp-content\/uploads\/2023\/03\/Oukitel-WP22-1.jpg\",\"width\":800,\"height\":800},{\"@type\":\"BreadcrumbList\",\"@id\":\"https:\/\/www.ghostysky.com\/product\/oukitel-wp22\/#breadcrumb\",\"itemListElement\":[{\"@type\":\"ListItem\",\"position\":1,\"name\":\"Home\",\"item\":\"https:\/\/www.ghostysky.com\/\"},{\"@type\":\"ListItem\",\"position\":2,\"name\":\"Shop\",\"item\":\"https:\/\/www.ghostysky.com\/shop\/\"},{\"@type\":\"ListItem\",\"position\":3,\"name\":\"Oukitel WP22\"}]},{\"@type\":\"WebSite\",\"@id\":\"https:\/\/www.ghostysky.com\/#website\",\"url\":\"https:\/\/www.ghostysky.com\/\",\"name\":\"Ghostysky\",\"description\":\"Delivering professional drones and services\",\"publisher\":{\"@id\":\"https:\/\/www.ghostysky.com\/#organization\"},\"potentialAction\":[{\"@type\":\"SearchAction\",\"target\":{\"@type\":\"EntryPoint\",\"urlTemplate\":\"https:\/\/www.ghostysky.com\/?s={search_term_string}\"},\"query-input\":{\"@type\":\"PropertyValueSpecification\",\"valueRequired\":true,\"valueName\":\"search_term_string\"}}],\"inLanguage\":\"pt-PT\"},{\"@type\":\"Organization\",\"@id\":\"https:\/\/www.ghostysky.com\/#organization\",\"name\":\"Ghostysky\",\"url\":\"https:\/\/www.ghostysky.com\/\",\"logo\":{\"@type\":\"ImageObject\",\"inLanguage\":\"pt-PT\",\"@id\":\"https:\/\/www.ghostysky.com\/#\/schema\/logo\/image\/\",\"url\":\"https:\/\/www.ghostysky.com\/wp-content\/uploads\/2020\/06\/cropped-ghostyskylogo_text_white2.png\",\"contentUrl\":\"https:\/\/www.ghostysky.com\/wp-content\/uploads\/2020\/06\/cropped-ghostyskylogo_text_white2.png\",\"width\":169,\"height\":56,\"caption\":\"Ghostysky\"},\"image\":{\"@id\":\"https:\/\/www.ghostysky.com\/#\/schema\/logo\/image\/\"},\"sameAs\":[\"https:\/\/www.facebook.com\/people\/Ghostysky\/100057676170234\/\",\"https:\/\/x.com\/Gh0stysky\",\"https:\/\/www.linkedin.com\/company\/34739653\",\"https:\/\/www.instagram.com\/gh0stysky\"]}]}<\/script>\n<!-- \/ Yoast SEO plugin. -->","yoast_head_json":{"title":"Oukitel WP22 - Ghostysky","description":"O smartphone Oukitel WP22 (WP22) lan\u00e7ado em 2023. \u00c9 alimentado pelo chipset Mediatek Helio P90, 8 GB de RAM e 256 GB de armazenamento interno.","robots":{"index":"index","follow":"follow","max-snippet":"max-snippet:-1","max-image-preview":"max-image-preview:large","max-video-preview":"max-video-preview:-1"},"canonical":"https:\/\/www.ghostysky.com\/pt\/produto-2\/oukitel-wp22\/","og_locale":"pt_PT","og_type":"article","og_title":"Oukitel WP22 - Ghostysky","og_description":"The Oukitel WP22 (WP22) smartphone released in 2023. It is powered by Mediatek Helio P90 chipset, 8 GB of RAM and 256 GB of internal storage.","og_url":"https:\/\/www.ghostysky.com\/pt\/produto-2\/oukitel-wp22\/","og_site_name":"Ghostysky","article_publisher":"https:\/\/www.facebook.com\/people\/Ghostysky\/100057676170234\/","article_modified_time":"2023-04-03T20:07:31+00:00","og_image":[{"width":800,"height":800,"url":"https:\/\/www.ghostysky.com\/wp-content\/uploads\/2023\/03\/Oukitel-WP22-1.jpg","type":"image\/jpeg"}],"twitter_card":"summary_large_image","twitter_site":"@Gh0stysky","twitter_misc":{"Tempo estimado de leitura":"1 minuto"},"schema":{"@context":"https:\/\/schema.org","@graph":[{"@type":"WebPage","@id":"https:\/\/www.ghostysky.com\/product\/oukitel-wp22\/","url":"https:\/\/www.ghostysky.com\/product\/oukitel-wp22\/","name":"Oukitel WP22 - Ghostysky","isPartOf":{"@id":"https:\/\/www.ghostysky.com\/#website"},"primaryImageOfPage":{"@id":"https:\/\/www.ghostysky.com\/product\/oukitel-wp22\/#primaryimage"},"image":{"@id":"https:\/\/www.ghostysky.com\/product\/oukitel-wp22\/#primaryimage"},"thumbnailUrl":"https:\/\/www.ghostysky.com\/wp-content\/uploads\/2023\/03\/Oukitel-WP22-1.jpg","datePublished":"2023-03-20T22:24:17+00:00","dateModified":"2023-04-03T20:07:31+00:00","description":"O smartphone Oukitel WP22 (WP22) lan\u00e7ado em 2023. \u00c9 alimentado pelo chipset Mediatek Helio P90, 8 GB de RAM e 256 GB de armazenamento interno.","breadcrumb":{"@id":"https:\/\/www.ghostysky.com\/product\/oukitel-wp22\/#breadcrumb"},"inLanguage":"pt-PT","potentialAction":[{"@type":"ReadAction","target":["https:\/\/www.ghostysky.com\/product\/oukitel-wp22\/"]}]},{"@type":"ImageObject","inLanguage":"pt-PT","@id":"https:\/\/www.ghostysky.com\/product\/oukitel-wp22\/#primaryimage","url":"https:\/\/www.ghostysky.com\/wp-content\/uploads\/2023\/03\/Oukitel-WP22-1.jpg","contentUrl":"https:\/\/www.ghostysky.com\/wp-content\/uploads\/2023\/03\/Oukitel-WP22-1.jpg","width":800,"height":800},{"@type":"BreadcrumbList","@id":"https:\/\/www.ghostysky.com\/product\/oukitel-wp22\/#breadcrumb","itemListElement":[{"@type":"ListItem","position":1,"name":"Home","item":"https:\/\/www.ghostysky.com\/"},{"@type":"ListItem","position":2,"name":"Shop","item":"https:\/\/www.ghostysky.com\/shop\/"},{"@type":"ListItem","position":3,"name":"Oukitel WP22"}]},{"@type":"WebSite","@id":"https:\/\/www.ghostysky.com\/#website","url":"https:\/\/www.ghostysky.com\/","name":"Ghostysky","description":"Fornecendo drones e servi\u00e7os profissionais","publisher":{"@id":"https:\/\/www.ghostysky.com\/#organization"},"potentialAction":[{"@type":"SearchAction","target":{"@type":"EntryPoint","urlTemplate":"https:\/\/www.ghostysky.com\/?s={search_term_string}"},"query-input":{"@type":"PropertyValueSpecification","valueRequired":true,"valueName":"search_term_string"}}],"inLanguage":"pt-PT"},{"@type":"Organization","@id":"https:\/\/www.ghostysky.com\/#organization","name":"Ghostysky","url":"https:\/\/www.ghostysky.com\/","logo":{"@type":"ImageObject","inLanguage":"pt-PT","@id":"https:\/\/www.ghostysky.com\/#\/schema\/logo\/image\/","url":"https:\/\/www.ghostysky.com\/wp-content\/uploads\/2020\/06\/cropped-ghostyskylogo_text_white2.png","contentUrl":"https:\/\/www.ghostysky.com\/wp-content\/uploads\/2020\/06\/cropped-ghostyskylogo_text_white2.png","width":169,"height":56,"caption":"Ghostysky"},"image":{"@id":"https:\/\/www.ghostysky.com\/#\/schema\/logo\/image\/"},"sameAs":["https:\/\/www.facebook.com\/people\/Ghostysky\/100057676170234\/","https:\/\/x.com\/Gh0stysky","https:\/\/www.linkedin.com\/company\/34739653","https:\/\/www.instagram.com\/gh0stysky"]}]}},"_links":{"self":[{"href":"https:\/\/www.ghostysky.com\/pt\/wp-json\/wp\/v2\/product\/11235","targetHints":{"allow":["GET"]}}],"collection":[{"href":"https:\/\/www.ghostysky.com\/pt\/wp-json\/wp\/v2\/product"}],"about":[{"href":"https:\/\/www.ghostysky.com\/pt\/wp-json\/wp\/v2\/types\/product"}],"replies":[{"embeddable":true,"href":"https:\/\/www.ghostysky.com\/pt\/wp-json\/wp\/v2\/comments?post=11235"}],"wp:featuredmedia":[{"embeddable":true,"href":"https:\/\/www.ghostysky.com\/pt\/wp-json\/wp\/v2\/media\/11238"}],"wp:attachment":[{"href":"https:\/\/www.ghostysky.com\/pt\/wp-json\/wp\/v2\/media?parent=11235"}],"wp:term":[{"taxonomy":"product_brand","embeddable":true,"href":"https:\/\/www.ghostysky.com\/pt\/wp-json\/wp\/v2\/product_brand?post=11235"},{"taxonomy":"product_cat","embeddable":true,"href":"https:\/\/www.ghostysky.com\/pt\/wp-json\/wp\/v2\/product_cat?post=11235"},{"taxonomy":"product_tag","embeddable":true,"href":"https:\/\/www.ghostysky.com\/pt\/wp-json\/wp\/v2\/product_tag?post=11235"}],"curies":[{"name":"wp","href":"https:\/\/api.w.org\/{rel}","templated":true}]}}