{"id":11295,"date":"2023-03-27T16:44:57","date_gmt":"2023-03-27T16:44:57","guid":{"rendered":"https:\/\/www.ghostysky.com\/?post_type=product&#038;p=11295"},"modified":"2024-05-25T08:40:30","modified_gmt":"2024-05-25T08:40:30","slug":"d-rtk-2-high-precision-gnss-mobile-station","status":"publish","type":"product","link":"https:\/\/www.ghostysky.com\/pt\/product\/d-rtk-2-high-precision-gnss-mobile-station\/","title":{"rendered":"Esta\u00e7\u00e3o m\u00f3vel de GNSS de alta precis\u00e3o D-RTK 2."},"content":{"rendered":"<div class=\"temp-specs-tr\">\n<h3 class=\"temp-specs-td name\"><strong>Vis\u00e3o geral<\/strong><\/h3>\n<div class=\"temp-specs-td value\">\n<p>Obtenha uma precis\u00e3o relativa melhorada com dados de posicionamento de precis\u00e3o de n\u00edvel de cent\u00edmetros usando a Esta\u00e7\u00e3o m\u00f3vel de GNSS de alta precis\u00e3o D-RTK 2, que suporta todos os principais sistemas globais de navega\u00e7\u00e3o por sat\u00e9lite e fornece corre\u00e7\u00f5es diferenciais em tempo real.<\/p>\n<\/div>\n<\/div>\n<div class=\"temp-specs-tr\">\n<h3 class=\"temp-specs-td name\">Destaques<\/h3>\n<div class=\"temp-specs-td value\">\n<ul>\n<li>Suporta: GPS: L1 C\/A, L2, L5; BEIDOU: B1, B2, B3; GLONASS: F1, F2; Galileo: E1, E5A, E5B<\/li>\n<li>Conecte m\u00faltiplos drones para realizar opera\u00e7\u00f5es coordenadas<\/li>\n<li>Prote\u00e7\u00e3o contra ingresso de \u00e1gua e poeira com classifica\u00e7\u00e3o IP65<\/li>\n<\/ul>\n<\/div>\n<\/div>\n<div class=\"temp-specs-tr\">\n<h3 class=\"temp-specs-td name\">Na caixa<\/h3>\n<div class=\"temp-specs-td value\">\n<ul>\n<li>Receptor D-RTK 2 \u00d7 1<\/li>\n<li>Extens\u00e3o Rod \u00d7 1<\/li>\n<li>Hub de carregamento \u00d7 1<\/li>\n<li>Adaptador de corrente AC \u00d7 1.<\/li>\n<li>Bateria Inteligente (WB37) x 1<\/li>\n<li>Tampa da bateria \u00d7 1<\/li>\n<li>Cabo de alimenta\u00e7\u00e3o CA \u00d7 1<\/li>\n<li>Cabo USB-C \u00d7 1<\/li>\n<li>Cabo USB-C OTG \u00d7 1<\/li>\n<li>Chave hexagonal \u00d7 1<\/li>\n<\/ul>\n<\/div>\n<\/div>\n<div class=\"temp-specs-tr\">\n<h3 class=\"temp-specs-td name\">Especifica\u00e7\u00f5es<\/h3>\n<div class=\"temp-specs-td value\">\n<ul>\n<li>Recebe simultaneamente: GPS: L1 C\/A, L2, L5; BEIDOU: B1, B2, B3; GLONASS: F1, F2; Galileo: E1, E5A, E5B.<\/li>\n<\/ul>\n<ul>\n<li>Precis\u00e3o de posicionamento:\n<ul>\n<li>Ponto \u00fanico<\/li>\n<li>Horizontal: 1,5 m (RMS)<\/li>\n<li>Vertical: 3,0 m (RMS)<\/li>\n<\/ul>\n<\/li>\n<\/ul>\n<ul>\n<li style=\"list-style-type: none;\">\n<ul>\n<li>RTK<\/li>\n<li>Horizontal: 1 cm + 1 ppm (RMS)<\/li>\n<li>Vertical: 2 cm + 1 ppm (RMS)<\/li>\n<li>1 ppm: Para cada aumento de 1 km na dist\u00e2ncia, a precis\u00e3o ser\u00e1 reduzida em 1 mm. Por exemplo, a precis\u00e3o horizontal \u00e9 de 1,1 cm quando o receptor est\u00e1 a 1 km de dist\u00e2ncia da esta\u00e7\u00e3o base.<\/li>\n<\/ul>\n<\/li>\n<\/ul>\n<ul>\n<li>Classifica\u00e7\u00e3o de prote\u00e7\u00e3o contra ingresso de \u00e1gua e poeira: IP65<\/li>\n<li>Temperatura de opera\u00e7\u00e3o: -20\u00b0 a 55\u00b0 C (4\u00b0 a 131\u00b0 F)<\/li>\n<\/ul>\n<\/div>\n<\/div>","protected":false},"excerpt":{"rendered":"<ul>\n<li>Suporta: GPS: L1 C\/A, L2, L5; BEIDOU: B1, B2, B3; GLONASS: F1, F2; Galileo: E1, E5A, E5B<\/li>\n<li>Conecte m\u00faltiplos drones para realizar opera\u00e7\u00f5es coordenadas<\/li>\n<li>Prote\u00e7\u00e3o contra ingresso de \u00e1gua e poeira com classifica\u00e7\u00e3o IP65<\/li>\n<\/ul>","protected":false},"featured_media":11296,"comment_status":"open","ping_status":"closed","template":"","meta":[],"product_brand":[],"product_cat":[622,300,430,302,37],"product_tag":[515],"class_list":{"0":"post-11295","1":"product","2":"type-product","3":"status-publish","4":"has-post-thumbnail","6":"product_cat-matrice-350-accessories","7":"product_cat-accessories-dji-mavic2","8":"product_cat-accessories-dji-mavic3-ent","9":"product_cat-accessories-dji-pahn-4-rtk","10":"product_cat-dji","11":"product_tag-d-rtk2","13":"first","14":"onbackorder","15":"taxable","16":"shipping-taxable","17":"purchasable","18":"product-type-simple"},"yoast_head":"<!-- This site is optimized with the Yoast SEO plugin v27.4 - https:\/\/yoast.com\/product\/yoast-seo-wordpress\/ -->\n<title>D-RTK 2 High Precision GNSS Mobile Station -<\/title>\n<meta name=\"description\" content=\"Supports: GPS: L1 C\/A, L2, L5; BEIDOU: B1, B2, B3; GLONASS: F1, F2; Galileo: E1, E5A, E5BConnect multiple drones to conduct coordinated operationsIP65 Ingress Protection\" \/>\n<meta name=\"robots\" content=\"index, follow, max-snippet:-1, max-image-preview:large, max-video-preview:-1\" \/>\n<link rel=\"canonical\" href=\"https:\/\/www.ghostysky.com\/pt\/produto-2\/d-rtk-2-high-precision-gnss-mobile-station\/\" \/>\n<meta property=\"og:locale\" content=\"pt_PT\" \/>\n<meta property=\"og:type\" content=\"article\" \/>\n<meta property=\"og:title\" content=\"D-RTK 2 High Precision GNSS Mobile Station -\" \/>\n<meta property=\"og:description\" content=\"Supports: GPS: L1 C\/A, L2, L5; BEIDOU: B1, B2, B3; GLONASS: F1, F2; Galileo: E1, E5A, E5BConnect multiple drones to conduct coordinated operationsIP65 Ingress Protection\" \/>\n<meta property=\"og:url\" content=\"https:\/\/www.ghostysky.com\/pt\/produto-2\/d-rtk-2-high-precision-gnss-mobile-station\/\" \/>\n<meta property=\"og:site_name\" content=\"Ghostysky\" \/>\n<meta property=\"article:publisher\" content=\"https:\/\/www.facebook.com\/people\/Ghostysky\/100057676170234\/\" \/>\n<meta property=\"article:modified_time\" content=\"2024-05-25T08:40:30+00:00\" \/>\n<meta property=\"og:image\" content=\"https:\/\/www.ghostysky.com\/wp-content\/uploads\/2023\/03\/dji-d-rtk-2-high-precision-gnss-3.jpg\" \/>\n\t<meta property=\"og:image:width\" content=\"800\" \/>\n\t<meta property=\"og:image:height\" content=\"800\" \/>\n\t<meta property=\"og:image:type\" content=\"image\/jpeg\" \/>\n<meta name=\"twitter:card\" content=\"summary_large_image\" \/>\n<meta name=\"twitter:site\" content=\"@Gh0stysky\" \/>\n<meta name=\"twitter:label1\" content=\"Tempo estimado de leitura\" \/>\n\t<meta name=\"twitter:data1\" content=\"2 minutos\" \/>\n<script type=\"application\/ld+json\" class=\"yoast-schema-graph\">{\"@context\":\"https:\\\/\\\/schema.org\",\"@graph\":[{\"@type\":\"WebPage\",\"@id\":\"https:\\\/\\\/www.ghostysky.com\\\/product\\\/d-rtk-2-high-precision-gnss-mobile-station\\\/\",\"url\":\"https:\\\/\\\/www.ghostysky.com\\\/product\\\/d-rtk-2-high-precision-gnss-mobile-station\\\/\",\"name\":\"D-RTK 2 High Precision GNSS Mobile Station -\",\"isPartOf\":{\"@id\":\"https:\\\/\\\/www.ghostysky.com\\\/#website\"},\"primaryImageOfPage\":{\"@id\":\"https:\\\/\\\/www.ghostysky.com\\\/product\\\/d-rtk-2-high-precision-gnss-mobile-station\\\/#primaryimage\"},\"image\":{\"@id\":\"https:\\\/\\\/www.ghostysky.com\\\/product\\\/d-rtk-2-high-precision-gnss-mobile-station\\\/#primaryimage\"},\"thumbnailUrl\":\"https:\\\/\\\/www.ghostysky.com\\\/wp-content\\\/uploads\\\/2023\\\/03\\\/dji-d-rtk-2-high-precision-gnss-3.jpg\",\"datePublished\":\"2023-03-27T16:44:57+00:00\",\"dateModified\":\"2024-05-25T08:40:30+00:00\",\"description\":\"Supports: GPS: L1 C\\\/A, L2, L5; BEIDOU: B1, B2, B3; GLONASS: F1, F2; Galileo: E1, E5A, E5BConnect multiple drones to conduct coordinated operationsIP65 Ingress Protection\",\"breadcrumb\":{\"@id\":\"https:\\\/\\\/www.ghostysky.com\\\/product\\\/d-rtk-2-high-precision-gnss-mobile-station\\\/#breadcrumb\"},\"inLanguage\":\"pt-PT\",\"potentialAction\":[{\"@type\":\"ReadAction\",\"target\":[\"https:\\\/\\\/www.ghostysky.com\\\/product\\\/d-rtk-2-high-precision-gnss-mobile-station\\\/\"]}]},{\"@type\":\"ImageObject\",\"inLanguage\":\"pt-PT\",\"@id\":\"https:\\\/\\\/www.ghostysky.com\\\/product\\\/d-rtk-2-high-precision-gnss-mobile-station\\\/#primaryimage\",\"url\":\"https:\\\/\\\/www.ghostysky.com\\\/wp-content\\\/uploads\\\/2023\\\/03\\\/dji-d-rtk-2-high-precision-gnss-3.jpg\",\"contentUrl\":\"https:\\\/\\\/www.ghostysky.com\\\/wp-content\\\/uploads\\\/2023\\\/03\\\/dji-d-rtk-2-high-precision-gnss-3.jpg\",\"width\":800,\"height\":800},{\"@type\":\"BreadcrumbList\",\"@id\":\"https:\\\/\\\/www.ghostysky.com\\\/product\\\/d-rtk-2-high-precision-gnss-mobile-station\\\/#breadcrumb\",\"itemListElement\":[{\"@type\":\"ListItem\",\"position\":1,\"name\":\"Home\",\"item\":\"https:\\\/\\\/www.ghostysky.com\\\/\"},{\"@type\":\"ListItem\",\"position\":2,\"name\":\"Shop\",\"item\":\"https:\\\/\\\/www.ghostysky.com\\\/shop\\\/\"},{\"@type\":\"ListItem\",\"position\":3,\"name\":\"D-RTK 2 High Precision GNSS Mobile Station\"}]},{\"@type\":\"WebSite\",\"@id\":\"https:\\\/\\\/www.ghostysky.com\\\/#website\",\"url\":\"https:\\\/\\\/www.ghostysky.com\\\/\",\"name\":\"Ghostysky\",\"description\":\"Delivering professional drones and robotics solutions\",\"publisher\":{\"@id\":\"https:\\\/\\\/www.ghostysky.com\\\/#organization\"},\"potentialAction\":[{\"@type\":\"SearchAction\",\"target\":{\"@type\":\"EntryPoint\",\"urlTemplate\":\"https:\\\/\\\/www.ghostysky.com\\\/?s={search_term_string}\"},\"query-input\":{\"@type\":\"PropertyValueSpecification\",\"valueRequired\":true,\"valueName\":\"search_term_string\"}}],\"inLanguage\":\"pt-PT\"},{\"@type\":\"Organization\",\"@id\":\"https:\\\/\\\/www.ghostysky.com\\\/#organization\",\"name\":\"Ghostysky\",\"url\":\"https:\\\/\\\/www.ghostysky.com\\\/\",\"logo\":{\"@type\":\"ImageObject\",\"inLanguage\":\"pt-PT\",\"@id\":\"https:\\\/\\\/www.ghostysky.com\\\/#\\\/schema\\\/logo\\\/image\\\/\",\"url\":\"https:\\\/\\\/www.ghostysky.com\\\/wp-content\\\/uploads\\\/2020\\\/06\\\/cropped-ghostyskylogo_text_white2.png\",\"contentUrl\":\"https:\\\/\\\/www.ghostysky.com\\\/wp-content\\\/uploads\\\/2020\\\/06\\\/cropped-ghostyskylogo_text_white2.png\",\"width\":169,\"height\":56,\"caption\":\"Ghostysky\"},\"image\":{\"@id\":\"https:\\\/\\\/www.ghostysky.com\\\/#\\\/schema\\\/logo\\\/image\\\/\"},\"sameAs\":[\"https:\\\/\\\/www.facebook.com\\\/people\\\/Ghostysky\\\/100057676170234\\\/\",\"https:\\\/\\\/x.com\\\/Gh0stysky\",\"https:\\\/\\\/www.linkedin.com\\\/company\\\/34739653\",\"https:\\\/\\\/www.instagram.com\\\/gh0stysky\"]}]}<\/script>\n<!-- \/ Yoast SEO plugin. -->","yoast_head_json":{"title":"Esta\u00e7\u00e3o m\u00f3vel GNSS de alta precis\u00e3o D-RTK 2 -","description":"Suporta: GPS: L1 C\/A, L2, L5; BEIDOU: B1, B2, B3; GLONASS: F1, F2; Galileo: E1, E5A, E5BConecte v\u00e1rios drones para conduzir opera\u00e7\u00f5es coordenadasProte\u00e7\u00e3o de entrada IP65","robots":{"index":"index","follow":"follow","max-snippet":"max-snippet:-1","max-image-preview":"max-image-preview:large","max-video-preview":"max-video-preview:-1"},"canonical":"https:\/\/www.ghostysky.com\/pt\/produto-2\/d-rtk-2-high-precision-gnss-mobile-station\/","og_locale":"pt_PT","og_type":"article","og_title":"D-RTK 2 High Precision GNSS Mobile Station -","og_description":"Supports: GPS: L1 C\/A, L2, L5; BEIDOU: B1, B2, B3; GLONASS: F1, F2; Galileo: E1, E5A, E5BConnect multiple drones to conduct coordinated operationsIP65 Ingress Protection","og_url":"https:\/\/www.ghostysky.com\/pt\/produto-2\/d-rtk-2-high-precision-gnss-mobile-station\/","og_site_name":"Ghostysky","article_publisher":"https:\/\/www.facebook.com\/people\/Ghostysky\/100057676170234\/","article_modified_time":"2024-05-25T08:40:30+00:00","og_image":[{"width":800,"height":800,"url":"https:\/\/www.ghostysky.com\/wp-content\/uploads\/2023\/03\/dji-d-rtk-2-high-precision-gnss-3.jpg","type":"image\/jpeg"}],"twitter_card":"summary_large_image","twitter_site":"@Gh0stysky","twitter_misc":{"Tempo estimado de leitura":"2 minutos"},"schema":{"@context":"https:\/\/schema.org","@graph":[{"@type":"WebPage","@id":"https:\/\/www.ghostysky.com\/product\/d-rtk-2-high-precision-gnss-mobile-station\/","url":"https:\/\/www.ghostysky.com\/product\/d-rtk-2-high-precision-gnss-mobile-station\/","name":"Esta\u00e7\u00e3o m\u00f3vel GNSS de alta precis\u00e3o D-RTK 2 -","isPartOf":{"@id":"https:\/\/www.ghostysky.com\/#website"},"primaryImageOfPage":{"@id":"https:\/\/www.ghostysky.com\/product\/d-rtk-2-high-precision-gnss-mobile-station\/#primaryimage"},"image":{"@id":"https:\/\/www.ghostysky.com\/product\/d-rtk-2-high-precision-gnss-mobile-station\/#primaryimage"},"thumbnailUrl":"https:\/\/www.ghostysky.com\/wp-content\/uploads\/2023\/03\/dji-d-rtk-2-high-precision-gnss-3.jpg","datePublished":"2023-03-27T16:44:57+00:00","dateModified":"2024-05-25T08:40:30+00:00","description":"Suporta: GPS: L1 C\/A, L2, L5; BEIDOU: B1, B2, B3; GLONASS: F1, F2; Galileo: E1, E5A, E5BConecte v\u00e1rios drones para conduzir opera\u00e7\u00f5es coordenadasProte\u00e7\u00e3o de entrada IP65","breadcrumb":{"@id":"https:\/\/www.ghostysky.com\/product\/d-rtk-2-high-precision-gnss-mobile-station\/#breadcrumb"},"inLanguage":"pt-PT","potentialAction":[{"@type":"ReadAction","target":["https:\/\/www.ghostysky.com\/product\/d-rtk-2-high-precision-gnss-mobile-station\/"]}]},{"@type":"ImageObject","inLanguage":"pt-PT","@id":"https:\/\/www.ghostysky.com\/product\/d-rtk-2-high-precision-gnss-mobile-station\/#primaryimage","url":"https:\/\/www.ghostysky.com\/wp-content\/uploads\/2023\/03\/dji-d-rtk-2-high-precision-gnss-3.jpg","contentUrl":"https:\/\/www.ghostysky.com\/wp-content\/uploads\/2023\/03\/dji-d-rtk-2-high-precision-gnss-3.jpg","width":800,"height":800},{"@type":"BreadcrumbList","@id":"https:\/\/www.ghostysky.com\/product\/d-rtk-2-high-precision-gnss-mobile-station\/#breadcrumb","itemListElement":[{"@type":"ListItem","position":1,"name":"Home","item":"https:\/\/www.ghostysky.com\/"},{"@type":"ListItem","position":2,"name":"Shop","item":"https:\/\/www.ghostysky.com\/shop\/"},{"@type":"ListItem","position":3,"name":"D-RTK 2 High Precision GNSS Mobile Station"}]},{"@type":"WebSite","@id":"https:\/\/www.ghostysky.com\/#website","url":"https:\/\/www.ghostysky.com\/","name":"Ghostysky","description":"Fornecendo solu\u00e7\u00f5es profissionais em drones e rob\u00f3tica.","publisher":{"@id":"https:\/\/www.ghostysky.com\/#organization"},"potentialAction":[{"@type":"SearchAction","target":{"@type":"EntryPoint","urlTemplate":"https:\/\/www.ghostysky.com\/?s={search_term_string}"},"query-input":{"@type":"PropertyValueSpecification","valueRequired":true,"valueName":"search_term_string"}}],"inLanguage":"pt-PT"},{"@type":"Organization","@id":"https:\/\/www.ghostysky.com\/#organization","name":"Ghostysky","url":"https:\/\/www.ghostysky.com\/","logo":{"@type":"ImageObject","inLanguage":"pt-PT","@id":"https:\/\/www.ghostysky.com\/#\/schema\/logo\/image\/","url":"https:\/\/www.ghostysky.com\/wp-content\/uploads\/2020\/06\/cropped-ghostyskylogo_text_white2.png","contentUrl":"https:\/\/www.ghostysky.com\/wp-content\/uploads\/2020\/06\/cropped-ghostyskylogo_text_white2.png","width":169,"height":56,"caption":"Ghostysky"},"image":{"@id":"https:\/\/www.ghostysky.com\/#\/schema\/logo\/image\/"},"sameAs":["https:\/\/www.facebook.com\/people\/Ghostysky\/100057676170234\/","https:\/\/x.com\/Gh0stysky","https:\/\/www.linkedin.com\/company\/34739653","https:\/\/www.instagram.com\/gh0stysky"]}]}},"_links":{"self":[{"href":"https:\/\/www.ghostysky.com\/pt\/wp-json\/wp\/v2\/product\/11295","targetHints":{"allow":["GET"]}}],"collection":[{"href":"https:\/\/www.ghostysky.com\/pt\/wp-json\/wp\/v2\/product"}],"about":[{"href":"https:\/\/www.ghostysky.com\/pt\/wp-json\/wp\/v2\/types\/product"}],"replies":[{"embeddable":true,"href":"https:\/\/www.ghostysky.com\/pt\/wp-json\/wp\/v2\/comments?post=11295"}],"version-history":[{"count":0,"href":"https:\/\/www.ghostysky.com\/pt\/wp-json\/wp\/v2\/product\/11295\/revisions"}],"wp:featuredmedia":[{"embeddable":true,"href":"https:\/\/www.ghostysky.com\/pt\/wp-json\/wp\/v2\/media\/11296"}],"wp:attachment":[{"href":"https:\/\/www.ghostysky.com\/pt\/wp-json\/wp\/v2\/media?parent=11295"}],"wp:term":[{"taxonomy":"product_brand","embeddable":true,"href":"https:\/\/www.ghostysky.com\/pt\/wp-json\/wp\/v2\/product_brand?post=11295"},{"taxonomy":"product_cat","embeddable":true,"href":"https:\/\/www.ghostysky.com\/pt\/wp-json\/wp\/v2\/product_cat?post=11295"},{"taxonomy":"product_tag","embeddable":true,"href":"https:\/\/www.ghostysky.com\/pt\/wp-json\/wp\/v2\/product_tag?post=11295"}],"curies":[{"name":"wp","href":"https:\/\/api.w.org\/{rel}","templated":true}]}}